{"id":153473,"date":"2025-07-09T18:40:28","date_gmt":"2025-07-09T18:40:28","guid":{"rendered":"http:\/\/bidonsenshakers.pim.hidalgo.nl\/product\/draagbare-barbecue\/"},"modified":"2026-04-30T13:30:55","modified_gmt":"2026-04-30T13:30:55","slug":"draagbare-barbecue","status":"publish","type":"product","link":"https:\/\/hidalgo.nl\/de\/product\/153473\/tragbarer-grill-bedrucken-leicht-kompakt-im-rohr-silber\/","title":{"rendered":"Draagbare barbecue"},"content":{"rendered":"<p>Lichtgewicht draagbare barbecue in een buis, eenvoudig weg te stoppen in een rugzak voor een meerdaagse hike of voor een picknick in het park. Alle onderdelen passen in een buis en de barbecue kan zonder gereedschap opgezet worden. Wordt geleverd in een geschenkverpakking met handleiding.<\/p>\n","protected":false},"excerpt":{"rendered":"<p>Lichtgewicht draagbare barbecue in een buis, eenvoudig weg te stoppen in een rugzak voor een meerdaagse hike of voor een picknick in het park. Alle onderdelen passen in een buis en de barbecue kan zonder gereedschap opgezet worden. Wordt geleverd in een geschenkverpakking met handleiding.<\/p>\n","protected":false},"featured_media":153474,"template":"","meta":{"_acf_changed":false,"om_disable_all_campaigns":false,"_monsterinsights_skip_tracking":false,"_monsterinsights_sitenote_active":false,"_monsterinsights_sitenote_note":"","_monsterinsights_sitenote_category":0},"product_brand":[],"product_cat":[4719,4728,4729],"product_tag":[],"class_list":{"0":"post-153473","1":"product","2":"type-product","3":"status-publish","4":"has-post-thumbnail","6":"product_supplier-a53","7":"product_cat-promotionele-artikelen","8":"product_cat-promotionele-artikelen-thuis-keuken-en-tuin","9":"product_cat-tuin","10":"entry","12":"first","13":"instock","14":"taxable","15":"shipping-taxable","16":"purchasable","17":"product-type-variable"},"acf":{"imprint_cost":[{"imprint_cost_key":"40742abd62a2830bb6a2a4d5e36c2289e1bfc2aa","product_quantity_price_range":[{"imprint_cost_recommended_selling_price":"1.7625","imprint_cost_recommended_selling_quantity":"1"},{"imprint_cost_recommended_selling_price":"1.5","imprint_cost_recommended_selling_quantity":"10"},{"imprint_cost_recommended_selling_price":"1.3425","imprint_cost_recommended_selling_quantity":"25"},{"imprint_cost_recommended_selling_price":"1.1625","imprint_cost_recommended_selling_quantity":"50"},{"imprint_cost_recommended_selling_price":"1.0875","imprint_cost_recommended_selling_quantity":"100"},{"imprint_cost_recommended_selling_price":"1.0425","imprint_cost_recommended_selling_quantity":"250"},{"imprint_cost_recommended_selling_price":"1.005","imprint_cost_recommended_selling_quantity":"500"},{"imprint_cost_recommended_selling_price":"0.96","imprint_cost_recommended_selling_quantity":"1000"},{"imprint_cost_recommended_selling_price":"0.915","imprint_cost_recommended_selling_quantity":"2500"},{"imprint_cost_recommended_selling_price":"0.87","imprint_cost_recommended_selling_quantity":"5000"},{"imprint_cost_recommended_selling_price":"0.8175","imprint_cost_recommended_selling_quantity":"10000"}],"product_quantity_price_range_buying":[{"imprint_cost_general_buying_price":"1.175","imprint_cost_general_buying_quantity":"1"},{"imprint_cost_general_buying_price":"1","imprint_cost_general_buying_quantity":"10"},{"imprint_cost_general_buying_price":"0.895","imprint_cost_general_buying_quantity":"25"},{"imprint_cost_general_buying_price":"0.775","imprint_cost_general_buying_quantity":"50"},{"imprint_cost_general_buying_price":"0.725","imprint_cost_general_buying_quantity":"100"},{"imprint_cost_general_buying_price":"0.695","imprint_cost_general_buying_quantity":"250"},{"imprint_cost_general_buying_price":"0.67","imprint_cost_general_buying_quantity":"500"},{"imprint_cost_general_buying_price":"0.64","imprint_cost_general_buying_quantity":"1000"},{"imprint_cost_general_buying_price":"0.61","imprint_cost_general_buying_quantity":"2500"},{"imprint_cost_general_buying_price":"0.58","imprint_cost_general_buying_quantity":"5000"},{"imprint_cost_general_buying_price":"0.545","imprint_cost_general_buying_quantity":"10000"}],"imprint_cost_setup_costs":"54","imprint_cost_handling_costs":"0.12"}]},"aioseo_notices":[],"aioseo_head":"\n\t\t<!-- All in One SEO Pro 4.9.6.2 - aioseo.com -->\n\t<meta name=\"description\" content=\"Leicht, silbern, in der R\u00f6hre verstaut: Du steckst diesen kompakten Outdoor-Grill in den Rucksack und genie\u00dft spontan im Park oder beim Festival. Bei Hidalgo l\u00e4sst du deinen Camping Grill mit Logo bedrucken - ideal voor 20-40-J\u00e4hrige bij Events.\" \/>\n\t<meta name=\"robots\" content=\"max-image-preview:large\" \/>\n\t<link rel=\"canonical\" href=\"https:\/\/hidalgo.nl\/de\/wp-json\/wp\/v2\/product\/153473\" \/>\n\t<meta name=\"generator\" content=\"All in One SEO Pro (AIOSEO) 4.9.6.2\" \/>\n\t\t<meta property=\"og:locale\" content=\"de_DE\" \/>\n\t\t<meta property=\"og:site_name\" content=\"Hidalgo -\" \/>\n\t\t<meta property=\"og:type\" content=\"article\" \/>\n\t\t<meta property=\"og:title\" content=\"Tragbarer Grill bedrucken Leicht Kompakt im Rohr Silber\" \/>\n\t\t<meta property=\"og:description\" content=\"Leicht, silbern, in der R\u00f6hre verstaut: Du steckst diesen kompakten Outdoor-Grill in den Rucksack und genie\u00dft spontan im Park oder beim Festival. Bei Hidalgo l\u00e4sst du deinen Camping Grill mit Logo bedrucken - ideal voor 20-40-J\u00e4hrige bij Events.\" \/>\n\t\t<meta property=\"og:url\" content=\"https:\/\/hidalgo.nl\/de\/wp-json\/wp\/v2\/product\/153473\" \/>\n\t\t<meta property=\"og:image\" content=\"https:\/\/shop.hidalgo.nl\/wp-content\/uploads\/2025\/11\/cropped-Hidalgo-est1993.png\" \/>\n\t\t<meta property=\"og:image:secure_url\" content=\"https:\/\/shop.hidalgo.nl\/wp-content\/uploads\/2025\/11\/cropped-Hidalgo-est1993.png\" \/>\n\t\t<meta property=\"article:published_time\" content=\"2025-07-09T18:40:28+00:00\" \/>\n\t\t<meta property=\"article:modified_time\" content=\"2026-04-30T13:30:55+00:00\" \/>\n\t\t<meta name=\"twitter:card\" content=\"summary_large_image\" \/>\n\t\t<meta name=\"twitter:title\" content=\"Tragbarer Grill bedrucken Leicht Kompakt im Rohr Silber\" \/>\n\t\t<meta name=\"twitter:description\" content=\"Leicht, silbern, in der R\u00f6hre verstaut: Du steckst diesen kompakten Outdoor-Grill in den Rucksack und genie\u00dft spontan im Park oder beim Festival. Bei Hidalgo l\u00e4sst du deinen Camping Grill mit Logo bedrucken - ideal voor 20-40-J\u00e4hrige bij Events.\" \/>\n\t\t<meta name=\"twitter:image\" content=\"https:\/\/shop.hidalgo.nl\/wp-content\/uploads\/2025\/11\/cropped-Hidalgo-est1993.png\" \/>\n\t\t<script type=\"application\/ld+json\" class=\"aioseo-schema\">\n\t\t\t{\"@context\":\"https:\\\/\\\/schema.org\",\"@graph\":[{\"@type\":\"BreadcrumbList\",\"@id\":\"https:\\\/\\\/hidalgo.nl\\\/de\\\/product\\\/153473\\\/tragbarer-grill-bedrucken-leicht-kompakt-im-rohr-silber\\\/#breadcrumblist\",\"itemListElement\":[{\"@type\":\"ListItem\",\"@id\":\"https:\\\/\\\/hidalgo.nl\\\/de\\\/#listItem\",\"position\":1,\"name\":\"Home\",\"item\":\"https:\\\/\\\/hidalgo.nl\\\/de\\\/\",\"nextItem\":{\"@type\":\"ListItem\",\"@id\":\"https:\\\/\\\/hidalgo.nl\\\/example\\\/#listItem\",\"name\":\"example\"}},{\"@type\":\"ListItem\",\"@id\":\"https:\\\/\\\/hidalgo.nl\\\/example\\\/#listItem\",\"position\":2,\"name\":\"example\",\"item\":\"https:\\\/\\\/hidalgo.nl\\\/example\\\/\",\"nextItem\":{\"@type\":\"ListItem\",\"@id\":\"https:\\\/\\\/hidalgo.nl\\\/en\\\/product-supplier\\\/a53\\\/#listItem\",\"name\":\"A53\"},\"previousItem\":{\"@type\":\"ListItem\",\"@id\":\"https:\\\/\\\/hidalgo.nl\\\/de\\\/#listItem\",\"name\":\"Home\"}},{\"@type\":\"ListItem\",\"@id\":\"https:\\\/\\\/hidalgo.nl\\\/en\\\/product-supplier\\\/a53\\\/#listItem\",\"position\":3,\"name\":\"A53\",\"item\":\"https:\\\/\\\/hidalgo.nl\\\/en\\\/product-supplier\\\/a53\\\/\",\"nextItem\":{\"@type\":\"ListItem\",\"@id\":\"https:\\\/\\\/hidalgo.nl\\\/de\\\/product\\\/153473\\\/tragbarer-grill-bedrucken-leicht-kompakt-im-rohr-silber\\\/#listItem\",\"name\":\"Draagbare barbecue\"},\"previousItem\":{\"@type\":\"ListItem\",\"@id\":\"https:\\\/\\\/hidalgo.nl\\\/example\\\/#listItem\",\"name\":\"example\"}},{\"@type\":\"ListItem\",\"@id\":\"https:\\\/\\\/hidalgo.nl\\\/de\\\/product\\\/153473\\\/tragbarer-grill-bedrucken-leicht-kompakt-im-rohr-silber\\\/#listItem\",\"position\":4,\"name\":\"Draagbare barbecue\",\"previousItem\":{\"@type\":\"ListItem\",\"@id\":\"https:\\\/\\\/hidalgo.nl\\\/en\\\/product-supplier\\\/a53\\\/#listItem\",\"name\":\"A53\"}}]},{\"@type\":\"Organization\",\"@id\":\"https:\\\/\\\/hidalgo.nl\\\/de\\\/#organization\",\"name\":\"Hidalgo\",\"url\":\"https:\\\/\\\/hidalgo.nl\\\/de\\\/\",\"logo\":{\"@type\":\"ImageObject\",\"url\":\"https:\\\/\\\/shop.hidalgo.nl\\\/wp-content\\\/uploads\\\/2025\\\/11\\\/cropped-Hidalgo-est1993.png\",\"@id\":\"https:\\\/\\\/hidalgo.nl\\\/de\\\/product\\\/153473\\\/tragbarer-grill-bedrucken-leicht-kompakt-im-rohr-silber\\\/#organizationLogo\",\"width\":585,\"height\":195},\"image\":{\"@id\":\"https:\\\/\\\/hidalgo.nl\\\/de\\\/product\\\/153473\\\/tragbarer-grill-bedrucken-leicht-kompakt-im-rohr-silber\\\/#organizationLogo\"}},{\"@type\":\"ProductGroup\",\"@id\":\"https:\\\/\\\/hidalgo.nl\\\/de\\\/product\\\/153473\\\/tragbarer-grill-bedrucken-leicht-kompakt-im-rohr-silber\\\/#wooCommerceProduct\",\"name\":\"Tragbarer Grill bedrucken Leicht Kompakt im Rohr Silber\",\"url\":\"https:\\\/\\\/hidalgo.nl\\\/de\\\/product\\\/153473\\\/tragbarer-grill-bedrucken-leicht-kompakt-im-rohr-silber\\\/\",\"sku\":\"A53-LT94543\",\"image\":{\"@type\":\"ImageObject\",\"url\":\"https:\\\/\\\/shop.hidalgo.nl\\\/wp-content\\\/uploads\\\/2025\\\/05\\\/df22747d59afa490e57a07fb624e061b6369740d2385094c0151cf44ae1152a3.jpg\",\"@id\":\"https:\\\/\\\/hidalgo.nl\\\/de\\\/product\\\/153473\\\/tragbarer-grill-bedrucken-leicht-kompakt-im-rohr-silber\\\/#productImage\",\"width\":1000,\"height\":1000},\"productGroupID\":153473,\"hasVariant\":[{\"@type\":\"Product\",\"@id\":\"https:\\\/\\\/hidalgo.nl\\\/de\\\/product\\\/153473\\\/tragbarer-grill-bedrucken-leicht-kompakt-im-rohr-silber\\\/#wooCommerceProduct\",\"name\":\"Draagbare barbecue - zilver\",\"url\":\"https:\\\/\\\/hidalgo.nl\\\/de\\\/product\\\/153473\\\/tragbarer-grill-bedrucken-leicht-kompakt-im-rohr-silber\\\/\",\"sku\":\"A53-LT94543-N0005\",\"image\":{\"@type\":\"ImageObject\",\"url\":\"https:\\\/\\\/shop.hidalgo.nl\\\/wp-content\\\/uploads\\\/2025\\\/05\\\/d34c764aa04185a8a2ac8f83451db463cdc263217d93706dd06521fdd6c934e1.jpg\",\"@id\":\"https:\\\/\\\/hidalgo.nl\\\/de\\\/product\\\/153473\\\/tragbarer-grill-bedrucken-leicht-kompakt-im-rohr-silber\\\/#productImage\",\"width\":1000,\"height\":1000},\"offers\":{\"@type\":\"Offer\",\"url\":\"https:\\\/\\\/hidalgo.nl\\\/de\\\/product\\\/153473\\\/tragbarer-grill-bedrucken-leicht-kompakt-im-rohr-silber\\\/#wooCommerceOffer\",\"price\":\"9.615\",\"priceCurrency\":\"EUR\",\"category\":\"Promotionele Artikelen\",\"availability\":\"https:\\\/\\\/schema.org\\\/InStock\",\"priceSpecification\":{\"@type\":\"PriceSpecification\",\"price\":9.615,\"priceCurrency\":\"EUR\",\"valueAddedTaxIncluded\":\"true\"}}}]},{\"@type\":\"WebPage\",\"@id\":\"https:\\\/\\\/hidalgo.nl\\\/de\\\/product\\\/153473\\\/tragbarer-grill-bedrucken-leicht-kompakt-im-rohr-silber\\\/#webpage\",\"url\":\"https:\\\/\\\/hidalgo.nl\\\/de\\\/product\\\/153473\\\/tragbarer-grill-bedrucken-leicht-kompakt-im-rohr-silber\\\/\",\"name\":\"Tragbarer Grill bedrucken Leicht Kompakt im Rohr Silber\",\"description\":\"Leicht, silbern, in der R\\u00f6hre verstaut: Du steckst diesen kompakten Outdoor-Grill in den Rucksack und genie\\u00dft spontan im Park oder beim Festival. Bei Hidalgo l\\u00e4sst du deinen Camping Grill mit Logo bedrucken - ideal voor 20-40-J\\u00e4hrige bij Events.\",\"inLanguage\":\"de-DE\",\"isPartOf\":{\"@id\":\"https:\\\/\\\/hidalgo.nl\\\/de\\\/#website\"},\"breadcrumb\":{\"@id\":\"https:\\\/\\\/hidalgo.nl\\\/de\\\/product\\\/153473\\\/tragbarer-grill-bedrucken-leicht-kompakt-im-rohr-silber\\\/#breadcrumblist\"},\"image\":{\"@type\":\"ImageObject\",\"url\":\"https:\\\/\\\/shop.hidalgo.nl\\\/wp-content\\\/uploads\\\/2025\\\/05\\\/df22747d59afa490e57a07fb624e061b6369740d2385094c0151cf44ae1152a3.jpg\",\"@id\":\"https:\\\/\\\/hidalgo.nl\\\/de\\\/product\\\/153473\\\/tragbarer-grill-bedrucken-leicht-kompakt-im-rohr-silber\\\/#mainImage\",\"width\":1000,\"height\":1000},\"primaryImageOfPage\":{\"@id\":\"https:\\\/\\\/hidalgo.nl\\\/de\\\/product\\\/153473\\\/tragbarer-grill-bedrucken-leicht-kompakt-im-rohr-silber\\\/#mainImage\"},\"datePublished\":\"2025-07-09T18:40:28+00:00\",\"dateModified\":\"2026-04-30T13:30:55+00:00\"},{\"@type\":\"WebSite\",\"@id\":\"https:\\\/\\\/hidalgo.nl\\\/de\\\/#website\",\"url\":\"https:\\\/\\\/hidalgo.nl\\\/de\\\/\",\"name\":\"Hidalgo\",\"inLanguage\":\"de-DE\",\"publisher\":{\"@id\":\"https:\\\/\\\/hidalgo.nl\\\/de\\\/#organization\"}}]}\n\t\t<\/script>\n\t\t<!-- All in One SEO Pro -->\r\n\t\t<title>Tragbarer Grill bedrucken Leicht Kompakt im Rohr Silber<\/title>\n\n","aioseo_head_json":{"title":"Tragbarer Grill bedrucken Leicht Kompakt im Rohr Silber","description":"Leicht, silbern, in der R\u00f6hre verstaut: Du steckst diesen kompakten Outdoor-Grill in den Rucksack und genie\u00dft spontan im Park oder beim Festival. Bei Hidalgo l\u00e4sst du deinen Camping Grill mit Logo bedrucken - ideal voor 20-40-J\u00e4hrige bij Events.","canonical_url":"https:\/\/hidalgo.nl\/de\/wp-json\/wp\/v2\/product\/153473","robots":"max-image-preview:large","keywords":"","webmasterTools":{"miscellaneous":""},"schema":{"@context":"https:\/\/schema.org","@graph":[{"@type":"BreadcrumbList","@id":"https:\/\/hidalgo.nl\/de\/product\/153473\/tragbarer-grill-bedrucken-leicht-kompakt-im-rohr-silber\/#breadcrumblist","itemListElement":[{"@type":"ListItem","@id":"https:\/\/hidalgo.nl\/de\/#listItem","position":1,"name":"Home","item":"https:\/\/hidalgo.nl\/de\/","nextItem":{"@type":"ListItem","@id":"https:\/\/hidalgo.nl\/example\/#listItem","name":"example"}},{"@type":"ListItem","@id":"https:\/\/hidalgo.nl\/example\/#listItem","position":2,"name":"example","item":"https:\/\/hidalgo.nl\/example\/","nextItem":{"@type":"ListItem","@id":"https:\/\/hidalgo.nl\/en\/product-supplier\/a53\/#listItem","name":"A53"},"previousItem":{"@type":"ListItem","@id":"https:\/\/hidalgo.nl\/de\/#listItem","name":"Home"}},{"@type":"ListItem","@id":"https:\/\/hidalgo.nl\/en\/product-supplier\/a53\/#listItem","position":3,"name":"A53","item":"https:\/\/hidalgo.nl\/en\/product-supplier\/a53\/","nextItem":{"@type":"ListItem","@id":"https:\/\/hidalgo.nl\/de\/product\/153473\/tragbarer-grill-bedrucken-leicht-kompakt-im-rohr-silber\/#listItem","name":"Draagbare barbecue"},"previousItem":{"@type":"ListItem","@id":"https:\/\/hidalgo.nl\/example\/#listItem","name":"example"}},{"@type":"ListItem","@id":"https:\/\/hidalgo.nl\/de\/product\/153473\/tragbarer-grill-bedrucken-leicht-kompakt-im-rohr-silber\/#listItem","position":4,"name":"Draagbare barbecue","previousItem":{"@type":"ListItem","@id":"https:\/\/hidalgo.nl\/en\/product-supplier\/a53\/#listItem","name":"A53"}}]},{"@type":"Organization","@id":"https:\/\/hidalgo.nl\/de\/#organization","name":"Hidalgo","url":"https:\/\/hidalgo.nl\/de\/","logo":{"@type":"ImageObject","url":"https:\/\/shop.hidalgo.nl\/wp-content\/uploads\/2025\/11\/cropped-Hidalgo-est1993.png","@id":"https:\/\/hidalgo.nl\/de\/product\/153473\/tragbarer-grill-bedrucken-leicht-kompakt-im-rohr-silber\/#organizationLogo","width":585,"height":195},"image":{"@id":"https:\/\/hidalgo.nl\/de\/product\/153473\/tragbarer-grill-bedrucken-leicht-kompakt-im-rohr-silber\/#organizationLogo"}},{"@type":"ProductGroup","@id":"https:\/\/hidalgo.nl\/de\/product\/153473\/tragbarer-grill-bedrucken-leicht-kompakt-im-rohr-silber\/#wooCommerceProduct","name":"Tragbarer Grill bedrucken Leicht Kompakt im Rohr Silber","url":"https:\/\/hidalgo.nl\/de\/product\/153473\/tragbarer-grill-bedrucken-leicht-kompakt-im-rohr-silber\/","sku":"A53-LT94543","image":{"@type":"ImageObject","url":"https:\/\/shop.hidalgo.nl\/wp-content\/uploads\/2025\/05\/df22747d59afa490e57a07fb624e061b6369740d2385094c0151cf44ae1152a3.jpg","@id":"https:\/\/hidalgo.nl\/de\/product\/153473\/tragbarer-grill-bedrucken-leicht-kompakt-im-rohr-silber\/#productImage","width":1000,"height":1000},"productGroupID":153473,"hasVariant":[{"@type":"Product","@id":"https:\/\/hidalgo.nl\/de\/product\/153473\/tragbarer-grill-bedrucken-leicht-kompakt-im-rohr-silber\/#wooCommerceProduct","name":"Draagbare barbecue - zilver","url":"https:\/\/hidalgo.nl\/de\/product\/153473\/tragbarer-grill-bedrucken-leicht-kompakt-im-rohr-silber\/","sku":"A53-LT94543-N0005","image":{"@type":"ImageObject","url":"https:\/\/shop.hidalgo.nl\/wp-content\/uploads\/2025\/05\/d34c764aa04185a8a2ac8f83451db463cdc263217d93706dd06521fdd6c934e1.jpg","@id":"https:\/\/hidalgo.nl\/de\/product\/153473\/tragbarer-grill-bedrucken-leicht-kompakt-im-rohr-silber\/#productImage","width":1000,"height":1000},"offers":{"@type":"Offer","url":"https:\/\/hidalgo.nl\/de\/product\/153473\/tragbarer-grill-bedrucken-leicht-kompakt-im-rohr-silber\/#wooCommerceOffer","price":"9.615","priceCurrency":"EUR","category":"Promotionele Artikelen","availability":"https:\/\/schema.org\/InStock","priceSpecification":{"@type":"PriceSpecification","price":9.615,"priceCurrency":"EUR","valueAddedTaxIncluded":"true"}}}]},{"@type":"WebPage","@id":"https:\/\/hidalgo.nl\/de\/product\/153473\/tragbarer-grill-bedrucken-leicht-kompakt-im-rohr-silber\/#webpage","url":"https:\/\/hidalgo.nl\/de\/product\/153473\/tragbarer-grill-bedrucken-leicht-kompakt-im-rohr-silber\/","name":"Tragbarer Grill bedrucken Leicht Kompakt im Rohr Silber","description":"Leicht, silbern, in der R\u00f6hre verstaut: Du steckst diesen kompakten Outdoor-Grill in den Rucksack und genie\u00dft spontan im Park oder beim Festival. Bei Hidalgo l\u00e4sst du deinen Camping Grill mit Logo bedrucken - ideal voor 20-40-J\u00e4hrige bij Events.","inLanguage":"de-DE","isPartOf":{"@id":"https:\/\/hidalgo.nl\/de\/#website"},"breadcrumb":{"@id":"https:\/\/hidalgo.nl\/de\/product\/153473\/tragbarer-grill-bedrucken-leicht-kompakt-im-rohr-silber\/#breadcrumblist"},"image":{"@type":"ImageObject","url":"https:\/\/shop.hidalgo.nl\/wp-content\/uploads\/2025\/05\/df22747d59afa490e57a07fb624e061b6369740d2385094c0151cf44ae1152a3.jpg","@id":"https:\/\/hidalgo.nl\/de\/product\/153473\/tragbarer-grill-bedrucken-leicht-kompakt-im-rohr-silber\/#mainImage","width":1000,"height":1000},"primaryImageOfPage":{"@id":"https:\/\/hidalgo.nl\/de\/product\/153473\/tragbarer-grill-bedrucken-leicht-kompakt-im-rohr-silber\/#mainImage"},"datePublished":"2025-07-09T18:40:28+00:00","dateModified":"2026-04-30T13:30:55+00:00"},{"@type":"WebSite","@id":"https:\/\/hidalgo.nl\/de\/#website","url":"https:\/\/hidalgo.nl\/de\/","name":"Hidalgo","inLanguage":"de-DE","publisher":{"@id":"https:\/\/hidalgo.nl\/de\/#organization"}}]},"og:locale":"de_DE","og:site_name":"Hidalgo -","og:type":"article","og:title":"Tragbarer Grill bedrucken Leicht Kompakt im Rohr Silber","og:description":"Leicht, silbern, in der R\u00f6hre verstaut: Du steckst diesen kompakten Outdoor-Grill in den Rucksack und genie\u00dft spontan im Park oder beim Festival. Bei Hidalgo l\u00e4sst du deinen Camping Grill mit Logo bedrucken - ideal voor 20-40-J\u00e4hrige bij Events.","og:url":"https:\/\/hidalgo.nl\/de\/wp-json\/wp\/v2\/product\/153473","og:image":"https:\/\/shop.hidalgo.nl\/wp-content\/uploads\/2025\/11\/cropped-Hidalgo-est1993.png","og:image:secure_url":"https:\/\/shop.hidalgo.nl\/wp-content\/uploads\/2025\/11\/cropped-Hidalgo-est1993.png","article:published_time":"2025-07-09T18:40:28+00:00","article:modified_time":"2026-04-30T13:30:55+00:00","twitter:card":"summary_large_image","twitter:title":"Tragbarer Grill bedrucken Leicht Kompakt im Rohr Silber","twitter:description":"Leicht, silbern, in der R\u00f6hre verstaut: Du steckst diesen kompakten Outdoor-Grill in den Rucksack und genie\u00dft spontan im Park oder beim Festival. Bei Hidalgo l\u00e4sst du deinen Camping Grill mit Logo bedrucken - ideal voor 20-40-J\u00e4hrige bij Events.","twitter:image":"https:\/\/shop.hidalgo.nl\/wp-content\/uploads\/2025\/11\/cropped-Hidalgo-est1993.png"},"aioseo_meta_data":{"post_id":"153473","title":null,"description":null,"keywords":null,"keyphrases":null,"primary_term":null,"canonical_url":null,"og_title":null,"og_description":null,"og_object_type":"default","og_image_type":"default","og_image_url":null,"og_image_width":null,"og_image_height":null,"og_image_custom_url":null,"og_image_custom_fields":null,"og_video":null,"og_custom_url":null,"og_article_section":null,"og_article_tags":null,"twitter_use_og":false,"twitter_card":"default","twitter_image_type":"default","twitter_image_url":null,"twitter_image_custom_url":null,"twitter_image_custom_fields":null,"twitter_title":null,"twitter_description":null,"schema":{"blockGraphs":[],"customGraphs":[],"default":{"data":{"Article":[],"Course":[],"Dataset":[],"FAQPage":[],"Movie":[],"Person":[],"Product":[],"ProductReview":[],"Car":[],"Recipe":[],"Service":[],"SoftwareApplication":[],"WebPage":[]},"graphName":"","isEnabled":true},"graphs":[]},"schema_type":"default","schema_type_options":null,"pillar_content":false,"robots_default":true,"robots_noindex":false,"robots_noarchive":false,"robots_nosnippet":false,"robots_nofollow":false,"robots_noimageindex":false,"robots_noodp":false,"robots_notranslate":false,"robots_max_snippet":null,"robots_max_videopreview":null,"robots_max_imagepreview":"large","priority":null,"frequency":null,"local_seo":null,"seo_analyzer_scan_date":"2026-02-06 15:40:43","breadcrumb_settings":null,"limit_modified_date":false,"reviewed_by":null,"open_ai":null,"ai":null,"created":"2026-01-14 07:02:58","updated":"2026-04-30 14:02:01"},"aioseo_breadcrumb":"<div class=\"aioseo-breadcrumbs\"><span class=\"aioseo-breadcrumb\">\n\t<a href=\"https:\/\/hidalgo.nl\/de\/\" title=\"Home\">Home<\/a>\n<\/span><span class=\"aioseo-breadcrumb-separator\">\u00bb<\/span><span class=\"aioseo-breadcrumb\">\n\t<a href=\"https:\/\/hidalgo.nl\/example\/\" title=\"example\">example<\/a>\n<\/span><span class=\"aioseo-breadcrumb-separator\">\u00bb<\/span><span class=\"aioseo-breadcrumb\">\n\t<a href=\"https:\/\/hidalgo.nl\/en\/product-supplier\/a53\/\" title=\"A53\">A53<\/a>\n<\/span><span class=\"aioseo-breadcrumb-separator\">\u00bb<\/span><span class=\"aioseo-breadcrumb\">\n\tDraagbare barbecue\n<\/span><\/div>","aioseo_breadcrumb_json":[{"label":"Home","link":"https:\/\/hidalgo.nl\/de\/"},{"label":"example","link":"https:\/\/hidalgo.nl\/example\/"},{"label":"A53","link":"https:\/\/hidalgo.nl\/en\/product-supplier\/a53\/"},{"label":"Draagbare barbecue","link":"https:\/\/hidalgo.nl\/de\/product\/153473\/tragbarer-grill-bedrucken-leicht-kompakt-im-rohr-silber\/"}],"_links":{"self":[{"href":"https:\/\/hidalgo.nl\/de\/wp-json\/wp\/v2\/product\/153473","targetHints":{"allow":["GET"]}}],"collection":[{"href":"https:\/\/hidalgo.nl\/de\/wp-json\/wp\/v2\/product"}],"about":[{"href":"https:\/\/hidalgo.nl\/de\/wp-json\/wp\/v2\/types\/product"}],"wp:featuredmedia":[{"embeddable":true,"href":"https:\/\/hidalgo.nl\/de\/wp-json\/wp\/v2\/media\/153474"}],"wp:attachment":[{"href":"https:\/\/hidalgo.nl\/de\/wp-json\/wp\/v2\/media?parent=153473"}],"wp:term":[{"taxonomy":"product_brand","embeddable":true,"href":"https:\/\/hidalgo.nl\/de\/wp-json\/wp\/v2\/product_brand?post=153473"},{"taxonomy":"product_cat","embeddable":true,"href":"https:\/\/hidalgo.nl\/de\/wp-json\/wp\/v2\/product_cat?post=153473"},{"taxonomy":"product_tag","embeddable":true,"href":"https:\/\/hidalgo.nl\/de\/wp-json\/wp\/v2\/product_tag?post=153473"}],"curies":[{"name":"wp","href":"https:\/\/api.w.org\/{rel}","templated":true}]}}