{"id":153292,"date":"2025-07-09T18:32:09","date_gmt":"2025-07-09T18:32:09","guid":{"rendered":"http:\/\/bidonsenshakers.pim.hidalgo.nl\/product\/compact-multigereedschap-in-r-abs-metaal-7-functies\/"},"modified":"2026-04-30T13:06:58","modified_gmt":"2026-04-30T13:06:58","slug":"compact-multigereedschap-in-r-abs-metaal-7-functies","status":"publish","type":"product","link":"https:\/\/hidalgo.nl\/de\/product\/153292\/multitool-bedrucken-7-in-1-cob-leuchte-r-abs-kompakt\/","title":{"rendered":"Compact multigereedschap in R-ABS &amp; metaal 7 functies"},"content":{"rendered":"<p>Klem deze handige, multifunctionele tool in zakformaat aan je tas of riemlus, of gebruik de magneet om hem aan elk stalen oppervlak te bevestigen voor handsfree gebruik van de lamp. Deze tool heeft vijf extra functies: flesopener, moersleutel, COB-lamp, sterpuntschroevendraaier en platte schroevendraaier.<\/p>\n","protected":false},"excerpt":{"rendered":"<p>Klem deze handige, multifunctionele tool in zakformaat aan je tas of riemlus, of gebruik de magneet om hem aan elk stalen oppervlak te bevestigen voor handsfree gebruik van de lamp. Deze tool heeft vijf extra functies: flesopener, moersleutel, COB-lamp, sterpuntschroevendraaier en platte schroevendraaier.<\/p>\n","protected":false},"featured_media":153293,"template":"","meta":{"_acf_changed":false,"om_disable_all_campaigns":false,"_monsterinsights_skip_tracking":false,"_monsterinsights_sitenote_active":false,"_monsterinsights_sitenote_note":"","_monsterinsights_sitenote_category":0},"product_brand":[],"product_cat":[4808,4719],"product_tag":[],"class_list":{"0":"post-153292","1":"product","2":"type-product","3":"status-publish","4":"has-post-thumbnail","6":"product_supplier-a53","7":"product_cat-gereedschap","8":"product_cat-promotionele-artikelen","9":"entry","11":"first","12":"instock","13":"taxable","14":"shipping-taxable","15":"purchasable","16":"product-type-variable"},"acf":{"imprint_cost":[{"imprint_cost_key":"e2a20aa303ca6b1c01b2528e3af288a5613e04b8","product_quantity_price_range":[{"imprint_cost_recommended_selling_price":"1.0725","imprint_cost_recommended_selling_quantity":"1"},{"imprint_cost_recommended_selling_price":"0.885","imprint_cost_recommended_selling_quantity":"10"},{"imprint_cost_recommended_selling_price":"0.7125","imprint_cost_recommended_selling_quantity":"25"},{"imprint_cost_recommended_selling_price":"0.63","imprint_cost_recommended_selling_quantity":"50"},{"imprint_cost_recommended_selling_price":"0.57","imprint_cost_recommended_selling_quantity":"100"},{"imprint_cost_recommended_selling_price":"0.4425","imprint_cost_recommended_selling_quantity":"250"},{"imprint_cost_recommended_selling_price":"0.3975","imprint_cost_recommended_selling_quantity":"500"},{"imprint_cost_recommended_selling_price":"0.36","imprint_cost_recommended_selling_quantity":"1000"},{"imprint_cost_recommended_selling_price":"0.345","imprint_cost_recommended_selling_quantity":"2500"},{"imprint_cost_recommended_selling_price":"0.33","imprint_cost_recommended_selling_quantity":"5000"},{"imprint_cost_recommended_selling_price":"0.315","imprint_cost_recommended_selling_quantity":"10000"}],"product_quantity_price_range_buying":[{"imprint_cost_general_buying_price":"0.715","imprint_cost_general_buying_quantity":"1"},{"imprint_cost_general_buying_price":"0.59","imprint_cost_general_buying_quantity":"10"},{"imprint_cost_general_buying_price":"0.475","imprint_cost_general_buying_quantity":"25"},{"imprint_cost_general_buying_price":"0.42","imprint_cost_general_buying_quantity":"50"},{"imprint_cost_general_buying_price":"0.38","imprint_cost_general_buying_quantity":"100"},{"imprint_cost_general_buying_price":"0.295","imprint_cost_general_buying_quantity":"250"},{"imprint_cost_general_buying_price":"0.265","imprint_cost_general_buying_quantity":"500"},{"imprint_cost_general_buying_price":"0.24","imprint_cost_general_buying_quantity":"1000"},{"imprint_cost_general_buying_price":"0.23","imprint_cost_general_buying_quantity":"2500"},{"imprint_cost_general_buying_price":"0.22","imprint_cost_general_buying_quantity":"5000"},{"imprint_cost_general_buying_price":"0.21","imprint_cost_general_buying_quantity":"10000"}],"imprint_cost_setup_costs":"54","imprint_cost_handling_costs":"0.06"},{"imprint_cost_key":"cd14c3c5c472ff8dd01b360961f3703f91772eb2","product_quantity_price_range":[{"imprint_cost_recommended_selling_price":"0.885","imprint_cost_recommended_selling_quantity":"1"},{"imprint_cost_recommended_selling_price":"0.7575","imprint_cost_recommended_selling_quantity":"10"},{"imprint_cost_recommended_selling_price":"0.5175","imprint_cost_recommended_selling_quantity":"25"},{"imprint_cost_recommended_selling_price":"0.4425","imprint_cost_recommended_selling_quantity":"50"},{"imprint_cost_recommended_selling_price":"0.3975","imprint_cost_recommended_selling_quantity":"100"},{"imprint_cost_recommended_selling_price":"0.315","imprint_cost_recommended_selling_quantity":"250"},{"imprint_cost_recommended_selling_price":"0.255","imprint_cost_recommended_selling_quantity":"500"},{"imprint_cost_recommended_selling_price":"0.1575","imprint_cost_recommended_selling_quantity":"1000"},{"imprint_cost_recommended_selling_price":"0.1425","imprint_cost_recommended_selling_quantity":"2500"},{"imprint_cost_recommended_selling_price":"0.1275","imprint_cost_recommended_selling_quantity":"5000"},{"imprint_cost_recommended_selling_price":"0.1125","imprint_cost_recommended_selling_quantity":"10000"}],"product_quantity_price_range_buying":[{"imprint_cost_general_buying_price":"0.59","imprint_cost_general_buying_quantity":"1"},{"imprint_cost_general_buying_price":"0.505","imprint_cost_general_buying_quantity":"10"},{"imprint_cost_general_buying_price":"0.345","imprint_cost_general_buying_quantity":"25"},{"imprint_cost_general_buying_price":"0.295","imprint_cost_general_buying_quantity":"50"},{"imprint_cost_general_buying_price":"0.265","imprint_cost_general_buying_quantity":"100"},{"imprint_cost_general_buying_price":"0.21","imprint_cost_general_buying_quantity":"250"},{"imprint_cost_general_buying_price":"0.17","imprint_cost_general_buying_quantity":"500"},{"imprint_cost_general_buying_price":"0.105","imprint_cost_general_buying_quantity":"1000"},{"imprint_cost_general_buying_price":"0.095","imprint_cost_general_buying_quantity":"2500"},{"imprint_cost_general_buying_price":"0.085","imprint_cost_general_buying_quantity":"5000"},{"imprint_cost_general_buying_price":"0.075","imprint_cost_general_buying_quantity":"10000"}],"imprint_cost_setup_costs":"54","imprint_cost_handling_costs":"0.06"}]},"aioseo_notices":[],"aioseo_head":"\n\t\t<!-- All in One SEO Pro 4.9.6.2 - aioseo.com -->\n\t<meta name=\"description\" content=\"Setze dieses kompakte 7-in-1 Werkzeug als Multitool Werbeartikel ein: COB-Licht, Magnet &amp; Clip f\u00fcr freih\u00e4ndiges Arbeiten, ideal f\u00fcr Events, Messen und unterwegs. Bei Hidalgo kannst du dein Multifunktionswerkzeug bedrucken; Logo pr\u00e4zise auf recyceltem R-ABS, flexible Mengen &amp; schnelle Lieferung.\" \/>\n\t<meta name=\"robots\" content=\"max-image-preview:large\" \/>\n\t<link rel=\"canonical\" href=\"https:\/\/hidalgo.nl\/de\/wp-json\/wp\/v2\/product\/153292\" \/>\n\t<meta name=\"generator\" content=\"All in One SEO Pro (AIOSEO) 4.9.6.2\" \/>\n\t\t<meta property=\"og:locale\" content=\"de_DE\" \/>\n\t\t<meta property=\"og:site_name\" content=\"Hidalgo -\" \/>\n\t\t<meta property=\"og:type\" content=\"article\" \/>\n\t\t<meta property=\"og:title\" content=\"Multitool bedrucken 7-in-1 COB-Leuchte R-ABS Kompakt\" \/>\n\t\t<meta property=\"og:description\" content=\"Setze dieses kompakte 7-in-1 Werkzeug als Multitool Werbeartikel ein: COB-Licht, Magnet &amp; Clip f\u00fcr freih\u00e4ndiges Arbeiten, ideal f\u00fcr Events, Messen und unterwegs. Bei Hidalgo kannst du dein Multifunktionswerkzeug bedrucken; Logo pr\u00e4zise auf recyceltem R-ABS, flexible Mengen &amp; schnelle Lieferung.\" \/>\n\t\t<meta property=\"og:url\" content=\"https:\/\/hidalgo.nl\/de\/wp-json\/wp\/v2\/product\/153292\" \/>\n\t\t<meta property=\"og:image\" content=\"https:\/\/shop.hidalgo.nl\/wp-content\/uploads\/2025\/11\/cropped-Hidalgo-est1993.png\" \/>\n\t\t<meta property=\"og:image:secure_url\" content=\"https:\/\/shop.hidalgo.nl\/wp-content\/uploads\/2025\/11\/cropped-Hidalgo-est1993.png\" \/>\n\t\t<meta property=\"article:published_time\" content=\"2025-07-09T18:32:09+00:00\" \/>\n\t\t<meta property=\"article:modified_time\" content=\"2026-04-30T13:06:58+00:00\" \/>\n\t\t<meta name=\"twitter:card\" content=\"summary_large_image\" \/>\n\t\t<meta name=\"twitter:title\" content=\"Multitool bedrucken 7-in-1 COB-Leuchte R-ABS Kompakt\" \/>\n\t\t<meta name=\"twitter:description\" content=\"Setze dieses kompakte 7-in-1 Werkzeug als Multitool Werbeartikel ein: COB-Licht, Magnet &amp; Clip f\u00fcr freih\u00e4ndiges Arbeiten, ideal f\u00fcr Events, Messen und unterwegs. Bei Hidalgo kannst du dein Multifunktionswerkzeug bedrucken; Logo pr\u00e4zise auf recyceltem R-ABS, flexible Mengen &amp; schnelle Lieferung.\" \/>\n\t\t<meta name=\"twitter:image\" content=\"https:\/\/shop.hidalgo.nl\/wp-content\/uploads\/2025\/11\/cropped-Hidalgo-est1993.png\" \/>\n\t\t<script type=\"application\/ld+json\" class=\"aioseo-schema\">\n\t\t\t{\"@context\":\"https:\\\/\\\/schema.org\",\"@graph\":[{\"@type\":\"BreadcrumbList\",\"@id\":\"https:\\\/\\\/hidalgo.nl\\\/de\\\/product\\\/153292\\\/multitool-bedrucken-7-in-1-cob-leuchte-r-abs-kompakt\\\/#breadcrumblist\",\"itemListElement\":[{\"@type\":\"ListItem\",\"@id\":\"https:\\\/\\\/hidalgo.nl\\\/de\\\/#listItem\",\"position\":1,\"name\":\"Home\",\"item\":\"https:\\\/\\\/hidalgo.nl\\\/de\\\/\",\"nextItem\":{\"@type\":\"ListItem\",\"@id\":\"https:\\\/\\\/hidalgo.nl\\\/example\\\/#listItem\",\"name\":\"example\"}},{\"@type\":\"ListItem\",\"@id\":\"https:\\\/\\\/hidalgo.nl\\\/example\\\/#listItem\",\"position\":2,\"name\":\"example\",\"item\":\"https:\\\/\\\/hidalgo.nl\\\/example\\\/\",\"nextItem\":{\"@type\":\"ListItem\",\"@id\":\"https:\\\/\\\/hidalgo.nl\\\/en\\\/product-supplier\\\/a53\\\/#listItem\",\"name\":\"A53\"},\"previousItem\":{\"@type\":\"ListItem\",\"@id\":\"https:\\\/\\\/hidalgo.nl\\\/de\\\/#listItem\",\"name\":\"Home\"}},{\"@type\":\"ListItem\",\"@id\":\"https:\\\/\\\/hidalgo.nl\\\/en\\\/product-supplier\\\/a53\\\/#listItem\",\"position\":3,\"name\":\"A53\",\"item\":\"https:\\\/\\\/hidalgo.nl\\\/en\\\/product-supplier\\\/a53\\\/\",\"nextItem\":{\"@type\":\"ListItem\",\"@id\":\"https:\\\/\\\/hidalgo.nl\\\/de\\\/product\\\/153292\\\/multitool-bedrucken-7-in-1-cob-leuchte-r-abs-kompakt\\\/#listItem\",\"name\":\"Compact multigereedschap in R-ABS &amp; metaal 7 functies\"},\"previousItem\":{\"@type\":\"ListItem\",\"@id\":\"https:\\\/\\\/hidalgo.nl\\\/example\\\/#listItem\",\"name\":\"example\"}},{\"@type\":\"ListItem\",\"@id\":\"https:\\\/\\\/hidalgo.nl\\\/de\\\/product\\\/153292\\\/multitool-bedrucken-7-in-1-cob-leuchte-r-abs-kompakt\\\/#listItem\",\"position\":4,\"name\":\"Compact multigereedschap in R-ABS &amp; metaal 7 functies\",\"previousItem\":{\"@type\":\"ListItem\",\"@id\":\"https:\\\/\\\/hidalgo.nl\\\/en\\\/product-supplier\\\/a53\\\/#listItem\",\"name\":\"A53\"}}]},{\"@type\":\"Organization\",\"@id\":\"https:\\\/\\\/hidalgo.nl\\\/de\\\/#organization\",\"name\":\"Hidalgo\",\"url\":\"https:\\\/\\\/hidalgo.nl\\\/de\\\/\",\"logo\":{\"@type\":\"ImageObject\",\"url\":\"https:\\\/\\\/shop.hidalgo.nl\\\/wp-content\\\/uploads\\\/2025\\\/11\\\/cropped-Hidalgo-est1993.png\",\"@id\":\"https:\\\/\\\/hidalgo.nl\\\/de\\\/product\\\/153292\\\/multitool-bedrucken-7-in-1-cob-leuchte-r-abs-kompakt\\\/#organizationLogo\",\"width\":585,\"height\":195},\"image\":{\"@id\":\"https:\\\/\\\/hidalgo.nl\\\/de\\\/product\\\/153292\\\/multitool-bedrucken-7-in-1-cob-leuchte-r-abs-kompakt\\\/#organizationLogo\"}},{\"@type\":\"ProductGroup\",\"@id\":\"https:\\\/\\\/hidalgo.nl\\\/de\\\/product\\\/153292\\\/multitool-bedrucken-7-in-1-cob-leuchte-r-abs-kompakt\\\/#wooCommerceProduct\",\"name\":\"Multitool bedrucken 7-in-1 COB-Leuchte R-ABS Kompakt\",\"url\":\"https:\\\/\\\/hidalgo.nl\\\/de\\\/product\\\/153292\\\/multitool-bedrucken-7-in-1-cob-leuchte-r-abs-kompakt\\\/\",\"sku\":\"A53-LT93413\",\"image\":{\"@type\":\"ImageObject\",\"url\":\"https:\\\/\\\/shop.hidalgo.nl\\\/wp-content\\\/uploads\\\/2025\\\/05\\\/b5d23ec549f1baf06cf9f3e5d768630308a00b973e7763ba49bd8c107538d46a.jpg\",\"@id\":\"https:\\\/\\\/hidalgo.nl\\\/de\\\/product\\\/153292\\\/multitool-bedrucken-7-in-1-cob-leuchte-r-abs-kompakt\\\/#productImage\",\"width\":1000,\"height\":1000},\"productGroupID\":153292,\"hasVariant\":[{\"@type\":\"Product\",\"@id\":\"https:\\\/\\\/hidalgo.nl\\\/de\\\/product\\\/153292\\\/multitool-bedrucken-7-in-1-cob-leuchte-r-abs-kompakt\\\/#wooCommerceProduct\",\"name\":\"Compact multigereedschap in R-ABS &amp; metaal 7 functies - zwart\",\"url\":\"https:\\\/\\\/hidalgo.nl\\\/de\\\/product\\\/153292\\\/multitool-bedrucken-7-in-1-cob-leuchte-r-abs-kompakt\\\/\",\"sku\":\"A53-LT93413-N0002\",\"image\":{\"@type\":\"ImageObject\",\"url\":\"https:\\\/\\\/shop.hidalgo.nl\\\/wp-content\\\/uploads\\\/2025\\\/05\\\/c63971cab9c5510567948708d5a31975ff5993f89935a6850fa3fd103c8e002f.jpg\",\"@id\":\"https:\\\/\\\/hidalgo.nl\\\/de\\\/product\\\/153292\\\/multitool-bedrucken-7-in-1-cob-leuchte-r-abs-kompakt\\\/#productImage\",\"width\":1000,\"height\":1000},\"offers\":{\"@type\":\"Offer\",\"url\":\"https:\\\/\\\/hidalgo.nl\\\/de\\\/product\\\/153292\\\/multitool-bedrucken-7-in-1-cob-leuchte-r-abs-kompakt\\\/#wooCommerceOffer\",\"price\":\"3.96\",\"priceCurrency\":\"EUR\",\"category\":\"Promotionele Artikelen\",\"availability\":\"https:\\\/\\\/schema.org\\\/InStock\",\"priceSpecification\":{\"@type\":\"PriceSpecification\",\"price\":3.96,\"priceCurrency\":\"EUR\",\"valueAddedTaxIncluded\":\"true\"}}}]},{\"@type\":\"WebPage\",\"@id\":\"https:\\\/\\\/hidalgo.nl\\\/de\\\/product\\\/153292\\\/multitool-bedrucken-7-in-1-cob-leuchte-r-abs-kompakt\\\/#webpage\",\"url\":\"https:\\\/\\\/hidalgo.nl\\\/de\\\/product\\\/153292\\\/multitool-bedrucken-7-in-1-cob-leuchte-r-abs-kompakt\\\/\",\"name\":\"Multitool bedrucken 7-in-1 COB-Leuchte R-ABS Kompakt\",\"description\":\"Setze dieses kompakte 7-in-1 Werkzeug als Multitool Werbeartikel ein: COB-Licht, Magnet & Clip f\\u00fcr freih\\u00e4ndiges Arbeiten, ideal f\\u00fcr Events, Messen und unterwegs. Bei Hidalgo kannst du dein Multifunktionswerkzeug bedrucken; Logo pr\\u00e4zise auf recyceltem R-ABS, flexible Mengen & schnelle Lieferung.\",\"inLanguage\":\"de-DE\",\"isPartOf\":{\"@id\":\"https:\\\/\\\/hidalgo.nl\\\/de\\\/#website\"},\"breadcrumb\":{\"@id\":\"https:\\\/\\\/hidalgo.nl\\\/de\\\/product\\\/153292\\\/multitool-bedrucken-7-in-1-cob-leuchte-r-abs-kompakt\\\/#breadcrumblist\"},\"image\":{\"@type\":\"ImageObject\",\"url\":\"https:\\\/\\\/shop.hidalgo.nl\\\/wp-content\\\/uploads\\\/2025\\\/05\\\/b5d23ec549f1baf06cf9f3e5d768630308a00b973e7763ba49bd8c107538d46a.jpg\",\"@id\":\"https:\\\/\\\/hidalgo.nl\\\/de\\\/product\\\/153292\\\/multitool-bedrucken-7-in-1-cob-leuchte-r-abs-kompakt\\\/#mainImage\",\"width\":1000,\"height\":1000},\"primaryImageOfPage\":{\"@id\":\"https:\\\/\\\/hidalgo.nl\\\/de\\\/product\\\/153292\\\/multitool-bedrucken-7-in-1-cob-leuchte-r-abs-kompakt\\\/#mainImage\"},\"datePublished\":\"2025-07-09T18:32:09+00:00\",\"dateModified\":\"2026-04-30T13:06:58+00:00\"},{\"@type\":\"WebSite\",\"@id\":\"https:\\\/\\\/hidalgo.nl\\\/de\\\/#website\",\"url\":\"https:\\\/\\\/hidalgo.nl\\\/de\\\/\",\"name\":\"Hidalgo\",\"inLanguage\":\"de-DE\",\"publisher\":{\"@id\":\"https:\\\/\\\/hidalgo.nl\\\/de\\\/#organization\"}}]}\n\t\t<\/script>\n\t\t<!-- All in One SEO Pro -->\r\n\t\t<title>Multitool bedrucken 7-in-1 COB-Leuchte R-ABS Kompakt<\/title>\n\n","aioseo_head_json":{"title":"Multitool bedrucken 7-in-1 COB-Leuchte R-ABS Kompakt","description":"Setze dieses kompakte 7-in-1 Werkzeug als Multitool Werbeartikel ein: COB-Licht, Magnet & Clip f\u00fcr freih\u00e4ndiges Arbeiten, ideal f\u00fcr Events, Messen und unterwegs. Bei Hidalgo kannst du dein Multifunktionswerkzeug bedrucken; Logo pr\u00e4zise auf recyceltem R-ABS, flexible Mengen & schnelle Lieferung.","canonical_url":"https:\/\/hidalgo.nl\/de\/wp-json\/wp\/v2\/product\/153292","robots":"max-image-preview:large","keywords":"","webmasterTools":{"miscellaneous":""},"schema":{"@context":"https:\/\/schema.org","@graph":[{"@type":"BreadcrumbList","@id":"https:\/\/hidalgo.nl\/de\/product\/153292\/multitool-bedrucken-7-in-1-cob-leuchte-r-abs-kompakt\/#breadcrumblist","itemListElement":[{"@type":"ListItem","@id":"https:\/\/hidalgo.nl\/de\/#listItem","position":1,"name":"Home","item":"https:\/\/hidalgo.nl\/de\/","nextItem":{"@type":"ListItem","@id":"https:\/\/hidalgo.nl\/example\/#listItem","name":"example"}},{"@type":"ListItem","@id":"https:\/\/hidalgo.nl\/example\/#listItem","position":2,"name":"example","item":"https:\/\/hidalgo.nl\/example\/","nextItem":{"@type":"ListItem","@id":"https:\/\/hidalgo.nl\/en\/product-supplier\/a53\/#listItem","name":"A53"},"previousItem":{"@type":"ListItem","@id":"https:\/\/hidalgo.nl\/de\/#listItem","name":"Home"}},{"@type":"ListItem","@id":"https:\/\/hidalgo.nl\/en\/product-supplier\/a53\/#listItem","position":3,"name":"A53","item":"https:\/\/hidalgo.nl\/en\/product-supplier\/a53\/","nextItem":{"@type":"ListItem","@id":"https:\/\/hidalgo.nl\/de\/product\/153292\/multitool-bedrucken-7-in-1-cob-leuchte-r-abs-kompakt\/#listItem","name":"Compact multigereedschap in R-ABS &amp; metaal 7 functies"},"previousItem":{"@type":"ListItem","@id":"https:\/\/hidalgo.nl\/example\/#listItem","name":"example"}},{"@type":"ListItem","@id":"https:\/\/hidalgo.nl\/de\/product\/153292\/multitool-bedrucken-7-in-1-cob-leuchte-r-abs-kompakt\/#listItem","position":4,"name":"Compact multigereedschap in R-ABS &amp; metaal 7 functies","previousItem":{"@type":"ListItem","@id":"https:\/\/hidalgo.nl\/en\/product-supplier\/a53\/#listItem","name":"A53"}}]},{"@type":"Organization","@id":"https:\/\/hidalgo.nl\/de\/#organization","name":"Hidalgo","url":"https:\/\/hidalgo.nl\/de\/","logo":{"@type":"ImageObject","url":"https:\/\/shop.hidalgo.nl\/wp-content\/uploads\/2025\/11\/cropped-Hidalgo-est1993.png","@id":"https:\/\/hidalgo.nl\/de\/product\/153292\/multitool-bedrucken-7-in-1-cob-leuchte-r-abs-kompakt\/#organizationLogo","width":585,"height":195},"image":{"@id":"https:\/\/hidalgo.nl\/de\/product\/153292\/multitool-bedrucken-7-in-1-cob-leuchte-r-abs-kompakt\/#organizationLogo"}},{"@type":"ProductGroup","@id":"https:\/\/hidalgo.nl\/de\/product\/153292\/multitool-bedrucken-7-in-1-cob-leuchte-r-abs-kompakt\/#wooCommerceProduct","name":"Multitool bedrucken 7-in-1 COB-Leuchte R-ABS Kompakt","url":"https:\/\/hidalgo.nl\/de\/product\/153292\/multitool-bedrucken-7-in-1-cob-leuchte-r-abs-kompakt\/","sku":"A53-LT93413","image":{"@type":"ImageObject","url":"https:\/\/shop.hidalgo.nl\/wp-content\/uploads\/2025\/05\/b5d23ec549f1baf06cf9f3e5d768630308a00b973e7763ba49bd8c107538d46a.jpg","@id":"https:\/\/hidalgo.nl\/de\/product\/153292\/multitool-bedrucken-7-in-1-cob-leuchte-r-abs-kompakt\/#productImage","width":1000,"height":1000},"productGroupID":153292,"hasVariant":[{"@type":"Product","@id":"https:\/\/hidalgo.nl\/de\/product\/153292\/multitool-bedrucken-7-in-1-cob-leuchte-r-abs-kompakt\/#wooCommerceProduct","name":"Compact multigereedschap in R-ABS &amp; metaal 7 functies - zwart","url":"https:\/\/hidalgo.nl\/de\/product\/153292\/multitool-bedrucken-7-in-1-cob-leuchte-r-abs-kompakt\/","sku":"A53-LT93413-N0002","image":{"@type":"ImageObject","url":"https:\/\/shop.hidalgo.nl\/wp-content\/uploads\/2025\/05\/c63971cab9c5510567948708d5a31975ff5993f89935a6850fa3fd103c8e002f.jpg","@id":"https:\/\/hidalgo.nl\/de\/product\/153292\/multitool-bedrucken-7-in-1-cob-leuchte-r-abs-kompakt\/#productImage","width":1000,"height":1000},"offers":{"@type":"Offer","url":"https:\/\/hidalgo.nl\/de\/product\/153292\/multitool-bedrucken-7-in-1-cob-leuchte-r-abs-kompakt\/#wooCommerceOffer","price":"3.96","priceCurrency":"EUR","category":"Promotionele Artikelen","availability":"https:\/\/schema.org\/InStock","priceSpecification":{"@type":"PriceSpecification","price":3.96,"priceCurrency":"EUR","valueAddedTaxIncluded":"true"}}}]},{"@type":"WebPage","@id":"https:\/\/hidalgo.nl\/de\/product\/153292\/multitool-bedrucken-7-in-1-cob-leuchte-r-abs-kompakt\/#webpage","url":"https:\/\/hidalgo.nl\/de\/product\/153292\/multitool-bedrucken-7-in-1-cob-leuchte-r-abs-kompakt\/","name":"Multitool bedrucken 7-in-1 COB-Leuchte R-ABS Kompakt","description":"Setze dieses kompakte 7-in-1 Werkzeug als Multitool Werbeartikel ein: COB-Licht, Magnet & Clip f\u00fcr freih\u00e4ndiges Arbeiten, ideal f\u00fcr Events, Messen und unterwegs. Bei Hidalgo kannst du dein Multifunktionswerkzeug bedrucken; Logo pr\u00e4zise auf recyceltem R-ABS, flexible Mengen & schnelle Lieferung.","inLanguage":"de-DE","isPartOf":{"@id":"https:\/\/hidalgo.nl\/de\/#website"},"breadcrumb":{"@id":"https:\/\/hidalgo.nl\/de\/product\/153292\/multitool-bedrucken-7-in-1-cob-leuchte-r-abs-kompakt\/#breadcrumblist"},"image":{"@type":"ImageObject","url":"https:\/\/shop.hidalgo.nl\/wp-content\/uploads\/2025\/05\/b5d23ec549f1baf06cf9f3e5d768630308a00b973e7763ba49bd8c107538d46a.jpg","@id":"https:\/\/hidalgo.nl\/de\/product\/153292\/multitool-bedrucken-7-in-1-cob-leuchte-r-abs-kompakt\/#mainImage","width":1000,"height":1000},"primaryImageOfPage":{"@id":"https:\/\/hidalgo.nl\/de\/product\/153292\/multitool-bedrucken-7-in-1-cob-leuchte-r-abs-kompakt\/#mainImage"},"datePublished":"2025-07-09T18:32:09+00:00","dateModified":"2026-04-30T13:06:58+00:00"},{"@type":"WebSite","@id":"https:\/\/hidalgo.nl\/de\/#website","url":"https:\/\/hidalgo.nl\/de\/","name":"Hidalgo","inLanguage":"de-DE","publisher":{"@id":"https:\/\/hidalgo.nl\/de\/#organization"}}]},"og:locale":"de_DE","og:site_name":"Hidalgo -","og:type":"article","og:title":"Multitool bedrucken 7-in-1 COB-Leuchte R-ABS Kompakt","og:description":"Setze dieses kompakte 7-in-1 Werkzeug als Multitool Werbeartikel ein: COB-Licht, Magnet &amp; Clip f\u00fcr freih\u00e4ndiges Arbeiten, ideal f\u00fcr Events, Messen und unterwegs. Bei Hidalgo kannst du dein Multifunktionswerkzeug bedrucken; Logo pr\u00e4zise auf recyceltem R-ABS, flexible Mengen &amp; schnelle Lieferung.","og:url":"https:\/\/hidalgo.nl\/de\/wp-json\/wp\/v2\/product\/153292","og:image":"https:\/\/shop.hidalgo.nl\/wp-content\/uploads\/2025\/11\/cropped-Hidalgo-est1993.png","og:image:secure_url":"https:\/\/shop.hidalgo.nl\/wp-content\/uploads\/2025\/11\/cropped-Hidalgo-est1993.png","article:published_time":"2025-07-09T18:32:09+00:00","article:modified_time":"2026-04-30T13:06:58+00:00","twitter:card":"summary_large_image","twitter:title":"Multitool bedrucken 7-in-1 COB-Leuchte R-ABS Kompakt","twitter:description":"Setze dieses kompakte 7-in-1 Werkzeug als Multitool Werbeartikel ein: COB-Licht, Magnet &amp; Clip f\u00fcr freih\u00e4ndiges Arbeiten, ideal f\u00fcr Events, Messen und unterwegs. Bei Hidalgo kannst du dein Multifunktionswerkzeug bedrucken; Logo pr\u00e4zise auf recyceltem R-ABS, flexible Mengen &amp; schnelle Lieferung.","twitter:image":"https:\/\/shop.hidalgo.nl\/wp-content\/uploads\/2025\/11\/cropped-Hidalgo-est1993.png"},"aioseo_meta_data":{"post_id":"153292","title":null,"description":null,"keywords":null,"keyphrases":null,"primary_term":null,"canonical_url":null,"og_title":null,"og_description":null,"og_object_type":"default","og_image_type":"default","og_image_url":null,"og_image_width":null,"og_image_height":null,"og_image_custom_url":null,"og_image_custom_fields":null,"og_video":null,"og_custom_url":null,"og_article_section":null,"og_article_tags":null,"twitter_use_og":false,"twitter_card":"default","twitter_image_type":"default","twitter_image_url":null,"twitter_image_custom_url":null,"twitter_image_custom_fields":null,"twitter_title":null,"twitter_description":null,"schema":{"blockGraphs":[],"customGraphs":[],"default":{"data":{"Article":[],"Course":[],"Dataset":[],"FAQPage":[],"Movie":[],"Person":[],"Product":[],"ProductReview":[],"Car":[],"Recipe":[],"Service":[],"SoftwareApplication":[],"WebPage":[]},"graphName":"","isEnabled":true},"graphs":[]},"schema_type":"default","schema_type_options":null,"pillar_content":false,"robots_default":true,"robots_noindex":false,"robots_noarchive":false,"robots_nosnippet":false,"robots_nofollow":false,"robots_noimageindex":false,"robots_noodp":false,"robots_notranslate":false,"robots_max_snippet":null,"robots_max_videopreview":null,"robots_max_imagepreview":"large","priority":null,"frequency":null,"local_seo":null,"seo_analyzer_scan_date":"2026-02-06 13:04:57","breadcrumb_settings":null,"limit_modified_date":false,"reviewed_by":null,"open_ai":null,"ai":null,"created":"2026-01-14 07:02:58","updated":"2026-04-30 14:02:01"},"aioseo_breadcrumb":"<div class=\"aioseo-breadcrumbs\"><span class=\"aioseo-breadcrumb\">\n\t<a href=\"https:\/\/hidalgo.nl\/de\/\" title=\"Home\">Home<\/a>\n<\/span><span class=\"aioseo-breadcrumb-separator\">\u00bb<\/span><span class=\"aioseo-breadcrumb\">\n\t<a href=\"https:\/\/hidalgo.nl\/example\/\" title=\"example\">example<\/a>\n<\/span><span class=\"aioseo-breadcrumb-separator\">\u00bb<\/span><span class=\"aioseo-breadcrumb\">\n\t<a href=\"https:\/\/hidalgo.nl\/en\/product-supplier\/a53\/\" title=\"A53\">A53<\/a>\n<\/span><span class=\"aioseo-breadcrumb-separator\">\u00bb<\/span><span class=\"aioseo-breadcrumb\">\n\tCompact multigereedschap in R-ABS &amp; metaal 7 functies\n<\/span><\/div>","aioseo_breadcrumb_json":[{"label":"Home","link":"https:\/\/hidalgo.nl\/de\/"},{"label":"example","link":"https:\/\/hidalgo.nl\/example\/"},{"label":"A53","link":"https:\/\/hidalgo.nl\/en\/product-supplier\/a53\/"},{"label":"Compact multigereedschap in R-ABS &amp; metaal 7 functies","link":"https:\/\/hidalgo.nl\/de\/product\/153292\/multitool-bedrucken-7-in-1-cob-leuchte-r-abs-kompakt\/"}],"_links":{"self":[{"href":"https:\/\/hidalgo.nl\/de\/wp-json\/wp\/v2\/product\/153292","targetHints":{"allow":["GET"]}}],"collection":[{"href":"https:\/\/hidalgo.nl\/de\/wp-json\/wp\/v2\/product"}],"about":[{"href":"https:\/\/hidalgo.nl\/de\/wp-json\/wp\/v2\/types\/product"}],"wp:featuredmedia":[{"embeddable":true,"href":"https:\/\/hidalgo.nl\/de\/wp-json\/wp\/v2\/media\/153293"}],"wp:attachment":[{"href":"https:\/\/hidalgo.nl\/de\/wp-json\/wp\/v2\/media?parent=153292"}],"wp:term":[{"taxonomy":"product_brand","embeddable":true,"href":"https:\/\/hidalgo.nl\/de\/wp-json\/wp\/v2\/product_brand?post=153292"},{"taxonomy":"product_cat","embeddable":true,"href":"https:\/\/hidalgo.nl\/de\/wp-json\/wp\/v2\/product_cat?post=153292"},{"taxonomy":"product_tag","embeddable":true,"href":"https:\/\/hidalgo.nl\/de\/wp-json\/wp\/v2\/product_tag?post=153292"}],"curies":[{"name":"wp","href":"https:\/\/api.w.org\/{rel}","templated":true}]}}