{"id":152713,"date":"2025-07-09T18:09:36","date_gmt":"2025-07-09T18:09:36","guid":{"rendered":"http:\/\/bidonsenshakers.pim.hidalgo.nl\/product\/rock-paper-reporterboek-85x135mm\/"},"modified":"2026-04-30T12:20:55","modified_gmt":"2026-04-30T12:20:55","slug":"rock-paper-reporterboek-85x135mm","status":"publish","type":"product","link":"https:\/\/hidalgo.nl\/de\/product\/152713\/reporterblock-bedrucken-rock-paper-wasserabweisend-85x135mm\/","title":{"rendered":"Rock paper reporterboek 85x135mm"},"content":{"rendered":"<p>De 50 blaadjes van dit duurzame notitieboek in zakformaat zijn gemaakt van rotsen en ander gesteente. Het resultaat is glad en waterafstotend papier dat opmerkelijk koel aanvoelt.  De vorm en spiraalbinding maken het gemakkelijk om snel notities te maken.<\/p>\n","protected":false},"excerpt":{"rendered":"<p>De 50 blaadjes van dit duurzame notitieboek in zakformaat zijn gemaakt van rotsen en ander gesteente. Het resultaat is glad en waterafstotend papier dat opmerkelijk koel aanvoelt. De vorm en spiraalbinding maken het gemakkelijk om snel notities te maken.<\/p>\n","protected":false},"featured_media":152714,"template":"","meta":{"_acf_changed":false,"om_disable_all_campaigns":false,"_monsterinsights_skip_tracking":false,"_monsterinsights_sitenote_active":false,"_monsterinsights_sitenote_note":"","_monsterinsights_sitenote_category":0},"product_brand":[],"product_cat":[4741,4797,4719],"product_tag":[],"class_list":{"0":"post-152713","1":"product","2":"type-product","3":"status-publish","4":"has-post-thumbnail","6":"product_supplier-a53","7":"product_cat-promotionele-artikelen-kantoor-artikelen","8":"product_cat-promotionele-artikelen-kantoor-artikelen-notitieboekjes","9":"product_cat-promotionele-artikelen","10":"entry","12":"first","13":"instock","14":"taxable","15":"shipping-taxable","16":"purchasable","17":"product-type-variable"},"acf":{"imprint_cost":[{"imprint_cost_key":"9f9ebfc5cf8172122d7a580e85df8f4f2c3339e3","product_quantity_price_range":[{"imprint_cost_recommended_selling_price":"0.9","imprint_cost_recommended_selling_quantity":"1"},{"imprint_cost_recommended_selling_price":"0.7725","imprint_cost_recommended_selling_quantity":"10"},{"imprint_cost_recommended_selling_price":"0.5325","imprint_cost_recommended_selling_quantity":"25"},{"imprint_cost_recommended_selling_price":"0.4575","imprint_cost_recommended_selling_quantity":"50"},{"imprint_cost_recommended_selling_price":"0.4125","imprint_cost_recommended_selling_quantity":"100"},{"imprint_cost_recommended_selling_price":"0.33","imprint_cost_recommended_selling_quantity":"250"},{"imprint_cost_recommended_selling_price":"0.27","imprint_cost_recommended_selling_quantity":"500"},{"imprint_cost_recommended_selling_price":"0.1725","imprint_cost_recommended_selling_quantity":"1000"},{"imprint_cost_recommended_selling_price":"0.1575","imprint_cost_recommended_selling_quantity":"2500"},{"imprint_cost_recommended_selling_price":"0.1425","imprint_cost_recommended_selling_quantity":"5000"},{"imprint_cost_recommended_selling_price":"0.1275","imprint_cost_recommended_selling_quantity":"10000"}],"product_quantity_price_range_buying":[{"imprint_cost_general_buying_price":"0.6","imprint_cost_general_buying_quantity":"1"},{"imprint_cost_general_buying_price":"0.515","imprint_cost_general_buying_quantity":"10"},{"imprint_cost_general_buying_price":"0.355","imprint_cost_general_buying_quantity":"25"},{"imprint_cost_general_buying_price":"0.305","imprint_cost_general_buying_quantity":"50"},{"imprint_cost_general_buying_price":"0.275","imprint_cost_general_buying_quantity":"100"},{"imprint_cost_general_buying_price":"0.22","imprint_cost_general_buying_quantity":"250"},{"imprint_cost_general_buying_price":"0.18","imprint_cost_general_buying_quantity":"500"},{"imprint_cost_general_buying_price":"0.115","imprint_cost_general_buying_quantity":"1000"},{"imprint_cost_general_buying_price":"0.105","imprint_cost_general_buying_quantity":"2500"},{"imprint_cost_general_buying_price":"0.095","imprint_cost_general_buying_quantity":"5000"},{"imprint_cost_general_buying_price":"0.085","imprint_cost_general_buying_quantity":"10000"}],"imprint_cost_setup_costs":"54","imprint_cost_handling_costs":"0.12"}]},"aioseo_notices":[],"aioseo_head":"\n\t\t<!-- All in One SEO Pro 4.9.6.2 - aioseo.com -->\n\t<meta name=\"description\" content=\"Kompakter Spiralblock aus Steinpapier: wasserabweisend, rei\u00dffest und mit 50 Seiten im Format 85x135 mm - ideal f\u00fcr Messen, Au\u00dfendienst und Outdoor. Bei Hidalgo l\u00e4sst du den Reporterblock mit Logo veredeln und Notizb\u00fccher bedrucken lassen, st\u00e4rkst so dein Branding und beh\u00e4ltst selbst bei N\u00e4sse gut lesbare Notizen.\" \/>\n\t<meta name=\"robots\" content=\"max-image-preview:large\" \/>\n\t<link rel=\"canonical\" href=\"https:\/\/hidalgo.nl\/de\/wp-json\/wp\/v2\/product\/152713\" \/>\n\t<meta name=\"generator\" content=\"All in One SEO Pro (AIOSEO) 4.9.6.2\" \/>\n\t\t<meta property=\"og:locale\" content=\"de_DE\" \/>\n\t\t<meta property=\"og:site_name\" content=\"Hidalgo -\" \/>\n\t\t<meta property=\"og:type\" content=\"article\" \/>\n\t\t<meta property=\"og:title\" content=\"Reporterblock bedrucken Rock Paper wasserabweisend 85x135mm\" \/>\n\t\t<meta property=\"og:description\" content=\"Kompakter Spiralblock aus Steinpapier: wasserabweisend, rei\u00dffest und mit 50 Seiten im Format 85x135 mm - ideal f\u00fcr Messen, Au\u00dfendienst und Outdoor. Bei Hidalgo l\u00e4sst du den Reporterblock mit Logo veredeln und Notizb\u00fccher bedrucken lassen, st\u00e4rkst so dein Branding und beh\u00e4ltst selbst bei N\u00e4sse gut lesbare Notizen.\" \/>\n\t\t<meta property=\"og:url\" content=\"https:\/\/hidalgo.nl\/de\/wp-json\/wp\/v2\/product\/152713\" \/>\n\t\t<meta property=\"og:image\" content=\"https:\/\/shop.hidalgo.nl\/wp-content\/uploads\/2025\/11\/cropped-Hidalgo-est1993.png\" \/>\n\t\t<meta property=\"og:image:secure_url\" content=\"https:\/\/shop.hidalgo.nl\/wp-content\/uploads\/2025\/11\/cropped-Hidalgo-est1993.png\" \/>\n\t\t<meta property=\"article:published_time\" content=\"2025-07-09T18:09:36+00:00\" \/>\n\t\t<meta property=\"article:modified_time\" content=\"2026-04-30T12:20:55+00:00\" \/>\n\t\t<meta name=\"twitter:card\" content=\"summary_large_image\" \/>\n\t\t<meta name=\"twitter:title\" content=\"Reporterblock bedrucken Rock Paper wasserabweisend 85x135mm\" \/>\n\t\t<meta name=\"twitter:description\" content=\"Kompakter Spiralblock aus Steinpapier: wasserabweisend, rei\u00dffest und mit 50 Seiten im Format 85x135 mm - ideal f\u00fcr Messen, Au\u00dfendienst und Outdoor. Bei Hidalgo l\u00e4sst du den Reporterblock mit Logo veredeln und Notizb\u00fccher bedrucken lassen, st\u00e4rkst so dein Branding und beh\u00e4ltst selbst bei N\u00e4sse gut lesbare Notizen.\" \/>\n\t\t<meta name=\"twitter:image\" content=\"https:\/\/shop.hidalgo.nl\/wp-content\/uploads\/2025\/11\/cropped-Hidalgo-est1993.png\" \/>\n\t\t<script type=\"application\/ld+json\" class=\"aioseo-schema\">\n\t\t\t{\"@context\":\"https:\\\/\\\/schema.org\",\"@graph\":[{\"@type\":\"BreadcrumbList\",\"@id\":\"https:\\\/\\\/hidalgo.nl\\\/de\\\/product\\\/152713\\\/reporterblock-bedrucken-rock-paper-wasserabweisend-85x135mm\\\/#breadcrumblist\",\"itemListElement\":[{\"@type\":\"ListItem\",\"@id\":\"https:\\\/\\\/hidalgo.nl\\\/de\\\/#listItem\",\"position\":1,\"name\":\"Home\",\"item\":\"https:\\\/\\\/hidalgo.nl\\\/de\\\/\",\"nextItem\":{\"@type\":\"ListItem\",\"@id\":\"https:\\\/\\\/hidalgo.nl\\\/example\\\/#listItem\",\"name\":\"example\"}},{\"@type\":\"ListItem\",\"@id\":\"https:\\\/\\\/hidalgo.nl\\\/example\\\/#listItem\",\"position\":2,\"name\":\"example\",\"item\":\"https:\\\/\\\/hidalgo.nl\\\/example\\\/\",\"nextItem\":{\"@type\":\"ListItem\",\"@id\":\"https:\\\/\\\/hidalgo.nl\\\/en\\\/product-supplier\\\/a53\\\/#listItem\",\"name\":\"A53\"},\"previousItem\":{\"@type\":\"ListItem\",\"@id\":\"https:\\\/\\\/hidalgo.nl\\\/de\\\/#listItem\",\"name\":\"Home\"}},{\"@type\":\"ListItem\",\"@id\":\"https:\\\/\\\/hidalgo.nl\\\/en\\\/product-supplier\\\/a53\\\/#listItem\",\"position\":3,\"name\":\"A53\",\"item\":\"https:\\\/\\\/hidalgo.nl\\\/en\\\/product-supplier\\\/a53\\\/\",\"nextItem\":{\"@type\":\"ListItem\",\"@id\":\"https:\\\/\\\/hidalgo.nl\\\/de\\\/product\\\/152713\\\/reporterblock-bedrucken-rock-paper-wasserabweisend-85x135mm\\\/#listItem\",\"name\":\"Rock paper reporterboek 85x135mm\"},\"previousItem\":{\"@type\":\"ListItem\",\"@id\":\"https:\\\/\\\/hidalgo.nl\\\/example\\\/#listItem\",\"name\":\"example\"}},{\"@type\":\"ListItem\",\"@id\":\"https:\\\/\\\/hidalgo.nl\\\/de\\\/product\\\/152713\\\/reporterblock-bedrucken-rock-paper-wasserabweisend-85x135mm\\\/#listItem\",\"position\":4,\"name\":\"Rock paper reporterboek 85x135mm\",\"previousItem\":{\"@type\":\"ListItem\",\"@id\":\"https:\\\/\\\/hidalgo.nl\\\/en\\\/product-supplier\\\/a53\\\/#listItem\",\"name\":\"A53\"}}]},{\"@type\":\"Organization\",\"@id\":\"https:\\\/\\\/hidalgo.nl\\\/de\\\/#organization\",\"name\":\"Hidalgo\",\"url\":\"https:\\\/\\\/hidalgo.nl\\\/de\\\/\",\"logo\":{\"@type\":\"ImageObject\",\"url\":\"https:\\\/\\\/shop.hidalgo.nl\\\/wp-content\\\/uploads\\\/2025\\\/11\\\/cropped-Hidalgo-est1993.png\",\"@id\":\"https:\\\/\\\/hidalgo.nl\\\/de\\\/product\\\/152713\\\/reporterblock-bedrucken-rock-paper-wasserabweisend-85x135mm\\\/#organizationLogo\",\"width\":585,\"height\":195},\"image\":{\"@id\":\"https:\\\/\\\/hidalgo.nl\\\/de\\\/product\\\/152713\\\/reporterblock-bedrucken-rock-paper-wasserabweisend-85x135mm\\\/#organizationLogo\"}},{\"@type\":\"ProductGroup\",\"@id\":\"https:\\\/\\\/hidalgo.nl\\\/de\\\/product\\\/152713\\\/reporterblock-bedrucken-rock-paper-wasserabweisend-85x135mm\\\/#wooCommerceProduct\",\"name\":\"Reporterblock bedrucken Rock Paper wasserabweisend 85x135mm\",\"url\":\"https:\\\/\\\/hidalgo.nl\\\/de\\\/product\\\/152713\\\/reporterblock-bedrucken-rock-paper-wasserabweisend-85x135mm\\\/\",\"sku\":\"A53-LT92523\",\"image\":{\"@type\":\"ImageObject\",\"url\":\"https:\\\/\\\/shop.hidalgo.nl\\\/wp-content\\\/uploads\\\/2025\\\/05\\\/0f80e813f091466b90dbb8c3eed279029295a7df1c700f61fb69bbcb17840bfd.jpg\",\"@id\":\"https:\\\/\\\/hidalgo.nl\\\/de\\\/product\\\/152713\\\/reporterblock-bedrucken-rock-paper-wasserabweisend-85x135mm\\\/#productImage\",\"width\":1000,\"height\":1000},\"productGroupID\":152713,\"hasVariant\":[{\"@type\":\"Product\",\"@id\":\"https:\\\/\\\/hidalgo.nl\\\/de\\\/product\\\/152713\\\/reporterblock-bedrucken-rock-paper-wasserabweisend-85x135mm\\\/#wooCommerceProduct\",\"name\":\"Rock paper reporterboek 85x135mm - natuur\",\"url\":\"https:\\\/\\\/hidalgo.nl\\\/de\\\/product\\\/152713\\\/reporterblock-bedrucken-rock-paper-wasserabweisend-85x135mm\\\/\",\"sku\":\"A53-LT92523-N0094\",\"image\":{\"@type\":\"ImageObject\",\"url\":\"https:\\\/\\\/shop.hidalgo.nl\\\/wp-content\\\/uploads\\\/2025\\\/05\\\/31b61533bfadf29794524841e2f9a545fdd9e2ce5394c3dbaf004da261c48bc6.jpg\",\"@id\":\"https:\\\/\\\/hidalgo.nl\\\/de\\\/product\\\/152713\\\/reporterblock-bedrucken-rock-paper-wasserabweisend-85x135mm\\\/#productImage\",\"width\":1000,\"height\":1000},\"offers\":{\"@type\":\"Offer\",\"url\":\"https:\\\/\\\/hidalgo.nl\\\/de\\\/product\\\/152713\\\/reporterblock-bedrucken-rock-paper-wasserabweisend-85x135mm\\\/#wooCommerceOffer\",\"price\":\"1.4175\",\"priceCurrency\":\"EUR\",\"category\":\"Promotionele Artikelen\",\"availability\":\"https:\\\/\\\/schema.org\\\/InStock\",\"priceSpecification\":{\"@type\":\"PriceSpecification\",\"price\":1.4175,\"priceCurrency\":\"EUR\",\"valueAddedTaxIncluded\":\"true\"}}}]},{\"@type\":\"WebPage\",\"@id\":\"https:\\\/\\\/hidalgo.nl\\\/de\\\/product\\\/152713\\\/reporterblock-bedrucken-rock-paper-wasserabweisend-85x135mm\\\/#webpage\",\"url\":\"https:\\\/\\\/hidalgo.nl\\\/de\\\/product\\\/152713\\\/reporterblock-bedrucken-rock-paper-wasserabweisend-85x135mm\\\/\",\"name\":\"Reporterblock bedrucken Rock Paper wasserabweisend 85x135mm\",\"description\":\"Kompakter Spiralblock aus Steinpapier: wasserabweisend, rei\\u00dffest und mit 50 Seiten im Format 85x135 mm - ideal f\\u00fcr Messen, Au\\u00dfendienst und Outdoor. Bei Hidalgo l\\u00e4sst du den Reporterblock mit Logo veredeln und Notizb\\u00fccher bedrucken lassen, st\\u00e4rkst so dein Branding und beh\\u00e4ltst selbst bei N\\u00e4sse gut lesbare Notizen.\",\"inLanguage\":\"de-DE\",\"isPartOf\":{\"@id\":\"https:\\\/\\\/hidalgo.nl\\\/de\\\/#website\"},\"breadcrumb\":{\"@id\":\"https:\\\/\\\/hidalgo.nl\\\/de\\\/product\\\/152713\\\/reporterblock-bedrucken-rock-paper-wasserabweisend-85x135mm\\\/#breadcrumblist\"},\"image\":{\"@type\":\"ImageObject\",\"url\":\"https:\\\/\\\/shop.hidalgo.nl\\\/wp-content\\\/uploads\\\/2025\\\/05\\\/0f80e813f091466b90dbb8c3eed279029295a7df1c700f61fb69bbcb17840bfd.jpg\",\"@id\":\"https:\\\/\\\/hidalgo.nl\\\/de\\\/product\\\/152713\\\/reporterblock-bedrucken-rock-paper-wasserabweisend-85x135mm\\\/#mainImage\",\"width\":1000,\"height\":1000},\"primaryImageOfPage\":{\"@id\":\"https:\\\/\\\/hidalgo.nl\\\/de\\\/product\\\/152713\\\/reporterblock-bedrucken-rock-paper-wasserabweisend-85x135mm\\\/#mainImage\"},\"datePublished\":\"2025-07-09T18:09:36+00:00\",\"dateModified\":\"2026-04-30T12:20:55+00:00\"},{\"@type\":\"WebSite\",\"@id\":\"https:\\\/\\\/hidalgo.nl\\\/de\\\/#website\",\"url\":\"https:\\\/\\\/hidalgo.nl\\\/de\\\/\",\"name\":\"Hidalgo\",\"inLanguage\":\"de-DE\",\"publisher\":{\"@id\":\"https:\\\/\\\/hidalgo.nl\\\/de\\\/#organization\"}}]}\n\t\t<\/script>\n\t\t<!-- All in One SEO Pro -->\r\n\t\t<title>Reporterblock bedrucken Rock Paper wasserabweisend 85x135mm<\/title>\n\n","aioseo_head_json":{"title":"Reporterblock bedrucken Rock Paper wasserabweisend 85x135mm","description":"Kompakter Spiralblock aus Steinpapier: wasserabweisend, rei\u00dffest und mit 50 Seiten im Format 85x135 mm - ideal f\u00fcr Messen, Au\u00dfendienst und Outdoor. Bei Hidalgo l\u00e4sst du den Reporterblock mit Logo veredeln und Notizb\u00fccher bedrucken lassen, st\u00e4rkst so dein Branding und beh\u00e4ltst selbst bei N\u00e4sse gut lesbare Notizen.","canonical_url":"https:\/\/hidalgo.nl\/de\/wp-json\/wp\/v2\/product\/152713","robots":"max-image-preview:large","keywords":"","webmasterTools":{"miscellaneous":""},"schema":{"@context":"https:\/\/schema.org","@graph":[{"@type":"BreadcrumbList","@id":"https:\/\/hidalgo.nl\/de\/product\/152713\/reporterblock-bedrucken-rock-paper-wasserabweisend-85x135mm\/#breadcrumblist","itemListElement":[{"@type":"ListItem","@id":"https:\/\/hidalgo.nl\/de\/#listItem","position":1,"name":"Home","item":"https:\/\/hidalgo.nl\/de\/","nextItem":{"@type":"ListItem","@id":"https:\/\/hidalgo.nl\/example\/#listItem","name":"example"}},{"@type":"ListItem","@id":"https:\/\/hidalgo.nl\/example\/#listItem","position":2,"name":"example","item":"https:\/\/hidalgo.nl\/example\/","nextItem":{"@type":"ListItem","@id":"https:\/\/hidalgo.nl\/en\/product-supplier\/a53\/#listItem","name":"A53"},"previousItem":{"@type":"ListItem","@id":"https:\/\/hidalgo.nl\/de\/#listItem","name":"Home"}},{"@type":"ListItem","@id":"https:\/\/hidalgo.nl\/en\/product-supplier\/a53\/#listItem","position":3,"name":"A53","item":"https:\/\/hidalgo.nl\/en\/product-supplier\/a53\/","nextItem":{"@type":"ListItem","@id":"https:\/\/hidalgo.nl\/de\/product\/152713\/reporterblock-bedrucken-rock-paper-wasserabweisend-85x135mm\/#listItem","name":"Rock paper reporterboek 85x135mm"},"previousItem":{"@type":"ListItem","@id":"https:\/\/hidalgo.nl\/example\/#listItem","name":"example"}},{"@type":"ListItem","@id":"https:\/\/hidalgo.nl\/de\/product\/152713\/reporterblock-bedrucken-rock-paper-wasserabweisend-85x135mm\/#listItem","position":4,"name":"Rock paper reporterboek 85x135mm","previousItem":{"@type":"ListItem","@id":"https:\/\/hidalgo.nl\/en\/product-supplier\/a53\/#listItem","name":"A53"}}]},{"@type":"Organization","@id":"https:\/\/hidalgo.nl\/de\/#organization","name":"Hidalgo","url":"https:\/\/hidalgo.nl\/de\/","logo":{"@type":"ImageObject","url":"https:\/\/shop.hidalgo.nl\/wp-content\/uploads\/2025\/11\/cropped-Hidalgo-est1993.png","@id":"https:\/\/hidalgo.nl\/de\/product\/152713\/reporterblock-bedrucken-rock-paper-wasserabweisend-85x135mm\/#organizationLogo","width":585,"height":195},"image":{"@id":"https:\/\/hidalgo.nl\/de\/product\/152713\/reporterblock-bedrucken-rock-paper-wasserabweisend-85x135mm\/#organizationLogo"}},{"@type":"ProductGroup","@id":"https:\/\/hidalgo.nl\/de\/product\/152713\/reporterblock-bedrucken-rock-paper-wasserabweisend-85x135mm\/#wooCommerceProduct","name":"Reporterblock bedrucken Rock Paper wasserabweisend 85x135mm","url":"https:\/\/hidalgo.nl\/de\/product\/152713\/reporterblock-bedrucken-rock-paper-wasserabweisend-85x135mm\/","sku":"A53-LT92523","image":{"@type":"ImageObject","url":"https:\/\/shop.hidalgo.nl\/wp-content\/uploads\/2025\/05\/0f80e813f091466b90dbb8c3eed279029295a7df1c700f61fb69bbcb17840bfd.jpg","@id":"https:\/\/hidalgo.nl\/de\/product\/152713\/reporterblock-bedrucken-rock-paper-wasserabweisend-85x135mm\/#productImage","width":1000,"height":1000},"productGroupID":152713,"hasVariant":[{"@type":"Product","@id":"https:\/\/hidalgo.nl\/de\/product\/152713\/reporterblock-bedrucken-rock-paper-wasserabweisend-85x135mm\/#wooCommerceProduct","name":"Rock paper reporterboek 85x135mm - natuur","url":"https:\/\/hidalgo.nl\/de\/product\/152713\/reporterblock-bedrucken-rock-paper-wasserabweisend-85x135mm\/","sku":"A53-LT92523-N0094","image":{"@type":"ImageObject","url":"https:\/\/shop.hidalgo.nl\/wp-content\/uploads\/2025\/05\/31b61533bfadf29794524841e2f9a545fdd9e2ce5394c3dbaf004da261c48bc6.jpg","@id":"https:\/\/hidalgo.nl\/de\/product\/152713\/reporterblock-bedrucken-rock-paper-wasserabweisend-85x135mm\/#productImage","width":1000,"height":1000},"offers":{"@type":"Offer","url":"https:\/\/hidalgo.nl\/de\/product\/152713\/reporterblock-bedrucken-rock-paper-wasserabweisend-85x135mm\/#wooCommerceOffer","price":"1.4175","priceCurrency":"EUR","category":"Promotionele Artikelen","availability":"https:\/\/schema.org\/InStock","priceSpecification":{"@type":"PriceSpecification","price":1.4175,"priceCurrency":"EUR","valueAddedTaxIncluded":"true"}}}]},{"@type":"WebPage","@id":"https:\/\/hidalgo.nl\/de\/product\/152713\/reporterblock-bedrucken-rock-paper-wasserabweisend-85x135mm\/#webpage","url":"https:\/\/hidalgo.nl\/de\/product\/152713\/reporterblock-bedrucken-rock-paper-wasserabweisend-85x135mm\/","name":"Reporterblock bedrucken Rock Paper wasserabweisend 85x135mm","description":"Kompakter Spiralblock aus Steinpapier: wasserabweisend, rei\u00dffest und mit 50 Seiten im Format 85x135 mm - ideal f\u00fcr Messen, Au\u00dfendienst und Outdoor. Bei Hidalgo l\u00e4sst du den Reporterblock mit Logo veredeln und Notizb\u00fccher bedrucken lassen, st\u00e4rkst so dein Branding und beh\u00e4ltst selbst bei N\u00e4sse gut lesbare Notizen.","inLanguage":"de-DE","isPartOf":{"@id":"https:\/\/hidalgo.nl\/de\/#website"},"breadcrumb":{"@id":"https:\/\/hidalgo.nl\/de\/product\/152713\/reporterblock-bedrucken-rock-paper-wasserabweisend-85x135mm\/#breadcrumblist"},"image":{"@type":"ImageObject","url":"https:\/\/shop.hidalgo.nl\/wp-content\/uploads\/2025\/05\/0f80e813f091466b90dbb8c3eed279029295a7df1c700f61fb69bbcb17840bfd.jpg","@id":"https:\/\/hidalgo.nl\/de\/product\/152713\/reporterblock-bedrucken-rock-paper-wasserabweisend-85x135mm\/#mainImage","width":1000,"height":1000},"primaryImageOfPage":{"@id":"https:\/\/hidalgo.nl\/de\/product\/152713\/reporterblock-bedrucken-rock-paper-wasserabweisend-85x135mm\/#mainImage"},"datePublished":"2025-07-09T18:09:36+00:00","dateModified":"2026-04-30T12:20:55+00:00"},{"@type":"WebSite","@id":"https:\/\/hidalgo.nl\/de\/#website","url":"https:\/\/hidalgo.nl\/de\/","name":"Hidalgo","inLanguage":"de-DE","publisher":{"@id":"https:\/\/hidalgo.nl\/de\/#organization"}}]},"og:locale":"de_DE","og:site_name":"Hidalgo -","og:type":"article","og:title":"Reporterblock bedrucken Rock Paper wasserabweisend 85x135mm","og:description":"Kompakter Spiralblock aus Steinpapier: wasserabweisend, rei\u00dffest und mit 50 Seiten im Format 85x135 mm - ideal f\u00fcr Messen, Au\u00dfendienst und Outdoor. Bei Hidalgo l\u00e4sst du den Reporterblock mit Logo veredeln und Notizb\u00fccher bedrucken lassen, st\u00e4rkst so dein Branding und beh\u00e4ltst selbst bei N\u00e4sse gut lesbare Notizen.","og:url":"https:\/\/hidalgo.nl\/de\/wp-json\/wp\/v2\/product\/152713","og:image":"https:\/\/shop.hidalgo.nl\/wp-content\/uploads\/2025\/11\/cropped-Hidalgo-est1993.png","og:image:secure_url":"https:\/\/shop.hidalgo.nl\/wp-content\/uploads\/2025\/11\/cropped-Hidalgo-est1993.png","article:published_time":"2025-07-09T18:09:36+00:00","article:modified_time":"2026-04-30T12:20:55+00:00","twitter:card":"summary_large_image","twitter:title":"Reporterblock bedrucken Rock Paper wasserabweisend 85x135mm","twitter:description":"Kompakter Spiralblock aus Steinpapier: wasserabweisend, rei\u00dffest und mit 50 Seiten im Format 85x135 mm - ideal f\u00fcr Messen, Au\u00dfendienst und Outdoor. Bei Hidalgo l\u00e4sst du den Reporterblock mit Logo veredeln und Notizb\u00fccher bedrucken lassen, st\u00e4rkst so dein Branding und beh\u00e4ltst selbst bei N\u00e4sse gut lesbare Notizen.","twitter:image":"https:\/\/shop.hidalgo.nl\/wp-content\/uploads\/2025\/11\/cropped-Hidalgo-est1993.png"},"aioseo_meta_data":{"post_id":"152713","title":null,"description":null,"keywords":null,"keyphrases":null,"primary_term":null,"canonical_url":null,"og_title":null,"og_description":null,"og_object_type":"default","og_image_type":"default","og_image_url":null,"og_image_width":null,"og_image_height":null,"og_image_custom_url":null,"og_image_custom_fields":null,"og_video":null,"og_custom_url":null,"og_article_section":null,"og_article_tags":null,"twitter_use_og":false,"twitter_card":"default","twitter_image_type":"default","twitter_image_url":null,"twitter_image_custom_url":null,"twitter_image_custom_fields":null,"twitter_title":null,"twitter_description":null,"schema":{"blockGraphs":[],"customGraphs":[],"default":{"data":{"Article":[],"Course":[],"Dataset":[],"FAQPage":[],"Movie":[],"Person":[],"Product":[],"ProductReview":[],"Car":[],"Recipe":[],"Service":[],"SoftwareApplication":[],"WebPage":[]},"graphName":"","isEnabled":true},"graphs":[]},"schema_type":"default","schema_type_options":null,"pillar_content":false,"robots_default":true,"robots_noindex":false,"robots_noarchive":false,"robots_nosnippet":false,"robots_nofollow":false,"robots_noimageindex":false,"robots_noodp":false,"robots_notranslate":false,"robots_max_snippet":null,"robots_max_videopreview":null,"robots_max_imagepreview":"large","priority":null,"frequency":null,"local_seo":null,"seo_analyzer_scan_date":"2026-02-06 09:12:53","breadcrumb_settings":null,"limit_modified_date":false,"reviewed_by":null,"open_ai":null,"ai":null,"created":"2026-01-14 06:25:41","updated":"2026-04-30 12:42:42"},"aioseo_breadcrumb":"<div class=\"aioseo-breadcrumbs\"><span class=\"aioseo-breadcrumb\">\n\t<a href=\"https:\/\/hidalgo.nl\/de\/\" title=\"Home\">Home<\/a>\n<\/span><span class=\"aioseo-breadcrumb-separator\">\u00bb<\/span><span class=\"aioseo-breadcrumb\">\n\t<a href=\"https:\/\/hidalgo.nl\/example\/\" title=\"example\">example<\/a>\n<\/span><span class=\"aioseo-breadcrumb-separator\">\u00bb<\/span><span class=\"aioseo-breadcrumb\">\n\t<a href=\"https:\/\/hidalgo.nl\/en\/product-supplier\/a53\/\" title=\"A53\">A53<\/a>\n<\/span><span class=\"aioseo-breadcrumb-separator\">\u00bb<\/span><span class=\"aioseo-breadcrumb\">\n\tRock paper reporterboek 85x135mm\n<\/span><\/div>","aioseo_breadcrumb_json":[{"label":"Home","link":"https:\/\/hidalgo.nl\/de\/"},{"label":"example","link":"https:\/\/hidalgo.nl\/example\/"},{"label":"A53","link":"https:\/\/hidalgo.nl\/en\/product-supplier\/a53\/"},{"label":"Rock paper reporterboek 85x135mm","link":"https:\/\/hidalgo.nl\/de\/product\/152713\/reporterblock-bedrucken-rock-paper-wasserabweisend-85x135mm\/"}],"_links":{"self":[{"href":"https:\/\/hidalgo.nl\/de\/wp-json\/wp\/v2\/product\/152713","targetHints":{"allow":["GET"]}}],"collection":[{"href":"https:\/\/hidalgo.nl\/de\/wp-json\/wp\/v2\/product"}],"about":[{"href":"https:\/\/hidalgo.nl\/de\/wp-json\/wp\/v2\/types\/product"}],"wp:featuredmedia":[{"embeddable":true,"href":"https:\/\/hidalgo.nl\/de\/wp-json\/wp\/v2\/media\/152714"}],"wp:attachment":[{"href":"https:\/\/hidalgo.nl\/de\/wp-json\/wp\/v2\/media?parent=152713"}],"wp:term":[{"taxonomy":"product_brand","embeddable":true,"href":"https:\/\/hidalgo.nl\/de\/wp-json\/wp\/v2\/product_brand?post=152713"},{"taxonomy":"product_cat","embeddable":true,"href":"https:\/\/hidalgo.nl\/de\/wp-json\/wp\/v2\/product_cat?post=152713"},{"taxonomy":"product_tag","embeddable":true,"href":"https:\/\/hidalgo.nl\/de\/wp-json\/wp\/v2\/product_tag?post=152713"}],"curies":[{"name":"wp","href":"https:\/\/api.w.org\/{rel}","templated":true}]}}