{"id":152177,"date":"2025-07-09T17:49:29","date_gmt":"2025-07-09T17:49:29","guid":{"rendered":"http:\/\/bidonsenshakers.pim.hidalgo.nl\/product\/measuremate-rolmaat-5-meter\/"},"modified":"2026-04-30T11:45:34","modified_gmt":"2026-04-30T11:45:34","slug":"measuremate-rolmaat-5-meter","status":"publish","type":"product","link":"https:\/\/hidalgo.nl\/de\/product\/152177\/massband-bedrucken-measuremate-5m-recyceltes-abs-genau\/","title":{"rendered":"MeasureMate Rolmaat 5 meter"},"content":{"rendered":"<p>Duurzame rolmaat van 5m gemaakt van gerecycled ABS, met een 19mm breed lint en een stijfheid tot 1,7m. Heeft een plat oppervlak, ideaal voor branding. Voldoet aan de EEG-klasse MID II-normen voor nauwkeurige metingen.<\/p>\n","protected":false},"excerpt":{"rendered":"<p>Duurzame rolmaat van 5m gemaakt van gerecycled ABS, met een 19mm breed lint en een stijfheid tot 1,7m. Heeft een plat oppervlak, ideaal voor branding. Voldoet aan de EEG-klasse MID II-normen voor nauwkeurige metingen.<\/p>\n","protected":false},"featured_media":152178,"template":"","meta":{"_acf_changed":false,"om_disable_all_campaigns":false,"_monsterinsights_skip_tracking":false,"_monsterinsights_sitenote_active":false,"_monsterinsights_sitenote_note":"","_monsterinsights_sitenote_category":0},"product_brand":[6374],"product_cat":[4808,4719],"product_tag":[],"class_list":{"0":"post-152177","1":"product","2":"type-product","3":"status-publish","4":"has-post-thumbnail","6":"product_supplier-a53","7":"product_brand-hidalgo","8":"product_cat-gereedschap","9":"product_cat-promotionele-artikelen","10":"entry","12":"first","13":"instock","14":"taxable","15":"shipping-taxable","16":"purchasable","17":"product-type-variable"},"acf":{"imprint_cost":[{"imprint_cost_key":"3febbc8596b5138569ec5613e32a41ef2f8b3b91","product_quantity_price_range":[{"imprint_cost_recommended_selling_price":"1.0725","imprint_cost_recommended_selling_quantity":"1"},{"imprint_cost_recommended_selling_price":"0.885","imprint_cost_recommended_selling_quantity":"10"},{"imprint_cost_recommended_selling_price":"0.7125","imprint_cost_recommended_selling_quantity":"25"},{"imprint_cost_recommended_selling_price":"0.63","imprint_cost_recommended_selling_quantity":"50"},{"imprint_cost_recommended_selling_price":"0.57","imprint_cost_recommended_selling_quantity":"100"},{"imprint_cost_recommended_selling_price":"0.4425","imprint_cost_recommended_selling_quantity":"250"},{"imprint_cost_recommended_selling_price":"0.3975","imprint_cost_recommended_selling_quantity":"500"},{"imprint_cost_recommended_selling_price":"0.36","imprint_cost_recommended_selling_quantity":"1000"},{"imprint_cost_recommended_selling_price":"0.345","imprint_cost_recommended_selling_quantity":"2500"},{"imprint_cost_recommended_selling_price":"0.33","imprint_cost_recommended_selling_quantity":"5000"},{"imprint_cost_recommended_selling_price":"0.315","imprint_cost_recommended_selling_quantity":"10000"}],"product_quantity_price_range_buying":[{"imprint_cost_general_buying_price":"0.715","imprint_cost_general_buying_quantity":"1"},{"imprint_cost_general_buying_price":"0.59","imprint_cost_general_buying_quantity":"10"},{"imprint_cost_general_buying_price":"0.475","imprint_cost_general_buying_quantity":"25"},{"imprint_cost_general_buying_price":"0.42","imprint_cost_general_buying_quantity":"50"},{"imprint_cost_general_buying_price":"0.38","imprint_cost_general_buying_quantity":"100"},{"imprint_cost_general_buying_price":"0.295","imprint_cost_general_buying_quantity":"250"},{"imprint_cost_general_buying_price":"0.265","imprint_cost_general_buying_quantity":"500"},{"imprint_cost_general_buying_price":"0.24","imprint_cost_general_buying_quantity":"1000"},{"imprint_cost_general_buying_price":"0.23","imprint_cost_general_buying_quantity":"2500"},{"imprint_cost_general_buying_price":"0.22","imprint_cost_general_buying_quantity":"5000"},{"imprint_cost_general_buying_price":"0.21","imprint_cost_general_buying_quantity":"10000"}],"imprint_cost_setup_costs":"54","imprint_cost_handling_costs":"0.06"}]},"aioseo_notices":[],"aioseo_head":"\n\t\t<!-- All in One SEO Pro 4.9.6.2 - aioseo.com -->\n\t<meta name=\"description\" content=\"MeasureMate 5m aus recyceltem ABS liefert pr\u00e4zise Messungen und eine gut sichtbare Druckfl\u00e4che f\u00fcr dein Branding. Lass dein Ma\u00dfband mit Logo bedrucken und w\u00e4hle eine nachhaltige L\u00f6sung, wenn du ein Werbeartikel Ma\u00dfband kaufen willst, ideal f\u00fcr Bau und Handwerk.\" \/>\n\t<meta name=\"robots\" content=\"max-image-preview:large\" \/>\n\t<link rel=\"canonical\" href=\"https:\/\/hidalgo.nl\/de\/wp-json\/wp\/v2\/product\/152177\" \/>\n\t<meta name=\"generator\" content=\"All in One SEO Pro (AIOSEO) 4.9.6.2\" \/>\n\t\t<meta property=\"og:locale\" content=\"de_DE\" \/>\n\t\t<meta property=\"og:site_name\" content=\"Hidalgo -\" \/>\n\t\t<meta property=\"og:type\" content=\"article\" \/>\n\t\t<meta property=\"og:title\" content=\"Ma\u00dfband bedrucken MeasureMate 5m recyceltes ABS genau\" \/>\n\t\t<meta property=\"og:description\" content=\"MeasureMate 5m aus recyceltem ABS liefert pr\u00e4zise Messungen und eine gut sichtbare Druckfl\u00e4che f\u00fcr dein Branding. Lass dein Ma\u00dfband mit Logo bedrucken und w\u00e4hle eine nachhaltige L\u00f6sung, wenn du ein Werbeartikel Ma\u00dfband kaufen willst, ideal f\u00fcr Bau und Handwerk.\" \/>\n\t\t<meta property=\"og:url\" content=\"https:\/\/hidalgo.nl\/de\/wp-json\/wp\/v2\/product\/152177\" \/>\n\t\t<meta property=\"og:image\" content=\"https:\/\/shop.hidalgo.nl\/wp-content\/uploads\/2025\/11\/cropped-Hidalgo-est1993.png\" \/>\n\t\t<meta property=\"og:image:secure_url\" content=\"https:\/\/shop.hidalgo.nl\/wp-content\/uploads\/2025\/11\/cropped-Hidalgo-est1993.png\" \/>\n\t\t<meta property=\"article:published_time\" content=\"2025-07-09T17:49:29+00:00\" \/>\n\t\t<meta property=\"article:modified_time\" content=\"2026-04-30T11:45:34+00:00\" \/>\n\t\t<meta name=\"twitter:card\" content=\"summary_large_image\" \/>\n\t\t<meta name=\"twitter:title\" content=\"Ma\u00dfband bedrucken MeasureMate 5m recyceltes ABS genau\" \/>\n\t\t<meta name=\"twitter:description\" content=\"MeasureMate 5m aus recyceltem ABS liefert pr\u00e4zise Messungen und eine gut sichtbare Druckfl\u00e4che f\u00fcr dein Branding. Lass dein Ma\u00dfband mit Logo bedrucken und w\u00e4hle eine nachhaltige L\u00f6sung, wenn du ein Werbeartikel Ma\u00dfband kaufen willst, ideal f\u00fcr Bau und Handwerk.\" \/>\n\t\t<meta name=\"twitter:image\" content=\"https:\/\/shop.hidalgo.nl\/wp-content\/uploads\/2025\/11\/cropped-Hidalgo-est1993.png\" \/>\n\t\t<script type=\"application\/ld+json\" class=\"aioseo-schema\">\n\t\t\t{\"@context\":\"https:\\\/\\\/schema.org\",\"@graph\":[{\"@type\":\"BreadcrumbList\",\"@id\":\"https:\\\/\\\/hidalgo.nl\\\/de\\\/product\\\/152177\\\/massband-bedrucken-measuremate-5m-recyceltes-abs-genau\\\/#breadcrumblist\",\"itemListElement\":[{\"@type\":\"ListItem\",\"@id\":\"https:\\\/\\\/hidalgo.nl\\\/de\\\/#listItem\",\"position\":1,\"name\":\"Home\",\"item\":\"https:\\\/\\\/hidalgo.nl\\\/de\\\/\",\"nextItem\":{\"@type\":\"ListItem\",\"@id\":\"https:\\\/\\\/hidalgo.nl\\\/example\\\/#listItem\",\"name\":\"example\"}},{\"@type\":\"ListItem\",\"@id\":\"https:\\\/\\\/hidalgo.nl\\\/example\\\/#listItem\",\"position\":2,\"name\":\"example\",\"item\":\"https:\\\/\\\/hidalgo.nl\\\/example\\\/\",\"nextItem\":{\"@type\":\"ListItem\",\"@id\":\"https:\\\/\\\/hidalgo.nl\\\/en\\\/product-supplier\\\/a53\\\/#listItem\",\"name\":\"A53\"},\"previousItem\":{\"@type\":\"ListItem\",\"@id\":\"https:\\\/\\\/hidalgo.nl\\\/de\\\/#listItem\",\"name\":\"Home\"}},{\"@type\":\"ListItem\",\"@id\":\"https:\\\/\\\/hidalgo.nl\\\/en\\\/product-supplier\\\/a53\\\/#listItem\",\"position\":3,\"name\":\"A53\",\"item\":\"https:\\\/\\\/hidalgo.nl\\\/en\\\/product-supplier\\\/a53\\\/\",\"nextItem\":{\"@type\":\"ListItem\",\"@id\":\"https:\\\/\\\/hidalgo.nl\\\/de\\\/product\\\/152177\\\/massband-bedrucken-measuremate-5m-recyceltes-abs-genau\\\/#listItem\",\"name\":\"MeasureMate Rolmaat 5 meter\"},\"previousItem\":{\"@type\":\"ListItem\",\"@id\":\"https:\\\/\\\/hidalgo.nl\\\/example\\\/#listItem\",\"name\":\"example\"}},{\"@type\":\"ListItem\",\"@id\":\"https:\\\/\\\/hidalgo.nl\\\/de\\\/product\\\/152177\\\/massband-bedrucken-measuremate-5m-recyceltes-abs-genau\\\/#listItem\",\"position\":4,\"name\":\"MeasureMate Rolmaat 5 meter\",\"previousItem\":{\"@type\":\"ListItem\",\"@id\":\"https:\\\/\\\/hidalgo.nl\\\/en\\\/product-supplier\\\/a53\\\/#listItem\",\"name\":\"A53\"}}]},{\"@type\":\"Organization\",\"@id\":\"https:\\\/\\\/hidalgo.nl\\\/de\\\/#organization\",\"name\":\"Hidalgo\",\"url\":\"https:\\\/\\\/hidalgo.nl\\\/de\\\/\",\"logo\":{\"@type\":\"ImageObject\",\"url\":\"https:\\\/\\\/shop.hidalgo.nl\\\/wp-content\\\/uploads\\\/2025\\\/11\\\/cropped-Hidalgo-est1993.png\",\"@id\":\"https:\\\/\\\/hidalgo.nl\\\/de\\\/product\\\/152177\\\/massband-bedrucken-measuremate-5m-recyceltes-abs-genau\\\/#organizationLogo\",\"width\":585,\"height\":195},\"image\":{\"@id\":\"https:\\\/\\\/hidalgo.nl\\\/de\\\/product\\\/152177\\\/massband-bedrucken-measuremate-5m-recyceltes-abs-genau\\\/#organizationLogo\"}},{\"@type\":\"ProductGroup\",\"@id\":\"https:\\\/\\\/hidalgo.nl\\\/de\\\/product\\\/152177\\\/massband-bedrucken-measuremate-5m-recyceltes-abs-genau\\\/#wooCommerceProduct\",\"name\":\"Ma\\u00dfband bedrucken MeasureMate 5m recyceltes ABS genau\",\"url\":\"https:\\\/\\\/hidalgo.nl\\\/de\\\/product\\\/152177\\\/massband-bedrucken-measuremate-5m-recyceltes-abs-genau\\\/\",\"brand\":{\"@type\":\"Brand\",\"name\":\"Hidalgo\"},\"sku\":\"A53-LT91875\",\"image\":{\"@type\":\"ImageObject\",\"url\":\"https:\\\/\\\/shop.hidalgo.nl\\\/wp-content\\\/uploads\\\/2025\\\/05\\\/4a5dcc664a6c8f8afc2defd4eda33170674fb8d4fdfacb3316e8e07360d28c8a.jpg\",\"@id\":\"https:\\\/\\\/hidalgo.nl\\\/de\\\/product\\\/152177\\\/massband-bedrucken-measuremate-5m-recyceltes-abs-genau\\\/#productImage\",\"width\":1000,\"height\":1000},\"productGroupID\":152177,\"hasVariant\":[{\"@type\":\"Product\",\"@id\":\"https:\\\/\\\/hidalgo.nl\\\/de\\\/product\\\/152177\\\/massband-bedrucken-measuremate-5m-recyceltes-abs-genau\\\/#wooCommerceProduct\",\"name\":\"MeasureMate Rolmaat 5 meter - zwart-grijs\",\"url\":\"https:\\\/\\\/hidalgo.nl\\\/de\\\/product\\\/152177\\\/massband-bedrucken-measuremate-5m-recyceltes-abs-genau\\\/\",\"sku\":\"A53-LT91875-N0261\",\"image\":{\"@type\":\"ImageObject\",\"url\":\"https:\\\/\\\/shop.hidalgo.nl\\\/wp-content\\\/uploads\\\/2025\\\/05\\\/57944368560eb351169778eaebaf47c79cc22aa0424d6d728bcf683841c051d8.jpg\",\"@id\":\"https:\\\/\\\/hidalgo.nl\\\/de\\\/product\\\/152177\\\/massband-bedrucken-measuremate-5m-recyceltes-abs-genau\\\/#productImage\",\"width\":1000,\"height\":1000},\"offers\":{\"@type\":\"Offer\",\"url\":\"https:\\\/\\\/hidalgo.nl\\\/de\\\/product\\\/152177\\\/massband-bedrucken-measuremate-5m-recyceltes-abs-genau\\\/#wooCommerceOffer\",\"price\":\"4.86\",\"priceCurrency\":\"EUR\",\"category\":\"Promotionele Artikelen\",\"availability\":\"https:\\\/\\\/schema.org\\\/InStock\",\"priceSpecification\":{\"@type\":\"PriceSpecification\",\"price\":4.86,\"priceCurrency\":\"EUR\",\"valueAddedTaxIncluded\":\"true\"}}}]},{\"@type\":\"WebPage\",\"@id\":\"https:\\\/\\\/hidalgo.nl\\\/de\\\/product\\\/152177\\\/massband-bedrucken-measuremate-5m-recyceltes-abs-genau\\\/#webpage\",\"url\":\"https:\\\/\\\/hidalgo.nl\\\/de\\\/product\\\/152177\\\/massband-bedrucken-measuremate-5m-recyceltes-abs-genau\\\/\",\"name\":\"Ma\\u00dfband bedrucken MeasureMate 5m recyceltes ABS genau\",\"description\":\"MeasureMate 5m aus recyceltem ABS liefert pr\\u00e4zise Messungen und eine gut sichtbare Druckfl\\u00e4che f\\u00fcr dein Branding. Lass dein Ma\\u00dfband mit Logo bedrucken und w\\u00e4hle eine nachhaltige L\\u00f6sung, wenn du ein Werbeartikel Ma\\u00dfband kaufen willst, ideal f\\u00fcr Bau und Handwerk.\",\"inLanguage\":\"de-DE\",\"isPartOf\":{\"@id\":\"https:\\\/\\\/hidalgo.nl\\\/de\\\/#website\"},\"breadcrumb\":{\"@id\":\"https:\\\/\\\/hidalgo.nl\\\/de\\\/product\\\/152177\\\/massband-bedrucken-measuremate-5m-recyceltes-abs-genau\\\/#breadcrumblist\"},\"image\":{\"@type\":\"ImageObject\",\"url\":\"https:\\\/\\\/shop.hidalgo.nl\\\/wp-content\\\/uploads\\\/2025\\\/05\\\/4a5dcc664a6c8f8afc2defd4eda33170674fb8d4fdfacb3316e8e07360d28c8a.jpg\",\"@id\":\"https:\\\/\\\/hidalgo.nl\\\/de\\\/product\\\/152177\\\/massband-bedrucken-measuremate-5m-recyceltes-abs-genau\\\/#mainImage\",\"width\":1000,\"height\":1000},\"primaryImageOfPage\":{\"@id\":\"https:\\\/\\\/hidalgo.nl\\\/de\\\/product\\\/152177\\\/massband-bedrucken-measuremate-5m-recyceltes-abs-genau\\\/#mainImage\"},\"datePublished\":\"2025-07-09T17:49:29+00:00\",\"dateModified\":\"2026-04-30T11:45:34+00:00\"},{\"@type\":\"WebSite\",\"@id\":\"https:\\\/\\\/hidalgo.nl\\\/de\\\/#website\",\"url\":\"https:\\\/\\\/hidalgo.nl\\\/de\\\/\",\"name\":\"Hidalgo\",\"inLanguage\":\"de-DE\",\"publisher\":{\"@id\":\"https:\\\/\\\/hidalgo.nl\\\/de\\\/#organization\"}}]}\n\t\t<\/script>\n\t\t<!-- All in One SEO Pro -->\r\n\t\t<title>Ma\u00dfband bedrucken MeasureMate 5m recyceltes ABS genau<\/title>\n\n","aioseo_head_json":{"title":"Ma\u00dfband bedrucken MeasureMate 5m recyceltes ABS genau","description":"MeasureMate 5m aus recyceltem ABS liefert pr\u00e4zise Messungen und eine gut sichtbare Druckfl\u00e4che f\u00fcr dein Branding. Lass dein Ma\u00dfband mit Logo bedrucken und w\u00e4hle eine nachhaltige L\u00f6sung, wenn du ein Werbeartikel Ma\u00dfband kaufen willst, ideal f\u00fcr Bau und Handwerk.","canonical_url":"https:\/\/hidalgo.nl\/de\/wp-json\/wp\/v2\/product\/152177","robots":"max-image-preview:large","keywords":"","webmasterTools":{"miscellaneous":""},"schema":{"@context":"https:\/\/schema.org","@graph":[{"@type":"BreadcrumbList","@id":"https:\/\/hidalgo.nl\/de\/product\/152177\/massband-bedrucken-measuremate-5m-recyceltes-abs-genau\/#breadcrumblist","itemListElement":[{"@type":"ListItem","@id":"https:\/\/hidalgo.nl\/de\/#listItem","position":1,"name":"Home","item":"https:\/\/hidalgo.nl\/de\/","nextItem":{"@type":"ListItem","@id":"https:\/\/hidalgo.nl\/example\/#listItem","name":"example"}},{"@type":"ListItem","@id":"https:\/\/hidalgo.nl\/example\/#listItem","position":2,"name":"example","item":"https:\/\/hidalgo.nl\/example\/","nextItem":{"@type":"ListItem","@id":"https:\/\/hidalgo.nl\/en\/product-supplier\/a53\/#listItem","name":"A53"},"previousItem":{"@type":"ListItem","@id":"https:\/\/hidalgo.nl\/de\/#listItem","name":"Home"}},{"@type":"ListItem","@id":"https:\/\/hidalgo.nl\/en\/product-supplier\/a53\/#listItem","position":3,"name":"A53","item":"https:\/\/hidalgo.nl\/en\/product-supplier\/a53\/","nextItem":{"@type":"ListItem","@id":"https:\/\/hidalgo.nl\/de\/product\/152177\/massband-bedrucken-measuremate-5m-recyceltes-abs-genau\/#listItem","name":"MeasureMate Rolmaat 5 meter"},"previousItem":{"@type":"ListItem","@id":"https:\/\/hidalgo.nl\/example\/#listItem","name":"example"}},{"@type":"ListItem","@id":"https:\/\/hidalgo.nl\/de\/product\/152177\/massband-bedrucken-measuremate-5m-recyceltes-abs-genau\/#listItem","position":4,"name":"MeasureMate Rolmaat 5 meter","previousItem":{"@type":"ListItem","@id":"https:\/\/hidalgo.nl\/en\/product-supplier\/a53\/#listItem","name":"A53"}}]},{"@type":"Organization","@id":"https:\/\/hidalgo.nl\/de\/#organization","name":"Hidalgo","url":"https:\/\/hidalgo.nl\/de\/","logo":{"@type":"ImageObject","url":"https:\/\/shop.hidalgo.nl\/wp-content\/uploads\/2025\/11\/cropped-Hidalgo-est1993.png","@id":"https:\/\/hidalgo.nl\/de\/product\/152177\/massband-bedrucken-measuremate-5m-recyceltes-abs-genau\/#organizationLogo","width":585,"height":195},"image":{"@id":"https:\/\/hidalgo.nl\/de\/product\/152177\/massband-bedrucken-measuremate-5m-recyceltes-abs-genau\/#organizationLogo"}},{"@type":"ProductGroup","@id":"https:\/\/hidalgo.nl\/de\/product\/152177\/massband-bedrucken-measuremate-5m-recyceltes-abs-genau\/#wooCommerceProduct","name":"Ma\u00dfband bedrucken MeasureMate 5m recyceltes ABS genau","url":"https:\/\/hidalgo.nl\/de\/product\/152177\/massband-bedrucken-measuremate-5m-recyceltes-abs-genau\/","brand":{"@type":"Brand","name":"Hidalgo"},"sku":"A53-LT91875","image":{"@type":"ImageObject","url":"https:\/\/shop.hidalgo.nl\/wp-content\/uploads\/2025\/05\/4a5dcc664a6c8f8afc2defd4eda33170674fb8d4fdfacb3316e8e07360d28c8a.jpg","@id":"https:\/\/hidalgo.nl\/de\/product\/152177\/massband-bedrucken-measuremate-5m-recyceltes-abs-genau\/#productImage","width":1000,"height":1000},"productGroupID":152177,"hasVariant":[{"@type":"Product","@id":"https:\/\/hidalgo.nl\/de\/product\/152177\/massband-bedrucken-measuremate-5m-recyceltes-abs-genau\/#wooCommerceProduct","name":"MeasureMate Rolmaat 5 meter - zwart-grijs","url":"https:\/\/hidalgo.nl\/de\/product\/152177\/massband-bedrucken-measuremate-5m-recyceltes-abs-genau\/","sku":"A53-LT91875-N0261","image":{"@type":"ImageObject","url":"https:\/\/shop.hidalgo.nl\/wp-content\/uploads\/2025\/05\/57944368560eb351169778eaebaf47c79cc22aa0424d6d728bcf683841c051d8.jpg","@id":"https:\/\/hidalgo.nl\/de\/product\/152177\/massband-bedrucken-measuremate-5m-recyceltes-abs-genau\/#productImage","width":1000,"height":1000},"offers":{"@type":"Offer","url":"https:\/\/hidalgo.nl\/de\/product\/152177\/massband-bedrucken-measuremate-5m-recyceltes-abs-genau\/#wooCommerceOffer","price":"4.86","priceCurrency":"EUR","category":"Promotionele Artikelen","availability":"https:\/\/schema.org\/InStock","priceSpecification":{"@type":"PriceSpecification","price":4.86,"priceCurrency":"EUR","valueAddedTaxIncluded":"true"}}}]},{"@type":"WebPage","@id":"https:\/\/hidalgo.nl\/de\/product\/152177\/massband-bedrucken-measuremate-5m-recyceltes-abs-genau\/#webpage","url":"https:\/\/hidalgo.nl\/de\/product\/152177\/massband-bedrucken-measuremate-5m-recyceltes-abs-genau\/","name":"Ma\u00dfband bedrucken MeasureMate 5m recyceltes ABS genau","description":"MeasureMate 5m aus recyceltem ABS liefert pr\u00e4zise Messungen und eine gut sichtbare Druckfl\u00e4che f\u00fcr dein Branding. Lass dein Ma\u00dfband mit Logo bedrucken und w\u00e4hle eine nachhaltige L\u00f6sung, wenn du ein Werbeartikel Ma\u00dfband kaufen willst, ideal f\u00fcr Bau und Handwerk.","inLanguage":"de-DE","isPartOf":{"@id":"https:\/\/hidalgo.nl\/de\/#website"},"breadcrumb":{"@id":"https:\/\/hidalgo.nl\/de\/product\/152177\/massband-bedrucken-measuremate-5m-recyceltes-abs-genau\/#breadcrumblist"},"image":{"@type":"ImageObject","url":"https:\/\/shop.hidalgo.nl\/wp-content\/uploads\/2025\/05\/4a5dcc664a6c8f8afc2defd4eda33170674fb8d4fdfacb3316e8e07360d28c8a.jpg","@id":"https:\/\/hidalgo.nl\/de\/product\/152177\/massband-bedrucken-measuremate-5m-recyceltes-abs-genau\/#mainImage","width":1000,"height":1000},"primaryImageOfPage":{"@id":"https:\/\/hidalgo.nl\/de\/product\/152177\/massband-bedrucken-measuremate-5m-recyceltes-abs-genau\/#mainImage"},"datePublished":"2025-07-09T17:49:29+00:00","dateModified":"2026-04-30T11:45:34+00:00"},{"@type":"WebSite","@id":"https:\/\/hidalgo.nl\/de\/#website","url":"https:\/\/hidalgo.nl\/de\/","name":"Hidalgo","inLanguage":"de-DE","publisher":{"@id":"https:\/\/hidalgo.nl\/de\/#organization"}}]},"og:locale":"de_DE","og:site_name":"Hidalgo -","og:type":"article","og:title":"Ma\u00dfband bedrucken MeasureMate 5m recyceltes ABS genau","og:description":"MeasureMate 5m aus recyceltem ABS liefert pr\u00e4zise Messungen und eine gut sichtbare Druckfl\u00e4che f\u00fcr dein Branding. Lass dein Ma\u00dfband mit Logo bedrucken und w\u00e4hle eine nachhaltige L\u00f6sung, wenn du ein Werbeartikel Ma\u00dfband kaufen willst, ideal f\u00fcr Bau und Handwerk.","og:url":"https:\/\/hidalgo.nl\/de\/wp-json\/wp\/v2\/product\/152177","og:image":"https:\/\/shop.hidalgo.nl\/wp-content\/uploads\/2025\/11\/cropped-Hidalgo-est1993.png","og:image:secure_url":"https:\/\/shop.hidalgo.nl\/wp-content\/uploads\/2025\/11\/cropped-Hidalgo-est1993.png","article:published_time":"2025-07-09T17:49:29+00:00","article:modified_time":"2026-04-30T11:45:34+00:00","twitter:card":"summary_large_image","twitter:title":"Ma\u00dfband bedrucken MeasureMate 5m recyceltes ABS genau","twitter:description":"MeasureMate 5m aus recyceltem ABS liefert pr\u00e4zise Messungen und eine gut sichtbare Druckfl\u00e4che f\u00fcr dein Branding. Lass dein Ma\u00dfband mit Logo bedrucken und w\u00e4hle eine nachhaltige L\u00f6sung, wenn du ein Werbeartikel Ma\u00dfband kaufen willst, ideal f\u00fcr Bau und Handwerk.","twitter:image":"https:\/\/shop.hidalgo.nl\/wp-content\/uploads\/2025\/11\/cropped-Hidalgo-est1993.png"},"aioseo_meta_data":{"post_id":"152177","title":null,"description":null,"keywords":null,"keyphrases":null,"primary_term":null,"canonical_url":null,"og_title":null,"og_description":null,"og_object_type":"default","og_image_type":"default","og_image_url":null,"og_image_width":null,"og_image_height":null,"og_image_custom_url":null,"og_image_custom_fields":null,"og_video":null,"og_custom_url":null,"og_article_section":null,"og_article_tags":null,"twitter_use_og":false,"twitter_card":"default","twitter_image_type":"default","twitter_image_url":null,"twitter_image_custom_url":null,"twitter_image_custom_fields":null,"twitter_title":null,"twitter_description":null,"schema":{"blockGraphs":[],"customGraphs":[],"default":{"data":{"Article":[],"Course":[],"Dataset":[],"FAQPage":[],"Movie":[],"Person":[],"Product":[],"ProductReview":[],"Car":[],"Recipe":[],"Service":[],"SoftwareApplication":[],"WebPage":[]},"graphName":"","isEnabled":true},"graphs":[]},"schema_type":"default","schema_type_options":null,"pillar_content":false,"robots_default":true,"robots_noindex":false,"robots_noarchive":false,"robots_nosnippet":false,"robots_nofollow":false,"robots_noimageindex":false,"robots_noodp":false,"robots_notranslate":false,"robots_max_snippet":null,"robots_max_videopreview":null,"robots_max_imagepreview":"large","priority":null,"frequency":null,"local_seo":null,"seo_analyzer_scan_date":"2026-02-06 07:29:25","breadcrumb_settings":null,"limit_modified_date":false,"reviewed_by":null,"open_ai":null,"ai":null,"created":"2026-01-14 06:25:41","updated":"2026-04-30 12:42:42"},"aioseo_breadcrumb":"<div class=\"aioseo-breadcrumbs\"><span class=\"aioseo-breadcrumb\">\n\t<a href=\"https:\/\/hidalgo.nl\/de\/\" title=\"Home\">Home<\/a>\n<\/span><span class=\"aioseo-breadcrumb-separator\">\u00bb<\/span><span class=\"aioseo-breadcrumb\">\n\t<a href=\"https:\/\/hidalgo.nl\/example\/\" title=\"example\">example<\/a>\n<\/span><span class=\"aioseo-breadcrumb-separator\">\u00bb<\/span><span class=\"aioseo-breadcrumb\">\n\t<a href=\"https:\/\/hidalgo.nl\/en\/product-supplier\/a53\/\" title=\"A53\">A53<\/a>\n<\/span><span class=\"aioseo-breadcrumb-separator\">\u00bb<\/span><span class=\"aioseo-breadcrumb\">\n\tMeasureMate Rolmaat 5 meter\n<\/span><\/div>","aioseo_breadcrumb_json":[{"label":"Home","link":"https:\/\/hidalgo.nl\/de\/"},{"label":"example","link":"https:\/\/hidalgo.nl\/example\/"},{"label":"A53","link":"https:\/\/hidalgo.nl\/en\/product-supplier\/a53\/"},{"label":"MeasureMate Rolmaat 5 meter","link":"https:\/\/hidalgo.nl\/de\/product\/152177\/massband-bedrucken-measuremate-5m-recyceltes-abs-genau\/"}],"_links":{"self":[{"href":"https:\/\/hidalgo.nl\/de\/wp-json\/wp\/v2\/product\/152177","targetHints":{"allow":["GET"]}}],"collection":[{"href":"https:\/\/hidalgo.nl\/de\/wp-json\/wp\/v2\/product"}],"about":[{"href":"https:\/\/hidalgo.nl\/de\/wp-json\/wp\/v2\/types\/product"}],"wp:featuredmedia":[{"embeddable":true,"href":"https:\/\/hidalgo.nl\/de\/wp-json\/wp\/v2\/media\/152178"}],"wp:attachment":[{"href":"https:\/\/hidalgo.nl\/de\/wp-json\/wp\/v2\/media?parent=152177"}],"wp:term":[{"taxonomy":"product_brand","embeddable":true,"href":"https:\/\/hidalgo.nl\/de\/wp-json\/wp\/v2\/product_brand?post=152177"},{"taxonomy":"product_cat","embeddable":true,"href":"https:\/\/hidalgo.nl\/de\/wp-json\/wp\/v2\/product_cat?post=152177"},{"taxonomy":"product_tag","embeddable":true,"href":"https:\/\/hidalgo.nl\/de\/wp-json\/wp\/v2\/product_tag?post=152177"}],"curies":[{"name":"wp","href":"https:\/\/api.w.org\/{rel}","templated":true}]}}