{"id":152128,"date":"2025-07-09T17:47:51","date_gmt":"2025-07-09T17:47:51","guid":{"rendered":"http:\/\/bidonsenshakers.pim.hidalgo.nl\/product\/dimensionpro-rolmaat-5-meter\/"},"modified":"2026-02-28T12:36:22","modified_gmt":"2026-02-28T12:36:22","slug":"dimensionpro-rolmaat-5-meter","status":"publish","type":"product","link":"https:\/\/hidalgo.nl\/de\/product\/dimensionpro-rolmaat-5-meter\/","title":{"rendered":"DimensionPro Rolmaat 5 meter"},"content":{"rendered":"<p>Duurzame 5 m lange meetband gemaakt van gerecycled ABS, met een bandbreedte van 19 mm en een stijfheid tot 1,7 m. Heeft een vlak oppervlak, ideaal om te markeren. Voldoet aan de EEC Class MID II normen voor nauwkeurige metingen.<\/p>\n","protected":false},"excerpt":{"rendered":"<p>Duurzame 5 m lange meetband gemaakt van gerecycled ABS, met een bandbreedte van 19 mm en een stijfheid tot 1,7 m. Heeft een vlak oppervlak, ideaal om te markeren. Voldoet aan de EEC Class MID II normen voor nauwkeurige metingen.<\/p>\n","protected":false},"featured_media":152129,"template":"","meta":{"_acf_changed":false,"om_disable_all_campaigns":false,"_monsterinsights_skip_tracking":false,"_monsterinsights_sitenote_active":false,"_monsterinsights_sitenote_note":"","_monsterinsights_sitenote_category":0},"product_brand":[6374],"product_cat":[4808,4719],"product_tag":[],"class_list":{"0":"post-152128","1":"product","2":"type-product","3":"status-publish","4":"has-post-thumbnail","6":"product_supplier-a53","7":"product_brand-hidalgo","8":"product_cat-gereedschap","9":"product_cat-promotionele-artikelen","10":"entry","12":"first","13":"instock","14":"taxable","15":"shipping-taxable","16":"purchasable","17":"product-type-variable"},"acf":{"imprint_cost":[{"imprint_cost_key":"2aaa57588b25f06e1b1989e5b5471329563d208c","product_quantity_price_range":[{"imprint_cost_recommended_selling_price":"1.0725","imprint_cost_recommended_selling_quantity":"1"},{"imprint_cost_recommended_selling_price":"0.885","imprint_cost_recommended_selling_quantity":"10"},{"imprint_cost_recommended_selling_price":"0.7125","imprint_cost_recommended_selling_quantity":"25"},{"imprint_cost_recommended_selling_price":"0.63","imprint_cost_recommended_selling_quantity":"50"},{"imprint_cost_recommended_selling_price":"0.57","imprint_cost_recommended_selling_quantity":"100"},{"imprint_cost_recommended_selling_price":"0.4425","imprint_cost_recommended_selling_quantity":"250"},{"imprint_cost_recommended_selling_price":"0.3975","imprint_cost_recommended_selling_quantity":"500"},{"imprint_cost_recommended_selling_price":"0.36","imprint_cost_recommended_selling_quantity":"1000"},{"imprint_cost_recommended_selling_price":"0.345","imprint_cost_recommended_selling_quantity":"2500"},{"imprint_cost_recommended_selling_price":"0.33","imprint_cost_recommended_selling_quantity":"5000"},{"imprint_cost_recommended_selling_price":"0.315","imprint_cost_recommended_selling_quantity":"10000"}],"product_quantity_price_range_buying":[{"imprint_cost_general_buying_price":"0.715","imprint_cost_general_buying_quantity":"1"},{"imprint_cost_general_buying_price":"0.59","imprint_cost_general_buying_quantity":"10"},{"imprint_cost_general_buying_price":"0.475","imprint_cost_general_buying_quantity":"25"},{"imprint_cost_general_buying_price":"0.42","imprint_cost_general_buying_quantity":"50"},{"imprint_cost_general_buying_price":"0.38","imprint_cost_general_buying_quantity":"100"},{"imprint_cost_general_buying_price":"0.295","imprint_cost_general_buying_quantity":"250"},{"imprint_cost_general_buying_price":"0.265","imprint_cost_general_buying_quantity":"500"},{"imprint_cost_general_buying_price":"0.24","imprint_cost_general_buying_quantity":"1000"},{"imprint_cost_general_buying_price":"0.23","imprint_cost_general_buying_quantity":"2500"},{"imprint_cost_general_buying_price":"0.22","imprint_cost_general_buying_quantity":"5000"},{"imprint_cost_general_buying_price":"0.21","imprint_cost_general_buying_quantity":"10000"}],"imprint_cost_setup_costs":"54","imprint_cost_handling_costs":"0.06"}]},"aioseo_notices":[],"aioseo_head":"\n\t\t<!-- All in One SEO Pro 4.9.5.2 - aioseo.com -->\n\t<meta name=\"description\" content=\"Dieses pr\u00e4zise 5-Meter-Bandma\u00df aus recyceltem ABS ist dein idealer Werbeartikel. Lasse das Rollbandma\u00df mit Aufdruck personalisieren und profitiere von einem langlebigen Werbegeschenk, das deine Marke nachhaltig sichtbar macht.\" \/>\n\t<meta name=\"robots\" content=\"max-image-preview:large\" \/>\n\t<link rel=\"canonical\" href=\"https:\/\/hidalgo.nl\/de\/wp-json\/wp\/v2\/product\/152128\" \/>\n\t<meta name=\"generator\" content=\"All in One SEO Pro (AIOSEO) 4.9.5.2\" \/>\n\t\t<meta property=\"og:locale\" content=\"de_DE\" \/>\n\t\t<meta property=\"og:site_name\" content=\"Hidalgo -\" \/>\n\t\t<meta property=\"og:type\" content=\"article\" \/>\n\t\t<meta property=\"og:title\" content=\"DimensionPro Rolmaat 5 meter\" \/>\n\t\t<meta property=\"og:description\" content=\"Dieses pr\u00e4zise 5-Meter-Bandma\u00df aus recyceltem ABS ist dein idealer Werbeartikel. Lasse das Rollbandma\u00df mit Aufdruck personalisieren und profitiere von einem langlebigen Werbegeschenk, das deine Marke nachhaltig sichtbar macht.\" \/>\n\t\t<meta property=\"og:url\" content=\"https:\/\/hidalgo.nl\/de\/wp-json\/wp\/v2\/product\/152128\" \/>\n\t\t<meta property=\"og:image\" content=\"https:\/\/shop.hidalgo.nl\/wp-content\/uploads\/2025\/11\/cropped-Hidalgo-est1993.png\" \/>\n\t\t<meta property=\"og:image:secure_url\" content=\"https:\/\/shop.hidalgo.nl\/wp-content\/uploads\/2025\/11\/cropped-Hidalgo-est1993.png\" \/>\n\t\t<meta property=\"article:published_time\" content=\"2025-07-09T17:47:51+00:00\" \/>\n\t\t<meta property=\"article:modified_time\" content=\"2026-02-28T12:36:22+00:00\" \/>\n\t\t<meta name=\"twitter:card\" content=\"summary_large_image\" \/>\n\t\t<meta name=\"twitter:title\" content=\"DimensionPro Rolmaat 5 meter\" \/>\n\t\t<meta name=\"twitter:description\" content=\"Dieses pr\u00e4zise 5-Meter-Bandma\u00df aus recyceltem ABS ist dein idealer Werbeartikel. Lasse das Rollbandma\u00df mit Aufdruck personalisieren und profitiere von einem langlebigen Werbegeschenk, das deine Marke nachhaltig sichtbar macht.\" \/>\n\t\t<meta name=\"twitter:image\" content=\"https:\/\/shop.hidalgo.nl\/wp-content\/uploads\/2025\/11\/cropped-Hidalgo-est1993.png\" \/>\n\t\t<script type=\"application\/ld+json\" class=\"aioseo-schema\">\n\t\t\t{\"@context\":\"https:\\\/\\\/schema.org\",\"@graph\":[{\"@type\":\"BreadcrumbList\",\"@id\":\"https:\\\/\\\/hidalgo.nl\\\/de\\\/product\\\/dimensionpro-rolmaat-5-meter\\\/#breadcrumblist\",\"itemListElement\":[{\"@type\":\"ListItem\",\"@id\":\"https:\\\/\\\/hidalgo.nl\\\/de\\\/#listItem\",\"position\":1,\"name\":\"Home\",\"item\":\"https:\\\/\\\/hidalgo.nl\\\/de\\\/\",\"nextItem\":{\"@type\":\"ListItem\",\"@id\":\"https:\\\/\\\/hidalgo.nl\\\/example\\\/#listItem\",\"name\":\"example\"}},{\"@type\":\"ListItem\",\"@id\":\"https:\\\/\\\/hidalgo.nl\\\/example\\\/#listItem\",\"position\":2,\"name\":\"example\",\"item\":\"https:\\\/\\\/hidalgo.nl\\\/example\\\/\",\"nextItem\":{\"@type\":\"ListItem\",\"@id\":\"https:\\\/\\\/hidalgo.nl\\\/en\\\/product-supplier\\\/a53\\\/#listItem\",\"name\":\"A53\"},\"previousItem\":{\"@type\":\"ListItem\",\"@id\":\"https:\\\/\\\/hidalgo.nl\\\/de\\\/#listItem\",\"name\":\"Home\"}},{\"@type\":\"ListItem\",\"@id\":\"https:\\\/\\\/hidalgo.nl\\\/en\\\/product-supplier\\\/a53\\\/#listItem\",\"position\":3,\"name\":\"A53\",\"item\":\"https:\\\/\\\/hidalgo.nl\\\/en\\\/product-supplier\\\/a53\\\/\",\"nextItem\":{\"@type\":\"ListItem\",\"@id\":\"https:\\\/\\\/hidalgo.nl\\\/de\\\/product\\\/dimensionpro-rolmaat-5-meter\\\/#listItem\",\"name\":\"DimensionPro Rolmaat 5 meter\"},\"previousItem\":{\"@type\":\"ListItem\",\"@id\":\"https:\\\/\\\/hidalgo.nl\\\/example\\\/#listItem\",\"name\":\"example\"}},{\"@type\":\"ListItem\",\"@id\":\"https:\\\/\\\/hidalgo.nl\\\/de\\\/product\\\/dimensionpro-rolmaat-5-meter\\\/#listItem\",\"position\":4,\"name\":\"DimensionPro Rolmaat 5 meter\",\"previousItem\":{\"@type\":\"ListItem\",\"@id\":\"https:\\\/\\\/hidalgo.nl\\\/en\\\/product-supplier\\\/a53\\\/#listItem\",\"name\":\"A53\"}}]},{\"@type\":\"ItemPage\",\"@id\":\"https:\\\/\\\/hidalgo.nl\\\/de\\\/product\\\/dimensionpro-rolmaat-5-meter\\\/#itempage\",\"url\":\"https:\\\/\\\/hidalgo.nl\\\/de\\\/product\\\/dimensionpro-rolmaat-5-meter\\\/\",\"name\":\"DimensionPro Rolmaat 5 meter\",\"description\":\"Dieses pr\\u00e4zise 5-Meter-Bandma\\u00df aus recyceltem ABS ist dein idealer Werbeartikel. Lasse das Rollbandma\\u00df mit Aufdruck personalisieren und profitiere von einem langlebigen Werbegeschenk, das deine Marke nachhaltig sichtbar macht.\",\"inLanguage\":\"de-DE\",\"isPartOf\":{\"@id\":\"https:\\\/\\\/hidalgo.nl\\\/de\\\/#website\"},\"breadcrumb\":{\"@id\":\"https:\\\/\\\/hidalgo.nl\\\/de\\\/product\\\/dimensionpro-rolmaat-5-meter\\\/#breadcrumblist\"},\"image\":{\"@type\":\"ImageObject\",\"url\":\"https:\\\/\\\/shop.hidalgo.nl\\\/wp-content\\\/uploads\\\/2025\\\/05\\\/f33b4c4e0d4f7c72941a003da2860fdf78a23656480e2334474b2f0eca43663e.jpg\",\"@id\":\"https:\\\/\\\/hidalgo.nl\\\/de\\\/product\\\/dimensionpro-rolmaat-5-meter\\\/#mainImage\",\"width\":1000,\"height\":1000},\"primaryImageOfPage\":{\"@id\":\"https:\\\/\\\/hidalgo.nl\\\/de\\\/product\\\/dimensionpro-rolmaat-5-meter\\\/#mainImage\"},\"datePublished\":\"2025-07-09T17:47:51+00:00\",\"dateModified\":\"2026-02-28T12:36:22+00:00\"},{\"@type\":\"Organization\",\"@id\":\"https:\\\/\\\/hidalgo.nl\\\/de\\\/#organization\",\"name\":\"Hidalgo\",\"url\":\"https:\\\/\\\/hidalgo.nl\\\/de\\\/\",\"logo\":{\"@type\":\"ImageObject\",\"url\":\"https:\\\/\\\/shop.hidalgo.nl\\\/wp-content\\\/uploads\\\/2025\\\/11\\\/cropped-Hidalgo-est1993.png\",\"@id\":\"https:\\\/\\\/hidalgo.nl\\\/de\\\/product\\\/dimensionpro-rolmaat-5-meter\\\/#organizationLogo\",\"width\":585,\"height\":195},\"image\":{\"@id\":\"https:\\\/\\\/hidalgo.nl\\\/de\\\/product\\\/dimensionpro-rolmaat-5-meter\\\/#organizationLogo\"}},{\"@type\":\"WebPage\",\"@id\":\"https:\\\/\\\/hidalgo.nl\\\/de\\\/product\\\/dimensionpro-rolmaat-5-meter\\\/#webpage\",\"url\":\"https:\\\/\\\/hidalgo.nl\\\/de\\\/product\\\/dimensionpro-rolmaat-5-meter\\\/\",\"name\":\"DimensionPro Rolmaat 5 meter\",\"description\":\"Dieses pr\\u00e4zise 5-Meter-Bandma\\u00df aus recyceltem ABS ist dein idealer Werbeartikel. Lasse das Rollbandma\\u00df mit Aufdruck personalisieren und profitiere von einem langlebigen Werbegeschenk, das deine Marke nachhaltig sichtbar macht.\",\"inLanguage\":\"de-DE\",\"isPartOf\":{\"@id\":\"https:\\\/\\\/hidalgo.nl\\\/de\\\/#website\"},\"breadcrumb\":{\"@id\":\"https:\\\/\\\/hidalgo.nl\\\/de\\\/product\\\/dimensionpro-rolmaat-5-meter\\\/#breadcrumblist\"},\"image\":{\"@type\":\"ImageObject\",\"url\":\"https:\\\/\\\/shop.hidalgo.nl\\\/wp-content\\\/uploads\\\/2025\\\/05\\\/f33b4c4e0d4f7c72941a003da2860fdf78a23656480e2334474b2f0eca43663e.jpg\",\"@id\":\"https:\\\/\\\/hidalgo.nl\\\/de\\\/product\\\/dimensionpro-rolmaat-5-meter\\\/#mainImage\",\"width\":1000,\"height\":1000},\"primaryImageOfPage\":{\"@id\":\"https:\\\/\\\/hidalgo.nl\\\/de\\\/product\\\/dimensionpro-rolmaat-5-meter\\\/#mainImage\"},\"datePublished\":\"2025-07-09T17:47:51+00:00\",\"dateModified\":\"2026-02-28T12:36:22+00:00\"},{\"@type\":\"WebSite\",\"@id\":\"https:\\\/\\\/hidalgo.nl\\\/de\\\/#website\",\"url\":\"https:\\\/\\\/hidalgo.nl\\\/de\\\/\",\"name\":\"Hidalgo\",\"inLanguage\":\"de-DE\",\"publisher\":{\"@id\":\"https:\\\/\\\/hidalgo.nl\\\/de\\\/#organization\"}}]}\n\t\t<\/script>\n\t\t<!-- All in One SEO Pro -->\r\n\t\t<title>DimensionPro Rolmaat 5 meter<\/title>\n\n","aioseo_head_json":{"title":"DimensionPro Rolmaat 5 meter","description":"Dieses pr\u00e4zise 5-Meter-Bandma\u00df aus recyceltem ABS ist dein idealer Werbeartikel. Lasse das Rollbandma\u00df mit Aufdruck personalisieren und profitiere von einem langlebigen Werbegeschenk, das deine Marke nachhaltig sichtbar macht.","canonical_url":"https:\/\/hidalgo.nl\/de\/wp-json\/wp\/v2\/product\/152128","robots":"max-image-preview:large","keywords":"","webmasterTools":{"miscellaneous":""},"schema":{"@context":"https:\/\/schema.org","@graph":[{"@type":"BreadcrumbList","@id":"https:\/\/hidalgo.nl\/de\/product\/dimensionpro-rolmaat-5-meter\/#breadcrumblist","itemListElement":[{"@type":"ListItem","@id":"https:\/\/hidalgo.nl\/de\/#listItem","position":1,"name":"Home","item":"https:\/\/hidalgo.nl\/de\/","nextItem":{"@type":"ListItem","@id":"https:\/\/hidalgo.nl\/example\/#listItem","name":"example"}},{"@type":"ListItem","@id":"https:\/\/hidalgo.nl\/example\/#listItem","position":2,"name":"example","item":"https:\/\/hidalgo.nl\/example\/","nextItem":{"@type":"ListItem","@id":"https:\/\/hidalgo.nl\/en\/product-supplier\/a53\/#listItem","name":"A53"},"previousItem":{"@type":"ListItem","@id":"https:\/\/hidalgo.nl\/de\/#listItem","name":"Home"}},{"@type":"ListItem","@id":"https:\/\/hidalgo.nl\/en\/product-supplier\/a53\/#listItem","position":3,"name":"A53","item":"https:\/\/hidalgo.nl\/en\/product-supplier\/a53\/","nextItem":{"@type":"ListItem","@id":"https:\/\/hidalgo.nl\/de\/product\/dimensionpro-rolmaat-5-meter\/#listItem","name":"DimensionPro Rolmaat 5 meter"},"previousItem":{"@type":"ListItem","@id":"https:\/\/hidalgo.nl\/example\/#listItem","name":"example"}},{"@type":"ListItem","@id":"https:\/\/hidalgo.nl\/de\/product\/dimensionpro-rolmaat-5-meter\/#listItem","position":4,"name":"DimensionPro Rolmaat 5 meter","previousItem":{"@type":"ListItem","@id":"https:\/\/hidalgo.nl\/en\/product-supplier\/a53\/#listItem","name":"A53"}}]},{"@type":"ItemPage","@id":"https:\/\/hidalgo.nl\/de\/product\/dimensionpro-rolmaat-5-meter\/#itempage","url":"https:\/\/hidalgo.nl\/de\/product\/dimensionpro-rolmaat-5-meter\/","name":"DimensionPro Rolmaat 5 meter","description":"Dieses pr\u00e4zise 5-Meter-Bandma\u00df aus recyceltem ABS ist dein idealer Werbeartikel. Lasse das Rollbandma\u00df mit Aufdruck personalisieren und profitiere von einem langlebigen Werbegeschenk, das deine Marke nachhaltig sichtbar macht.","inLanguage":"de-DE","isPartOf":{"@id":"https:\/\/hidalgo.nl\/de\/#website"},"breadcrumb":{"@id":"https:\/\/hidalgo.nl\/de\/product\/dimensionpro-rolmaat-5-meter\/#breadcrumblist"},"image":{"@type":"ImageObject","url":"https:\/\/shop.hidalgo.nl\/wp-content\/uploads\/2025\/05\/f33b4c4e0d4f7c72941a003da2860fdf78a23656480e2334474b2f0eca43663e.jpg","@id":"https:\/\/hidalgo.nl\/de\/product\/dimensionpro-rolmaat-5-meter\/#mainImage","width":1000,"height":1000},"primaryImageOfPage":{"@id":"https:\/\/hidalgo.nl\/de\/product\/dimensionpro-rolmaat-5-meter\/#mainImage"},"datePublished":"2025-07-09T17:47:51+00:00","dateModified":"2026-02-28T12:36:22+00:00"},{"@type":"Organization","@id":"https:\/\/hidalgo.nl\/de\/#organization","name":"Hidalgo","url":"https:\/\/hidalgo.nl\/de\/","logo":{"@type":"ImageObject","url":"https:\/\/shop.hidalgo.nl\/wp-content\/uploads\/2025\/11\/cropped-Hidalgo-est1993.png","@id":"https:\/\/hidalgo.nl\/de\/product\/dimensionpro-rolmaat-5-meter\/#organizationLogo","width":585,"height":195},"image":{"@id":"https:\/\/hidalgo.nl\/de\/product\/dimensionpro-rolmaat-5-meter\/#organizationLogo"}},{"@type":"WebPage","@id":"https:\/\/hidalgo.nl\/de\/product\/dimensionpro-rolmaat-5-meter\/#webpage","url":"https:\/\/hidalgo.nl\/de\/product\/dimensionpro-rolmaat-5-meter\/","name":"DimensionPro Rolmaat 5 meter","description":"Dieses pr\u00e4zise 5-Meter-Bandma\u00df aus recyceltem ABS ist dein idealer Werbeartikel. Lasse das Rollbandma\u00df mit Aufdruck personalisieren und profitiere von einem langlebigen Werbegeschenk, das deine Marke nachhaltig sichtbar macht.","inLanguage":"de-DE","isPartOf":{"@id":"https:\/\/hidalgo.nl\/de\/#website"},"breadcrumb":{"@id":"https:\/\/hidalgo.nl\/de\/product\/dimensionpro-rolmaat-5-meter\/#breadcrumblist"},"image":{"@type":"ImageObject","url":"https:\/\/shop.hidalgo.nl\/wp-content\/uploads\/2025\/05\/f33b4c4e0d4f7c72941a003da2860fdf78a23656480e2334474b2f0eca43663e.jpg","@id":"https:\/\/hidalgo.nl\/de\/product\/dimensionpro-rolmaat-5-meter\/#mainImage","width":1000,"height":1000},"primaryImageOfPage":{"@id":"https:\/\/hidalgo.nl\/de\/product\/dimensionpro-rolmaat-5-meter\/#mainImage"},"datePublished":"2025-07-09T17:47:51+00:00","dateModified":"2026-02-28T12:36:22+00:00"},{"@type":"WebSite","@id":"https:\/\/hidalgo.nl\/de\/#website","url":"https:\/\/hidalgo.nl\/de\/","name":"Hidalgo","inLanguage":"de-DE","publisher":{"@id":"https:\/\/hidalgo.nl\/de\/#organization"}}]},"og:locale":"de_DE","og:site_name":"Hidalgo -","og:type":"article","og:title":"DimensionPro Rolmaat 5 meter","og:description":"Dieses pr\u00e4zise 5-Meter-Bandma\u00df aus recyceltem ABS ist dein idealer Werbeartikel. Lasse das Rollbandma\u00df mit Aufdruck personalisieren und profitiere von einem langlebigen Werbegeschenk, das deine Marke nachhaltig sichtbar macht.","og:url":"https:\/\/hidalgo.nl\/de\/wp-json\/wp\/v2\/product\/152128","og:image":"https:\/\/shop.hidalgo.nl\/wp-content\/uploads\/2025\/11\/cropped-Hidalgo-est1993.png","og:image:secure_url":"https:\/\/shop.hidalgo.nl\/wp-content\/uploads\/2025\/11\/cropped-Hidalgo-est1993.png","article:published_time":"2025-07-09T17:47:51+00:00","article:modified_time":"2026-02-28T12:36:22+00:00","twitter:card":"summary_large_image","twitter:title":"DimensionPro Rolmaat 5 meter","twitter:description":"Dieses pr\u00e4zise 5-Meter-Bandma\u00df aus recyceltem ABS ist dein idealer Werbeartikel. Lasse das Rollbandma\u00df mit Aufdruck personalisieren und profitiere von einem langlebigen Werbegeschenk, das deine Marke nachhaltig sichtbar macht.","twitter:image":"https:\/\/shop.hidalgo.nl\/wp-content\/uploads\/2025\/11\/cropped-Hidalgo-est1993.png"},"aioseo_meta_data":{"post_id":"152128","title":null,"description":null,"keywords":null,"keyphrases":null,"primary_term":null,"canonical_url":null,"og_title":null,"og_description":null,"og_object_type":"default","og_image_type":"default","og_image_url":null,"og_image_width":null,"og_image_height":null,"og_image_custom_url":null,"og_image_custom_fields":null,"og_video":null,"og_custom_url":null,"og_article_section":null,"og_article_tags":null,"twitter_use_og":false,"twitter_card":"default","twitter_image_type":"default","twitter_image_url":null,"twitter_image_custom_url":null,"twitter_image_custom_fields":null,"twitter_title":null,"twitter_description":null,"schema":{"blockGraphs":[],"customGraphs":[],"default":{"data":{"Article":[],"Course":[],"Dataset":[],"FAQPage":[],"Movie":[],"Person":[],"Product":[],"ProductReview":[],"Car":[],"Recipe":[],"Service":[],"SoftwareApplication":[],"WebPage":[]},"graphName":"","isEnabled":true},"graphs":[]},"schema_type":"default","schema_type_options":null,"pillar_content":false,"robots_default":true,"robots_noindex":false,"robots_noarchive":false,"robots_nosnippet":false,"robots_nofollow":false,"robots_noimageindex":false,"robots_noodp":false,"robots_notranslate":false,"robots_max_snippet":null,"robots_max_videopreview":null,"robots_max_imagepreview":"large","priority":null,"frequency":null,"local_seo":null,"seo_analyzer_scan_date":"2026-02-06 07:27:26","breadcrumb_settings":null,"limit_modified_date":false,"reviewed_by":null,"open_ai":null,"ai":null,"created":"2026-01-14 06:25:41","updated":"2026-02-28 14:38:10"},"aioseo_breadcrumb":"<div class=\"aioseo-breadcrumbs\"><span class=\"aioseo-breadcrumb\">\n\t<a href=\"https:\/\/hidalgo.nl\/de\/\" title=\"Home\">Home<\/a>\n<\/span><span class=\"aioseo-breadcrumb-separator\">\u00bb<\/span><span class=\"aioseo-breadcrumb\">\n\t<a href=\"https:\/\/hidalgo.nl\/example\/\" title=\"example\">example<\/a>\n<\/span><span class=\"aioseo-breadcrumb-separator\">\u00bb<\/span><span class=\"aioseo-breadcrumb\">\n\t<a href=\"https:\/\/hidalgo.nl\/en\/product-supplier\/a53\/\" title=\"A53\">A53<\/a>\n<\/span><span class=\"aioseo-breadcrumb-separator\">\u00bb<\/span><span class=\"aioseo-breadcrumb\">\n\tDimensionPro Rolmaat 5 meter\n<\/span><\/div>","aioseo_breadcrumb_json":[{"label":"Home","link":"https:\/\/hidalgo.nl\/de\/"},{"label":"example","link":"https:\/\/hidalgo.nl\/example\/"},{"label":"A53","link":"https:\/\/hidalgo.nl\/en\/product-supplier\/a53\/"},{"label":"DimensionPro Rolmaat 5 meter","link":"https:\/\/hidalgo.nl\/de\/product\/dimensionpro-rolmaat-5-meter\/"}],"_links":{"self":[{"href":"https:\/\/hidalgo.nl\/de\/wp-json\/wp\/v2\/product\/152128","targetHints":{"allow":["GET"]}}],"collection":[{"href":"https:\/\/hidalgo.nl\/de\/wp-json\/wp\/v2\/product"}],"about":[{"href":"https:\/\/hidalgo.nl\/de\/wp-json\/wp\/v2\/types\/product"}],"wp:featuredmedia":[{"embeddable":true,"href":"https:\/\/hidalgo.nl\/de\/wp-json\/wp\/v2\/media\/152129"}],"wp:attachment":[{"href":"https:\/\/hidalgo.nl\/de\/wp-json\/wp\/v2\/media?parent=152128"}],"wp:term":[{"taxonomy":"product_brand","embeddable":true,"href":"https:\/\/hidalgo.nl\/de\/wp-json\/wp\/v2\/product_brand?post=152128"},{"taxonomy":"product_cat","embeddable":true,"href":"https:\/\/hidalgo.nl\/de\/wp-json\/wp\/v2\/product_cat?post=152128"},{"taxonomy":"product_tag","embeddable":true,"href":"https:\/\/hidalgo.nl\/de\/wp-json\/wp\/v2\/product_tag?post=152128"}],"curies":[{"name":"wp","href":"https:\/\/api.w.org\/{rel}","templated":true}]}}