{"id":151469,"date":"2025-07-09T17:24:59","date_gmt":"2025-07-09T17:24:59","guid":{"rendered":"http:\/\/bidonsenshakers.pim.hidalgo.nl\/product\/12-kleurpotloden-in-kraft-doosje\/"},"modified":"2026-04-30T11:06:45","modified_gmt":"2026-04-30T11:06:45","slug":"12-kleurpotloden-in-kraft-doosje","status":"publish","type":"product","link":"https:\/\/hidalgo.nl\/de\/product\/151469\/buntstifte-bedrucken-12er-set-natur-kraftkarton\/","title":{"rendered":"12 kleurpotloden in kraft doosje"},"content":{"rendered":"<p>Een set van 12 levendige kleurpotloden, netjes verpakt in een kraft doosje. Deze set is ideaal voor creatieve projecten thuis, op school of onderweg en is perfect voor kinderen die graag tekenen en kleuren. Combineer het met eco digital print voor een duurzame optie die zowel leuk als milieubewust is. <\/p>\n","protected":false},"excerpt":{"rendered":"<p>Een set van 12 levendige kleurpotloden, netjes verpakt in een kraft doosje. Deze set is ideaal voor creatieve projecten thuis, op school of onderweg en is perfect voor kinderen die graag tekenen en kleuren. Combineer het met eco digital print voor een duurzame optie die zowel leuk als milieubewust is.<\/p>\n","protected":false},"featured_media":151470,"template":"","meta":{"_acf_changed":false,"om_disable_all_campaigns":false,"_monsterinsights_skip_tracking":false,"_monsterinsights_sitenote_active":false,"_monsterinsights_sitenote_note":"","_monsterinsights_sitenote_category":0},"product_brand":[],"product_cat":[4785,4719,4756],"product_tag":[],"class_list":{"0":"post-151469","1":"product","2":"type-product","3":"status-publish","4":"has-post-thumbnail","6":"product_supplier-a53","7":"product_cat-pennen","8":"product_cat-promotionele-artikelen","9":"product_cat-schrijfwaren","10":"entry","12":"first","13":"instock","14":"taxable","15":"shipping-taxable","16":"purchasable","17":"product-type-variable"},"acf":{"imprint_cost":[{"imprint_cost_key":"3c421ce072c766eea20fb028c9971984a2990781","product_quantity_price_range":[{"imprint_cost_recommended_selling_price":"0.495","imprint_cost_recommended_selling_quantity":"1"},{"imprint_cost_recommended_selling_price":"0.42","imprint_cost_recommended_selling_quantity":"10"},{"imprint_cost_recommended_selling_price":"0.36","imprint_cost_recommended_selling_quantity":"25"},{"imprint_cost_recommended_selling_price":"0.33","imprint_cost_recommended_selling_quantity":"50"},{"imprint_cost_recommended_selling_price":"0.3","imprint_cost_recommended_selling_quantity":"100"},{"imprint_cost_recommended_selling_price":"0.285","imprint_cost_recommended_selling_quantity":"250"},{"imprint_cost_recommended_selling_price":"0.27","imprint_cost_recommended_selling_quantity":"500"},{"imprint_cost_recommended_selling_price":"0.255","imprint_cost_recommended_selling_quantity":"1000"},{"imprint_cost_recommended_selling_price":"0.225","imprint_cost_recommended_selling_quantity":"2500"},{"imprint_cost_recommended_selling_price":"0.21","imprint_cost_recommended_selling_quantity":"5000"},{"imprint_cost_recommended_selling_price":"0.195","imprint_cost_recommended_selling_quantity":"10000"}],"product_quantity_price_range_buying":[{"imprint_cost_general_buying_price":"0.33","imprint_cost_general_buying_quantity":"1"},{"imprint_cost_general_buying_price":"0.28","imprint_cost_general_buying_quantity":"10"},{"imprint_cost_general_buying_price":"0.24","imprint_cost_general_buying_quantity":"25"},{"imprint_cost_general_buying_price":"0.22","imprint_cost_general_buying_quantity":"50"},{"imprint_cost_general_buying_price":"0.2","imprint_cost_general_buying_quantity":"100"},{"imprint_cost_general_buying_price":"0.19","imprint_cost_general_buying_quantity":"250"},{"imprint_cost_general_buying_price":"0.18","imprint_cost_general_buying_quantity":"500"},{"imprint_cost_general_buying_price":"0.17","imprint_cost_general_buying_quantity":"1000"},{"imprint_cost_general_buying_price":"0.15","imprint_cost_general_buying_quantity":"2500"},{"imprint_cost_general_buying_price":"0.14","imprint_cost_general_buying_quantity":"5000"},{"imprint_cost_general_buying_price":"0.13","imprint_cost_general_buying_quantity":"10000"}],"imprint_cost_setup_costs":"54","imprint_cost_handling_costs":"0"}]},"aioseo_notices":[],"aioseo_head":"\n\t\t<!-- All in One SEO Pro 4.9.6.2 - aioseo.com -->\n\t<meta name=\"description\" content=\"12 leuchtende Farben im naturbelassenen Kraftkarton, kompakt f\u00fcr Events, Messen und Schulaktionen. Du l\u00e4sst diese Farbstifte mit Logo als Buntstifte 12er Set bedrucken - gut sichtbar auf der Box und ideal f\u00fcr junge Zielgruppen.\" \/>\n\t<meta name=\"robots\" content=\"max-image-preview:large\" \/>\n\t<link rel=\"canonical\" href=\"https:\/\/hidalgo.nl\/de\/wp-json\/wp\/v2\/product\/151469\" \/>\n\t<meta name=\"generator\" content=\"All in One SEO Pro (AIOSEO) 4.9.6.2\" \/>\n\t\t<meta property=\"og:locale\" content=\"de_DE\" \/>\n\t\t<meta property=\"og:site_name\" content=\"Hidalgo -\" \/>\n\t\t<meta property=\"og:type\" content=\"article\" \/>\n\t\t<meta property=\"og:title\" content=\"Buntstifte bedrucken 12er Set Natur Kraftkarton\" \/>\n\t\t<meta property=\"og:description\" content=\"12 leuchtende Farben im naturbelassenen Kraftkarton, kompakt f\u00fcr Events, Messen und Schulaktionen. Du l\u00e4sst diese Farbstifte mit Logo als Buntstifte 12er Set bedrucken - gut sichtbar auf der Box und ideal f\u00fcr junge Zielgruppen.\" \/>\n\t\t<meta property=\"og:url\" content=\"https:\/\/hidalgo.nl\/de\/wp-json\/wp\/v2\/product\/151469\" \/>\n\t\t<meta property=\"og:image\" content=\"https:\/\/shop.hidalgo.nl\/wp-content\/uploads\/2025\/11\/cropped-Hidalgo-est1993.png\" \/>\n\t\t<meta property=\"og:image:secure_url\" content=\"https:\/\/shop.hidalgo.nl\/wp-content\/uploads\/2025\/11\/cropped-Hidalgo-est1993.png\" \/>\n\t\t<meta property=\"article:published_time\" content=\"2025-07-09T17:24:59+00:00\" \/>\n\t\t<meta property=\"article:modified_time\" content=\"2026-04-30T11:06:45+00:00\" \/>\n\t\t<meta name=\"twitter:card\" content=\"summary_large_image\" \/>\n\t\t<meta name=\"twitter:title\" content=\"Buntstifte bedrucken 12er Set Natur Kraftkarton\" \/>\n\t\t<meta name=\"twitter:description\" content=\"12 leuchtende Farben im naturbelassenen Kraftkarton, kompakt f\u00fcr Events, Messen und Schulaktionen. Du l\u00e4sst diese Farbstifte mit Logo als Buntstifte 12er Set bedrucken - gut sichtbar auf der Box und ideal f\u00fcr junge Zielgruppen.\" \/>\n\t\t<meta name=\"twitter:image\" content=\"https:\/\/shop.hidalgo.nl\/wp-content\/uploads\/2025\/11\/cropped-Hidalgo-est1993.png\" \/>\n\t\t<script type=\"application\/ld+json\" class=\"aioseo-schema\">\n\t\t\t{\"@context\":\"https:\\\/\\\/schema.org\",\"@graph\":[{\"@type\":\"BreadcrumbList\",\"@id\":\"https:\\\/\\\/hidalgo.nl\\\/de\\\/product\\\/151469\\\/buntstifte-bedrucken-12er-set-natur-kraftkarton\\\/#breadcrumblist\",\"itemListElement\":[{\"@type\":\"ListItem\",\"@id\":\"https:\\\/\\\/hidalgo.nl\\\/de\\\/#listItem\",\"position\":1,\"name\":\"Home\",\"item\":\"https:\\\/\\\/hidalgo.nl\\\/de\\\/\",\"nextItem\":{\"@type\":\"ListItem\",\"@id\":\"https:\\\/\\\/hidalgo.nl\\\/example\\\/#listItem\",\"name\":\"example\"}},{\"@type\":\"ListItem\",\"@id\":\"https:\\\/\\\/hidalgo.nl\\\/example\\\/#listItem\",\"position\":2,\"name\":\"example\",\"item\":\"https:\\\/\\\/hidalgo.nl\\\/example\\\/\",\"nextItem\":{\"@type\":\"ListItem\",\"@id\":\"https:\\\/\\\/hidalgo.nl\\\/en\\\/product-supplier\\\/a53\\\/#listItem\",\"name\":\"A53\"},\"previousItem\":{\"@type\":\"ListItem\",\"@id\":\"https:\\\/\\\/hidalgo.nl\\\/de\\\/#listItem\",\"name\":\"Home\"}},{\"@type\":\"ListItem\",\"@id\":\"https:\\\/\\\/hidalgo.nl\\\/en\\\/product-supplier\\\/a53\\\/#listItem\",\"position\":3,\"name\":\"A53\",\"item\":\"https:\\\/\\\/hidalgo.nl\\\/en\\\/product-supplier\\\/a53\\\/\",\"nextItem\":{\"@type\":\"ListItem\",\"@id\":\"https:\\\/\\\/hidalgo.nl\\\/de\\\/product\\\/151469\\\/buntstifte-bedrucken-12er-set-natur-kraftkarton\\\/#listItem\",\"name\":\"12 kleurpotloden in kraft doosje\"},\"previousItem\":{\"@type\":\"ListItem\",\"@id\":\"https:\\\/\\\/hidalgo.nl\\\/example\\\/#listItem\",\"name\":\"example\"}},{\"@type\":\"ListItem\",\"@id\":\"https:\\\/\\\/hidalgo.nl\\\/de\\\/product\\\/151469\\\/buntstifte-bedrucken-12er-set-natur-kraftkarton\\\/#listItem\",\"position\":4,\"name\":\"12 kleurpotloden in kraft doosje\",\"previousItem\":{\"@type\":\"ListItem\",\"@id\":\"https:\\\/\\\/hidalgo.nl\\\/en\\\/product-supplier\\\/a53\\\/#listItem\",\"name\":\"A53\"}}]},{\"@type\":\"Organization\",\"@id\":\"https:\\\/\\\/hidalgo.nl\\\/de\\\/#organization\",\"name\":\"Hidalgo\",\"url\":\"https:\\\/\\\/hidalgo.nl\\\/de\\\/\",\"logo\":{\"@type\":\"ImageObject\",\"url\":\"https:\\\/\\\/shop.hidalgo.nl\\\/wp-content\\\/uploads\\\/2025\\\/11\\\/cropped-Hidalgo-est1993.png\",\"@id\":\"https:\\\/\\\/hidalgo.nl\\\/de\\\/product\\\/151469\\\/buntstifte-bedrucken-12er-set-natur-kraftkarton\\\/#organizationLogo\",\"width\":585,\"height\":195},\"image\":{\"@id\":\"https:\\\/\\\/hidalgo.nl\\\/de\\\/product\\\/151469\\\/buntstifte-bedrucken-12er-set-natur-kraftkarton\\\/#organizationLogo\"}},{\"@type\":\"ProductGroup\",\"@id\":\"https:\\\/\\\/hidalgo.nl\\\/de\\\/product\\\/151469\\\/buntstifte-bedrucken-12er-set-natur-kraftkarton\\\/#wooCommerceProduct\",\"name\":\"Buntstifte bedrucken 12er Set Natur Kraftkarton\",\"url\":\"https:\\\/\\\/hidalgo.nl\\\/de\\\/product\\\/151469\\\/buntstifte-bedrucken-12er-set-natur-kraftkarton\\\/\",\"sku\":\"A53-LT91572\",\"image\":{\"@type\":\"ImageObject\",\"url\":\"https:\\\/\\\/shop.hidalgo.nl\\\/wp-content\\\/uploads\\\/2025\\\/05\\\/b4dad5d0462a402bc2e004962e2fc709339073c718b1376824b4fa288f02d2f1.jpg\",\"@id\":\"https:\\\/\\\/hidalgo.nl\\\/de\\\/product\\\/151469\\\/buntstifte-bedrucken-12er-set-natur-kraftkarton\\\/#productImage\",\"width\":1000,\"height\":1000},\"productGroupID\":151469,\"hasVariant\":[{\"@type\":\"Product\",\"@id\":\"https:\\\/\\\/hidalgo.nl\\\/de\\\/product\\\/151469\\\/buntstifte-bedrucken-12er-set-natur-kraftkarton\\\/#wooCommerceProduct\",\"name\":\"12 kleurpotloden in kraft doosje - natuur\",\"url\":\"https:\\\/\\\/hidalgo.nl\\\/de\\\/product\\\/151469\\\/buntstifte-bedrucken-12er-set-natur-kraftkarton\\\/\",\"sku\":\"A53-LT91572-N0094\",\"image\":{\"@type\":\"ImageObject\",\"url\":\"https:\\\/\\\/shop.hidalgo.nl\\\/wp-content\\\/uploads\\\/2025\\\/05\\\/a8f6f2f01551e8992777a164a2f327b19fbf0653e501e206e9f763555d3c381e.jpg\",\"@id\":\"https:\\\/\\\/hidalgo.nl\\\/de\\\/product\\\/151469\\\/buntstifte-bedrucken-12er-set-natur-kraftkarton\\\/#productImage\",\"width\":1000,\"height\":1000},\"offers\":{\"@type\":\"Offer\",\"url\":\"https:\\\/\\\/hidalgo.nl\\\/de\\\/product\\\/151469\\\/buntstifte-bedrucken-12er-set-natur-kraftkarton\\\/#wooCommerceOffer\",\"price\":\"0.6975\",\"priceCurrency\":\"EUR\",\"category\":\"Promotionele Artikelen\",\"availability\":\"https:\\\/\\\/schema.org\\\/InStock\",\"priceSpecification\":{\"@type\":\"PriceSpecification\",\"price\":0.6975,\"priceCurrency\":\"EUR\",\"valueAddedTaxIncluded\":\"true\"}}}]},{\"@type\":\"WebPage\",\"@id\":\"https:\\\/\\\/hidalgo.nl\\\/de\\\/product\\\/151469\\\/buntstifte-bedrucken-12er-set-natur-kraftkarton\\\/#webpage\",\"url\":\"https:\\\/\\\/hidalgo.nl\\\/de\\\/product\\\/151469\\\/buntstifte-bedrucken-12er-set-natur-kraftkarton\\\/\",\"name\":\"Buntstifte bedrucken 12er Set Natur Kraftkarton\",\"description\":\"12 leuchtende Farben im naturbelassenen Kraftkarton, kompakt f\\u00fcr Events, Messen und Schulaktionen. Du l\\u00e4sst diese Farbstifte mit Logo als Buntstifte 12er Set bedrucken - gut sichtbar auf der Box und ideal f\\u00fcr junge Zielgruppen.\",\"inLanguage\":\"de-DE\",\"isPartOf\":{\"@id\":\"https:\\\/\\\/hidalgo.nl\\\/de\\\/#website\"},\"breadcrumb\":{\"@id\":\"https:\\\/\\\/hidalgo.nl\\\/de\\\/product\\\/151469\\\/buntstifte-bedrucken-12er-set-natur-kraftkarton\\\/#breadcrumblist\"},\"image\":{\"@type\":\"ImageObject\",\"url\":\"https:\\\/\\\/shop.hidalgo.nl\\\/wp-content\\\/uploads\\\/2025\\\/05\\\/b4dad5d0462a402bc2e004962e2fc709339073c718b1376824b4fa288f02d2f1.jpg\",\"@id\":\"https:\\\/\\\/hidalgo.nl\\\/de\\\/product\\\/151469\\\/buntstifte-bedrucken-12er-set-natur-kraftkarton\\\/#mainImage\",\"width\":1000,\"height\":1000},\"primaryImageOfPage\":{\"@id\":\"https:\\\/\\\/hidalgo.nl\\\/de\\\/product\\\/151469\\\/buntstifte-bedrucken-12er-set-natur-kraftkarton\\\/#mainImage\"},\"datePublished\":\"2025-07-09T17:24:59+00:00\",\"dateModified\":\"2026-04-30T11:06:45+00:00\"},{\"@type\":\"WebSite\",\"@id\":\"https:\\\/\\\/hidalgo.nl\\\/de\\\/#website\",\"url\":\"https:\\\/\\\/hidalgo.nl\\\/de\\\/\",\"name\":\"Hidalgo\",\"inLanguage\":\"de-DE\",\"publisher\":{\"@id\":\"https:\\\/\\\/hidalgo.nl\\\/de\\\/#organization\"}}]}\n\t\t<\/script>\n\t\t<!-- All in One SEO Pro -->\r\n\t\t<title>Buntstifte bedrucken 12er Set Natur Kraftkarton<\/title>\n\n","aioseo_head_json":{"title":"Buntstifte bedrucken 12er Set Natur Kraftkarton","description":"12 leuchtende Farben im naturbelassenen Kraftkarton, kompakt f\u00fcr Events, Messen und Schulaktionen. Du l\u00e4sst diese Farbstifte mit Logo als Buntstifte 12er Set bedrucken - gut sichtbar auf der Box und ideal f\u00fcr junge Zielgruppen.","canonical_url":"https:\/\/hidalgo.nl\/de\/wp-json\/wp\/v2\/product\/151469","robots":"max-image-preview:large","keywords":"","webmasterTools":{"miscellaneous":""},"schema":{"@context":"https:\/\/schema.org","@graph":[{"@type":"BreadcrumbList","@id":"https:\/\/hidalgo.nl\/de\/product\/151469\/buntstifte-bedrucken-12er-set-natur-kraftkarton\/#breadcrumblist","itemListElement":[{"@type":"ListItem","@id":"https:\/\/hidalgo.nl\/de\/#listItem","position":1,"name":"Home","item":"https:\/\/hidalgo.nl\/de\/","nextItem":{"@type":"ListItem","@id":"https:\/\/hidalgo.nl\/example\/#listItem","name":"example"}},{"@type":"ListItem","@id":"https:\/\/hidalgo.nl\/example\/#listItem","position":2,"name":"example","item":"https:\/\/hidalgo.nl\/example\/","nextItem":{"@type":"ListItem","@id":"https:\/\/hidalgo.nl\/en\/product-supplier\/a53\/#listItem","name":"A53"},"previousItem":{"@type":"ListItem","@id":"https:\/\/hidalgo.nl\/de\/#listItem","name":"Home"}},{"@type":"ListItem","@id":"https:\/\/hidalgo.nl\/en\/product-supplier\/a53\/#listItem","position":3,"name":"A53","item":"https:\/\/hidalgo.nl\/en\/product-supplier\/a53\/","nextItem":{"@type":"ListItem","@id":"https:\/\/hidalgo.nl\/de\/product\/151469\/buntstifte-bedrucken-12er-set-natur-kraftkarton\/#listItem","name":"12 kleurpotloden in kraft doosje"},"previousItem":{"@type":"ListItem","@id":"https:\/\/hidalgo.nl\/example\/#listItem","name":"example"}},{"@type":"ListItem","@id":"https:\/\/hidalgo.nl\/de\/product\/151469\/buntstifte-bedrucken-12er-set-natur-kraftkarton\/#listItem","position":4,"name":"12 kleurpotloden in kraft doosje","previousItem":{"@type":"ListItem","@id":"https:\/\/hidalgo.nl\/en\/product-supplier\/a53\/#listItem","name":"A53"}}]},{"@type":"Organization","@id":"https:\/\/hidalgo.nl\/de\/#organization","name":"Hidalgo","url":"https:\/\/hidalgo.nl\/de\/","logo":{"@type":"ImageObject","url":"https:\/\/shop.hidalgo.nl\/wp-content\/uploads\/2025\/11\/cropped-Hidalgo-est1993.png","@id":"https:\/\/hidalgo.nl\/de\/product\/151469\/buntstifte-bedrucken-12er-set-natur-kraftkarton\/#organizationLogo","width":585,"height":195},"image":{"@id":"https:\/\/hidalgo.nl\/de\/product\/151469\/buntstifte-bedrucken-12er-set-natur-kraftkarton\/#organizationLogo"}},{"@type":"ProductGroup","@id":"https:\/\/hidalgo.nl\/de\/product\/151469\/buntstifte-bedrucken-12er-set-natur-kraftkarton\/#wooCommerceProduct","name":"Buntstifte bedrucken 12er Set Natur Kraftkarton","url":"https:\/\/hidalgo.nl\/de\/product\/151469\/buntstifte-bedrucken-12er-set-natur-kraftkarton\/","sku":"A53-LT91572","image":{"@type":"ImageObject","url":"https:\/\/shop.hidalgo.nl\/wp-content\/uploads\/2025\/05\/b4dad5d0462a402bc2e004962e2fc709339073c718b1376824b4fa288f02d2f1.jpg","@id":"https:\/\/hidalgo.nl\/de\/product\/151469\/buntstifte-bedrucken-12er-set-natur-kraftkarton\/#productImage","width":1000,"height":1000},"productGroupID":151469,"hasVariant":[{"@type":"Product","@id":"https:\/\/hidalgo.nl\/de\/product\/151469\/buntstifte-bedrucken-12er-set-natur-kraftkarton\/#wooCommerceProduct","name":"12 kleurpotloden in kraft doosje - natuur","url":"https:\/\/hidalgo.nl\/de\/product\/151469\/buntstifte-bedrucken-12er-set-natur-kraftkarton\/","sku":"A53-LT91572-N0094","image":{"@type":"ImageObject","url":"https:\/\/shop.hidalgo.nl\/wp-content\/uploads\/2025\/05\/a8f6f2f01551e8992777a164a2f327b19fbf0653e501e206e9f763555d3c381e.jpg","@id":"https:\/\/hidalgo.nl\/de\/product\/151469\/buntstifte-bedrucken-12er-set-natur-kraftkarton\/#productImage","width":1000,"height":1000},"offers":{"@type":"Offer","url":"https:\/\/hidalgo.nl\/de\/product\/151469\/buntstifte-bedrucken-12er-set-natur-kraftkarton\/#wooCommerceOffer","price":"0.6975","priceCurrency":"EUR","category":"Promotionele Artikelen","availability":"https:\/\/schema.org\/InStock","priceSpecification":{"@type":"PriceSpecification","price":0.6975,"priceCurrency":"EUR","valueAddedTaxIncluded":"true"}}}]},{"@type":"WebPage","@id":"https:\/\/hidalgo.nl\/de\/product\/151469\/buntstifte-bedrucken-12er-set-natur-kraftkarton\/#webpage","url":"https:\/\/hidalgo.nl\/de\/product\/151469\/buntstifte-bedrucken-12er-set-natur-kraftkarton\/","name":"Buntstifte bedrucken 12er Set Natur Kraftkarton","description":"12 leuchtende Farben im naturbelassenen Kraftkarton, kompakt f\u00fcr Events, Messen und Schulaktionen. Du l\u00e4sst diese Farbstifte mit Logo als Buntstifte 12er Set bedrucken - gut sichtbar auf der Box und ideal f\u00fcr junge Zielgruppen.","inLanguage":"de-DE","isPartOf":{"@id":"https:\/\/hidalgo.nl\/de\/#website"},"breadcrumb":{"@id":"https:\/\/hidalgo.nl\/de\/product\/151469\/buntstifte-bedrucken-12er-set-natur-kraftkarton\/#breadcrumblist"},"image":{"@type":"ImageObject","url":"https:\/\/shop.hidalgo.nl\/wp-content\/uploads\/2025\/05\/b4dad5d0462a402bc2e004962e2fc709339073c718b1376824b4fa288f02d2f1.jpg","@id":"https:\/\/hidalgo.nl\/de\/product\/151469\/buntstifte-bedrucken-12er-set-natur-kraftkarton\/#mainImage","width":1000,"height":1000},"primaryImageOfPage":{"@id":"https:\/\/hidalgo.nl\/de\/product\/151469\/buntstifte-bedrucken-12er-set-natur-kraftkarton\/#mainImage"},"datePublished":"2025-07-09T17:24:59+00:00","dateModified":"2026-04-30T11:06:45+00:00"},{"@type":"WebSite","@id":"https:\/\/hidalgo.nl\/de\/#website","url":"https:\/\/hidalgo.nl\/de\/","name":"Hidalgo","inLanguage":"de-DE","publisher":{"@id":"https:\/\/hidalgo.nl\/de\/#organization"}}]},"og:locale":"de_DE","og:site_name":"Hidalgo -","og:type":"article","og:title":"Buntstifte bedrucken 12er Set Natur Kraftkarton","og:description":"12 leuchtende Farben im naturbelassenen Kraftkarton, kompakt f\u00fcr Events, Messen und Schulaktionen. Du l\u00e4sst diese Farbstifte mit Logo als Buntstifte 12er Set bedrucken - gut sichtbar auf der Box und ideal f\u00fcr junge Zielgruppen.","og:url":"https:\/\/hidalgo.nl\/de\/wp-json\/wp\/v2\/product\/151469","og:image":"https:\/\/shop.hidalgo.nl\/wp-content\/uploads\/2025\/11\/cropped-Hidalgo-est1993.png","og:image:secure_url":"https:\/\/shop.hidalgo.nl\/wp-content\/uploads\/2025\/11\/cropped-Hidalgo-est1993.png","article:published_time":"2025-07-09T17:24:59+00:00","article:modified_time":"2026-04-30T11:06:45+00:00","twitter:card":"summary_large_image","twitter:title":"Buntstifte bedrucken 12er Set Natur Kraftkarton","twitter:description":"12 leuchtende Farben im naturbelassenen Kraftkarton, kompakt f\u00fcr Events, Messen und Schulaktionen. Du l\u00e4sst diese Farbstifte mit Logo als Buntstifte 12er Set bedrucken - gut sichtbar auf der Box und ideal f\u00fcr junge Zielgruppen.","twitter:image":"https:\/\/shop.hidalgo.nl\/wp-content\/uploads\/2025\/11\/cropped-Hidalgo-est1993.png"},"aioseo_meta_data":{"post_id":"151469","title":null,"description":null,"keywords":null,"keyphrases":null,"primary_term":null,"canonical_url":null,"og_title":null,"og_description":null,"og_object_type":"default","og_image_type":"default","og_image_url":null,"og_image_width":null,"og_image_height":null,"og_image_custom_url":null,"og_image_custom_fields":null,"og_video":null,"og_custom_url":null,"og_article_section":null,"og_article_tags":null,"twitter_use_og":false,"twitter_card":"default","twitter_image_type":"default","twitter_image_url":null,"twitter_image_custom_url":null,"twitter_image_custom_fields":null,"twitter_title":null,"twitter_description":null,"schema":{"blockGraphs":[],"customGraphs":[],"default":{"data":{"Article":[],"Course":[],"Dataset":[],"FAQPage":[],"Movie":[],"Person":[],"Product":[],"ProductReview":[],"Car":[],"Recipe":[],"Service":[],"SoftwareApplication":[],"WebPage":[]},"graphName":"","isEnabled":true},"graphs":[]},"schema_type":"default","schema_type_options":null,"pillar_content":false,"robots_default":true,"robots_noindex":false,"robots_noarchive":false,"robots_nosnippet":false,"robots_nofollow":false,"robots_noimageindex":false,"robots_noodp":false,"robots_notranslate":false,"robots_max_snippet":null,"robots_max_videopreview":null,"robots_max_imagepreview":"large","priority":null,"frequency":null,"local_seo":null,"seo_analyzer_scan_date":"2026-02-02 15:18:59","breadcrumb_settings":null,"limit_modified_date":false,"reviewed_by":null,"open_ai":null,"ai":null,"created":"2026-01-14 06:25:41","updated":"2026-04-30 11:40:47"},"aioseo_breadcrumb":"<div class=\"aioseo-breadcrumbs\"><span class=\"aioseo-breadcrumb\">\n\t<a href=\"https:\/\/hidalgo.nl\/de\/\" title=\"Home\">Home<\/a>\n<\/span><span class=\"aioseo-breadcrumb-separator\">\u00bb<\/span><span class=\"aioseo-breadcrumb\">\n\t<a href=\"https:\/\/hidalgo.nl\/example\/\" title=\"example\">example<\/a>\n<\/span><span class=\"aioseo-breadcrumb-separator\">\u00bb<\/span><span class=\"aioseo-breadcrumb\">\n\t<a href=\"https:\/\/hidalgo.nl\/en\/product-supplier\/a53\/\" title=\"A53\">A53<\/a>\n<\/span><span class=\"aioseo-breadcrumb-separator\">\u00bb<\/span><span class=\"aioseo-breadcrumb\">\n\t12 kleurpotloden in kraft doosje\n<\/span><\/div>","aioseo_breadcrumb_json":[{"label":"Home","link":"https:\/\/hidalgo.nl\/de\/"},{"label":"example","link":"https:\/\/hidalgo.nl\/example\/"},{"label":"A53","link":"https:\/\/hidalgo.nl\/en\/product-supplier\/a53\/"},{"label":"12 kleurpotloden in kraft doosje","link":"https:\/\/hidalgo.nl\/de\/product\/151469\/buntstifte-bedrucken-12er-set-natur-kraftkarton\/"}],"_links":{"self":[{"href":"https:\/\/hidalgo.nl\/de\/wp-json\/wp\/v2\/product\/151469","targetHints":{"allow":["GET"]}}],"collection":[{"href":"https:\/\/hidalgo.nl\/de\/wp-json\/wp\/v2\/product"}],"about":[{"href":"https:\/\/hidalgo.nl\/de\/wp-json\/wp\/v2\/types\/product"}],"wp:featuredmedia":[{"embeddable":true,"href":"https:\/\/hidalgo.nl\/de\/wp-json\/wp\/v2\/media\/151470"}],"wp:attachment":[{"href":"https:\/\/hidalgo.nl\/de\/wp-json\/wp\/v2\/media?parent=151469"}],"wp:term":[{"taxonomy":"product_brand","embeddable":true,"href":"https:\/\/hidalgo.nl\/de\/wp-json\/wp\/v2\/product_brand?post=151469"},{"taxonomy":"product_cat","embeddable":true,"href":"https:\/\/hidalgo.nl\/de\/wp-json\/wp\/v2\/product_cat?post=151469"},{"taxonomy":"product_tag","embeddable":true,"href":"https:\/\/hidalgo.nl\/de\/wp-json\/wp\/v2\/product_tag?post=151469"}],"curies":[{"name":"wp","href":"https:\/\/api.w.org\/{rel}","templated":true}]}}