{"id":150008,"date":"2025-07-09T16:35:13","date_gmt":"2025-07-09T16:35:13","guid":{"rendered":"http:\/\/bidonsenshakers.pim.hidalgo.nl\/product\/metalen-tafellamp\/"},"modified":"2026-05-02T15:13:47","modified_gmt":"2026-05-02T15:13:47","slug":"metalen-tafellamp","status":"publish","type":"product","link":"https:\/\/hidalgo.nl\/de\/product\/150008\/aufladbare-tischleuchte-bedrucken-hoehenverstellbar-metall\/","title":{"rendered":"Oplaadbare tafellamp"},"content":{"rendered":"<p>Verlicht je ruimte met een stijlvolle, in hoogte verstelbare tafellamp! Met zijn slanke ontwerp en verstelbare lichtinstellingen kun je gemakkelijk schakelen tussen gezellig warm, koel of neutraal licht om de perfecte sfeer te cre\u00ebren. USB-opladen maakt het superhandig en het moderne uiterlijk past perfect in elke kamer. Geniet van veelzijdige verlichting met drie instelbare modi: Cool Light (86 lumen, 6000K) voor maximaal 7 uur, Warm Light (60 lumen, 3000K) voor maximaal 6 uur en Neutral Light (10 lumen, 4000K) voor maximaal 3 uur continu gebruik.<\/p>\n","protected":false},"excerpt":{"rendered":"<p>Verlicht je ruimte met een stijlvolle, in hoogte verstelbare tafellamp! Met zijn slanke ontwerp en verstelbare lichtinstellingen kun je gemakkelijk schakelen tussen gezellig warm, koel of neutraal licht om de perfecte sfeer te cre\u00ebren. USB-opladen maakt het superhandig en het moderne uiterlijk past perfect in elke kamer. Geniet van veelzijdige verlichting met drie instelbare modi:&hellip; <a class=\"more-link\" href=\"https:\/\/hidalgo.nl\/de\/product\/150008\/aufladbare-tischleuchte-bedrucken-hoehenverstellbar-metall\/\"><span class=\"screen-reader-text\">Oplaadbare tafellamp<\/span> weiterlesen<\/a><\/p>\n","protected":false},"featured_media":150009,"template":"","meta":{"_acf_changed":false,"om_disable_all_campaigns":false,"_monsterinsights_skip_tracking":false,"_monsterinsights_sitenote_active":false,"_monsterinsights_sitenote_note":"","_monsterinsights_sitenote_category":0},"product_brand":[],"product_cat":[4719,5005,4728,5025],"product_tag":[],"class_list":{"0":"post-150008","1":"product","2":"type-product","3":"status-publish","4":"has-post-thumbnail","6":"product_supplier-a53","7":"product_cat-promotionele-artikelen","8":"product_cat-thuis-keuken-and-tuin-thuis","9":"product_cat-promotionele-artikelen-thuis-keuken-en-tuin","10":"product_cat-thuis-keuken-and-tuin-thuis-verlichting","11":"entry","13":"first","14":"instock","15":"taxable","16":"shipping-taxable","17":"purchasable","18":"product-type-variable"},"acf":{"imprint_cost":[{"imprint_cost_key":"8730393a7ff5f7b1a9d6feb86d9b12449affaad6","product_quantity_price_range":[{"imprint_cost_recommended_selling_price":"1.7625","imprint_cost_recommended_selling_quantity":"1"},{"imprint_cost_recommended_selling_price":"1.5","imprint_cost_recommended_selling_quantity":"10"},{"imprint_cost_recommended_selling_price":"1.3425","imprint_cost_recommended_selling_quantity":"25"},{"imprint_cost_recommended_selling_price":"1.1625","imprint_cost_recommended_selling_quantity":"50"},{"imprint_cost_recommended_selling_price":"1.0875","imprint_cost_recommended_selling_quantity":"100"},{"imprint_cost_recommended_selling_price":"1.0425","imprint_cost_recommended_selling_quantity":"250"},{"imprint_cost_recommended_selling_price":"1.005","imprint_cost_recommended_selling_quantity":"500"},{"imprint_cost_recommended_selling_price":"0.96","imprint_cost_recommended_selling_quantity":"1000"},{"imprint_cost_recommended_selling_price":"0.915","imprint_cost_recommended_selling_quantity":"2500"},{"imprint_cost_recommended_selling_price":"0.87","imprint_cost_recommended_selling_quantity":"5000"},{"imprint_cost_recommended_selling_price":"0.8175","imprint_cost_recommended_selling_quantity":"10000"}],"product_quantity_price_range_buying":[{"imprint_cost_general_buying_price":"1.175","imprint_cost_general_buying_quantity":"1"},{"imprint_cost_general_buying_price":"1","imprint_cost_general_buying_quantity":"10"},{"imprint_cost_general_buying_price":"0.895","imprint_cost_general_buying_quantity":"25"},{"imprint_cost_general_buying_price":"0.775","imprint_cost_general_buying_quantity":"50"},{"imprint_cost_general_buying_price":"0.725","imprint_cost_general_buying_quantity":"100"},{"imprint_cost_general_buying_price":"0.695","imprint_cost_general_buying_quantity":"250"},{"imprint_cost_general_buying_price":"0.67","imprint_cost_general_buying_quantity":"500"},{"imprint_cost_general_buying_price":"0.64","imprint_cost_general_buying_quantity":"1000"},{"imprint_cost_general_buying_price":"0.61","imprint_cost_general_buying_quantity":"2500"},{"imprint_cost_general_buying_price":"0.58","imprint_cost_general_buying_quantity":"5000"},{"imprint_cost_general_buying_price":"0.545","imprint_cost_general_buying_quantity":"10000"}],"imprint_cost_setup_costs":"54","imprint_cost_handling_costs":"0.24"}]},"aioseo_notices":[],"aioseo_head":"\n\t\t<!-- All in One SEO Pro 4.9.6.2 - aioseo.com -->\n\t<meta name=\"description\" content=\"Diese Tischlampe wiederaufladbar aus Metall ist kabellos und h\u00f6henverstellbar - perfekt f\u00fcr Gastronomie, Events und moderne B\u00fcros. Bei Hidalgo kannst du die Tischleuchte mit Logo bedrucken und so dein Branding sichtbar machen. In Wei\u00df oder Schwarz bestellbar.\" \/>\n\t<meta name=\"robots\" content=\"max-image-preview:large\" \/>\n\t<link rel=\"canonical\" href=\"https:\/\/hidalgo.nl\/de\/wp-json\/wp\/v2\/product\/150008\" \/>\n\t<meta name=\"generator\" content=\"All in One SEO Pro (AIOSEO) 4.9.6.2\" \/>\n\t\t<meta property=\"og:locale\" content=\"de_DE\" \/>\n\t\t<meta property=\"og:site_name\" content=\"Hidalgo -\" \/>\n\t\t<meta property=\"og:type\" content=\"article\" \/>\n\t\t<meta property=\"og:title\" content=\"Aufladbare Tischleuchte Bedrucken H\u00f6henverstellbar Metall\" \/>\n\t\t<meta property=\"og:description\" content=\"Diese Tischlampe wiederaufladbar aus Metall ist kabellos und h\u00f6henverstellbar - perfekt f\u00fcr Gastronomie, Events und moderne B\u00fcros. Bei Hidalgo kannst du die Tischleuchte mit Logo bedrucken und so dein Branding sichtbar machen. In Wei\u00df oder Schwarz bestellbar.\" \/>\n\t\t<meta property=\"og:url\" content=\"https:\/\/hidalgo.nl\/de\/wp-json\/wp\/v2\/product\/150008\" \/>\n\t\t<meta property=\"og:image\" content=\"https:\/\/shop.hidalgo.nl\/wp-content\/uploads\/2025\/11\/cropped-Hidalgo-est1993.png\" \/>\n\t\t<meta property=\"og:image:secure_url\" content=\"https:\/\/shop.hidalgo.nl\/wp-content\/uploads\/2025\/11\/cropped-Hidalgo-est1993.png\" \/>\n\t\t<meta property=\"article:published_time\" content=\"2025-07-09T16:35:13+00:00\" \/>\n\t\t<meta property=\"article:modified_time\" content=\"2026-05-02T15:13:47+00:00\" \/>\n\t\t<meta name=\"twitter:card\" content=\"summary_large_image\" \/>\n\t\t<meta name=\"twitter:title\" content=\"Aufladbare Tischleuchte Bedrucken H\u00f6henverstellbar Metall\" \/>\n\t\t<meta name=\"twitter:description\" content=\"Diese Tischlampe wiederaufladbar aus Metall ist kabellos und h\u00f6henverstellbar - perfekt f\u00fcr Gastronomie, Events und moderne B\u00fcros. Bei Hidalgo kannst du die Tischleuchte mit Logo bedrucken und so dein Branding sichtbar machen. In Wei\u00df oder Schwarz bestellbar.\" \/>\n\t\t<meta name=\"twitter:image\" content=\"https:\/\/shop.hidalgo.nl\/wp-content\/uploads\/2025\/11\/cropped-Hidalgo-est1993.png\" \/>\n\t\t<script type=\"application\/ld+json\" class=\"aioseo-schema\">\n\t\t\t{\"@context\":\"https:\\\/\\\/schema.org\",\"@graph\":[{\"@type\":\"BreadcrumbList\",\"@id\":\"https:\\\/\\\/hidalgo.nl\\\/de\\\/product\\\/150008\\\/aufladbare-tischleuchte-bedrucken-hoehenverstellbar-metall\\\/#breadcrumblist\",\"itemListElement\":[{\"@type\":\"ListItem\",\"@id\":\"https:\\\/\\\/hidalgo.nl\\\/de\\\/#listItem\",\"position\":1,\"name\":\"Home\",\"item\":\"https:\\\/\\\/hidalgo.nl\\\/de\\\/\",\"nextItem\":{\"@type\":\"ListItem\",\"@id\":\"https:\\\/\\\/hidalgo.nl\\\/example\\\/#listItem\",\"name\":\"example\"}},{\"@type\":\"ListItem\",\"@id\":\"https:\\\/\\\/hidalgo.nl\\\/example\\\/#listItem\",\"position\":2,\"name\":\"example\",\"item\":\"https:\\\/\\\/hidalgo.nl\\\/example\\\/\",\"nextItem\":{\"@type\":\"ListItem\",\"@id\":\"https:\\\/\\\/hidalgo.nl\\\/en\\\/product-supplier\\\/a53\\\/#listItem\",\"name\":\"A53\"},\"previousItem\":{\"@type\":\"ListItem\",\"@id\":\"https:\\\/\\\/hidalgo.nl\\\/de\\\/#listItem\",\"name\":\"Home\"}},{\"@type\":\"ListItem\",\"@id\":\"https:\\\/\\\/hidalgo.nl\\\/en\\\/product-supplier\\\/a53\\\/#listItem\",\"position\":3,\"name\":\"A53\",\"item\":\"https:\\\/\\\/hidalgo.nl\\\/en\\\/product-supplier\\\/a53\\\/\",\"nextItem\":{\"@type\":\"ListItem\",\"@id\":\"https:\\\/\\\/hidalgo.nl\\\/de\\\/product\\\/150008\\\/aufladbare-tischleuchte-bedrucken-hoehenverstellbar-metall\\\/#listItem\",\"name\":\"Oplaadbare tafellamp\"},\"previousItem\":{\"@type\":\"ListItem\",\"@id\":\"https:\\\/\\\/hidalgo.nl\\\/example\\\/#listItem\",\"name\":\"example\"}},{\"@type\":\"ListItem\",\"@id\":\"https:\\\/\\\/hidalgo.nl\\\/de\\\/product\\\/150008\\\/aufladbare-tischleuchte-bedrucken-hoehenverstellbar-metall\\\/#listItem\",\"position\":4,\"name\":\"Oplaadbare tafellamp\",\"previousItem\":{\"@type\":\"ListItem\",\"@id\":\"https:\\\/\\\/hidalgo.nl\\\/en\\\/product-supplier\\\/a53\\\/#listItem\",\"name\":\"A53\"}}]},{\"@type\":\"Organization\",\"@id\":\"https:\\\/\\\/hidalgo.nl\\\/de\\\/#organization\",\"name\":\"Hidalgo\",\"url\":\"https:\\\/\\\/hidalgo.nl\\\/de\\\/\",\"logo\":{\"@type\":\"ImageObject\",\"url\":\"https:\\\/\\\/shop.hidalgo.nl\\\/wp-content\\\/uploads\\\/2025\\\/11\\\/cropped-Hidalgo-est1993.png\",\"@id\":\"https:\\\/\\\/hidalgo.nl\\\/de\\\/product\\\/150008\\\/aufladbare-tischleuchte-bedrucken-hoehenverstellbar-metall\\\/#organizationLogo\",\"width\":585,\"height\":195},\"image\":{\"@id\":\"https:\\\/\\\/hidalgo.nl\\\/de\\\/product\\\/150008\\\/aufladbare-tischleuchte-bedrucken-hoehenverstellbar-metall\\\/#organizationLogo\"}},{\"@type\":\"ProductGroup\",\"@id\":\"https:\\\/\\\/hidalgo.nl\\\/de\\\/product\\\/150008\\\/aufladbare-tischleuchte-bedrucken-hoehenverstellbar-metall\\\/#wooCommerceProduct\",\"name\":\"Aufladbare Tischleuchte Bedrucken H\\u00f6henverstellbar Metall\",\"url\":\"https:\\\/\\\/hidalgo.nl\\\/de\\\/product\\\/150008\\\/aufladbare-tischleuchte-bedrucken-hoehenverstellbar-metall\\\/\",\"sku\":\"A53-LT91102\",\"image\":{\"@type\":\"ImageObject\",\"url\":\"https:\\\/\\\/shop.hidalgo.nl\\\/wp-content\\\/uploads\\\/2025\\\/05\\\/4c6594e70385b70e1f0402e4dc52bd8353dae7ca8a2bd70488caaa6162b1bd63.jpg\",\"@id\":\"https:\\\/\\\/hidalgo.nl\\\/de\\\/product\\\/150008\\\/aufladbare-tischleuchte-bedrucken-hoehenverstellbar-metall\\\/#productImage\",\"width\":1000,\"height\":1000},\"productGroupID\":150008,\"hasVariant\":[{\"@type\":\"Product\",\"@id\":\"https:\\\/\\\/hidalgo.nl\\\/de\\\/product\\\/150008\\\/aufladbare-tischleuchte-bedrucken-hoehenverstellbar-metall\\\/#wooCommerceProduct\",\"name\":\"Oplaadbare tafellamp - wit\",\"url\":\"https:\\\/\\\/hidalgo.nl\\\/de\\\/product\\\/150008\\\/aufladbare-tischleuchte-bedrucken-hoehenverstellbar-metall\\\/\",\"sku\":\"A53-LT91102-N0001\",\"image\":{\"@type\":\"ImageObject\",\"url\":\"https:\\\/\\\/shop.hidalgo.nl\\\/wp-content\\\/uploads\\\/2025\\\/05\\\/dcb95655c08a3d7e1a01a75e05d93b172e63f7de630c7b15a317442c6c3ebb2f.jpg\",\"@id\":\"https:\\\/\\\/hidalgo.nl\\\/de\\\/product\\\/150008\\\/aufladbare-tischleuchte-bedrucken-hoehenverstellbar-metall\\\/#productImage\",\"width\":1000,\"height\":1000},\"offers\":{\"@type\":\"Offer\",\"url\":\"https:\\\/\\\/hidalgo.nl\\\/de\\\/product\\\/150008\\\/aufladbare-tischleuchte-bedrucken-hoehenverstellbar-metall\\\/#wooCommerceOffer\",\"price\":\"10.53\",\"priceCurrency\":\"EUR\",\"category\":\"Promotionele Artikelen\",\"availability\":\"https:\\\/\\\/schema.org\\\/InStock\",\"priceSpecification\":{\"@type\":\"PriceSpecification\",\"price\":10.53,\"priceCurrency\":\"EUR\",\"valueAddedTaxIncluded\":\"true\"}}},{\"@type\":\"Product\",\"@id\":\"https:\\\/\\\/hidalgo.nl\\\/de\\\/product\\\/150008\\\/aufladbare-tischleuchte-bedrucken-hoehenverstellbar-metall\\\/#wooCommerceProduct\",\"name\":\"Oplaadbare tafellamp - zwart\",\"url\":\"https:\\\/\\\/hidalgo.nl\\\/de\\\/product\\\/150008\\\/aufladbare-tischleuchte-bedrucken-hoehenverstellbar-metall\\\/\",\"sku\":\"A53-LT91102-N0002\",\"image\":{\"@type\":\"ImageObject\",\"url\":\"https:\\\/\\\/shop.hidalgo.nl\\\/wp-content\\\/uploads\\\/2025\\\/05\\\/cea7f65fa1b92e07f8304da023c0f4452240ec1d40a403a9b1f0c961e7f39cea.jpg\",\"@id\":\"https:\\\/\\\/hidalgo.nl\\\/de\\\/product\\\/150008\\\/aufladbare-tischleuchte-bedrucken-hoehenverstellbar-metall\\\/#productImage\",\"width\":1000,\"height\":1000},\"offers\":{\"@type\":\"Offer\",\"url\":\"https:\\\/\\\/hidalgo.nl\\\/de\\\/product\\\/150008\\\/aufladbare-tischleuchte-bedrucken-hoehenverstellbar-metall\\\/#wooCommerceOffer\",\"price\":\"10.53\",\"priceCurrency\":\"EUR\",\"category\":\"Promotionele Artikelen\",\"availability\":\"https:\\\/\\\/schema.org\\\/InStock\",\"priceSpecification\":{\"@type\":\"PriceSpecification\",\"price\":10.53,\"priceCurrency\":\"EUR\",\"valueAddedTaxIncluded\":\"true\"}}}]},{\"@type\":\"WebPage\",\"@id\":\"https:\\\/\\\/hidalgo.nl\\\/de\\\/product\\\/150008\\\/aufladbare-tischleuchte-bedrucken-hoehenverstellbar-metall\\\/#webpage\",\"url\":\"https:\\\/\\\/hidalgo.nl\\\/de\\\/product\\\/150008\\\/aufladbare-tischleuchte-bedrucken-hoehenverstellbar-metall\\\/\",\"name\":\"Aufladbare Tischleuchte Bedrucken H\\u00f6henverstellbar Metall\",\"description\":\"Diese Tischlampe wiederaufladbar aus Metall ist kabellos und h\\u00f6henverstellbar - perfekt f\\u00fcr Gastronomie, Events und moderne B\\u00fcros. Bei Hidalgo kannst du die Tischleuchte mit Logo bedrucken und so dein Branding sichtbar machen. In Wei\\u00df oder Schwarz bestellbar.\",\"inLanguage\":\"de-DE\",\"isPartOf\":{\"@id\":\"https:\\\/\\\/hidalgo.nl\\\/de\\\/#website\"},\"breadcrumb\":{\"@id\":\"https:\\\/\\\/hidalgo.nl\\\/de\\\/product\\\/150008\\\/aufladbare-tischleuchte-bedrucken-hoehenverstellbar-metall\\\/#breadcrumblist\"},\"image\":{\"@type\":\"ImageObject\",\"url\":\"https:\\\/\\\/shop.hidalgo.nl\\\/wp-content\\\/uploads\\\/2025\\\/05\\\/4c6594e70385b70e1f0402e4dc52bd8353dae7ca8a2bd70488caaa6162b1bd63.jpg\",\"@id\":\"https:\\\/\\\/hidalgo.nl\\\/de\\\/product\\\/150008\\\/aufladbare-tischleuchte-bedrucken-hoehenverstellbar-metall\\\/#mainImage\",\"width\":1000,\"height\":1000},\"primaryImageOfPage\":{\"@id\":\"https:\\\/\\\/hidalgo.nl\\\/de\\\/product\\\/150008\\\/aufladbare-tischleuchte-bedrucken-hoehenverstellbar-metall\\\/#mainImage\"},\"datePublished\":\"2025-07-09T16:35:13+00:00\",\"dateModified\":\"2026-05-02T15:13:47+00:00\"},{\"@type\":\"WebSite\",\"@id\":\"https:\\\/\\\/hidalgo.nl\\\/de\\\/#website\",\"url\":\"https:\\\/\\\/hidalgo.nl\\\/de\\\/\",\"name\":\"Hidalgo\",\"inLanguage\":\"de-DE\",\"publisher\":{\"@id\":\"https:\\\/\\\/hidalgo.nl\\\/de\\\/#organization\"}}]}\n\t\t<\/script>\n\t\t<!-- All in One SEO Pro -->\r\n\t\t<title>Aufladbare Tischleuchte Bedrucken H\u00f6henverstellbar Metall<\/title>\n\n","aioseo_head_json":{"title":"Aufladbare Tischleuchte Bedrucken H\u00f6henverstellbar Metall","description":"Diese Tischlampe wiederaufladbar aus Metall ist kabellos und h\u00f6henverstellbar - perfekt f\u00fcr Gastronomie, Events und moderne B\u00fcros. Bei Hidalgo kannst du die Tischleuchte mit Logo bedrucken und so dein Branding sichtbar machen. In Wei\u00df oder Schwarz bestellbar.","canonical_url":"https:\/\/hidalgo.nl\/de\/wp-json\/wp\/v2\/product\/150008","robots":"max-image-preview:large","keywords":"","webmasterTools":{"miscellaneous":""},"schema":{"@context":"https:\/\/schema.org","@graph":[{"@type":"BreadcrumbList","@id":"https:\/\/hidalgo.nl\/de\/product\/150008\/aufladbare-tischleuchte-bedrucken-hoehenverstellbar-metall\/#breadcrumblist","itemListElement":[{"@type":"ListItem","@id":"https:\/\/hidalgo.nl\/de\/#listItem","position":1,"name":"Home","item":"https:\/\/hidalgo.nl\/de\/","nextItem":{"@type":"ListItem","@id":"https:\/\/hidalgo.nl\/example\/#listItem","name":"example"}},{"@type":"ListItem","@id":"https:\/\/hidalgo.nl\/example\/#listItem","position":2,"name":"example","item":"https:\/\/hidalgo.nl\/example\/","nextItem":{"@type":"ListItem","@id":"https:\/\/hidalgo.nl\/en\/product-supplier\/a53\/#listItem","name":"A53"},"previousItem":{"@type":"ListItem","@id":"https:\/\/hidalgo.nl\/de\/#listItem","name":"Home"}},{"@type":"ListItem","@id":"https:\/\/hidalgo.nl\/en\/product-supplier\/a53\/#listItem","position":3,"name":"A53","item":"https:\/\/hidalgo.nl\/en\/product-supplier\/a53\/","nextItem":{"@type":"ListItem","@id":"https:\/\/hidalgo.nl\/de\/product\/150008\/aufladbare-tischleuchte-bedrucken-hoehenverstellbar-metall\/#listItem","name":"Oplaadbare tafellamp"},"previousItem":{"@type":"ListItem","@id":"https:\/\/hidalgo.nl\/example\/#listItem","name":"example"}},{"@type":"ListItem","@id":"https:\/\/hidalgo.nl\/de\/product\/150008\/aufladbare-tischleuchte-bedrucken-hoehenverstellbar-metall\/#listItem","position":4,"name":"Oplaadbare tafellamp","previousItem":{"@type":"ListItem","@id":"https:\/\/hidalgo.nl\/en\/product-supplier\/a53\/#listItem","name":"A53"}}]},{"@type":"Organization","@id":"https:\/\/hidalgo.nl\/de\/#organization","name":"Hidalgo","url":"https:\/\/hidalgo.nl\/de\/","logo":{"@type":"ImageObject","url":"https:\/\/shop.hidalgo.nl\/wp-content\/uploads\/2025\/11\/cropped-Hidalgo-est1993.png","@id":"https:\/\/hidalgo.nl\/de\/product\/150008\/aufladbare-tischleuchte-bedrucken-hoehenverstellbar-metall\/#organizationLogo","width":585,"height":195},"image":{"@id":"https:\/\/hidalgo.nl\/de\/product\/150008\/aufladbare-tischleuchte-bedrucken-hoehenverstellbar-metall\/#organizationLogo"}},{"@type":"ProductGroup","@id":"https:\/\/hidalgo.nl\/de\/product\/150008\/aufladbare-tischleuchte-bedrucken-hoehenverstellbar-metall\/#wooCommerceProduct","name":"Aufladbare Tischleuchte Bedrucken H\u00f6henverstellbar Metall","url":"https:\/\/hidalgo.nl\/de\/product\/150008\/aufladbare-tischleuchte-bedrucken-hoehenverstellbar-metall\/","sku":"A53-LT91102","image":{"@type":"ImageObject","url":"https:\/\/shop.hidalgo.nl\/wp-content\/uploads\/2025\/05\/4c6594e70385b70e1f0402e4dc52bd8353dae7ca8a2bd70488caaa6162b1bd63.jpg","@id":"https:\/\/hidalgo.nl\/de\/product\/150008\/aufladbare-tischleuchte-bedrucken-hoehenverstellbar-metall\/#productImage","width":1000,"height":1000},"productGroupID":150008,"hasVariant":[{"@type":"Product","@id":"https:\/\/hidalgo.nl\/de\/product\/150008\/aufladbare-tischleuchte-bedrucken-hoehenverstellbar-metall\/#wooCommerceProduct","name":"Oplaadbare tafellamp - wit","url":"https:\/\/hidalgo.nl\/de\/product\/150008\/aufladbare-tischleuchte-bedrucken-hoehenverstellbar-metall\/","sku":"A53-LT91102-N0001","image":{"@type":"ImageObject","url":"https:\/\/shop.hidalgo.nl\/wp-content\/uploads\/2025\/05\/dcb95655c08a3d7e1a01a75e05d93b172e63f7de630c7b15a317442c6c3ebb2f.jpg","@id":"https:\/\/hidalgo.nl\/de\/product\/150008\/aufladbare-tischleuchte-bedrucken-hoehenverstellbar-metall\/#productImage","width":1000,"height":1000},"offers":{"@type":"Offer","url":"https:\/\/hidalgo.nl\/de\/product\/150008\/aufladbare-tischleuchte-bedrucken-hoehenverstellbar-metall\/#wooCommerceOffer","price":"10.53","priceCurrency":"EUR","category":"Promotionele Artikelen","availability":"https:\/\/schema.org\/InStock","priceSpecification":{"@type":"PriceSpecification","price":10.53,"priceCurrency":"EUR","valueAddedTaxIncluded":"true"}}},{"@type":"Product","@id":"https:\/\/hidalgo.nl\/de\/product\/150008\/aufladbare-tischleuchte-bedrucken-hoehenverstellbar-metall\/#wooCommerceProduct","name":"Oplaadbare tafellamp - zwart","url":"https:\/\/hidalgo.nl\/de\/product\/150008\/aufladbare-tischleuchte-bedrucken-hoehenverstellbar-metall\/","sku":"A53-LT91102-N0002","image":{"@type":"ImageObject","url":"https:\/\/shop.hidalgo.nl\/wp-content\/uploads\/2025\/05\/cea7f65fa1b92e07f8304da023c0f4452240ec1d40a403a9b1f0c961e7f39cea.jpg","@id":"https:\/\/hidalgo.nl\/de\/product\/150008\/aufladbare-tischleuchte-bedrucken-hoehenverstellbar-metall\/#productImage","width":1000,"height":1000},"offers":{"@type":"Offer","url":"https:\/\/hidalgo.nl\/de\/product\/150008\/aufladbare-tischleuchte-bedrucken-hoehenverstellbar-metall\/#wooCommerceOffer","price":"10.53","priceCurrency":"EUR","category":"Promotionele Artikelen","availability":"https:\/\/schema.org\/InStock","priceSpecification":{"@type":"PriceSpecification","price":10.53,"priceCurrency":"EUR","valueAddedTaxIncluded":"true"}}}]},{"@type":"WebPage","@id":"https:\/\/hidalgo.nl\/de\/product\/150008\/aufladbare-tischleuchte-bedrucken-hoehenverstellbar-metall\/#webpage","url":"https:\/\/hidalgo.nl\/de\/product\/150008\/aufladbare-tischleuchte-bedrucken-hoehenverstellbar-metall\/","name":"Aufladbare Tischleuchte Bedrucken H\u00f6henverstellbar Metall","description":"Diese Tischlampe wiederaufladbar aus Metall ist kabellos und h\u00f6henverstellbar - perfekt f\u00fcr Gastronomie, Events und moderne B\u00fcros. Bei Hidalgo kannst du die Tischleuchte mit Logo bedrucken und so dein Branding sichtbar machen. In Wei\u00df oder Schwarz bestellbar.","inLanguage":"de-DE","isPartOf":{"@id":"https:\/\/hidalgo.nl\/de\/#website"},"breadcrumb":{"@id":"https:\/\/hidalgo.nl\/de\/product\/150008\/aufladbare-tischleuchte-bedrucken-hoehenverstellbar-metall\/#breadcrumblist"},"image":{"@type":"ImageObject","url":"https:\/\/shop.hidalgo.nl\/wp-content\/uploads\/2025\/05\/4c6594e70385b70e1f0402e4dc52bd8353dae7ca8a2bd70488caaa6162b1bd63.jpg","@id":"https:\/\/hidalgo.nl\/de\/product\/150008\/aufladbare-tischleuchte-bedrucken-hoehenverstellbar-metall\/#mainImage","width":1000,"height":1000},"primaryImageOfPage":{"@id":"https:\/\/hidalgo.nl\/de\/product\/150008\/aufladbare-tischleuchte-bedrucken-hoehenverstellbar-metall\/#mainImage"},"datePublished":"2025-07-09T16:35:13+00:00","dateModified":"2026-05-02T15:13:47+00:00"},{"@type":"WebSite","@id":"https:\/\/hidalgo.nl\/de\/#website","url":"https:\/\/hidalgo.nl\/de\/","name":"Hidalgo","inLanguage":"de-DE","publisher":{"@id":"https:\/\/hidalgo.nl\/de\/#organization"}}]},"og:locale":"de_DE","og:site_name":"Hidalgo -","og:type":"article","og:title":"Aufladbare Tischleuchte Bedrucken H\u00f6henverstellbar Metall","og:description":"Diese Tischlampe wiederaufladbar aus Metall ist kabellos und h\u00f6henverstellbar - perfekt f\u00fcr Gastronomie, Events und moderne B\u00fcros. Bei Hidalgo kannst du die Tischleuchte mit Logo bedrucken und so dein Branding sichtbar machen. In Wei\u00df oder Schwarz bestellbar.","og:url":"https:\/\/hidalgo.nl\/de\/wp-json\/wp\/v2\/product\/150008","og:image":"https:\/\/shop.hidalgo.nl\/wp-content\/uploads\/2025\/11\/cropped-Hidalgo-est1993.png","og:image:secure_url":"https:\/\/shop.hidalgo.nl\/wp-content\/uploads\/2025\/11\/cropped-Hidalgo-est1993.png","article:published_time":"2025-07-09T16:35:13+00:00","article:modified_time":"2026-05-02T15:13:47+00:00","twitter:card":"summary_large_image","twitter:title":"Aufladbare Tischleuchte Bedrucken H\u00f6henverstellbar Metall","twitter:description":"Diese Tischlampe wiederaufladbar aus Metall ist kabellos und h\u00f6henverstellbar - perfekt f\u00fcr Gastronomie, Events und moderne B\u00fcros. Bei Hidalgo kannst du die Tischleuchte mit Logo bedrucken und so dein Branding sichtbar machen. In Wei\u00df oder Schwarz bestellbar.","twitter:image":"https:\/\/shop.hidalgo.nl\/wp-content\/uploads\/2025\/11\/cropped-Hidalgo-est1993.png"},"aioseo_meta_data":{"post_id":"150008","title":null,"description":null,"keywords":null,"keyphrases":null,"primary_term":null,"canonical_url":null,"og_title":null,"og_description":null,"og_object_type":"default","og_image_type":"default","og_image_url":null,"og_image_width":null,"og_image_height":null,"og_image_custom_url":null,"og_image_custom_fields":null,"og_video":null,"og_custom_url":null,"og_article_section":null,"og_article_tags":null,"twitter_use_og":false,"twitter_card":"default","twitter_image_type":"default","twitter_image_url":null,"twitter_image_custom_url":null,"twitter_image_custom_fields":null,"twitter_title":null,"twitter_description":null,"schema":{"blockGraphs":[],"customGraphs":[],"default":{"data":{"Article":[],"Course":[],"Dataset":[],"FAQPage":[],"Movie":[],"Person":[],"Product":[],"ProductReview":[],"Car":[],"Recipe":[],"Service":[],"SoftwareApplication":[],"WebPage":[]},"graphName":"","isEnabled":true},"graphs":[]},"schema_type":"default","schema_type_options":null,"pillar_content":false,"robots_default":true,"robots_noindex":false,"robots_noarchive":false,"robots_nosnippet":false,"robots_nofollow":false,"robots_noimageindex":false,"robots_noodp":false,"robots_notranslate":false,"robots_max_snippet":null,"robots_max_videopreview":null,"robots_max_imagepreview":"large","priority":null,"frequency":null,"local_seo":null,"seo_analyzer_scan_date":"2026-02-06 06:59:07","breadcrumb_settings":null,"limit_modified_date":false,"reviewed_by":null,"open_ai":null,"ai":null,"created":"2026-01-14 06:25:40","updated":"2026-05-02 16:24:47"},"aioseo_breadcrumb":"<div class=\"aioseo-breadcrumbs\"><span class=\"aioseo-breadcrumb\">\n\t<a href=\"https:\/\/hidalgo.nl\/de\/\" title=\"Home\">Home<\/a>\n<\/span><span class=\"aioseo-breadcrumb-separator\">\u00bb<\/span><span class=\"aioseo-breadcrumb\">\n\t<a href=\"https:\/\/hidalgo.nl\/example\/\" title=\"example\">example<\/a>\n<\/span><span class=\"aioseo-breadcrumb-separator\">\u00bb<\/span><span class=\"aioseo-breadcrumb\">\n\t<a href=\"https:\/\/hidalgo.nl\/en\/product-supplier\/a53\/\" title=\"A53\">A53<\/a>\n<\/span><span class=\"aioseo-breadcrumb-separator\">\u00bb<\/span><span class=\"aioseo-breadcrumb\">\n\tOplaadbare tafellamp\n<\/span><\/div>","aioseo_breadcrumb_json":[{"label":"Home","link":"https:\/\/hidalgo.nl\/de\/"},{"label":"example","link":"https:\/\/hidalgo.nl\/example\/"},{"label":"A53","link":"https:\/\/hidalgo.nl\/en\/product-supplier\/a53\/"},{"label":"Oplaadbare tafellamp","link":"https:\/\/hidalgo.nl\/de\/product\/150008\/aufladbare-tischleuchte-bedrucken-hoehenverstellbar-metall\/"}],"_links":{"self":[{"href":"https:\/\/hidalgo.nl\/de\/wp-json\/wp\/v2\/product\/150008","targetHints":{"allow":["GET"]}}],"collection":[{"href":"https:\/\/hidalgo.nl\/de\/wp-json\/wp\/v2\/product"}],"about":[{"href":"https:\/\/hidalgo.nl\/de\/wp-json\/wp\/v2\/types\/product"}],"wp:featuredmedia":[{"embeddable":true,"href":"https:\/\/hidalgo.nl\/de\/wp-json\/wp\/v2\/media\/150009"}],"wp:attachment":[{"href":"https:\/\/hidalgo.nl\/de\/wp-json\/wp\/v2\/media?parent=150008"}],"wp:term":[{"taxonomy":"product_brand","embeddable":true,"href":"https:\/\/hidalgo.nl\/de\/wp-json\/wp\/v2\/product_brand?post=150008"},{"taxonomy":"product_cat","embeddable":true,"href":"https:\/\/hidalgo.nl\/de\/wp-json\/wp\/v2\/product_cat?post=150008"},{"taxonomy":"product_tag","embeddable":true,"href":"https:\/\/hidalgo.nl\/de\/wp-json\/wp\/v2\/product_tag?post=150008"}],"curies":[{"name":"wp","href":"https:\/\/api.w.org\/{rel}","templated":true}]}}