{"id":149952,"date":"2025-07-09T16:33:00","date_gmt":"2025-07-09T16:33:00","guid":{"rendered":"http:\/\/bidonsenshakers.pim.hidalgo.nl\/product\/smartphone-schoonmaakdoekje-met-antibacteriele-bestanddelen-sticky\/"},"modified":"2026-05-03T00:37:00","modified_gmt":"2026-05-03T00:37:00","slug":"smartphone-schoonmaakdoekje-met-antibacteriele-bestanddelen-sticky","status":"publish","type":"product","link":"https:\/\/hidalgo.nl\/de\/product\/149952\/display-reiniger-bedrucken-antibakteriell-selbstklebend-35mm\/","title":{"rendered":"Smartphone schoonmaakdoekje  met antibacteri\u00eble bestanddelen sticky"},"content":{"rendered":"<p>Microvezel sticky cleaner (35x35mm) om het beeldscherm van de telefoon te reiningen. Is eenvoudig op de achterkant van de telefoon te plakken. Per stuk verpakt op inlaykaart in eigen opmaak. Verpakt in een zakje. Inclusief full-colour all-over bedrukking op cleaner en inlegkaart.<\/p>\n","protected":false},"excerpt":{"rendered":"<p>Microvezel sticky cleaner (35x35mm) om het beeldscherm van de telefoon te reiningen. Is eenvoudig op de achterkant van de telefoon te plakken. Per stuk verpakt op inlaykaart in eigen opmaak. Verpakt in een zakje. Inclusief full-colour all-over bedrukking op cleaner en inlegkaart.<\/p>\n","protected":false},"featured_media":149953,"template":"","meta":{"_acf_changed":false,"om_disable_all_campaigns":false,"_monsterinsights_skip_tracking":false,"_monsterinsights_sitenote_active":false,"_monsterinsights_sitenote_note":"","_monsterinsights_sitenote_category":0},"product_brand":[],"product_cat":[4720,4719,4749],"product_tag":[],"class_list":{"0":"post-149952","1":"product","2":"type-product","3":"status-publish","4":"has-post-thumbnail","6":"product_supplier-a53","7":"product_cat-promotionele-artikelen-elektronica-en-gadgets","8":"product_cat-promotionele-artikelen","9":"product_cat-promotionele-artikelen-elektronica-en-gadgets-telefoon-accessoires","10":"entry","12":"first","13":"instock","14":"taxable","15":"shipping-taxable","16":"purchasable","17":"product-type-variable"},"acf":{"imprint_cost":[{"imprint_cost_key":"06ecc610c8128b8c189e5387eaac2fb8391be2cc","product_quantity_price_range":[{"imprint_cost_recommended_selling_price":"0.0825","imprint_cost_recommended_selling_quantity":"250"},{"imprint_cost_recommended_selling_price":"0.0825","imprint_cost_recommended_selling_quantity":"500"},{"imprint_cost_recommended_selling_price":"0.0825","imprint_cost_recommended_selling_quantity":"1000"},{"imprint_cost_recommended_selling_price":"0.0825","imprint_cost_recommended_selling_quantity":"2500"},{"imprint_cost_recommended_selling_price":"0.0825","imprint_cost_recommended_selling_quantity":"5000"},{"imprint_cost_recommended_selling_price":"0.0825","imprint_cost_recommended_selling_quantity":"10000"}],"product_quantity_price_range_buying":[{"imprint_cost_general_buying_price":"0.055","imprint_cost_general_buying_quantity":"250"},{"imprint_cost_general_buying_price":"0.055","imprint_cost_general_buying_quantity":"500"},{"imprint_cost_general_buying_price":"0.055","imprint_cost_general_buying_quantity":"1000"},{"imprint_cost_general_buying_price":"0.055","imprint_cost_general_buying_quantity":"2500"},{"imprint_cost_general_buying_price":"0.055","imprint_cost_general_buying_quantity":"5000"},{"imprint_cost_general_buying_price":"0.055","imprint_cost_general_buying_quantity":"10000"}],"imprint_cost_setup_costs":"54","imprint_cost_handling_costs":"0"}]},"aioseo_notices":[],"aioseo_head":"\n\t\t<!-- All in One SEO Pro 4.9.6.2 - aioseo.com -->\n\t<meta name=\"description\" content=\"Reinige unterwegs Touchscreens hygienisch mit einem haftenden, antibakteriellen Mikrofasertuch, das du auf der Handy-R\u00fcckseite mitf\u00fchrst &amp; immer wiederverwendest. Bei Hidalgo kannst du das Displayreinigungstuch mit Logo vollfl\u00e4chig personalisieren - stark als Werbeartikel Smartphone Zubeh\u00f6r.\" \/>\n\t<meta name=\"robots\" content=\"max-image-preview:large\" \/>\n\t<link rel=\"canonical\" href=\"https:\/\/hidalgo.nl\/de\/wp-json\/wp\/v2\/product\/149952\" \/>\n\t<meta name=\"generator\" content=\"All in One SEO Pro (AIOSEO) 4.9.6.2\" \/>\n\t\t<meta property=\"og:locale\" content=\"de_DE\" \/>\n\t\t<meta property=\"og:site_name\" content=\"Hidalgo -\" \/>\n\t\t<meta property=\"og:type\" content=\"article\" \/>\n\t\t<meta property=\"og:title\" content=\"Display-Reiniger bedrucken antibakteriell selbstklebend 35mm\" \/>\n\t\t<meta property=\"og:description\" content=\"Reinige unterwegs Touchscreens hygienisch mit einem haftenden, antibakteriellen Mikrofasertuch, das du auf der Handy-R\u00fcckseite mitf\u00fchrst &amp; immer wiederverwendest. Bei Hidalgo kannst du das Displayreinigungstuch mit Logo vollfl\u00e4chig personalisieren - stark als Werbeartikel Smartphone Zubeh\u00f6r.\" \/>\n\t\t<meta property=\"og:url\" content=\"https:\/\/hidalgo.nl\/de\/wp-json\/wp\/v2\/product\/149952\" \/>\n\t\t<meta property=\"og:image\" content=\"https:\/\/shop.hidalgo.nl\/wp-content\/uploads\/2025\/11\/cropped-Hidalgo-est1993.png\" \/>\n\t\t<meta property=\"og:image:secure_url\" content=\"https:\/\/shop.hidalgo.nl\/wp-content\/uploads\/2025\/11\/cropped-Hidalgo-est1993.png\" \/>\n\t\t<meta property=\"article:published_time\" content=\"2025-07-09T16:33:00+00:00\" \/>\n\t\t<meta property=\"article:modified_time\" content=\"2026-05-03T00:37:00+00:00\" \/>\n\t\t<meta name=\"twitter:card\" content=\"summary_large_image\" \/>\n\t\t<meta name=\"twitter:title\" content=\"Display-Reiniger bedrucken antibakteriell selbstklebend 35mm\" \/>\n\t\t<meta name=\"twitter:description\" content=\"Reinige unterwegs Touchscreens hygienisch mit einem haftenden, antibakteriellen Mikrofasertuch, das du auf der Handy-R\u00fcckseite mitf\u00fchrst &amp; immer wiederverwendest. Bei Hidalgo kannst du das Displayreinigungstuch mit Logo vollfl\u00e4chig personalisieren - stark als Werbeartikel Smartphone Zubeh\u00f6r.\" \/>\n\t\t<meta name=\"twitter:image\" content=\"https:\/\/shop.hidalgo.nl\/wp-content\/uploads\/2025\/11\/cropped-Hidalgo-est1993.png\" \/>\n\t\t<script type=\"application\/ld+json\" class=\"aioseo-schema\">\n\t\t\t{\"@context\":\"https:\\\/\\\/schema.org\",\"@graph\":[{\"@type\":\"BreadcrumbList\",\"@id\":\"https:\\\/\\\/hidalgo.nl\\\/de\\\/product\\\/149952\\\/display-reiniger-bedrucken-antibakteriell-selbstklebend-35mm\\\/#breadcrumblist\",\"itemListElement\":[{\"@type\":\"ListItem\",\"@id\":\"https:\\\/\\\/hidalgo.nl\\\/de\\\/#listItem\",\"position\":1,\"name\":\"Home\",\"item\":\"https:\\\/\\\/hidalgo.nl\\\/de\\\/\",\"nextItem\":{\"@type\":\"ListItem\",\"@id\":\"https:\\\/\\\/hidalgo.nl\\\/example\\\/#listItem\",\"name\":\"example\"}},{\"@type\":\"ListItem\",\"@id\":\"https:\\\/\\\/hidalgo.nl\\\/example\\\/#listItem\",\"position\":2,\"name\":\"example\",\"item\":\"https:\\\/\\\/hidalgo.nl\\\/example\\\/\",\"nextItem\":{\"@type\":\"ListItem\",\"@id\":\"https:\\\/\\\/hidalgo.nl\\\/en\\\/product-supplier\\\/a53\\\/#listItem\",\"name\":\"A53\"},\"previousItem\":{\"@type\":\"ListItem\",\"@id\":\"https:\\\/\\\/hidalgo.nl\\\/de\\\/#listItem\",\"name\":\"Home\"}},{\"@type\":\"ListItem\",\"@id\":\"https:\\\/\\\/hidalgo.nl\\\/en\\\/product-supplier\\\/a53\\\/#listItem\",\"position\":3,\"name\":\"A53\",\"item\":\"https:\\\/\\\/hidalgo.nl\\\/en\\\/product-supplier\\\/a53\\\/\",\"nextItem\":{\"@type\":\"ListItem\",\"@id\":\"https:\\\/\\\/hidalgo.nl\\\/de\\\/product\\\/149952\\\/display-reiniger-bedrucken-antibakteriell-selbstklebend-35mm\\\/#listItem\",\"name\":\"Smartphone schoonmaakdoekje  met antibacteri\\u00eble bestanddelen sticky\"},\"previousItem\":{\"@type\":\"ListItem\",\"@id\":\"https:\\\/\\\/hidalgo.nl\\\/example\\\/#listItem\",\"name\":\"example\"}},{\"@type\":\"ListItem\",\"@id\":\"https:\\\/\\\/hidalgo.nl\\\/de\\\/product\\\/149952\\\/display-reiniger-bedrucken-antibakteriell-selbstklebend-35mm\\\/#listItem\",\"position\":4,\"name\":\"Smartphone schoonmaakdoekje  met antibacteri\\u00eble bestanddelen sticky\",\"previousItem\":{\"@type\":\"ListItem\",\"@id\":\"https:\\\/\\\/hidalgo.nl\\\/en\\\/product-supplier\\\/a53\\\/#listItem\",\"name\":\"A53\"}}]},{\"@type\":\"Organization\",\"@id\":\"https:\\\/\\\/hidalgo.nl\\\/de\\\/#organization\",\"name\":\"Hidalgo\",\"url\":\"https:\\\/\\\/hidalgo.nl\\\/de\\\/\",\"logo\":{\"@type\":\"ImageObject\",\"url\":\"https:\\\/\\\/shop.hidalgo.nl\\\/wp-content\\\/uploads\\\/2025\\\/11\\\/cropped-Hidalgo-est1993.png\",\"@id\":\"https:\\\/\\\/hidalgo.nl\\\/de\\\/product\\\/149952\\\/display-reiniger-bedrucken-antibakteriell-selbstklebend-35mm\\\/#organizationLogo\",\"width\":585,\"height\":195},\"image\":{\"@id\":\"https:\\\/\\\/hidalgo.nl\\\/de\\\/product\\\/149952\\\/display-reiniger-bedrucken-antibakteriell-selbstklebend-35mm\\\/#organizationLogo\"}},{\"@type\":\"ProductGroup\",\"@id\":\"https:\\\/\\\/hidalgo.nl\\\/de\\\/product\\\/149952\\\/display-reiniger-bedrucken-antibakteriell-selbstklebend-35mm\\\/#wooCommerceProduct\",\"name\":\"Display-Reiniger bedrucken antibakteriell selbstklebend 35mm\",\"url\":\"https:\\\/\\\/hidalgo.nl\\\/de\\\/product\\\/149952\\\/display-reiniger-bedrucken-antibakteriell-selbstklebend-35mm\\\/\",\"sku\":\"A53-LT91059\",\"image\":{\"@type\":\"ImageObject\",\"url\":\"https:\\\/\\\/shop.hidalgo.nl\\\/wp-content\\\/uploads\\\/2025\\\/05\\\/89ae66743265f9fb4b9ea19c6ef20af607f54ad3959331a6919eb9dd405967bf.jpg\",\"@id\":\"https:\\\/\\\/hidalgo.nl\\\/de\\\/product\\\/149952\\\/display-reiniger-bedrucken-antibakteriell-selbstklebend-35mm\\\/#productImage\",\"width\":1000,\"height\":1000},\"productGroupID\":149952,\"hasVariant\":[{\"@type\":\"Product\",\"@id\":\"https:\\\/\\\/hidalgo.nl\\\/de\\\/product\\\/149952\\\/display-reiniger-bedrucken-antibakteriell-selbstklebend-35mm\\\/#wooCommerceProduct\",\"name\":\"Smartphone schoonmaakdoekje  met antibacteri\\u00eble bestanddelen sticky - transparant\",\"url\":\"https:\\\/\\\/hidalgo.nl\\\/de\\\/product\\\/149952\\\/display-reiniger-bedrucken-antibakteriell-selbstklebend-35mm\\\/\",\"sku\":\"A53-LT91059-N0995\",\"image\":{\"@type\":\"ImageObject\",\"url\":\"https:\\\/\\\/shop.hidalgo.nl\\\/wp-content\\\/uploads\\\/2025\\\/05\\\/24ecd9138094ef81b92c36aa87f835e3108f8953073448709a9bb29e0a1c9f10.jpg\",\"@id\":\"https:\\\/\\\/hidalgo.nl\\\/de\\\/product\\\/149952\\\/display-reiniger-bedrucken-antibakteriell-selbstklebend-35mm\\\/#productImage\",\"width\":1000,\"height\":1000},\"offers\":{\"@type\":\"Offer\",\"url\":\"https:\\\/\\\/hidalgo.nl\\\/de\\\/product\\\/149952\\\/display-reiniger-bedrucken-antibakteriell-selbstklebend-35mm\\\/#wooCommerceOffer\",\"price\":\"2.07\",\"priceCurrency\":\"EUR\",\"category\":\"Promotionele Artikelen\",\"availability\":\"https:\\\/\\\/schema.org\\\/InStock\",\"priceSpecification\":{\"@type\":\"PriceSpecification\",\"price\":2.07,\"priceCurrency\":\"EUR\",\"valueAddedTaxIncluded\":\"true\"}}}]},{\"@type\":\"WebPage\",\"@id\":\"https:\\\/\\\/hidalgo.nl\\\/de\\\/product\\\/149952\\\/display-reiniger-bedrucken-antibakteriell-selbstklebend-35mm\\\/#webpage\",\"url\":\"https:\\\/\\\/hidalgo.nl\\\/de\\\/product\\\/149952\\\/display-reiniger-bedrucken-antibakteriell-selbstklebend-35mm\\\/\",\"name\":\"Display-Reiniger bedrucken antibakteriell selbstklebend 35mm\",\"description\":\"Reinige unterwegs Touchscreens hygienisch mit einem haftenden, antibakteriellen Mikrofasertuch, das du auf der Handy-R\\u00fcckseite mitf\\u00fchrst & immer wiederverwendest. Bei Hidalgo kannst du das Displayreinigungstuch mit Logo vollfl\\u00e4chig personalisieren - stark als Werbeartikel Smartphone Zubeh\\u00f6r.\",\"inLanguage\":\"de-DE\",\"isPartOf\":{\"@id\":\"https:\\\/\\\/hidalgo.nl\\\/de\\\/#website\"},\"breadcrumb\":{\"@id\":\"https:\\\/\\\/hidalgo.nl\\\/de\\\/product\\\/149952\\\/display-reiniger-bedrucken-antibakteriell-selbstklebend-35mm\\\/#breadcrumblist\"},\"image\":{\"@type\":\"ImageObject\",\"url\":\"https:\\\/\\\/shop.hidalgo.nl\\\/wp-content\\\/uploads\\\/2025\\\/05\\\/89ae66743265f9fb4b9ea19c6ef20af607f54ad3959331a6919eb9dd405967bf.jpg\",\"@id\":\"https:\\\/\\\/hidalgo.nl\\\/de\\\/product\\\/149952\\\/display-reiniger-bedrucken-antibakteriell-selbstklebend-35mm\\\/#mainImage\",\"width\":1000,\"height\":1000},\"primaryImageOfPage\":{\"@id\":\"https:\\\/\\\/hidalgo.nl\\\/de\\\/product\\\/149952\\\/display-reiniger-bedrucken-antibakteriell-selbstklebend-35mm\\\/#mainImage\"},\"datePublished\":\"2025-07-09T16:33:00+00:00\",\"dateModified\":\"2026-05-03T00:37:00+00:00\"},{\"@type\":\"WebSite\",\"@id\":\"https:\\\/\\\/hidalgo.nl\\\/de\\\/#website\",\"url\":\"https:\\\/\\\/hidalgo.nl\\\/de\\\/\",\"name\":\"Hidalgo\",\"inLanguage\":\"de-DE\",\"publisher\":{\"@id\":\"https:\\\/\\\/hidalgo.nl\\\/de\\\/#organization\"}}]}\n\t\t<\/script>\n\t\t<!-- All in One SEO Pro -->\r\n\t\t<title>Display-Reiniger bedrucken antibakteriell selbstklebend 35mm<\/title>\n\n","aioseo_head_json":{"title":"Display-Reiniger bedrucken antibakteriell selbstklebend 35mm","description":"Reinige unterwegs Touchscreens hygienisch mit einem haftenden, antibakteriellen Mikrofasertuch, das du auf der Handy-R\u00fcckseite mitf\u00fchrst & immer wiederverwendest. Bei Hidalgo kannst du das Displayreinigungstuch mit Logo vollfl\u00e4chig personalisieren - stark als Werbeartikel Smartphone Zubeh\u00f6r.","canonical_url":"https:\/\/hidalgo.nl\/de\/wp-json\/wp\/v2\/product\/149952","robots":"max-image-preview:large","keywords":"","webmasterTools":{"miscellaneous":""},"schema":{"@context":"https:\/\/schema.org","@graph":[{"@type":"BreadcrumbList","@id":"https:\/\/hidalgo.nl\/de\/product\/149952\/display-reiniger-bedrucken-antibakteriell-selbstklebend-35mm\/#breadcrumblist","itemListElement":[{"@type":"ListItem","@id":"https:\/\/hidalgo.nl\/de\/#listItem","position":1,"name":"Home","item":"https:\/\/hidalgo.nl\/de\/","nextItem":{"@type":"ListItem","@id":"https:\/\/hidalgo.nl\/example\/#listItem","name":"example"}},{"@type":"ListItem","@id":"https:\/\/hidalgo.nl\/example\/#listItem","position":2,"name":"example","item":"https:\/\/hidalgo.nl\/example\/","nextItem":{"@type":"ListItem","@id":"https:\/\/hidalgo.nl\/en\/product-supplier\/a53\/#listItem","name":"A53"},"previousItem":{"@type":"ListItem","@id":"https:\/\/hidalgo.nl\/de\/#listItem","name":"Home"}},{"@type":"ListItem","@id":"https:\/\/hidalgo.nl\/en\/product-supplier\/a53\/#listItem","position":3,"name":"A53","item":"https:\/\/hidalgo.nl\/en\/product-supplier\/a53\/","nextItem":{"@type":"ListItem","@id":"https:\/\/hidalgo.nl\/de\/product\/149952\/display-reiniger-bedrucken-antibakteriell-selbstklebend-35mm\/#listItem","name":"Smartphone schoonmaakdoekje  met antibacteri\u00eble bestanddelen sticky"},"previousItem":{"@type":"ListItem","@id":"https:\/\/hidalgo.nl\/example\/#listItem","name":"example"}},{"@type":"ListItem","@id":"https:\/\/hidalgo.nl\/de\/product\/149952\/display-reiniger-bedrucken-antibakteriell-selbstklebend-35mm\/#listItem","position":4,"name":"Smartphone schoonmaakdoekje  met antibacteri\u00eble bestanddelen sticky","previousItem":{"@type":"ListItem","@id":"https:\/\/hidalgo.nl\/en\/product-supplier\/a53\/#listItem","name":"A53"}}]},{"@type":"Organization","@id":"https:\/\/hidalgo.nl\/de\/#organization","name":"Hidalgo","url":"https:\/\/hidalgo.nl\/de\/","logo":{"@type":"ImageObject","url":"https:\/\/shop.hidalgo.nl\/wp-content\/uploads\/2025\/11\/cropped-Hidalgo-est1993.png","@id":"https:\/\/hidalgo.nl\/de\/product\/149952\/display-reiniger-bedrucken-antibakteriell-selbstklebend-35mm\/#organizationLogo","width":585,"height":195},"image":{"@id":"https:\/\/hidalgo.nl\/de\/product\/149952\/display-reiniger-bedrucken-antibakteriell-selbstklebend-35mm\/#organizationLogo"}},{"@type":"ProductGroup","@id":"https:\/\/hidalgo.nl\/de\/product\/149952\/display-reiniger-bedrucken-antibakteriell-selbstklebend-35mm\/#wooCommerceProduct","name":"Display-Reiniger bedrucken antibakteriell selbstklebend 35mm","url":"https:\/\/hidalgo.nl\/de\/product\/149952\/display-reiniger-bedrucken-antibakteriell-selbstklebend-35mm\/","sku":"A53-LT91059","image":{"@type":"ImageObject","url":"https:\/\/shop.hidalgo.nl\/wp-content\/uploads\/2025\/05\/89ae66743265f9fb4b9ea19c6ef20af607f54ad3959331a6919eb9dd405967bf.jpg","@id":"https:\/\/hidalgo.nl\/de\/product\/149952\/display-reiniger-bedrucken-antibakteriell-selbstklebend-35mm\/#productImage","width":1000,"height":1000},"productGroupID":149952,"hasVariant":[{"@type":"Product","@id":"https:\/\/hidalgo.nl\/de\/product\/149952\/display-reiniger-bedrucken-antibakteriell-selbstklebend-35mm\/#wooCommerceProduct","name":"Smartphone schoonmaakdoekje  met antibacteri\u00eble bestanddelen sticky - transparant","url":"https:\/\/hidalgo.nl\/de\/product\/149952\/display-reiniger-bedrucken-antibakteriell-selbstklebend-35mm\/","sku":"A53-LT91059-N0995","image":{"@type":"ImageObject","url":"https:\/\/shop.hidalgo.nl\/wp-content\/uploads\/2025\/05\/24ecd9138094ef81b92c36aa87f835e3108f8953073448709a9bb29e0a1c9f10.jpg","@id":"https:\/\/hidalgo.nl\/de\/product\/149952\/display-reiniger-bedrucken-antibakteriell-selbstklebend-35mm\/#productImage","width":1000,"height":1000},"offers":{"@type":"Offer","url":"https:\/\/hidalgo.nl\/de\/product\/149952\/display-reiniger-bedrucken-antibakteriell-selbstklebend-35mm\/#wooCommerceOffer","price":"2.07","priceCurrency":"EUR","category":"Promotionele Artikelen","availability":"https:\/\/schema.org\/InStock","priceSpecification":{"@type":"PriceSpecification","price":2.07,"priceCurrency":"EUR","valueAddedTaxIncluded":"true"}}}]},{"@type":"WebPage","@id":"https:\/\/hidalgo.nl\/de\/product\/149952\/display-reiniger-bedrucken-antibakteriell-selbstklebend-35mm\/#webpage","url":"https:\/\/hidalgo.nl\/de\/product\/149952\/display-reiniger-bedrucken-antibakteriell-selbstklebend-35mm\/","name":"Display-Reiniger bedrucken antibakteriell selbstklebend 35mm","description":"Reinige unterwegs Touchscreens hygienisch mit einem haftenden, antibakteriellen Mikrofasertuch, das du auf der Handy-R\u00fcckseite mitf\u00fchrst & immer wiederverwendest. Bei Hidalgo kannst du das Displayreinigungstuch mit Logo vollfl\u00e4chig personalisieren - stark als Werbeartikel Smartphone Zubeh\u00f6r.","inLanguage":"de-DE","isPartOf":{"@id":"https:\/\/hidalgo.nl\/de\/#website"},"breadcrumb":{"@id":"https:\/\/hidalgo.nl\/de\/product\/149952\/display-reiniger-bedrucken-antibakteriell-selbstklebend-35mm\/#breadcrumblist"},"image":{"@type":"ImageObject","url":"https:\/\/shop.hidalgo.nl\/wp-content\/uploads\/2025\/05\/89ae66743265f9fb4b9ea19c6ef20af607f54ad3959331a6919eb9dd405967bf.jpg","@id":"https:\/\/hidalgo.nl\/de\/product\/149952\/display-reiniger-bedrucken-antibakteriell-selbstklebend-35mm\/#mainImage","width":1000,"height":1000},"primaryImageOfPage":{"@id":"https:\/\/hidalgo.nl\/de\/product\/149952\/display-reiniger-bedrucken-antibakteriell-selbstklebend-35mm\/#mainImage"},"datePublished":"2025-07-09T16:33:00+00:00","dateModified":"2026-05-03T00:37:00+00:00"},{"@type":"WebSite","@id":"https:\/\/hidalgo.nl\/de\/#website","url":"https:\/\/hidalgo.nl\/de\/","name":"Hidalgo","inLanguage":"de-DE","publisher":{"@id":"https:\/\/hidalgo.nl\/de\/#organization"}}]},"og:locale":"de_DE","og:site_name":"Hidalgo -","og:type":"article","og:title":"Display-Reiniger bedrucken antibakteriell selbstklebend 35mm","og:description":"Reinige unterwegs Touchscreens hygienisch mit einem haftenden, antibakteriellen Mikrofasertuch, das du auf der Handy-R\u00fcckseite mitf\u00fchrst &amp; immer wiederverwendest. Bei Hidalgo kannst du das Displayreinigungstuch mit Logo vollfl\u00e4chig personalisieren - stark als Werbeartikel Smartphone Zubeh\u00f6r.","og:url":"https:\/\/hidalgo.nl\/de\/wp-json\/wp\/v2\/product\/149952","og:image":"https:\/\/shop.hidalgo.nl\/wp-content\/uploads\/2025\/11\/cropped-Hidalgo-est1993.png","og:image:secure_url":"https:\/\/shop.hidalgo.nl\/wp-content\/uploads\/2025\/11\/cropped-Hidalgo-est1993.png","article:published_time":"2025-07-09T16:33:00+00:00","article:modified_time":"2026-05-03T00:37:00+00:00","twitter:card":"summary_large_image","twitter:title":"Display-Reiniger bedrucken antibakteriell selbstklebend 35mm","twitter:description":"Reinige unterwegs Touchscreens hygienisch mit einem haftenden, antibakteriellen Mikrofasertuch, das du auf der Handy-R\u00fcckseite mitf\u00fchrst &amp; immer wiederverwendest. Bei Hidalgo kannst du das Displayreinigungstuch mit Logo vollfl\u00e4chig personalisieren - stark als Werbeartikel Smartphone Zubeh\u00f6r.","twitter:image":"https:\/\/shop.hidalgo.nl\/wp-content\/uploads\/2025\/11\/cropped-Hidalgo-est1993.png"},"aioseo_meta_data":{"post_id":"149952","title":null,"description":null,"keywords":null,"keyphrases":null,"primary_term":null,"canonical_url":null,"og_title":null,"og_description":null,"og_object_type":"default","og_image_type":"default","og_image_url":null,"og_image_width":null,"og_image_height":null,"og_image_custom_url":null,"og_image_custom_fields":null,"og_video":null,"og_custom_url":null,"og_article_section":null,"og_article_tags":null,"twitter_use_og":false,"twitter_card":"default","twitter_image_type":"default","twitter_image_url":null,"twitter_image_custom_url":null,"twitter_image_custom_fields":null,"twitter_title":null,"twitter_description":null,"schema":{"blockGraphs":[],"customGraphs":[],"default":{"data":{"Article":[],"Course":[],"Dataset":[],"FAQPage":[],"Movie":[],"Person":[],"Product":[],"ProductReview":[],"Car":[],"Recipe":[],"Service":[],"SoftwareApplication":[],"WebPage":[]},"graphName":"","isEnabled":true},"graphs":[]},"schema_type":"default","schema_type_options":null,"pillar_content":false,"robots_default":true,"robots_noindex":false,"robots_noarchive":false,"robots_nosnippet":false,"robots_nofollow":false,"robots_noimageindex":false,"robots_noodp":false,"robots_notranslate":false,"robots_max_snippet":null,"robots_max_videopreview":null,"robots_max_imagepreview":"large","priority":null,"frequency":null,"local_seo":null,"seo_analyzer_scan_date":"2026-02-02 15:00:19","breadcrumb_settings":null,"limit_modified_date":false,"reviewed_by":null,"open_ai":null,"ai":null,"created":"2026-01-14 06:25:40","updated":"2026-05-03 06:21:27"},"aioseo_breadcrumb":"<div class=\"aioseo-breadcrumbs\"><span class=\"aioseo-breadcrumb\">\n\t<a href=\"https:\/\/hidalgo.nl\/de\/\" title=\"Home\">Home<\/a>\n<\/span><span class=\"aioseo-breadcrumb-separator\">\u00bb<\/span><span class=\"aioseo-breadcrumb\">\n\t<a href=\"https:\/\/hidalgo.nl\/example\/\" title=\"example\">example<\/a>\n<\/span><span class=\"aioseo-breadcrumb-separator\">\u00bb<\/span><span class=\"aioseo-breadcrumb\">\n\t<a href=\"https:\/\/hidalgo.nl\/en\/product-supplier\/a53\/\" title=\"A53\">A53<\/a>\n<\/span><span class=\"aioseo-breadcrumb-separator\">\u00bb<\/span><span class=\"aioseo-breadcrumb\">\n\tSmartphone schoonmaakdoekje  met antibacteri\u00eble bestanddelen sticky\n<\/span><\/div>","aioseo_breadcrumb_json":[{"label":"Home","link":"https:\/\/hidalgo.nl\/de\/"},{"label":"example","link":"https:\/\/hidalgo.nl\/example\/"},{"label":"A53","link":"https:\/\/hidalgo.nl\/en\/product-supplier\/a53\/"},{"label":"Smartphone schoonmaakdoekje  met antibacteri\u00eble bestanddelen sticky","link":"https:\/\/hidalgo.nl\/de\/product\/149952\/display-reiniger-bedrucken-antibakteriell-selbstklebend-35mm\/"}],"_links":{"self":[{"href":"https:\/\/hidalgo.nl\/de\/wp-json\/wp\/v2\/product\/149952","targetHints":{"allow":["GET"]}}],"collection":[{"href":"https:\/\/hidalgo.nl\/de\/wp-json\/wp\/v2\/product"}],"about":[{"href":"https:\/\/hidalgo.nl\/de\/wp-json\/wp\/v2\/types\/product"}],"wp:featuredmedia":[{"embeddable":true,"href":"https:\/\/hidalgo.nl\/de\/wp-json\/wp\/v2\/media\/149953"}],"wp:attachment":[{"href":"https:\/\/hidalgo.nl\/de\/wp-json\/wp\/v2\/media?parent=149952"}],"wp:term":[{"taxonomy":"product_brand","embeddable":true,"href":"https:\/\/hidalgo.nl\/de\/wp-json\/wp\/v2\/product_brand?post=149952"},{"taxonomy":"product_cat","embeddable":true,"href":"https:\/\/hidalgo.nl\/de\/wp-json\/wp\/v2\/product_cat?post=149952"},{"taxonomy":"product_tag","embeddable":true,"href":"https:\/\/hidalgo.nl\/de\/wp-json\/wp\/v2\/product_tag?post=149952"}],"curies":[{"name":"wp","href":"https:\/\/api.w.org\/{rel}","templated":true}]}}