{"id":149380,"date":"2025-07-09T16:13:31","date_gmt":"2025-07-09T16:13:31","guid":{"rendered":"http:\/\/bidonsenshakers.pim.hidalgo.nl\/product\/citronella-insectenwerende-plantaardige-kaars-in-gerecycled-blik\/"},"modified":"2026-05-02T16:02:12","modified_gmt":"2026-05-02T16:02:12","slug":"citronella-insectenwerende-plantaardige-kaars-in-gerecycled-blik","status":"publish","type":"product","link":"https:\/\/hidalgo.nl\/de\/product\/149380\/citronella-kerze-bedrucken-mueckenschutz-recycling-dose-3-4h\/","title":{"rendered":"Citronella insectenwerende plantaardige kaars in gerecycled blik"},"content":{"rendered":"<p>Deze duurzame kaars met maakt van plantaardige wax met citronellageur zit in een gerecycled tinnen potje en brandt 3 tot 4 uur. Ontworpen als insectenwerend middel, perfect om insecten op afstand te houden en een warme, uitnodigende sfeer buiten te cre\u00ebren. Plaats voor de veiligheid de kaars op het deksel wanneer je hem aansteekt om oppervlakken te beschermen.<\/p>\n","protected":false},"excerpt":{"rendered":"<p>Deze duurzame kaars met maakt van plantaardige wax met citronellageur zit in een gerecycled tinnen potje en brandt 3 tot 4 uur. Ontworpen als insectenwerend middel, perfect om insecten op afstand te houden en een warme, uitnodigende sfeer buiten te cre\u00ebren. Plaats voor de veiligheid de kaars op het deksel wanneer je hem aansteekt om&hellip; <a class=\"more-link\" href=\"https:\/\/hidalgo.nl\/de\/product\/149380\/citronella-kerze-bedrucken-mueckenschutz-recycling-dose-3-4h\/\"><span class=\"screen-reader-text\">Citronella insectenwerende plantaardige kaars in gerecycled blik<\/span> weiterlesen<\/a><\/p>\n","protected":false},"featured_media":149381,"template":"","meta":{"_acf_changed":false,"om_disable_all_campaigns":false,"_monsterinsights_skip_tracking":false,"_monsterinsights_sitenote_active":false,"_monsterinsights_sitenote_note":"","_monsterinsights_sitenote_category":0},"product_brand":[],"product_cat":[5026,4719,5005,4728],"product_tag":[],"class_list":{"0":"post-149380","1":"product","2":"type-product","3":"status-publish","4":"has-post-thumbnail","6":"product_supplier-a53","7":"product_cat-thuis-keuken-and-tuin-thuis-kaarsen-en-diffusers","8":"product_cat-promotionele-artikelen","9":"product_cat-thuis-keuken-and-tuin-thuis","10":"product_cat-promotionele-artikelen-thuis-keuken-en-tuin","11":"entry","13":"first","14":"instock","15":"taxable","16":"shipping-taxable","17":"purchasable","18":"product-type-variable"},"acf":{"imprint_cost":[{"imprint_cost_key":"1535c82f568c2257ccad8a2045515ad4021584b6","product_quantity_price_range":[{"imprint_cost_recommended_selling_price":"1.0725","imprint_cost_recommended_selling_quantity":"1"},{"imprint_cost_recommended_selling_price":"0.885","imprint_cost_recommended_selling_quantity":"10"},{"imprint_cost_recommended_selling_price":"0.7125","imprint_cost_recommended_selling_quantity":"25"},{"imprint_cost_recommended_selling_price":"0.63","imprint_cost_recommended_selling_quantity":"50"},{"imprint_cost_recommended_selling_price":"0.57","imprint_cost_recommended_selling_quantity":"100"},{"imprint_cost_recommended_selling_price":"0.4425","imprint_cost_recommended_selling_quantity":"250"},{"imprint_cost_recommended_selling_price":"0.3975","imprint_cost_recommended_selling_quantity":"500"},{"imprint_cost_recommended_selling_price":"0.36","imprint_cost_recommended_selling_quantity":"1000"},{"imprint_cost_recommended_selling_price":"0.345","imprint_cost_recommended_selling_quantity":"2500"},{"imprint_cost_recommended_selling_price":"0.33","imprint_cost_recommended_selling_quantity":"5000"},{"imprint_cost_recommended_selling_price":"0.315","imprint_cost_recommended_selling_quantity":"10000"}],"product_quantity_price_range_buying":[{"imprint_cost_general_buying_price":"0.715","imprint_cost_general_buying_quantity":"1"},{"imprint_cost_general_buying_price":"0.59","imprint_cost_general_buying_quantity":"10"},{"imprint_cost_general_buying_price":"0.475","imprint_cost_general_buying_quantity":"25"},{"imprint_cost_general_buying_price":"0.42","imprint_cost_general_buying_quantity":"50"},{"imprint_cost_general_buying_price":"0.38","imprint_cost_general_buying_quantity":"100"},{"imprint_cost_general_buying_price":"0.295","imprint_cost_general_buying_quantity":"250"},{"imprint_cost_general_buying_price":"0.265","imprint_cost_general_buying_quantity":"500"},{"imprint_cost_general_buying_price":"0.24","imprint_cost_general_buying_quantity":"1000"},{"imprint_cost_general_buying_price":"0.23","imprint_cost_general_buying_quantity":"2500"},{"imprint_cost_general_buying_price":"0.22","imprint_cost_general_buying_quantity":"5000"},{"imprint_cost_general_buying_price":"0.21","imprint_cost_general_buying_quantity":"10000"}],"imprint_cost_setup_costs":"54","imprint_cost_handling_costs":"0.06"},{"imprint_cost_key":"731e1311275c4bca72510b4b6e7b845018ea2532","product_quantity_price_range":[{"imprint_cost_recommended_selling_price":"1.1325","imprint_cost_recommended_selling_quantity":"1"},{"imprint_cost_recommended_selling_price":"0.945","imprint_cost_recommended_selling_quantity":"10"},{"imprint_cost_recommended_selling_price":"0.87","imprint_cost_recommended_selling_quantity":"25"},{"imprint_cost_recommended_selling_price":"0.7725","imprint_cost_recommended_selling_quantity":"50"},{"imprint_cost_recommended_selling_price":"0.69","imprint_cost_recommended_selling_quantity":"100"},{"imprint_cost_recommended_selling_price":"0.615","imprint_cost_recommended_selling_quantity":"250"},{"imprint_cost_recommended_selling_price":"0.57","imprint_cost_recommended_selling_quantity":"500"},{"imprint_cost_recommended_selling_price":"0.5325","imprint_cost_recommended_selling_quantity":"1000"},{"imprint_cost_recommended_selling_price":"0.4425","imprint_cost_recommended_selling_quantity":"2500"},{"imprint_cost_recommended_selling_price":"0.4425","imprint_cost_recommended_selling_quantity":"5000"},{"imprint_cost_recommended_selling_price":"0.4425","imprint_cost_recommended_selling_quantity":"10000"}],"product_quantity_price_range_buying":[{"imprint_cost_general_buying_price":"0.755","imprint_cost_general_buying_quantity":"1"},{"imprint_cost_general_buying_price":"0.63","imprint_cost_general_buying_quantity":"10"},{"imprint_cost_general_buying_price":"0.58","imprint_cost_general_buying_quantity":"25"},{"imprint_cost_general_buying_price":"0.515","imprint_cost_general_buying_quantity":"50"},{"imprint_cost_general_buying_price":"0.46","imprint_cost_general_buying_quantity":"100"},{"imprint_cost_general_buying_price":"0.41","imprint_cost_general_buying_quantity":"250"},{"imprint_cost_general_buying_price":"0.38","imprint_cost_general_buying_quantity":"500"},{"imprint_cost_general_buying_price":"0.355","imprint_cost_general_buying_quantity":"1000"},{"imprint_cost_general_buying_price":"0.295","imprint_cost_general_buying_quantity":"2500"},{"imprint_cost_general_buying_price":"0.295","imprint_cost_general_buying_quantity":"5000"},{"imprint_cost_general_buying_price":"0.295","imprint_cost_general_buying_quantity":"10000"}],"imprint_cost_setup_costs":"54","imprint_cost_handling_costs":"0.06"}]},"aioseo_notices":[],"aioseo_head":"\n\t\t<!-- All in One SEO Pro 4.9.6.2 - aioseo.com -->\n\t<meta name=\"description\" content=\"F\u00fcr Terrasse, Events &amp; After-Work: Die Citronella-Duftkerze in recycelter Metalldose h\u00e4lt M\u00fccken fern und schafft sofort Atmosph\u00e4re. Bei Hidalgo l\u00e4sst du die Kerze mit Logo personalisieren - ideal als Werbeartikel gegen M\u00fccken und um Citronella Kerze bedrucken zu lassen.\" \/>\n\t<meta name=\"robots\" content=\"max-image-preview:large\" \/>\n\t<link rel=\"canonical\" href=\"https:\/\/hidalgo.nl\/de\/wp-json\/wp\/v2\/product\/149380\" \/>\n\t<meta name=\"generator\" content=\"All in One SEO Pro (AIOSEO) 4.9.6.2\" \/>\n\t\t<meta property=\"og:locale\" content=\"de_DE\" \/>\n\t\t<meta property=\"og:site_name\" content=\"Hidalgo -\" \/>\n\t\t<meta property=\"og:type\" content=\"article\" \/>\n\t\t<meta property=\"og:title\" content=\"Citronella-Kerze bedrucken M\u00fcckenschutz Recycling-Dose 3-4h\" \/>\n\t\t<meta property=\"og:description\" content=\"F\u00fcr Terrasse, Events &amp; After-Work: Die Citronella-Duftkerze in recycelter Metalldose h\u00e4lt M\u00fccken fern und schafft sofort Atmosph\u00e4re. Bei Hidalgo l\u00e4sst du die Kerze mit Logo personalisieren - ideal als Werbeartikel gegen M\u00fccken und um Citronella Kerze bedrucken zu lassen.\" \/>\n\t\t<meta property=\"og:url\" content=\"https:\/\/hidalgo.nl\/de\/wp-json\/wp\/v2\/product\/149380\" \/>\n\t\t<meta property=\"og:image\" content=\"https:\/\/shop.hidalgo.nl\/wp-content\/uploads\/2025\/11\/cropped-Hidalgo-est1993.png\" \/>\n\t\t<meta property=\"og:image:secure_url\" content=\"https:\/\/shop.hidalgo.nl\/wp-content\/uploads\/2025\/11\/cropped-Hidalgo-est1993.png\" \/>\n\t\t<meta property=\"article:published_time\" content=\"2025-07-09T16:13:31+00:00\" \/>\n\t\t<meta property=\"article:modified_time\" content=\"2026-05-02T16:02:12+00:00\" \/>\n\t\t<meta name=\"twitter:card\" content=\"summary_large_image\" \/>\n\t\t<meta name=\"twitter:title\" content=\"Citronella-Kerze bedrucken M\u00fcckenschutz Recycling-Dose 3-4h\" \/>\n\t\t<meta name=\"twitter:description\" content=\"F\u00fcr Terrasse, Events &amp; After-Work: Die Citronella-Duftkerze in recycelter Metalldose h\u00e4lt M\u00fccken fern und schafft sofort Atmosph\u00e4re. Bei Hidalgo l\u00e4sst du die Kerze mit Logo personalisieren - ideal als Werbeartikel gegen M\u00fccken und um Citronella Kerze bedrucken zu lassen.\" \/>\n\t\t<meta name=\"twitter:image\" content=\"https:\/\/shop.hidalgo.nl\/wp-content\/uploads\/2025\/11\/cropped-Hidalgo-est1993.png\" \/>\n\t\t<script type=\"application\/ld+json\" class=\"aioseo-schema\">\n\t\t\t{\"@context\":\"https:\\\/\\\/schema.org\",\"@graph\":[{\"@type\":\"BreadcrumbList\",\"@id\":\"https:\\\/\\\/hidalgo.nl\\\/de\\\/product\\\/149380\\\/citronella-kerze-bedrucken-mueckenschutz-recycling-dose-3-4h\\\/#breadcrumblist\",\"itemListElement\":[{\"@type\":\"ListItem\",\"@id\":\"https:\\\/\\\/hidalgo.nl\\\/de\\\/#listItem\",\"position\":1,\"name\":\"Home\",\"item\":\"https:\\\/\\\/hidalgo.nl\\\/de\\\/\",\"nextItem\":{\"@type\":\"ListItem\",\"@id\":\"https:\\\/\\\/hidalgo.nl\\\/example\\\/#listItem\",\"name\":\"example\"}},{\"@type\":\"ListItem\",\"@id\":\"https:\\\/\\\/hidalgo.nl\\\/example\\\/#listItem\",\"position\":2,\"name\":\"example\",\"item\":\"https:\\\/\\\/hidalgo.nl\\\/example\\\/\",\"nextItem\":{\"@type\":\"ListItem\",\"@id\":\"https:\\\/\\\/hidalgo.nl\\\/en\\\/product-supplier\\\/a53\\\/#listItem\",\"name\":\"A53\"},\"previousItem\":{\"@type\":\"ListItem\",\"@id\":\"https:\\\/\\\/hidalgo.nl\\\/de\\\/#listItem\",\"name\":\"Home\"}},{\"@type\":\"ListItem\",\"@id\":\"https:\\\/\\\/hidalgo.nl\\\/en\\\/product-supplier\\\/a53\\\/#listItem\",\"position\":3,\"name\":\"A53\",\"item\":\"https:\\\/\\\/hidalgo.nl\\\/en\\\/product-supplier\\\/a53\\\/\",\"nextItem\":{\"@type\":\"ListItem\",\"@id\":\"https:\\\/\\\/hidalgo.nl\\\/de\\\/product\\\/149380\\\/citronella-kerze-bedrucken-mueckenschutz-recycling-dose-3-4h\\\/#listItem\",\"name\":\"Citronella insectenwerende plantaardige kaars in gerecycled blik\"},\"previousItem\":{\"@type\":\"ListItem\",\"@id\":\"https:\\\/\\\/hidalgo.nl\\\/example\\\/#listItem\",\"name\":\"example\"}},{\"@type\":\"ListItem\",\"@id\":\"https:\\\/\\\/hidalgo.nl\\\/de\\\/product\\\/149380\\\/citronella-kerze-bedrucken-mueckenschutz-recycling-dose-3-4h\\\/#listItem\",\"position\":4,\"name\":\"Citronella insectenwerende plantaardige kaars in gerecycled blik\",\"previousItem\":{\"@type\":\"ListItem\",\"@id\":\"https:\\\/\\\/hidalgo.nl\\\/en\\\/product-supplier\\\/a53\\\/#listItem\",\"name\":\"A53\"}}]},{\"@type\":\"Organization\",\"@id\":\"https:\\\/\\\/hidalgo.nl\\\/de\\\/#organization\",\"name\":\"Hidalgo\",\"url\":\"https:\\\/\\\/hidalgo.nl\\\/de\\\/\",\"logo\":{\"@type\":\"ImageObject\",\"url\":\"https:\\\/\\\/shop.hidalgo.nl\\\/wp-content\\\/uploads\\\/2025\\\/11\\\/cropped-Hidalgo-est1993.png\",\"@id\":\"https:\\\/\\\/hidalgo.nl\\\/de\\\/product\\\/149380\\\/citronella-kerze-bedrucken-mueckenschutz-recycling-dose-3-4h\\\/#organizationLogo\",\"width\":585,\"height\":195},\"image\":{\"@id\":\"https:\\\/\\\/hidalgo.nl\\\/de\\\/product\\\/149380\\\/citronella-kerze-bedrucken-mueckenschutz-recycling-dose-3-4h\\\/#organizationLogo\"}},{\"@type\":\"ProductGroup\",\"@id\":\"https:\\\/\\\/hidalgo.nl\\\/de\\\/product\\\/149380\\\/citronella-kerze-bedrucken-mueckenschutz-recycling-dose-3-4h\\\/#wooCommerceProduct\",\"name\":\"Citronella-Kerze bedrucken M\\u00fcckenschutz Recycling-Dose 3-4h\",\"url\":\"https:\\\/\\\/hidalgo.nl\\\/de\\\/product\\\/149380\\\/citronella-kerze-bedrucken-mueckenschutz-recycling-dose-3-4h\\\/\",\"sku\":\"A53-LT90749\",\"image\":{\"@type\":\"ImageObject\",\"url\":\"https:\\\/\\\/shop.hidalgo.nl\\\/wp-content\\\/uploads\\\/2025\\\/05\\\/29b8420a1d9092cb9afa6173a65fad22a17bcd77fff549270d6f7180a77dbc41.jpg\",\"@id\":\"https:\\\/\\\/hidalgo.nl\\\/de\\\/product\\\/149380\\\/citronella-kerze-bedrucken-mueckenschutz-recycling-dose-3-4h\\\/#productImage\",\"width\":1000,\"height\":1000},\"productGroupID\":149380,\"hasVariant\":[{\"@type\":\"Product\",\"@id\":\"https:\\\/\\\/hidalgo.nl\\\/de\\\/product\\\/149380\\\/citronella-kerze-bedrucken-mueckenschutz-recycling-dose-3-4h\\\/#wooCommerceProduct\",\"name\":\"Citronella insectenwerende plantaardige kaars in gerecycled blik - zilver\",\"url\":\"https:\\\/\\\/hidalgo.nl\\\/de\\\/product\\\/149380\\\/citronella-kerze-bedrucken-mueckenschutz-recycling-dose-3-4h\\\/\",\"sku\":\"A53-LT90749-N0005\",\"image\":{\"@type\":\"ImageObject\",\"url\":\"https:\\\/\\\/shop.hidalgo.nl\\\/wp-content\\\/uploads\\\/2025\\\/05\\\/579eedccdd7987e90f0c8167bd38de0e29d71f735837801ddecbca9227ac08b5.jpg\",\"@id\":\"https:\\\/\\\/hidalgo.nl\\\/de\\\/product\\\/149380\\\/citronella-kerze-bedrucken-mueckenschutz-recycling-dose-3-4h\\\/#productImage\",\"width\":1000,\"height\":1000},\"offers\":{\"@type\":\"Offer\",\"url\":\"https:\\\/\\\/hidalgo.nl\\\/de\\\/product\\\/149380\\\/citronella-kerze-bedrucken-mueckenschutz-recycling-dose-3-4h\\\/#wooCommerceOffer\",\"price\":\"2.76\",\"priceCurrency\":\"EUR\",\"category\":\"Promotionele Artikelen\",\"availability\":\"https:\\\/\\\/schema.org\\\/InStock\",\"priceSpecification\":{\"@type\":\"PriceSpecification\",\"price\":2.76,\"priceCurrency\":\"EUR\",\"valueAddedTaxIncluded\":\"true\"}}}]},{\"@type\":\"WebPage\",\"@id\":\"https:\\\/\\\/hidalgo.nl\\\/de\\\/product\\\/149380\\\/citronella-kerze-bedrucken-mueckenschutz-recycling-dose-3-4h\\\/#webpage\",\"url\":\"https:\\\/\\\/hidalgo.nl\\\/de\\\/product\\\/149380\\\/citronella-kerze-bedrucken-mueckenschutz-recycling-dose-3-4h\\\/\",\"name\":\"Citronella-Kerze bedrucken M\\u00fcckenschutz Recycling-Dose 3-4h\",\"description\":\"F\\u00fcr Terrasse, Events & After-Work: Die Citronella-Duftkerze in recycelter Metalldose h\\u00e4lt M\\u00fccken fern und schafft sofort Atmosph\\u00e4re. Bei Hidalgo l\\u00e4sst du die Kerze mit Logo personalisieren - ideal als Werbeartikel gegen M\\u00fccken und um Citronella Kerze bedrucken zu lassen.\",\"inLanguage\":\"de-DE\",\"isPartOf\":{\"@id\":\"https:\\\/\\\/hidalgo.nl\\\/de\\\/#website\"},\"breadcrumb\":{\"@id\":\"https:\\\/\\\/hidalgo.nl\\\/de\\\/product\\\/149380\\\/citronella-kerze-bedrucken-mueckenschutz-recycling-dose-3-4h\\\/#breadcrumblist\"},\"image\":{\"@type\":\"ImageObject\",\"url\":\"https:\\\/\\\/shop.hidalgo.nl\\\/wp-content\\\/uploads\\\/2025\\\/05\\\/29b8420a1d9092cb9afa6173a65fad22a17bcd77fff549270d6f7180a77dbc41.jpg\",\"@id\":\"https:\\\/\\\/hidalgo.nl\\\/de\\\/product\\\/149380\\\/citronella-kerze-bedrucken-mueckenschutz-recycling-dose-3-4h\\\/#mainImage\",\"width\":1000,\"height\":1000},\"primaryImageOfPage\":{\"@id\":\"https:\\\/\\\/hidalgo.nl\\\/de\\\/product\\\/149380\\\/citronella-kerze-bedrucken-mueckenschutz-recycling-dose-3-4h\\\/#mainImage\"},\"datePublished\":\"2025-07-09T16:13:31+00:00\",\"dateModified\":\"2026-05-02T16:02:12+00:00\"},{\"@type\":\"WebSite\",\"@id\":\"https:\\\/\\\/hidalgo.nl\\\/de\\\/#website\",\"url\":\"https:\\\/\\\/hidalgo.nl\\\/de\\\/\",\"name\":\"Hidalgo\",\"inLanguage\":\"de-DE\",\"publisher\":{\"@id\":\"https:\\\/\\\/hidalgo.nl\\\/de\\\/#organization\"}}]}\n\t\t<\/script>\n\t\t<!-- All in One SEO Pro -->\r\n\t\t<title>Citronella-Kerze bedrucken M\u00fcckenschutz Recycling-Dose 3-4h<\/title>\n\n","aioseo_head_json":{"title":"Citronella-Kerze bedrucken M\u00fcckenschutz Recycling-Dose 3-4h","description":"F\u00fcr Terrasse, Events & After-Work: Die Citronella-Duftkerze in recycelter Metalldose h\u00e4lt M\u00fccken fern und schafft sofort Atmosph\u00e4re. Bei Hidalgo l\u00e4sst du die Kerze mit Logo personalisieren - ideal als Werbeartikel gegen M\u00fccken und um Citronella Kerze bedrucken zu lassen.","canonical_url":"https:\/\/hidalgo.nl\/de\/wp-json\/wp\/v2\/product\/149380","robots":"max-image-preview:large","keywords":"","webmasterTools":{"miscellaneous":""},"schema":{"@context":"https:\/\/schema.org","@graph":[{"@type":"BreadcrumbList","@id":"https:\/\/hidalgo.nl\/de\/product\/149380\/citronella-kerze-bedrucken-mueckenschutz-recycling-dose-3-4h\/#breadcrumblist","itemListElement":[{"@type":"ListItem","@id":"https:\/\/hidalgo.nl\/de\/#listItem","position":1,"name":"Home","item":"https:\/\/hidalgo.nl\/de\/","nextItem":{"@type":"ListItem","@id":"https:\/\/hidalgo.nl\/example\/#listItem","name":"example"}},{"@type":"ListItem","@id":"https:\/\/hidalgo.nl\/example\/#listItem","position":2,"name":"example","item":"https:\/\/hidalgo.nl\/example\/","nextItem":{"@type":"ListItem","@id":"https:\/\/hidalgo.nl\/en\/product-supplier\/a53\/#listItem","name":"A53"},"previousItem":{"@type":"ListItem","@id":"https:\/\/hidalgo.nl\/de\/#listItem","name":"Home"}},{"@type":"ListItem","@id":"https:\/\/hidalgo.nl\/en\/product-supplier\/a53\/#listItem","position":3,"name":"A53","item":"https:\/\/hidalgo.nl\/en\/product-supplier\/a53\/","nextItem":{"@type":"ListItem","@id":"https:\/\/hidalgo.nl\/de\/product\/149380\/citronella-kerze-bedrucken-mueckenschutz-recycling-dose-3-4h\/#listItem","name":"Citronella insectenwerende plantaardige kaars in gerecycled blik"},"previousItem":{"@type":"ListItem","@id":"https:\/\/hidalgo.nl\/example\/#listItem","name":"example"}},{"@type":"ListItem","@id":"https:\/\/hidalgo.nl\/de\/product\/149380\/citronella-kerze-bedrucken-mueckenschutz-recycling-dose-3-4h\/#listItem","position":4,"name":"Citronella insectenwerende plantaardige kaars in gerecycled blik","previousItem":{"@type":"ListItem","@id":"https:\/\/hidalgo.nl\/en\/product-supplier\/a53\/#listItem","name":"A53"}}]},{"@type":"Organization","@id":"https:\/\/hidalgo.nl\/de\/#organization","name":"Hidalgo","url":"https:\/\/hidalgo.nl\/de\/","logo":{"@type":"ImageObject","url":"https:\/\/shop.hidalgo.nl\/wp-content\/uploads\/2025\/11\/cropped-Hidalgo-est1993.png","@id":"https:\/\/hidalgo.nl\/de\/product\/149380\/citronella-kerze-bedrucken-mueckenschutz-recycling-dose-3-4h\/#organizationLogo","width":585,"height":195},"image":{"@id":"https:\/\/hidalgo.nl\/de\/product\/149380\/citronella-kerze-bedrucken-mueckenschutz-recycling-dose-3-4h\/#organizationLogo"}},{"@type":"ProductGroup","@id":"https:\/\/hidalgo.nl\/de\/product\/149380\/citronella-kerze-bedrucken-mueckenschutz-recycling-dose-3-4h\/#wooCommerceProduct","name":"Citronella-Kerze bedrucken M\u00fcckenschutz Recycling-Dose 3-4h","url":"https:\/\/hidalgo.nl\/de\/product\/149380\/citronella-kerze-bedrucken-mueckenschutz-recycling-dose-3-4h\/","sku":"A53-LT90749","image":{"@type":"ImageObject","url":"https:\/\/shop.hidalgo.nl\/wp-content\/uploads\/2025\/05\/29b8420a1d9092cb9afa6173a65fad22a17bcd77fff549270d6f7180a77dbc41.jpg","@id":"https:\/\/hidalgo.nl\/de\/product\/149380\/citronella-kerze-bedrucken-mueckenschutz-recycling-dose-3-4h\/#productImage","width":1000,"height":1000},"productGroupID":149380,"hasVariant":[{"@type":"Product","@id":"https:\/\/hidalgo.nl\/de\/product\/149380\/citronella-kerze-bedrucken-mueckenschutz-recycling-dose-3-4h\/#wooCommerceProduct","name":"Citronella insectenwerende plantaardige kaars in gerecycled blik - zilver","url":"https:\/\/hidalgo.nl\/de\/product\/149380\/citronella-kerze-bedrucken-mueckenschutz-recycling-dose-3-4h\/","sku":"A53-LT90749-N0005","image":{"@type":"ImageObject","url":"https:\/\/shop.hidalgo.nl\/wp-content\/uploads\/2025\/05\/579eedccdd7987e90f0c8167bd38de0e29d71f735837801ddecbca9227ac08b5.jpg","@id":"https:\/\/hidalgo.nl\/de\/product\/149380\/citronella-kerze-bedrucken-mueckenschutz-recycling-dose-3-4h\/#productImage","width":1000,"height":1000},"offers":{"@type":"Offer","url":"https:\/\/hidalgo.nl\/de\/product\/149380\/citronella-kerze-bedrucken-mueckenschutz-recycling-dose-3-4h\/#wooCommerceOffer","price":"2.76","priceCurrency":"EUR","category":"Promotionele Artikelen","availability":"https:\/\/schema.org\/InStock","priceSpecification":{"@type":"PriceSpecification","price":2.76,"priceCurrency":"EUR","valueAddedTaxIncluded":"true"}}}]},{"@type":"WebPage","@id":"https:\/\/hidalgo.nl\/de\/product\/149380\/citronella-kerze-bedrucken-mueckenschutz-recycling-dose-3-4h\/#webpage","url":"https:\/\/hidalgo.nl\/de\/product\/149380\/citronella-kerze-bedrucken-mueckenschutz-recycling-dose-3-4h\/","name":"Citronella-Kerze bedrucken M\u00fcckenschutz Recycling-Dose 3-4h","description":"F\u00fcr Terrasse, Events & After-Work: Die Citronella-Duftkerze in recycelter Metalldose h\u00e4lt M\u00fccken fern und schafft sofort Atmosph\u00e4re. Bei Hidalgo l\u00e4sst du die Kerze mit Logo personalisieren - ideal als Werbeartikel gegen M\u00fccken und um Citronella Kerze bedrucken zu lassen.","inLanguage":"de-DE","isPartOf":{"@id":"https:\/\/hidalgo.nl\/de\/#website"},"breadcrumb":{"@id":"https:\/\/hidalgo.nl\/de\/product\/149380\/citronella-kerze-bedrucken-mueckenschutz-recycling-dose-3-4h\/#breadcrumblist"},"image":{"@type":"ImageObject","url":"https:\/\/shop.hidalgo.nl\/wp-content\/uploads\/2025\/05\/29b8420a1d9092cb9afa6173a65fad22a17bcd77fff549270d6f7180a77dbc41.jpg","@id":"https:\/\/hidalgo.nl\/de\/product\/149380\/citronella-kerze-bedrucken-mueckenschutz-recycling-dose-3-4h\/#mainImage","width":1000,"height":1000},"primaryImageOfPage":{"@id":"https:\/\/hidalgo.nl\/de\/product\/149380\/citronella-kerze-bedrucken-mueckenschutz-recycling-dose-3-4h\/#mainImage"},"datePublished":"2025-07-09T16:13:31+00:00","dateModified":"2026-05-02T16:02:12+00:00"},{"@type":"WebSite","@id":"https:\/\/hidalgo.nl\/de\/#website","url":"https:\/\/hidalgo.nl\/de\/","name":"Hidalgo","inLanguage":"de-DE","publisher":{"@id":"https:\/\/hidalgo.nl\/de\/#organization"}}]},"og:locale":"de_DE","og:site_name":"Hidalgo -","og:type":"article","og:title":"Citronella-Kerze bedrucken M\u00fcckenschutz Recycling-Dose 3-4h","og:description":"F\u00fcr Terrasse, Events &amp; After-Work: Die Citronella-Duftkerze in recycelter Metalldose h\u00e4lt M\u00fccken fern und schafft sofort Atmosph\u00e4re. Bei Hidalgo l\u00e4sst du die Kerze mit Logo personalisieren - ideal als Werbeartikel gegen M\u00fccken und um Citronella Kerze bedrucken zu lassen.","og:url":"https:\/\/hidalgo.nl\/de\/wp-json\/wp\/v2\/product\/149380","og:image":"https:\/\/shop.hidalgo.nl\/wp-content\/uploads\/2025\/11\/cropped-Hidalgo-est1993.png","og:image:secure_url":"https:\/\/shop.hidalgo.nl\/wp-content\/uploads\/2025\/11\/cropped-Hidalgo-est1993.png","article:published_time":"2025-07-09T16:13:31+00:00","article:modified_time":"2026-05-02T16:02:12+00:00","twitter:card":"summary_large_image","twitter:title":"Citronella-Kerze bedrucken M\u00fcckenschutz Recycling-Dose 3-4h","twitter:description":"F\u00fcr Terrasse, Events &amp; After-Work: Die Citronella-Duftkerze in recycelter Metalldose h\u00e4lt M\u00fccken fern und schafft sofort Atmosph\u00e4re. Bei Hidalgo l\u00e4sst du die Kerze mit Logo personalisieren - ideal als Werbeartikel gegen M\u00fccken und um Citronella Kerze bedrucken zu lassen.","twitter:image":"https:\/\/shop.hidalgo.nl\/wp-content\/uploads\/2025\/11\/cropped-Hidalgo-est1993.png"},"aioseo_meta_data":{"post_id":"149380","title":null,"description":null,"keywords":null,"keyphrases":null,"primary_term":null,"canonical_url":null,"og_title":null,"og_description":null,"og_object_type":"default","og_image_type":"default","og_image_url":null,"og_image_width":null,"og_image_height":null,"og_image_custom_url":null,"og_image_custom_fields":null,"og_video":null,"og_custom_url":null,"og_article_section":null,"og_article_tags":null,"twitter_use_og":false,"twitter_card":"default","twitter_image_type":"default","twitter_image_url":null,"twitter_image_custom_url":null,"twitter_image_custom_fields":null,"twitter_title":null,"twitter_description":null,"schema":{"blockGraphs":[],"customGraphs":[],"default":{"data":{"Article":[],"Course":[],"Dataset":[],"FAQPage":[],"Movie":[],"Person":[],"Product":[],"ProductReview":[],"Car":[],"Recipe":[],"Service":[],"SoftwareApplication":[],"WebPage":[]},"graphName":"","isEnabled":true},"graphs":[]},"schema_type":"default","schema_type_options":null,"pillar_content":false,"robots_default":true,"robots_noindex":false,"robots_noarchive":false,"robots_nosnippet":false,"robots_nofollow":false,"robots_noimageindex":false,"robots_noodp":false,"robots_notranslate":false,"robots_max_snippet":null,"robots_max_videopreview":null,"robots_max_imagepreview":"large","priority":null,"frequency":null,"local_seo":null,"seo_analyzer_scan_date":"2026-02-06 06:16:16","breadcrumb_settings":null,"limit_modified_date":false,"reviewed_by":null,"open_ai":null,"ai":null,"created":"2026-01-14 06:25:40","updated":"2026-05-02 16:19:46"},"aioseo_breadcrumb":"<div class=\"aioseo-breadcrumbs\"><span class=\"aioseo-breadcrumb\">\n\t<a href=\"https:\/\/hidalgo.nl\/de\/\" title=\"Home\">Home<\/a>\n<\/span><span class=\"aioseo-breadcrumb-separator\">\u00bb<\/span><span class=\"aioseo-breadcrumb\">\n\t<a href=\"https:\/\/hidalgo.nl\/example\/\" title=\"example\">example<\/a>\n<\/span><span class=\"aioseo-breadcrumb-separator\">\u00bb<\/span><span class=\"aioseo-breadcrumb\">\n\t<a href=\"https:\/\/hidalgo.nl\/en\/product-supplier\/a53\/\" title=\"A53\">A53<\/a>\n<\/span><span class=\"aioseo-breadcrumb-separator\">\u00bb<\/span><span class=\"aioseo-breadcrumb\">\n\tCitronella insectenwerende plantaardige kaars in gerecycled blik\n<\/span><\/div>","aioseo_breadcrumb_json":[{"label":"Home","link":"https:\/\/hidalgo.nl\/de\/"},{"label":"example","link":"https:\/\/hidalgo.nl\/example\/"},{"label":"A53","link":"https:\/\/hidalgo.nl\/en\/product-supplier\/a53\/"},{"label":"Citronella insectenwerende plantaardige kaars in gerecycled blik","link":"https:\/\/hidalgo.nl\/de\/product\/149380\/citronella-kerze-bedrucken-mueckenschutz-recycling-dose-3-4h\/"}],"_links":{"self":[{"href":"https:\/\/hidalgo.nl\/de\/wp-json\/wp\/v2\/product\/149380","targetHints":{"allow":["GET"]}}],"collection":[{"href":"https:\/\/hidalgo.nl\/de\/wp-json\/wp\/v2\/product"}],"about":[{"href":"https:\/\/hidalgo.nl\/de\/wp-json\/wp\/v2\/types\/product"}],"wp:featuredmedia":[{"embeddable":true,"href":"https:\/\/hidalgo.nl\/de\/wp-json\/wp\/v2\/media\/149381"}],"wp:attachment":[{"href":"https:\/\/hidalgo.nl\/de\/wp-json\/wp\/v2\/media?parent=149380"}],"wp:term":[{"taxonomy":"product_brand","embeddable":true,"href":"https:\/\/hidalgo.nl\/de\/wp-json\/wp\/v2\/product_brand?post=149380"},{"taxonomy":"product_cat","embeddable":true,"href":"https:\/\/hidalgo.nl\/de\/wp-json\/wp\/v2\/product_cat?post=149380"},{"taxonomy":"product_tag","embeddable":true,"href":"https:\/\/hidalgo.nl\/de\/wp-json\/wp\/v2\/product_tag?post=149380"}],"curies":[{"name":"wp","href":"https:\/\/api.w.org\/{rel}","templated":true}]}}