{"id":149112,"date":"2025-07-09T16:06:21","date_gmt":"2025-07-09T16:06:21","guid":{"rendered":"http:\/\/bidonsenshakers.pim.hidalgo.nl\/product\/hobby-messen-metaal-abs\/"},"modified":"2026-05-02T15:56:00","modified_gmt":"2026-05-02T15:56:00","slug":"hobby-messen-metaal-abs","status":"publish","type":"product","link":"https:\/\/hidalgo.nl\/de\/product\/149112\/hobbymesser-bedrucken-praezisionsschnitt-metall-abs-gunmetal\/","title":{"rendered":"Hobby Messen Metaal &amp; ABS"},"content":{"rendered":"<p>Maak kennis met ons betrouwbare ABS Hobby Mes, het perfecte gereedschap voor precisiewerk. Ontworpen met een stevig ABS handvat, zorgt het voor nauwkeurige sneden voor je modelbouwprojecten. Een vertrouwde metgezel voor hobbyisten van alle niveaus.<\/p>\n","protected":false},"excerpt":{"rendered":"<p>Maak kennis met ons betrouwbare ABS Hobby Mes, het perfecte gereedschap voor precisiewerk. Ontworpen met een stevig ABS handvat, zorgt het voor nauwkeurige sneden voor je modelbouwprojecten. Een vertrouwde metgezel voor hobbyisten van alle niveaus.<\/p>\n","protected":false},"featured_media":149113,"template":"","meta":{"_acf_changed":false,"om_disable_all_campaigns":false,"_monsterinsights_skip_tracking":false,"_monsterinsights_sitenote_active":false,"_monsterinsights_sitenote_note":"","_monsterinsights_sitenote_category":0},"product_brand":[],"product_cat":[4808,4719],"product_tag":[],"class_list":{"0":"post-149112","1":"product","2":"type-product","3":"status-publish","4":"has-post-thumbnail","6":"product_supplier-a53","7":"product_cat-gereedschap","8":"product_cat-promotionele-artikelen","9":"entry","11":"first","12":"instock","13":"taxable","14":"shipping-taxable","15":"purchasable","16":"product-type-variable"},"acf":{"imprint_cost":[{"imprint_cost_key":"98e4866cb4d09b670c68fbd950fdb6dd716f141a","product_quantity_price_range":[{"imprint_cost_recommended_selling_price":"1.1325","imprint_cost_recommended_selling_quantity":"1"},{"imprint_cost_recommended_selling_price":"0.945","imprint_cost_recommended_selling_quantity":"10"},{"imprint_cost_recommended_selling_price":"0.87","imprint_cost_recommended_selling_quantity":"25"},{"imprint_cost_recommended_selling_price":"0.7725","imprint_cost_recommended_selling_quantity":"50"},{"imprint_cost_recommended_selling_price":"0.69","imprint_cost_recommended_selling_quantity":"100"},{"imprint_cost_recommended_selling_price":"0.615","imprint_cost_recommended_selling_quantity":"250"},{"imprint_cost_recommended_selling_price":"0.57","imprint_cost_recommended_selling_quantity":"500"},{"imprint_cost_recommended_selling_price":"0.5325","imprint_cost_recommended_selling_quantity":"1000"},{"imprint_cost_recommended_selling_price":"0.4425","imprint_cost_recommended_selling_quantity":"2500"},{"imprint_cost_recommended_selling_price":"0.4425","imprint_cost_recommended_selling_quantity":"5000"},{"imprint_cost_recommended_selling_price":"0.4425","imprint_cost_recommended_selling_quantity":"10000"}],"product_quantity_price_range_buying":[{"imprint_cost_general_buying_price":"0.755","imprint_cost_general_buying_quantity":"1"},{"imprint_cost_general_buying_price":"0.63","imprint_cost_general_buying_quantity":"10"},{"imprint_cost_general_buying_price":"0.58","imprint_cost_general_buying_quantity":"25"},{"imprint_cost_general_buying_price":"0.515","imprint_cost_general_buying_quantity":"50"},{"imprint_cost_general_buying_price":"0.46","imprint_cost_general_buying_quantity":"100"},{"imprint_cost_general_buying_price":"0.41","imprint_cost_general_buying_quantity":"250"},{"imprint_cost_general_buying_price":"0.38","imprint_cost_general_buying_quantity":"500"},{"imprint_cost_general_buying_price":"0.355","imprint_cost_general_buying_quantity":"1000"},{"imprint_cost_general_buying_price":"0.295","imprint_cost_general_buying_quantity":"2500"},{"imprint_cost_general_buying_price":"0.295","imprint_cost_general_buying_quantity":"5000"},{"imprint_cost_general_buying_price":"0.295","imprint_cost_general_buying_quantity":"10000"}],"imprint_cost_setup_costs":"54","imprint_cost_handling_costs":"0.06"},{"imprint_cost_key":"0cd2aaaed55cecc1b450af5a76ba2ca6f8e9d0c1","product_quantity_price_range":[{"imprint_cost_recommended_selling_price":"0.885","imprint_cost_recommended_selling_quantity":"1"},{"imprint_cost_recommended_selling_price":"0.7575","imprint_cost_recommended_selling_quantity":"10"},{"imprint_cost_recommended_selling_price":"0.5175","imprint_cost_recommended_selling_quantity":"25"},{"imprint_cost_recommended_selling_price":"0.4425","imprint_cost_recommended_selling_quantity":"50"},{"imprint_cost_recommended_selling_price":"0.3975","imprint_cost_recommended_selling_quantity":"100"},{"imprint_cost_recommended_selling_price":"0.315","imprint_cost_recommended_selling_quantity":"250"},{"imprint_cost_recommended_selling_price":"0.255","imprint_cost_recommended_selling_quantity":"500"},{"imprint_cost_recommended_selling_price":"0.1575","imprint_cost_recommended_selling_quantity":"1000"},{"imprint_cost_recommended_selling_price":"0.1425","imprint_cost_recommended_selling_quantity":"2500"},{"imprint_cost_recommended_selling_price":"0.1275","imprint_cost_recommended_selling_quantity":"5000"},{"imprint_cost_recommended_selling_price":"0.1125","imprint_cost_recommended_selling_quantity":"10000"}],"product_quantity_price_range_buying":[{"imprint_cost_general_buying_price":"0.59","imprint_cost_general_buying_quantity":"1"},{"imprint_cost_general_buying_price":"0.505","imprint_cost_general_buying_quantity":"10"},{"imprint_cost_general_buying_price":"0.345","imprint_cost_general_buying_quantity":"25"},{"imprint_cost_general_buying_price":"0.295","imprint_cost_general_buying_quantity":"50"},{"imprint_cost_general_buying_price":"0.265","imprint_cost_general_buying_quantity":"100"},{"imprint_cost_general_buying_price":"0.21","imprint_cost_general_buying_quantity":"250"},{"imprint_cost_general_buying_price":"0.17","imprint_cost_general_buying_quantity":"500"},{"imprint_cost_general_buying_price":"0.105","imprint_cost_general_buying_quantity":"1000"},{"imprint_cost_general_buying_price":"0.095","imprint_cost_general_buying_quantity":"2500"},{"imprint_cost_general_buying_price":"0.085","imprint_cost_general_buying_quantity":"5000"},{"imprint_cost_general_buying_price":"0.075","imprint_cost_general_buying_quantity":"10000"}],"imprint_cost_setup_costs":"54","imprint_cost_handling_costs":"0.06"}]},"aioseo_notices":[],"aioseo_head":"\n\t\t<!-- All in One SEO Pro 4.9.6.2 - aioseo.com -->\n\t<meta name=\"description\" content=\"Robuster Metallk\u00f6rper mit griffigem ABS-Griff in Dunkel Gun Metal sorgt f\u00fcr saubere Feinschnitte bei Modellbau, B\u00fcro &amp; DIY. Bei Hidalgo kannst du den Cutter bedrucken lassen - ideal f\u00fcr Promotion. Jetzt bequem als Pr\u00e4zisionsmesser bestellen.\" \/>\n\t<meta name=\"robots\" content=\"max-image-preview:large\" \/>\n\t<link rel=\"canonical\" href=\"https:\/\/hidalgo.nl\/de\/wp-json\/wp\/v2\/product\/149112\" \/>\n\t<meta name=\"generator\" content=\"All in One SEO Pro (AIOSEO) 4.9.6.2\" \/>\n\t\t<meta property=\"og:locale\" content=\"de_DE\" \/>\n\t\t<meta property=\"og:site_name\" content=\"Hidalgo -\" \/>\n\t\t<meta property=\"og:type\" content=\"article\" \/>\n\t\t<meta property=\"og:title\" content=\"Hobbymesser bedrucken Pr\u00e4zisionsschnitt Metall ABS Gunmetal\" \/>\n\t\t<meta property=\"og:description\" content=\"Robuster Metallk\u00f6rper mit griffigem ABS-Griff in Dunkel Gun Metal sorgt f\u00fcr saubere Feinschnitte bei Modellbau, B\u00fcro &amp; DIY. Bei Hidalgo kannst du den Cutter bedrucken lassen - ideal f\u00fcr Promotion. Jetzt bequem als Pr\u00e4zisionsmesser bestellen.\" \/>\n\t\t<meta property=\"og:url\" content=\"https:\/\/hidalgo.nl\/de\/wp-json\/wp\/v2\/product\/149112\" \/>\n\t\t<meta property=\"og:image\" content=\"https:\/\/shop.hidalgo.nl\/wp-content\/uploads\/2025\/11\/cropped-Hidalgo-est1993.png\" \/>\n\t\t<meta property=\"og:image:secure_url\" content=\"https:\/\/shop.hidalgo.nl\/wp-content\/uploads\/2025\/11\/cropped-Hidalgo-est1993.png\" \/>\n\t\t<meta property=\"article:published_time\" content=\"2025-07-09T16:06:21+00:00\" \/>\n\t\t<meta property=\"article:modified_time\" content=\"2026-05-02T15:56:00+00:00\" \/>\n\t\t<meta name=\"twitter:card\" content=\"summary_large_image\" \/>\n\t\t<meta name=\"twitter:title\" content=\"Hobbymesser bedrucken Pr\u00e4zisionsschnitt Metall ABS Gunmetal\" \/>\n\t\t<meta name=\"twitter:description\" content=\"Robuster Metallk\u00f6rper mit griffigem ABS-Griff in Dunkel Gun Metal sorgt f\u00fcr saubere Feinschnitte bei Modellbau, B\u00fcro &amp; DIY. Bei Hidalgo kannst du den Cutter bedrucken lassen - ideal f\u00fcr Promotion. Jetzt bequem als Pr\u00e4zisionsmesser bestellen.\" \/>\n\t\t<meta name=\"twitter:image\" content=\"https:\/\/shop.hidalgo.nl\/wp-content\/uploads\/2025\/11\/cropped-Hidalgo-est1993.png\" \/>\n\t\t<script type=\"application\/ld+json\" class=\"aioseo-schema\">\n\t\t\t{\"@context\":\"https:\\\/\\\/schema.org\",\"@graph\":[{\"@type\":\"BreadcrumbList\",\"@id\":\"https:\\\/\\\/hidalgo.nl\\\/de\\\/product\\\/149112\\\/hobbymesser-bedrucken-praezisionsschnitt-metall-abs-gunmetal\\\/#breadcrumblist\",\"itemListElement\":[{\"@type\":\"ListItem\",\"@id\":\"https:\\\/\\\/hidalgo.nl\\\/de\\\/#listItem\",\"position\":1,\"name\":\"Home\",\"item\":\"https:\\\/\\\/hidalgo.nl\\\/de\\\/\",\"nextItem\":{\"@type\":\"ListItem\",\"@id\":\"https:\\\/\\\/hidalgo.nl\\\/example\\\/#listItem\",\"name\":\"example\"}},{\"@type\":\"ListItem\",\"@id\":\"https:\\\/\\\/hidalgo.nl\\\/example\\\/#listItem\",\"position\":2,\"name\":\"example\",\"item\":\"https:\\\/\\\/hidalgo.nl\\\/example\\\/\",\"nextItem\":{\"@type\":\"ListItem\",\"@id\":\"https:\\\/\\\/hidalgo.nl\\\/en\\\/product-supplier\\\/a53\\\/#listItem\",\"name\":\"A53\"},\"previousItem\":{\"@type\":\"ListItem\",\"@id\":\"https:\\\/\\\/hidalgo.nl\\\/de\\\/#listItem\",\"name\":\"Home\"}},{\"@type\":\"ListItem\",\"@id\":\"https:\\\/\\\/hidalgo.nl\\\/en\\\/product-supplier\\\/a53\\\/#listItem\",\"position\":3,\"name\":\"A53\",\"item\":\"https:\\\/\\\/hidalgo.nl\\\/en\\\/product-supplier\\\/a53\\\/\",\"nextItem\":{\"@type\":\"ListItem\",\"@id\":\"https:\\\/\\\/hidalgo.nl\\\/de\\\/product\\\/149112\\\/hobbymesser-bedrucken-praezisionsschnitt-metall-abs-gunmetal\\\/#listItem\",\"name\":\"Hobby Messen Metaal &amp; ABS\"},\"previousItem\":{\"@type\":\"ListItem\",\"@id\":\"https:\\\/\\\/hidalgo.nl\\\/example\\\/#listItem\",\"name\":\"example\"}},{\"@type\":\"ListItem\",\"@id\":\"https:\\\/\\\/hidalgo.nl\\\/de\\\/product\\\/149112\\\/hobbymesser-bedrucken-praezisionsschnitt-metall-abs-gunmetal\\\/#listItem\",\"position\":4,\"name\":\"Hobby Messen Metaal &amp; ABS\",\"previousItem\":{\"@type\":\"ListItem\",\"@id\":\"https:\\\/\\\/hidalgo.nl\\\/en\\\/product-supplier\\\/a53\\\/#listItem\",\"name\":\"A53\"}}]},{\"@type\":\"Organization\",\"@id\":\"https:\\\/\\\/hidalgo.nl\\\/de\\\/#organization\",\"name\":\"Hidalgo\",\"url\":\"https:\\\/\\\/hidalgo.nl\\\/de\\\/\",\"logo\":{\"@type\":\"ImageObject\",\"url\":\"https:\\\/\\\/shop.hidalgo.nl\\\/wp-content\\\/uploads\\\/2025\\\/11\\\/cropped-Hidalgo-est1993.png\",\"@id\":\"https:\\\/\\\/hidalgo.nl\\\/de\\\/product\\\/149112\\\/hobbymesser-bedrucken-praezisionsschnitt-metall-abs-gunmetal\\\/#organizationLogo\",\"width\":585,\"height\":195},\"image\":{\"@id\":\"https:\\\/\\\/hidalgo.nl\\\/de\\\/product\\\/149112\\\/hobbymesser-bedrucken-praezisionsschnitt-metall-abs-gunmetal\\\/#organizationLogo\"}},{\"@type\":\"ProductGroup\",\"@id\":\"https:\\\/\\\/hidalgo.nl\\\/de\\\/product\\\/149112\\\/hobbymesser-bedrucken-praezisionsschnitt-metall-abs-gunmetal\\\/#wooCommerceProduct\",\"name\":\"Hobbymesser bedrucken Pr\\u00e4zisionsschnitt Metall ABS Gunmetal\",\"url\":\"https:\\\/\\\/hidalgo.nl\\\/de\\\/product\\\/149112\\\/hobbymesser-bedrucken-praezisionsschnitt-metall-abs-gunmetal\\\/\",\"sku\":\"A53-LT90737\",\"image\":{\"@type\":\"ImageObject\",\"url\":\"https:\\\/\\\/shop.hidalgo.nl\\\/wp-content\\\/uploads\\\/2025\\\/05\\\/4805ca4a50f79d3208e960124cb0059a31321eb6755e259b028a9081d8d916ca.jpg\",\"@id\":\"https:\\\/\\\/hidalgo.nl\\\/de\\\/product\\\/149112\\\/hobbymesser-bedrucken-praezisionsschnitt-metall-abs-gunmetal\\\/#productImage\",\"width\":1000,\"height\":1000},\"productGroupID\":149112,\"hasVariant\":[{\"@type\":\"Product\",\"@id\":\"https:\\\/\\\/hidalgo.nl\\\/de\\\/product\\\/149112\\\/hobbymesser-bedrucken-praezisionsschnitt-metall-abs-gunmetal\\\/#wooCommerceProduct\",\"name\":\"Hobby Messen Metaal &amp; ABS - donker-gun-metal\",\"url\":\"https:\\\/\\\/hidalgo.nl\\\/de\\\/product\\\/149112\\\/hobbymesser-bedrucken-praezisionsschnitt-metall-abs-gunmetal\\\/\",\"sku\":\"A53-LT90737-N0235\",\"image\":{\"@type\":\"ImageObject\",\"url\":\"https:\\\/\\\/shop.hidalgo.nl\\\/wp-content\\\/uploads\\\/2025\\\/05\\\/b8adf1d3c62382c66215b818ad2b5fc7ecdf6d5455ea71a11b525dfe3cd0f0ac.jpg\",\"@id\":\"https:\\\/\\\/hidalgo.nl\\\/de\\\/product\\\/149112\\\/hobbymesser-bedrucken-praezisionsschnitt-metall-abs-gunmetal\\\/#productImage\",\"width\":1000,\"height\":1000},\"offers\":{\"@type\":\"Offer\",\"url\":\"https:\\\/\\\/hidalgo.nl\\\/de\\\/product\\\/149112\\\/hobbymesser-bedrucken-praezisionsschnitt-metall-abs-gunmetal\\\/#wooCommerceOffer\",\"price\":\"1.83\",\"priceCurrency\":\"EUR\",\"category\":\"Promotionele Artikelen\",\"availability\":\"https:\\\/\\\/schema.org\\\/InStock\",\"priceSpecification\":{\"@type\":\"PriceSpecification\",\"price\":1.83,\"priceCurrency\":\"EUR\",\"valueAddedTaxIncluded\":\"true\"}}}]},{\"@type\":\"WebPage\",\"@id\":\"https:\\\/\\\/hidalgo.nl\\\/de\\\/product\\\/149112\\\/hobbymesser-bedrucken-praezisionsschnitt-metall-abs-gunmetal\\\/#webpage\",\"url\":\"https:\\\/\\\/hidalgo.nl\\\/de\\\/product\\\/149112\\\/hobbymesser-bedrucken-praezisionsschnitt-metall-abs-gunmetal\\\/\",\"name\":\"Hobbymesser bedrucken Pr\\u00e4zisionsschnitt Metall ABS Gunmetal\",\"description\":\"Robuster Metallk\\u00f6rper mit griffigem ABS-Griff in Dunkel Gun Metal sorgt f\\u00fcr saubere Feinschnitte bei Modellbau, B\\u00fcro & DIY. Bei Hidalgo kannst du den Cutter bedrucken lassen - ideal f\\u00fcr Promotion. Jetzt bequem als Pr\\u00e4zisionsmesser bestellen.\",\"inLanguage\":\"de-DE\",\"isPartOf\":{\"@id\":\"https:\\\/\\\/hidalgo.nl\\\/de\\\/#website\"},\"breadcrumb\":{\"@id\":\"https:\\\/\\\/hidalgo.nl\\\/de\\\/product\\\/149112\\\/hobbymesser-bedrucken-praezisionsschnitt-metall-abs-gunmetal\\\/#breadcrumblist\"},\"image\":{\"@type\":\"ImageObject\",\"url\":\"https:\\\/\\\/shop.hidalgo.nl\\\/wp-content\\\/uploads\\\/2025\\\/05\\\/4805ca4a50f79d3208e960124cb0059a31321eb6755e259b028a9081d8d916ca.jpg\",\"@id\":\"https:\\\/\\\/hidalgo.nl\\\/de\\\/product\\\/149112\\\/hobbymesser-bedrucken-praezisionsschnitt-metall-abs-gunmetal\\\/#mainImage\",\"width\":1000,\"height\":1000},\"primaryImageOfPage\":{\"@id\":\"https:\\\/\\\/hidalgo.nl\\\/de\\\/product\\\/149112\\\/hobbymesser-bedrucken-praezisionsschnitt-metall-abs-gunmetal\\\/#mainImage\"},\"datePublished\":\"2025-07-09T16:06:21+00:00\",\"dateModified\":\"2026-05-02T15:56:00+00:00\"},{\"@type\":\"WebSite\",\"@id\":\"https:\\\/\\\/hidalgo.nl\\\/de\\\/#website\",\"url\":\"https:\\\/\\\/hidalgo.nl\\\/de\\\/\",\"name\":\"Hidalgo\",\"inLanguage\":\"de-DE\",\"publisher\":{\"@id\":\"https:\\\/\\\/hidalgo.nl\\\/de\\\/#organization\"}}]}\n\t\t<\/script>\n\t\t<!-- All in One SEO Pro -->\r\n\t\t<title>Hobbymesser bedrucken Pr\u00e4zisionsschnitt Metall ABS Gunmetal<\/title>\n\n","aioseo_head_json":{"title":"Hobbymesser bedrucken Pr\u00e4zisionsschnitt Metall ABS Gunmetal","description":"Robuster Metallk\u00f6rper mit griffigem ABS-Griff in Dunkel Gun Metal sorgt f\u00fcr saubere Feinschnitte bei Modellbau, B\u00fcro & DIY. Bei Hidalgo kannst du den Cutter bedrucken lassen - ideal f\u00fcr Promotion. Jetzt bequem als Pr\u00e4zisionsmesser bestellen.","canonical_url":"https:\/\/hidalgo.nl\/de\/wp-json\/wp\/v2\/product\/149112","robots":"max-image-preview:large","keywords":"","webmasterTools":{"miscellaneous":""},"schema":{"@context":"https:\/\/schema.org","@graph":[{"@type":"BreadcrumbList","@id":"https:\/\/hidalgo.nl\/de\/product\/149112\/hobbymesser-bedrucken-praezisionsschnitt-metall-abs-gunmetal\/#breadcrumblist","itemListElement":[{"@type":"ListItem","@id":"https:\/\/hidalgo.nl\/de\/#listItem","position":1,"name":"Home","item":"https:\/\/hidalgo.nl\/de\/","nextItem":{"@type":"ListItem","@id":"https:\/\/hidalgo.nl\/example\/#listItem","name":"example"}},{"@type":"ListItem","@id":"https:\/\/hidalgo.nl\/example\/#listItem","position":2,"name":"example","item":"https:\/\/hidalgo.nl\/example\/","nextItem":{"@type":"ListItem","@id":"https:\/\/hidalgo.nl\/en\/product-supplier\/a53\/#listItem","name":"A53"},"previousItem":{"@type":"ListItem","@id":"https:\/\/hidalgo.nl\/de\/#listItem","name":"Home"}},{"@type":"ListItem","@id":"https:\/\/hidalgo.nl\/en\/product-supplier\/a53\/#listItem","position":3,"name":"A53","item":"https:\/\/hidalgo.nl\/en\/product-supplier\/a53\/","nextItem":{"@type":"ListItem","@id":"https:\/\/hidalgo.nl\/de\/product\/149112\/hobbymesser-bedrucken-praezisionsschnitt-metall-abs-gunmetal\/#listItem","name":"Hobby Messen Metaal &amp; ABS"},"previousItem":{"@type":"ListItem","@id":"https:\/\/hidalgo.nl\/example\/#listItem","name":"example"}},{"@type":"ListItem","@id":"https:\/\/hidalgo.nl\/de\/product\/149112\/hobbymesser-bedrucken-praezisionsschnitt-metall-abs-gunmetal\/#listItem","position":4,"name":"Hobby Messen Metaal &amp; ABS","previousItem":{"@type":"ListItem","@id":"https:\/\/hidalgo.nl\/en\/product-supplier\/a53\/#listItem","name":"A53"}}]},{"@type":"Organization","@id":"https:\/\/hidalgo.nl\/de\/#organization","name":"Hidalgo","url":"https:\/\/hidalgo.nl\/de\/","logo":{"@type":"ImageObject","url":"https:\/\/shop.hidalgo.nl\/wp-content\/uploads\/2025\/11\/cropped-Hidalgo-est1993.png","@id":"https:\/\/hidalgo.nl\/de\/product\/149112\/hobbymesser-bedrucken-praezisionsschnitt-metall-abs-gunmetal\/#organizationLogo","width":585,"height":195},"image":{"@id":"https:\/\/hidalgo.nl\/de\/product\/149112\/hobbymesser-bedrucken-praezisionsschnitt-metall-abs-gunmetal\/#organizationLogo"}},{"@type":"ProductGroup","@id":"https:\/\/hidalgo.nl\/de\/product\/149112\/hobbymesser-bedrucken-praezisionsschnitt-metall-abs-gunmetal\/#wooCommerceProduct","name":"Hobbymesser bedrucken Pr\u00e4zisionsschnitt Metall ABS Gunmetal","url":"https:\/\/hidalgo.nl\/de\/product\/149112\/hobbymesser-bedrucken-praezisionsschnitt-metall-abs-gunmetal\/","sku":"A53-LT90737","image":{"@type":"ImageObject","url":"https:\/\/shop.hidalgo.nl\/wp-content\/uploads\/2025\/05\/4805ca4a50f79d3208e960124cb0059a31321eb6755e259b028a9081d8d916ca.jpg","@id":"https:\/\/hidalgo.nl\/de\/product\/149112\/hobbymesser-bedrucken-praezisionsschnitt-metall-abs-gunmetal\/#productImage","width":1000,"height":1000},"productGroupID":149112,"hasVariant":[{"@type":"Product","@id":"https:\/\/hidalgo.nl\/de\/product\/149112\/hobbymesser-bedrucken-praezisionsschnitt-metall-abs-gunmetal\/#wooCommerceProduct","name":"Hobby Messen Metaal &amp; ABS - donker-gun-metal","url":"https:\/\/hidalgo.nl\/de\/product\/149112\/hobbymesser-bedrucken-praezisionsschnitt-metall-abs-gunmetal\/","sku":"A53-LT90737-N0235","image":{"@type":"ImageObject","url":"https:\/\/shop.hidalgo.nl\/wp-content\/uploads\/2025\/05\/b8adf1d3c62382c66215b818ad2b5fc7ecdf6d5455ea71a11b525dfe3cd0f0ac.jpg","@id":"https:\/\/hidalgo.nl\/de\/product\/149112\/hobbymesser-bedrucken-praezisionsschnitt-metall-abs-gunmetal\/#productImage","width":1000,"height":1000},"offers":{"@type":"Offer","url":"https:\/\/hidalgo.nl\/de\/product\/149112\/hobbymesser-bedrucken-praezisionsschnitt-metall-abs-gunmetal\/#wooCommerceOffer","price":"1.83","priceCurrency":"EUR","category":"Promotionele Artikelen","availability":"https:\/\/schema.org\/InStock","priceSpecification":{"@type":"PriceSpecification","price":1.83,"priceCurrency":"EUR","valueAddedTaxIncluded":"true"}}}]},{"@type":"WebPage","@id":"https:\/\/hidalgo.nl\/de\/product\/149112\/hobbymesser-bedrucken-praezisionsschnitt-metall-abs-gunmetal\/#webpage","url":"https:\/\/hidalgo.nl\/de\/product\/149112\/hobbymesser-bedrucken-praezisionsschnitt-metall-abs-gunmetal\/","name":"Hobbymesser bedrucken Pr\u00e4zisionsschnitt Metall ABS Gunmetal","description":"Robuster Metallk\u00f6rper mit griffigem ABS-Griff in Dunkel Gun Metal sorgt f\u00fcr saubere Feinschnitte bei Modellbau, B\u00fcro & DIY. Bei Hidalgo kannst du den Cutter bedrucken lassen - ideal f\u00fcr Promotion. Jetzt bequem als Pr\u00e4zisionsmesser bestellen.","inLanguage":"de-DE","isPartOf":{"@id":"https:\/\/hidalgo.nl\/de\/#website"},"breadcrumb":{"@id":"https:\/\/hidalgo.nl\/de\/product\/149112\/hobbymesser-bedrucken-praezisionsschnitt-metall-abs-gunmetal\/#breadcrumblist"},"image":{"@type":"ImageObject","url":"https:\/\/shop.hidalgo.nl\/wp-content\/uploads\/2025\/05\/4805ca4a50f79d3208e960124cb0059a31321eb6755e259b028a9081d8d916ca.jpg","@id":"https:\/\/hidalgo.nl\/de\/product\/149112\/hobbymesser-bedrucken-praezisionsschnitt-metall-abs-gunmetal\/#mainImage","width":1000,"height":1000},"primaryImageOfPage":{"@id":"https:\/\/hidalgo.nl\/de\/product\/149112\/hobbymesser-bedrucken-praezisionsschnitt-metall-abs-gunmetal\/#mainImage"},"datePublished":"2025-07-09T16:06:21+00:00","dateModified":"2026-05-02T15:56:00+00:00"},{"@type":"WebSite","@id":"https:\/\/hidalgo.nl\/de\/#website","url":"https:\/\/hidalgo.nl\/de\/","name":"Hidalgo","inLanguage":"de-DE","publisher":{"@id":"https:\/\/hidalgo.nl\/de\/#organization"}}]},"og:locale":"de_DE","og:site_name":"Hidalgo -","og:type":"article","og:title":"Hobbymesser bedrucken Pr\u00e4zisionsschnitt Metall ABS Gunmetal","og:description":"Robuster Metallk\u00f6rper mit griffigem ABS-Griff in Dunkel Gun Metal sorgt f\u00fcr saubere Feinschnitte bei Modellbau, B\u00fcro &amp; DIY. Bei Hidalgo kannst du den Cutter bedrucken lassen - ideal f\u00fcr Promotion. Jetzt bequem als Pr\u00e4zisionsmesser bestellen.","og:url":"https:\/\/hidalgo.nl\/de\/wp-json\/wp\/v2\/product\/149112","og:image":"https:\/\/shop.hidalgo.nl\/wp-content\/uploads\/2025\/11\/cropped-Hidalgo-est1993.png","og:image:secure_url":"https:\/\/shop.hidalgo.nl\/wp-content\/uploads\/2025\/11\/cropped-Hidalgo-est1993.png","article:published_time":"2025-07-09T16:06:21+00:00","article:modified_time":"2026-05-02T15:56:00+00:00","twitter:card":"summary_large_image","twitter:title":"Hobbymesser bedrucken Pr\u00e4zisionsschnitt Metall ABS Gunmetal","twitter:description":"Robuster Metallk\u00f6rper mit griffigem ABS-Griff in Dunkel Gun Metal sorgt f\u00fcr saubere Feinschnitte bei Modellbau, B\u00fcro &amp; DIY. Bei Hidalgo kannst du den Cutter bedrucken lassen - ideal f\u00fcr Promotion. Jetzt bequem als Pr\u00e4zisionsmesser bestellen.","twitter:image":"https:\/\/shop.hidalgo.nl\/wp-content\/uploads\/2025\/11\/cropped-Hidalgo-est1993.png"},"aioseo_meta_data":{"post_id":"149112","title":null,"description":null,"keywords":null,"keyphrases":null,"primary_term":null,"canonical_url":null,"og_title":null,"og_description":null,"og_object_type":"default","og_image_type":"default","og_image_url":null,"og_image_width":null,"og_image_height":null,"og_image_custom_url":null,"og_image_custom_fields":null,"og_video":null,"og_custom_url":null,"og_article_section":null,"og_article_tags":null,"twitter_use_og":false,"twitter_card":"default","twitter_image_type":"default","twitter_image_url":null,"twitter_image_custom_url":null,"twitter_image_custom_fields":null,"twitter_title":null,"twitter_description":null,"schema":{"blockGraphs":[],"customGraphs":[],"default":{"data":{"Article":[],"Course":[],"Dataset":[],"FAQPage":[],"Movie":[],"Person":[],"Product":[],"ProductReview":[],"Car":[],"Recipe":[],"Service":[],"SoftwareApplication":[],"WebPage":[]},"graphName":"","isEnabled":true},"graphs":[]},"schema_type":"default","schema_type_options":null,"pillar_content":false,"robots_default":true,"robots_noindex":false,"robots_noarchive":false,"robots_nosnippet":false,"robots_nofollow":false,"robots_noimageindex":false,"robots_noodp":false,"robots_notranslate":false,"robots_max_snippet":null,"robots_max_videopreview":null,"robots_max_imagepreview":"large","priority":null,"frequency":null,"local_seo":null,"seo_analyzer_scan_date":"2026-02-06 06:03:54","breadcrumb_settings":null,"limit_modified_date":false,"reviewed_by":null,"open_ai":null,"ai":null,"created":"2026-01-14 06:25:40","updated":"2026-05-02 16:19:46"},"aioseo_breadcrumb":"<div class=\"aioseo-breadcrumbs\"><span class=\"aioseo-breadcrumb\">\n\t<a href=\"https:\/\/hidalgo.nl\/de\/\" title=\"Home\">Home<\/a>\n<\/span><span class=\"aioseo-breadcrumb-separator\">\u00bb<\/span><span class=\"aioseo-breadcrumb\">\n\t<a href=\"https:\/\/hidalgo.nl\/example\/\" title=\"example\">example<\/a>\n<\/span><span class=\"aioseo-breadcrumb-separator\">\u00bb<\/span><span class=\"aioseo-breadcrumb\">\n\t<a href=\"https:\/\/hidalgo.nl\/en\/product-supplier\/a53\/\" title=\"A53\">A53<\/a>\n<\/span><span class=\"aioseo-breadcrumb-separator\">\u00bb<\/span><span class=\"aioseo-breadcrumb\">\n\tHobby Messen Metaal &amp; ABS\n<\/span><\/div>","aioseo_breadcrumb_json":[{"label":"Home","link":"https:\/\/hidalgo.nl\/de\/"},{"label":"example","link":"https:\/\/hidalgo.nl\/example\/"},{"label":"A53","link":"https:\/\/hidalgo.nl\/en\/product-supplier\/a53\/"},{"label":"Hobby Messen Metaal &amp; ABS","link":"https:\/\/hidalgo.nl\/de\/product\/149112\/hobbymesser-bedrucken-praezisionsschnitt-metall-abs-gunmetal\/"}],"_links":{"self":[{"href":"https:\/\/hidalgo.nl\/de\/wp-json\/wp\/v2\/product\/149112","targetHints":{"allow":["GET"]}}],"collection":[{"href":"https:\/\/hidalgo.nl\/de\/wp-json\/wp\/v2\/product"}],"about":[{"href":"https:\/\/hidalgo.nl\/de\/wp-json\/wp\/v2\/types\/product"}],"wp:featuredmedia":[{"embeddable":true,"href":"https:\/\/hidalgo.nl\/de\/wp-json\/wp\/v2\/media\/149113"}],"wp:attachment":[{"href":"https:\/\/hidalgo.nl\/de\/wp-json\/wp\/v2\/media?parent=149112"}],"wp:term":[{"taxonomy":"product_brand","embeddable":true,"href":"https:\/\/hidalgo.nl\/de\/wp-json\/wp\/v2\/product_brand?post=149112"},{"taxonomy":"product_cat","embeddable":true,"href":"https:\/\/hidalgo.nl\/de\/wp-json\/wp\/v2\/product_cat?post=149112"},{"taxonomy":"product_tag","embeddable":true,"href":"https:\/\/hidalgo.nl\/de\/wp-json\/wp\/v2\/product_tag?post=149112"}],"curies":[{"name":"wp","href":"https:\/\/api.w.org\/{rel}","templated":true}]}}