{"id":148622,"date":"2025-07-09T15:52:38","date_gmt":"2025-07-09T15:52:38","guid":{"rendered":"http:\/\/bidonsenshakers.pim.hidalgo.nl\/product\/afstudeerhoed\/"},"modified":"2026-05-02T15:32:09","modified_gmt":"2026-05-02T15:32:09","slug":"afstudeerhoed","status":"publish","type":"product","link":"https:\/\/hidalgo.nl\/de\/product\/148622\/doktorhut-bedrucken-schwarz-fester-sitz-einheitsgroesse\/","title":{"rendered":"Afstudeerhoed"},"content":{"rendered":"<p>Vier je prestaties in stijl met deze klassieke afstudeerhoed, die zorgt voor een stevige en comfortabele pasvorm. De platte, gestructureerde bovenkant is perfect voor de iconische afstudeer toss. Het ontwerp met zijnaden biedt ruimte voor persoonlijke opdrukken, waardoor het een opvallend accessoire is voor elke ceremonie.<\/p>\n","protected":false},"excerpt":{"rendered":"<p>Vier je prestaties in stijl met deze klassieke afstudeerhoed, die zorgt voor een stevige en comfortabele pasvorm. De platte, gestructureerde bovenkant is perfect voor de iconische afstudeer toss. Het ontwerp met zijnaden biedt ruimte voor persoonlijke opdrukken, waardoor het een opvallend accessoire is voor elke ceremonie.<\/p>\n","protected":false},"featured_media":148623,"template":"","meta":{"_acf_changed":false,"om_disable_all_campaigns":false,"_monsterinsights_skip_tracking":false,"_monsterinsights_sitenote_active":false,"_monsterinsights_sitenote_note":"","_monsterinsights_sitenote_category":0},"product_brand":[],"product_cat":[4747,4716,4746],"product_tag":[],"class_list":{"0":"post-148622","1":"product","2":"type-product","3":"status-publish","4":"has-post-thumbnail","6":"product_supplier-a53","7":"product_cat-kleding-petten-mutsen-en-hoeden-hoeden","8":"product_cat-kleding","9":"product_cat-kleding-petten-mutsen-en-hoeden","10":"entry","12":"first","13":"instock","14":"taxable","15":"shipping-taxable","16":"purchasable","17":"product-type-variable"},"acf":{"imprint_cost":[{"imprint_cost_key":"0539ff27e5d7c83f5f20098fded82bfe0cf7a071","product_quantity_price_range":[{"imprint_cost_recommended_selling_price":"1.0425","imprint_cost_recommended_selling_quantity":"1"},{"imprint_cost_recommended_selling_price":"0.8775","imprint_cost_recommended_selling_quantity":"10"},{"imprint_cost_recommended_selling_price":"0.81","imprint_cost_recommended_selling_quantity":"25"},{"imprint_cost_recommended_selling_price":"0.75","imprint_cost_recommended_selling_quantity":"50"},{"imprint_cost_recommended_selling_price":"0.69","imprint_cost_recommended_selling_quantity":"100"},{"imprint_cost_recommended_selling_price":"0.63","imprint_cost_recommended_selling_quantity":"250"},{"imprint_cost_recommended_selling_price":"0.63","imprint_cost_recommended_selling_quantity":"500"},{"imprint_cost_recommended_selling_price":"0.6","imprint_cost_recommended_selling_quantity":"1000"},{"imprint_cost_recommended_selling_price":"0.555","imprint_cost_recommended_selling_quantity":"2500"},{"imprint_cost_recommended_selling_price":"0.525","imprint_cost_recommended_selling_quantity":"5000"},{"imprint_cost_recommended_selling_price":"0.525","imprint_cost_recommended_selling_quantity":"10000"}],"product_quantity_price_range_buying":[{"imprint_cost_general_buying_price":"0.695","imprint_cost_general_buying_quantity":"1"},{"imprint_cost_general_buying_price":"0.585","imprint_cost_general_buying_quantity":"10"},{"imprint_cost_general_buying_price":"0.54","imprint_cost_general_buying_quantity":"25"},{"imprint_cost_general_buying_price":"0.5","imprint_cost_general_buying_quantity":"50"},{"imprint_cost_general_buying_price":"0.46","imprint_cost_general_buying_quantity":"100"},{"imprint_cost_general_buying_price":"0.42","imprint_cost_general_buying_quantity":"250"},{"imprint_cost_general_buying_price":"0.42","imprint_cost_general_buying_quantity":"500"},{"imprint_cost_general_buying_price":"0.4","imprint_cost_general_buying_quantity":"1000"},{"imprint_cost_general_buying_price":"0.37","imprint_cost_general_buying_quantity":"2500"},{"imprint_cost_general_buying_price":"0.35","imprint_cost_general_buying_quantity":"5000"},{"imprint_cost_general_buying_price":"0.35","imprint_cost_general_buying_quantity":"10000"}],"imprint_cost_setup_costs":"54","imprint_cost_handling_costs":"0.12"},{"imprint_cost_key":"95c2de893a9869e6a3502fe59de40d793b9e8969","product_quantity_price_range":[{"imprint_cost_recommended_selling_price":"1.3575","imprint_cost_recommended_selling_quantity":"1"},{"imprint_cost_recommended_selling_price":"1.1325","imprint_cost_recommended_selling_quantity":"10"},{"imprint_cost_recommended_selling_price":"1.0575","imprint_cost_recommended_selling_quantity":"25"},{"imprint_cost_recommended_selling_price":"0.975","imprint_cost_recommended_selling_quantity":"50"},{"imprint_cost_recommended_selling_price":"0.9","imprint_cost_recommended_selling_quantity":"100"},{"imprint_cost_recommended_selling_price":"0.8175","imprint_cost_recommended_selling_quantity":"250"},{"imprint_cost_recommended_selling_price":"0.8175","imprint_cost_recommended_selling_quantity":"500"},{"imprint_cost_recommended_selling_price":"0.78","imprint_cost_recommended_selling_quantity":"1000"},{"imprint_cost_recommended_selling_price":"0.72","imprint_cost_recommended_selling_quantity":"2500"},{"imprint_cost_recommended_selling_price":"0.6825","imprint_cost_recommended_selling_quantity":"5000"},{"imprint_cost_recommended_selling_price":"0.6825","imprint_cost_recommended_selling_quantity":"10000"}],"product_quantity_price_range_buying":[{"imprint_cost_general_buying_price":"0.905","imprint_cost_general_buying_quantity":"1"},{"imprint_cost_general_buying_price":"0.755","imprint_cost_general_buying_quantity":"10"},{"imprint_cost_general_buying_price":"0.705","imprint_cost_general_buying_quantity":"25"},{"imprint_cost_general_buying_price":"0.65","imprint_cost_general_buying_quantity":"50"},{"imprint_cost_general_buying_price":"0.6","imprint_cost_general_buying_quantity":"100"},{"imprint_cost_general_buying_price":"0.545","imprint_cost_general_buying_quantity":"250"},{"imprint_cost_general_buying_price":"0.545","imprint_cost_general_buying_quantity":"500"},{"imprint_cost_general_buying_price":"0.52","imprint_cost_general_buying_quantity":"1000"},{"imprint_cost_general_buying_price":"0.48","imprint_cost_general_buying_quantity":"2500"},{"imprint_cost_general_buying_price":"0.455","imprint_cost_general_buying_quantity":"5000"},{"imprint_cost_general_buying_price":"0.455","imprint_cost_general_buying_quantity":"10000"}],"imprint_cost_setup_costs":"54","imprint_cost_handling_costs":"0.12"}]},"aioseo_notices":[],"aioseo_head":"\n\t\t<!-- All in One SEO Pro 4.9.6.2 - aioseo.com -->\n\t<meta name=\"description\" content=\"Feiere deinen Abschluss mit klassischer Optik, verstellbarer Gr\u00f6\u00dfe und stabilem Sitz in Tiefschwarz. Lasse deinen Talarhut bedrucken - als Doktorhut mit Logo oder Namen - f\u00fcr Uni, FH und starke Gruppenfotos.\" \/>\n\t<meta name=\"robots\" content=\"max-image-preview:large\" \/>\n\t<link rel=\"canonical\" href=\"https:\/\/hidalgo.nl\/de\/wp-json\/wp\/v2\/product\/148622\" \/>\n\t<meta name=\"generator\" content=\"All in One SEO Pro (AIOSEO) 4.9.6.2\" \/>\n\t\t<meta property=\"og:locale\" content=\"de_DE\" \/>\n\t\t<meta property=\"og:site_name\" content=\"Hidalgo -\" \/>\n\t\t<meta property=\"og:type\" content=\"article\" \/>\n\t\t<meta property=\"og:title\" content=\"Doktorhut bedrucken Schwarz Fester Sitz Einheitsgr\u00f6\u00dfe\" \/>\n\t\t<meta property=\"og:description\" content=\"Feiere deinen Abschluss mit klassischer Optik, verstellbarer Gr\u00f6\u00dfe und stabilem Sitz in Tiefschwarz. Lasse deinen Talarhut bedrucken - als Doktorhut mit Logo oder Namen - f\u00fcr Uni, FH und starke Gruppenfotos.\" \/>\n\t\t<meta property=\"og:url\" content=\"https:\/\/hidalgo.nl\/de\/wp-json\/wp\/v2\/product\/148622\" \/>\n\t\t<meta property=\"og:image\" content=\"https:\/\/shop.hidalgo.nl\/wp-content\/uploads\/2025\/11\/cropped-Hidalgo-est1993.png\" \/>\n\t\t<meta property=\"og:image:secure_url\" content=\"https:\/\/shop.hidalgo.nl\/wp-content\/uploads\/2025\/11\/cropped-Hidalgo-est1993.png\" \/>\n\t\t<meta property=\"article:published_time\" content=\"2025-07-09T15:52:38+00:00\" \/>\n\t\t<meta property=\"article:modified_time\" content=\"2026-05-02T15:32:09+00:00\" \/>\n\t\t<meta name=\"twitter:card\" content=\"summary_large_image\" \/>\n\t\t<meta name=\"twitter:title\" content=\"Doktorhut bedrucken Schwarz Fester Sitz Einheitsgr\u00f6\u00dfe\" \/>\n\t\t<meta name=\"twitter:description\" content=\"Feiere deinen Abschluss mit klassischer Optik, verstellbarer Gr\u00f6\u00dfe und stabilem Sitz in Tiefschwarz. Lasse deinen Talarhut bedrucken - als Doktorhut mit Logo oder Namen - f\u00fcr Uni, FH und starke Gruppenfotos.\" \/>\n\t\t<meta name=\"twitter:image\" content=\"https:\/\/shop.hidalgo.nl\/wp-content\/uploads\/2025\/11\/cropped-Hidalgo-est1993.png\" \/>\n\t\t<script type=\"application\/ld+json\" class=\"aioseo-schema\">\n\t\t\t{\"@context\":\"https:\\\/\\\/schema.org\",\"@graph\":[{\"@type\":\"BreadcrumbList\",\"@id\":\"https:\\\/\\\/hidalgo.nl\\\/de\\\/product\\\/148622\\\/doktorhut-bedrucken-schwarz-fester-sitz-einheitsgroesse\\\/#breadcrumblist\",\"itemListElement\":[{\"@type\":\"ListItem\",\"@id\":\"https:\\\/\\\/hidalgo.nl\\\/de\\\/#listItem\",\"position\":1,\"name\":\"Home\",\"item\":\"https:\\\/\\\/hidalgo.nl\\\/de\\\/\",\"nextItem\":{\"@type\":\"ListItem\",\"@id\":\"https:\\\/\\\/hidalgo.nl\\\/example\\\/#listItem\",\"name\":\"example\"}},{\"@type\":\"ListItem\",\"@id\":\"https:\\\/\\\/hidalgo.nl\\\/example\\\/#listItem\",\"position\":2,\"name\":\"example\",\"item\":\"https:\\\/\\\/hidalgo.nl\\\/example\\\/\",\"nextItem\":{\"@type\":\"ListItem\",\"@id\":\"https:\\\/\\\/hidalgo.nl\\\/en\\\/product-supplier\\\/a53\\\/#listItem\",\"name\":\"A53\"},\"previousItem\":{\"@type\":\"ListItem\",\"@id\":\"https:\\\/\\\/hidalgo.nl\\\/de\\\/#listItem\",\"name\":\"Home\"}},{\"@type\":\"ListItem\",\"@id\":\"https:\\\/\\\/hidalgo.nl\\\/en\\\/product-supplier\\\/a53\\\/#listItem\",\"position\":3,\"name\":\"A53\",\"item\":\"https:\\\/\\\/hidalgo.nl\\\/en\\\/product-supplier\\\/a53\\\/\",\"nextItem\":{\"@type\":\"ListItem\",\"@id\":\"https:\\\/\\\/hidalgo.nl\\\/de\\\/product\\\/148622\\\/doktorhut-bedrucken-schwarz-fester-sitz-einheitsgroesse\\\/#listItem\",\"name\":\"Afstudeerhoed\"},\"previousItem\":{\"@type\":\"ListItem\",\"@id\":\"https:\\\/\\\/hidalgo.nl\\\/example\\\/#listItem\",\"name\":\"example\"}},{\"@type\":\"ListItem\",\"@id\":\"https:\\\/\\\/hidalgo.nl\\\/de\\\/product\\\/148622\\\/doktorhut-bedrucken-schwarz-fester-sitz-einheitsgroesse\\\/#listItem\",\"position\":4,\"name\":\"Afstudeerhoed\",\"previousItem\":{\"@type\":\"ListItem\",\"@id\":\"https:\\\/\\\/hidalgo.nl\\\/en\\\/product-supplier\\\/a53\\\/#listItem\",\"name\":\"A53\"}}]},{\"@type\":\"Organization\",\"@id\":\"https:\\\/\\\/hidalgo.nl\\\/de\\\/#organization\",\"name\":\"Hidalgo\",\"url\":\"https:\\\/\\\/hidalgo.nl\\\/de\\\/\",\"logo\":{\"@type\":\"ImageObject\",\"url\":\"https:\\\/\\\/shop.hidalgo.nl\\\/wp-content\\\/uploads\\\/2025\\\/11\\\/cropped-Hidalgo-est1993.png\",\"@id\":\"https:\\\/\\\/hidalgo.nl\\\/de\\\/product\\\/148622\\\/doktorhut-bedrucken-schwarz-fester-sitz-einheitsgroesse\\\/#organizationLogo\",\"width\":585,\"height\":195},\"image\":{\"@id\":\"https:\\\/\\\/hidalgo.nl\\\/de\\\/product\\\/148622\\\/doktorhut-bedrucken-schwarz-fester-sitz-einheitsgroesse\\\/#organizationLogo\"}},{\"@type\":\"ProductGroup\",\"@id\":\"https:\\\/\\\/hidalgo.nl\\\/de\\\/product\\\/148622\\\/doktorhut-bedrucken-schwarz-fester-sitz-einheitsgroesse\\\/#wooCommerceProduct\",\"name\":\"Doktorhut bedrucken Schwarz Fester Sitz Einheitsgr\\u00f6\\u00dfe\",\"url\":\"https:\\\/\\\/hidalgo.nl\\\/de\\\/product\\\/148622\\\/doktorhut-bedrucken-schwarz-fester-sitz-einheitsgroesse\\\/\",\"sku\":\"A53-LT90503\",\"image\":{\"@type\":\"ImageObject\",\"url\":\"https:\\\/\\\/shop.hidalgo.nl\\\/wp-content\\\/uploads\\\/2025\\\/05\\\/52c2b254aae0c15c495d5c0ba9c317d1cf51ad3fa9dc5cf0607a48b8ca429867.jpg\",\"@id\":\"https:\\\/\\\/hidalgo.nl\\\/de\\\/product\\\/148622\\\/doktorhut-bedrucken-schwarz-fester-sitz-einheitsgroesse\\\/#productImage\",\"width\":1000,\"height\":1000},\"productGroupID\":148622,\"hasVariant\":[{\"@type\":\"Product\",\"@id\":\"https:\\\/\\\/hidalgo.nl\\\/de\\\/product\\\/148622\\\/doktorhut-bedrucken-schwarz-fester-sitz-einheitsgroesse\\\/#wooCommerceProduct\",\"name\":\"Afstudeerhoed - zwart\",\"url\":\"https:\\\/\\\/hidalgo.nl\\\/de\\\/product\\\/148622\\\/doktorhut-bedrucken-schwarz-fester-sitz-einheitsgroesse\\\/\",\"sku\":\"A53-LT90503-N0002\",\"image\":{\"@type\":\"ImageObject\",\"url\":\"https:\\\/\\\/shop.hidalgo.nl\\\/wp-content\\\/uploads\\\/2025\\\/05\\\/ba70f415387d866181e42c34d9597dfb16e8dcde08da79ba966abf1860aa4a27.jpg\",\"@id\":\"https:\\\/\\\/hidalgo.nl\\\/de\\\/product\\\/148622\\\/doktorhut-bedrucken-schwarz-fester-sitz-einheitsgroesse\\\/#productImage\",\"width\":1000,\"height\":1000},\"offers\":{\"@type\":\"Offer\",\"url\":\"https:\\\/\\\/hidalgo.nl\\\/de\\\/product\\\/148622\\\/doktorhut-bedrucken-schwarz-fester-sitz-einheitsgroesse\\\/#wooCommerceOffer\",\"price\":\"3.84\",\"priceCurrency\":\"EUR\",\"category\":\"Kleding\",\"availability\":\"https:\\\/\\\/schema.org\\\/InStock\",\"priceSpecification\":{\"@type\":\"PriceSpecification\",\"price\":3.84,\"priceCurrency\":\"EUR\",\"valueAddedTaxIncluded\":\"true\"}}}]},{\"@type\":\"WebPage\",\"@id\":\"https:\\\/\\\/hidalgo.nl\\\/de\\\/product\\\/148622\\\/doktorhut-bedrucken-schwarz-fester-sitz-einheitsgroesse\\\/#webpage\",\"url\":\"https:\\\/\\\/hidalgo.nl\\\/de\\\/product\\\/148622\\\/doktorhut-bedrucken-schwarz-fester-sitz-einheitsgroesse\\\/\",\"name\":\"Doktorhut bedrucken Schwarz Fester Sitz Einheitsgr\\u00f6\\u00dfe\",\"description\":\"Feiere deinen Abschluss mit klassischer Optik, verstellbarer Gr\\u00f6\\u00dfe und stabilem Sitz in Tiefschwarz. Lasse deinen Talarhut bedrucken - als Doktorhut mit Logo oder Namen - f\\u00fcr Uni, FH und starke Gruppenfotos.\",\"inLanguage\":\"de-DE\",\"isPartOf\":{\"@id\":\"https:\\\/\\\/hidalgo.nl\\\/de\\\/#website\"},\"breadcrumb\":{\"@id\":\"https:\\\/\\\/hidalgo.nl\\\/de\\\/product\\\/148622\\\/doktorhut-bedrucken-schwarz-fester-sitz-einheitsgroesse\\\/#breadcrumblist\"},\"image\":{\"@type\":\"ImageObject\",\"url\":\"https:\\\/\\\/shop.hidalgo.nl\\\/wp-content\\\/uploads\\\/2025\\\/05\\\/52c2b254aae0c15c495d5c0ba9c317d1cf51ad3fa9dc5cf0607a48b8ca429867.jpg\",\"@id\":\"https:\\\/\\\/hidalgo.nl\\\/de\\\/product\\\/148622\\\/doktorhut-bedrucken-schwarz-fester-sitz-einheitsgroesse\\\/#mainImage\",\"width\":1000,\"height\":1000},\"primaryImageOfPage\":{\"@id\":\"https:\\\/\\\/hidalgo.nl\\\/de\\\/product\\\/148622\\\/doktorhut-bedrucken-schwarz-fester-sitz-einheitsgroesse\\\/#mainImage\"},\"datePublished\":\"2025-07-09T15:52:38+00:00\",\"dateModified\":\"2026-05-02T15:32:09+00:00\"},{\"@type\":\"WebSite\",\"@id\":\"https:\\\/\\\/hidalgo.nl\\\/de\\\/#website\",\"url\":\"https:\\\/\\\/hidalgo.nl\\\/de\\\/\",\"name\":\"Hidalgo\",\"inLanguage\":\"de-DE\",\"publisher\":{\"@id\":\"https:\\\/\\\/hidalgo.nl\\\/de\\\/#organization\"}}]}\n\t\t<\/script>\n\t\t<!-- All in One SEO Pro -->\r\n\t\t<title>Doktorhut bedrucken Schwarz Fester Sitz Einheitsgr\u00f6\u00dfe<\/title>\n\n","aioseo_head_json":{"title":"Doktorhut bedrucken Schwarz Fester Sitz Einheitsgr\u00f6\u00dfe","description":"Feiere deinen Abschluss mit klassischer Optik, verstellbarer Gr\u00f6\u00dfe und stabilem Sitz in Tiefschwarz. Lasse deinen Talarhut bedrucken - als Doktorhut mit Logo oder Namen - f\u00fcr Uni, FH und starke Gruppenfotos.","canonical_url":"https:\/\/hidalgo.nl\/de\/wp-json\/wp\/v2\/product\/148622","robots":"max-image-preview:large","keywords":"","webmasterTools":{"miscellaneous":""},"schema":{"@context":"https:\/\/schema.org","@graph":[{"@type":"BreadcrumbList","@id":"https:\/\/hidalgo.nl\/de\/product\/148622\/doktorhut-bedrucken-schwarz-fester-sitz-einheitsgroesse\/#breadcrumblist","itemListElement":[{"@type":"ListItem","@id":"https:\/\/hidalgo.nl\/de\/#listItem","position":1,"name":"Home","item":"https:\/\/hidalgo.nl\/de\/","nextItem":{"@type":"ListItem","@id":"https:\/\/hidalgo.nl\/example\/#listItem","name":"example"}},{"@type":"ListItem","@id":"https:\/\/hidalgo.nl\/example\/#listItem","position":2,"name":"example","item":"https:\/\/hidalgo.nl\/example\/","nextItem":{"@type":"ListItem","@id":"https:\/\/hidalgo.nl\/en\/product-supplier\/a53\/#listItem","name":"A53"},"previousItem":{"@type":"ListItem","@id":"https:\/\/hidalgo.nl\/de\/#listItem","name":"Home"}},{"@type":"ListItem","@id":"https:\/\/hidalgo.nl\/en\/product-supplier\/a53\/#listItem","position":3,"name":"A53","item":"https:\/\/hidalgo.nl\/en\/product-supplier\/a53\/","nextItem":{"@type":"ListItem","@id":"https:\/\/hidalgo.nl\/de\/product\/148622\/doktorhut-bedrucken-schwarz-fester-sitz-einheitsgroesse\/#listItem","name":"Afstudeerhoed"},"previousItem":{"@type":"ListItem","@id":"https:\/\/hidalgo.nl\/example\/#listItem","name":"example"}},{"@type":"ListItem","@id":"https:\/\/hidalgo.nl\/de\/product\/148622\/doktorhut-bedrucken-schwarz-fester-sitz-einheitsgroesse\/#listItem","position":4,"name":"Afstudeerhoed","previousItem":{"@type":"ListItem","@id":"https:\/\/hidalgo.nl\/en\/product-supplier\/a53\/#listItem","name":"A53"}}]},{"@type":"Organization","@id":"https:\/\/hidalgo.nl\/de\/#organization","name":"Hidalgo","url":"https:\/\/hidalgo.nl\/de\/","logo":{"@type":"ImageObject","url":"https:\/\/shop.hidalgo.nl\/wp-content\/uploads\/2025\/11\/cropped-Hidalgo-est1993.png","@id":"https:\/\/hidalgo.nl\/de\/product\/148622\/doktorhut-bedrucken-schwarz-fester-sitz-einheitsgroesse\/#organizationLogo","width":585,"height":195},"image":{"@id":"https:\/\/hidalgo.nl\/de\/product\/148622\/doktorhut-bedrucken-schwarz-fester-sitz-einheitsgroesse\/#organizationLogo"}},{"@type":"ProductGroup","@id":"https:\/\/hidalgo.nl\/de\/product\/148622\/doktorhut-bedrucken-schwarz-fester-sitz-einheitsgroesse\/#wooCommerceProduct","name":"Doktorhut bedrucken Schwarz Fester Sitz Einheitsgr\u00f6\u00dfe","url":"https:\/\/hidalgo.nl\/de\/product\/148622\/doktorhut-bedrucken-schwarz-fester-sitz-einheitsgroesse\/","sku":"A53-LT90503","image":{"@type":"ImageObject","url":"https:\/\/shop.hidalgo.nl\/wp-content\/uploads\/2025\/05\/52c2b254aae0c15c495d5c0ba9c317d1cf51ad3fa9dc5cf0607a48b8ca429867.jpg","@id":"https:\/\/hidalgo.nl\/de\/product\/148622\/doktorhut-bedrucken-schwarz-fester-sitz-einheitsgroesse\/#productImage","width":1000,"height":1000},"productGroupID":148622,"hasVariant":[{"@type":"Product","@id":"https:\/\/hidalgo.nl\/de\/product\/148622\/doktorhut-bedrucken-schwarz-fester-sitz-einheitsgroesse\/#wooCommerceProduct","name":"Afstudeerhoed - zwart","url":"https:\/\/hidalgo.nl\/de\/product\/148622\/doktorhut-bedrucken-schwarz-fester-sitz-einheitsgroesse\/","sku":"A53-LT90503-N0002","image":{"@type":"ImageObject","url":"https:\/\/shop.hidalgo.nl\/wp-content\/uploads\/2025\/05\/ba70f415387d866181e42c34d9597dfb16e8dcde08da79ba966abf1860aa4a27.jpg","@id":"https:\/\/hidalgo.nl\/de\/product\/148622\/doktorhut-bedrucken-schwarz-fester-sitz-einheitsgroesse\/#productImage","width":1000,"height":1000},"offers":{"@type":"Offer","url":"https:\/\/hidalgo.nl\/de\/product\/148622\/doktorhut-bedrucken-schwarz-fester-sitz-einheitsgroesse\/#wooCommerceOffer","price":"3.84","priceCurrency":"EUR","category":"Kleding","availability":"https:\/\/schema.org\/InStock","priceSpecification":{"@type":"PriceSpecification","price":3.84,"priceCurrency":"EUR","valueAddedTaxIncluded":"true"}}}]},{"@type":"WebPage","@id":"https:\/\/hidalgo.nl\/de\/product\/148622\/doktorhut-bedrucken-schwarz-fester-sitz-einheitsgroesse\/#webpage","url":"https:\/\/hidalgo.nl\/de\/product\/148622\/doktorhut-bedrucken-schwarz-fester-sitz-einheitsgroesse\/","name":"Doktorhut bedrucken Schwarz Fester Sitz Einheitsgr\u00f6\u00dfe","description":"Feiere deinen Abschluss mit klassischer Optik, verstellbarer Gr\u00f6\u00dfe und stabilem Sitz in Tiefschwarz. Lasse deinen Talarhut bedrucken - als Doktorhut mit Logo oder Namen - f\u00fcr Uni, FH und starke Gruppenfotos.","inLanguage":"de-DE","isPartOf":{"@id":"https:\/\/hidalgo.nl\/de\/#website"},"breadcrumb":{"@id":"https:\/\/hidalgo.nl\/de\/product\/148622\/doktorhut-bedrucken-schwarz-fester-sitz-einheitsgroesse\/#breadcrumblist"},"image":{"@type":"ImageObject","url":"https:\/\/shop.hidalgo.nl\/wp-content\/uploads\/2025\/05\/52c2b254aae0c15c495d5c0ba9c317d1cf51ad3fa9dc5cf0607a48b8ca429867.jpg","@id":"https:\/\/hidalgo.nl\/de\/product\/148622\/doktorhut-bedrucken-schwarz-fester-sitz-einheitsgroesse\/#mainImage","width":1000,"height":1000},"primaryImageOfPage":{"@id":"https:\/\/hidalgo.nl\/de\/product\/148622\/doktorhut-bedrucken-schwarz-fester-sitz-einheitsgroesse\/#mainImage"},"datePublished":"2025-07-09T15:52:38+00:00","dateModified":"2026-05-02T15:32:09+00:00"},{"@type":"WebSite","@id":"https:\/\/hidalgo.nl\/de\/#website","url":"https:\/\/hidalgo.nl\/de\/","name":"Hidalgo","inLanguage":"de-DE","publisher":{"@id":"https:\/\/hidalgo.nl\/de\/#organization"}}]},"og:locale":"de_DE","og:site_name":"Hidalgo -","og:type":"article","og:title":"Doktorhut bedrucken Schwarz Fester Sitz Einheitsgr\u00f6\u00dfe","og:description":"Feiere deinen Abschluss mit klassischer Optik, verstellbarer Gr\u00f6\u00dfe und stabilem Sitz in Tiefschwarz. Lasse deinen Talarhut bedrucken - als Doktorhut mit Logo oder Namen - f\u00fcr Uni, FH und starke Gruppenfotos.","og:url":"https:\/\/hidalgo.nl\/de\/wp-json\/wp\/v2\/product\/148622","og:image":"https:\/\/shop.hidalgo.nl\/wp-content\/uploads\/2025\/11\/cropped-Hidalgo-est1993.png","og:image:secure_url":"https:\/\/shop.hidalgo.nl\/wp-content\/uploads\/2025\/11\/cropped-Hidalgo-est1993.png","article:published_time":"2025-07-09T15:52:38+00:00","article:modified_time":"2026-05-02T15:32:09+00:00","twitter:card":"summary_large_image","twitter:title":"Doktorhut bedrucken Schwarz Fester Sitz Einheitsgr\u00f6\u00dfe","twitter:description":"Feiere deinen Abschluss mit klassischer Optik, verstellbarer Gr\u00f6\u00dfe und stabilem Sitz in Tiefschwarz. Lasse deinen Talarhut bedrucken - als Doktorhut mit Logo oder Namen - f\u00fcr Uni, FH und starke Gruppenfotos.","twitter:image":"https:\/\/shop.hidalgo.nl\/wp-content\/uploads\/2025\/11\/cropped-Hidalgo-est1993.png"},"aioseo_meta_data":{"post_id":"148622","title":null,"description":null,"keywords":null,"keyphrases":null,"primary_term":null,"canonical_url":null,"og_title":null,"og_description":null,"og_object_type":"default","og_image_type":"default","og_image_url":null,"og_image_width":null,"og_image_height":null,"og_image_custom_url":null,"og_image_custom_fields":null,"og_video":null,"og_custom_url":null,"og_article_section":null,"og_article_tags":null,"twitter_use_og":false,"twitter_card":"default","twitter_image_type":"default","twitter_image_url":null,"twitter_image_custom_url":null,"twitter_image_custom_fields":null,"twitter_title":null,"twitter_description":null,"schema":{"blockGraphs":[],"customGraphs":[],"default":{"data":{"Article":[],"Course":[],"Dataset":[],"FAQPage":[],"Movie":[],"Person":[],"Product":[],"ProductReview":[],"Car":[],"Recipe":[],"Service":[],"SoftwareApplication":[],"WebPage":[]},"graphName":"","isEnabled":true},"graphs":[]},"schema_type":"default","schema_type_options":null,"pillar_content":false,"robots_default":true,"robots_noindex":false,"robots_noarchive":false,"robots_nosnippet":false,"robots_nofollow":false,"robots_noimageindex":false,"robots_noodp":false,"robots_notranslate":false,"robots_max_snippet":null,"robots_max_videopreview":null,"robots_max_imagepreview":"large","priority":null,"frequency":null,"local_seo":null,"seo_analyzer_scan_date":"2026-01-22 12:52:01","breadcrumb_settings":null,"limit_modified_date":false,"reviewed_by":null,"open_ai":null,"ai":null,"created":"2026-01-14 06:25:40","updated":"2026-05-02 16:19:46"},"aioseo_breadcrumb":"<div class=\"aioseo-breadcrumbs\"><span class=\"aioseo-breadcrumb\">\n\t<a href=\"https:\/\/hidalgo.nl\/de\/\" title=\"Home\">Home<\/a>\n<\/span><span class=\"aioseo-breadcrumb-separator\">\u00bb<\/span><span class=\"aioseo-breadcrumb\">\n\t<a href=\"https:\/\/hidalgo.nl\/example\/\" title=\"example\">example<\/a>\n<\/span><span class=\"aioseo-breadcrumb-separator\">\u00bb<\/span><span class=\"aioseo-breadcrumb\">\n\t<a href=\"https:\/\/hidalgo.nl\/en\/product-supplier\/a53\/\" title=\"A53\">A53<\/a>\n<\/span><span class=\"aioseo-breadcrumb-separator\">\u00bb<\/span><span class=\"aioseo-breadcrumb\">\n\tAfstudeerhoed\n<\/span><\/div>","aioseo_breadcrumb_json":[{"label":"Home","link":"https:\/\/hidalgo.nl\/de\/"},{"label":"example","link":"https:\/\/hidalgo.nl\/example\/"},{"label":"A53","link":"https:\/\/hidalgo.nl\/en\/product-supplier\/a53\/"},{"label":"Afstudeerhoed","link":"https:\/\/hidalgo.nl\/de\/product\/148622\/doktorhut-bedrucken-schwarz-fester-sitz-einheitsgroesse\/"}],"_links":{"self":[{"href":"https:\/\/hidalgo.nl\/de\/wp-json\/wp\/v2\/product\/148622","targetHints":{"allow":["GET"]}}],"collection":[{"href":"https:\/\/hidalgo.nl\/de\/wp-json\/wp\/v2\/product"}],"about":[{"href":"https:\/\/hidalgo.nl\/de\/wp-json\/wp\/v2\/types\/product"}],"wp:featuredmedia":[{"embeddable":true,"href":"https:\/\/hidalgo.nl\/de\/wp-json\/wp\/v2\/media\/148623"}],"wp:attachment":[{"href":"https:\/\/hidalgo.nl\/de\/wp-json\/wp\/v2\/media?parent=148622"}],"wp:term":[{"taxonomy":"product_brand","embeddable":true,"href":"https:\/\/hidalgo.nl\/de\/wp-json\/wp\/v2\/product_brand?post=148622"},{"taxonomy":"product_cat","embeddable":true,"href":"https:\/\/hidalgo.nl\/de\/wp-json\/wp\/v2\/product_cat?post=148622"},{"taxonomy":"product_tag","embeddable":true,"href":"https:\/\/hidalgo.nl\/de\/wp-json\/wp\/v2\/product_tag?post=148622"}],"curies":[{"name":"wp","href":"https:\/\/api.w.org\/{rel}","templated":true}]}}