{"id":148060,"date":"2025-07-09T15:35:48","date_gmt":"2025-07-09T15:35:48","guid":{"rendered":"http:\/\/bidonsenshakers.pim.hidalgo.nl\/product\/vilten-geschenktasje-15x21cm\/"},"modified":"2026-05-02T15:03:46","modified_gmt":"2026-05-02T15:03:46","slug":"vilten-geschenktasje-15x21cm","status":"publish","type":"product","link":"https:\/\/hidalgo.nl\/de\/product\/148060\/filztasche-bedrucken-kleine-nachhaltige-goodie-bag-15x21-cm\/","title":{"rendered":"Vilten geschenktasje 15 x 21 cm"},"content":{"rendered":"<p>Presenteer vakantiegeschenken in dit kleine maar stevige vilten geschenkzakje. Een ideale verpakking voor feestelijke verrassingen.<\/p>\n","protected":false},"excerpt":{"rendered":"<p>Presenteer vakantiegeschenken in dit kleine maar stevige vilten geschenkzakje. Een ideale verpakking voor feestelijke verrassingen.<\/p>\n","protected":false},"featured_media":148061,"template":"","meta":{"_acf_changed":false,"om_disable_all_campaigns":false,"_monsterinsights_skip_tracking":false,"_monsterinsights_sitenote_active":false,"_monsterinsights_sitenote_note":"","_monsterinsights_sitenote_category":0},"product_brand":[],"product_cat":[4879,4713],"product_tag":[],"class_list":{"0":"post-148060","1":"product","2":"type-product","3":"status-publish","4":"has-post-thumbnail","6":"product_supplier-a53","7":"product_cat-goodie-tasjes","8":"product_cat-tassen","9":"entry","11":"first","12":"instock","13":"taxable","14":"shipping-taxable","15":"purchasable","16":"product-type-variable"},"acf":{"imprint_cost":[{"imprint_cost_key":"a2172a5165ed909405777d650ad381d515b423d5","product_quantity_price_range":[{"imprint_cost_recommended_selling_price":"1.245","imprint_cost_recommended_selling_quantity":"1"},{"imprint_cost_recommended_selling_price":"1.0425","imprint_cost_recommended_selling_quantity":"10"},{"imprint_cost_recommended_selling_price":"0.9525","imprint_cost_recommended_selling_quantity":"25"},{"imprint_cost_recommended_selling_price":"0.8775","imprint_cost_recommended_selling_quantity":"50"},{"imprint_cost_recommended_selling_price":"0.81","imprint_cost_recommended_selling_quantity":"100"},{"imprint_cost_recommended_selling_price":"0.7275","imprint_cost_recommended_selling_quantity":"250"},{"imprint_cost_recommended_selling_price":"0.7275","imprint_cost_recommended_selling_quantity":"500"},{"imprint_cost_recommended_selling_price":"0.69","imprint_cost_recommended_selling_quantity":"1000"},{"imprint_cost_recommended_selling_price":"0.645","imprint_cost_recommended_selling_quantity":"2500"},{"imprint_cost_recommended_selling_price":"0.615","imprint_cost_recommended_selling_quantity":"5000"},{"imprint_cost_recommended_selling_price":"0.615","imprint_cost_recommended_selling_quantity":"10000"}],"product_quantity_price_range_buying":[{"imprint_cost_general_buying_price":"0.83","imprint_cost_general_buying_quantity":"1"},{"imprint_cost_general_buying_price":"0.695","imprint_cost_general_buying_quantity":"10"},{"imprint_cost_general_buying_price":"0.635","imprint_cost_general_buying_quantity":"25"},{"imprint_cost_general_buying_price":"0.585","imprint_cost_general_buying_quantity":"50"},{"imprint_cost_general_buying_price":"0.54","imprint_cost_general_buying_quantity":"100"},{"imprint_cost_general_buying_price":"0.485","imprint_cost_general_buying_quantity":"250"},{"imprint_cost_general_buying_price":"0.485","imprint_cost_general_buying_quantity":"500"},{"imprint_cost_general_buying_price":"0.46","imprint_cost_general_buying_quantity":"1000"},{"imprint_cost_general_buying_price":"0.43","imprint_cost_general_buying_quantity":"2500"},{"imprint_cost_general_buying_price":"0.41","imprint_cost_general_buying_quantity":"5000"},{"imprint_cost_general_buying_price":"0.41","imprint_cost_general_buying_quantity":"10000"}],"imprint_cost_setup_costs":"54","imprint_cost_handling_costs":"0.03"}]},"aioseo_notices":[],"aioseo_head":"\n\t\t<!-- All in One SEO Pro 4.9.6.2 - aioseo.com -->\n\t<meta name=\"description\" content=\"Kompakte Filz-Geschenktasche 15x21 cm in Rot oder Gr\u00fcn, ideal f\u00fcr Events, Messen und kleine Giveaways f\u00fcr Teams und Start-ups. Bei Hidalgo kannst du Filztaschen bedrucken lassen; als Goodie Bags mit Logo sind sie wiederverwendbar und machen deine Marke sichtbar.\" \/>\n\t<meta name=\"robots\" content=\"max-image-preview:large\" \/>\n\t<link rel=\"canonical\" href=\"https:\/\/hidalgo.nl\/de\/wp-json\/wp\/v2\/product\/148060\" \/>\n\t<meta name=\"generator\" content=\"All in One SEO Pro (AIOSEO) 4.9.6.2\" \/>\n\t\t<meta property=\"og:locale\" content=\"de_DE\" \/>\n\t\t<meta property=\"og:site_name\" content=\"Hidalgo -\" \/>\n\t\t<meta property=\"og:type\" content=\"article\" \/>\n\t\t<meta property=\"og:title\" content=\"Filztasche bedrucken kleine nachhaltige Goodie Bag 15x21 cm\" \/>\n\t\t<meta property=\"og:description\" content=\"Kompakte Filz-Geschenktasche 15x21 cm in Rot oder Gr\u00fcn, ideal f\u00fcr Events, Messen und kleine Giveaways f\u00fcr Teams und Start-ups. Bei Hidalgo kannst du Filztaschen bedrucken lassen; als Goodie Bags mit Logo sind sie wiederverwendbar und machen deine Marke sichtbar.\" \/>\n\t\t<meta property=\"og:url\" content=\"https:\/\/hidalgo.nl\/de\/wp-json\/wp\/v2\/product\/148060\" \/>\n\t\t<meta property=\"og:image\" content=\"https:\/\/shop.hidalgo.nl\/wp-content\/uploads\/2025\/11\/cropped-Hidalgo-est1993.png\" \/>\n\t\t<meta property=\"og:image:secure_url\" content=\"https:\/\/shop.hidalgo.nl\/wp-content\/uploads\/2025\/11\/cropped-Hidalgo-est1993.png\" \/>\n\t\t<meta property=\"article:published_time\" content=\"2025-07-09T15:35:48+00:00\" \/>\n\t\t<meta property=\"article:modified_time\" content=\"2026-05-02T15:03:46+00:00\" \/>\n\t\t<meta name=\"twitter:card\" content=\"summary_large_image\" \/>\n\t\t<meta name=\"twitter:title\" content=\"Filztasche bedrucken kleine nachhaltige Goodie Bag 15x21 cm\" \/>\n\t\t<meta name=\"twitter:description\" content=\"Kompakte Filz-Geschenktasche 15x21 cm in Rot oder Gr\u00fcn, ideal f\u00fcr Events, Messen und kleine Giveaways f\u00fcr Teams und Start-ups. Bei Hidalgo kannst du Filztaschen bedrucken lassen; als Goodie Bags mit Logo sind sie wiederverwendbar und machen deine Marke sichtbar.\" \/>\n\t\t<meta name=\"twitter:image\" content=\"https:\/\/shop.hidalgo.nl\/wp-content\/uploads\/2025\/11\/cropped-Hidalgo-est1993.png\" \/>\n\t\t<script type=\"application\/ld+json\" class=\"aioseo-schema\">\n\t\t\t{\"@context\":\"https:\\\/\\\/schema.org\",\"@graph\":[{\"@type\":\"BreadcrumbList\",\"@id\":\"https:\\\/\\\/hidalgo.nl\\\/de\\\/product\\\/148060\\\/filztasche-bedrucken-kleine-nachhaltige-goodie-bag-15x21-cm\\\/#breadcrumblist\",\"itemListElement\":[{\"@type\":\"ListItem\",\"@id\":\"https:\\\/\\\/hidalgo.nl\\\/de\\\/#listItem\",\"position\":1,\"name\":\"Home\",\"item\":\"https:\\\/\\\/hidalgo.nl\\\/de\\\/\",\"nextItem\":{\"@type\":\"ListItem\",\"@id\":\"https:\\\/\\\/hidalgo.nl\\\/example\\\/#listItem\",\"name\":\"example\"}},{\"@type\":\"ListItem\",\"@id\":\"https:\\\/\\\/hidalgo.nl\\\/example\\\/#listItem\",\"position\":2,\"name\":\"example\",\"item\":\"https:\\\/\\\/hidalgo.nl\\\/example\\\/\",\"nextItem\":{\"@type\":\"ListItem\",\"@id\":\"https:\\\/\\\/hidalgo.nl\\\/en\\\/product-supplier\\\/a53\\\/#listItem\",\"name\":\"A53\"},\"previousItem\":{\"@type\":\"ListItem\",\"@id\":\"https:\\\/\\\/hidalgo.nl\\\/de\\\/#listItem\",\"name\":\"Home\"}},{\"@type\":\"ListItem\",\"@id\":\"https:\\\/\\\/hidalgo.nl\\\/en\\\/product-supplier\\\/a53\\\/#listItem\",\"position\":3,\"name\":\"A53\",\"item\":\"https:\\\/\\\/hidalgo.nl\\\/en\\\/product-supplier\\\/a53\\\/\",\"nextItem\":{\"@type\":\"ListItem\",\"@id\":\"https:\\\/\\\/hidalgo.nl\\\/de\\\/product\\\/148060\\\/filztasche-bedrucken-kleine-nachhaltige-goodie-bag-15x21-cm\\\/#listItem\",\"name\":\"Vilten geschenktasje 15 x 21 cm\"},\"previousItem\":{\"@type\":\"ListItem\",\"@id\":\"https:\\\/\\\/hidalgo.nl\\\/example\\\/#listItem\",\"name\":\"example\"}},{\"@type\":\"ListItem\",\"@id\":\"https:\\\/\\\/hidalgo.nl\\\/de\\\/product\\\/148060\\\/filztasche-bedrucken-kleine-nachhaltige-goodie-bag-15x21-cm\\\/#listItem\",\"position\":4,\"name\":\"Vilten geschenktasje 15 x 21 cm\",\"previousItem\":{\"@type\":\"ListItem\",\"@id\":\"https:\\\/\\\/hidalgo.nl\\\/en\\\/product-supplier\\\/a53\\\/#listItem\",\"name\":\"A53\"}}]},{\"@type\":\"Organization\",\"@id\":\"https:\\\/\\\/hidalgo.nl\\\/de\\\/#organization\",\"name\":\"Hidalgo\",\"url\":\"https:\\\/\\\/hidalgo.nl\\\/de\\\/\",\"logo\":{\"@type\":\"ImageObject\",\"url\":\"https:\\\/\\\/shop.hidalgo.nl\\\/wp-content\\\/uploads\\\/2025\\\/11\\\/cropped-Hidalgo-est1993.png\",\"@id\":\"https:\\\/\\\/hidalgo.nl\\\/de\\\/product\\\/148060\\\/filztasche-bedrucken-kleine-nachhaltige-goodie-bag-15x21-cm\\\/#organizationLogo\",\"width\":585,\"height\":195},\"image\":{\"@id\":\"https:\\\/\\\/hidalgo.nl\\\/de\\\/product\\\/148060\\\/filztasche-bedrucken-kleine-nachhaltige-goodie-bag-15x21-cm\\\/#organizationLogo\"}},{\"@type\":\"ProductGroup\",\"@id\":\"https:\\\/\\\/hidalgo.nl\\\/de\\\/product\\\/148060\\\/filztasche-bedrucken-kleine-nachhaltige-goodie-bag-15x21-cm\\\/#wooCommerceProduct\",\"name\":\"Filztasche bedrucken kleine nachhaltige Goodie Bag 15x21 cm\",\"url\":\"https:\\\/\\\/hidalgo.nl\\\/de\\\/product\\\/148060\\\/filztasche-bedrucken-kleine-nachhaltige-goodie-bag-15x21-cm\\\/\",\"sku\":\"A53-LT90279\",\"image\":{\"@type\":\"ImageObject\",\"url\":\"https:\\\/\\\/shop.hidalgo.nl\\\/wp-content\\\/uploads\\\/2025\\\/05\\\/5cfe95109766bc4867a648b7bc8a2072c13690aa0f33f6055b7cd6b1f513a47e.jpg\",\"@id\":\"https:\\\/\\\/hidalgo.nl\\\/de\\\/product\\\/148060\\\/filztasche-bedrucken-kleine-nachhaltige-goodie-bag-15x21-cm\\\/#productImage\",\"width\":1000,\"height\":1000},\"productGroupID\":148060,\"hasVariant\":[{\"@type\":\"Product\",\"@id\":\"https:\\\/\\\/hidalgo.nl\\\/de\\\/product\\\/148060\\\/filztasche-bedrucken-kleine-nachhaltige-goodie-bag-15x21-cm\\\/#wooCommerceProduct\",\"name\":\"Vilten geschenktasje 15 x 21 cm - rood\",\"url\":\"https:\\\/\\\/hidalgo.nl\\\/de\\\/product\\\/148060\\\/filztasche-bedrucken-kleine-nachhaltige-goodie-bag-15x21-cm\\\/\",\"sku\":\"A53-LT90279-N0021\",\"image\":{\"@type\":\"ImageObject\",\"url\":\"https:\\\/\\\/shop.hidalgo.nl\\\/wp-content\\\/uploads\\\/2025\\\/05\\\/ae2812da47beb2c32169fbca696c6f1ddcecc94ffde6e25358321dd706f7743c.jpg\",\"@id\":\"https:\\\/\\\/hidalgo.nl\\\/de\\\/product\\\/148060\\\/filztasche-bedrucken-kleine-nachhaltige-goodie-bag-15x21-cm\\\/#productImage\",\"width\":1000,\"height\":1000},\"offers\":{\"@type\":\"Offer\",\"url\":\"https:\\\/\\\/hidalgo.nl\\\/de\\\/product\\\/148060\\\/filztasche-bedrucken-kleine-nachhaltige-goodie-bag-15x21-cm\\\/#wooCommerceOffer\",\"price\":\"1.59\",\"priceCurrency\":\"EUR\",\"category\":\"Tassen\",\"availability\":\"https:\\\/\\\/schema.org\\\/InStock\",\"priceSpecification\":{\"@type\":\"PriceSpecification\",\"price\":1.59,\"priceCurrency\":\"EUR\",\"valueAddedTaxIncluded\":\"true\"}}},{\"@type\":\"Product\",\"@id\":\"https:\\\/\\\/hidalgo.nl\\\/de\\\/product\\\/148060\\\/filztasche-bedrucken-kleine-nachhaltige-goodie-bag-15x21-cm\\\/#wooCommerceProduct\",\"name\":\"Vilten geschenktasje 15 x 21 cm - groen\",\"url\":\"https:\\\/\\\/hidalgo.nl\\\/de\\\/product\\\/148060\\\/filztasche-bedrucken-kleine-nachhaltige-goodie-bag-15x21-cm\\\/\",\"sku\":\"A53-LT90279-N0031\",\"image\":{\"@type\":\"ImageObject\",\"url\":\"https:\\\/\\\/shop.hidalgo.nl\\\/wp-content\\\/uploads\\\/2025\\\/05\\\/7c2b50a182679c58424ec3f320411e329e352d84143bd4e56bd97857cdca137c.jpg\",\"@id\":\"https:\\\/\\\/hidalgo.nl\\\/de\\\/product\\\/148060\\\/filztasche-bedrucken-kleine-nachhaltige-goodie-bag-15x21-cm\\\/#productImage\",\"width\":1000,\"height\":1000},\"offers\":{\"@type\":\"Offer\",\"url\":\"https:\\\/\\\/hidalgo.nl\\\/de\\\/product\\\/148060\\\/filztasche-bedrucken-kleine-nachhaltige-goodie-bag-15x21-cm\\\/#wooCommerceOffer\",\"price\":\"1.59\",\"priceCurrency\":\"EUR\",\"category\":\"Tassen\",\"availability\":\"https:\\\/\\\/schema.org\\\/InStock\",\"priceSpecification\":{\"@type\":\"PriceSpecification\",\"price\":1.59,\"priceCurrency\":\"EUR\",\"valueAddedTaxIncluded\":\"true\"}}}]},{\"@type\":\"WebPage\",\"@id\":\"https:\\\/\\\/hidalgo.nl\\\/de\\\/product\\\/148060\\\/filztasche-bedrucken-kleine-nachhaltige-goodie-bag-15x21-cm\\\/#webpage\",\"url\":\"https:\\\/\\\/hidalgo.nl\\\/de\\\/product\\\/148060\\\/filztasche-bedrucken-kleine-nachhaltige-goodie-bag-15x21-cm\\\/\",\"name\":\"Filztasche bedrucken kleine nachhaltige Goodie Bag 15x21 cm\",\"description\":\"Kompakte Filz-Geschenktasche 15x21 cm in Rot oder Gr\\u00fcn, ideal f\\u00fcr Events, Messen und kleine Giveaways f\\u00fcr Teams und Start-ups. Bei Hidalgo kannst du Filztaschen bedrucken lassen; als Goodie Bags mit Logo sind sie wiederverwendbar und machen deine Marke sichtbar.\",\"inLanguage\":\"de-DE\",\"isPartOf\":{\"@id\":\"https:\\\/\\\/hidalgo.nl\\\/de\\\/#website\"},\"breadcrumb\":{\"@id\":\"https:\\\/\\\/hidalgo.nl\\\/de\\\/product\\\/148060\\\/filztasche-bedrucken-kleine-nachhaltige-goodie-bag-15x21-cm\\\/#breadcrumblist\"},\"image\":{\"@type\":\"ImageObject\",\"url\":\"https:\\\/\\\/shop.hidalgo.nl\\\/wp-content\\\/uploads\\\/2025\\\/05\\\/5cfe95109766bc4867a648b7bc8a2072c13690aa0f33f6055b7cd6b1f513a47e.jpg\",\"@id\":\"https:\\\/\\\/hidalgo.nl\\\/de\\\/product\\\/148060\\\/filztasche-bedrucken-kleine-nachhaltige-goodie-bag-15x21-cm\\\/#mainImage\",\"width\":1000,\"height\":1000},\"primaryImageOfPage\":{\"@id\":\"https:\\\/\\\/hidalgo.nl\\\/de\\\/product\\\/148060\\\/filztasche-bedrucken-kleine-nachhaltige-goodie-bag-15x21-cm\\\/#mainImage\"},\"datePublished\":\"2025-07-09T15:35:48+00:00\",\"dateModified\":\"2026-05-02T15:03:46+00:00\"},{\"@type\":\"WebSite\",\"@id\":\"https:\\\/\\\/hidalgo.nl\\\/de\\\/#website\",\"url\":\"https:\\\/\\\/hidalgo.nl\\\/de\\\/\",\"name\":\"Hidalgo\",\"inLanguage\":\"de-DE\",\"publisher\":{\"@id\":\"https:\\\/\\\/hidalgo.nl\\\/de\\\/#organization\"}}]}\n\t\t<\/script>\n\t\t<!-- All in One SEO Pro -->\r\n\t\t<title>Filztasche bedrucken kleine nachhaltige Goodie Bag 15x21 cm<\/title>\n\n","aioseo_head_json":{"title":"Filztasche bedrucken kleine nachhaltige Goodie Bag 15x21 cm","description":"Kompakte Filz-Geschenktasche 15x21 cm in Rot oder Gr\u00fcn, ideal f\u00fcr Events, Messen und kleine Giveaways f\u00fcr Teams und Start-ups. Bei Hidalgo kannst du Filztaschen bedrucken lassen; als Goodie Bags mit Logo sind sie wiederverwendbar und machen deine Marke sichtbar.","canonical_url":"https:\/\/hidalgo.nl\/de\/wp-json\/wp\/v2\/product\/148060","robots":"max-image-preview:large","keywords":"","webmasterTools":{"miscellaneous":""},"schema":{"@context":"https:\/\/schema.org","@graph":[{"@type":"BreadcrumbList","@id":"https:\/\/hidalgo.nl\/de\/product\/148060\/filztasche-bedrucken-kleine-nachhaltige-goodie-bag-15x21-cm\/#breadcrumblist","itemListElement":[{"@type":"ListItem","@id":"https:\/\/hidalgo.nl\/de\/#listItem","position":1,"name":"Home","item":"https:\/\/hidalgo.nl\/de\/","nextItem":{"@type":"ListItem","@id":"https:\/\/hidalgo.nl\/example\/#listItem","name":"example"}},{"@type":"ListItem","@id":"https:\/\/hidalgo.nl\/example\/#listItem","position":2,"name":"example","item":"https:\/\/hidalgo.nl\/example\/","nextItem":{"@type":"ListItem","@id":"https:\/\/hidalgo.nl\/en\/product-supplier\/a53\/#listItem","name":"A53"},"previousItem":{"@type":"ListItem","@id":"https:\/\/hidalgo.nl\/de\/#listItem","name":"Home"}},{"@type":"ListItem","@id":"https:\/\/hidalgo.nl\/en\/product-supplier\/a53\/#listItem","position":3,"name":"A53","item":"https:\/\/hidalgo.nl\/en\/product-supplier\/a53\/","nextItem":{"@type":"ListItem","@id":"https:\/\/hidalgo.nl\/de\/product\/148060\/filztasche-bedrucken-kleine-nachhaltige-goodie-bag-15x21-cm\/#listItem","name":"Vilten geschenktasje 15 x 21 cm"},"previousItem":{"@type":"ListItem","@id":"https:\/\/hidalgo.nl\/example\/#listItem","name":"example"}},{"@type":"ListItem","@id":"https:\/\/hidalgo.nl\/de\/product\/148060\/filztasche-bedrucken-kleine-nachhaltige-goodie-bag-15x21-cm\/#listItem","position":4,"name":"Vilten geschenktasje 15 x 21 cm","previousItem":{"@type":"ListItem","@id":"https:\/\/hidalgo.nl\/en\/product-supplier\/a53\/#listItem","name":"A53"}}]},{"@type":"Organization","@id":"https:\/\/hidalgo.nl\/de\/#organization","name":"Hidalgo","url":"https:\/\/hidalgo.nl\/de\/","logo":{"@type":"ImageObject","url":"https:\/\/shop.hidalgo.nl\/wp-content\/uploads\/2025\/11\/cropped-Hidalgo-est1993.png","@id":"https:\/\/hidalgo.nl\/de\/product\/148060\/filztasche-bedrucken-kleine-nachhaltige-goodie-bag-15x21-cm\/#organizationLogo","width":585,"height":195},"image":{"@id":"https:\/\/hidalgo.nl\/de\/product\/148060\/filztasche-bedrucken-kleine-nachhaltige-goodie-bag-15x21-cm\/#organizationLogo"}},{"@type":"ProductGroup","@id":"https:\/\/hidalgo.nl\/de\/product\/148060\/filztasche-bedrucken-kleine-nachhaltige-goodie-bag-15x21-cm\/#wooCommerceProduct","name":"Filztasche bedrucken kleine nachhaltige Goodie Bag 15x21 cm","url":"https:\/\/hidalgo.nl\/de\/product\/148060\/filztasche-bedrucken-kleine-nachhaltige-goodie-bag-15x21-cm\/","sku":"A53-LT90279","image":{"@type":"ImageObject","url":"https:\/\/shop.hidalgo.nl\/wp-content\/uploads\/2025\/05\/5cfe95109766bc4867a648b7bc8a2072c13690aa0f33f6055b7cd6b1f513a47e.jpg","@id":"https:\/\/hidalgo.nl\/de\/product\/148060\/filztasche-bedrucken-kleine-nachhaltige-goodie-bag-15x21-cm\/#productImage","width":1000,"height":1000},"productGroupID":148060,"hasVariant":[{"@type":"Product","@id":"https:\/\/hidalgo.nl\/de\/product\/148060\/filztasche-bedrucken-kleine-nachhaltige-goodie-bag-15x21-cm\/#wooCommerceProduct","name":"Vilten geschenktasje 15 x 21 cm - rood","url":"https:\/\/hidalgo.nl\/de\/product\/148060\/filztasche-bedrucken-kleine-nachhaltige-goodie-bag-15x21-cm\/","sku":"A53-LT90279-N0021","image":{"@type":"ImageObject","url":"https:\/\/shop.hidalgo.nl\/wp-content\/uploads\/2025\/05\/ae2812da47beb2c32169fbca696c6f1ddcecc94ffde6e25358321dd706f7743c.jpg","@id":"https:\/\/hidalgo.nl\/de\/product\/148060\/filztasche-bedrucken-kleine-nachhaltige-goodie-bag-15x21-cm\/#productImage","width":1000,"height":1000},"offers":{"@type":"Offer","url":"https:\/\/hidalgo.nl\/de\/product\/148060\/filztasche-bedrucken-kleine-nachhaltige-goodie-bag-15x21-cm\/#wooCommerceOffer","price":"1.59","priceCurrency":"EUR","category":"Tassen","availability":"https:\/\/schema.org\/InStock","priceSpecification":{"@type":"PriceSpecification","price":1.59,"priceCurrency":"EUR","valueAddedTaxIncluded":"true"}}},{"@type":"Product","@id":"https:\/\/hidalgo.nl\/de\/product\/148060\/filztasche-bedrucken-kleine-nachhaltige-goodie-bag-15x21-cm\/#wooCommerceProduct","name":"Vilten geschenktasje 15 x 21 cm - groen","url":"https:\/\/hidalgo.nl\/de\/product\/148060\/filztasche-bedrucken-kleine-nachhaltige-goodie-bag-15x21-cm\/","sku":"A53-LT90279-N0031","image":{"@type":"ImageObject","url":"https:\/\/shop.hidalgo.nl\/wp-content\/uploads\/2025\/05\/7c2b50a182679c58424ec3f320411e329e352d84143bd4e56bd97857cdca137c.jpg","@id":"https:\/\/hidalgo.nl\/de\/product\/148060\/filztasche-bedrucken-kleine-nachhaltige-goodie-bag-15x21-cm\/#productImage","width":1000,"height":1000},"offers":{"@type":"Offer","url":"https:\/\/hidalgo.nl\/de\/product\/148060\/filztasche-bedrucken-kleine-nachhaltige-goodie-bag-15x21-cm\/#wooCommerceOffer","price":"1.59","priceCurrency":"EUR","category":"Tassen","availability":"https:\/\/schema.org\/InStock","priceSpecification":{"@type":"PriceSpecification","price":1.59,"priceCurrency":"EUR","valueAddedTaxIncluded":"true"}}}]},{"@type":"WebPage","@id":"https:\/\/hidalgo.nl\/de\/product\/148060\/filztasche-bedrucken-kleine-nachhaltige-goodie-bag-15x21-cm\/#webpage","url":"https:\/\/hidalgo.nl\/de\/product\/148060\/filztasche-bedrucken-kleine-nachhaltige-goodie-bag-15x21-cm\/","name":"Filztasche bedrucken kleine nachhaltige Goodie Bag 15x21 cm","description":"Kompakte Filz-Geschenktasche 15x21 cm in Rot oder Gr\u00fcn, ideal f\u00fcr Events, Messen und kleine Giveaways f\u00fcr Teams und Start-ups. Bei Hidalgo kannst du Filztaschen bedrucken lassen; als Goodie Bags mit Logo sind sie wiederverwendbar und machen deine Marke sichtbar.","inLanguage":"de-DE","isPartOf":{"@id":"https:\/\/hidalgo.nl\/de\/#website"},"breadcrumb":{"@id":"https:\/\/hidalgo.nl\/de\/product\/148060\/filztasche-bedrucken-kleine-nachhaltige-goodie-bag-15x21-cm\/#breadcrumblist"},"image":{"@type":"ImageObject","url":"https:\/\/shop.hidalgo.nl\/wp-content\/uploads\/2025\/05\/5cfe95109766bc4867a648b7bc8a2072c13690aa0f33f6055b7cd6b1f513a47e.jpg","@id":"https:\/\/hidalgo.nl\/de\/product\/148060\/filztasche-bedrucken-kleine-nachhaltige-goodie-bag-15x21-cm\/#mainImage","width":1000,"height":1000},"primaryImageOfPage":{"@id":"https:\/\/hidalgo.nl\/de\/product\/148060\/filztasche-bedrucken-kleine-nachhaltige-goodie-bag-15x21-cm\/#mainImage"},"datePublished":"2025-07-09T15:35:48+00:00","dateModified":"2026-05-02T15:03:46+00:00"},{"@type":"WebSite","@id":"https:\/\/hidalgo.nl\/de\/#website","url":"https:\/\/hidalgo.nl\/de\/","name":"Hidalgo","inLanguage":"de-DE","publisher":{"@id":"https:\/\/hidalgo.nl\/de\/#organization"}}]},"og:locale":"de_DE","og:site_name":"Hidalgo -","og:type":"article","og:title":"Filztasche bedrucken kleine nachhaltige Goodie Bag 15x21 cm","og:description":"Kompakte Filz-Geschenktasche 15x21 cm in Rot oder Gr\u00fcn, ideal f\u00fcr Events, Messen und kleine Giveaways f\u00fcr Teams und Start-ups. Bei Hidalgo kannst du Filztaschen bedrucken lassen; als Goodie Bags mit Logo sind sie wiederverwendbar und machen deine Marke sichtbar.","og:url":"https:\/\/hidalgo.nl\/de\/wp-json\/wp\/v2\/product\/148060","og:image":"https:\/\/shop.hidalgo.nl\/wp-content\/uploads\/2025\/11\/cropped-Hidalgo-est1993.png","og:image:secure_url":"https:\/\/shop.hidalgo.nl\/wp-content\/uploads\/2025\/11\/cropped-Hidalgo-est1993.png","article:published_time":"2025-07-09T15:35:48+00:00","article:modified_time":"2026-05-02T15:03:46+00:00","twitter:card":"summary_large_image","twitter:title":"Filztasche bedrucken kleine nachhaltige Goodie Bag 15x21 cm","twitter:description":"Kompakte Filz-Geschenktasche 15x21 cm in Rot oder Gr\u00fcn, ideal f\u00fcr Events, Messen und kleine Giveaways f\u00fcr Teams und Start-ups. Bei Hidalgo kannst du Filztaschen bedrucken lassen; als Goodie Bags mit Logo sind sie wiederverwendbar und machen deine Marke sichtbar.","twitter:image":"https:\/\/shop.hidalgo.nl\/wp-content\/uploads\/2025\/11\/cropped-Hidalgo-est1993.png"},"aioseo_meta_data":{"post_id":"148060","title":null,"description":null,"keywords":null,"keyphrases":null,"primary_term":null,"canonical_url":null,"og_title":null,"og_description":null,"og_object_type":"default","og_image_type":"default","og_image_url":null,"og_image_width":null,"og_image_height":null,"og_image_custom_url":null,"og_image_custom_fields":null,"og_video":null,"og_custom_url":null,"og_article_section":null,"og_article_tags":null,"twitter_use_og":false,"twitter_card":"default","twitter_image_type":"default","twitter_image_url":null,"twitter_image_custom_url":null,"twitter_image_custom_fields":null,"twitter_title":null,"twitter_description":null,"schema":{"blockGraphs":[],"customGraphs":[],"default":{"data":{"Article":[],"Course":[],"Dataset":[],"FAQPage":[],"Movie":[],"Person":[],"Product":[],"ProductReview":[],"Car":[],"Recipe":[],"Service":[],"SoftwareApplication":[],"WebPage":[]},"graphName":"","isEnabled":true},"graphs":[]},"schema_type":"default","schema_type_options":null,"pillar_content":false,"robots_default":true,"robots_noindex":false,"robots_noarchive":false,"robots_nosnippet":false,"robots_nofollow":false,"robots_noimageindex":false,"robots_noodp":false,"robots_notranslate":false,"robots_max_snippet":null,"robots_max_videopreview":null,"robots_max_imagepreview":"large","priority":null,"frequency":null,"local_seo":null,"seo_analyzer_scan_date":"2026-02-06 05:17:12","breadcrumb_settings":null,"limit_modified_date":false,"reviewed_by":null,"open_ai":null,"ai":null,"created":"2026-01-14 06:25:40","updated":"2026-05-02 16:19:46"},"aioseo_breadcrumb":"<div class=\"aioseo-breadcrumbs\"><span class=\"aioseo-breadcrumb\">\n\t<a href=\"https:\/\/hidalgo.nl\/de\/\" title=\"Home\">Home<\/a>\n<\/span><span class=\"aioseo-breadcrumb-separator\">\u00bb<\/span><span class=\"aioseo-breadcrumb\">\n\t<a href=\"https:\/\/hidalgo.nl\/example\/\" title=\"example\">example<\/a>\n<\/span><span class=\"aioseo-breadcrumb-separator\">\u00bb<\/span><span class=\"aioseo-breadcrumb\">\n\t<a href=\"https:\/\/hidalgo.nl\/en\/product-supplier\/a53\/\" title=\"A53\">A53<\/a>\n<\/span><span class=\"aioseo-breadcrumb-separator\">\u00bb<\/span><span class=\"aioseo-breadcrumb\">\n\tVilten geschenktasje 15 x 21 cm\n<\/span><\/div>","aioseo_breadcrumb_json":[{"label":"Home","link":"https:\/\/hidalgo.nl\/de\/"},{"label":"example","link":"https:\/\/hidalgo.nl\/example\/"},{"label":"A53","link":"https:\/\/hidalgo.nl\/en\/product-supplier\/a53\/"},{"label":"Vilten geschenktasje 15 x 21 cm","link":"https:\/\/hidalgo.nl\/de\/product\/148060\/filztasche-bedrucken-kleine-nachhaltige-goodie-bag-15x21-cm\/"}],"_links":{"self":[{"href":"https:\/\/hidalgo.nl\/de\/wp-json\/wp\/v2\/product\/148060","targetHints":{"allow":["GET"]}}],"collection":[{"href":"https:\/\/hidalgo.nl\/de\/wp-json\/wp\/v2\/product"}],"about":[{"href":"https:\/\/hidalgo.nl\/de\/wp-json\/wp\/v2\/types\/product"}],"wp:featuredmedia":[{"embeddable":true,"href":"https:\/\/hidalgo.nl\/de\/wp-json\/wp\/v2\/media\/148061"}],"wp:attachment":[{"href":"https:\/\/hidalgo.nl\/de\/wp-json\/wp\/v2\/media?parent=148060"}],"wp:term":[{"taxonomy":"product_brand","embeddable":true,"href":"https:\/\/hidalgo.nl\/de\/wp-json\/wp\/v2\/product_brand?post=148060"},{"taxonomy":"product_cat","embeddable":true,"href":"https:\/\/hidalgo.nl\/de\/wp-json\/wp\/v2\/product_cat?post=148060"},{"taxonomy":"product_tag","embeddable":true,"href":"https:\/\/hidalgo.nl\/de\/wp-json\/wp\/v2\/product_tag?post=148060"}],"curies":[{"name":"wp","href":"https:\/\/api.w.org\/{rel}","templated":true}]}}