{"id":147919,"date":"2025-07-09T15:31:11","date_gmt":"2025-07-09T15:31:11","guid":{"rendered":"http:\/\/bidonsenshakers.pim.hidalgo.nl\/product\/polar-fleece-deken-sublimation-120x150-cm-190g-m%c2%b2\/"},"modified":"2026-05-02T14:51:50","modified_gmt":"2026-05-02T14:51:50","slug":"polar-fleece-deken-sublimation-120x150-cm-190g-m%c2%b2","status":"publish","type":"product","link":"https:\/\/hidalgo.nl\/de\/product\/147919\/polar-fleecedecke-bedrucken-oeko-tex-weich-120x150-cm\/","title":{"rendered":"Polar fleece deken OEKO-TEX\u00ae sublimation 120 x 150 cm 190 g\/m\u00b2"},"content":{"rendered":"<p>Wikkel jezelf in warmte met deze lichtgewicht fleece deken, perfect voor gezellige avonden op de bank. Het compacte formaat en de zachte stof maken het een knusse must-have. Volledig personaliseerbaar met full-color sublimatiedruk, wat het zowel functioneel als opvallend maakt. Deze OEKO-TEX\u00ae gecertificeerde deken is een duurzame keuze. Deze deken is getest volgens de EN ISO 105 norm, wat betekent dat het product en de sublimatiebedrukking bestand zijn tegen invloeden zoals wassen, onderdompeling in water, licht en droog- en natwrijving.<\/p>\n","protected":false},"excerpt":{"rendered":"<p>Wikkel jezelf in warmte met deze lichtgewicht fleece deken, perfect voor gezellige avonden op de bank. Het compacte formaat en de zachte stof maken het een knusse must-have. Volledig personaliseerbaar met full-color sublimatiedruk, wat het zowel functioneel als opvallend maakt. Deze OEKO-TEX\u00ae gecertificeerde deken is een duurzame keuze. Deze deken is getest volgens de EN&hellip; <a class=\"more-link\" href=\"https:\/\/hidalgo.nl\/de\/product\/147919\/polar-fleecedecke-bedrucken-oeko-tex-weich-120x150-cm\/\"><span class=\"screen-reader-text\">Polar fleece deken OEKO-TEX\u00ae sublimation 120 x 150 cm 190 g\/m\u00b2<\/span> weiterlesen<\/a><\/p>\n","protected":false},"featured_media":147920,"template":"","meta":{"_acf_changed":false,"om_disable_all_campaigns":false,"_monsterinsights_skip_tracking":false,"_monsterinsights_sitenote_active":false,"_monsterinsights_sitenote_note":"","_monsterinsights_sitenote_category":0},"product_brand":[],"product_cat":[5016,4719,5005,4728],"product_tag":[],"class_list":{"0":"post-147919","1":"product","2":"type-product","3":"status-publish","4":"has-post-thumbnail","6":"product_supplier-a53","7":"product_cat-thuis-keuken-and-tuin-thuis-dekens","8":"product_cat-promotionele-artikelen","9":"product_cat-thuis-keuken-and-tuin-thuis","10":"product_cat-promotionele-artikelen-thuis-keuken-en-tuin","11":"entry","13":"first","14":"instock","15":"taxable","16":"shipping-taxable","17":"purchasable","18":"product-type-variable"},"acf":{"imprint_cost":[{"imprint_cost_key":"4cd6da251d858709873b6b5c7cca62f21d64e0ed","product_quantity_price_range":[{"imprint_cost_recommended_selling_price":"17.0925","imprint_cost_recommended_selling_quantity":"1"},{"imprint_cost_recommended_selling_price":"13.59","imprint_cost_recommended_selling_quantity":"10"},{"imprint_cost_recommended_selling_price":"10.71","imprint_cost_recommended_selling_quantity":"25"},{"imprint_cost_recommended_selling_price":"10.11","imprint_cost_recommended_selling_quantity":"50"},{"imprint_cost_recommended_selling_price":"8.9775","imprint_cost_recommended_selling_quantity":"100"},{"imprint_cost_recommended_selling_price":"8.3775","imprint_cost_recommended_selling_quantity":"250"},{"imprint_cost_recommended_selling_price":"8.0175","imprint_cost_recommended_selling_quantity":"500"},{"imprint_cost_recommended_selling_price":"7.575","imprint_cost_recommended_selling_quantity":"1000"},{"imprint_cost_recommended_selling_price":"7.4025","imprint_cost_recommended_selling_quantity":"2500"},{"imprint_cost_recommended_selling_price":"7.1475","imprint_cost_recommended_selling_quantity":"5000"},{"imprint_cost_recommended_selling_price":"6.975","imprint_cost_recommended_selling_quantity":"10000"}],"product_quantity_price_range_buying":[{"imprint_cost_general_buying_price":"11.395","imprint_cost_general_buying_quantity":"1"},{"imprint_cost_general_buying_price":"9.06","imprint_cost_general_buying_quantity":"10"},{"imprint_cost_general_buying_price":"7.14","imprint_cost_general_buying_quantity":"25"},{"imprint_cost_general_buying_price":"6.74","imprint_cost_general_buying_quantity":"50"},{"imprint_cost_general_buying_price":"5.985","imprint_cost_general_buying_quantity":"100"},{"imprint_cost_general_buying_price":"5.585","imprint_cost_general_buying_quantity":"250"},{"imprint_cost_general_buying_price":"5.345","imprint_cost_general_buying_quantity":"500"},{"imprint_cost_general_buying_price":"5.05","imprint_cost_general_buying_quantity":"1000"},{"imprint_cost_general_buying_price":"4.935","imprint_cost_general_buying_quantity":"2500"},{"imprint_cost_general_buying_price":"4.765","imprint_cost_general_buying_quantity":"5000"},{"imprint_cost_general_buying_price":"4.65","imprint_cost_general_buying_quantity":"10000"}],"imprint_cost_setup_costs":"54","imprint_cost_handling_costs":"0.24"}]},"aioseo_notices":[],"aioseo_head":"\n\t\t<!-- All in One SEO Pro 4.9.6.2 - aioseo.com -->\n\t<meta name=\"description\" content=\"Du kannst deine weiche Fleecedecke 120x150 vollfl\u00e4chig bedrucken lassen: Hidalgo bringt dein Logo per Sublimation in den Stoff, weich im Griff und waschbest\u00e4ndig. Ideal als Werbedecken mit Logo f\u00fcr Events oder Teams, OEKO-TEX zertifiziert und sofort bereit f\u00fcr dein Design.\" \/>\n\t<meta name=\"robots\" content=\"max-image-preview:large\" \/>\n\t<link rel=\"canonical\" href=\"https:\/\/hidalgo.nl\/de\/wp-json\/wp\/v2\/product\/147919\" \/>\n\t<meta name=\"generator\" content=\"All in One SEO Pro (AIOSEO) 4.9.6.2\" \/>\n\t\t<meta property=\"og:locale\" content=\"de_DE\" \/>\n\t\t<meta property=\"og:site_name\" content=\"Hidalgo -\" \/>\n\t\t<meta property=\"og:type\" content=\"article\" \/>\n\t\t<meta property=\"og:title\" content=\"Polar-Fleecedecke bedrucken OEKO-TEX weich 120x150 cm\" \/>\n\t\t<meta property=\"og:description\" content=\"Du kannst deine weiche Fleecedecke 120x150 vollfl\u00e4chig bedrucken lassen: Hidalgo bringt dein Logo per Sublimation in den Stoff, weich im Griff und waschbest\u00e4ndig. Ideal als Werbedecken mit Logo f\u00fcr Events oder Teams, OEKO-TEX zertifiziert und sofort bereit f\u00fcr dein Design.\" \/>\n\t\t<meta property=\"og:url\" content=\"https:\/\/hidalgo.nl\/de\/wp-json\/wp\/v2\/product\/147919\" \/>\n\t\t<meta property=\"og:image\" content=\"https:\/\/shop.hidalgo.nl\/wp-content\/uploads\/2025\/11\/cropped-Hidalgo-est1993.png\" \/>\n\t\t<meta property=\"og:image:secure_url\" content=\"https:\/\/shop.hidalgo.nl\/wp-content\/uploads\/2025\/11\/cropped-Hidalgo-est1993.png\" \/>\n\t\t<meta property=\"article:published_time\" content=\"2025-07-09T15:31:11+00:00\" \/>\n\t\t<meta property=\"article:modified_time\" content=\"2026-05-02T14:51:50+00:00\" \/>\n\t\t<meta name=\"twitter:card\" content=\"summary_large_image\" \/>\n\t\t<meta name=\"twitter:title\" content=\"Polar-Fleecedecke bedrucken OEKO-TEX weich 120x150 cm\" \/>\n\t\t<meta name=\"twitter:description\" content=\"Du kannst deine weiche Fleecedecke 120x150 vollfl\u00e4chig bedrucken lassen: Hidalgo bringt dein Logo per Sublimation in den Stoff, weich im Griff und waschbest\u00e4ndig. Ideal als Werbedecken mit Logo f\u00fcr Events oder Teams, OEKO-TEX zertifiziert und sofort bereit f\u00fcr dein Design.\" \/>\n\t\t<meta name=\"twitter:image\" content=\"https:\/\/shop.hidalgo.nl\/wp-content\/uploads\/2025\/11\/cropped-Hidalgo-est1993.png\" \/>\n\t\t<script type=\"application\/ld+json\" class=\"aioseo-schema\">\n\t\t\t{\"@context\":\"https:\\\/\\\/schema.org\",\"@graph\":[{\"@type\":\"BreadcrumbList\",\"@id\":\"https:\\\/\\\/hidalgo.nl\\\/de\\\/product\\\/147919\\\/polar-fleecedecke-bedrucken-oeko-tex-weich-120x150-cm\\\/#breadcrumblist\",\"itemListElement\":[{\"@type\":\"ListItem\",\"@id\":\"https:\\\/\\\/hidalgo.nl\\\/de\\\/#listItem\",\"position\":1,\"name\":\"Home\",\"item\":\"https:\\\/\\\/hidalgo.nl\\\/de\\\/\",\"nextItem\":{\"@type\":\"ListItem\",\"@id\":\"https:\\\/\\\/hidalgo.nl\\\/example\\\/#listItem\",\"name\":\"example\"}},{\"@type\":\"ListItem\",\"@id\":\"https:\\\/\\\/hidalgo.nl\\\/example\\\/#listItem\",\"position\":2,\"name\":\"example\",\"item\":\"https:\\\/\\\/hidalgo.nl\\\/example\\\/\",\"nextItem\":{\"@type\":\"ListItem\",\"@id\":\"https:\\\/\\\/hidalgo.nl\\\/en\\\/product-supplier\\\/a53\\\/#listItem\",\"name\":\"A53\"},\"previousItem\":{\"@type\":\"ListItem\",\"@id\":\"https:\\\/\\\/hidalgo.nl\\\/de\\\/#listItem\",\"name\":\"Home\"}},{\"@type\":\"ListItem\",\"@id\":\"https:\\\/\\\/hidalgo.nl\\\/en\\\/product-supplier\\\/a53\\\/#listItem\",\"position\":3,\"name\":\"A53\",\"item\":\"https:\\\/\\\/hidalgo.nl\\\/en\\\/product-supplier\\\/a53\\\/\",\"nextItem\":{\"@type\":\"ListItem\",\"@id\":\"https:\\\/\\\/hidalgo.nl\\\/de\\\/product\\\/147919\\\/polar-fleecedecke-bedrucken-oeko-tex-weich-120x150-cm\\\/#listItem\",\"name\":\"Polar fleece deken OEKO-TEX\\u00ae sublimation 120 x 150 cm 190 g\\\/m\\u00b2\"},\"previousItem\":{\"@type\":\"ListItem\",\"@id\":\"https:\\\/\\\/hidalgo.nl\\\/example\\\/#listItem\",\"name\":\"example\"}},{\"@type\":\"ListItem\",\"@id\":\"https:\\\/\\\/hidalgo.nl\\\/de\\\/product\\\/147919\\\/polar-fleecedecke-bedrucken-oeko-tex-weich-120x150-cm\\\/#listItem\",\"position\":4,\"name\":\"Polar fleece deken OEKO-TEX\\u00ae sublimation 120 x 150 cm 190 g\\\/m\\u00b2\",\"previousItem\":{\"@type\":\"ListItem\",\"@id\":\"https:\\\/\\\/hidalgo.nl\\\/en\\\/product-supplier\\\/a53\\\/#listItem\",\"name\":\"A53\"}}]},{\"@type\":\"Organization\",\"@id\":\"https:\\\/\\\/hidalgo.nl\\\/de\\\/#organization\",\"name\":\"Hidalgo\",\"url\":\"https:\\\/\\\/hidalgo.nl\\\/de\\\/\",\"logo\":{\"@type\":\"ImageObject\",\"url\":\"https:\\\/\\\/shop.hidalgo.nl\\\/wp-content\\\/uploads\\\/2025\\\/11\\\/cropped-Hidalgo-est1993.png\",\"@id\":\"https:\\\/\\\/hidalgo.nl\\\/de\\\/product\\\/147919\\\/polar-fleecedecke-bedrucken-oeko-tex-weich-120x150-cm\\\/#organizationLogo\",\"width\":585,\"height\":195},\"image\":{\"@id\":\"https:\\\/\\\/hidalgo.nl\\\/de\\\/product\\\/147919\\\/polar-fleecedecke-bedrucken-oeko-tex-weich-120x150-cm\\\/#organizationLogo\"}},{\"@type\":\"ProductGroup\",\"@id\":\"https:\\\/\\\/hidalgo.nl\\\/de\\\/product\\\/147919\\\/polar-fleecedecke-bedrucken-oeko-tex-weich-120x150-cm\\\/#wooCommerceProduct\",\"name\":\"Polar-Fleecedecke bedrucken OEKO-TEX weich 120x150 cm\",\"url\":\"https:\\\/\\\/hidalgo.nl\\\/de\\\/product\\\/147919\\\/polar-fleecedecke-bedrucken-oeko-tex-weich-120x150-cm\\\/\",\"sku\":\"A53-LT90101\",\"image\":{\"@type\":\"ImageObject\",\"url\":\"https:\\\/\\\/shop.hidalgo.nl\\\/wp-content\\\/uploads\\\/2025\\\/05\\\/e4c8b741b782c0b6deab62987c9b158d26acaf950bae12722428cca1f910473b.jpg\",\"@id\":\"https:\\\/\\\/hidalgo.nl\\\/de\\\/product\\\/147919\\\/polar-fleecedecke-bedrucken-oeko-tex-weich-120x150-cm\\\/#productImage\",\"width\":1000,\"height\":1000},\"productGroupID\":147919,\"hasVariant\":[{\"@type\":\"Product\",\"@id\":\"https:\\\/\\\/hidalgo.nl\\\/de\\\/product\\\/147919\\\/polar-fleecedecke-bedrucken-oeko-tex-weich-120x150-cm\\\/#wooCommerceProduct\",\"name\":\"Polar fleece deken OEKO-TEX\\u00ae sublimation 120 x 150 cm 190 g\\\/m\\u00b2 - wit\",\"url\":\"https:\\\/\\\/hidalgo.nl\\\/de\\\/product\\\/147919\\\/polar-fleecedecke-bedrucken-oeko-tex-weich-120x150-cm\\\/\",\"sku\":\"A53-LT90101-N0001\",\"image\":{\"@type\":\"ImageObject\",\"url\":\"https:\\\/\\\/shop.hidalgo.nl\\\/wp-content\\\/uploads\\\/2025\\\/05\\\/a577db70c4fa7fc3aa94cc751a5ec894df139ea290682d33acd8045e8259aac8.jpg\",\"@id\":\"https:\\\/\\\/hidalgo.nl\\\/de\\\/product\\\/147919\\\/polar-fleecedecke-bedrucken-oeko-tex-weich-120x150-cm\\\/#productImage\",\"width\":1000,\"height\":1000},\"offers\":{\"@type\":\"Offer\",\"url\":\"https:\\\/\\\/hidalgo.nl\\\/de\\\/product\\\/147919\\\/polar-fleecedecke-bedrucken-oeko-tex-weich-120x150-cm\\\/#wooCommerceOffer\",\"price\":\"6.69\",\"priceCurrency\":\"EUR\",\"category\":\"Promotionele Artikelen\",\"availability\":\"https:\\\/\\\/schema.org\\\/InStock\",\"priceSpecification\":{\"@type\":\"PriceSpecification\",\"price\":6.69,\"priceCurrency\":\"EUR\",\"valueAddedTaxIncluded\":\"true\"}}}]},{\"@type\":\"WebPage\",\"@id\":\"https:\\\/\\\/hidalgo.nl\\\/de\\\/product\\\/147919\\\/polar-fleecedecke-bedrucken-oeko-tex-weich-120x150-cm\\\/#webpage\",\"url\":\"https:\\\/\\\/hidalgo.nl\\\/de\\\/product\\\/147919\\\/polar-fleecedecke-bedrucken-oeko-tex-weich-120x150-cm\\\/\",\"name\":\"Polar-Fleecedecke bedrucken OEKO-TEX weich 120x150 cm\",\"description\":\"Du kannst deine weiche Fleecedecke 120x150 vollfl\\u00e4chig bedrucken lassen: Hidalgo bringt dein Logo per Sublimation in den Stoff, weich im Griff und waschbest\\u00e4ndig. Ideal als Werbedecken mit Logo f\\u00fcr Events oder Teams, OEKO-TEX zertifiziert und sofort bereit f\\u00fcr dein Design.\",\"inLanguage\":\"de-DE\",\"isPartOf\":{\"@id\":\"https:\\\/\\\/hidalgo.nl\\\/de\\\/#website\"},\"breadcrumb\":{\"@id\":\"https:\\\/\\\/hidalgo.nl\\\/de\\\/product\\\/147919\\\/polar-fleecedecke-bedrucken-oeko-tex-weich-120x150-cm\\\/#breadcrumblist\"},\"image\":{\"@type\":\"ImageObject\",\"url\":\"https:\\\/\\\/shop.hidalgo.nl\\\/wp-content\\\/uploads\\\/2025\\\/05\\\/e4c8b741b782c0b6deab62987c9b158d26acaf950bae12722428cca1f910473b.jpg\",\"@id\":\"https:\\\/\\\/hidalgo.nl\\\/de\\\/product\\\/147919\\\/polar-fleecedecke-bedrucken-oeko-tex-weich-120x150-cm\\\/#mainImage\",\"width\":1000,\"height\":1000},\"primaryImageOfPage\":{\"@id\":\"https:\\\/\\\/hidalgo.nl\\\/de\\\/product\\\/147919\\\/polar-fleecedecke-bedrucken-oeko-tex-weich-120x150-cm\\\/#mainImage\"},\"datePublished\":\"2025-07-09T15:31:11+00:00\",\"dateModified\":\"2026-05-02T14:51:50+00:00\"},{\"@type\":\"WebSite\",\"@id\":\"https:\\\/\\\/hidalgo.nl\\\/de\\\/#website\",\"url\":\"https:\\\/\\\/hidalgo.nl\\\/de\\\/\",\"name\":\"Hidalgo\",\"inLanguage\":\"de-DE\",\"publisher\":{\"@id\":\"https:\\\/\\\/hidalgo.nl\\\/de\\\/#organization\"}}]}\n\t\t<\/script>\n\t\t<!-- All in One SEO Pro -->\r\n\t\t<title>Polar-Fleecedecke bedrucken OEKO-TEX weich 120x150 cm<\/title>\n\n","aioseo_head_json":{"title":"Polar-Fleecedecke bedrucken OEKO-TEX weich 120x150 cm","description":"Du kannst deine weiche Fleecedecke 120x150 vollfl\u00e4chig bedrucken lassen: Hidalgo bringt dein Logo per Sublimation in den Stoff, weich im Griff und waschbest\u00e4ndig. Ideal als Werbedecken mit Logo f\u00fcr Events oder Teams, OEKO-TEX zertifiziert und sofort bereit f\u00fcr dein Design.","canonical_url":"https:\/\/hidalgo.nl\/de\/wp-json\/wp\/v2\/product\/147919","robots":"max-image-preview:large","keywords":"","webmasterTools":{"miscellaneous":""},"schema":{"@context":"https:\/\/schema.org","@graph":[{"@type":"BreadcrumbList","@id":"https:\/\/hidalgo.nl\/de\/product\/147919\/polar-fleecedecke-bedrucken-oeko-tex-weich-120x150-cm\/#breadcrumblist","itemListElement":[{"@type":"ListItem","@id":"https:\/\/hidalgo.nl\/de\/#listItem","position":1,"name":"Home","item":"https:\/\/hidalgo.nl\/de\/","nextItem":{"@type":"ListItem","@id":"https:\/\/hidalgo.nl\/example\/#listItem","name":"example"}},{"@type":"ListItem","@id":"https:\/\/hidalgo.nl\/example\/#listItem","position":2,"name":"example","item":"https:\/\/hidalgo.nl\/example\/","nextItem":{"@type":"ListItem","@id":"https:\/\/hidalgo.nl\/en\/product-supplier\/a53\/#listItem","name":"A53"},"previousItem":{"@type":"ListItem","@id":"https:\/\/hidalgo.nl\/de\/#listItem","name":"Home"}},{"@type":"ListItem","@id":"https:\/\/hidalgo.nl\/en\/product-supplier\/a53\/#listItem","position":3,"name":"A53","item":"https:\/\/hidalgo.nl\/en\/product-supplier\/a53\/","nextItem":{"@type":"ListItem","@id":"https:\/\/hidalgo.nl\/de\/product\/147919\/polar-fleecedecke-bedrucken-oeko-tex-weich-120x150-cm\/#listItem","name":"Polar fleece deken OEKO-TEX\u00ae sublimation 120 x 150 cm 190 g\/m\u00b2"},"previousItem":{"@type":"ListItem","@id":"https:\/\/hidalgo.nl\/example\/#listItem","name":"example"}},{"@type":"ListItem","@id":"https:\/\/hidalgo.nl\/de\/product\/147919\/polar-fleecedecke-bedrucken-oeko-tex-weich-120x150-cm\/#listItem","position":4,"name":"Polar fleece deken OEKO-TEX\u00ae sublimation 120 x 150 cm 190 g\/m\u00b2","previousItem":{"@type":"ListItem","@id":"https:\/\/hidalgo.nl\/en\/product-supplier\/a53\/#listItem","name":"A53"}}]},{"@type":"Organization","@id":"https:\/\/hidalgo.nl\/de\/#organization","name":"Hidalgo","url":"https:\/\/hidalgo.nl\/de\/","logo":{"@type":"ImageObject","url":"https:\/\/shop.hidalgo.nl\/wp-content\/uploads\/2025\/11\/cropped-Hidalgo-est1993.png","@id":"https:\/\/hidalgo.nl\/de\/product\/147919\/polar-fleecedecke-bedrucken-oeko-tex-weich-120x150-cm\/#organizationLogo","width":585,"height":195},"image":{"@id":"https:\/\/hidalgo.nl\/de\/product\/147919\/polar-fleecedecke-bedrucken-oeko-tex-weich-120x150-cm\/#organizationLogo"}},{"@type":"ProductGroup","@id":"https:\/\/hidalgo.nl\/de\/product\/147919\/polar-fleecedecke-bedrucken-oeko-tex-weich-120x150-cm\/#wooCommerceProduct","name":"Polar-Fleecedecke bedrucken OEKO-TEX weich 120x150 cm","url":"https:\/\/hidalgo.nl\/de\/product\/147919\/polar-fleecedecke-bedrucken-oeko-tex-weich-120x150-cm\/","sku":"A53-LT90101","image":{"@type":"ImageObject","url":"https:\/\/shop.hidalgo.nl\/wp-content\/uploads\/2025\/05\/e4c8b741b782c0b6deab62987c9b158d26acaf950bae12722428cca1f910473b.jpg","@id":"https:\/\/hidalgo.nl\/de\/product\/147919\/polar-fleecedecke-bedrucken-oeko-tex-weich-120x150-cm\/#productImage","width":1000,"height":1000},"productGroupID":147919,"hasVariant":[{"@type":"Product","@id":"https:\/\/hidalgo.nl\/de\/product\/147919\/polar-fleecedecke-bedrucken-oeko-tex-weich-120x150-cm\/#wooCommerceProduct","name":"Polar fleece deken OEKO-TEX\u00ae sublimation 120 x 150 cm 190 g\/m\u00b2 - wit","url":"https:\/\/hidalgo.nl\/de\/product\/147919\/polar-fleecedecke-bedrucken-oeko-tex-weich-120x150-cm\/","sku":"A53-LT90101-N0001","image":{"@type":"ImageObject","url":"https:\/\/shop.hidalgo.nl\/wp-content\/uploads\/2025\/05\/a577db70c4fa7fc3aa94cc751a5ec894df139ea290682d33acd8045e8259aac8.jpg","@id":"https:\/\/hidalgo.nl\/de\/product\/147919\/polar-fleecedecke-bedrucken-oeko-tex-weich-120x150-cm\/#productImage","width":1000,"height":1000},"offers":{"@type":"Offer","url":"https:\/\/hidalgo.nl\/de\/product\/147919\/polar-fleecedecke-bedrucken-oeko-tex-weich-120x150-cm\/#wooCommerceOffer","price":"6.69","priceCurrency":"EUR","category":"Promotionele Artikelen","availability":"https:\/\/schema.org\/InStock","priceSpecification":{"@type":"PriceSpecification","price":6.69,"priceCurrency":"EUR","valueAddedTaxIncluded":"true"}}}]},{"@type":"WebPage","@id":"https:\/\/hidalgo.nl\/de\/product\/147919\/polar-fleecedecke-bedrucken-oeko-tex-weich-120x150-cm\/#webpage","url":"https:\/\/hidalgo.nl\/de\/product\/147919\/polar-fleecedecke-bedrucken-oeko-tex-weich-120x150-cm\/","name":"Polar-Fleecedecke bedrucken OEKO-TEX weich 120x150 cm","description":"Du kannst deine weiche Fleecedecke 120x150 vollfl\u00e4chig bedrucken lassen: Hidalgo bringt dein Logo per Sublimation in den Stoff, weich im Griff und waschbest\u00e4ndig. Ideal als Werbedecken mit Logo f\u00fcr Events oder Teams, OEKO-TEX zertifiziert und sofort bereit f\u00fcr dein Design.","inLanguage":"de-DE","isPartOf":{"@id":"https:\/\/hidalgo.nl\/de\/#website"},"breadcrumb":{"@id":"https:\/\/hidalgo.nl\/de\/product\/147919\/polar-fleecedecke-bedrucken-oeko-tex-weich-120x150-cm\/#breadcrumblist"},"image":{"@type":"ImageObject","url":"https:\/\/shop.hidalgo.nl\/wp-content\/uploads\/2025\/05\/e4c8b741b782c0b6deab62987c9b158d26acaf950bae12722428cca1f910473b.jpg","@id":"https:\/\/hidalgo.nl\/de\/product\/147919\/polar-fleecedecke-bedrucken-oeko-tex-weich-120x150-cm\/#mainImage","width":1000,"height":1000},"primaryImageOfPage":{"@id":"https:\/\/hidalgo.nl\/de\/product\/147919\/polar-fleecedecke-bedrucken-oeko-tex-weich-120x150-cm\/#mainImage"},"datePublished":"2025-07-09T15:31:11+00:00","dateModified":"2026-05-02T14:51:50+00:00"},{"@type":"WebSite","@id":"https:\/\/hidalgo.nl\/de\/#website","url":"https:\/\/hidalgo.nl\/de\/","name":"Hidalgo","inLanguage":"de-DE","publisher":{"@id":"https:\/\/hidalgo.nl\/de\/#organization"}}]},"og:locale":"de_DE","og:site_name":"Hidalgo -","og:type":"article","og:title":"Polar-Fleecedecke bedrucken OEKO-TEX weich 120x150 cm","og:description":"Du kannst deine weiche Fleecedecke 120x150 vollfl\u00e4chig bedrucken lassen: Hidalgo bringt dein Logo per Sublimation in den Stoff, weich im Griff und waschbest\u00e4ndig. Ideal als Werbedecken mit Logo f\u00fcr Events oder Teams, OEKO-TEX zertifiziert und sofort bereit f\u00fcr dein Design.","og:url":"https:\/\/hidalgo.nl\/de\/wp-json\/wp\/v2\/product\/147919","og:image":"https:\/\/shop.hidalgo.nl\/wp-content\/uploads\/2025\/11\/cropped-Hidalgo-est1993.png","og:image:secure_url":"https:\/\/shop.hidalgo.nl\/wp-content\/uploads\/2025\/11\/cropped-Hidalgo-est1993.png","article:published_time":"2025-07-09T15:31:11+00:00","article:modified_time":"2026-05-02T14:51:50+00:00","twitter:card":"summary_large_image","twitter:title":"Polar-Fleecedecke bedrucken OEKO-TEX weich 120x150 cm","twitter:description":"Du kannst deine weiche Fleecedecke 120x150 vollfl\u00e4chig bedrucken lassen: Hidalgo bringt dein Logo per Sublimation in den Stoff, weich im Griff und waschbest\u00e4ndig. Ideal als Werbedecken mit Logo f\u00fcr Events oder Teams, OEKO-TEX zertifiziert und sofort bereit f\u00fcr dein Design.","twitter:image":"https:\/\/shop.hidalgo.nl\/wp-content\/uploads\/2025\/11\/cropped-Hidalgo-est1993.png"},"aioseo_meta_data":{"post_id":"147919","title":null,"description":null,"keywords":null,"keyphrases":null,"primary_term":null,"canonical_url":null,"og_title":null,"og_description":null,"og_object_type":"default","og_image_type":"default","og_image_url":null,"og_image_width":null,"og_image_height":null,"og_image_custom_url":null,"og_image_custom_fields":null,"og_video":null,"og_custom_url":null,"og_article_section":null,"og_article_tags":null,"twitter_use_og":false,"twitter_card":"default","twitter_image_type":"default","twitter_image_url":null,"twitter_image_custom_url":null,"twitter_image_custom_fields":null,"twitter_title":null,"twitter_description":null,"schema":{"blockGraphs":[],"customGraphs":[],"default":{"data":{"Article":[],"Course":[],"Dataset":[],"FAQPage":[],"Movie":[],"Person":[],"Product":[],"ProductReview":[],"Car":[],"Recipe":[],"Service":[],"SoftwareApplication":[],"WebPage":[]},"graphName":"","isEnabled":true},"graphs":[]},"schema_type":"default","schema_type_options":null,"pillar_content":false,"robots_default":true,"robots_noindex":false,"robots_noarchive":false,"robots_nosnippet":false,"robots_nofollow":false,"robots_noimageindex":false,"robots_noodp":false,"robots_notranslate":false,"robots_max_snippet":null,"robots_max_videopreview":null,"robots_max_imagepreview":"large","priority":null,"frequency":null,"local_seo":null,"seo_analyzer_scan_date":"2026-02-06 05:14:10","breadcrumb_settings":null,"limit_modified_date":false,"reviewed_by":null,"open_ai":null,"ai":null,"created":"2026-01-14 06:25:40","updated":"2026-05-02 16:19:46"},"aioseo_breadcrumb":"<div class=\"aioseo-breadcrumbs\"><span class=\"aioseo-breadcrumb\">\n\t<a href=\"https:\/\/hidalgo.nl\/de\/\" title=\"Home\">Home<\/a>\n<\/span><span class=\"aioseo-breadcrumb-separator\">\u00bb<\/span><span class=\"aioseo-breadcrumb\">\n\t<a href=\"https:\/\/hidalgo.nl\/example\/\" title=\"example\">example<\/a>\n<\/span><span class=\"aioseo-breadcrumb-separator\">\u00bb<\/span><span class=\"aioseo-breadcrumb\">\n\t<a href=\"https:\/\/hidalgo.nl\/en\/product-supplier\/a53\/\" title=\"A53\">A53<\/a>\n<\/span><span class=\"aioseo-breadcrumb-separator\">\u00bb<\/span><span class=\"aioseo-breadcrumb\">\n\tPolar fleece deken OEKO-TEX\u00ae sublimation 120 x 150 cm 190 g\/m\u00b2\n<\/span><\/div>","aioseo_breadcrumb_json":[{"label":"Home","link":"https:\/\/hidalgo.nl\/de\/"},{"label":"example","link":"https:\/\/hidalgo.nl\/example\/"},{"label":"A53","link":"https:\/\/hidalgo.nl\/en\/product-supplier\/a53\/"},{"label":"Polar fleece deken OEKO-TEX\u00ae sublimation 120 x 150 cm 190 g\/m\u00b2","link":"https:\/\/hidalgo.nl\/de\/product\/147919\/polar-fleecedecke-bedrucken-oeko-tex-weich-120x150-cm\/"}],"_links":{"self":[{"href":"https:\/\/hidalgo.nl\/de\/wp-json\/wp\/v2\/product\/147919","targetHints":{"allow":["GET"]}}],"collection":[{"href":"https:\/\/hidalgo.nl\/de\/wp-json\/wp\/v2\/product"}],"about":[{"href":"https:\/\/hidalgo.nl\/de\/wp-json\/wp\/v2\/types\/product"}],"wp:featuredmedia":[{"embeddable":true,"href":"https:\/\/hidalgo.nl\/de\/wp-json\/wp\/v2\/media\/147920"}],"wp:attachment":[{"href":"https:\/\/hidalgo.nl\/de\/wp-json\/wp\/v2\/media?parent=147919"}],"wp:term":[{"taxonomy":"product_brand","embeddable":true,"href":"https:\/\/hidalgo.nl\/de\/wp-json\/wp\/v2\/product_brand?post=147919"},{"taxonomy":"product_cat","embeddable":true,"href":"https:\/\/hidalgo.nl\/de\/wp-json\/wp\/v2\/product_cat?post=147919"},{"taxonomy":"product_tag","embeddable":true,"href":"https:\/\/hidalgo.nl\/de\/wp-json\/wp\/v2\/product_tag?post=147919"}],"curies":[{"name":"wp","href":"https:\/\/api.w.org\/{rel}","templated":true}]}}