{"id":140492,"date":"2025-07-09T12:09:54","date_gmt":"2025-07-09T12:09:54","guid":{"rendered":"http:\/\/bidonsenshakers.pim.hidalgo.nl\/product\/insideout-reuze-houten-dobbelsteen-spel\/"},"modified":"2026-05-02T11:56:40","modified_gmt":"2026-05-02T11:56:40","slug":"insideout-reuze-houten-dobbelsteen-spel","status":"publish","type":"product","link":"https:\/\/hidalgo.nl\/de\/product\/140492\/riesenwuerfel-holz-bedrucken-fsc-outdoor-5x5-cm\/","title":{"rendered":"InSideOut Reuze houten dobbelsteen spel"},"content":{"rendered":"<p>Ervaar tijdloos plezier met dit InSide Out reuzen dobbelsteenspel. Het houten spel tilt het klassieke dobbelplezier naar een nieuw niveau en garandeert een unieke en opwindende spelervaring.<br \/>\nIn dit spel gaan spelers een strategische uitdaging aan. Het is geschikt voor alle leeftijden (+3jaar) en gelegenheden, van familiebijeenkomsten en feesten tot picknicks in de buitenlucht en kampeertrips.<br \/>\nDe tastbare feel en visuele aantrekkingskracht van de 5x5cm houten dobbelstenen voegen een extra dimensie toe aan het spel.<\/p>\n","protected":false},"excerpt":{"rendered":"<p>Ervaar tijdloos plezier met dit InSide Out reuzen dobbelsteenspel. Het houten spel tilt het klassieke dobbelplezier naar een nieuw niveau en garandeert een unieke en opwindende spelervaring. In dit spel gaan spelers een strategische uitdaging aan. Het is geschikt voor alle leeftijden (+3jaar) en gelegenheden, van familiebijeenkomsten en feesten tot picknicks in de buitenlucht en&hellip; <a class=\"more-link\" href=\"https:\/\/hidalgo.nl\/de\/product\/140492\/riesenwuerfel-holz-bedrucken-fsc-outdoor-5x5-cm\/\"><span class=\"screen-reader-text\">InSideOut Reuze houten dobbelsteen spel<\/span> weiterlesen<\/a><\/p>\n","protected":false},"featured_media":140493,"template":"","meta":{"_acf_changed":false,"om_disable_all_campaigns":false,"_monsterinsights_skip_tracking":false,"_monsterinsights_sitenote_active":false,"_monsterinsights_sitenote_note":"","_monsterinsights_sitenote_category":0},"product_brand":[],"product_cat":[4810,4719,4774],"product_tag":[],"class_list":{"0":"post-140492","1":"product","2":"type-product","3":"status-publish","4":"has-post-thumbnail","6":"product_supplier-a53","7":"product_cat-promotionele-artikelen-vrije-tijd-binnenspellen","8":"product_cat-promotionele-artikelen","9":"product_cat-promotionele-artikelen-vrije-tijd","10":"entry","12":"first","13":"instock","14":"taxable","15":"shipping-taxable","16":"purchasable","17":"product-type-variable"},"acf":{"imprint_cost":[{"imprint_cost_key":"9ca16581a29ac1179a191d40ce92eb2432e0d89b","product_quantity_price_range":[{"imprint_cost_recommended_selling_price":"1.1325","imprint_cost_recommended_selling_quantity":"1"},{"imprint_cost_recommended_selling_price":"0.945","imprint_cost_recommended_selling_quantity":"10"},{"imprint_cost_recommended_selling_price":"0.87","imprint_cost_recommended_selling_quantity":"25"},{"imprint_cost_recommended_selling_price":"0.7725","imprint_cost_recommended_selling_quantity":"50"},{"imprint_cost_recommended_selling_price":"0.69","imprint_cost_recommended_selling_quantity":"100"},{"imprint_cost_recommended_selling_price":"0.615","imprint_cost_recommended_selling_quantity":"250"},{"imprint_cost_recommended_selling_price":"0.57","imprint_cost_recommended_selling_quantity":"500"},{"imprint_cost_recommended_selling_price":"0.5325","imprint_cost_recommended_selling_quantity":"1000"},{"imprint_cost_recommended_selling_price":"0.4425","imprint_cost_recommended_selling_quantity":"2500"},{"imprint_cost_recommended_selling_price":"0.4425","imprint_cost_recommended_selling_quantity":"5000"},{"imprint_cost_recommended_selling_price":"0.4425","imprint_cost_recommended_selling_quantity":"10000"}],"product_quantity_price_range_buying":[{"imprint_cost_general_buying_price":"0.755","imprint_cost_general_buying_quantity":"1"},{"imprint_cost_general_buying_price":"0.63","imprint_cost_general_buying_quantity":"10"},{"imprint_cost_general_buying_price":"0.58","imprint_cost_general_buying_quantity":"25"},{"imprint_cost_general_buying_price":"0.515","imprint_cost_general_buying_quantity":"50"},{"imprint_cost_general_buying_price":"0.46","imprint_cost_general_buying_quantity":"100"},{"imprint_cost_general_buying_price":"0.41","imprint_cost_general_buying_quantity":"250"},{"imprint_cost_general_buying_price":"0.38","imprint_cost_general_buying_quantity":"500"},{"imprint_cost_general_buying_price":"0.355","imprint_cost_general_buying_quantity":"1000"},{"imprint_cost_general_buying_price":"0.295","imprint_cost_general_buying_quantity":"2500"},{"imprint_cost_general_buying_price":"0.295","imprint_cost_general_buying_quantity":"5000"},{"imprint_cost_general_buying_price":"0.295","imprint_cost_general_buying_quantity":"10000"}],"imprint_cost_setup_costs":"54","imprint_cost_handling_costs":"0.12"}]},"aioseo_notices":[],"aioseo_head":"\n\t\t<!-- All in One SEO Pro 4.9.6.2 - aioseo.com -->\n\t<meta name=\"description\" content=\"Holzw\u00fcrfel 5x5 cm aus Massivholz f\u00fcr drinnen &amp; drau\u00dfen. Hidalgo druckt dein Logo f\u00fcr auff\u00e4llige Aktionen auf Events und im Garten. Jetzt Riesen Holzw\u00fcrfel bedrucken oder als Riesen-W\u00fcrfelspiel kaufen.\" \/>\n\t<meta name=\"robots\" content=\"max-image-preview:large\" \/>\n\t<link rel=\"canonical\" href=\"https:\/\/hidalgo.nl\/de\/wp-json\/wp\/v2\/product\/140492\" \/>\n\t<meta name=\"generator\" content=\"All in One SEO Pro (AIOSEO) 4.9.6.2\" \/>\n\t\t<meta property=\"og:locale\" content=\"de_DE\" \/>\n\t\t<meta property=\"og:site_name\" content=\"Hidalgo -\" \/>\n\t\t<meta property=\"og:type\" content=\"article\" \/>\n\t\t<meta property=\"og:title\" content=\"Riesenw\u00fcrfel Holz bedrucken FSC Outdoor 5x5 cm\" \/>\n\t\t<meta property=\"og:description\" content=\"Holzw\u00fcrfel 5x5 cm aus Massivholz f\u00fcr drinnen &amp; drau\u00dfen. Hidalgo druckt dein Logo f\u00fcr auff\u00e4llige Aktionen auf Events und im Garten. Jetzt Riesen Holzw\u00fcrfel bedrucken oder als Riesen-W\u00fcrfelspiel kaufen.\" \/>\n\t\t<meta property=\"og:url\" content=\"https:\/\/hidalgo.nl\/de\/wp-json\/wp\/v2\/product\/140492\" \/>\n\t\t<meta property=\"og:image\" content=\"https:\/\/shop.hidalgo.nl\/wp-content\/uploads\/2025\/11\/cropped-Hidalgo-est1993.png\" \/>\n\t\t<meta property=\"og:image:secure_url\" content=\"https:\/\/shop.hidalgo.nl\/wp-content\/uploads\/2025\/11\/cropped-Hidalgo-est1993.png\" \/>\n\t\t<meta property=\"article:published_time\" content=\"2025-07-09T12:09:54+00:00\" \/>\n\t\t<meta property=\"article:modified_time\" content=\"2026-05-02T11:56:40+00:00\" \/>\n\t\t<meta name=\"twitter:card\" content=\"summary_large_image\" \/>\n\t\t<meta name=\"twitter:title\" content=\"Riesenw\u00fcrfel Holz bedrucken FSC Outdoor 5x5 cm\" \/>\n\t\t<meta name=\"twitter:description\" content=\"Holzw\u00fcrfel 5x5 cm aus Massivholz f\u00fcr drinnen &amp; drau\u00dfen. Hidalgo druckt dein Logo f\u00fcr auff\u00e4llige Aktionen auf Events und im Garten. Jetzt Riesen Holzw\u00fcrfel bedrucken oder als Riesen-W\u00fcrfelspiel kaufen.\" \/>\n\t\t<meta name=\"twitter:image\" content=\"https:\/\/shop.hidalgo.nl\/wp-content\/uploads\/2025\/11\/cropped-Hidalgo-est1993.png\" \/>\n\t\t<script type=\"application\/ld+json\" class=\"aioseo-schema\">\n\t\t\t{\"@context\":\"https:\\\/\\\/schema.org\",\"@graph\":[{\"@type\":\"BreadcrumbList\",\"@id\":\"https:\\\/\\\/hidalgo.nl\\\/de\\\/product\\\/140492\\\/riesenwuerfel-holz-bedrucken-fsc-outdoor-5x5-cm\\\/#breadcrumblist\",\"itemListElement\":[{\"@type\":\"ListItem\",\"@id\":\"https:\\\/\\\/hidalgo.nl\\\/de\\\/#listItem\",\"position\":1,\"name\":\"Home\",\"item\":\"https:\\\/\\\/hidalgo.nl\\\/de\\\/\",\"nextItem\":{\"@type\":\"ListItem\",\"@id\":\"https:\\\/\\\/hidalgo.nl\\\/example\\\/#listItem\",\"name\":\"example\"}},{\"@type\":\"ListItem\",\"@id\":\"https:\\\/\\\/hidalgo.nl\\\/example\\\/#listItem\",\"position\":2,\"name\":\"example\",\"item\":\"https:\\\/\\\/hidalgo.nl\\\/example\\\/\",\"nextItem\":{\"@type\":\"ListItem\",\"@id\":\"https:\\\/\\\/hidalgo.nl\\\/en\\\/product-supplier\\\/a53\\\/#listItem\",\"name\":\"A53\"},\"previousItem\":{\"@type\":\"ListItem\",\"@id\":\"https:\\\/\\\/hidalgo.nl\\\/de\\\/#listItem\",\"name\":\"Home\"}},{\"@type\":\"ListItem\",\"@id\":\"https:\\\/\\\/hidalgo.nl\\\/en\\\/product-supplier\\\/a53\\\/#listItem\",\"position\":3,\"name\":\"A53\",\"item\":\"https:\\\/\\\/hidalgo.nl\\\/en\\\/product-supplier\\\/a53\\\/\",\"nextItem\":{\"@type\":\"ListItem\",\"@id\":\"https:\\\/\\\/hidalgo.nl\\\/de\\\/product\\\/140492\\\/riesenwuerfel-holz-bedrucken-fsc-outdoor-5x5-cm\\\/#listItem\",\"name\":\"InSideOut Reuze houten dobbelsteen spel\"},\"previousItem\":{\"@type\":\"ListItem\",\"@id\":\"https:\\\/\\\/hidalgo.nl\\\/example\\\/#listItem\",\"name\":\"example\"}},{\"@type\":\"ListItem\",\"@id\":\"https:\\\/\\\/hidalgo.nl\\\/de\\\/product\\\/140492\\\/riesenwuerfel-holz-bedrucken-fsc-outdoor-5x5-cm\\\/#listItem\",\"position\":4,\"name\":\"InSideOut Reuze houten dobbelsteen spel\",\"previousItem\":{\"@type\":\"ListItem\",\"@id\":\"https:\\\/\\\/hidalgo.nl\\\/en\\\/product-supplier\\\/a53\\\/#listItem\",\"name\":\"A53\"}}]},{\"@type\":\"Organization\",\"@id\":\"https:\\\/\\\/hidalgo.nl\\\/de\\\/#organization\",\"name\":\"Hidalgo\",\"url\":\"https:\\\/\\\/hidalgo.nl\\\/de\\\/\",\"logo\":{\"@type\":\"ImageObject\",\"url\":\"https:\\\/\\\/shop.hidalgo.nl\\\/wp-content\\\/uploads\\\/2025\\\/11\\\/cropped-Hidalgo-est1993.png\",\"@id\":\"https:\\\/\\\/hidalgo.nl\\\/de\\\/product\\\/140492\\\/riesenwuerfel-holz-bedrucken-fsc-outdoor-5x5-cm\\\/#organizationLogo\",\"width\":585,\"height\":195},\"image\":{\"@id\":\"https:\\\/\\\/hidalgo.nl\\\/de\\\/product\\\/140492\\\/riesenwuerfel-holz-bedrucken-fsc-outdoor-5x5-cm\\\/#organizationLogo\"}},{\"@type\":\"ProductGroup\",\"@id\":\"https:\\\/\\\/hidalgo.nl\\\/de\\\/product\\\/140492\\\/riesenwuerfel-holz-bedrucken-fsc-outdoor-5x5-cm\\\/#wooCommerceProduct\",\"name\":\"Riesenw\\u00fcrfel Holz bedrucken FSC Outdoor 5x5 cm\",\"url\":\"https:\\\/\\\/hidalgo.nl\\\/de\\\/product\\\/140492\\\/riesenwuerfel-holz-bedrucken-fsc-outdoor-5x5-cm\\\/\",\"sku\":\"A53-LT57411\",\"image\":{\"@type\":\"ImageObject\",\"url\":\"https:\\\/\\\/shop.hidalgo.nl\\\/wp-content\\\/uploads\\\/2025\\\/05\\\/9c1a55576fb9dcf6ee4c95ff6d36a82c0020194ed2a3fee7b2312dffa8202acb.jpg\",\"@id\":\"https:\\\/\\\/hidalgo.nl\\\/de\\\/product\\\/140492\\\/riesenwuerfel-holz-bedrucken-fsc-outdoor-5x5-cm\\\/#productImage\",\"width\":1000,\"height\":1000},\"productGroupID\":140492,\"hasVariant\":[{\"@type\":\"Product\",\"@id\":\"https:\\\/\\\/hidalgo.nl\\\/de\\\/product\\\/140492\\\/riesenwuerfel-holz-bedrucken-fsc-outdoor-5x5-cm\\\/#wooCommerceProduct\",\"name\":\"InSideOut Reuze houten dobbelsteen spel - hout\",\"url\":\"https:\\\/\\\/hidalgo.nl\\\/de\\\/product\\\/140492\\\/riesenwuerfel-holz-bedrucken-fsc-outdoor-5x5-cm\\\/\",\"sku\":\"A53-LT57411-N9393\",\"image\":{\"@type\":\"ImageObject\",\"url\":\"https:\\\/\\\/shop.hidalgo.nl\\\/wp-content\\\/uploads\\\/2025\\\/07\\\/941411f09e61b2ba177503b1be3fff3488913f4fdab2039f0d8e4121e13f4700.jpg\",\"@id\":\"https:\\\/\\\/hidalgo.nl\\\/de\\\/product\\\/140492\\\/riesenwuerfel-holz-bedrucken-fsc-outdoor-5x5-cm\\\/#productImage\",\"width\":1000,\"height\":1000},\"offers\":{\"@type\":\"Offer\",\"url\":\"https:\\\/\\\/hidalgo.nl\\\/de\\\/product\\\/140492\\\/riesenwuerfel-holz-bedrucken-fsc-outdoor-5x5-cm\\\/#wooCommerceOffer\",\"price\":\"9.57\",\"priceCurrency\":\"EUR\",\"category\":\"Promotionele Artikelen\",\"availability\":\"https:\\\/\\\/schema.org\\\/InStock\",\"priceSpecification\":{\"@type\":\"PriceSpecification\",\"price\":9.57,\"priceCurrency\":\"EUR\",\"valueAddedTaxIncluded\":\"true\"}}}]},{\"@type\":\"WebPage\",\"@id\":\"https:\\\/\\\/hidalgo.nl\\\/de\\\/product\\\/140492\\\/riesenwuerfel-holz-bedrucken-fsc-outdoor-5x5-cm\\\/#webpage\",\"url\":\"https:\\\/\\\/hidalgo.nl\\\/de\\\/product\\\/140492\\\/riesenwuerfel-holz-bedrucken-fsc-outdoor-5x5-cm\\\/\",\"name\":\"Riesenw\\u00fcrfel Holz bedrucken FSC Outdoor 5x5 cm\",\"description\":\"Holzw\\u00fcrfel 5x5 cm aus Massivholz f\\u00fcr drinnen & drau\\u00dfen. Hidalgo druckt dein Logo f\\u00fcr auff\\u00e4llige Aktionen auf Events und im Garten. Jetzt Riesen Holzw\\u00fcrfel bedrucken oder als Riesen-W\\u00fcrfelspiel kaufen.\",\"inLanguage\":\"de-DE\",\"isPartOf\":{\"@id\":\"https:\\\/\\\/hidalgo.nl\\\/de\\\/#website\"},\"breadcrumb\":{\"@id\":\"https:\\\/\\\/hidalgo.nl\\\/de\\\/product\\\/140492\\\/riesenwuerfel-holz-bedrucken-fsc-outdoor-5x5-cm\\\/#breadcrumblist\"},\"image\":{\"@type\":\"ImageObject\",\"url\":\"https:\\\/\\\/shop.hidalgo.nl\\\/wp-content\\\/uploads\\\/2025\\\/05\\\/9c1a55576fb9dcf6ee4c95ff6d36a82c0020194ed2a3fee7b2312dffa8202acb.jpg\",\"@id\":\"https:\\\/\\\/hidalgo.nl\\\/de\\\/product\\\/140492\\\/riesenwuerfel-holz-bedrucken-fsc-outdoor-5x5-cm\\\/#mainImage\",\"width\":1000,\"height\":1000},\"primaryImageOfPage\":{\"@id\":\"https:\\\/\\\/hidalgo.nl\\\/de\\\/product\\\/140492\\\/riesenwuerfel-holz-bedrucken-fsc-outdoor-5x5-cm\\\/#mainImage\"},\"datePublished\":\"2025-07-09T12:09:54+00:00\",\"dateModified\":\"2026-05-02T11:56:40+00:00\"},{\"@type\":\"WebSite\",\"@id\":\"https:\\\/\\\/hidalgo.nl\\\/de\\\/#website\",\"url\":\"https:\\\/\\\/hidalgo.nl\\\/de\\\/\",\"name\":\"Hidalgo\",\"inLanguage\":\"de-DE\",\"publisher\":{\"@id\":\"https:\\\/\\\/hidalgo.nl\\\/de\\\/#organization\"}}]}\n\t\t<\/script>\n\t\t<!-- All in One SEO Pro -->\r\n\t\t<title>Riesenw\u00fcrfel Holz bedrucken FSC Outdoor 5x5 cm<\/title>\n\n","aioseo_head_json":{"title":"Riesenw\u00fcrfel Holz bedrucken FSC Outdoor 5x5 cm","description":"Holzw\u00fcrfel 5x5 cm aus Massivholz f\u00fcr drinnen & drau\u00dfen. Hidalgo druckt dein Logo f\u00fcr auff\u00e4llige Aktionen auf Events und im Garten. Jetzt Riesen Holzw\u00fcrfel bedrucken oder als Riesen-W\u00fcrfelspiel kaufen.","canonical_url":"https:\/\/hidalgo.nl\/de\/wp-json\/wp\/v2\/product\/140492","robots":"max-image-preview:large","keywords":"","webmasterTools":{"miscellaneous":""},"schema":{"@context":"https:\/\/schema.org","@graph":[{"@type":"BreadcrumbList","@id":"https:\/\/hidalgo.nl\/de\/product\/140492\/riesenwuerfel-holz-bedrucken-fsc-outdoor-5x5-cm\/#breadcrumblist","itemListElement":[{"@type":"ListItem","@id":"https:\/\/hidalgo.nl\/de\/#listItem","position":1,"name":"Home","item":"https:\/\/hidalgo.nl\/de\/","nextItem":{"@type":"ListItem","@id":"https:\/\/hidalgo.nl\/example\/#listItem","name":"example"}},{"@type":"ListItem","@id":"https:\/\/hidalgo.nl\/example\/#listItem","position":2,"name":"example","item":"https:\/\/hidalgo.nl\/example\/","nextItem":{"@type":"ListItem","@id":"https:\/\/hidalgo.nl\/en\/product-supplier\/a53\/#listItem","name":"A53"},"previousItem":{"@type":"ListItem","@id":"https:\/\/hidalgo.nl\/de\/#listItem","name":"Home"}},{"@type":"ListItem","@id":"https:\/\/hidalgo.nl\/en\/product-supplier\/a53\/#listItem","position":3,"name":"A53","item":"https:\/\/hidalgo.nl\/en\/product-supplier\/a53\/","nextItem":{"@type":"ListItem","@id":"https:\/\/hidalgo.nl\/de\/product\/140492\/riesenwuerfel-holz-bedrucken-fsc-outdoor-5x5-cm\/#listItem","name":"InSideOut Reuze houten dobbelsteen spel"},"previousItem":{"@type":"ListItem","@id":"https:\/\/hidalgo.nl\/example\/#listItem","name":"example"}},{"@type":"ListItem","@id":"https:\/\/hidalgo.nl\/de\/product\/140492\/riesenwuerfel-holz-bedrucken-fsc-outdoor-5x5-cm\/#listItem","position":4,"name":"InSideOut Reuze houten dobbelsteen spel","previousItem":{"@type":"ListItem","@id":"https:\/\/hidalgo.nl\/en\/product-supplier\/a53\/#listItem","name":"A53"}}]},{"@type":"Organization","@id":"https:\/\/hidalgo.nl\/de\/#organization","name":"Hidalgo","url":"https:\/\/hidalgo.nl\/de\/","logo":{"@type":"ImageObject","url":"https:\/\/shop.hidalgo.nl\/wp-content\/uploads\/2025\/11\/cropped-Hidalgo-est1993.png","@id":"https:\/\/hidalgo.nl\/de\/product\/140492\/riesenwuerfel-holz-bedrucken-fsc-outdoor-5x5-cm\/#organizationLogo","width":585,"height":195},"image":{"@id":"https:\/\/hidalgo.nl\/de\/product\/140492\/riesenwuerfel-holz-bedrucken-fsc-outdoor-5x5-cm\/#organizationLogo"}},{"@type":"ProductGroup","@id":"https:\/\/hidalgo.nl\/de\/product\/140492\/riesenwuerfel-holz-bedrucken-fsc-outdoor-5x5-cm\/#wooCommerceProduct","name":"Riesenw\u00fcrfel Holz bedrucken FSC Outdoor 5x5 cm","url":"https:\/\/hidalgo.nl\/de\/product\/140492\/riesenwuerfel-holz-bedrucken-fsc-outdoor-5x5-cm\/","sku":"A53-LT57411","image":{"@type":"ImageObject","url":"https:\/\/shop.hidalgo.nl\/wp-content\/uploads\/2025\/05\/9c1a55576fb9dcf6ee4c95ff6d36a82c0020194ed2a3fee7b2312dffa8202acb.jpg","@id":"https:\/\/hidalgo.nl\/de\/product\/140492\/riesenwuerfel-holz-bedrucken-fsc-outdoor-5x5-cm\/#productImage","width":1000,"height":1000},"productGroupID":140492,"hasVariant":[{"@type":"Product","@id":"https:\/\/hidalgo.nl\/de\/product\/140492\/riesenwuerfel-holz-bedrucken-fsc-outdoor-5x5-cm\/#wooCommerceProduct","name":"InSideOut Reuze houten dobbelsteen spel - hout","url":"https:\/\/hidalgo.nl\/de\/product\/140492\/riesenwuerfel-holz-bedrucken-fsc-outdoor-5x5-cm\/","sku":"A53-LT57411-N9393","image":{"@type":"ImageObject","url":"https:\/\/shop.hidalgo.nl\/wp-content\/uploads\/2025\/07\/941411f09e61b2ba177503b1be3fff3488913f4fdab2039f0d8e4121e13f4700.jpg","@id":"https:\/\/hidalgo.nl\/de\/product\/140492\/riesenwuerfel-holz-bedrucken-fsc-outdoor-5x5-cm\/#productImage","width":1000,"height":1000},"offers":{"@type":"Offer","url":"https:\/\/hidalgo.nl\/de\/product\/140492\/riesenwuerfel-holz-bedrucken-fsc-outdoor-5x5-cm\/#wooCommerceOffer","price":"9.57","priceCurrency":"EUR","category":"Promotionele Artikelen","availability":"https:\/\/schema.org\/InStock","priceSpecification":{"@type":"PriceSpecification","price":9.57,"priceCurrency":"EUR","valueAddedTaxIncluded":"true"}}}]},{"@type":"WebPage","@id":"https:\/\/hidalgo.nl\/de\/product\/140492\/riesenwuerfel-holz-bedrucken-fsc-outdoor-5x5-cm\/#webpage","url":"https:\/\/hidalgo.nl\/de\/product\/140492\/riesenwuerfel-holz-bedrucken-fsc-outdoor-5x5-cm\/","name":"Riesenw\u00fcrfel Holz bedrucken FSC Outdoor 5x5 cm","description":"Holzw\u00fcrfel 5x5 cm aus Massivholz f\u00fcr drinnen & drau\u00dfen. Hidalgo druckt dein Logo f\u00fcr auff\u00e4llige Aktionen auf Events und im Garten. Jetzt Riesen Holzw\u00fcrfel bedrucken oder als Riesen-W\u00fcrfelspiel kaufen.","inLanguage":"de-DE","isPartOf":{"@id":"https:\/\/hidalgo.nl\/de\/#website"},"breadcrumb":{"@id":"https:\/\/hidalgo.nl\/de\/product\/140492\/riesenwuerfel-holz-bedrucken-fsc-outdoor-5x5-cm\/#breadcrumblist"},"image":{"@type":"ImageObject","url":"https:\/\/shop.hidalgo.nl\/wp-content\/uploads\/2025\/05\/9c1a55576fb9dcf6ee4c95ff6d36a82c0020194ed2a3fee7b2312dffa8202acb.jpg","@id":"https:\/\/hidalgo.nl\/de\/product\/140492\/riesenwuerfel-holz-bedrucken-fsc-outdoor-5x5-cm\/#mainImage","width":1000,"height":1000},"primaryImageOfPage":{"@id":"https:\/\/hidalgo.nl\/de\/product\/140492\/riesenwuerfel-holz-bedrucken-fsc-outdoor-5x5-cm\/#mainImage"},"datePublished":"2025-07-09T12:09:54+00:00","dateModified":"2026-05-02T11:56:40+00:00"},{"@type":"WebSite","@id":"https:\/\/hidalgo.nl\/de\/#website","url":"https:\/\/hidalgo.nl\/de\/","name":"Hidalgo","inLanguage":"de-DE","publisher":{"@id":"https:\/\/hidalgo.nl\/de\/#organization"}}]},"og:locale":"de_DE","og:site_name":"Hidalgo -","og:type":"article","og:title":"Riesenw\u00fcrfel Holz bedrucken FSC Outdoor 5x5 cm","og:description":"Holzw\u00fcrfel 5x5 cm aus Massivholz f\u00fcr drinnen &amp; drau\u00dfen. Hidalgo druckt dein Logo f\u00fcr auff\u00e4llige Aktionen auf Events und im Garten. Jetzt Riesen Holzw\u00fcrfel bedrucken oder als Riesen-W\u00fcrfelspiel kaufen.","og:url":"https:\/\/hidalgo.nl\/de\/wp-json\/wp\/v2\/product\/140492","og:image":"https:\/\/shop.hidalgo.nl\/wp-content\/uploads\/2025\/11\/cropped-Hidalgo-est1993.png","og:image:secure_url":"https:\/\/shop.hidalgo.nl\/wp-content\/uploads\/2025\/11\/cropped-Hidalgo-est1993.png","article:published_time":"2025-07-09T12:09:54+00:00","article:modified_time":"2026-05-02T11:56:40+00:00","twitter:card":"summary_large_image","twitter:title":"Riesenw\u00fcrfel Holz bedrucken FSC Outdoor 5x5 cm","twitter:description":"Holzw\u00fcrfel 5x5 cm aus Massivholz f\u00fcr drinnen &amp; drau\u00dfen. Hidalgo druckt dein Logo f\u00fcr auff\u00e4llige Aktionen auf Events und im Garten. Jetzt Riesen Holzw\u00fcrfel bedrucken oder als Riesen-W\u00fcrfelspiel kaufen.","twitter:image":"https:\/\/shop.hidalgo.nl\/wp-content\/uploads\/2025\/11\/cropped-Hidalgo-est1993.png"},"aioseo_meta_data":{"post_id":"140492","title":null,"description":null,"keywords":null,"keyphrases":null,"primary_term":null,"canonical_url":null,"og_title":null,"og_description":null,"og_object_type":"default","og_image_type":"default","og_image_url":null,"og_image_width":null,"og_image_height":null,"og_image_custom_url":null,"og_image_custom_fields":null,"og_video":null,"og_custom_url":null,"og_article_section":null,"og_article_tags":null,"twitter_use_og":false,"twitter_card":"default","twitter_image_type":"default","twitter_image_url":null,"twitter_image_custom_url":null,"twitter_image_custom_fields":null,"twitter_title":null,"twitter_description":null,"schema":{"blockGraphs":[],"customGraphs":[],"default":{"data":{"Article":[],"Course":[],"Dataset":[],"FAQPage":[],"Movie":[],"Person":[],"Product":[],"ProductReview":[],"Car":[],"Recipe":[],"Service":[],"SoftwareApplication":[],"WebPage":[]},"graphName":"","isEnabled":true},"graphs":[]},"schema_type":"default","schema_type_options":null,"pillar_content":false,"robots_default":true,"robots_noindex":false,"robots_noarchive":false,"robots_nosnippet":false,"robots_nofollow":false,"robots_noimageindex":false,"robots_noodp":false,"robots_notranslate":false,"robots_max_snippet":null,"robots_max_videopreview":null,"robots_max_imagepreview":"large","priority":null,"frequency":null,"local_seo":null,"seo_analyzer_scan_date":"2026-02-02 10:43:29","breadcrumb_settings":null,"limit_modified_date":false,"reviewed_by":null,"open_ai":null,"ai":null,"created":"2026-01-14 06:25:39","updated":"2026-05-02 13:53:07"},"aioseo_breadcrumb":"<div class=\"aioseo-breadcrumbs\"><span class=\"aioseo-breadcrumb\">\n\t<a href=\"https:\/\/hidalgo.nl\/de\/\" title=\"Home\">Home<\/a>\n<\/span><span class=\"aioseo-breadcrumb-separator\">\u00bb<\/span><span class=\"aioseo-breadcrumb\">\n\t<a href=\"https:\/\/hidalgo.nl\/example\/\" title=\"example\">example<\/a>\n<\/span><span class=\"aioseo-breadcrumb-separator\">\u00bb<\/span><span class=\"aioseo-breadcrumb\">\n\t<a href=\"https:\/\/hidalgo.nl\/en\/product-supplier\/a53\/\" title=\"A53\">A53<\/a>\n<\/span><span class=\"aioseo-breadcrumb-separator\">\u00bb<\/span><span class=\"aioseo-breadcrumb\">\n\tInSideOut Reuze houten dobbelsteen spel\n<\/span><\/div>","aioseo_breadcrumb_json":[{"label":"Home","link":"https:\/\/hidalgo.nl\/de\/"},{"label":"example","link":"https:\/\/hidalgo.nl\/example\/"},{"label":"A53","link":"https:\/\/hidalgo.nl\/en\/product-supplier\/a53\/"},{"label":"InSideOut Reuze houten dobbelsteen spel","link":"https:\/\/hidalgo.nl\/de\/product\/140492\/riesenwuerfel-holz-bedrucken-fsc-outdoor-5x5-cm\/"}],"_links":{"self":[{"href":"https:\/\/hidalgo.nl\/de\/wp-json\/wp\/v2\/product\/140492","targetHints":{"allow":["GET"]}}],"collection":[{"href":"https:\/\/hidalgo.nl\/de\/wp-json\/wp\/v2\/product"}],"about":[{"href":"https:\/\/hidalgo.nl\/de\/wp-json\/wp\/v2\/types\/product"}],"wp:featuredmedia":[{"embeddable":true,"href":"https:\/\/hidalgo.nl\/de\/wp-json\/wp\/v2\/media\/140493"}],"wp:attachment":[{"href":"https:\/\/hidalgo.nl\/de\/wp-json\/wp\/v2\/media?parent=140492"}],"wp:term":[{"taxonomy":"product_brand","embeddable":true,"href":"https:\/\/hidalgo.nl\/de\/wp-json\/wp\/v2\/product_brand?post=140492"},{"taxonomy":"product_cat","embeddable":true,"href":"https:\/\/hidalgo.nl\/de\/wp-json\/wp\/v2\/product_cat?post=140492"},{"taxonomy":"product_tag","embeddable":true,"href":"https:\/\/hidalgo.nl\/de\/wp-json\/wp\/v2\/product_tag?post=140492"}],"curies":[{"name":"wp","href":"https:\/\/api.w.org\/{rel}","templated":true}]}}