{"id":140445,"date":"2025-07-09T12:08:21","date_gmt":"2025-07-09T12:08:21","guid":{"rendered":"http:\/\/bidonsenshakers.pim.hidalgo.nl\/product\/insideout-houten-tangram-think-iq-puzzle\/"},"modified":"2026-05-02T11:53:39","modified_gmt":"2026-05-02T11:53:39","slug":"insideout-houten-tangram-think-iq-puzzle","status":"publish","type":"product","link":"https:\/\/hidalgo.nl\/de\/product\/140445\/holz-tangram-puzzle-bedrucken-raeumliches-denken-7-teilig\/","title":{"rendered":"InSideOut Houten Tangram think IQ puzzle"},"content":{"rendered":"<p>Ontdek de veelzijdige InSideOut Houten Tangram Puzzel! Deze klassieker biedt eindeloos puzzelplezier met zeven geometrische stukken waarmee je allerlei vormen en patronen kunt maken. De bijgesloten gebruiksaanwijzing tonen figuren die je ook kunt namaken voor extra uitdaging. Ideaal voor het stimuleren van ruimtelijk inzicht en probleemoplossende vaardigheden, en geschikt voor jong en oud. Voor een persoonlijke touch kan \u00e9\u00e9n van de stukken bedrukt worden met een logo. Een origineel cadeau of stijlvol decoratiestuk voor thuis of op kantoor!<\/p>\n","protected":false},"excerpt":{"rendered":"<p>Ontdek de veelzijdige InSideOut Houten Tangram Puzzel! Deze klassieker biedt eindeloos puzzelplezier met zeven geometrische stukken waarmee je allerlei vormen en patronen kunt maken. De bijgesloten gebruiksaanwijzing tonen figuren die je ook kunt namaken voor extra uitdaging. Ideaal voor het stimuleren van ruimtelijk inzicht en probleemoplossende vaardigheden, en geschikt voor jong en oud. Voor een&hellip; <a class=\"more-link\" href=\"https:\/\/hidalgo.nl\/de\/product\/140445\/holz-tangram-puzzle-bedrucken-raeumliches-denken-7-teilig\/\"><span class=\"screen-reader-text\">InSideOut Houten Tangram think IQ puzzle<\/span> weiterlesen<\/a><\/p>\n","protected":false},"featured_media":140446,"template":"","meta":{"_acf_changed":false,"om_disable_all_campaigns":false,"_monsterinsights_skip_tracking":false,"_monsterinsights_sitenote_active":false,"_monsterinsights_sitenote_note":"","_monsterinsights_sitenote_category":0},"product_brand":[],"product_cat":[4810,4719,4774],"product_tag":[],"class_list":{"0":"post-140445","1":"product","2":"type-product","3":"status-publish","4":"has-post-thumbnail","6":"product_supplier-a53","7":"product_cat-promotionele-artikelen-vrije-tijd-binnenspellen","8":"product_cat-promotionele-artikelen","9":"product_cat-promotionele-artikelen-vrije-tijd","10":"entry","12":"first","13":"instock","14":"taxable","15":"shipping-taxable","16":"purchasable","17":"product-type-variable"},"acf":{"imprint_cost":[{"imprint_cost_key":"23de43a865f605656eedf8612185b6570f870117","product_quantity_price_range":[{"imprint_cost_recommended_selling_price":"1.1325","imprint_cost_recommended_selling_quantity":"1"},{"imprint_cost_recommended_selling_price":"0.945","imprint_cost_recommended_selling_quantity":"10"},{"imprint_cost_recommended_selling_price":"0.87","imprint_cost_recommended_selling_quantity":"25"},{"imprint_cost_recommended_selling_price":"0.7725","imprint_cost_recommended_selling_quantity":"50"},{"imprint_cost_recommended_selling_price":"0.69","imprint_cost_recommended_selling_quantity":"100"},{"imprint_cost_recommended_selling_price":"0.615","imprint_cost_recommended_selling_quantity":"250"},{"imprint_cost_recommended_selling_price":"0.57","imprint_cost_recommended_selling_quantity":"500"},{"imprint_cost_recommended_selling_price":"0.5325","imprint_cost_recommended_selling_quantity":"1000"},{"imprint_cost_recommended_selling_price":"0.4425","imprint_cost_recommended_selling_quantity":"2500"},{"imprint_cost_recommended_selling_price":"0.4425","imprint_cost_recommended_selling_quantity":"5000"},{"imprint_cost_recommended_selling_price":"0.4425","imprint_cost_recommended_selling_quantity":"10000"}],"product_quantity_price_range_buying":[{"imprint_cost_general_buying_price":"0.755","imprint_cost_general_buying_quantity":"1"},{"imprint_cost_general_buying_price":"0.63","imprint_cost_general_buying_quantity":"10"},{"imprint_cost_general_buying_price":"0.58","imprint_cost_general_buying_quantity":"25"},{"imprint_cost_general_buying_price":"0.515","imprint_cost_general_buying_quantity":"50"},{"imprint_cost_general_buying_price":"0.46","imprint_cost_general_buying_quantity":"100"},{"imprint_cost_general_buying_price":"0.41","imprint_cost_general_buying_quantity":"250"},{"imprint_cost_general_buying_price":"0.38","imprint_cost_general_buying_quantity":"500"},{"imprint_cost_general_buying_price":"0.355","imprint_cost_general_buying_quantity":"1000"},{"imprint_cost_general_buying_price":"0.295","imprint_cost_general_buying_quantity":"2500"},{"imprint_cost_general_buying_price":"0.295","imprint_cost_general_buying_quantity":"5000"},{"imprint_cost_general_buying_price":"0.295","imprint_cost_general_buying_quantity":"10000"}],"imprint_cost_setup_costs":"54","imprint_cost_handling_costs":"0.12"},{"imprint_cost_key":"e29160505af48de52b3982f99ae51ea253c96431","product_quantity_price_range":[{"imprint_cost_recommended_selling_price":"1.1325","imprint_cost_recommended_selling_quantity":"1"},{"imprint_cost_recommended_selling_price":"0.945","imprint_cost_recommended_selling_quantity":"10"},{"imprint_cost_recommended_selling_price":"0.87","imprint_cost_recommended_selling_quantity":"25"},{"imprint_cost_recommended_selling_price":"0.7725","imprint_cost_recommended_selling_quantity":"50"},{"imprint_cost_recommended_selling_price":"0.69","imprint_cost_recommended_selling_quantity":"100"},{"imprint_cost_recommended_selling_price":"0.615","imprint_cost_recommended_selling_quantity":"250"},{"imprint_cost_recommended_selling_price":"0.57","imprint_cost_recommended_selling_quantity":"500"},{"imprint_cost_recommended_selling_price":"0.5325","imprint_cost_recommended_selling_quantity":"1000"},{"imprint_cost_recommended_selling_price":"0.4425","imprint_cost_recommended_selling_quantity":"2500"},{"imprint_cost_recommended_selling_price":"0.4425","imprint_cost_recommended_selling_quantity":"5000"},{"imprint_cost_recommended_selling_price":"0.4425","imprint_cost_recommended_selling_quantity":"10000"}],"product_quantity_price_range_buying":[{"imprint_cost_general_buying_price":"0.755","imprint_cost_general_buying_quantity":"1"},{"imprint_cost_general_buying_price":"0.63","imprint_cost_general_buying_quantity":"10"},{"imprint_cost_general_buying_price":"0.58","imprint_cost_general_buying_quantity":"25"},{"imprint_cost_general_buying_price":"0.515","imprint_cost_general_buying_quantity":"50"},{"imprint_cost_general_buying_price":"0.46","imprint_cost_general_buying_quantity":"100"},{"imprint_cost_general_buying_price":"0.41","imprint_cost_general_buying_quantity":"250"},{"imprint_cost_general_buying_price":"0.38","imprint_cost_general_buying_quantity":"500"},{"imprint_cost_general_buying_price":"0.355","imprint_cost_general_buying_quantity":"1000"},{"imprint_cost_general_buying_price":"0.295","imprint_cost_general_buying_quantity":"2500"},{"imprint_cost_general_buying_price":"0.295","imprint_cost_general_buying_quantity":"5000"},{"imprint_cost_general_buying_price":"0.295","imprint_cost_general_buying_quantity":"10000"}],"imprint_cost_setup_costs":"54","imprint_cost_handling_costs":"0.12"}]},"aioseo_notices":[],"aioseo_head":"\n\t\t<!-- All in One SEO Pro 4.9.6.2 - aioseo.com -->\n\t<meta name=\"description\" content=\"F\u00f6rdere r\u00e4umliches Denken im Team oder auf Messen: Das 7-teilige Set in leuchtenden Fluor-Farben eignet sich als smartes Giveaway f\u00fcr 20-40-J\u00e4hrige. Bei Hidalgo kannst du das Holzpuzzle mit Logo bedrucken und als Tangram Werbeartikel gezielt branden.\" \/>\n\t<meta name=\"robots\" content=\"max-image-preview:large\" \/>\n\t<link rel=\"canonical\" href=\"https:\/\/hidalgo.nl\/de\/wp-json\/wp\/v2\/product\/140445\" \/>\n\t<meta name=\"generator\" content=\"All in One SEO Pro (AIOSEO) 4.9.6.2\" \/>\n\t\t<meta property=\"og:locale\" content=\"de_DE\" \/>\n\t\t<meta property=\"og:site_name\" content=\"Hidalgo -\" \/>\n\t\t<meta property=\"og:type\" content=\"article\" \/>\n\t\t<meta property=\"og:title\" content=\"Holz Tangram Puzzle bedrucken r\u00e4umliches Denken 7-teilig\" \/>\n\t\t<meta property=\"og:description\" content=\"F\u00f6rdere r\u00e4umliches Denken im Team oder auf Messen: Das 7-teilige Set in leuchtenden Fluor-Farben eignet sich als smartes Giveaway f\u00fcr 20-40-J\u00e4hrige. Bei Hidalgo kannst du das Holzpuzzle mit Logo bedrucken und als Tangram Werbeartikel gezielt branden.\" \/>\n\t\t<meta property=\"og:url\" content=\"https:\/\/hidalgo.nl\/de\/wp-json\/wp\/v2\/product\/140445\" \/>\n\t\t<meta property=\"og:image\" content=\"https:\/\/shop.hidalgo.nl\/wp-content\/uploads\/2025\/11\/cropped-Hidalgo-est1993.png\" \/>\n\t\t<meta property=\"og:image:secure_url\" content=\"https:\/\/shop.hidalgo.nl\/wp-content\/uploads\/2025\/11\/cropped-Hidalgo-est1993.png\" \/>\n\t\t<meta property=\"article:published_time\" content=\"2025-07-09T12:08:21+00:00\" \/>\n\t\t<meta property=\"article:modified_time\" content=\"2026-05-02T11:53:39+00:00\" \/>\n\t\t<meta name=\"twitter:card\" content=\"summary_large_image\" \/>\n\t\t<meta name=\"twitter:title\" content=\"Holz Tangram Puzzle bedrucken r\u00e4umliches Denken 7-teilig\" \/>\n\t\t<meta name=\"twitter:description\" content=\"F\u00f6rdere r\u00e4umliches Denken im Team oder auf Messen: Das 7-teilige Set in leuchtenden Fluor-Farben eignet sich als smartes Giveaway f\u00fcr 20-40-J\u00e4hrige. Bei Hidalgo kannst du das Holzpuzzle mit Logo bedrucken und als Tangram Werbeartikel gezielt branden.\" \/>\n\t\t<meta name=\"twitter:image\" content=\"https:\/\/shop.hidalgo.nl\/wp-content\/uploads\/2025\/11\/cropped-Hidalgo-est1993.png\" \/>\n\t\t<script type=\"application\/ld+json\" class=\"aioseo-schema\">\n\t\t\t{\"@context\":\"https:\\\/\\\/schema.org\",\"@graph\":[{\"@type\":\"BreadcrumbList\",\"@id\":\"https:\\\/\\\/hidalgo.nl\\\/de\\\/product\\\/140445\\\/holz-tangram-puzzle-bedrucken-raeumliches-denken-7-teilig\\\/#breadcrumblist\",\"itemListElement\":[{\"@type\":\"ListItem\",\"@id\":\"https:\\\/\\\/hidalgo.nl\\\/de\\\/#listItem\",\"position\":1,\"name\":\"Home\",\"item\":\"https:\\\/\\\/hidalgo.nl\\\/de\\\/\",\"nextItem\":{\"@type\":\"ListItem\",\"@id\":\"https:\\\/\\\/hidalgo.nl\\\/example\\\/#listItem\",\"name\":\"example\"}},{\"@type\":\"ListItem\",\"@id\":\"https:\\\/\\\/hidalgo.nl\\\/example\\\/#listItem\",\"position\":2,\"name\":\"example\",\"item\":\"https:\\\/\\\/hidalgo.nl\\\/example\\\/\",\"nextItem\":{\"@type\":\"ListItem\",\"@id\":\"https:\\\/\\\/hidalgo.nl\\\/en\\\/product-supplier\\\/a53\\\/#listItem\",\"name\":\"A53\"},\"previousItem\":{\"@type\":\"ListItem\",\"@id\":\"https:\\\/\\\/hidalgo.nl\\\/de\\\/#listItem\",\"name\":\"Home\"}},{\"@type\":\"ListItem\",\"@id\":\"https:\\\/\\\/hidalgo.nl\\\/en\\\/product-supplier\\\/a53\\\/#listItem\",\"position\":3,\"name\":\"A53\",\"item\":\"https:\\\/\\\/hidalgo.nl\\\/en\\\/product-supplier\\\/a53\\\/\",\"nextItem\":{\"@type\":\"ListItem\",\"@id\":\"https:\\\/\\\/hidalgo.nl\\\/de\\\/product\\\/140445\\\/holz-tangram-puzzle-bedrucken-raeumliches-denken-7-teilig\\\/#listItem\",\"name\":\"InSideOut Houten Tangram think IQ puzzle\"},\"previousItem\":{\"@type\":\"ListItem\",\"@id\":\"https:\\\/\\\/hidalgo.nl\\\/example\\\/#listItem\",\"name\":\"example\"}},{\"@type\":\"ListItem\",\"@id\":\"https:\\\/\\\/hidalgo.nl\\\/de\\\/product\\\/140445\\\/holz-tangram-puzzle-bedrucken-raeumliches-denken-7-teilig\\\/#listItem\",\"position\":4,\"name\":\"InSideOut Houten Tangram think IQ puzzle\",\"previousItem\":{\"@type\":\"ListItem\",\"@id\":\"https:\\\/\\\/hidalgo.nl\\\/en\\\/product-supplier\\\/a53\\\/#listItem\",\"name\":\"A53\"}}]},{\"@type\":\"Organization\",\"@id\":\"https:\\\/\\\/hidalgo.nl\\\/de\\\/#organization\",\"name\":\"Hidalgo\",\"url\":\"https:\\\/\\\/hidalgo.nl\\\/de\\\/\",\"logo\":{\"@type\":\"ImageObject\",\"url\":\"https:\\\/\\\/shop.hidalgo.nl\\\/wp-content\\\/uploads\\\/2025\\\/11\\\/cropped-Hidalgo-est1993.png\",\"@id\":\"https:\\\/\\\/hidalgo.nl\\\/de\\\/product\\\/140445\\\/holz-tangram-puzzle-bedrucken-raeumliches-denken-7-teilig\\\/#organizationLogo\",\"width\":585,\"height\":195},\"image\":{\"@id\":\"https:\\\/\\\/hidalgo.nl\\\/de\\\/product\\\/140445\\\/holz-tangram-puzzle-bedrucken-raeumliches-denken-7-teilig\\\/#organizationLogo\"}},{\"@type\":\"ProductGroup\",\"@id\":\"https:\\\/\\\/hidalgo.nl\\\/de\\\/product\\\/140445\\\/holz-tangram-puzzle-bedrucken-raeumliches-denken-7-teilig\\\/#wooCommerceProduct\",\"name\":\"Holz Tangram Puzzle bedrucken r\\u00e4umliches Denken 7-teilig\",\"url\":\"https:\\\/\\\/hidalgo.nl\\\/de\\\/product\\\/140445\\\/holz-tangram-puzzle-bedrucken-raeumliches-denken-7-teilig\\\/\",\"sku\":\"A53-LT57405\",\"image\":{\"@type\":\"ImageObject\",\"url\":\"https:\\\/\\\/shop.hidalgo.nl\\\/wp-content\\\/uploads\\\/2025\\\/05\\\/4cb5629de3ab6229247092a48485fc8ebc68435bcc62ca92965a89f511631ba7.jpg\",\"@id\":\"https:\\\/\\\/hidalgo.nl\\\/de\\\/product\\\/140445\\\/holz-tangram-puzzle-bedrucken-raeumliches-denken-7-teilig\\\/#productImage\",\"width\":1000,\"height\":1000},\"productGroupID\":140445,\"hasVariant\":[{\"@type\":\"Product\",\"@id\":\"https:\\\/\\\/hidalgo.nl\\\/de\\\/product\\\/140445\\\/holz-tangram-puzzle-bedrucken-raeumliches-denken-7-teilig\\\/#wooCommerceProduct\",\"name\":\"InSideOut Houten Tangram think IQ puzzle - fluor-assorti\",\"url\":\"https:\\\/\\\/hidalgo.nl\\\/de\\\/product\\\/140445\\\/holz-tangram-puzzle-bedrucken-raeumliches-denken-7-teilig\\\/\",\"sku\":\"A53-LT57405-N0099\",\"image\":{\"@type\":\"ImageObject\",\"url\":\"https:\\\/\\\/shop.hidalgo.nl\\\/wp-content\\\/uploads\\\/2025\\\/04\\\/55adef441aa5de04633402951103cb6ea389d573684d5736010e1e07de8f465d.jpg\",\"@id\":\"https:\\\/\\\/hidalgo.nl\\\/de\\\/product\\\/140445\\\/holz-tangram-puzzle-bedrucken-raeumliches-denken-7-teilig\\\/#productImage\",\"width\":1000,\"height\":1000},\"offers\":{\"@type\":\"Offer\",\"url\":\"https:\\\/\\\/hidalgo.nl\\\/de\\\/product\\\/140445\\\/holz-tangram-puzzle-bedrucken-raeumliches-denken-7-teilig\\\/#wooCommerceOffer\",\"price\":\"6.84\",\"priceCurrency\":\"EUR\",\"category\":\"Promotionele Artikelen\",\"availability\":\"https:\\\/\\\/schema.org\\\/InStock\",\"priceSpecification\":{\"@type\":\"PriceSpecification\",\"price\":6.84,\"priceCurrency\":\"EUR\",\"valueAddedTaxIncluded\":\"true\"}}}]},{\"@type\":\"WebPage\",\"@id\":\"https:\\\/\\\/hidalgo.nl\\\/de\\\/product\\\/140445\\\/holz-tangram-puzzle-bedrucken-raeumliches-denken-7-teilig\\\/#webpage\",\"url\":\"https:\\\/\\\/hidalgo.nl\\\/de\\\/product\\\/140445\\\/holz-tangram-puzzle-bedrucken-raeumliches-denken-7-teilig\\\/\",\"name\":\"Holz Tangram Puzzle bedrucken r\\u00e4umliches Denken 7-teilig\",\"description\":\"F\\u00f6rdere r\\u00e4umliches Denken im Team oder auf Messen: Das 7-teilige Set in leuchtenden Fluor-Farben eignet sich als smartes Giveaway f\\u00fcr 20-40-J\\u00e4hrige. Bei Hidalgo kannst du das Holzpuzzle mit Logo bedrucken und als Tangram Werbeartikel gezielt branden.\",\"inLanguage\":\"de-DE\",\"isPartOf\":{\"@id\":\"https:\\\/\\\/hidalgo.nl\\\/de\\\/#website\"},\"breadcrumb\":{\"@id\":\"https:\\\/\\\/hidalgo.nl\\\/de\\\/product\\\/140445\\\/holz-tangram-puzzle-bedrucken-raeumliches-denken-7-teilig\\\/#breadcrumblist\"},\"image\":{\"@type\":\"ImageObject\",\"url\":\"https:\\\/\\\/shop.hidalgo.nl\\\/wp-content\\\/uploads\\\/2025\\\/05\\\/4cb5629de3ab6229247092a48485fc8ebc68435bcc62ca92965a89f511631ba7.jpg\",\"@id\":\"https:\\\/\\\/hidalgo.nl\\\/de\\\/product\\\/140445\\\/holz-tangram-puzzle-bedrucken-raeumliches-denken-7-teilig\\\/#mainImage\",\"width\":1000,\"height\":1000},\"primaryImageOfPage\":{\"@id\":\"https:\\\/\\\/hidalgo.nl\\\/de\\\/product\\\/140445\\\/holz-tangram-puzzle-bedrucken-raeumliches-denken-7-teilig\\\/#mainImage\"},\"datePublished\":\"2025-07-09T12:08:21+00:00\",\"dateModified\":\"2026-05-02T11:53:39+00:00\"},{\"@type\":\"WebSite\",\"@id\":\"https:\\\/\\\/hidalgo.nl\\\/de\\\/#website\",\"url\":\"https:\\\/\\\/hidalgo.nl\\\/de\\\/\",\"name\":\"Hidalgo\",\"inLanguage\":\"de-DE\",\"publisher\":{\"@id\":\"https:\\\/\\\/hidalgo.nl\\\/de\\\/#organization\"}}]}\n\t\t<\/script>\n\t\t<!-- All in One SEO Pro -->\r\n\t\t<title>Holz Tangram Puzzle bedrucken r\u00e4umliches Denken 7-teilig<\/title>\n\n","aioseo_head_json":{"title":"Holz Tangram Puzzle bedrucken r\u00e4umliches Denken 7-teilig","description":"F\u00f6rdere r\u00e4umliches Denken im Team oder auf Messen: Das 7-teilige Set in leuchtenden Fluor-Farben eignet sich als smartes Giveaway f\u00fcr 20-40-J\u00e4hrige. Bei Hidalgo kannst du das Holzpuzzle mit Logo bedrucken und als Tangram Werbeartikel gezielt branden.","canonical_url":"https:\/\/hidalgo.nl\/de\/wp-json\/wp\/v2\/product\/140445","robots":"max-image-preview:large","keywords":"","webmasterTools":{"miscellaneous":""},"schema":{"@context":"https:\/\/schema.org","@graph":[{"@type":"BreadcrumbList","@id":"https:\/\/hidalgo.nl\/de\/product\/140445\/holz-tangram-puzzle-bedrucken-raeumliches-denken-7-teilig\/#breadcrumblist","itemListElement":[{"@type":"ListItem","@id":"https:\/\/hidalgo.nl\/de\/#listItem","position":1,"name":"Home","item":"https:\/\/hidalgo.nl\/de\/","nextItem":{"@type":"ListItem","@id":"https:\/\/hidalgo.nl\/example\/#listItem","name":"example"}},{"@type":"ListItem","@id":"https:\/\/hidalgo.nl\/example\/#listItem","position":2,"name":"example","item":"https:\/\/hidalgo.nl\/example\/","nextItem":{"@type":"ListItem","@id":"https:\/\/hidalgo.nl\/en\/product-supplier\/a53\/#listItem","name":"A53"},"previousItem":{"@type":"ListItem","@id":"https:\/\/hidalgo.nl\/de\/#listItem","name":"Home"}},{"@type":"ListItem","@id":"https:\/\/hidalgo.nl\/en\/product-supplier\/a53\/#listItem","position":3,"name":"A53","item":"https:\/\/hidalgo.nl\/en\/product-supplier\/a53\/","nextItem":{"@type":"ListItem","@id":"https:\/\/hidalgo.nl\/de\/product\/140445\/holz-tangram-puzzle-bedrucken-raeumliches-denken-7-teilig\/#listItem","name":"InSideOut Houten Tangram think IQ puzzle"},"previousItem":{"@type":"ListItem","@id":"https:\/\/hidalgo.nl\/example\/#listItem","name":"example"}},{"@type":"ListItem","@id":"https:\/\/hidalgo.nl\/de\/product\/140445\/holz-tangram-puzzle-bedrucken-raeumliches-denken-7-teilig\/#listItem","position":4,"name":"InSideOut Houten Tangram think IQ puzzle","previousItem":{"@type":"ListItem","@id":"https:\/\/hidalgo.nl\/en\/product-supplier\/a53\/#listItem","name":"A53"}}]},{"@type":"Organization","@id":"https:\/\/hidalgo.nl\/de\/#organization","name":"Hidalgo","url":"https:\/\/hidalgo.nl\/de\/","logo":{"@type":"ImageObject","url":"https:\/\/shop.hidalgo.nl\/wp-content\/uploads\/2025\/11\/cropped-Hidalgo-est1993.png","@id":"https:\/\/hidalgo.nl\/de\/product\/140445\/holz-tangram-puzzle-bedrucken-raeumliches-denken-7-teilig\/#organizationLogo","width":585,"height":195},"image":{"@id":"https:\/\/hidalgo.nl\/de\/product\/140445\/holz-tangram-puzzle-bedrucken-raeumliches-denken-7-teilig\/#organizationLogo"}},{"@type":"ProductGroup","@id":"https:\/\/hidalgo.nl\/de\/product\/140445\/holz-tangram-puzzle-bedrucken-raeumliches-denken-7-teilig\/#wooCommerceProduct","name":"Holz Tangram Puzzle bedrucken r\u00e4umliches Denken 7-teilig","url":"https:\/\/hidalgo.nl\/de\/product\/140445\/holz-tangram-puzzle-bedrucken-raeumliches-denken-7-teilig\/","sku":"A53-LT57405","image":{"@type":"ImageObject","url":"https:\/\/shop.hidalgo.nl\/wp-content\/uploads\/2025\/05\/4cb5629de3ab6229247092a48485fc8ebc68435bcc62ca92965a89f511631ba7.jpg","@id":"https:\/\/hidalgo.nl\/de\/product\/140445\/holz-tangram-puzzle-bedrucken-raeumliches-denken-7-teilig\/#productImage","width":1000,"height":1000},"productGroupID":140445,"hasVariant":[{"@type":"Product","@id":"https:\/\/hidalgo.nl\/de\/product\/140445\/holz-tangram-puzzle-bedrucken-raeumliches-denken-7-teilig\/#wooCommerceProduct","name":"InSideOut Houten Tangram think IQ puzzle - fluor-assorti","url":"https:\/\/hidalgo.nl\/de\/product\/140445\/holz-tangram-puzzle-bedrucken-raeumliches-denken-7-teilig\/","sku":"A53-LT57405-N0099","image":{"@type":"ImageObject","url":"https:\/\/shop.hidalgo.nl\/wp-content\/uploads\/2025\/04\/55adef441aa5de04633402951103cb6ea389d573684d5736010e1e07de8f465d.jpg","@id":"https:\/\/hidalgo.nl\/de\/product\/140445\/holz-tangram-puzzle-bedrucken-raeumliches-denken-7-teilig\/#productImage","width":1000,"height":1000},"offers":{"@type":"Offer","url":"https:\/\/hidalgo.nl\/de\/product\/140445\/holz-tangram-puzzle-bedrucken-raeumliches-denken-7-teilig\/#wooCommerceOffer","price":"6.84","priceCurrency":"EUR","category":"Promotionele Artikelen","availability":"https:\/\/schema.org\/InStock","priceSpecification":{"@type":"PriceSpecification","price":6.84,"priceCurrency":"EUR","valueAddedTaxIncluded":"true"}}}]},{"@type":"WebPage","@id":"https:\/\/hidalgo.nl\/de\/product\/140445\/holz-tangram-puzzle-bedrucken-raeumliches-denken-7-teilig\/#webpage","url":"https:\/\/hidalgo.nl\/de\/product\/140445\/holz-tangram-puzzle-bedrucken-raeumliches-denken-7-teilig\/","name":"Holz Tangram Puzzle bedrucken r\u00e4umliches Denken 7-teilig","description":"F\u00f6rdere r\u00e4umliches Denken im Team oder auf Messen: Das 7-teilige Set in leuchtenden Fluor-Farben eignet sich als smartes Giveaway f\u00fcr 20-40-J\u00e4hrige. Bei Hidalgo kannst du das Holzpuzzle mit Logo bedrucken und als Tangram Werbeartikel gezielt branden.","inLanguage":"de-DE","isPartOf":{"@id":"https:\/\/hidalgo.nl\/de\/#website"},"breadcrumb":{"@id":"https:\/\/hidalgo.nl\/de\/product\/140445\/holz-tangram-puzzle-bedrucken-raeumliches-denken-7-teilig\/#breadcrumblist"},"image":{"@type":"ImageObject","url":"https:\/\/shop.hidalgo.nl\/wp-content\/uploads\/2025\/05\/4cb5629de3ab6229247092a48485fc8ebc68435bcc62ca92965a89f511631ba7.jpg","@id":"https:\/\/hidalgo.nl\/de\/product\/140445\/holz-tangram-puzzle-bedrucken-raeumliches-denken-7-teilig\/#mainImage","width":1000,"height":1000},"primaryImageOfPage":{"@id":"https:\/\/hidalgo.nl\/de\/product\/140445\/holz-tangram-puzzle-bedrucken-raeumliches-denken-7-teilig\/#mainImage"},"datePublished":"2025-07-09T12:08:21+00:00","dateModified":"2026-05-02T11:53:39+00:00"},{"@type":"WebSite","@id":"https:\/\/hidalgo.nl\/de\/#website","url":"https:\/\/hidalgo.nl\/de\/","name":"Hidalgo","inLanguage":"de-DE","publisher":{"@id":"https:\/\/hidalgo.nl\/de\/#organization"}}]},"og:locale":"de_DE","og:site_name":"Hidalgo -","og:type":"article","og:title":"Holz Tangram Puzzle bedrucken r\u00e4umliches Denken 7-teilig","og:description":"F\u00f6rdere r\u00e4umliches Denken im Team oder auf Messen: Das 7-teilige Set in leuchtenden Fluor-Farben eignet sich als smartes Giveaway f\u00fcr 20-40-J\u00e4hrige. Bei Hidalgo kannst du das Holzpuzzle mit Logo bedrucken und als Tangram Werbeartikel gezielt branden.","og:url":"https:\/\/hidalgo.nl\/de\/wp-json\/wp\/v2\/product\/140445","og:image":"https:\/\/shop.hidalgo.nl\/wp-content\/uploads\/2025\/11\/cropped-Hidalgo-est1993.png","og:image:secure_url":"https:\/\/shop.hidalgo.nl\/wp-content\/uploads\/2025\/11\/cropped-Hidalgo-est1993.png","article:published_time":"2025-07-09T12:08:21+00:00","article:modified_time":"2026-05-02T11:53:39+00:00","twitter:card":"summary_large_image","twitter:title":"Holz Tangram Puzzle bedrucken r\u00e4umliches Denken 7-teilig","twitter:description":"F\u00f6rdere r\u00e4umliches Denken im Team oder auf Messen: Das 7-teilige Set in leuchtenden Fluor-Farben eignet sich als smartes Giveaway f\u00fcr 20-40-J\u00e4hrige. Bei Hidalgo kannst du das Holzpuzzle mit Logo bedrucken und als Tangram Werbeartikel gezielt branden.","twitter:image":"https:\/\/shop.hidalgo.nl\/wp-content\/uploads\/2025\/11\/cropped-Hidalgo-est1993.png"},"aioseo_meta_data":{"post_id":"140445","title":null,"description":null,"keywords":null,"keyphrases":null,"primary_term":null,"canonical_url":null,"og_title":null,"og_description":null,"og_object_type":"default","og_image_type":"default","og_image_url":null,"og_image_width":null,"og_image_height":null,"og_image_custom_url":null,"og_image_custom_fields":null,"og_video":null,"og_custom_url":null,"og_article_section":null,"og_article_tags":null,"twitter_use_og":false,"twitter_card":"default","twitter_image_type":"default","twitter_image_url":null,"twitter_image_custom_url":null,"twitter_image_custom_fields":null,"twitter_title":null,"twitter_description":null,"schema":{"blockGraphs":[],"customGraphs":[],"default":{"data":{"Article":[],"Course":[],"Dataset":[],"FAQPage":[],"Movie":[],"Person":[],"Product":[],"ProductReview":[],"Car":[],"Recipe":[],"Service":[],"SoftwareApplication":[],"WebPage":[]},"graphName":"","isEnabled":true},"graphs":[]},"schema_type":"default","schema_type_options":null,"pillar_content":false,"robots_default":true,"robots_noindex":false,"robots_noarchive":false,"robots_nosnippet":false,"robots_nofollow":false,"robots_noimageindex":false,"robots_noodp":false,"robots_notranslate":false,"robots_max_snippet":null,"robots_max_videopreview":null,"robots_max_imagepreview":"large","priority":null,"frequency":null,"local_seo":null,"seo_analyzer_scan_date":"2026-02-02 10:34:04","breadcrumb_settings":null,"limit_modified_date":false,"reviewed_by":null,"open_ai":null,"ai":null,"created":"2026-01-14 06:25:39","updated":"2026-05-02 13:51:06"},"aioseo_breadcrumb":"<div class=\"aioseo-breadcrumbs\"><span class=\"aioseo-breadcrumb\">\n\t<a href=\"https:\/\/hidalgo.nl\/de\/\" title=\"Home\">Home<\/a>\n<\/span><span class=\"aioseo-breadcrumb-separator\">\u00bb<\/span><span class=\"aioseo-breadcrumb\">\n\t<a href=\"https:\/\/hidalgo.nl\/example\/\" title=\"example\">example<\/a>\n<\/span><span class=\"aioseo-breadcrumb-separator\">\u00bb<\/span><span class=\"aioseo-breadcrumb\">\n\t<a href=\"https:\/\/hidalgo.nl\/en\/product-supplier\/a53\/\" title=\"A53\">A53<\/a>\n<\/span><span class=\"aioseo-breadcrumb-separator\">\u00bb<\/span><span class=\"aioseo-breadcrumb\">\n\tInSideOut Houten Tangram think IQ puzzle\n<\/span><\/div>","aioseo_breadcrumb_json":[{"label":"Home","link":"https:\/\/hidalgo.nl\/de\/"},{"label":"example","link":"https:\/\/hidalgo.nl\/example\/"},{"label":"A53","link":"https:\/\/hidalgo.nl\/en\/product-supplier\/a53\/"},{"label":"InSideOut Houten Tangram think IQ puzzle","link":"https:\/\/hidalgo.nl\/de\/product\/140445\/holz-tangram-puzzle-bedrucken-raeumliches-denken-7-teilig\/"}],"_links":{"self":[{"href":"https:\/\/hidalgo.nl\/de\/wp-json\/wp\/v2\/product\/140445","targetHints":{"allow":["GET"]}}],"collection":[{"href":"https:\/\/hidalgo.nl\/de\/wp-json\/wp\/v2\/product"}],"about":[{"href":"https:\/\/hidalgo.nl\/de\/wp-json\/wp\/v2\/types\/product"}],"wp:featuredmedia":[{"embeddable":true,"href":"https:\/\/hidalgo.nl\/de\/wp-json\/wp\/v2\/media\/140446"}],"wp:attachment":[{"href":"https:\/\/hidalgo.nl\/de\/wp-json\/wp\/v2\/media?parent=140445"}],"wp:term":[{"taxonomy":"product_brand","embeddable":true,"href":"https:\/\/hidalgo.nl\/de\/wp-json\/wp\/v2\/product_brand?post=140445"},{"taxonomy":"product_cat","embeddable":true,"href":"https:\/\/hidalgo.nl\/de\/wp-json\/wp\/v2\/product_cat?post=140445"},{"taxonomy":"product_tag","embeddable":true,"href":"https:\/\/hidalgo.nl\/de\/wp-json\/wp\/v2\/product_tag?post=140445"}],"curies":[{"name":"wp","href":"https:\/\/api.w.org\/{rel}","templated":true}]}}