{"id":140382,"date":"2025-07-09T12:06:17","date_gmt":"2025-07-09T12:06:17","guid":{"rendered":"http:\/\/bidonsenshakers.pim.hidalgo.nl\/product\/insideout-houten-serveerplank-met-3-keramische-schaaltjes\/"},"modified":"2026-05-02T11:48:54","modified_gmt":"2026-05-02T11:48:54","slug":"insideout-houten-serveerplank-met-3-keramische-schaaltjes","status":"publish","type":"product","link":"https:\/\/hidalgo.nl\/de\/product\/140382\/servierbrett-bedrucken-akazie-3-keramikschalen-ecru\/","title":{"rendered":"InSideOut houten serveerplank met 3 keramische schaaltjes"},"content":{"rendered":"<p>Voeg een vleugje luxe toe aan je tafel met deze stijlvolle InSideOut serveerplank van acaciahout, compleet met drie rechthoekige keramische schaaltjes, elk met een prachtig uniek karakter dankzij hun speciale glazuurtechniek. Door het hoogglanzende glazuurproces krijgt elk schaaltje zijn eigen uitstraling, wat zorgt voor een elegante en authentieke presentatie.<br \/>\nDe keramische schaaltjes zijn niet alleen mooi, maar ook bijzonder sterk en bestand tegen beschadigingen, dankzij het bakproces op hoge temperaturen. Perfect voor het serveren van nootjes, pinda&#8217;s of olijven tijdens een borrel, maar ook ideaal om te gebruiken tijdens het ontbijt voor vers fruit of andere lekkernijen.<br \/>\nMet deze veelzijdige set cre\u00eber je een stijlvolle en unieke presentatie voor elk moment.<\/p>\n","protected":false},"excerpt":{"rendered":"<p>Voeg een vleugje luxe toe aan je tafel met deze stijlvolle InSideOut serveerplank van acaciahout, compleet met drie rechthoekige keramische schaaltjes, elk met een prachtig uniek karakter dankzij hun speciale glazuurtechniek. Door het hoogglanzende glazuurproces krijgt elk schaaltje zijn eigen uitstraling, wat zorgt voor een elegante en authentieke presentatie. De keramische schaaltjes zijn niet alleen&hellip; <a class=\"more-link\" href=\"https:\/\/hidalgo.nl\/de\/product\/140382\/servierbrett-bedrucken-akazie-3-keramikschalen-ecru\/\"><span class=\"screen-reader-text\">InSideOut houten serveerplank met 3 keramische schaaltjes<\/span> weiterlesen<\/a><\/p>\n","protected":false},"featured_media":140383,"template":"","meta":{"_acf_changed":false,"om_disable_all_campaigns":false,"_monsterinsights_skip_tracking":false,"_monsterinsights_sitenote_active":false,"_monsterinsights_sitenote_note":"","_monsterinsights_sitenote_category":0},"product_brand":[],"product_cat":[4766,4735,4719,4728],"product_tag":[],"class_list":{"0":"post-140382","1":"product","2":"type-product","3":"status-publish","4":"has-post-thumbnail","6":"product_supplier-a53","7":"product_cat-kaas-snij-en-serveer-planken","8":"product_cat-keuken","9":"product_cat-promotionele-artikelen","10":"product_cat-promotionele-artikelen-thuis-keuken-en-tuin","11":"entry","13":"first","14":"instock","15":"taxable","16":"shipping-taxable","17":"purchasable","18":"product-type-variable"},"acf":{"imprint_cost":[{"imprint_cost_key":"0131b4f2c6840ef0d76e43f9513a3293d3a7e9bf","product_quantity_price_range":[{"imprint_cost_recommended_selling_price":"1.7625","imprint_cost_recommended_selling_quantity":"1"},{"imprint_cost_recommended_selling_price":"1.5","imprint_cost_recommended_selling_quantity":"10"},{"imprint_cost_recommended_selling_price":"1.3425","imprint_cost_recommended_selling_quantity":"25"},{"imprint_cost_recommended_selling_price":"1.1625","imprint_cost_recommended_selling_quantity":"50"},{"imprint_cost_recommended_selling_price":"1.0875","imprint_cost_recommended_selling_quantity":"100"},{"imprint_cost_recommended_selling_price":"1.0425","imprint_cost_recommended_selling_quantity":"250"},{"imprint_cost_recommended_selling_price":"1.005","imprint_cost_recommended_selling_quantity":"500"},{"imprint_cost_recommended_selling_price":"0.96","imprint_cost_recommended_selling_quantity":"1000"},{"imprint_cost_recommended_selling_price":"0.915","imprint_cost_recommended_selling_quantity":"2500"},{"imprint_cost_recommended_selling_price":"0.87","imprint_cost_recommended_selling_quantity":"5000"},{"imprint_cost_recommended_selling_price":"0.8175","imprint_cost_recommended_selling_quantity":"10000"}],"product_quantity_price_range_buying":[{"imprint_cost_general_buying_price":"1.175","imprint_cost_general_buying_quantity":"1"},{"imprint_cost_general_buying_price":"1","imprint_cost_general_buying_quantity":"10"},{"imprint_cost_general_buying_price":"0.895","imprint_cost_general_buying_quantity":"25"},{"imprint_cost_general_buying_price":"0.775","imprint_cost_general_buying_quantity":"50"},{"imprint_cost_general_buying_price":"0.725","imprint_cost_general_buying_quantity":"100"},{"imprint_cost_general_buying_price":"0.695","imprint_cost_general_buying_quantity":"250"},{"imprint_cost_general_buying_price":"0.67","imprint_cost_general_buying_quantity":"500"},{"imprint_cost_general_buying_price":"0.64","imprint_cost_general_buying_quantity":"1000"},{"imprint_cost_general_buying_price":"0.61","imprint_cost_general_buying_quantity":"2500"},{"imprint_cost_general_buying_price":"0.58","imprint_cost_general_buying_quantity":"5000"},{"imprint_cost_general_buying_price":"0.545","imprint_cost_general_buying_quantity":"10000"}],"imprint_cost_setup_costs":"54","imprint_cost_handling_costs":"0.36"}]},"aioseo_notices":[],"aioseo_head":"\n\t\t<!-- All in One SEO Pro 4.9.6.2 - aioseo.com -->\n\t<meta name=\"description\" content=\"Pr\u00e4sentiere Dips &amp; Snacks auf Akazienholz mit drei ecru Keramiksch\u00e4lchen - ideal f\u00fcr Events, B\u00fcro oder als Kundengeschenk. Wir bringen dein Logo pr\u00e4zise an: Servierbrett Akazie bedrucken oder Servierplatte mit Gravur bestellen.\" \/>\n\t<meta name=\"robots\" content=\"max-image-preview:large\" \/>\n\t<link rel=\"canonical\" href=\"https:\/\/hidalgo.nl\/de\/wp-json\/wp\/v2\/product\/140382\" \/>\n\t<meta name=\"generator\" content=\"All in One SEO Pro (AIOSEO) 4.9.6.2\" \/>\n\t\t<meta property=\"og:locale\" content=\"de_DE\" \/>\n\t\t<meta property=\"og:site_name\" content=\"Hidalgo -\" \/>\n\t\t<meta property=\"og:type\" content=\"article\" \/>\n\t\t<meta property=\"og:title\" content=\"Servierbrett bedrucken Akazie 3 Keramikschalen Ecru\" \/>\n\t\t<meta property=\"og:description\" content=\"Pr\u00e4sentiere Dips &amp; Snacks auf Akazienholz mit drei ecru Keramiksch\u00e4lchen - ideal f\u00fcr Events, B\u00fcro oder als Kundengeschenk. Wir bringen dein Logo pr\u00e4zise an: Servierbrett Akazie bedrucken oder Servierplatte mit Gravur bestellen.\" \/>\n\t\t<meta property=\"og:url\" content=\"https:\/\/hidalgo.nl\/de\/wp-json\/wp\/v2\/product\/140382\" \/>\n\t\t<meta property=\"og:image\" content=\"https:\/\/shop.hidalgo.nl\/wp-content\/uploads\/2025\/11\/cropped-Hidalgo-est1993.png\" \/>\n\t\t<meta property=\"og:image:secure_url\" content=\"https:\/\/shop.hidalgo.nl\/wp-content\/uploads\/2025\/11\/cropped-Hidalgo-est1993.png\" \/>\n\t\t<meta property=\"article:published_time\" content=\"2025-07-09T12:06:17+00:00\" \/>\n\t\t<meta property=\"article:modified_time\" content=\"2026-05-02T11:48:54+00:00\" \/>\n\t\t<meta name=\"twitter:card\" content=\"summary_large_image\" \/>\n\t\t<meta name=\"twitter:title\" content=\"Servierbrett bedrucken Akazie 3 Keramikschalen Ecru\" \/>\n\t\t<meta name=\"twitter:description\" content=\"Pr\u00e4sentiere Dips &amp; Snacks auf Akazienholz mit drei ecru Keramiksch\u00e4lchen - ideal f\u00fcr Events, B\u00fcro oder als Kundengeschenk. Wir bringen dein Logo pr\u00e4zise an: Servierbrett Akazie bedrucken oder Servierplatte mit Gravur bestellen.\" \/>\n\t\t<meta name=\"twitter:image\" content=\"https:\/\/shop.hidalgo.nl\/wp-content\/uploads\/2025\/11\/cropped-Hidalgo-est1993.png\" \/>\n\t\t<script type=\"application\/ld+json\" class=\"aioseo-schema\">\n\t\t\t{\"@context\":\"https:\\\/\\\/schema.org\",\"@graph\":[{\"@type\":\"BreadcrumbList\",\"@id\":\"https:\\\/\\\/hidalgo.nl\\\/de\\\/product\\\/140382\\\/servierbrett-bedrucken-akazie-3-keramikschalen-ecru\\\/#breadcrumblist\",\"itemListElement\":[{\"@type\":\"ListItem\",\"@id\":\"https:\\\/\\\/hidalgo.nl\\\/de\\\/#listItem\",\"position\":1,\"name\":\"Home\",\"item\":\"https:\\\/\\\/hidalgo.nl\\\/de\\\/\",\"nextItem\":{\"@type\":\"ListItem\",\"@id\":\"https:\\\/\\\/hidalgo.nl\\\/example\\\/#listItem\",\"name\":\"example\"}},{\"@type\":\"ListItem\",\"@id\":\"https:\\\/\\\/hidalgo.nl\\\/example\\\/#listItem\",\"position\":2,\"name\":\"example\",\"item\":\"https:\\\/\\\/hidalgo.nl\\\/example\\\/\",\"nextItem\":{\"@type\":\"ListItem\",\"@id\":\"https:\\\/\\\/hidalgo.nl\\\/en\\\/product-supplier\\\/a53\\\/#listItem\",\"name\":\"A53\"},\"previousItem\":{\"@type\":\"ListItem\",\"@id\":\"https:\\\/\\\/hidalgo.nl\\\/de\\\/#listItem\",\"name\":\"Home\"}},{\"@type\":\"ListItem\",\"@id\":\"https:\\\/\\\/hidalgo.nl\\\/en\\\/product-supplier\\\/a53\\\/#listItem\",\"position\":3,\"name\":\"A53\",\"item\":\"https:\\\/\\\/hidalgo.nl\\\/en\\\/product-supplier\\\/a53\\\/\",\"nextItem\":{\"@type\":\"ListItem\",\"@id\":\"https:\\\/\\\/hidalgo.nl\\\/de\\\/product\\\/140382\\\/servierbrett-bedrucken-akazie-3-keramikschalen-ecru\\\/#listItem\",\"name\":\"InSideOut houten serveerplank met 3 keramische schaaltjes\"},\"previousItem\":{\"@type\":\"ListItem\",\"@id\":\"https:\\\/\\\/hidalgo.nl\\\/example\\\/#listItem\",\"name\":\"example\"}},{\"@type\":\"ListItem\",\"@id\":\"https:\\\/\\\/hidalgo.nl\\\/de\\\/product\\\/140382\\\/servierbrett-bedrucken-akazie-3-keramikschalen-ecru\\\/#listItem\",\"position\":4,\"name\":\"InSideOut houten serveerplank met 3 keramische schaaltjes\",\"previousItem\":{\"@type\":\"ListItem\",\"@id\":\"https:\\\/\\\/hidalgo.nl\\\/en\\\/product-supplier\\\/a53\\\/#listItem\",\"name\":\"A53\"}}]},{\"@type\":\"Organization\",\"@id\":\"https:\\\/\\\/hidalgo.nl\\\/de\\\/#organization\",\"name\":\"Hidalgo\",\"url\":\"https:\\\/\\\/hidalgo.nl\\\/de\\\/\",\"logo\":{\"@type\":\"ImageObject\",\"url\":\"https:\\\/\\\/shop.hidalgo.nl\\\/wp-content\\\/uploads\\\/2025\\\/11\\\/cropped-Hidalgo-est1993.png\",\"@id\":\"https:\\\/\\\/hidalgo.nl\\\/de\\\/product\\\/140382\\\/servierbrett-bedrucken-akazie-3-keramikschalen-ecru\\\/#organizationLogo\",\"width\":585,\"height\":195},\"image\":{\"@id\":\"https:\\\/\\\/hidalgo.nl\\\/de\\\/product\\\/140382\\\/servierbrett-bedrucken-akazie-3-keramikschalen-ecru\\\/#organizationLogo\"}},{\"@type\":\"ProductGroup\",\"@id\":\"https:\\\/\\\/hidalgo.nl\\\/de\\\/product\\\/140382\\\/servierbrett-bedrucken-akazie-3-keramikschalen-ecru\\\/#wooCommerceProduct\",\"name\":\"Servierbrett bedrucken Akazie 3 Keramikschalen Ecru\",\"url\":\"https:\\\/\\\/hidalgo.nl\\\/de\\\/product\\\/140382\\\/servierbrett-bedrucken-akazie-3-keramikschalen-ecru\\\/\",\"sku\":\"A53-LT57207\",\"image\":{\"@type\":\"ImageObject\",\"url\":\"https:\\\/\\\/shop.hidalgo.nl\\\/wp-content\\\/uploads\\\/2025\\\/05\\\/6724b3030888c52ec71055ee1e97537c5a49f9b9be7238f81076f71e88fd8fc4.jpg\",\"@id\":\"https:\\\/\\\/hidalgo.nl\\\/de\\\/product\\\/140382\\\/servierbrett-bedrucken-akazie-3-keramikschalen-ecru\\\/#productImage\",\"width\":1000,\"height\":1000},\"productGroupID\":140382,\"hasVariant\":[{\"@type\":\"Product\",\"@id\":\"https:\\\/\\\/hidalgo.nl\\\/de\\\/product\\\/140382\\\/servierbrett-bedrucken-akazie-3-keramikschalen-ecru\\\/#wooCommerceProduct\",\"name\":\"InSideOut houten serveerplank met 3 keramische schaaltjes - ecru\",\"url\":\"https:\\\/\\\/hidalgo.nl\\\/de\\\/product\\\/140382\\\/servierbrett-bedrucken-akazie-3-keramikschalen-ecru\\\/\",\"sku\":\"A53-LT57207-N0054\",\"image\":{\"@type\":\"ImageObject\",\"url\":\"https:\\\/\\\/shop.hidalgo.nl\\\/wp-content\\\/uploads\\\/2025\\\/05\\\/f67c8a46798e31672da173c3ef4cd3280c40ae5cdcff8bbea82e2932016bc72e.jpg\",\"@id\":\"https:\\\/\\\/hidalgo.nl\\\/de\\\/product\\\/140382\\\/servierbrett-bedrucken-akazie-3-keramikschalen-ecru\\\/#productImage\",\"width\":1000,\"height\":1000},\"offers\":{\"@type\":\"Offer\",\"url\":\"https:\\\/\\\/hidalgo.nl\\\/de\\\/product\\\/140382\\\/servierbrett-bedrucken-akazie-3-keramikschalen-ecru\\\/#wooCommerceOffer\",\"price\":\"16.995\",\"priceCurrency\":\"EUR\",\"category\":\"Promotionele Artikelen\",\"availability\":\"https:\\\/\\\/schema.org\\\/InStock\",\"priceSpecification\":{\"@type\":\"PriceSpecification\",\"price\":16.995,\"priceCurrency\":\"EUR\",\"valueAddedTaxIncluded\":\"true\"}}}]},{\"@type\":\"WebPage\",\"@id\":\"https:\\\/\\\/hidalgo.nl\\\/de\\\/product\\\/140382\\\/servierbrett-bedrucken-akazie-3-keramikschalen-ecru\\\/#webpage\",\"url\":\"https:\\\/\\\/hidalgo.nl\\\/de\\\/product\\\/140382\\\/servierbrett-bedrucken-akazie-3-keramikschalen-ecru\\\/\",\"name\":\"Servierbrett bedrucken Akazie 3 Keramikschalen Ecru\",\"description\":\"Pr\\u00e4sentiere Dips & Snacks auf Akazienholz mit drei ecru Keramiksch\\u00e4lchen - ideal f\\u00fcr Events, B\\u00fcro oder als Kundengeschenk. Wir bringen dein Logo pr\\u00e4zise an: Servierbrett Akazie bedrucken oder Servierplatte mit Gravur bestellen.\",\"inLanguage\":\"de-DE\",\"isPartOf\":{\"@id\":\"https:\\\/\\\/hidalgo.nl\\\/de\\\/#website\"},\"breadcrumb\":{\"@id\":\"https:\\\/\\\/hidalgo.nl\\\/de\\\/product\\\/140382\\\/servierbrett-bedrucken-akazie-3-keramikschalen-ecru\\\/#breadcrumblist\"},\"image\":{\"@type\":\"ImageObject\",\"url\":\"https:\\\/\\\/shop.hidalgo.nl\\\/wp-content\\\/uploads\\\/2025\\\/05\\\/6724b3030888c52ec71055ee1e97537c5a49f9b9be7238f81076f71e88fd8fc4.jpg\",\"@id\":\"https:\\\/\\\/hidalgo.nl\\\/de\\\/product\\\/140382\\\/servierbrett-bedrucken-akazie-3-keramikschalen-ecru\\\/#mainImage\",\"width\":1000,\"height\":1000},\"primaryImageOfPage\":{\"@id\":\"https:\\\/\\\/hidalgo.nl\\\/de\\\/product\\\/140382\\\/servierbrett-bedrucken-akazie-3-keramikschalen-ecru\\\/#mainImage\"},\"datePublished\":\"2025-07-09T12:06:17+00:00\",\"dateModified\":\"2026-05-02T11:48:54+00:00\"},{\"@type\":\"WebSite\",\"@id\":\"https:\\\/\\\/hidalgo.nl\\\/de\\\/#website\",\"url\":\"https:\\\/\\\/hidalgo.nl\\\/de\\\/\",\"name\":\"Hidalgo\",\"inLanguage\":\"de-DE\",\"publisher\":{\"@id\":\"https:\\\/\\\/hidalgo.nl\\\/de\\\/#organization\"}}]}\n\t\t<\/script>\n\t\t<!-- All in One SEO Pro -->\r\n\t\t<title>Servierbrett bedrucken Akazie 3 Keramikschalen Ecru<\/title>\n\n","aioseo_head_json":{"title":"Servierbrett bedrucken Akazie 3 Keramikschalen Ecru","description":"Pr\u00e4sentiere Dips & Snacks auf Akazienholz mit drei ecru Keramiksch\u00e4lchen - ideal f\u00fcr Events, B\u00fcro oder als Kundengeschenk. Wir bringen dein Logo pr\u00e4zise an: Servierbrett Akazie bedrucken oder Servierplatte mit Gravur bestellen.","canonical_url":"https:\/\/hidalgo.nl\/de\/wp-json\/wp\/v2\/product\/140382","robots":"max-image-preview:large","keywords":"","webmasterTools":{"miscellaneous":""},"schema":{"@context":"https:\/\/schema.org","@graph":[{"@type":"BreadcrumbList","@id":"https:\/\/hidalgo.nl\/de\/product\/140382\/servierbrett-bedrucken-akazie-3-keramikschalen-ecru\/#breadcrumblist","itemListElement":[{"@type":"ListItem","@id":"https:\/\/hidalgo.nl\/de\/#listItem","position":1,"name":"Home","item":"https:\/\/hidalgo.nl\/de\/","nextItem":{"@type":"ListItem","@id":"https:\/\/hidalgo.nl\/example\/#listItem","name":"example"}},{"@type":"ListItem","@id":"https:\/\/hidalgo.nl\/example\/#listItem","position":2,"name":"example","item":"https:\/\/hidalgo.nl\/example\/","nextItem":{"@type":"ListItem","@id":"https:\/\/hidalgo.nl\/en\/product-supplier\/a53\/#listItem","name":"A53"},"previousItem":{"@type":"ListItem","@id":"https:\/\/hidalgo.nl\/de\/#listItem","name":"Home"}},{"@type":"ListItem","@id":"https:\/\/hidalgo.nl\/en\/product-supplier\/a53\/#listItem","position":3,"name":"A53","item":"https:\/\/hidalgo.nl\/en\/product-supplier\/a53\/","nextItem":{"@type":"ListItem","@id":"https:\/\/hidalgo.nl\/de\/product\/140382\/servierbrett-bedrucken-akazie-3-keramikschalen-ecru\/#listItem","name":"InSideOut houten serveerplank met 3 keramische schaaltjes"},"previousItem":{"@type":"ListItem","@id":"https:\/\/hidalgo.nl\/example\/#listItem","name":"example"}},{"@type":"ListItem","@id":"https:\/\/hidalgo.nl\/de\/product\/140382\/servierbrett-bedrucken-akazie-3-keramikschalen-ecru\/#listItem","position":4,"name":"InSideOut houten serveerplank met 3 keramische schaaltjes","previousItem":{"@type":"ListItem","@id":"https:\/\/hidalgo.nl\/en\/product-supplier\/a53\/#listItem","name":"A53"}}]},{"@type":"Organization","@id":"https:\/\/hidalgo.nl\/de\/#organization","name":"Hidalgo","url":"https:\/\/hidalgo.nl\/de\/","logo":{"@type":"ImageObject","url":"https:\/\/shop.hidalgo.nl\/wp-content\/uploads\/2025\/11\/cropped-Hidalgo-est1993.png","@id":"https:\/\/hidalgo.nl\/de\/product\/140382\/servierbrett-bedrucken-akazie-3-keramikschalen-ecru\/#organizationLogo","width":585,"height":195},"image":{"@id":"https:\/\/hidalgo.nl\/de\/product\/140382\/servierbrett-bedrucken-akazie-3-keramikschalen-ecru\/#organizationLogo"}},{"@type":"ProductGroup","@id":"https:\/\/hidalgo.nl\/de\/product\/140382\/servierbrett-bedrucken-akazie-3-keramikschalen-ecru\/#wooCommerceProduct","name":"Servierbrett bedrucken Akazie 3 Keramikschalen Ecru","url":"https:\/\/hidalgo.nl\/de\/product\/140382\/servierbrett-bedrucken-akazie-3-keramikschalen-ecru\/","sku":"A53-LT57207","image":{"@type":"ImageObject","url":"https:\/\/shop.hidalgo.nl\/wp-content\/uploads\/2025\/05\/6724b3030888c52ec71055ee1e97537c5a49f9b9be7238f81076f71e88fd8fc4.jpg","@id":"https:\/\/hidalgo.nl\/de\/product\/140382\/servierbrett-bedrucken-akazie-3-keramikschalen-ecru\/#productImage","width":1000,"height":1000},"productGroupID":140382,"hasVariant":[{"@type":"Product","@id":"https:\/\/hidalgo.nl\/de\/product\/140382\/servierbrett-bedrucken-akazie-3-keramikschalen-ecru\/#wooCommerceProduct","name":"InSideOut houten serveerplank met 3 keramische schaaltjes - ecru","url":"https:\/\/hidalgo.nl\/de\/product\/140382\/servierbrett-bedrucken-akazie-3-keramikschalen-ecru\/","sku":"A53-LT57207-N0054","image":{"@type":"ImageObject","url":"https:\/\/shop.hidalgo.nl\/wp-content\/uploads\/2025\/05\/f67c8a46798e31672da173c3ef4cd3280c40ae5cdcff8bbea82e2932016bc72e.jpg","@id":"https:\/\/hidalgo.nl\/de\/product\/140382\/servierbrett-bedrucken-akazie-3-keramikschalen-ecru\/#productImage","width":1000,"height":1000},"offers":{"@type":"Offer","url":"https:\/\/hidalgo.nl\/de\/product\/140382\/servierbrett-bedrucken-akazie-3-keramikschalen-ecru\/#wooCommerceOffer","price":"16.995","priceCurrency":"EUR","category":"Promotionele Artikelen","availability":"https:\/\/schema.org\/InStock","priceSpecification":{"@type":"PriceSpecification","price":16.995,"priceCurrency":"EUR","valueAddedTaxIncluded":"true"}}}]},{"@type":"WebPage","@id":"https:\/\/hidalgo.nl\/de\/product\/140382\/servierbrett-bedrucken-akazie-3-keramikschalen-ecru\/#webpage","url":"https:\/\/hidalgo.nl\/de\/product\/140382\/servierbrett-bedrucken-akazie-3-keramikschalen-ecru\/","name":"Servierbrett bedrucken Akazie 3 Keramikschalen Ecru","description":"Pr\u00e4sentiere Dips & Snacks auf Akazienholz mit drei ecru Keramiksch\u00e4lchen - ideal f\u00fcr Events, B\u00fcro oder als Kundengeschenk. Wir bringen dein Logo pr\u00e4zise an: Servierbrett Akazie bedrucken oder Servierplatte mit Gravur bestellen.","inLanguage":"de-DE","isPartOf":{"@id":"https:\/\/hidalgo.nl\/de\/#website"},"breadcrumb":{"@id":"https:\/\/hidalgo.nl\/de\/product\/140382\/servierbrett-bedrucken-akazie-3-keramikschalen-ecru\/#breadcrumblist"},"image":{"@type":"ImageObject","url":"https:\/\/shop.hidalgo.nl\/wp-content\/uploads\/2025\/05\/6724b3030888c52ec71055ee1e97537c5a49f9b9be7238f81076f71e88fd8fc4.jpg","@id":"https:\/\/hidalgo.nl\/de\/product\/140382\/servierbrett-bedrucken-akazie-3-keramikschalen-ecru\/#mainImage","width":1000,"height":1000},"primaryImageOfPage":{"@id":"https:\/\/hidalgo.nl\/de\/product\/140382\/servierbrett-bedrucken-akazie-3-keramikschalen-ecru\/#mainImage"},"datePublished":"2025-07-09T12:06:17+00:00","dateModified":"2026-05-02T11:48:54+00:00"},{"@type":"WebSite","@id":"https:\/\/hidalgo.nl\/de\/#website","url":"https:\/\/hidalgo.nl\/de\/","name":"Hidalgo","inLanguage":"de-DE","publisher":{"@id":"https:\/\/hidalgo.nl\/de\/#organization"}}]},"og:locale":"de_DE","og:site_name":"Hidalgo -","og:type":"article","og:title":"Servierbrett bedrucken Akazie 3 Keramikschalen Ecru","og:description":"Pr\u00e4sentiere Dips &amp; Snacks auf Akazienholz mit drei ecru Keramiksch\u00e4lchen - ideal f\u00fcr Events, B\u00fcro oder als Kundengeschenk. Wir bringen dein Logo pr\u00e4zise an: Servierbrett Akazie bedrucken oder Servierplatte mit Gravur bestellen.","og:url":"https:\/\/hidalgo.nl\/de\/wp-json\/wp\/v2\/product\/140382","og:image":"https:\/\/shop.hidalgo.nl\/wp-content\/uploads\/2025\/11\/cropped-Hidalgo-est1993.png","og:image:secure_url":"https:\/\/shop.hidalgo.nl\/wp-content\/uploads\/2025\/11\/cropped-Hidalgo-est1993.png","article:published_time":"2025-07-09T12:06:17+00:00","article:modified_time":"2026-05-02T11:48:54+00:00","twitter:card":"summary_large_image","twitter:title":"Servierbrett bedrucken Akazie 3 Keramikschalen Ecru","twitter:description":"Pr\u00e4sentiere Dips &amp; Snacks auf Akazienholz mit drei ecru Keramiksch\u00e4lchen - ideal f\u00fcr Events, B\u00fcro oder als Kundengeschenk. Wir bringen dein Logo pr\u00e4zise an: Servierbrett Akazie bedrucken oder Servierplatte mit Gravur bestellen.","twitter:image":"https:\/\/shop.hidalgo.nl\/wp-content\/uploads\/2025\/11\/cropped-Hidalgo-est1993.png"},"aioseo_meta_data":{"post_id":"140382","title":null,"description":null,"keywords":null,"keyphrases":null,"primary_term":null,"canonical_url":null,"og_title":null,"og_description":null,"og_object_type":"default","og_image_type":"default","og_image_url":null,"og_image_width":null,"og_image_height":null,"og_image_custom_url":null,"og_image_custom_fields":null,"og_video":null,"og_custom_url":null,"og_article_section":null,"og_article_tags":null,"twitter_use_og":false,"twitter_card":"default","twitter_image_type":"default","twitter_image_url":null,"twitter_image_custom_url":null,"twitter_image_custom_fields":null,"twitter_title":null,"twitter_description":null,"schema":{"blockGraphs":[],"customGraphs":[],"default":{"data":{"Article":[],"Course":[],"Dataset":[],"FAQPage":[],"Movie":[],"Person":[],"Product":[],"ProductReview":[],"Car":[],"Recipe":[],"Service":[],"SoftwareApplication":[],"WebPage":[]},"graphName":"","isEnabled":true},"graphs":[]},"schema_type":"default","schema_type_options":null,"pillar_content":false,"robots_default":true,"robots_noindex":false,"robots_noarchive":false,"robots_nosnippet":false,"robots_nofollow":false,"robots_noimageindex":false,"robots_noodp":false,"robots_notranslate":false,"robots_max_snippet":null,"robots_max_videopreview":null,"robots_max_imagepreview":"large","priority":null,"frequency":null,"local_seo":null,"seo_analyzer_scan_date":"2026-02-05 15:43:24","breadcrumb_settings":null,"limit_modified_date":false,"reviewed_by":null,"open_ai":null,"ai":null,"created":"2026-01-14 06:25:39","updated":"2026-05-02 13:33:08"},"aioseo_breadcrumb":"<div class=\"aioseo-breadcrumbs\"><span class=\"aioseo-breadcrumb\">\n\t<a href=\"https:\/\/hidalgo.nl\/de\/\" title=\"Home\">Home<\/a>\n<\/span><span class=\"aioseo-breadcrumb-separator\">\u00bb<\/span><span class=\"aioseo-breadcrumb\">\n\t<a href=\"https:\/\/hidalgo.nl\/example\/\" title=\"example\">example<\/a>\n<\/span><span class=\"aioseo-breadcrumb-separator\">\u00bb<\/span><span class=\"aioseo-breadcrumb\">\n\t<a href=\"https:\/\/hidalgo.nl\/en\/product-supplier\/a53\/\" title=\"A53\">A53<\/a>\n<\/span><span class=\"aioseo-breadcrumb-separator\">\u00bb<\/span><span class=\"aioseo-breadcrumb\">\n\tInSideOut houten serveerplank met 3 keramische schaaltjes\n<\/span><\/div>","aioseo_breadcrumb_json":[{"label":"Home","link":"https:\/\/hidalgo.nl\/de\/"},{"label":"example","link":"https:\/\/hidalgo.nl\/example\/"},{"label":"A53","link":"https:\/\/hidalgo.nl\/en\/product-supplier\/a53\/"},{"label":"InSideOut houten serveerplank met 3 keramische schaaltjes","link":"https:\/\/hidalgo.nl\/de\/product\/140382\/servierbrett-bedrucken-akazie-3-keramikschalen-ecru\/"}],"_links":{"self":[{"href":"https:\/\/hidalgo.nl\/de\/wp-json\/wp\/v2\/product\/140382","targetHints":{"allow":["GET"]}}],"collection":[{"href":"https:\/\/hidalgo.nl\/de\/wp-json\/wp\/v2\/product"}],"about":[{"href":"https:\/\/hidalgo.nl\/de\/wp-json\/wp\/v2\/types\/product"}],"wp:featuredmedia":[{"embeddable":true,"href":"https:\/\/hidalgo.nl\/de\/wp-json\/wp\/v2\/media\/140383"}],"wp:attachment":[{"href":"https:\/\/hidalgo.nl\/de\/wp-json\/wp\/v2\/media?parent=140382"}],"wp:term":[{"taxonomy":"product_brand","embeddable":true,"href":"https:\/\/hidalgo.nl\/de\/wp-json\/wp\/v2\/product_brand?post=140382"},{"taxonomy":"product_cat","embeddable":true,"href":"https:\/\/hidalgo.nl\/de\/wp-json\/wp\/v2\/product_cat?post=140382"},{"taxonomy":"product_tag","embeddable":true,"href":"https:\/\/hidalgo.nl\/de\/wp-json\/wp\/v2\/product_tag?post=140382"}],"curies":[{"name":"wp","href":"https:\/\/api.w.org\/{rel}","templated":true}]}}