{"id":140210,"date":"2025-07-09T12:01:45","date_gmt":"2025-07-09T12:01:45","guid":{"rendered":"http:\/\/bidonsenshakers.pim.hidalgo.nl\/product\/insideout-set-elin-2-glazen\/"},"modified":"2026-05-02T11:45:11","modified_gmt":"2026-05-02T11:45:11","slug":"insideout-set-elin-2-glazen","status":"publish","type":"product","link":"https:\/\/hidalgo.nl\/de\/product\/140210\/doppelwandglaeser-bedrucken-elin-isolierend-borosilikat-270ml\/","title":{"rendered":"InSideOut Set Elin 2 glazen"},"content":{"rendered":"<p>De InSideOut glazen set Elin bestaat uit 2 glazen van 270 ml, gemaakt van Boriumsilicaat, een hittebestendig en zeer sterk glas. De uitvoering is eenvoudig maar stijlvol, zonder tierelantijntjes of extra randjes en daarom perfect te combineren met ander tafelgerei of servies.  De glazen worden geleverd in een geschenkverpakking, zijn magnetron veilig en kunnen worden voorzien van een gravering .<\/p>\n","protected":false},"excerpt":{"rendered":"<p>De InSideOut glazen set Elin bestaat uit 2 glazen van 270 ml, gemaakt van Boriumsilicaat, een hittebestendig en zeer sterk glas. De uitvoering is eenvoudig maar stijlvol, zonder tierelantijntjes of extra randjes en daarom perfect te combineren met ander tafelgerei of servies. De glazen worden geleverd in een geschenkverpakking, zijn magnetron veilig en kunnen worden&hellip; <a class=\"more-link\" href=\"https:\/\/hidalgo.nl\/de\/product\/140210\/doppelwandglaeser-bedrucken-elin-isolierend-borosilikat-270ml\/\"><span class=\"screen-reader-text\">InSideOut Set Elin 2 glazen<\/span> weiterlesen<\/a><\/p>\n","protected":false},"featured_media":140211,"template":"","meta":{"_acf_changed":false,"om_disable_all_campaigns":false,"_monsterinsights_skip_tracking":false,"_monsterinsights_sitenote_active":false,"_monsterinsights_sitenote_note":"","_monsterinsights_sitenote_category":0},"product_brand":[],"product_cat":[4764,4735,4719,4728],"product_tag":[],"class_list":{"0":"post-140210","1":"product","2":"type-product","3":"status-publish","4":"has-post-thumbnail","6":"product_supplier-a53","7":"product_cat-glazen-en-karaffen","8":"product_cat-keuken","9":"product_cat-promotionele-artikelen","10":"product_cat-promotionele-artikelen-thuis-keuken-en-tuin","11":"entry","13":"first","14":"instock","15":"taxable","16":"shipping-taxable","17":"purchasable","18":"product-type-variable"},"acf":{"imprint_cost":[{"imprint_cost_key":"4b22fbd5f93d35c8831999bf9d70ef81f884e857","product_quantity_price_range":[{"imprint_cost_recommended_selling_price":"1.7625","imprint_cost_recommended_selling_quantity":"1"},{"imprint_cost_recommended_selling_price":"1.5","imprint_cost_recommended_selling_quantity":"10"},{"imprint_cost_recommended_selling_price":"1.3425","imprint_cost_recommended_selling_quantity":"25"},{"imprint_cost_recommended_selling_price":"1.1625","imprint_cost_recommended_selling_quantity":"50"},{"imprint_cost_recommended_selling_price":"1.0875","imprint_cost_recommended_selling_quantity":"100"},{"imprint_cost_recommended_selling_price":"1.0425","imprint_cost_recommended_selling_quantity":"250"},{"imprint_cost_recommended_selling_price":"1.005","imprint_cost_recommended_selling_quantity":"500"},{"imprint_cost_recommended_selling_price":"0.96","imprint_cost_recommended_selling_quantity":"1000"},{"imprint_cost_recommended_selling_price":"0.915","imprint_cost_recommended_selling_quantity":"2500"},{"imprint_cost_recommended_selling_price":"0.87","imprint_cost_recommended_selling_quantity":"5000"},{"imprint_cost_recommended_selling_price":"0.8175","imprint_cost_recommended_selling_quantity":"10000"}],"product_quantity_price_range_buying":[{"imprint_cost_general_buying_price":"1.175","imprint_cost_general_buying_quantity":"1"},{"imprint_cost_general_buying_price":"1","imprint_cost_general_buying_quantity":"10"},{"imprint_cost_general_buying_price":"0.895","imprint_cost_general_buying_quantity":"25"},{"imprint_cost_general_buying_price":"0.775","imprint_cost_general_buying_quantity":"50"},{"imprint_cost_general_buying_price":"0.725","imprint_cost_general_buying_quantity":"100"},{"imprint_cost_general_buying_price":"0.695","imprint_cost_general_buying_quantity":"250"},{"imprint_cost_general_buying_price":"0.67","imprint_cost_general_buying_quantity":"500"},{"imprint_cost_general_buying_price":"0.64","imprint_cost_general_buying_quantity":"1000"},{"imprint_cost_general_buying_price":"0.61","imprint_cost_general_buying_quantity":"2500"},{"imprint_cost_general_buying_price":"0.58","imprint_cost_general_buying_quantity":"5000"},{"imprint_cost_general_buying_price":"0.545","imprint_cost_general_buying_quantity":"10000"}],"imprint_cost_setup_costs":"54","imprint_cost_handling_costs":"0.36"}]},"aioseo_notices":[],"aioseo_head":"\n\t\t<!-- All in One SEO Pro 4.9.6.2 - aioseo.com -->\n\t<meta name=\"description\" content=\"Elin Doppelwandgl\u00e4ser aus Borosilikat mit 270 ml halten Kaffee hei\u00df &amp; Eistee k\u00fchl und bleiben angenehm in der Hand. Bei Hidalgo kannst du Borosilikatgl\u00e4ser mit Logo oder Isoliergl\u00e4ser mit Gravur veredeln - ideal f\u00fcr 20-40-J\u00e4hrige, B\u00fcro, Gastro &amp; Events.\" \/>\n\t<meta name=\"robots\" content=\"max-image-preview:large\" \/>\n\t<link rel=\"canonical\" href=\"https:\/\/hidalgo.nl\/de\/wp-json\/wp\/v2\/product\/140210\" \/>\n\t<meta name=\"generator\" content=\"All in One SEO Pro (AIOSEO) 4.9.6.2\" \/>\n\t\t<meta property=\"og:locale\" content=\"de_DE\" \/>\n\t\t<meta property=\"og:site_name\" content=\"Hidalgo -\" \/>\n\t\t<meta property=\"og:type\" content=\"article\" \/>\n\t\t<meta property=\"og:title\" content=\"Doppelwandgl\u00e4ser bedrucken Elin isolierend Borosilikat 270ml\" \/>\n\t\t<meta property=\"og:description\" content=\"Elin Doppelwandgl\u00e4ser aus Borosilikat mit 270 ml halten Kaffee hei\u00df &amp; Eistee k\u00fchl und bleiben angenehm in der Hand. Bei Hidalgo kannst du Borosilikatgl\u00e4ser mit Logo oder Isoliergl\u00e4ser mit Gravur veredeln - ideal f\u00fcr 20-40-J\u00e4hrige, B\u00fcro, Gastro &amp; Events.\" \/>\n\t\t<meta property=\"og:url\" content=\"https:\/\/hidalgo.nl\/de\/wp-json\/wp\/v2\/product\/140210\" \/>\n\t\t<meta property=\"og:image\" content=\"https:\/\/shop.hidalgo.nl\/wp-content\/uploads\/2025\/11\/cropped-Hidalgo-est1993.png\" \/>\n\t\t<meta property=\"og:image:secure_url\" content=\"https:\/\/shop.hidalgo.nl\/wp-content\/uploads\/2025\/11\/cropped-Hidalgo-est1993.png\" \/>\n\t\t<meta property=\"article:published_time\" content=\"2025-07-09T12:01:45+00:00\" \/>\n\t\t<meta property=\"article:modified_time\" content=\"2026-05-02T11:45:11+00:00\" \/>\n\t\t<meta name=\"twitter:card\" content=\"summary_large_image\" \/>\n\t\t<meta name=\"twitter:title\" content=\"Doppelwandgl\u00e4ser bedrucken Elin isolierend Borosilikat 270ml\" \/>\n\t\t<meta name=\"twitter:description\" content=\"Elin Doppelwandgl\u00e4ser aus Borosilikat mit 270 ml halten Kaffee hei\u00df &amp; Eistee k\u00fchl und bleiben angenehm in der Hand. Bei Hidalgo kannst du Borosilikatgl\u00e4ser mit Logo oder Isoliergl\u00e4ser mit Gravur veredeln - ideal f\u00fcr 20-40-J\u00e4hrige, B\u00fcro, Gastro &amp; Events.\" \/>\n\t\t<meta name=\"twitter:image\" content=\"https:\/\/shop.hidalgo.nl\/wp-content\/uploads\/2025\/11\/cropped-Hidalgo-est1993.png\" \/>\n\t\t<script type=\"application\/ld+json\" class=\"aioseo-schema\">\n\t\t\t{\"@context\":\"https:\\\/\\\/schema.org\",\"@graph\":[{\"@type\":\"BreadcrumbList\",\"@id\":\"https:\\\/\\\/hidalgo.nl\\\/de\\\/product\\\/140210\\\/doppelwandglaeser-bedrucken-elin-isolierend-borosilikat-270ml\\\/#breadcrumblist\",\"itemListElement\":[{\"@type\":\"ListItem\",\"@id\":\"https:\\\/\\\/hidalgo.nl\\\/de\\\/#listItem\",\"position\":1,\"name\":\"Home\",\"item\":\"https:\\\/\\\/hidalgo.nl\\\/de\\\/\",\"nextItem\":{\"@type\":\"ListItem\",\"@id\":\"https:\\\/\\\/hidalgo.nl\\\/example\\\/#listItem\",\"name\":\"example\"}},{\"@type\":\"ListItem\",\"@id\":\"https:\\\/\\\/hidalgo.nl\\\/example\\\/#listItem\",\"position\":2,\"name\":\"example\",\"item\":\"https:\\\/\\\/hidalgo.nl\\\/example\\\/\",\"nextItem\":{\"@type\":\"ListItem\",\"@id\":\"https:\\\/\\\/hidalgo.nl\\\/en\\\/product-supplier\\\/a53\\\/#listItem\",\"name\":\"A53\"},\"previousItem\":{\"@type\":\"ListItem\",\"@id\":\"https:\\\/\\\/hidalgo.nl\\\/de\\\/#listItem\",\"name\":\"Home\"}},{\"@type\":\"ListItem\",\"@id\":\"https:\\\/\\\/hidalgo.nl\\\/en\\\/product-supplier\\\/a53\\\/#listItem\",\"position\":3,\"name\":\"A53\",\"item\":\"https:\\\/\\\/hidalgo.nl\\\/en\\\/product-supplier\\\/a53\\\/\",\"nextItem\":{\"@type\":\"ListItem\",\"@id\":\"https:\\\/\\\/hidalgo.nl\\\/de\\\/product\\\/140210\\\/doppelwandglaeser-bedrucken-elin-isolierend-borosilikat-270ml\\\/#listItem\",\"name\":\"InSideOut Set Elin 2 glazen\"},\"previousItem\":{\"@type\":\"ListItem\",\"@id\":\"https:\\\/\\\/hidalgo.nl\\\/example\\\/#listItem\",\"name\":\"example\"}},{\"@type\":\"ListItem\",\"@id\":\"https:\\\/\\\/hidalgo.nl\\\/de\\\/product\\\/140210\\\/doppelwandglaeser-bedrucken-elin-isolierend-borosilikat-270ml\\\/#listItem\",\"position\":4,\"name\":\"InSideOut Set Elin 2 glazen\",\"previousItem\":{\"@type\":\"ListItem\",\"@id\":\"https:\\\/\\\/hidalgo.nl\\\/en\\\/product-supplier\\\/a53\\\/#listItem\",\"name\":\"A53\"}}]},{\"@type\":\"Organization\",\"@id\":\"https:\\\/\\\/hidalgo.nl\\\/de\\\/#organization\",\"name\":\"Hidalgo\",\"url\":\"https:\\\/\\\/hidalgo.nl\\\/de\\\/\",\"logo\":{\"@type\":\"ImageObject\",\"url\":\"https:\\\/\\\/shop.hidalgo.nl\\\/wp-content\\\/uploads\\\/2025\\\/11\\\/cropped-Hidalgo-est1993.png\",\"@id\":\"https:\\\/\\\/hidalgo.nl\\\/de\\\/product\\\/140210\\\/doppelwandglaeser-bedrucken-elin-isolierend-borosilikat-270ml\\\/#organizationLogo\",\"width\":585,\"height\":195},\"image\":{\"@id\":\"https:\\\/\\\/hidalgo.nl\\\/de\\\/product\\\/140210\\\/doppelwandglaeser-bedrucken-elin-isolierend-borosilikat-270ml\\\/#organizationLogo\"}},{\"@type\":\"ProductGroup\",\"@id\":\"https:\\\/\\\/hidalgo.nl\\\/de\\\/product\\\/140210\\\/doppelwandglaeser-bedrucken-elin-isolierend-borosilikat-270ml\\\/#wooCommerceProduct\",\"name\":\"Doppelwandgl\\u00e4ser bedrucken Elin isolierend Borosilikat 270ml\",\"url\":\"https:\\\/\\\/hidalgo.nl\\\/de\\\/product\\\/140210\\\/doppelwandglaeser-bedrucken-elin-isolierend-borosilikat-270ml\\\/\",\"sku\":\"A53-LT57009\",\"image\":{\"@type\":\"ImageObject\",\"url\":\"https:\\\/\\\/shop.hidalgo.nl\\\/wp-content\\\/uploads\\\/2025\\\/05\\\/cfc43529b353bddec6c9cc7166d3abb50ca3784d983c0cbf6e633c622e13345c.jpg\",\"@id\":\"https:\\\/\\\/hidalgo.nl\\\/de\\\/product\\\/140210\\\/doppelwandglaeser-bedrucken-elin-isolierend-borosilikat-270ml\\\/#productImage\",\"width\":1000,\"height\":1000},\"productGroupID\":140210,\"hasVariant\":[{\"@type\":\"Product\",\"@id\":\"https:\\\/\\\/hidalgo.nl\\\/de\\\/product\\\/140210\\\/doppelwandglaeser-bedrucken-elin-isolierend-borosilikat-270ml\\\/#wooCommerceProduct\",\"name\":\"InSideOut Set Elin 2 glazen - transparant\",\"url\":\"https:\\\/\\\/hidalgo.nl\\\/de\\\/product\\\/140210\\\/doppelwandglaeser-bedrucken-elin-isolierend-borosilikat-270ml\\\/\",\"sku\":\"A53-LT57009-N0004\",\"image\":{\"@type\":\"ImageObject\",\"url\":\"https:\\\/\\\/shop.hidalgo.nl\\\/wp-content\\\/uploads\\\/2025\\\/05\\\/846541747bdc39bb95478ca1d5ac86f2d234ccf16ff5105c94e2fdde790353ac.jpg\",\"@id\":\"https:\\\/\\\/hidalgo.nl\\\/de\\\/product\\\/140210\\\/doppelwandglaeser-bedrucken-elin-isolierend-borosilikat-270ml\\\/#productImage\",\"width\":1000,\"height\":1000},\"offers\":{\"@type\":\"Offer\",\"url\":\"https:\\\/\\\/hidalgo.nl\\\/de\\\/product\\\/140210\\\/doppelwandglaeser-bedrucken-elin-isolierend-borosilikat-270ml\\\/#wooCommerceOffer\",\"price\":\"5.955\",\"priceCurrency\":\"EUR\",\"category\":\"Promotionele Artikelen\",\"availability\":\"https:\\\/\\\/schema.org\\\/InStock\",\"priceSpecification\":{\"@type\":\"PriceSpecification\",\"price\":5.955,\"priceCurrency\":\"EUR\",\"valueAddedTaxIncluded\":\"true\"}}}]},{\"@type\":\"WebPage\",\"@id\":\"https:\\\/\\\/hidalgo.nl\\\/de\\\/product\\\/140210\\\/doppelwandglaeser-bedrucken-elin-isolierend-borosilikat-270ml\\\/#webpage\",\"url\":\"https:\\\/\\\/hidalgo.nl\\\/de\\\/product\\\/140210\\\/doppelwandglaeser-bedrucken-elin-isolierend-borosilikat-270ml\\\/\",\"name\":\"Doppelwandgl\\u00e4ser bedrucken Elin isolierend Borosilikat 270ml\",\"description\":\"Elin Doppelwandgl\\u00e4ser aus Borosilikat mit 270 ml halten Kaffee hei\\u00df & Eistee k\\u00fchl und bleiben angenehm in der Hand. Bei Hidalgo kannst du Borosilikatgl\\u00e4ser mit Logo oder Isoliergl\\u00e4ser mit Gravur veredeln - ideal f\\u00fcr 20-40-J\\u00e4hrige, B\\u00fcro, Gastro & Events.\",\"inLanguage\":\"de-DE\",\"isPartOf\":{\"@id\":\"https:\\\/\\\/hidalgo.nl\\\/de\\\/#website\"},\"breadcrumb\":{\"@id\":\"https:\\\/\\\/hidalgo.nl\\\/de\\\/product\\\/140210\\\/doppelwandglaeser-bedrucken-elin-isolierend-borosilikat-270ml\\\/#breadcrumblist\"},\"image\":{\"@type\":\"ImageObject\",\"url\":\"https:\\\/\\\/shop.hidalgo.nl\\\/wp-content\\\/uploads\\\/2025\\\/05\\\/cfc43529b353bddec6c9cc7166d3abb50ca3784d983c0cbf6e633c622e13345c.jpg\",\"@id\":\"https:\\\/\\\/hidalgo.nl\\\/de\\\/product\\\/140210\\\/doppelwandglaeser-bedrucken-elin-isolierend-borosilikat-270ml\\\/#mainImage\",\"width\":1000,\"height\":1000},\"primaryImageOfPage\":{\"@id\":\"https:\\\/\\\/hidalgo.nl\\\/de\\\/product\\\/140210\\\/doppelwandglaeser-bedrucken-elin-isolierend-borosilikat-270ml\\\/#mainImage\"},\"datePublished\":\"2025-07-09T12:01:45+00:00\",\"dateModified\":\"2026-05-02T11:45:11+00:00\"},{\"@type\":\"WebSite\",\"@id\":\"https:\\\/\\\/hidalgo.nl\\\/de\\\/#website\",\"url\":\"https:\\\/\\\/hidalgo.nl\\\/de\\\/\",\"name\":\"Hidalgo\",\"inLanguage\":\"de-DE\",\"publisher\":{\"@id\":\"https:\\\/\\\/hidalgo.nl\\\/de\\\/#organization\"}}]}\n\t\t<\/script>\n\t\t<!-- All in One SEO Pro -->\r\n\t\t<title>Doppelwandgl\u00e4ser bedrucken Elin isolierend Borosilikat 270ml<\/title>\n\n","aioseo_head_json":{"title":"Doppelwandgl\u00e4ser bedrucken Elin isolierend Borosilikat 270ml","description":"Elin Doppelwandgl\u00e4ser aus Borosilikat mit 270 ml halten Kaffee hei\u00df & Eistee k\u00fchl und bleiben angenehm in der Hand. Bei Hidalgo kannst du Borosilikatgl\u00e4ser mit Logo oder Isoliergl\u00e4ser mit Gravur veredeln - ideal f\u00fcr 20-40-J\u00e4hrige, B\u00fcro, Gastro & Events.","canonical_url":"https:\/\/hidalgo.nl\/de\/wp-json\/wp\/v2\/product\/140210","robots":"max-image-preview:large","keywords":"","webmasterTools":{"miscellaneous":""},"schema":{"@context":"https:\/\/schema.org","@graph":[{"@type":"BreadcrumbList","@id":"https:\/\/hidalgo.nl\/de\/product\/140210\/doppelwandglaeser-bedrucken-elin-isolierend-borosilikat-270ml\/#breadcrumblist","itemListElement":[{"@type":"ListItem","@id":"https:\/\/hidalgo.nl\/de\/#listItem","position":1,"name":"Home","item":"https:\/\/hidalgo.nl\/de\/","nextItem":{"@type":"ListItem","@id":"https:\/\/hidalgo.nl\/example\/#listItem","name":"example"}},{"@type":"ListItem","@id":"https:\/\/hidalgo.nl\/example\/#listItem","position":2,"name":"example","item":"https:\/\/hidalgo.nl\/example\/","nextItem":{"@type":"ListItem","@id":"https:\/\/hidalgo.nl\/en\/product-supplier\/a53\/#listItem","name":"A53"},"previousItem":{"@type":"ListItem","@id":"https:\/\/hidalgo.nl\/de\/#listItem","name":"Home"}},{"@type":"ListItem","@id":"https:\/\/hidalgo.nl\/en\/product-supplier\/a53\/#listItem","position":3,"name":"A53","item":"https:\/\/hidalgo.nl\/en\/product-supplier\/a53\/","nextItem":{"@type":"ListItem","@id":"https:\/\/hidalgo.nl\/de\/product\/140210\/doppelwandglaeser-bedrucken-elin-isolierend-borosilikat-270ml\/#listItem","name":"InSideOut Set Elin 2 glazen"},"previousItem":{"@type":"ListItem","@id":"https:\/\/hidalgo.nl\/example\/#listItem","name":"example"}},{"@type":"ListItem","@id":"https:\/\/hidalgo.nl\/de\/product\/140210\/doppelwandglaeser-bedrucken-elin-isolierend-borosilikat-270ml\/#listItem","position":4,"name":"InSideOut Set Elin 2 glazen","previousItem":{"@type":"ListItem","@id":"https:\/\/hidalgo.nl\/en\/product-supplier\/a53\/#listItem","name":"A53"}}]},{"@type":"Organization","@id":"https:\/\/hidalgo.nl\/de\/#organization","name":"Hidalgo","url":"https:\/\/hidalgo.nl\/de\/","logo":{"@type":"ImageObject","url":"https:\/\/shop.hidalgo.nl\/wp-content\/uploads\/2025\/11\/cropped-Hidalgo-est1993.png","@id":"https:\/\/hidalgo.nl\/de\/product\/140210\/doppelwandglaeser-bedrucken-elin-isolierend-borosilikat-270ml\/#organizationLogo","width":585,"height":195},"image":{"@id":"https:\/\/hidalgo.nl\/de\/product\/140210\/doppelwandglaeser-bedrucken-elin-isolierend-borosilikat-270ml\/#organizationLogo"}},{"@type":"ProductGroup","@id":"https:\/\/hidalgo.nl\/de\/product\/140210\/doppelwandglaeser-bedrucken-elin-isolierend-borosilikat-270ml\/#wooCommerceProduct","name":"Doppelwandgl\u00e4ser bedrucken Elin isolierend Borosilikat 270ml","url":"https:\/\/hidalgo.nl\/de\/product\/140210\/doppelwandglaeser-bedrucken-elin-isolierend-borosilikat-270ml\/","sku":"A53-LT57009","image":{"@type":"ImageObject","url":"https:\/\/shop.hidalgo.nl\/wp-content\/uploads\/2025\/05\/cfc43529b353bddec6c9cc7166d3abb50ca3784d983c0cbf6e633c622e13345c.jpg","@id":"https:\/\/hidalgo.nl\/de\/product\/140210\/doppelwandglaeser-bedrucken-elin-isolierend-borosilikat-270ml\/#productImage","width":1000,"height":1000},"productGroupID":140210,"hasVariant":[{"@type":"Product","@id":"https:\/\/hidalgo.nl\/de\/product\/140210\/doppelwandglaeser-bedrucken-elin-isolierend-borosilikat-270ml\/#wooCommerceProduct","name":"InSideOut Set Elin 2 glazen - transparant","url":"https:\/\/hidalgo.nl\/de\/product\/140210\/doppelwandglaeser-bedrucken-elin-isolierend-borosilikat-270ml\/","sku":"A53-LT57009-N0004","image":{"@type":"ImageObject","url":"https:\/\/shop.hidalgo.nl\/wp-content\/uploads\/2025\/05\/846541747bdc39bb95478ca1d5ac86f2d234ccf16ff5105c94e2fdde790353ac.jpg","@id":"https:\/\/hidalgo.nl\/de\/product\/140210\/doppelwandglaeser-bedrucken-elin-isolierend-borosilikat-270ml\/#productImage","width":1000,"height":1000},"offers":{"@type":"Offer","url":"https:\/\/hidalgo.nl\/de\/product\/140210\/doppelwandglaeser-bedrucken-elin-isolierend-borosilikat-270ml\/#wooCommerceOffer","price":"5.955","priceCurrency":"EUR","category":"Promotionele Artikelen","availability":"https:\/\/schema.org\/InStock","priceSpecification":{"@type":"PriceSpecification","price":5.955,"priceCurrency":"EUR","valueAddedTaxIncluded":"true"}}}]},{"@type":"WebPage","@id":"https:\/\/hidalgo.nl\/de\/product\/140210\/doppelwandglaeser-bedrucken-elin-isolierend-borosilikat-270ml\/#webpage","url":"https:\/\/hidalgo.nl\/de\/product\/140210\/doppelwandglaeser-bedrucken-elin-isolierend-borosilikat-270ml\/","name":"Doppelwandgl\u00e4ser bedrucken Elin isolierend Borosilikat 270ml","description":"Elin Doppelwandgl\u00e4ser aus Borosilikat mit 270 ml halten Kaffee hei\u00df & Eistee k\u00fchl und bleiben angenehm in der Hand. Bei Hidalgo kannst du Borosilikatgl\u00e4ser mit Logo oder Isoliergl\u00e4ser mit Gravur veredeln - ideal f\u00fcr 20-40-J\u00e4hrige, B\u00fcro, Gastro & Events.","inLanguage":"de-DE","isPartOf":{"@id":"https:\/\/hidalgo.nl\/de\/#website"},"breadcrumb":{"@id":"https:\/\/hidalgo.nl\/de\/product\/140210\/doppelwandglaeser-bedrucken-elin-isolierend-borosilikat-270ml\/#breadcrumblist"},"image":{"@type":"ImageObject","url":"https:\/\/shop.hidalgo.nl\/wp-content\/uploads\/2025\/05\/cfc43529b353bddec6c9cc7166d3abb50ca3784d983c0cbf6e633c622e13345c.jpg","@id":"https:\/\/hidalgo.nl\/de\/product\/140210\/doppelwandglaeser-bedrucken-elin-isolierend-borosilikat-270ml\/#mainImage","width":1000,"height":1000},"primaryImageOfPage":{"@id":"https:\/\/hidalgo.nl\/de\/product\/140210\/doppelwandglaeser-bedrucken-elin-isolierend-borosilikat-270ml\/#mainImage"},"datePublished":"2025-07-09T12:01:45+00:00","dateModified":"2026-05-02T11:45:11+00:00"},{"@type":"WebSite","@id":"https:\/\/hidalgo.nl\/de\/#website","url":"https:\/\/hidalgo.nl\/de\/","name":"Hidalgo","inLanguage":"de-DE","publisher":{"@id":"https:\/\/hidalgo.nl\/de\/#organization"}}]},"og:locale":"de_DE","og:site_name":"Hidalgo -","og:type":"article","og:title":"Doppelwandgl\u00e4ser bedrucken Elin isolierend Borosilikat 270ml","og:description":"Elin Doppelwandgl\u00e4ser aus Borosilikat mit 270 ml halten Kaffee hei\u00df &amp; Eistee k\u00fchl und bleiben angenehm in der Hand. Bei Hidalgo kannst du Borosilikatgl\u00e4ser mit Logo oder Isoliergl\u00e4ser mit Gravur veredeln - ideal f\u00fcr 20-40-J\u00e4hrige, B\u00fcro, Gastro &amp; Events.","og:url":"https:\/\/hidalgo.nl\/de\/wp-json\/wp\/v2\/product\/140210","og:image":"https:\/\/shop.hidalgo.nl\/wp-content\/uploads\/2025\/11\/cropped-Hidalgo-est1993.png","og:image:secure_url":"https:\/\/shop.hidalgo.nl\/wp-content\/uploads\/2025\/11\/cropped-Hidalgo-est1993.png","article:published_time":"2025-07-09T12:01:45+00:00","article:modified_time":"2026-05-02T11:45:11+00:00","twitter:card":"summary_large_image","twitter:title":"Doppelwandgl\u00e4ser bedrucken Elin isolierend Borosilikat 270ml","twitter:description":"Elin Doppelwandgl\u00e4ser aus Borosilikat mit 270 ml halten Kaffee hei\u00df &amp; Eistee k\u00fchl und bleiben angenehm in der Hand. Bei Hidalgo kannst du Borosilikatgl\u00e4ser mit Logo oder Isoliergl\u00e4ser mit Gravur veredeln - ideal f\u00fcr 20-40-J\u00e4hrige, B\u00fcro, Gastro &amp; Events.","twitter:image":"https:\/\/shop.hidalgo.nl\/wp-content\/uploads\/2025\/11\/cropped-Hidalgo-est1993.png"},"aioseo_meta_data":{"post_id":"140210","title":null,"description":null,"keywords":null,"keyphrases":null,"primary_term":null,"canonical_url":null,"og_title":null,"og_description":null,"og_object_type":"default","og_image_type":"default","og_image_url":null,"og_image_width":null,"og_image_height":null,"og_image_custom_url":null,"og_image_custom_fields":null,"og_video":null,"og_custom_url":null,"og_article_section":null,"og_article_tags":null,"twitter_use_og":false,"twitter_card":"default","twitter_image_type":"default","twitter_image_url":null,"twitter_image_custom_url":null,"twitter_image_custom_fields":null,"twitter_title":null,"twitter_description":null,"schema":{"blockGraphs":[],"customGraphs":[],"default":{"data":{"Article":[],"Course":[],"Dataset":[],"FAQPage":[],"Movie":[],"Person":[],"Product":[],"ProductReview":[],"Car":[],"Recipe":[],"Service":[],"SoftwareApplication":[],"WebPage":[]},"graphName":"","isEnabled":true},"graphs":[]},"schema_type":"default","schema_type_options":null,"pillar_content":false,"robots_default":true,"robots_noindex":false,"robots_noarchive":false,"robots_nosnippet":false,"robots_nofollow":false,"robots_noimageindex":false,"robots_noodp":false,"robots_notranslate":false,"robots_max_snippet":null,"robots_max_videopreview":null,"robots_max_imagepreview":"large","priority":null,"frequency":null,"local_seo":null,"seo_analyzer_scan_date":"2026-02-02 10:08:13","breadcrumb_settings":null,"limit_modified_date":false,"reviewed_by":null,"open_ai":null,"ai":null,"created":"2026-01-14 06:25:39","updated":"2026-05-02 13:26:08"},"aioseo_breadcrumb":"<div class=\"aioseo-breadcrumbs\"><span class=\"aioseo-breadcrumb\">\n\t<a href=\"https:\/\/hidalgo.nl\/de\/\" title=\"Home\">Home<\/a>\n<\/span><span class=\"aioseo-breadcrumb-separator\">\u00bb<\/span><span class=\"aioseo-breadcrumb\">\n\t<a href=\"https:\/\/hidalgo.nl\/example\/\" title=\"example\">example<\/a>\n<\/span><span class=\"aioseo-breadcrumb-separator\">\u00bb<\/span><span class=\"aioseo-breadcrumb\">\n\t<a href=\"https:\/\/hidalgo.nl\/en\/product-supplier\/a53\/\" title=\"A53\">A53<\/a>\n<\/span><span class=\"aioseo-breadcrumb-separator\">\u00bb<\/span><span class=\"aioseo-breadcrumb\">\n\tInSideOut Set Elin 2 glazen\n<\/span><\/div>","aioseo_breadcrumb_json":[{"label":"Home","link":"https:\/\/hidalgo.nl\/de\/"},{"label":"example","link":"https:\/\/hidalgo.nl\/example\/"},{"label":"A53","link":"https:\/\/hidalgo.nl\/en\/product-supplier\/a53\/"},{"label":"InSideOut Set Elin 2 glazen","link":"https:\/\/hidalgo.nl\/de\/product\/140210\/doppelwandglaeser-bedrucken-elin-isolierend-borosilikat-270ml\/"}],"_links":{"self":[{"href":"https:\/\/hidalgo.nl\/de\/wp-json\/wp\/v2\/product\/140210","targetHints":{"allow":["GET"]}}],"collection":[{"href":"https:\/\/hidalgo.nl\/de\/wp-json\/wp\/v2\/product"}],"about":[{"href":"https:\/\/hidalgo.nl\/de\/wp-json\/wp\/v2\/types\/product"}],"wp:featuredmedia":[{"embeddable":true,"href":"https:\/\/hidalgo.nl\/de\/wp-json\/wp\/v2\/media\/140211"}],"wp:attachment":[{"href":"https:\/\/hidalgo.nl\/de\/wp-json\/wp\/v2\/media?parent=140210"}],"wp:term":[{"taxonomy":"product_brand","embeddable":true,"href":"https:\/\/hidalgo.nl\/de\/wp-json\/wp\/v2\/product_brand?post=140210"},{"taxonomy":"product_cat","embeddable":true,"href":"https:\/\/hidalgo.nl\/de\/wp-json\/wp\/v2\/product_cat?post=140210"},{"taxonomy":"product_tag","embeddable":true,"href":"https:\/\/hidalgo.nl\/de\/wp-json\/wp\/v2\/product_tag?post=140210"}],"curies":[{"name":"wp","href":"https:\/\/api.w.org\/{rel}","templated":true}]}}