{"id":140197,"date":"2025-07-09T12:01:23","date_gmt":"2025-07-09T12:01:23","guid":{"rendered":"http:\/\/bidonsenshakers.pim.hidalgo.nl\/product\/insideout-karaf-elin-met-2-glazen\/"},"modified":"2026-05-02T12:29:24","modified_gmt":"2026-05-02T12:29:24","slug":"insideout-karaf-elin-met-2-glazen","status":"publish","type":"product","link":"https:\/\/hidalgo.nl\/de\/product\/140197\/karaffenset-elin-bedrucken-hitzebestaendig-borosilikat-12l\/","title":{"rendered":"InSideOut Karaf Elin met 2 glazen"},"content":{"rendered":"<p>De InSideOut karafset Elin bestaat uit 2 glazen en een karaf met handvat. De set is gemaakt van Boriumsilicaat, een hittebestendig en zeer sterk glas. De uitvoering is eenvoudig maar stijlvol, zonder tierelantijntjes of extra randjes en daarom  perfect te combineren met ander tafelgerei of servies.  De kan heeft een inhoud van 1.2L en de glazen iester 270 ml en zijn magnetron veilig. Zowel de kan als de glazen kunnen worden voorzien van een gravering .<\/p>\n","protected":false},"excerpt":{"rendered":"<p>De InSideOut karafset Elin bestaat uit 2 glazen en een karaf met handvat. De set is gemaakt van Boriumsilicaat, een hittebestendig en zeer sterk glas. De uitvoering is eenvoudig maar stijlvol, zonder tierelantijntjes of extra randjes en daarom perfect te combineren met ander tafelgerei of servies. De kan heeft een inhoud van 1.2L en de&hellip; <a class=\"more-link\" href=\"https:\/\/hidalgo.nl\/de\/product\/140197\/karaffenset-elin-bedrucken-hitzebestaendig-borosilikat-12l\/\"><span class=\"screen-reader-text\">InSideOut Karaf Elin met 2 glazen<\/span> weiterlesen<\/a><\/p>\n","protected":false},"featured_media":140198,"template":"","meta":{"_acf_changed":false,"om_disable_all_campaigns":false,"_monsterinsights_skip_tracking":false,"_monsterinsights_sitenote_active":false,"_monsterinsights_sitenote_note":"","_monsterinsights_sitenote_category":0},"product_brand":[],"product_cat":[4764,4735,4719,4728],"product_tag":[],"class_list":{"0":"post-140197","1":"product","2":"type-product","3":"status-publish","4":"has-post-thumbnail","6":"product_supplier-a53","7":"product_cat-glazen-en-karaffen","8":"product_cat-keuken","9":"product_cat-promotionele-artikelen","10":"product_cat-promotionele-artikelen-thuis-keuken-en-tuin","11":"entry","13":"first","14":"instock","15":"taxable","16":"shipping-taxable","17":"purchasable","18":"product-type-variable"},"acf":{"imprint_cost":[{"imprint_cost_key":"8cfc2956d509701eb9358db2013f70957caf9501","product_quantity_price_range":[{"imprint_cost_recommended_selling_price":"1.7625","imprint_cost_recommended_selling_quantity":"1"},{"imprint_cost_recommended_selling_price":"1.5","imprint_cost_recommended_selling_quantity":"10"},{"imprint_cost_recommended_selling_price":"1.3425","imprint_cost_recommended_selling_quantity":"25"},{"imprint_cost_recommended_selling_price":"1.1625","imprint_cost_recommended_selling_quantity":"50"},{"imprint_cost_recommended_selling_price":"1.0875","imprint_cost_recommended_selling_quantity":"100"},{"imprint_cost_recommended_selling_price":"1.0425","imprint_cost_recommended_selling_quantity":"250"},{"imprint_cost_recommended_selling_price":"1.005","imprint_cost_recommended_selling_quantity":"500"},{"imprint_cost_recommended_selling_price":"0.96","imprint_cost_recommended_selling_quantity":"1000"},{"imprint_cost_recommended_selling_price":"0.915","imprint_cost_recommended_selling_quantity":"2500"},{"imprint_cost_recommended_selling_price":"0.87","imprint_cost_recommended_selling_quantity":"5000"},{"imprint_cost_recommended_selling_price":"0.8175","imprint_cost_recommended_selling_quantity":"10000"}],"product_quantity_price_range_buying":[{"imprint_cost_general_buying_price":"1.175","imprint_cost_general_buying_quantity":"1"},{"imprint_cost_general_buying_price":"1","imprint_cost_general_buying_quantity":"10"},{"imprint_cost_general_buying_price":"0.895","imprint_cost_general_buying_quantity":"25"},{"imprint_cost_general_buying_price":"0.775","imprint_cost_general_buying_quantity":"50"},{"imprint_cost_general_buying_price":"0.725","imprint_cost_general_buying_quantity":"100"},{"imprint_cost_general_buying_price":"0.695","imprint_cost_general_buying_quantity":"250"},{"imprint_cost_general_buying_price":"0.67","imprint_cost_general_buying_quantity":"500"},{"imprint_cost_general_buying_price":"0.64","imprint_cost_general_buying_quantity":"1000"},{"imprint_cost_general_buying_price":"0.61","imprint_cost_general_buying_quantity":"2500"},{"imprint_cost_general_buying_price":"0.58","imprint_cost_general_buying_quantity":"5000"},{"imprint_cost_general_buying_price":"0.545","imprint_cost_general_buying_quantity":"10000"}],"imprint_cost_setup_costs":"54","imprint_cost_handling_costs":"0.24"},{"imprint_cost_key":"fe4657b92c008a89e7133e7faee851ca1f416e05","product_quantity_price_range":[{"imprint_cost_recommended_selling_price":"1.7625","imprint_cost_recommended_selling_quantity":"1"},{"imprint_cost_recommended_selling_price":"1.5","imprint_cost_recommended_selling_quantity":"10"},{"imprint_cost_recommended_selling_price":"1.3425","imprint_cost_recommended_selling_quantity":"25"},{"imprint_cost_recommended_selling_price":"1.1625","imprint_cost_recommended_selling_quantity":"50"},{"imprint_cost_recommended_selling_price":"1.0875","imprint_cost_recommended_selling_quantity":"100"},{"imprint_cost_recommended_selling_price":"1.0425","imprint_cost_recommended_selling_quantity":"250"},{"imprint_cost_recommended_selling_price":"1.005","imprint_cost_recommended_selling_quantity":"500"},{"imprint_cost_recommended_selling_price":"0.96","imprint_cost_recommended_selling_quantity":"1000"},{"imprint_cost_recommended_selling_price":"0.915","imprint_cost_recommended_selling_quantity":"2500"},{"imprint_cost_recommended_selling_price":"0.87","imprint_cost_recommended_selling_quantity":"5000"},{"imprint_cost_recommended_selling_price":"0.8175","imprint_cost_recommended_selling_quantity":"10000"}],"product_quantity_price_range_buying":[{"imprint_cost_general_buying_price":"1.175","imprint_cost_general_buying_quantity":"1"},{"imprint_cost_general_buying_price":"1","imprint_cost_general_buying_quantity":"10"},{"imprint_cost_general_buying_price":"0.895","imprint_cost_general_buying_quantity":"25"},{"imprint_cost_general_buying_price":"0.775","imprint_cost_general_buying_quantity":"50"},{"imprint_cost_general_buying_price":"0.725","imprint_cost_general_buying_quantity":"100"},{"imprint_cost_general_buying_price":"0.695","imprint_cost_general_buying_quantity":"250"},{"imprint_cost_general_buying_price":"0.67","imprint_cost_general_buying_quantity":"500"},{"imprint_cost_general_buying_price":"0.64","imprint_cost_general_buying_quantity":"1000"},{"imprint_cost_general_buying_price":"0.61","imprint_cost_general_buying_quantity":"2500"},{"imprint_cost_general_buying_price":"0.58","imprint_cost_general_buying_quantity":"5000"},{"imprint_cost_general_buying_price":"0.545","imprint_cost_general_buying_quantity":"10000"}],"imprint_cost_setup_costs":"54","imprint_cost_handling_costs":"0.24"}]},"aioseo_notices":[],"aioseo_head":"\n\t\t<!-- All in One SEO Pro 4.9.6.2 - aioseo.com -->\n\t<meta name=\"description\" content=\"Setze dein Branding sichtbar in Szene: Hidalgo veredelt die InSideOut Elin Glaskaraffe mit Logo oder Gravur, auf Wunsch auch die zwei Gl\u00e4ser. Das hitzebest\u00e4ndige Borosilikatglas fasst 1,2 Liter und eignet sich f\u00fcr Tee &amp; Wasser; ideal f\u00fcr Office, Events und als Karaffen Set Werbeartikel.\" \/>\n\t<meta name=\"robots\" content=\"max-image-preview:large\" \/>\n\t<link rel=\"canonical\" href=\"https:\/\/hidalgo.nl\/de\/wp-json\/wp\/v2\/product\/140197\" \/>\n\t<meta name=\"generator\" content=\"All in One SEO Pro (AIOSEO) 4.9.6.2\" \/>\n\t\t<meta property=\"og:locale\" content=\"de_DE\" \/>\n\t\t<meta property=\"og:site_name\" content=\"Hidalgo -\" \/>\n\t\t<meta property=\"og:type\" content=\"article\" \/>\n\t\t<meta property=\"og:title\" content=\"Karaffenset Elin bedrucken Hitzebest\u00e4ndig Borosilikat 1,2L\" \/>\n\t\t<meta property=\"og:description\" content=\"Setze dein Branding sichtbar in Szene: Hidalgo veredelt die InSideOut Elin Glaskaraffe mit Logo oder Gravur, auf Wunsch auch die zwei Gl\u00e4ser. Das hitzebest\u00e4ndige Borosilikatglas fasst 1,2 Liter und eignet sich f\u00fcr Tee &amp; Wasser; ideal f\u00fcr Office, Events und als Karaffen Set Werbeartikel.\" \/>\n\t\t<meta property=\"og:url\" content=\"https:\/\/hidalgo.nl\/de\/wp-json\/wp\/v2\/product\/140197\" \/>\n\t\t<meta property=\"og:image\" content=\"https:\/\/shop.hidalgo.nl\/wp-content\/uploads\/2025\/11\/cropped-Hidalgo-est1993.png\" \/>\n\t\t<meta property=\"og:image:secure_url\" content=\"https:\/\/shop.hidalgo.nl\/wp-content\/uploads\/2025\/11\/cropped-Hidalgo-est1993.png\" \/>\n\t\t<meta property=\"article:published_time\" content=\"2025-07-09T12:01:23+00:00\" \/>\n\t\t<meta property=\"article:modified_time\" content=\"2026-05-02T12:29:24+00:00\" \/>\n\t\t<meta name=\"twitter:card\" content=\"summary_large_image\" \/>\n\t\t<meta name=\"twitter:title\" content=\"Karaffenset Elin bedrucken Hitzebest\u00e4ndig Borosilikat 1,2L\" \/>\n\t\t<meta name=\"twitter:description\" content=\"Setze dein Branding sichtbar in Szene: Hidalgo veredelt die InSideOut Elin Glaskaraffe mit Logo oder Gravur, auf Wunsch auch die zwei Gl\u00e4ser. Das hitzebest\u00e4ndige Borosilikatglas fasst 1,2 Liter und eignet sich f\u00fcr Tee &amp; Wasser; ideal f\u00fcr Office, Events und als Karaffen Set Werbeartikel.\" \/>\n\t\t<meta name=\"twitter:image\" content=\"https:\/\/shop.hidalgo.nl\/wp-content\/uploads\/2025\/11\/cropped-Hidalgo-est1993.png\" \/>\n\t\t<script type=\"application\/ld+json\" class=\"aioseo-schema\">\n\t\t\t{\"@context\":\"https:\\\/\\\/schema.org\",\"@graph\":[{\"@type\":\"BreadcrumbList\",\"@id\":\"https:\\\/\\\/hidalgo.nl\\\/de\\\/product\\\/140197\\\/karaffenset-elin-bedrucken-hitzebestaendig-borosilikat-12l\\\/#breadcrumblist\",\"itemListElement\":[{\"@type\":\"ListItem\",\"@id\":\"https:\\\/\\\/hidalgo.nl\\\/de\\\/#listItem\",\"position\":1,\"name\":\"Home\",\"item\":\"https:\\\/\\\/hidalgo.nl\\\/de\\\/\",\"nextItem\":{\"@type\":\"ListItem\",\"@id\":\"https:\\\/\\\/hidalgo.nl\\\/example\\\/#listItem\",\"name\":\"example\"}},{\"@type\":\"ListItem\",\"@id\":\"https:\\\/\\\/hidalgo.nl\\\/example\\\/#listItem\",\"position\":2,\"name\":\"example\",\"item\":\"https:\\\/\\\/hidalgo.nl\\\/example\\\/\",\"nextItem\":{\"@type\":\"ListItem\",\"@id\":\"https:\\\/\\\/hidalgo.nl\\\/en\\\/product-supplier\\\/a53\\\/#listItem\",\"name\":\"A53\"},\"previousItem\":{\"@type\":\"ListItem\",\"@id\":\"https:\\\/\\\/hidalgo.nl\\\/de\\\/#listItem\",\"name\":\"Home\"}},{\"@type\":\"ListItem\",\"@id\":\"https:\\\/\\\/hidalgo.nl\\\/en\\\/product-supplier\\\/a53\\\/#listItem\",\"position\":3,\"name\":\"A53\",\"item\":\"https:\\\/\\\/hidalgo.nl\\\/en\\\/product-supplier\\\/a53\\\/\",\"nextItem\":{\"@type\":\"ListItem\",\"@id\":\"https:\\\/\\\/hidalgo.nl\\\/de\\\/product\\\/140197\\\/karaffenset-elin-bedrucken-hitzebestaendig-borosilikat-12l\\\/#listItem\",\"name\":\"InSideOut Karaf Elin met 2 glazen\"},\"previousItem\":{\"@type\":\"ListItem\",\"@id\":\"https:\\\/\\\/hidalgo.nl\\\/example\\\/#listItem\",\"name\":\"example\"}},{\"@type\":\"ListItem\",\"@id\":\"https:\\\/\\\/hidalgo.nl\\\/de\\\/product\\\/140197\\\/karaffenset-elin-bedrucken-hitzebestaendig-borosilikat-12l\\\/#listItem\",\"position\":4,\"name\":\"InSideOut Karaf Elin met 2 glazen\",\"previousItem\":{\"@type\":\"ListItem\",\"@id\":\"https:\\\/\\\/hidalgo.nl\\\/en\\\/product-supplier\\\/a53\\\/#listItem\",\"name\":\"A53\"}}]},{\"@type\":\"Organization\",\"@id\":\"https:\\\/\\\/hidalgo.nl\\\/de\\\/#organization\",\"name\":\"Hidalgo\",\"url\":\"https:\\\/\\\/hidalgo.nl\\\/de\\\/\",\"logo\":{\"@type\":\"ImageObject\",\"url\":\"https:\\\/\\\/shop.hidalgo.nl\\\/wp-content\\\/uploads\\\/2025\\\/11\\\/cropped-Hidalgo-est1993.png\",\"@id\":\"https:\\\/\\\/hidalgo.nl\\\/de\\\/product\\\/140197\\\/karaffenset-elin-bedrucken-hitzebestaendig-borosilikat-12l\\\/#organizationLogo\",\"width\":585,\"height\":195},\"image\":{\"@id\":\"https:\\\/\\\/hidalgo.nl\\\/de\\\/product\\\/140197\\\/karaffenset-elin-bedrucken-hitzebestaendig-borosilikat-12l\\\/#organizationLogo\"}},{\"@type\":\"ProductGroup\",\"@id\":\"https:\\\/\\\/hidalgo.nl\\\/de\\\/product\\\/140197\\\/karaffenset-elin-bedrucken-hitzebestaendig-borosilikat-12l\\\/#wooCommerceProduct\",\"name\":\"Karaffenset Elin bedrucken Hitzebest\\u00e4ndig Borosilikat 1,2L\",\"url\":\"https:\\\/\\\/hidalgo.nl\\\/de\\\/product\\\/140197\\\/karaffenset-elin-bedrucken-hitzebestaendig-borosilikat-12l\\\/\",\"sku\":\"A53-LT57008\",\"image\":{\"@type\":\"ImageObject\",\"url\":\"https:\\\/\\\/shop.hidalgo.nl\\\/wp-content\\\/uploads\\\/2025\\\/05\\\/46f10b470c06772e0edeccef7a4c2d0ce4b0a7a4356fcbd834fb2b52ed0c6fc7.jpg\",\"@id\":\"https:\\\/\\\/hidalgo.nl\\\/de\\\/product\\\/140197\\\/karaffenset-elin-bedrucken-hitzebestaendig-borosilikat-12l\\\/#productImage\",\"width\":1000,\"height\":1000},\"productGroupID\":140197,\"hasVariant\":[{\"@type\":\"Product\",\"@id\":\"https:\\\/\\\/hidalgo.nl\\\/de\\\/product\\\/140197\\\/karaffenset-elin-bedrucken-hitzebestaendig-borosilikat-12l\\\/#wooCommerceProduct\",\"name\":\"InSideOut Karaf Elin met 2 glazen - transparant\",\"url\":\"https:\\\/\\\/hidalgo.nl\\\/de\\\/product\\\/140197\\\/karaffenset-elin-bedrucken-hitzebestaendig-borosilikat-12l\\\/\",\"sku\":\"A53-LT57008-N0004\",\"image\":{\"@type\":\"ImageObject\",\"url\":\"https:\\\/\\\/shop.hidalgo.nl\\\/wp-content\\\/uploads\\\/2025\\\/05\\\/8a8e6b7ec00e4e7390ad8ea955e9b9d1f5e7efaf54f8bf3818df463a7239963b.jpg\",\"@id\":\"https:\\\/\\\/hidalgo.nl\\\/de\\\/product\\\/140197\\\/karaffenset-elin-bedrucken-hitzebestaendig-borosilikat-12l\\\/#productImage\",\"width\":1000,\"height\":1000},\"offers\":{\"@type\":\"Offer\",\"url\":\"https:\\\/\\\/hidalgo.nl\\\/de\\\/product\\\/140197\\\/karaffenset-elin-bedrucken-hitzebestaendig-borosilikat-12l\\\/#wooCommerceOffer\",\"price\":\"15.54\",\"priceCurrency\":\"EUR\",\"category\":\"Promotionele Artikelen\",\"availability\":\"https:\\\/\\\/schema.org\\\/InStock\",\"priceSpecification\":{\"@type\":\"PriceSpecification\",\"price\":15.54,\"priceCurrency\":\"EUR\",\"valueAddedTaxIncluded\":\"true\"}}}]},{\"@type\":\"WebPage\",\"@id\":\"https:\\\/\\\/hidalgo.nl\\\/de\\\/product\\\/140197\\\/karaffenset-elin-bedrucken-hitzebestaendig-borosilikat-12l\\\/#webpage\",\"url\":\"https:\\\/\\\/hidalgo.nl\\\/de\\\/product\\\/140197\\\/karaffenset-elin-bedrucken-hitzebestaendig-borosilikat-12l\\\/\",\"name\":\"Karaffenset Elin bedrucken Hitzebest\\u00e4ndig Borosilikat 1,2L\",\"description\":\"Setze dein Branding sichtbar in Szene: Hidalgo veredelt die InSideOut Elin Glaskaraffe mit Logo oder Gravur, auf Wunsch auch die zwei Gl\\u00e4ser. Das hitzebest\\u00e4ndige Borosilikatglas fasst 1,2 Liter und eignet sich f\\u00fcr Tee & Wasser; ideal f\\u00fcr Office, Events und als Karaffen Set Werbeartikel.\",\"inLanguage\":\"de-DE\",\"isPartOf\":{\"@id\":\"https:\\\/\\\/hidalgo.nl\\\/de\\\/#website\"},\"breadcrumb\":{\"@id\":\"https:\\\/\\\/hidalgo.nl\\\/de\\\/product\\\/140197\\\/karaffenset-elin-bedrucken-hitzebestaendig-borosilikat-12l\\\/#breadcrumblist\"},\"image\":{\"@type\":\"ImageObject\",\"url\":\"https:\\\/\\\/shop.hidalgo.nl\\\/wp-content\\\/uploads\\\/2025\\\/05\\\/46f10b470c06772e0edeccef7a4c2d0ce4b0a7a4356fcbd834fb2b52ed0c6fc7.jpg\",\"@id\":\"https:\\\/\\\/hidalgo.nl\\\/de\\\/product\\\/140197\\\/karaffenset-elin-bedrucken-hitzebestaendig-borosilikat-12l\\\/#mainImage\",\"width\":1000,\"height\":1000},\"primaryImageOfPage\":{\"@id\":\"https:\\\/\\\/hidalgo.nl\\\/de\\\/product\\\/140197\\\/karaffenset-elin-bedrucken-hitzebestaendig-borosilikat-12l\\\/#mainImage\"},\"datePublished\":\"2025-07-09T12:01:23+00:00\",\"dateModified\":\"2026-05-02T12:29:24+00:00\"},{\"@type\":\"WebSite\",\"@id\":\"https:\\\/\\\/hidalgo.nl\\\/de\\\/#website\",\"url\":\"https:\\\/\\\/hidalgo.nl\\\/de\\\/\",\"name\":\"Hidalgo\",\"inLanguage\":\"de-DE\",\"publisher\":{\"@id\":\"https:\\\/\\\/hidalgo.nl\\\/de\\\/#organization\"}}]}\n\t\t<\/script>\n\t\t<!-- All in One SEO Pro -->\r\n\t\t<title>Karaffenset Elin bedrucken Hitzebest\u00e4ndig Borosilikat 1,2L<\/title>\n\n","aioseo_head_json":{"title":"Karaffenset Elin bedrucken Hitzebest\u00e4ndig Borosilikat 1,2L","description":"Setze dein Branding sichtbar in Szene: Hidalgo veredelt die InSideOut Elin Glaskaraffe mit Logo oder Gravur, auf Wunsch auch die zwei Gl\u00e4ser. Das hitzebest\u00e4ndige Borosilikatglas fasst 1,2 Liter und eignet sich f\u00fcr Tee & Wasser; ideal f\u00fcr Office, Events und als Karaffen Set Werbeartikel.","canonical_url":"https:\/\/hidalgo.nl\/de\/wp-json\/wp\/v2\/product\/140197","robots":"max-image-preview:large","keywords":"","webmasterTools":{"miscellaneous":""},"schema":{"@context":"https:\/\/schema.org","@graph":[{"@type":"BreadcrumbList","@id":"https:\/\/hidalgo.nl\/de\/product\/140197\/karaffenset-elin-bedrucken-hitzebestaendig-borosilikat-12l\/#breadcrumblist","itemListElement":[{"@type":"ListItem","@id":"https:\/\/hidalgo.nl\/de\/#listItem","position":1,"name":"Home","item":"https:\/\/hidalgo.nl\/de\/","nextItem":{"@type":"ListItem","@id":"https:\/\/hidalgo.nl\/example\/#listItem","name":"example"}},{"@type":"ListItem","@id":"https:\/\/hidalgo.nl\/example\/#listItem","position":2,"name":"example","item":"https:\/\/hidalgo.nl\/example\/","nextItem":{"@type":"ListItem","@id":"https:\/\/hidalgo.nl\/en\/product-supplier\/a53\/#listItem","name":"A53"},"previousItem":{"@type":"ListItem","@id":"https:\/\/hidalgo.nl\/de\/#listItem","name":"Home"}},{"@type":"ListItem","@id":"https:\/\/hidalgo.nl\/en\/product-supplier\/a53\/#listItem","position":3,"name":"A53","item":"https:\/\/hidalgo.nl\/en\/product-supplier\/a53\/","nextItem":{"@type":"ListItem","@id":"https:\/\/hidalgo.nl\/de\/product\/140197\/karaffenset-elin-bedrucken-hitzebestaendig-borosilikat-12l\/#listItem","name":"InSideOut Karaf Elin met 2 glazen"},"previousItem":{"@type":"ListItem","@id":"https:\/\/hidalgo.nl\/example\/#listItem","name":"example"}},{"@type":"ListItem","@id":"https:\/\/hidalgo.nl\/de\/product\/140197\/karaffenset-elin-bedrucken-hitzebestaendig-borosilikat-12l\/#listItem","position":4,"name":"InSideOut Karaf Elin met 2 glazen","previousItem":{"@type":"ListItem","@id":"https:\/\/hidalgo.nl\/en\/product-supplier\/a53\/#listItem","name":"A53"}}]},{"@type":"Organization","@id":"https:\/\/hidalgo.nl\/de\/#organization","name":"Hidalgo","url":"https:\/\/hidalgo.nl\/de\/","logo":{"@type":"ImageObject","url":"https:\/\/shop.hidalgo.nl\/wp-content\/uploads\/2025\/11\/cropped-Hidalgo-est1993.png","@id":"https:\/\/hidalgo.nl\/de\/product\/140197\/karaffenset-elin-bedrucken-hitzebestaendig-borosilikat-12l\/#organizationLogo","width":585,"height":195},"image":{"@id":"https:\/\/hidalgo.nl\/de\/product\/140197\/karaffenset-elin-bedrucken-hitzebestaendig-borosilikat-12l\/#organizationLogo"}},{"@type":"ProductGroup","@id":"https:\/\/hidalgo.nl\/de\/product\/140197\/karaffenset-elin-bedrucken-hitzebestaendig-borosilikat-12l\/#wooCommerceProduct","name":"Karaffenset Elin bedrucken Hitzebest\u00e4ndig Borosilikat 1,2L","url":"https:\/\/hidalgo.nl\/de\/product\/140197\/karaffenset-elin-bedrucken-hitzebestaendig-borosilikat-12l\/","sku":"A53-LT57008","image":{"@type":"ImageObject","url":"https:\/\/shop.hidalgo.nl\/wp-content\/uploads\/2025\/05\/46f10b470c06772e0edeccef7a4c2d0ce4b0a7a4356fcbd834fb2b52ed0c6fc7.jpg","@id":"https:\/\/hidalgo.nl\/de\/product\/140197\/karaffenset-elin-bedrucken-hitzebestaendig-borosilikat-12l\/#productImage","width":1000,"height":1000},"productGroupID":140197,"hasVariant":[{"@type":"Product","@id":"https:\/\/hidalgo.nl\/de\/product\/140197\/karaffenset-elin-bedrucken-hitzebestaendig-borosilikat-12l\/#wooCommerceProduct","name":"InSideOut Karaf Elin met 2 glazen - transparant","url":"https:\/\/hidalgo.nl\/de\/product\/140197\/karaffenset-elin-bedrucken-hitzebestaendig-borosilikat-12l\/","sku":"A53-LT57008-N0004","image":{"@type":"ImageObject","url":"https:\/\/shop.hidalgo.nl\/wp-content\/uploads\/2025\/05\/8a8e6b7ec00e4e7390ad8ea955e9b9d1f5e7efaf54f8bf3818df463a7239963b.jpg","@id":"https:\/\/hidalgo.nl\/de\/product\/140197\/karaffenset-elin-bedrucken-hitzebestaendig-borosilikat-12l\/#productImage","width":1000,"height":1000},"offers":{"@type":"Offer","url":"https:\/\/hidalgo.nl\/de\/product\/140197\/karaffenset-elin-bedrucken-hitzebestaendig-borosilikat-12l\/#wooCommerceOffer","price":"15.54","priceCurrency":"EUR","category":"Promotionele Artikelen","availability":"https:\/\/schema.org\/InStock","priceSpecification":{"@type":"PriceSpecification","price":15.54,"priceCurrency":"EUR","valueAddedTaxIncluded":"true"}}}]},{"@type":"WebPage","@id":"https:\/\/hidalgo.nl\/de\/product\/140197\/karaffenset-elin-bedrucken-hitzebestaendig-borosilikat-12l\/#webpage","url":"https:\/\/hidalgo.nl\/de\/product\/140197\/karaffenset-elin-bedrucken-hitzebestaendig-borosilikat-12l\/","name":"Karaffenset Elin bedrucken Hitzebest\u00e4ndig Borosilikat 1,2L","description":"Setze dein Branding sichtbar in Szene: Hidalgo veredelt die InSideOut Elin Glaskaraffe mit Logo oder Gravur, auf Wunsch auch die zwei Gl\u00e4ser. Das hitzebest\u00e4ndige Borosilikatglas fasst 1,2 Liter und eignet sich f\u00fcr Tee & Wasser; ideal f\u00fcr Office, Events und als Karaffen Set Werbeartikel.","inLanguage":"de-DE","isPartOf":{"@id":"https:\/\/hidalgo.nl\/de\/#website"},"breadcrumb":{"@id":"https:\/\/hidalgo.nl\/de\/product\/140197\/karaffenset-elin-bedrucken-hitzebestaendig-borosilikat-12l\/#breadcrumblist"},"image":{"@type":"ImageObject","url":"https:\/\/shop.hidalgo.nl\/wp-content\/uploads\/2025\/05\/46f10b470c06772e0edeccef7a4c2d0ce4b0a7a4356fcbd834fb2b52ed0c6fc7.jpg","@id":"https:\/\/hidalgo.nl\/de\/product\/140197\/karaffenset-elin-bedrucken-hitzebestaendig-borosilikat-12l\/#mainImage","width":1000,"height":1000},"primaryImageOfPage":{"@id":"https:\/\/hidalgo.nl\/de\/product\/140197\/karaffenset-elin-bedrucken-hitzebestaendig-borosilikat-12l\/#mainImage"},"datePublished":"2025-07-09T12:01:23+00:00","dateModified":"2026-05-02T12:29:24+00:00"},{"@type":"WebSite","@id":"https:\/\/hidalgo.nl\/de\/#website","url":"https:\/\/hidalgo.nl\/de\/","name":"Hidalgo","inLanguage":"de-DE","publisher":{"@id":"https:\/\/hidalgo.nl\/de\/#organization"}}]},"og:locale":"de_DE","og:site_name":"Hidalgo -","og:type":"article","og:title":"Karaffenset Elin bedrucken Hitzebest\u00e4ndig Borosilikat 1,2L","og:description":"Setze dein Branding sichtbar in Szene: Hidalgo veredelt die InSideOut Elin Glaskaraffe mit Logo oder Gravur, auf Wunsch auch die zwei Gl\u00e4ser. Das hitzebest\u00e4ndige Borosilikatglas fasst 1,2 Liter und eignet sich f\u00fcr Tee &amp; Wasser; ideal f\u00fcr Office, Events und als Karaffen Set Werbeartikel.","og:url":"https:\/\/hidalgo.nl\/de\/wp-json\/wp\/v2\/product\/140197","og:image":"https:\/\/shop.hidalgo.nl\/wp-content\/uploads\/2025\/11\/cropped-Hidalgo-est1993.png","og:image:secure_url":"https:\/\/shop.hidalgo.nl\/wp-content\/uploads\/2025\/11\/cropped-Hidalgo-est1993.png","article:published_time":"2025-07-09T12:01:23+00:00","article:modified_time":"2026-05-02T12:29:24+00:00","twitter:card":"summary_large_image","twitter:title":"Karaffenset Elin bedrucken Hitzebest\u00e4ndig Borosilikat 1,2L","twitter:description":"Setze dein Branding sichtbar in Szene: Hidalgo veredelt die InSideOut Elin Glaskaraffe mit Logo oder Gravur, auf Wunsch auch die zwei Gl\u00e4ser. Das hitzebest\u00e4ndige Borosilikatglas fasst 1,2 Liter und eignet sich f\u00fcr Tee &amp; Wasser; ideal f\u00fcr Office, Events und als Karaffen Set Werbeartikel.","twitter:image":"https:\/\/shop.hidalgo.nl\/wp-content\/uploads\/2025\/11\/cropped-Hidalgo-est1993.png"},"aioseo_meta_data":{"post_id":"140197","title":null,"description":null,"keywords":null,"keyphrases":null,"primary_term":null,"canonical_url":null,"og_title":null,"og_description":null,"og_object_type":"default","og_image_type":"default","og_image_url":null,"og_image_width":null,"og_image_height":null,"og_image_custom_url":null,"og_image_custom_fields":null,"og_video":null,"og_custom_url":null,"og_article_section":null,"og_article_tags":null,"twitter_use_og":false,"twitter_card":"default","twitter_image_type":"default","twitter_image_url":null,"twitter_image_custom_url":null,"twitter_image_custom_fields":null,"twitter_title":null,"twitter_description":null,"schema":{"blockGraphs":[],"customGraphs":[],"default":{"data":{"Article":[],"Course":[],"Dataset":[],"FAQPage":[],"Movie":[],"Person":[],"Product":[],"ProductReview":[],"Car":[],"Recipe":[],"Service":[],"SoftwareApplication":[],"WebPage":[]},"graphName":"","isEnabled":true},"graphs":[]},"schema_type":"default","schema_type_options":null,"pillar_content":false,"robots_default":true,"robots_noindex":false,"robots_noarchive":false,"robots_nosnippet":false,"robots_nofollow":false,"robots_noimageindex":false,"robots_noodp":false,"robots_notranslate":false,"robots_max_snippet":null,"robots_max_videopreview":null,"robots_max_imagepreview":"large","priority":null,"frequency":null,"local_seo":null,"seo_analyzer_scan_date":"2026-02-02 10:08:12","breadcrumb_settings":null,"limit_modified_date":false,"reviewed_by":null,"open_ai":null,"ai":null,"created":"2026-01-14 06:25:39","updated":"2026-05-02 13:26:08"},"aioseo_breadcrumb":"<div class=\"aioseo-breadcrumbs\"><span class=\"aioseo-breadcrumb\">\n\t<a href=\"https:\/\/hidalgo.nl\/de\/\" title=\"Home\">Home<\/a>\n<\/span><span class=\"aioseo-breadcrumb-separator\">\u00bb<\/span><span class=\"aioseo-breadcrumb\">\n\t<a href=\"https:\/\/hidalgo.nl\/example\/\" title=\"example\">example<\/a>\n<\/span><span class=\"aioseo-breadcrumb-separator\">\u00bb<\/span><span class=\"aioseo-breadcrumb\">\n\t<a href=\"https:\/\/hidalgo.nl\/en\/product-supplier\/a53\/\" title=\"A53\">A53<\/a>\n<\/span><span class=\"aioseo-breadcrumb-separator\">\u00bb<\/span><span class=\"aioseo-breadcrumb\">\n\tInSideOut Karaf Elin met 2 glazen\n<\/span><\/div>","aioseo_breadcrumb_json":[{"label":"Home","link":"https:\/\/hidalgo.nl\/de\/"},{"label":"example","link":"https:\/\/hidalgo.nl\/example\/"},{"label":"A53","link":"https:\/\/hidalgo.nl\/en\/product-supplier\/a53\/"},{"label":"InSideOut Karaf Elin met 2 glazen","link":"https:\/\/hidalgo.nl\/de\/product\/140197\/karaffenset-elin-bedrucken-hitzebestaendig-borosilikat-12l\/"}],"_links":{"self":[{"href":"https:\/\/hidalgo.nl\/de\/wp-json\/wp\/v2\/product\/140197","targetHints":{"allow":["GET"]}}],"collection":[{"href":"https:\/\/hidalgo.nl\/de\/wp-json\/wp\/v2\/product"}],"about":[{"href":"https:\/\/hidalgo.nl\/de\/wp-json\/wp\/v2\/types\/product"}],"wp:featuredmedia":[{"embeddable":true,"href":"https:\/\/hidalgo.nl\/de\/wp-json\/wp\/v2\/media\/140198"}],"wp:attachment":[{"href":"https:\/\/hidalgo.nl\/de\/wp-json\/wp\/v2\/media?parent=140197"}],"wp:term":[{"taxonomy":"product_brand","embeddable":true,"href":"https:\/\/hidalgo.nl\/de\/wp-json\/wp\/v2\/product_brand?post=140197"},{"taxonomy":"product_cat","embeddable":true,"href":"https:\/\/hidalgo.nl\/de\/wp-json\/wp\/v2\/product_cat?post=140197"},{"taxonomy":"product_tag","embeddable":true,"href":"https:\/\/hidalgo.nl\/de\/wp-json\/wp\/v2\/product_tag?post=140197"}],"curies":[{"name":"wp","href":"https:\/\/api.w.org\/{rel}","templated":true}]}}