{"id":139865,"date":"2025-07-09T11:52:54","date_gmt":"2025-07-09T11:52:54","guid":{"rendered":"http:\/\/bidonsenshakers.pim.hidalgo.nl\/product\/muse-broodrooster-1000-watt\/"},"modified":"2026-03-01T06:28:52","modified_gmt":"2026-03-01T06:28:52","slug":"muse-broodrooster-1000-watt","status":"publish","type":"product","link":"https:\/\/hidalgo.nl\/de\/product\/muse-broodrooster-1000-watt\/","title":{"rendered":"Muse broodrooster 1000 Watt"},"content":{"rendered":"<p>Met dit prachtig ontworpen broodrooster van Muse zet je heerlijke toast op tafel. Deze broodrooster in retrostijl is geschikt voor twee toasts. De broodrooster is uitgerust met zes toastinstellingen, die worden weergegeven op het analoge display. Het apparaat bevat ook een stopknop, waarmee je het roosteren voor de eindtijd kunt stoppen. Naast roosteren kun je ook brood ontdooien. Bovendien vergemakkelijkt de uittrekbare kruimellade het schoonmaken.<\/p>\n","protected":false},"excerpt":{"rendered":"<p>Met dit prachtig ontworpen broodrooster van Muse zet je heerlijke toast op tafel. Deze broodrooster in retrostijl is geschikt voor twee toasts. De broodrooster is uitgerust met zes toastinstellingen, die worden weergegeven op het analoge display. Het apparaat bevat ook een stopknop, waarmee je het roosteren voor de eindtijd kunt stoppen. Naast roosteren kun je&hellip; <a class=\"more-link\" href=\"https:\/\/hidalgo.nl\/de\/product\/muse-broodrooster-1000-watt\/\"><span class=\"screen-reader-text\">Muse broodrooster 1000 Watt<\/span> weiterlesen<\/a><\/p>\n","protected":false},"featured_media":139866,"template":"","meta":{"_acf_changed":false,"om_disable_all_campaigns":false,"_monsterinsights_skip_tracking":false,"_monsterinsights_sitenote_active":false,"_monsterinsights_sitenote_note":"","_monsterinsights_sitenote_category":0},"product_brand":[6374],"product_cat":[4735,5024,4719,4728],"product_tag":[],"class_list":{"0":"post-139865","1":"product","2":"type-product","3":"status-publish","4":"has-post-thumbnail","6":"product_supplier-a53","7":"product_brand-hidalgo","8":"product_cat-keuken","9":"product_cat-promotionele-artikelen-thuis-keuken-en-tuin-keuken-keuken-accessoires","10":"product_cat-promotionele-artikelen","11":"product_cat-promotionele-artikelen-thuis-keuken-en-tuin","12":"entry","14":"first","15":"instock","16":"taxable","17":"shipping-taxable","18":"purchasable","19":"product-type-variable"},"acf":{"imprint_cost":[{"imprint_cost_key":"3e77f333aaabb962f515a2dc0706940028a6d6fb","product_quantity_price_range":[{"imprint_cost_recommended_selling_price":"1.7625","imprint_cost_recommended_selling_quantity":"1"},{"imprint_cost_recommended_selling_price":"1.5","imprint_cost_recommended_selling_quantity":"10"},{"imprint_cost_recommended_selling_price":"1.3425","imprint_cost_recommended_selling_quantity":"25"},{"imprint_cost_recommended_selling_price":"1.1625","imprint_cost_recommended_selling_quantity":"50"},{"imprint_cost_recommended_selling_price":"1.0875","imprint_cost_recommended_selling_quantity":"100"},{"imprint_cost_recommended_selling_price":"1.0425","imprint_cost_recommended_selling_quantity":"250"},{"imprint_cost_recommended_selling_price":"1.005","imprint_cost_recommended_selling_quantity":"500"},{"imprint_cost_recommended_selling_price":"0.96","imprint_cost_recommended_selling_quantity":"1000"},{"imprint_cost_recommended_selling_price":"0.915","imprint_cost_recommended_selling_quantity":"2500"},{"imprint_cost_recommended_selling_price":"0.87","imprint_cost_recommended_selling_quantity":"5000"},{"imprint_cost_recommended_selling_price":"0.8175","imprint_cost_recommended_selling_quantity":"10000"}],"product_quantity_price_range_buying":[{"imprint_cost_general_buying_price":"1.175","imprint_cost_general_buying_quantity":"1"},{"imprint_cost_general_buying_price":"1","imprint_cost_general_buying_quantity":"10"},{"imprint_cost_general_buying_price":"0.895","imprint_cost_general_buying_quantity":"25"},{"imprint_cost_general_buying_price":"0.775","imprint_cost_general_buying_quantity":"50"},{"imprint_cost_general_buying_price":"0.725","imprint_cost_general_buying_quantity":"100"},{"imprint_cost_general_buying_price":"0.695","imprint_cost_general_buying_quantity":"250"},{"imprint_cost_general_buying_price":"0.67","imprint_cost_general_buying_quantity":"500"},{"imprint_cost_general_buying_price":"0.64","imprint_cost_general_buying_quantity":"1000"},{"imprint_cost_general_buying_price":"0.61","imprint_cost_general_buying_quantity":"2500"},{"imprint_cost_general_buying_price":"0.58","imprint_cost_general_buying_quantity":"5000"},{"imprint_cost_general_buying_price":"0.545","imprint_cost_general_buying_quantity":"10000"}],"imprint_cost_setup_costs":"54","imprint_cost_handling_costs":"0.75"}]},"aioseo_notices":[],"aioseo_head":"\n\t\t<!-- All in One SEO Pro 4.9.5.2 - aioseo.com -->\n\t<meta name=\"description\" content=\"Dieser Vintage Brotr\u00f6ster im Retro-Design \u00fcberzeugt mit 1000 Watt Leistung &amp; integrierter Auftaufunktion f\u00fcr deinen modernen Fr\u00fchst\u00fccks-Moment. Nutze den kompakten Retro Toaster 1000 Watt als stilvolles Werbegeschenk: Lass ihn einfach mit deinem Firmenlogo bedrucken und steigere so die Sichtbarkeit deiner Marke.\" \/>\n\t<meta name=\"robots\" content=\"max-image-preview:large\" \/>\n\t<link rel=\"canonical\" href=\"https:\/\/hidalgo.nl\/de\/wp-json\/wp\/v2\/product\/139865\" \/>\n\t<meta name=\"generator\" content=\"All in One SEO Pro (AIOSEO) 4.9.5.2\" \/>\n\t\t<meta property=\"og:locale\" content=\"de_DE\" \/>\n\t\t<meta property=\"og:site_name\" content=\"Hidalgo -\" \/>\n\t\t<meta property=\"og:type\" content=\"article\" \/>\n\t\t<meta property=\"og:title\" content=\"Muse broodrooster 1000 Watt\" \/>\n\t\t<meta property=\"og:description\" content=\"Dieser Vintage Brotr\u00f6ster im Retro-Design \u00fcberzeugt mit 1000 Watt Leistung &amp; integrierter Auftaufunktion f\u00fcr deinen modernen Fr\u00fchst\u00fccks-Moment. Nutze den kompakten Retro Toaster 1000 Watt als stilvolles Werbegeschenk: Lass ihn einfach mit deinem Firmenlogo bedrucken und steigere so die Sichtbarkeit deiner Marke.\" \/>\n\t\t<meta property=\"og:url\" content=\"https:\/\/hidalgo.nl\/de\/wp-json\/wp\/v2\/product\/139865\" \/>\n\t\t<meta property=\"og:image\" content=\"https:\/\/shop.hidalgo.nl\/wp-content\/uploads\/2025\/11\/cropped-Hidalgo-est1993.png\" \/>\n\t\t<meta property=\"og:image:secure_url\" content=\"https:\/\/shop.hidalgo.nl\/wp-content\/uploads\/2025\/11\/cropped-Hidalgo-est1993.png\" \/>\n\t\t<meta property=\"article:published_time\" content=\"2025-07-09T11:52:54+00:00\" \/>\n\t\t<meta property=\"article:modified_time\" content=\"2026-03-01T06:28:52+00:00\" \/>\n\t\t<meta name=\"twitter:card\" content=\"summary_large_image\" \/>\n\t\t<meta name=\"twitter:title\" content=\"Muse broodrooster 1000 Watt\" \/>\n\t\t<meta name=\"twitter:description\" content=\"Dieser Vintage Brotr\u00f6ster im Retro-Design \u00fcberzeugt mit 1000 Watt Leistung &amp; integrierter Auftaufunktion f\u00fcr deinen modernen Fr\u00fchst\u00fccks-Moment. Nutze den kompakten Retro Toaster 1000 Watt als stilvolles Werbegeschenk: Lass ihn einfach mit deinem Firmenlogo bedrucken und steigere so die Sichtbarkeit deiner Marke.\" \/>\n\t\t<meta name=\"twitter:image\" content=\"https:\/\/shop.hidalgo.nl\/wp-content\/uploads\/2025\/11\/cropped-Hidalgo-est1993.png\" \/>\n\t\t<script type=\"application\/ld+json\" class=\"aioseo-schema\">\n\t\t\t{\"@context\":\"https:\\\/\\\/schema.org\",\"@graph\":[{\"@type\":\"BreadcrumbList\",\"@id\":\"https:\\\/\\\/hidalgo.nl\\\/de\\\/product\\\/muse-broodrooster-1000-watt\\\/#breadcrumblist\",\"itemListElement\":[{\"@type\":\"ListItem\",\"@id\":\"https:\\\/\\\/hidalgo.nl\\\/de\\\/#listItem\",\"position\":1,\"name\":\"Home\",\"item\":\"https:\\\/\\\/hidalgo.nl\\\/de\\\/\",\"nextItem\":{\"@type\":\"ListItem\",\"@id\":\"https:\\\/\\\/hidalgo.nl\\\/example\\\/#listItem\",\"name\":\"example\"}},{\"@type\":\"ListItem\",\"@id\":\"https:\\\/\\\/hidalgo.nl\\\/example\\\/#listItem\",\"position\":2,\"name\":\"example\",\"item\":\"https:\\\/\\\/hidalgo.nl\\\/example\\\/\",\"nextItem\":{\"@type\":\"ListItem\",\"@id\":\"https:\\\/\\\/hidalgo.nl\\\/en\\\/product-supplier\\\/a53\\\/#listItem\",\"name\":\"A53\"},\"previousItem\":{\"@type\":\"ListItem\",\"@id\":\"https:\\\/\\\/hidalgo.nl\\\/de\\\/#listItem\",\"name\":\"Home\"}},{\"@type\":\"ListItem\",\"@id\":\"https:\\\/\\\/hidalgo.nl\\\/en\\\/product-supplier\\\/a53\\\/#listItem\",\"position\":3,\"name\":\"A53\",\"item\":\"https:\\\/\\\/hidalgo.nl\\\/en\\\/product-supplier\\\/a53\\\/\",\"nextItem\":{\"@type\":\"ListItem\",\"@id\":\"https:\\\/\\\/hidalgo.nl\\\/de\\\/product\\\/muse-broodrooster-1000-watt\\\/#listItem\",\"name\":\"Muse broodrooster 1000 Watt\"},\"previousItem\":{\"@type\":\"ListItem\",\"@id\":\"https:\\\/\\\/hidalgo.nl\\\/example\\\/#listItem\",\"name\":\"example\"}},{\"@type\":\"ListItem\",\"@id\":\"https:\\\/\\\/hidalgo.nl\\\/de\\\/product\\\/muse-broodrooster-1000-watt\\\/#listItem\",\"position\":4,\"name\":\"Muse broodrooster 1000 Watt\",\"previousItem\":{\"@type\":\"ListItem\",\"@id\":\"https:\\\/\\\/hidalgo.nl\\\/en\\\/product-supplier\\\/a53\\\/#listItem\",\"name\":\"A53\"}}]},{\"@type\":\"ItemPage\",\"@id\":\"https:\\\/\\\/hidalgo.nl\\\/de\\\/product\\\/muse-broodrooster-1000-watt\\\/#itempage\",\"url\":\"https:\\\/\\\/hidalgo.nl\\\/de\\\/product\\\/muse-broodrooster-1000-watt\\\/\",\"name\":\"Muse broodrooster 1000 Watt\",\"description\":\"Dieser Vintage Brotr\\u00f6ster im Retro-Design \\u00fcberzeugt mit 1000 Watt Leistung & integrierter Auftaufunktion f\\u00fcr deinen modernen Fr\\u00fchst\\u00fccks-Moment. Nutze den kompakten Retro Toaster 1000 Watt als stilvolles Werbegeschenk: Lass ihn einfach mit deinem Firmenlogo bedrucken und steigere so die Sichtbarkeit deiner Marke.\",\"inLanguage\":\"de-DE\",\"isPartOf\":{\"@id\":\"https:\\\/\\\/hidalgo.nl\\\/de\\\/#website\"},\"breadcrumb\":{\"@id\":\"https:\\\/\\\/hidalgo.nl\\\/de\\\/product\\\/muse-broodrooster-1000-watt\\\/#breadcrumblist\"},\"image\":{\"@type\":\"ImageObject\",\"url\":\"https:\\\/\\\/shop.hidalgo.nl\\\/wp-content\\\/uploads\\\/2025\\\/05\\\/656c2a575a2fb7a17c475b99ca347017c45bda1f851d14862a1148e6563266e1.jpg\",\"@id\":\"https:\\\/\\\/hidalgo.nl\\\/de\\\/product\\\/muse-broodrooster-1000-watt\\\/#mainImage\",\"width\":1000,\"height\":1000},\"primaryImageOfPage\":{\"@id\":\"https:\\\/\\\/hidalgo.nl\\\/de\\\/product\\\/muse-broodrooster-1000-watt\\\/#mainImage\"},\"datePublished\":\"2025-07-09T11:52:54+00:00\",\"dateModified\":\"2026-03-01T06:28:52+00:00\"},{\"@type\":\"Organization\",\"@id\":\"https:\\\/\\\/hidalgo.nl\\\/de\\\/#organization\",\"name\":\"Hidalgo\",\"url\":\"https:\\\/\\\/hidalgo.nl\\\/de\\\/\",\"logo\":{\"@type\":\"ImageObject\",\"url\":\"https:\\\/\\\/shop.hidalgo.nl\\\/wp-content\\\/uploads\\\/2025\\\/11\\\/cropped-Hidalgo-est1993.png\",\"@id\":\"https:\\\/\\\/hidalgo.nl\\\/de\\\/product\\\/muse-broodrooster-1000-watt\\\/#organizationLogo\",\"width\":585,\"height\":195},\"image\":{\"@id\":\"https:\\\/\\\/hidalgo.nl\\\/de\\\/product\\\/muse-broodrooster-1000-watt\\\/#organizationLogo\"}},{\"@type\":\"WebPage\",\"@id\":\"https:\\\/\\\/hidalgo.nl\\\/de\\\/product\\\/muse-broodrooster-1000-watt\\\/#webpage\",\"url\":\"https:\\\/\\\/hidalgo.nl\\\/de\\\/product\\\/muse-broodrooster-1000-watt\\\/\",\"name\":\"Muse broodrooster 1000 Watt\",\"description\":\"Dieser Vintage Brotr\\u00f6ster im Retro-Design \\u00fcberzeugt mit 1000 Watt Leistung & integrierter Auftaufunktion f\\u00fcr deinen modernen Fr\\u00fchst\\u00fccks-Moment. Nutze den kompakten Retro Toaster 1000 Watt als stilvolles Werbegeschenk: Lass ihn einfach mit deinem Firmenlogo bedrucken und steigere so die Sichtbarkeit deiner Marke.\",\"inLanguage\":\"de-DE\",\"isPartOf\":{\"@id\":\"https:\\\/\\\/hidalgo.nl\\\/de\\\/#website\"},\"breadcrumb\":{\"@id\":\"https:\\\/\\\/hidalgo.nl\\\/de\\\/product\\\/muse-broodrooster-1000-watt\\\/#breadcrumblist\"},\"image\":{\"@type\":\"ImageObject\",\"url\":\"https:\\\/\\\/shop.hidalgo.nl\\\/wp-content\\\/uploads\\\/2025\\\/05\\\/656c2a575a2fb7a17c475b99ca347017c45bda1f851d14862a1148e6563266e1.jpg\",\"@id\":\"https:\\\/\\\/hidalgo.nl\\\/de\\\/product\\\/muse-broodrooster-1000-watt\\\/#mainImage\",\"width\":1000,\"height\":1000},\"primaryImageOfPage\":{\"@id\":\"https:\\\/\\\/hidalgo.nl\\\/de\\\/product\\\/muse-broodrooster-1000-watt\\\/#mainImage\"},\"datePublished\":\"2025-07-09T11:52:54+00:00\",\"dateModified\":\"2026-03-01T06:28:52+00:00\"},{\"@type\":\"WebSite\",\"@id\":\"https:\\\/\\\/hidalgo.nl\\\/de\\\/#website\",\"url\":\"https:\\\/\\\/hidalgo.nl\\\/de\\\/\",\"name\":\"Hidalgo\",\"inLanguage\":\"de-DE\",\"publisher\":{\"@id\":\"https:\\\/\\\/hidalgo.nl\\\/de\\\/#organization\"}}]}\n\t\t<\/script>\n\t\t<!-- All in One SEO Pro -->\r\n\t\t<title>Muse broodrooster 1000 Watt<\/title>\n\n","aioseo_head_json":{"title":"Muse broodrooster 1000 Watt","description":"Dieser Vintage Brotr\u00f6ster im Retro-Design \u00fcberzeugt mit 1000 Watt Leistung & integrierter Auftaufunktion f\u00fcr deinen modernen Fr\u00fchst\u00fccks-Moment. Nutze den kompakten Retro Toaster 1000 Watt als stilvolles Werbegeschenk: Lass ihn einfach mit deinem Firmenlogo bedrucken und steigere so die Sichtbarkeit deiner Marke.","canonical_url":"https:\/\/hidalgo.nl\/de\/wp-json\/wp\/v2\/product\/139865","robots":"max-image-preview:large","keywords":"","webmasterTools":{"miscellaneous":""},"schema":{"@context":"https:\/\/schema.org","@graph":[{"@type":"BreadcrumbList","@id":"https:\/\/hidalgo.nl\/de\/product\/muse-broodrooster-1000-watt\/#breadcrumblist","itemListElement":[{"@type":"ListItem","@id":"https:\/\/hidalgo.nl\/de\/#listItem","position":1,"name":"Home","item":"https:\/\/hidalgo.nl\/de\/","nextItem":{"@type":"ListItem","@id":"https:\/\/hidalgo.nl\/example\/#listItem","name":"example"}},{"@type":"ListItem","@id":"https:\/\/hidalgo.nl\/example\/#listItem","position":2,"name":"example","item":"https:\/\/hidalgo.nl\/example\/","nextItem":{"@type":"ListItem","@id":"https:\/\/hidalgo.nl\/en\/product-supplier\/a53\/#listItem","name":"A53"},"previousItem":{"@type":"ListItem","@id":"https:\/\/hidalgo.nl\/de\/#listItem","name":"Home"}},{"@type":"ListItem","@id":"https:\/\/hidalgo.nl\/en\/product-supplier\/a53\/#listItem","position":3,"name":"A53","item":"https:\/\/hidalgo.nl\/en\/product-supplier\/a53\/","nextItem":{"@type":"ListItem","@id":"https:\/\/hidalgo.nl\/de\/product\/muse-broodrooster-1000-watt\/#listItem","name":"Muse broodrooster 1000 Watt"},"previousItem":{"@type":"ListItem","@id":"https:\/\/hidalgo.nl\/example\/#listItem","name":"example"}},{"@type":"ListItem","@id":"https:\/\/hidalgo.nl\/de\/product\/muse-broodrooster-1000-watt\/#listItem","position":4,"name":"Muse broodrooster 1000 Watt","previousItem":{"@type":"ListItem","@id":"https:\/\/hidalgo.nl\/en\/product-supplier\/a53\/#listItem","name":"A53"}}]},{"@type":"ItemPage","@id":"https:\/\/hidalgo.nl\/de\/product\/muse-broodrooster-1000-watt\/#itempage","url":"https:\/\/hidalgo.nl\/de\/product\/muse-broodrooster-1000-watt\/","name":"Muse broodrooster 1000 Watt","description":"Dieser Vintage Brotr\u00f6ster im Retro-Design \u00fcberzeugt mit 1000 Watt Leistung & integrierter Auftaufunktion f\u00fcr deinen modernen Fr\u00fchst\u00fccks-Moment. Nutze den kompakten Retro Toaster 1000 Watt als stilvolles Werbegeschenk: Lass ihn einfach mit deinem Firmenlogo bedrucken und steigere so die Sichtbarkeit deiner Marke.","inLanguage":"de-DE","isPartOf":{"@id":"https:\/\/hidalgo.nl\/de\/#website"},"breadcrumb":{"@id":"https:\/\/hidalgo.nl\/de\/product\/muse-broodrooster-1000-watt\/#breadcrumblist"},"image":{"@type":"ImageObject","url":"https:\/\/shop.hidalgo.nl\/wp-content\/uploads\/2025\/05\/656c2a575a2fb7a17c475b99ca347017c45bda1f851d14862a1148e6563266e1.jpg","@id":"https:\/\/hidalgo.nl\/de\/product\/muse-broodrooster-1000-watt\/#mainImage","width":1000,"height":1000},"primaryImageOfPage":{"@id":"https:\/\/hidalgo.nl\/de\/product\/muse-broodrooster-1000-watt\/#mainImage"},"datePublished":"2025-07-09T11:52:54+00:00","dateModified":"2026-03-01T06:28:52+00:00"},{"@type":"Organization","@id":"https:\/\/hidalgo.nl\/de\/#organization","name":"Hidalgo","url":"https:\/\/hidalgo.nl\/de\/","logo":{"@type":"ImageObject","url":"https:\/\/shop.hidalgo.nl\/wp-content\/uploads\/2025\/11\/cropped-Hidalgo-est1993.png","@id":"https:\/\/hidalgo.nl\/de\/product\/muse-broodrooster-1000-watt\/#organizationLogo","width":585,"height":195},"image":{"@id":"https:\/\/hidalgo.nl\/de\/product\/muse-broodrooster-1000-watt\/#organizationLogo"}},{"@type":"WebPage","@id":"https:\/\/hidalgo.nl\/de\/product\/muse-broodrooster-1000-watt\/#webpage","url":"https:\/\/hidalgo.nl\/de\/product\/muse-broodrooster-1000-watt\/","name":"Muse broodrooster 1000 Watt","description":"Dieser Vintage Brotr\u00f6ster im Retro-Design \u00fcberzeugt mit 1000 Watt Leistung & integrierter Auftaufunktion f\u00fcr deinen modernen Fr\u00fchst\u00fccks-Moment. Nutze den kompakten Retro Toaster 1000 Watt als stilvolles Werbegeschenk: Lass ihn einfach mit deinem Firmenlogo bedrucken und steigere so die Sichtbarkeit deiner Marke.","inLanguage":"de-DE","isPartOf":{"@id":"https:\/\/hidalgo.nl\/de\/#website"},"breadcrumb":{"@id":"https:\/\/hidalgo.nl\/de\/product\/muse-broodrooster-1000-watt\/#breadcrumblist"},"image":{"@type":"ImageObject","url":"https:\/\/shop.hidalgo.nl\/wp-content\/uploads\/2025\/05\/656c2a575a2fb7a17c475b99ca347017c45bda1f851d14862a1148e6563266e1.jpg","@id":"https:\/\/hidalgo.nl\/de\/product\/muse-broodrooster-1000-watt\/#mainImage","width":1000,"height":1000},"primaryImageOfPage":{"@id":"https:\/\/hidalgo.nl\/de\/product\/muse-broodrooster-1000-watt\/#mainImage"},"datePublished":"2025-07-09T11:52:54+00:00","dateModified":"2026-03-01T06:28:52+00:00"},{"@type":"WebSite","@id":"https:\/\/hidalgo.nl\/de\/#website","url":"https:\/\/hidalgo.nl\/de\/","name":"Hidalgo","inLanguage":"de-DE","publisher":{"@id":"https:\/\/hidalgo.nl\/de\/#organization"}}]},"og:locale":"de_DE","og:site_name":"Hidalgo -","og:type":"article","og:title":"Muse broodrooster 1000 Watt","og:description":"Dieser Vintage Brotr\u00f6ster im Retro-Design \u00fcberzeugt mit 1000 Watt Leistung &amp; integrierter Auftaufunktion f\u00fcr deinen modernen Fr\u00fchst\u00fccks-Moment. Nutze den kompakten Retro Toaster 1000 Watt als stilvolles Werbegeschenk: Lass ihn einfach mit deinem Firmenlogo bedrucken und steigere so die Sichtbarkeit deiner Marke.","og:url":"https:\/\/hidalgo.nl\/de\/wp-json\/wp\/v2\/product\/139865","og:image":"https:\/\/shop.hidalgo.nl\/wp-content\/uploads\/2025\/11\/cropped-Hidalgo-est1993.png","og:image:secure_url":"https:\/\/shop.hidalgo.nl\/wp-content\/uploads\/2025\/11\/cropped-Hidalgo-est1993.png","article:published_time":"2025-07-09T11:52:54+00:00","article:modified_time":"2026-03-01T06:28:52+00:00","twitter:card":"summary_large_image","twitter:title":"Muse broodrooster 1000 Watt","twitter:description":"Dieser Vintage Brotr\u00f6ster im Retro-Design \u00fcberzeugt mit 1000 Watt Leistung &amp; integrierter Auftaufunktion f\u00fcr deinen modernen Fr\u00fchst\u00fccks-Moment. Nutze den kompakten Retro Toaster 1000 Watt als stilvolles Werbegeschenk: Lass ihn einfach mit deinem Firmenlogo bedrucken und steigere so die Sichtbarkeit deiner Marke.","twitter:image":"https:\/\/shop.hidalgo.nl\/wp-content\/uploads\/2025\/11\/cropped-Hidalgo-est1993.png"},"aioseo_meta_data":{"post_id":"139865","title":"#post_title #separator_sa #site_title","description":"#post_excerpt","keywords":null,"keyphrases":null,"primary_term":null,"canonical_url":null,"og_title":null,"og_description":null,"og_object_type":"default","og_image_type":"default","og_image_url":null,"og_image_width":null,"og_image_height":null,"og_image_custom_url":null,"og_image_custom_fields":null,"og_video":null,"og_custom_url":null,"og_article_section":null,"og_article_tags":null,"twitter_use_og":false,"twitter_card":"default","twitter_image_type":"default","twitter_image_url":null,"twitter_image_custom_url":null,"twitter_image_custom_fields":null,"twitter_title":null,"twitter_description":null,"schema":{"blockGraphs":[],"customGraphs":[],"default":{"data":{"Article":[],"Course":[],"Dataset":[],"FAQPage":[],"Movie":[],"Person":[],"Product":[],"ProductReview":[],"Car":[],"Recipe":[],"Service":[],"SoftwareApplication":[],"WebPage":[]},"graphName":"","isEnabled":true},"graphs":[]},"schema_type":"default","schema_type_options":null,"pillar_content":false,"robots_default":true,"robots_noindex":false,"robots_noarchive":false,"robots_nosnippet":false,"robots_nofollow":false,"robots_noimageindex":false,"robots_noodp":false,"robots_notranslate":false,"robots_max_snippet":null,"robots_max_videopreview":null,"robots_max_imagepreview":"large","priority":null,"frequency":null,"local_seo":null,"seo_analyzer_scan_date":"2026-02-05 15:01:17","breadcrumb_settings":null,"limit_modified_date":false,"reviewed_by":null,"open_ai":null,"ai":null,"created":"2026-01-14 06:25:39","updated":"2026-03-01 15:35:43"},"aioseo_breadcrumb":"<div class=\"aioseo-breadcrumbs\"><span class=\"aioseo-breadcrumb\">\n\t<a href=\"https:\/\/hidalgo.nl\/de\/\" title=\"Home\">Home<\/a>\n<\/span><span class=\"aioseo-breadcrumb-separator\">\u00bb<\/span><span class=\"aioseo-breadcrumb\">\n\t<a href=\"https:\/\/hidalgo.nl\/example\/\" title=\"example\">example<\/a>\n<\/span><span class=\"aioseo-breadcrumb-separator\">\u00bb<\/span><span class=\"aioseo-breadcrumb\">\n\t<a href=\"https:\/\/hidalgo.nl\/en\/product-supplier\/a53\/\" title=\"A53\">A53<\/a>\n<\/span><span class=\"aioseo-breadcrumb-separator\">\u00bb<\/span><span class=\"aioseo-breadcrumb\">\n\tMuse broodrooster 1000 Watt\n<\/span><\/div>","aioseo_breadcrumb_json":[{"label":"Home","link":"https:\/\/hidalgo.nl\/de\/"},{"label":"example","link":"https:\/\/hidalgo.nl\/example\/"},{"label":"A53","link":"https:\/\/hidalgo.nl\/en\/product-supplier\/a53\/"},{"label":"Muse broodrooster 1000 Watt","link":"https:\/\/hidalgo.nl\/de\/product\/muse-broodrooster-1000-watt\/"}],"_links":{"self":[{"href":"https:\/\/hidalgo.nl\/de\/wp-json\/wp\/v2\/product\/139865","targetHints":{"allow":["GET"]}}],"collection":[{"href":"https:\/\/hidalgo.nl\/de\/wp-json\/wp\/v2\/product"}],"about":[{"href":"https:\/\/hidalgo.nl\/de\/wp-json\/wp\/v2\/types\/product"}],"wp:featuredmedia":[{"embeddable":true,"href":"https:\/\/hidalgo.nl\/de\/wp-json\/wp\/v2\/media\/139866"}],"wp:attachment":[{"href":"https:\/\/hidalgo.nl\/de\/wp-json\/wp\/v2\/media?parent=139865"}],"wp:term":[{"taxonomy":"product_brand","embeddable":true,"href":"https:\/\/hidalgo.nl\/de\/wp-json\/wp\/v2\/product_brand?post=139865"},{"taxonomy":"product_cat","embeddable":true,"href":"https:\/\/hidalgo.nl\/de\/wp-json\/wp\/v2\/product_cat?post=139865"},{"taxonomy":"product_tag","embeddable":true,"href":"https:\/\/hidalgo.nl\/de\/wp-json\/wp\/v2\/product_tag?post=139865"}],"curies":[{"name":"wp","href":"https:\/\/api.w.org\/{rel}","templated":true}]}}