{"id":139515,"date":"2025-07-09T11:43:44","date_gmt":"2025-07-09T11:43:44","guid":{"rendered":"http:\/\/bidonsenshakers.pim.hidalgo.nl\/product\/orrefors-jernverk-lantaarn-hout\/"},"modified":"2026-05-02T14:03:39","modified_gmt":"2026-05-02T14:03:39","slug":"orrefors-jernverk-lantaarn-hout","status":"publish","type":"product","link":"https:\/\/hidalgo.nl\/de\/product\/139515\/laterne-bedrucken-orrefors-jernverk-schwarz-kiefernholz\/","title":{"rendered":"Orrefors Jernverk lantaarn hout"},"content":{"rendered":"<p>Zwarte houten lantaarn van Orrefors Jernverk. De lantaarn bestaat uit geschilderd grenenhout met roestvrijstalen details en glazen wanden. Opent en sluit met een deurtje aan de voorkant. De lantaarn is een stijlvol detail in ieder interieur en zorgt tevens voor een gezellige gloed. Bij warm weer kan de lantaarn onder een overkapping buiten worden gebruikt (excl. kaars).<\/p>\n","protected":false},"excerpt":{"rendered":"<p>Zwarte houten lantaarn van Orrefors Jernverk. De lantaarn bestaat uit geschilderd grenenhout met roestvrijstalen details en glazen wanden. Opent en sluit met een deurtje aan de voorkant. De lantaarn is een stijlvol detail in ieder interieur en zorgt tevens voor een gezellige gloed. Bij warm weer kan de lantaarn onder een overkapping buiten worden gebruikt&hellip; <a class=\"more-link\" href=\"https:\/\/hidalgo.nl\/de\/product\/139515\/laterne-bedrucken-orrefors-jernverk-schwarz-kiefernholz\/\"><span class=\"screen-reader-text\">Orrefors Jernverk lantaarn hout<\/span> weiterlesen<\/a><\/p>\n","protected":false},"featured_media":139516,"template":"","meta":{"_acf_changed":false,"om_disable_all_campaigns":false,"_monsterinsights_skip_tracking":false,"_monsterinsights_sitenote_active":false,"_monsterinsights_sitenote_note":"","_monsterinsights_sitenote_category":0},"product_brand":[],"product_cat":[4719,5005,4728,5025],"product_tag":[],"class_list":{"0":"post-139515","1":"product","2":"type-product","3":"status-publish","4":"has-post-thumbnail","6":"product_supplier-a53","7":"product_cat-promotionele-artikelen","8":"product_cat-thuis-keuken-and-tuin-thuis","9":"product_cat-promotionele-artikelen-thuis-keuken-en-tuin","10":"product_cat-thuis-keuken-and-tuin-thuis-verlichting","11":"entry","13":"first","14":"instock","15":"taxable","16":"shipping-taxable","17":"purchasable","18":"product-type-variable"},"acf":{"imprint_cost":false},"aioseo_notices":[],"aioseo_head":"\n\t\t<!-- All in One SEO Pro 4.9.6.2 - aioseo.com -->\n\t<meta name=\"description\" content=\"Die Orrefors Jernverk Laterne aus schwarzem Kiefernholz, Glas &amp; Edelstahl-Details bringt skandinavische Stimmung ins B\u00fcro, Events oder Zuhause. Bei Hidalgo l\u00e4sst du dein Firmenlogo per Druck oder Laser aufbringen - perfekt f\u00fcr Laternen als Werbegeschenk; jetzt Laterne mit Gravur bestellen.\" \/>\n\t<meta name=\"robots\" content=\"max-image-preview:large\" \/>\n\t<link rel=\"canonical\" href=\"https:\/\/hidalgo.nl\/de\/wp-json\/wp\/v2\/product\/139515\" \/>\n\t<meta name=\"generator\" content=\"All in One SEO Pro (AIOSEO) 4.9.6.2\" \/>\n\t\t<meta property=\"og:locale\" content=\"de_DE\" \/>\n\t\t<meta property=\"og:site_name\" content=\"Hidalgo -\" \/>\n\t\t<meta property=\"og:type\" content=\"article\" \/>\n\t\t<meta property=\"og:title\" content=\"Laterne bedrucken Orrefors Jernverk Schwarz Kiefernholz\" \/>\n\t\t<meta property=\"og:description\" content=\"Die Orrefors Jernverk Laterne aus schwarzem Kiefernholz, Glas &amp; Edelstahl-Details bringt skandinavische Stimmung ins B\u00fcro, Events oder Zuhause. Bei Hidalgo l\u00e4sst du dein Firmenlogo per Druck oder Laser aufbringen - perfekt f\u00fcr Laternen als Werbegeschenk; jetzt Laterne mit Gravur bestellen.\" \/>\n\t\t<meta property=\"og:url\" content=\"https:\/\/hidalgo.nl\/de\/wp-json\/wp\/v2\/product\/139515\" \/>\n\t\t<meta property=\"og:image\" content=\"https:\/\/shop.hidalgo.nl\/wp-content\/uploads\/2025\/11\/cropped-Hidalgo-est1993.png\" \/>\n\t\t<meta property=\"og:image:secure_url\" content=\"https:\/\/shop.hidalgo.nl\/wp-content\/uploads\/2025\/11\/cropped-Hidalgo-est1993.png\" \/>\n\t\t<meta property=\"article:published_time\" content=\"2025-07-09T11:43:44+00:00\" \/>\n\t\t<meta property=\"article:modified_time\" content=\"2026-05-02T14:03:39+00:00\" \/>\n\t\t<meta name=\"twitter:card\" content=\"summary_large_image\" \/>\n\t\t<meta name=\"twitter:title\" content=\"Laterne bedrucken Orrefors Jernverk Schwarz Kiefernholz\" \/>\n\t\t<meta name=\"twitter:description\" content=\"Die Orrefors Jernverk Laterne aus schwarzem Kiefernholz, Glas &amp; Edelstahl-Details bringt skandinavische Stimmung ins B\u00fcro, Events oder Zuhause. Bei Hidalgo l\u00e4sst du dein Firmenlogo per Druck oder Laser aufbringen - perfekt f\u00fcr Laternen als Werbegeschenk; jetzt Laterne mit Gravur bestellen.\" \/>\n\t\t<meta name=\"twitter:image\" content=\"https:\/\/shop.hidalgo.nl\/wp-content\/uploads\/2025\/11\/cropped-Hidalgo-est1993.png\" \/>\n\t\t<script type=\"application\/ld+json\" class=\"aioseo-schema\">\n\t\t\t{\"@context\":\"https:\\\/\\\/schema.org\",\"@graph\":[{\"@type\":\"BreadcrumbList\",\"@id\":\"https:\\\/\\\/hidalgo.nl\\\/de\\\/product\\\/139515\\\/laterne-bedrucken-orrefors-jernverk-schwarz-kiefernholz\\\/#breadcrumblist\",\"itemListElement\":[{\"@type\":\"ListItem\",\"@id\":\"https:\\\/\\\/hidalgo.nl\\\/de\\\/#listItem\",\"position\":1,\"name\":\"Home\",\"item\":\"https:\\\/\\\/hidalgo.nl\\\/de\\\/\",\"nextItem\":{\"@type\":\"ListItem\",\"@id\":\"https:\\\/\\\/hidalgo.nl\\\/example\\\/#listItem\",\"name\":\"example\"}},{\"@type\":\"ListItem\",\"@id\":\"https:\\\/\\\/hidalgo.nl\\\/example\\\/#listItem\",\"position\":2,\"name\":\"example\",\"item\":\"https:\\\/\\\/hidalgo.nl\\\/example\\\/\",\"nextItem\":{\"@type\":\"ListItem\",\"@id\":\"https:\\\/\\\/hidalgo.nl\\\/en\\\/product-supplier\\\/a53\\\/#listItem\",\"name\":\"A53\"},\"previousItem\":{\"@type\":\"ListItem\",\"@id\":\"https:\\\/\\\/hidalgo.nl\\\/de\\\/#listItem\",\"name\":\"Home\"}},{\"@type\":\"ListItem\",\"@id\":\"https:\\\/\\\/hidalgo.nl\\\/en\\\/product-supplier\\\/a53\\\/#listItem\",\"position\":3,\"name\":\"A53\",\"item\":\"https:\\\/\\\/hidalgo.nl\\\/en\\\/product-supplier\\\/a53\\\/\",\"nextItem\":{\"@type\":\"ListItem\",\"@id\":\"https:\\\/\\\/hidalgo.nl\\\/de\\\/product\\\/139515\\\/laterne-bedrucken-orrefors-jernverk-schwarz-kiefernholz\\\/#listItem\",\"name\":\"Orrefors Jernverk lantaarn hout\"},\"previousItem\":{\"@type\":\"ListItem\",\"@id\":\"https:\\\/\\\/hidalgo.nl\\\/example\\\/#listItem\",\"name\":\"example\"}},{\"@type\":\"ListItem\",\"@id\":\"https:\\\/\\\/hidalgo.nl\\\/de\\\/product\\\/139515\\\/laterne-bedrucken-orrefors-jernverk-schwarz-kiefernholz\\\/#listItem\",\"position\":4,\"name\":\"Orrefors Jernverk lantaarn hout\",\"previousItem\":{\"@type\":\"ListItem\",\"@id\":\"https:\\\/\\\/hidalgo.nl\\\/en\\\/product-supplier\\\/a53\\\/#listItem\",\"name\":\"A53\"}}]},{\"@type\":\"Organization\",\"@id\":\"https:\\\/\\\/hidalgo.nl\\\/de\\\/#organization\",\"name\":\"Hidalgo\",\"url\":\"https:\\\/\\\/hidalgo.nl\\\/de\\\/\",\"logo\":{\"@type\":\"ImageObject\",\"url\":\"https:\\\/\\\/shop.hidalgo.nl\\\/wp-content\\\/uploads\\\/2025\\\/11\\\/cropped-Hidalgo-est1993.png\",\"@id\":\"https:\\\/\\\/hidalgo.nl\\\/de\\\/product\\\/139515\\\/laterne-bedrucken-orrefors-jernverk-schwarz-kiefernholz\\\/#organizationLogo\",\"width\":585,\"height\":195},\"image\":{\"@id\":\"https:\\\/\\\/hidalgo.nl\\\/de\\\/product\\\/139515\\\/laterne-bedrucken-orrefors-jernverk-schwarz-kiefernholz\\\/#organizationLogo\"}},{\"@type\":\"ProductGroup\",\"@id\":\"https:\\\/\\\/hidalgo.nl\\\/de\\\/product\\\/139515\\\/laterne-bedrucken-orrefors-jernverk-schwarz-kiefernholz\\\/#wooCommerceProduct\",\"name\":\"Laterne bedrucken Orrefors Jernverk Schwarz Kiefernholz\",\"url\":\"https:\\\/\\\/hidalgo.nl\\\/de\\\/product\\\/139515\\\/laterne-bedrucken-orrefors-jernverk-schwarz-kiefernholz\\\/\",\"sku\":\"A53-LT54029\",\"image\":{\"@type\":\"ImageObject\",\"url\":\"https:\\\/\\\/shop.hidalgo.nl\\\/wp-content\\\/uploads\\\/2025\\\/05\\\/096f24ae6f4f02e416faf1f2c2e0415895fb294df794275e557415bce0b21867.jpg\",\"@id\":\"https:\\\/\\\/hidalgo.nl\\\/de\\\/product\\\/139515\\\/laterne-bedrucken-orrefors-jernverk-schwarz-kiefernholz\\\/#productImage\",\"width\":1000,\"height\":1000},\"productGroupID\":139515,\"hasVariant\":[{\"@type\":\"Product\",\"@id\":\"https:\\\/\\\/hidalgo.nl\\\/de\\\/product\\\/139515\\\/laterne-bedrucken-orrefors-jernverk-schwarz-kiefernholz\\\/#wooCommerceProduct\",\"name\":\"Orrefors Jernverk lantaarn hout - zwart\",\"url\":\"https:\\\/\\\/hidalgo.nl\\\/de\\\/product\\\/139515\\\/laterne-bedrucken-orrefors-jernverk-schwarz-kiefernholz\\\/\",\"sku\":\"A53-LT54029-N0002\",\"image\":{\"@type\":\"ImageObject\",\"url\":\"https:\\\/\\\/shop.hidalgo.nl\\\/wp-content\\\/uploads\\\/2025\\\/05\\\/12eae84b536b4e3fe0f99f85fee6fc41729363b4ed34b0fed224128dd0ae418d.jpg\",\"@id\":\"https:\\\/\\\/hidalgo.nl\\\/de\\\/product\\\/139515\\\/laterne-bedrucken-orrefors-jernverk-schwarz-kiefernholz\\\/#productImage\",\"width\":1000,\"height\":1000},\"offers\":{\"@type\":\"Offer\",\"url\":\"https:\\\/\\\/hidalgo.nl\\\/de\\\/product\\\/139515\\\/laterne-bedrucken-orrefors-jernverk-schwarz-kiefernholz\\\/#wooCommerceOffer\",\"price\":\"28.785\",\"priceCurrency\":\"EUR\",\"category\":\"Promotionele Artikelen\",\"availability\":\"https:\\\/\\\/schema.org\\\/InStock\",\"priceSpecification\":{\"@type\":\"PriceSpecification\",\"price\":28.785,\"priceCurrency\":\"EUR\",\"valueAddedTaxIncluded\":\"true\"}}}]},{\"@type\":\"WebPage\",\"@id\":\"https:\\\/\\\/hidalgo.nl\\\/de\\\/product\\\/139515\\\/laterne-bedrucken-orrefors-jernverk-schwarz-kiefernholz\\\/#webpage\",\"url\":\"https:\\\/\\\/hidalgo.nl\\\/de\\\/product\\\/139515\\\/laterne-bedrucken-orrefors-jernverk-schwarz-kiefernholz\\\/\",\"name\":\"Laterne bedrucken Orrefors Jernverk Schwarz Kiefernholz\",\"description\":\"Die Orrefors Jernverk Laterne aus schwarzem Kiefernholz, Glas & Edelstahl-Details bringt skandinavische Stimmung ins B\\u00fcro, Events oder Zuhause. Bei Hidalgo l\\u00e4sst du dein Firmenlogo per Druck oder Laser aufbringen - perfekt f\\u00fcr Laternen als Werbegeschenk; jetzt Laterne mit Gravur bestellen.\",\"inLanguage\":\"de-DE\",\"isPartOf\":{\"@id\":\"https:\\\/\\\/hidalgo.nl\\\/de\\\/#website\"},\"breadcrumb\":{\"@id\":\"https:\\\/\\\/hidalgo.nl\\\/de\\\/product\\\/139515\\\/laterne-bedrucken-orrefors-jernverk-schwarz-kiefernholz\\\/#breadcrumblist\"},\"image\":{\"@type\":\"ImageObject\",\"url\":\"https:\\\/\\\/shop.hidalgo.nl\\\/wp-content\\\/uploads\\\/2025\\\/05\\\/096f24ae6f4f02e416faf1f2c2e0415895fb294df794275e557415bce0b21867.jpg\",\"@id\":\"https:\\\/\\\/hidalgo.nl\\\/de\\\/product\\\/139515\\\/laterne-bedrucken-orrefors-jernverk-schwarz-kiefernholz\\\/#mainImage\",\"width\":1000,\"height\":1000},\"primaryImageOfPage\":{\"@id\":\"https:\\\/\\\/hidalgo.nl\\\/de\\\/product\\\/139515\\\/laterne-bedrucken-orrefors-jernverk-schwarz-kiefernholz\\\/#mainImage\"},\"datePublished\":\"2025-07-09T11:43:44+00:00\",\"dateModified\":\"2026-05-02T14:03:39+00:00\"},{\"@type\":\"WebSite\",\"@id\":\"https:\\\/\\\/hidalgo.nl\\\/de\\\/#website\",\"url\":\"https:\\\/\\\/hidalgo.nl\\\/de\\\/\",\"name\":\"Hidalgo\",\"inLanguage\":\"de-DE\",\"publisher\":{\"@id\":\"https:\\\/\\\/hidalgo.nl\\\/de\\\/#organization\"}}]}\n\t\t<\/script>\n\t\t<!-- All in One SEO Pro -->\r\n\t\t<title>Laterne bedrucken Orrefors Jernverk Schwarz Kiefernholz<\/title>\n\n","aioseo_head_json":{"title":"Laterne bedrucken Orrefors Jernverk Schwarz Kiefernholz","description":"Die Orrefors Jernverk Laterne aus schwarzem Kiefernholz, Glas & Edelstahl-Details bringt skandinavische Stimmung ins B\u00fcro, Events oder Zuhause. Bei Hidalgo l\u00e4sst du dein Firmenlogo per Druck oder Laser aufbringen - perfekt f\u00fcr Laternen als Werbegeschenk; jetzt Laterne mit Gravur bestellen.","canonical_url":"https:\/\/hidalgo.nl\/de\/wp-json\/wp\/v2\/product\/139515","robots":"max-image-preview:large","keywords":"","webmasterTools":{"miscellaneous":""},"schema":{"@context":"https:\/\/schema.org","@graph":[{"@type":"BreadcrumbList","@id":"https:\/\/hidalgo.nl\/de\/product\/139515\/laterne-bedrucken-orrefors-jernverk-schwarz-kiefernholz\/#breadcrumblist","itemListElement":[{"@type":"ListItem","@id":"https:\/\/hidalgo.nl\/de\/#listItem","position":1,"name":"Home","item":"https:\/\/hidalgo.nl\/de\/","nextItem":{"@type":"ListItem","@id":"https:\/\/hidalgo.nl\/example\/#listItem","name":"example"}},{"@type":"ListItem","@id":"https:\/\/hidalgo.nl\/example\/#listItem","position":2,"name":"example","item":"https:\/\/hidalgo.nl\/example\/","nextItem":{"@type":"ListItem","@id":"https:\/\/hidalgo.nl\/en\/product-supplier\/a53\/#listItem","name":"A53"},"previousItem":{"@type":"ListItem","@id":"https:\/\/hidalgo.nl\/de\/#listItem","name":"Home"}},{"@type":"ListItem","@id":"https:\/\/hidalgo.nl\/en\/product-supplier\/a53\/#listItem","position":3,"name":"A53","item":"https:\/\/hidalgo.nl\/en\/product-supplier\/a53\/","nextItem":{"@type":"ListItem","@id":"https:\/\/hidalgo.nl\/de\/product\/139515\/laterne-bedrucken-orrefors-jernverk-schwarz-kiefernholz\/#listItem","name":"Orrefors Jernverk lantaarn hout"},"previousItem":{"@type":"ListItem","@id":"https:\/\/hidalgo.nl\/example\/#listItem","name":"example"}},{"@type":"ListItem","@id":"https:\/\/hidalgo.nl\/de\/product\/139515\/laterne-bedrucken-orrefors-jernverk-schwarz-kiefernholz\/#listItem","position":4,"name":"Orrefors Jernverk lantaarn hout","previousItem":{"@type":"ListItem","@id":"https:\/\/hidalgo.nl\/en\/product-supplier\/a53\/#listItem","name":"A53"}}]},{"@type":"Organization","@id":"https:\/\/hidalgo.nl\/de\/#organization","name":"Hidalgo","url":"https:\/\/hidalgo.nl\/de\/","logo":{"@type":"ImageObject","url":"https:\/\/shop.hidalgo.nl\/wp-content\/uploads\/2025\/11\/cropped-Hidalgo-est1993.png","@id":"https:\/\/hidalgo.nl\/de\/product\/139515\/laterne-bedrucken-orrefors-jernverk-schwarz-kiefernholz\/#organizationLogo","width":585,"height":195},"image":{"@id":"https:\/\/hidalgo.nl\/de\/product\/139515\/laterne-bedrucken-orrefors-jernverk-schwarz-kiefernholz\/#organizationLogo"}},{"@type":"ProductGroup","@id":"https:\/\/hidalgo.nl\/de\/product\/139515\/laterne-bedrucken-orrefors-jernverk-schwarz-kiefernholz\/#wooCommerceProduct","name":"Laterne bedrucken Orrefors Jernverk Schwarz Kiefernholz","url":"https:\/\/hidalgo.nl\/de\/product\/139515\/laterne-bedrucken-orrefors-jernverk-schwarz-kiefernholz\/","sku":"A53-LT54029","image":{"@type":"ImageObject","url":"https:\/\/shop.hidalgo.nl\/wp-content\/uploads\/2025\/05\/096f24ae6f4f02e416faf1f2c2e0415895fb294df794275e557415bce0b21867.jpg","@id":"https:\/\/hidalgo.nl\/de\/product\/139515\/laterne-bedrucken-orrefors-jernverk-schwarz-kiefernholz\/#productImage","width":1000,"height":1000},"productGroupID":139515,"hasVariant":[{"@type":"Product","@id":"https:\/\/hidalgo.nl\/de\/product\/139515\/laterne-bedrucken-orrefors-jernverk-schwarz-kiefernholz\/#wooCommerceProduct","name":"Orrefors Jernverk lantaarn hout - zwart","url":"https:\/\/hidalgo.nl\/de\/product\/139515\/laterne-bedrucken-orrefors-jernverk-schwarz-kiefernholz\/","sku":"A53-LT54029-N0002","image":{"@type":"ImageObject","url":"https:\/\/shop.hidalgo.nl\/wp-content\/uploads\/2025\/05\/12eae84b536b4e3fe0f99f85fee6fc41729363b4ed34b0fed224128dd0ae418d.jpg","@id":"https:\/\/hidalgo.nl\/de\/product\/139515\/laterne-bedrucken-orrefors-jernverk-schwarz-kiefernholz\/#productImage","width":1000,"height":1000},"offers":{"@type":"Offer","url":"https:\/\/hidalgo.nl\/de\/product\/139515\/laterne-bedrucken-orrefors-jernverk-schwarz-kiefernholz\/#wooCommerceOffer","price":"28.785","priceCurrency":"EUR","category":"Promotionele Artikelen","availability":"https:\/\/schema.org\/InStock","priceSpecification":{"@type":"PriceSpecification","price":28.785,"priceCurrency":"EUR","valueAddedTaxIncluded":"true"}}}]},{"@type":"WebPage","@id":"https:\/\/hidalgo.nl\/de\/product\/139515\/laterne-bedrucken-orrefors-jernverk-schwarz-kiefernholz\/#webpage","url":"https:\/\/hidalgo.nl\/de\/product\/139515\/laterne-bedrucken-orrefors-jernverk-schwarz-kiefernholz\/","name":"Laterne bedrucken Orrefors Jernverk Schwarz Kiefernholz","description":"Die Orrefors Jernverk Laterne aus schwarzem Kiefernholz, Glas & Edelstahl-Details bringt skandinavische Stimmung ins B\u00fcro, Events oder Zuhause. Bei Hidalgo l\u00e4sst du dein Firmenlogo per Druck oder Laser aufbringen - perfekt f\u00fcr Laternen als Werbegeschenk; jetzt Laterne mit Gravur bestellen.","inLanguage":"de-DE","isPartOf":{"@id":"https:\/\/hidalgo.nl\/de\/#website"},"breadcrumb":{"@id":"https:\/\/hidalgo.nl\/de\/product\/139515\/laterne-bedrucken-orrefors-jernverk-schwarz-kiefernholz\/#breadcrumblist"},"image":{"@type":"ImageObject","url":"https:\/\/shop.hidalgo.nl\/wp-content\/uploads\/2025\/05\/096f24ae6f4f02e416faf1f2c2e0415895fb294df794275e557415bce0b21867.jpg","@id":"https:\/\/hidalgo.nl\/de\/product\/139515\/laterne-bedrucken-orrefors-jernverk-schwarz-kiefernholz\/#mainImage","width":1000,"height":1000},"primaryImageOfPage":{"@id":"https:\/\/hidalgo.nl\/de\/product\/139515\/laterne-bedrucken-orrefors-jernverk-schwarz-kiefernholz\/#mainImage"},"datePublished":"2025-07-09T11:43:44+00:00","dateModified":"2026-05-02T14:03:39+00:00"},{"@type":"WebSite","@id":"https:\/\/hidalgo.nl\/de\/#website","url":"https:\/\/hidalgo.nl\/de\/","name":"Hidalgo","inLanguage":"de-DE","publisher":{"@id":"https:\/\/hidalgo.nl\/de\/#organization"}}]},"og:locale":"de_DE","og:site_name":"Hidalgo -","og:type":"article","og:title":"Laterne bedrucken Orrefors Jernverk Schwarz Kiefernholz","og:description":"Die Orrefors Jernverk Laterne aus schwarzem Kiefernholz, Glas &amp; Edelstahl-Details bringt skandinavische Stimmung ins B\u00fcro, Events oder Zuhause. Bei Hidalgo l\u00e4sst du dein Firmenlogo per Druck oder Laser aufbringen - perfekt f\u00fcr Laternen als Werbegeschenk; jetzt Laterne mit Gravur bestellen.","og:url":"https:\/\/hidalgo.nl\/de\/wp-json\/wp\/v2\/product\/139515","og:image":"https:\/\/shop.hidalgo.nl\/wp-content\/uploads\/2025\/11\/cropped-Hidalgo-est1993.png","og:image:secure_url":"https:\/\/shop.hidalgo.nl\/wp-content\/uploads\/2025\/11\/cropped-Hidalgo-est1993.png","article:published_time":"2025-07-09T11:43:44+00:00","article:modified_time":"2026-05-02T14:03:39+00:00","twitter:card":"summary_large_image","twitter:title":"Laterne bedrucken Orrefors Jernverk Schwarz Kiefernholz","twitter:description":"Die Orrefors Jernverk Laterne aus schwarzem Kiefernholz, Glas &amp; Edelstahl-Details bringt skandinavische Stimmung ins B\u00fcro, Events oder Zuhause. Bei Hidalgo l\u00e4sst du dein Firmenlogo per Druck oder Laser aufbringen - perfekt f\u00fcr Laternen als Werbegeschenk; jetzt Laterne mit Gravur bestellen.","twitter:image":"https:\/\/shop.hidalgo.nl\/wp-content\/uploads\/2025\/11\/cropped-Hidalgo-est1993.png"},"aioseo_meta_data":{"post_id":"139515","title":null,"description":null,"keywords":null,"keyphrases":null,"primary_term":null,"canonical_url":null,"og_title":null,"og_description":null,"og_object_type":"default","og_image_type":"default","og_image_url":null,"og_image_width":null,"og_image_height":null,"og_image_custom_url":null,"og_image_custom_fields":null,"og_video":null,"og_custom_url":null,"og_article_section":null,"og_article_tags":null,"twitter_use_og":false,"twitter_card":"default","twitter_image_type":"default","twitter_image_url":null,"twitter_image_custom_url":null,"twitter_image_custom_fields":null,"twitter_title":null,"twitter_description":null,"schema":{"blockGraphs":[],"customGraphs":[],"default":{"data":{"Article":[],"Course":[],"Dataset":[],"FAQPage":[],"Movie":[],"Person":[],"Product":[],"ProductReview":[],"Car":[],"Recipe":[],"Service":[],"SoftwareApplication":[],"WebPage":[]},"graphName":"","isEnabled":true},"graphs":[]},"schema_type":"default","schema_type_options":null,"pillar_content":false,"robots_default":true,"robots_noindex":false,"robots_noarchive":false,"robots_nosnippet":false,"robots_nofollow":false,"robots_noimageindex":false,"robots_noodp":false,"robots_notranslate":false,"robots_max_snippet":null,"robots_max_videopreview":null,"robots_max_imagepreview":"large","priority":null,"frequency":null,"local_seo":null,"seo_analyzer_scan_date":"2026-02-02 09:39:51","breadcrumb_settings":null,"limit_modified_date":false,"reviewed_by":null,"open_ai":null,"ai":null,"created":"2026-01-14 06:25:39","updated":"2026-05-02 14:04:16"},"aioseo_breadcrumb":"<div class=\"aioseo-breadcrumbs\"><span class=\"aioseo-breadcrumb\">\n\t<a href=\"https:\/\/hidalgo.nl\/de\/\" title=\"Home\">Home<\/a>\n<\/span><span class=\"aioseo-breadcrumb-separator\">\u00bb<\/span><span class=\"aioseo-breadcrumb\">\n\t<a href=\"https:\/\/hidalgo.nl\/example\/\" title=\"example\">example<\/a>\n<\/span><span class=\"aioseo-breadcrumb-separator\">\u00bb<\/span><span class=\"aioseo-breadcrumb\">\n\t<a href=\"https:\/\/hidalgo.nl\/en\/product-supplier\/a53\/\" title=\"A53\">A53<\/a>\n<\/span><span class=\"aioseo-breadcrumb-separator\">\u00bb<\/span><span class=\"aioseo-breadcrumb\">\n\tOrrefors Jernverk lantaarn hout\n<\/span><\/div>","aioseo_breadcrumb_json":[{"label":"Home","link":"https:\/\/hidalgo.nl\/de\/"},{"label":"example","link":"https:\/\/hidalgo.nl\/example\/"},{"label":"A53","link":"https:\/\/hidalgo.nl\/en\/product-supplier\/a53\/"},{"label":"Orrefors Jernverk lantaarn hout","link":"https:\/\/hidalgo.nl\/de\/product\/139515\/laterne-bedrucken-orrefors-jernverk-schwarz-kiefernholz\/"}],"_links":{"self":[{"href":"https:\/\/hidalgo.nl\/de\/wp-json\/wp\/v2\/product\/139515","targetHints":{"allow":["GET"]}}],"collection":[{"href":"https:\/\/hidalgo.nl\/de\/wp-json\/wp\/v2\/product"}],"about":[{"href":"https:\/\/hidalgo.nl\/de\/wp-json\/wp\/v2\/types\/product"}],"wp:featuredmedia":[{"embeddable":true,"href":"https:\/\/hidalgo.nl\/de\/wp-json\/wp\/v2\/media\/139516"}],"wp:attachment":[{"href":"https:\/\/hidalgo.nl\/de\/wp-json\/wp\/v2\/media?parent=139515"}],"wp:term":[{"taxonomy":"product_brand","embeddable":true,"href":"https:\/\/hidalgo.nl\/de\/wp-json\/wp\/v2\/product_brand?post=139515"},{"taxonomy":"product_cat","embeddable":true,"href":"https:\/\/hidalgo.nl\/de\/wp-json\/wp\/v2\/product_cat?post=139515"},{"taxonomy":"product_tag","embeddable":true,"href":"https:\/\/hidalgo.nl\/de\/wp-json\/wp\/v2\/product_tag?post=139515"}],"curies":[{"name":"wp","href":"https:\/\/api.w.org\/{rel}","templated":true}]}}