{"id":139348,"date":"2025-07-09T11:39:04","date_gmt":"2025-07-09T11:39:04","guid":{"rendered":"http:\/\/bidonsenshakers.pim.hidalgo.nl\/product\/orrefors-hunting-bbq-handschoenen\/"},"modified":"2026-05-02T13:44:54","modified_gmt":"2026-05-02T13:44:54","slug":"orrefors-hunting-bbq-handschoenen","status":"publish","type":"product","link":"https:\/\/hidalgo.nl\/de\/product\/139348\/grillhandschuhe-orrefors-bedrucken-leder-hitzebestaendig-uni\/","title":{"rendered":"Orrefors Hunting BBQ handschoenen"},"content":{"rendered":"<p>Deze stevige leren Orrefors Hunting BBQ handschoenenset beschermt je tegen het verbranden van je vingers of het verbranden van het haar op je onderarmen. De set wordt geleverd in een stijlvolle kartonnen doos. Orrefors Hunting producten zijn stevige en robuuste kwaliteitsproducten die je altijd en overal kunt gebruiken.<\/p>\n","protected":false},"excerpt":{"rendered":"<p>Deze stevige leren Orrefors Hunting BBQ handschoenenset beschermt je tegen het verbranden van je vingers of het verbranden van het haar op je onderarmen. De set wordt geleverd in een stijlvolle kartonnen doos. Orrefors Hunting producten zijn stevige en robuuste kwaliteitsproducten die je altijd en overal kunt gebruiken.<\/p>\n","protected":false},"featured_media":139349,"template":"","meta":{"_acf_changed":false,"om_disable_all_campaigns":false,"_monsterinsights_skip_tracking":false,"_monsterinsights_sitenote_active":false,"_monsterinsights_sitenote_note":"","_monsterinsights_sitenote_category":0},"product_brand":[],"product_cat":[4719,4728,4729],"product_tag":[],"class_list":{"0":"post-139348","1":"product","2":"type-product","3":"status-publish","4":"has-post-thumbnail","6":"product_supplier-a53","7":"product_cat-promotionele-artikelen","8":"product_cat-promotionele-artikelen-thuis-keuken-en-tuin","9":"product_cat-tuin","10":"entry","12":"first","13":"instock","14":"taxable","15":"shipping-taxable","16":"purchasable","17":"product-type-variable"},"acf":{"imprint_cost":false},"aioseo_notices":[],"aioseo_head":"\n\t\t<!-- All in One SEO Pro 4.9.6.2 - aioseo.com -->\n\t<meta name=\"description\" content=\"Diese Leder Grillhandschuhe von Orrefors sch\u00fctzen H\u00e4nde und Unterarme beim Grillen dank langer Stulpe und robustem Rindsleder. Bei Hidalgo kannst du deine Grillhandschuhe mit Logo pr\u00e4zise bedrucken lassen - ideal als Werbeartikel f\u00fcr Events.\" \/>\n\t<meta name=\"robots\" content=\"max-image-preview:large\" \/>\n\t<link rel=\"canonical\" href=\"https:\/\/hidalgo.nl\/de\/wp-json\/wp\/v2\/product\/139348\" \/>\n\t<meta name=\"generator\" content=\"All in One SEO Pro (AIOSEO) 4.9.6.2\" \/>\n\t\t<meta property=\"og:locale\" content=\"de_DE\" \/>\n\t\t<meta property=\"og:site_name\" content=\"Hidalgo -\" \/>\n\t\t<meta property=\"og:type\" content=\"article\" \/>\n\t\t<meta property=\"og:title\" content=\"Grillhandschuhe Orrefors bedrucken Leder hitzebest\u00e4ndig Uni\" \/>\n\t\t<meta property=\"og:description\" content=\"Diese Leder Grillhandschuhe von Orrefors sch\u00fctzen H\u00e4nde und Unterarme beim Grillen dank langer Stulpe und robustem Rindsleder. Bei Hidalgo kannst du deine Grillhandschuhe mit Logo pr\u00e4zise bedrucken lassen - ideal als Werbeartikel f\u00fcr Events.\" \/>\n\t\t<meta property=\"og:url\" content=\"https:\/\/hidalgo.nl\/de\/wp-json\/wp\/v2\/product\/139348\" \/>\n\t\t<meta property=\"og:image\" content=\"https:\/\/shop.hidalgo.nl\/wp-content\/uploads\/2025\/11\/cropped-Hidalgo-est1993.png\" \/>\n\t\t<meta property=\"og:image:secure_url\" content=\"https:\/\/shop.hidalgo.nl\/wp-content\/uploads\/2025\/11\/cropped-Hidalgo-est1993.png\" \/>\n\t\t<meta property=\"article:published_time\" content=\"2025-07-09T11:39:04+00:00\" \/>\n\t\t<meta property=\"article:modified_time\" content=\"2026-05-02T13:44:54+00:00\" \/>\n\t\t<meta name=\"twitter:card\" content=\"summary_large_image\" \/>\n\t\t<meta name=\"twitter:title\" content=\"Grillhandschuhe Orrefors bedrucken Leder hitzebest\u00e4ndig Uni\" \/>\n\t\t<meta name=\"twitter:description\" content=\"Diese Leder Grillhandschuhe von Orrefors sch\u00fctzen H\u00e4nde und Unterarme beim Grillen dank langer Stulpe und robustem Rindsleder. Bei Hidalgo kannst du deine Grillhandschuhe mit Logo pr\u00e4zise bedrucken lassen - ideal als Werbeartikel f\u00fcr Events.\" \/>\n\t\t<meta name=\"twitter:image\" content=\"https:\/\/shop.hidalgo.nl\/wp-content\/uploads\/2025\/11\/cropped-Hidalgo-est1993.png\" \/>\n\t\t<script type=\"application\/ld+json\" class=\"aioseo-schema\">\n\t\t\t{\"@context\":\"https:\\\/\\\/schema.org\",\"@graph\":[{\"@type\":\"BreadcrumbList\",\"@id\":\"https:\\\/\\\/hidalgo.nl\\\/de\\\/product\\\/139348\\\/grillhandschuhe-orrefors-bedrucken-leder-hitzebestaendig-uni\\\/#breadcrumblist\",\"itemListElement\":[{\"@type\":\"ListItem\",\"@id\":\"https:\\\/\\\/hidalgo.nl\\\/de\\\/#listItem\",\"position\":1,\"name\":\"Home\",\"item\":\"https:\\\/\\\/hidalgo.nl\\\/de\\\/\",\"nextItem\":{\"@type\":\"ListItem\",\"@id\":\"https:\\\/\\\/hidalgo.nl\\\/example\\\/#listItem\",\"name\":\"example\"}},{\"@type\":\"ListItem\",\"@id\":\"https:\\\/\\\/hidalgo.nl\\\/example\\\/#listItem\",\"position\":2,\"name\":\"example\",\"item\":\"https:\\\/\\\/hidalgo.nl\\\/example\\\/\",\"nextItem\":{\"@type\":\"ListItem\",\"@id\":\"https:\\\/\\\/hidalgo.nl\\\/en\\\/product-supplier\\\/a53\\\/#listItem\",\"name\":\"A53\"},\"previousItem\":{\"@type\":\"ListItem\",\"@id\":\"https:\\\/\\\/hidalgo.nl\\\/de\\\/#listItem\",\"name\":\"Home\"}},{\"@type\":\"ListItem\",\"@id\":\"https:\\\/\\\/hidalgo.nl\\\/en\\\/product-supplier\\\/a53\\\/#listItem\",\"position\":3,\"name\":\"A53\",\"item\":\"https:\\\/\\\/hidalgo.nl\\\/en\\\/product-supplier\\\/a53\\\/\",\"nextItem\":{\"@type\":\"ListItem\",\"@id\":\"https:\\\/\\\/hidalgo.nl\\\/de\\\/product\\\/139348\\\/grillhandschuhe-orrefors-bedrucken-leder-hitzebestaendig-uni\\\/#listItem\",\"name\":\"Orrefors Hunting BBQ handschoenen\"},\"previousItem\":{\"@type\":\"ListItem\",\"@id\":\"https:\\\/\\\/hidalgo.nl\\\/example\\\/#listItem\",\"name\":\"example\"}},{\"@type\":\"ListItem\",\"@id\":\"https:\\\/\\\/hidalgo.nl\\\/de\\\/product\\\/139348\\\/grillhandschuhe-orrefors-bedrucken-leder-hitzebestaendig-uni\\\/#listItem\",\"position\":4,\"name\":\"Orrefors Hunting BBQ handschoenen\",\"previousItem\":{\"@type\":\"ListItem\",\"@id\":\"https:\\\/\\\/hidalgo.nl\\\/en\\\/product-supplier\\\/a53\\\/#listItem\",\"name\":\"A53\"}}]},{\"@type\":\"Organization\",\"@id\":\"https:\\\/\\\/hidalgo.nl\\\/de\\\/#organization\",\"name\":\"Hidalgo\",\"url\":\"https:\\\/\\\/hidalgo.nl\\\/de\\\/\",\"logo\":{\"@type\":\"ImageObject\",\"url\":\"https:\\\/\\\/shop.hidalgo.nl\\\/wp-content\\\/uploads\\\/2025\\\/11\\\/cropped-Hidalgo-est1993.png\",\"@id\":\"https:\\\/\\\/hidalgo.nl\\\/de\\\/product\\\/139348\\\/grillhandschuhe-orrefors-bedrucken-leder-hitzebestaendig-uni\\\/#organizationLogo\",\"width\":585,\"height\":195},\"image\":{\"@id\":\"https:\\\/\\\/hidalgo.nl\\\/de\\\/product\\\/139348\\\/grillhandschuhe-orrefors-bedrucken-leder-hitzebestaendig-uni\\\/#organizationLogo\"}},{\"@type\":\"ProductGroup\",\"@id\":\"https:\\\/\\\/hidalgo.nl\\\/de\\\/product\\\/139348\\\/grillhandschuhe-orrefors-bedrucken-leder-hitzebestaendig-uni\\\/#wooCommerceProduct\",\"name\":\"Grillhandschuhe Orrefors bedrucken Leder hitzebest\\u00e4ndig Uni\",\"url\":\"https:\\\/\\\/hidalgo.nl\\\/de\\\/product\\\/139348\\\/grillhandschuhe-orrefors-bedrucken-leder-hitzebestaendig-uni\\\/\",\"sku\":\"A53-LT54002\",\"image\":{\"@type\":\"ImageObject\",\"url\":\"https:\\\/\\\/shop.hidalgo.nl\\\/wp-content\\\/uploads\\\/2025\\\/05\\\/7c1b8ad5f68a6c2a287b3aae2b06517feace2d3428f19fabe8ee654ba83e60cc.jpg\",\"@id\":\"https:\\\/\\\/hidalgo.nl\\\/de\\\/product\\\/139348\\\/grillhandschuhe-orrefors-bedrucken-leder-hitzebestaendig-uni\\\/#productImage\",\"width\":1000,\"height\":1000},\"productGroupID\":139348,\"hasVariant\":[{\"@type\":\"Product\",\"@id\":\"https:\\\/\\\/hidalgo.nl\\\/de\\\/product\\\/139348\\\/grillhandschuhe-orrefors-bedrucken-leder-hitzebestaendig-uni\\\/#wooCommerceProduct\",\"name\":\"Orrefors Hunting BBQ handschoenen - bruin\",\"url\":\"https:\\\/\\\/hidalgo.nl\\\/de\\\/product\\\/139348\\\/grillhandschuhe-orrefors-bedrucken-leder-hitzebestaendig-uni\\\/\",\"sku\":\"A53-LT54002-N0051\",\"image\":{\"@type\":\"ImageObject\",\"url\":\"https:\\\/\\\/shop.hidalgo.nl\\\/wp-content\\\/uploads\\\/2025\\\/05\\\/543a2d089af73c69495eb16a8d626257f424479ea73d76a2a27843432262ca5a.jpg\",\"@id\":\"https:\\\/\\\/hidalgo.nl\\\/de\\\/product\\\/139348\\\/grillhandschuhe-orrefors-bedrucken-leder-hitzebestaendig-uni\\\/#productImage\",\"width\":1000,\"height\":1000},\"offers\":{\"@type\":\"Offer\",\"url\":\"https:\\\/\\\/hidalgo.nl\\\/de\\\/product\\\/139348\\\/grillhandschuhe-orrefors-bedrucken-leder-hitzebestaendig-uni\\\/#wooCommerceOffer\",\"price\":\"23.265\",\"priceCurrency\":\"EUR\",\"category\":\"Promotionele Artikelen\",\"availability\":\"https:\\\/\\\/schema.org\\\/InStock\",\"priceSpecification\":{\"@type\":\"PriceSpecification\",\"price\":23.265,\"priceCurrency\":\"EUR\",\"valueAddedTaxIncluded\":\"true\"}}}]},{\"@type\":\"WebPage\",\"@id\":\"https:\\\/\\\/hidalgo.nl\\\/de\\\/product\\\/139348\\\/grillhandschuhe-orrefors-bedrucken-leder-hitzebestaendig-uni\\\/#webpage\",\"url\":\"https:\\\/\\\/hidalgo.nl\\\/de\\\/product\\\/139348\\\/grillhandschuhe-orrefors-bedrucken-leder-hitzebestaendig-uni\\\/\",\"name\":\"Grillhandschuhe Orrefors bedrucken Leder hitzebest\\u00e4ndig Uni\",\"description\":\"Diese Leder Grillhandschuhe von Orrefors sch\\u00fctzen H\\u00e4nde und Unterarme beim Grillen dank langer Stulpe und robustem Rindsleder. Bei Hidalgo kannst du deine Grillhandschuhe mit Logo pr\\u00e4zise bedrucken lassen - ideal als Werbeartikel f\\u00fcr Events.\",\"inLanguage\":\"de-DE\",\"isPartOf\":{\"@id\":\"https:\\\/\\\/hidalgo.nl\\\/de\\\/#website\"},\"breadcrumb\":{\"@id\":\"https:\\\/\\\/hidalgo.nl\\\/de\\\/product\\\/139348\\\/grillhandschuhe-orrefors-bedrucken-leder-hitzebestaendig-uni\\\/#breadcrumblist\"},\"image\":{\"@type\":\"ImageObject\",\"url\":\"https:\\\/\\\/shop.hidalgo.nl\\\/wp-content\\\/uploads\\\/2025\\\/05\\\/7c1b8ad5f68a6c2a287b3aae2b06517feace2d3428f19fabe8ee654ba83e60cc.jpg\",\"@id\":\"https:\\\/\\\/hidalgo.nl\\\/de\\\/product\\\/139348\\\/grillhandschuhe-orrefors-bedrucken-leder-hitzebestaendig-uni\\\/#mainImage\",\"width\":1000,\"height\":1000},\"primaryImageOfPage\":{\"@id\":\"https:\\\/\\\/hidalgo.nl\\\/de\\\/product\\\/139348\\\/grillhandschuhe-orrefors-bedrucken-leder-hitzebestaendig-uni\\\/#mainImage\"},\"datePublished\":\"2025-07-09T11:39:04+00:00\",\"dateModified\":\"2026-05-02T13:44:54+00:00\"},{\"@type\":\"WebSite\",\"@id\":\"https:\\\/\\\/hidalgo.nl\\\/de\\\/#website\",\"url\":\"https:\\\/\\\/hidalgo.nl\\\/de\\\/\",\"name\":\"Hidalgo\",\"inLanguage\":\"de-DE\",\"publisher\":{\"@id\":\"https:\\\/\\\/hidalgo.nl\\\/de\\\/#organization\"}}]}\n\t\t<\/script>\n\t\t<!-- All in One SEO Pro -->\r\n\t\t<title>Grillhandschuhe Orrefors bedrucken Leder hitzebest\u00e4ndig Uni<\/title>\n\n","aioseo_head_json":{"title":"Grillhandschuhe Orrefors bedrucken Leder hitzebest\u00e4ndig Uni","description":"Diese Leder Grillhandschuhe von Orrefors sch\u00fctzen H\u00e4nde und Unterarme beim Grillen dank langer Stulpe und robustem Rindsleder. Bei Hidalgo kannst du deine Grillhandschuhe mit Logo pr\u00e4zise bedrucken lassen - ideal als Werbeartikel f\u00fcr Events.","canonical_url":"https:\/\/hidalgo.nl\/de\/wp-json\/wp\/v2\/product\/139348","robots":"max-image-preview:large","keywords":"","webmasterTools":{"miscellaneous":""},"schema":{"@context":"https:\/\/schema.org","@graph":[{"@type":"BreadcrumbList","@id":"https:\/\/hidalgo.nl\/de\/product\/139348\/grillhandschuhe-orrefors-bedrucken-leder-hitzebestaendig-uni\/#breadcrumblist","itemListElement":[{"@type":"ListItem","@id":"https:\/\/hidalgo.nl\/de\/#listItem","position":1,"name":"Home","item":"https:\/\/hidalgo.nl\/de\/","nextItem":{"@type":"ListItem","@id":"https:\/\/hidalgo.nl\/example\/#listItem","name":"example"}},{"@type":"ListItem","@id":"https:\/\/hidalgo.nl\/example\/#listItem","position":2,"name":"example","item":"https:\/\/hidalgo.nl\/example\/","nextItem":{"@type":"ListItem","@id":"https:\/\/hidalgo.nl\/en\/product-supplier\/a53\/#listItem","name":"A53"},"previousItem":{"@type":"ListItem","@id":"https:\/\/hidalgo.nl\/de\/#listItem","name":"Home"}},{"@type":"ListItem","@id":"https:\/\/hidalgo.nl\/en\/product-supplier\/a53\/#listItem","position":3,"name":"A53","item":"https:\/\/hidalgo.nl\/en\/product-supplier\/a53\/","nextItem":{"@type":"ListItem","@id":"https:\/\/hidalgo.nl\/de\/product\/139348\/grillhandschuhe-orrefors-bedrucken-leder-hitzebestaendig-uni\/#listItem","name":"Orrefors Hunting BBQ handschoenen"},"previousItem":{"@type":"ListItem","@id":"https:\/\/hidalgo.nl\/example\/#listItem","name":"example"}},{"@type":"ListItem","@id":"https:\/\/hidalgo.nl\/de\/product\/139348\/grillhandschuhe-orrefors-bedrucken-leder-hitzebestaendig-uni\/#listItem","position":4,"name":"Orrefors Hunting BBQ handschoenen","previousItem":{"@type":"ListItem","@id":"https:\/\/hidalgo.nl\/en\/product-supplier\/a53\/#listItem","name":"A53"}}]},{"@type":"Organization","@id":"https:\/\/hidalgo.nl\/de\/#organization","name":"Hidalgo","url":"https:\/\/hidalgo.nl\/de\/","logo":{"@type":"ImageObject","url":"https:\/\/shop.hidalgo.nl\/wp-content\/uploads\/2025\/11\/cropped-Hidalgo-est1993.png","@id":"https:\/\/hidalgo.nl\/de\/product\/139348\/grillhandschuhe-orrefors-bedrucken-leder-hitzebestaendig-uni\/#organizationLogo","width":585,"height":195},"image":{"@id":"https:\/\/hidalgo.nl\/de\/product\/139348\/grillhandschuhe-orrefors-bedrucken-leder-hitzebestaendig-uni\/#organizationLogo"}},{"@type":"ProductGroup","@id":"https:\/\/hidalgo.nl\/de\/product\/139348\/grillhandschuhe-orrefors-bedrucken-leder-hitzebestaendig-uni\/#wooCommerceProduct","name":"Grillhandschuhe Orrefors bedrucken Leder hitzebest\u00e4ndig Uni","url":"https:\/\/hidalgo.nl\/de\/product\/139348\/grillhandschuhe-orrefors-bedrucken-leder-hitzebestaendig-uni\/","sku":"A53-LT54002","image":{"@type":"ImageObject","url":"https:\/\/shop.hidalgo.nl\/wp-content\/uploads\/2025\/05\/7c1b8ad5f68a6c2a287b3aae2b06517feace2d3428f19fabe8ee654ba83e60cc.jpg","@id":"https:\/\/hidalgo.nl\/de\/product\/139348\/grillhandschuhe-orrefors-bedrucken-leder-hitzebestaendig-uni\/#productImage","width":1000,"height":1000},"productGroupID":139348,"hasVariant":[{"@type":"Product","@id":"https:\/\/hidalgo.nl\/de\/product\/139348\/grillhandschuhe-orrefors-bedrucken-leder-hitzebestaendig-uni\/#wooCommerceProduct","name":"Orrefors Hunting BBQ handschoenen - bruin","url":"https:\/\/hidalgo.nl\/de\/product\/139348\/grillhandschuhe-orrefors-bedrucken-leder-hitzebestaendig-uni\/","sku":"A53-LT54002-N0051","image":{"@type":"ImageObject","url":"https:\/\/shop.hidalgo.nl\/wp-content\/uploads\/2025\/05\/543a2d089af73c69495eb16a8d626257f424479ea73d76a2a27843432262ca5a.jpg","@id":"https:\/\/hidalgo.nl\/de\/product\/139348\/grillhandschuhe-orrefors-bedrucken-leder-hitzebestaendig-uni\/#productImage","width":1000,"height":1000},"offers":{"@type":"Offer","url":"https:\/\/hidalgo.nl\/de\/product\/139348\/grillhandschuhe-orrefors-bedrucken-leder-hitzebestaendig-uni\/#wooCommerceOffer","price":"23.265","priceCurrency":"EUR","category":"Promotionele Artikelen","availability":"https:\/\/schema.org\/InStock","priceSpecification":{"@type":"PriceSpecification","price":23.265,"priceCurrency":"EUR","valueAddedTaxIncluded":"true"}}}]},{"@type":"WebPage","@id":"https:\/\/hidalgo.nl\/de\/product\/139348\/grillhandschuhe-orrefors-bedrucken-leder-hitzebestaendig-uni\/#webpage","url":"https:\/\/hidalgo.nl\/de\/product\/139348\/grillhandschuhe-orrefors-bedrucken-leder-hitzebestaendig-uni\/","name":"Grillhandschuhe Orrefors bedrucken Leder hitzebest\u00e4ndig Uni","description":"Diese Leder Grillhandschuhe von Orrefors sch\u00fctzen H\u00e4nde und Unterarme beim Grillen dank langer Stulpe und robustem Rindsleder. Bei Hidalgo kannst du deine Grillhandschuhe mit Logo pr\u00e4zise bedrucken lassen - ideal als Werbeartikel f\u00fcr Events.","inLanguage":"de-DE","isPartOf":{"@id":"https:\/\/hidalgo.nl\/de\/#website"},"breadcrumb":{"@id":"https:\/\/hidalgo.nl\/de\/product\/139348\/grillhandschuhe-orrefors-bedrucken-leder-hitzebestaendig-uni\/#breadcrumblist"},"image":{"@type":"ImageObject","url":"https:\/\/shop.hidalgo.nl\/wp-content\/uploads\/2025\/05\/7c1b8ad5f68a6c2a287b3aae2b06517feace2d3428f19fabe8ee654ba83e60cc.jpg","@id":"https:\/\/hidalgo.nl\/de\/product\/139348\/grillhandschuhe-orrefors-bedrucken-leder-hitzebestaendig-uni\/#mainImage","width":1000,"height":1000},"primaryImageOfPage":{"@id":"https:\/\/hidalgo.nl\/de\/product\/139348\/grillhandschuhe-orrefors-bedrucken-leder-hitzebestaendig-uni\/#mainImage"},"datePublished":"2025-07-09T11:39:04+00:00","dateModified":"2026-05-02T13:44:54+00:00"},{"@type":"WebSite","@id":"https:\/\/hidalgo.nl\/de\/#website","url":"https:\/\/hidalgo.nl\/de\/","name":"Hidalgo","inLanguage":"de-DE","publisher":{"@id":"https:\/\/hidalgo.nl\/de\/#organization"}}]},"og:locale":"de_DE","og:site_name":"Hidalgo -","og:type":"article","og:title":"Grillhandschuhe Orrefors bedrucken Leder hitzebest\u00e4ndig Uni","og:description":"Diese Leder Grillhandschuhe von Orrefors sch\u00fctzen H\u00e4nde und Unterarme beim Grillen dank langer Stulpe und robustem Rindsleder. Bei Hidalgo kannst du deine Grillhandschuhe mit Logo pr\u00e4zise bedrucken lassen - ideal als Werbeartikel f\u00fcr Events.","og:url":"https:\/\/hidalgo.nl\/de\/wp-json\/wp\/v2\/product\/139348","og:image":"https:\/\/shop.hidalgo.nl\/wp-content\/uploads\/2025\/11\/cropped-Hidalgo-est1993.png","og:image:secure_url":"https:\/\/shop.hidalgo.nl\/wp-content\/uploads\/2025\/11\/cropped-Hidalgo-est1993.png","article:published_time":"2025-07-09T11:39:04+00:00","article:modified_time":"2026-05-02T13:44:54+00:00","twitter:card":"summary_large_image","twitter:title":"Grillhandschuhe Orrefors bedrucken Leder hitzebest\u00e4ndig Uni","twitter:description":"Diese Leder Grillhandschuhe von Orrefors sch\u00fctzen H\u00e4nde und Unterarme beim Grillen dank langer Stulpe und robustem Rindsleder. Bei Hidalgo kannst du deine Grillhandschuhe mit Logo pr\u00e4zise bedrucken lassen - ideal als Werbeartikel f\u00fcr Events.","twitter:image":"https:\/\/shop.hidalgo.nl\/wp-content\/uploads\/2025\/11\/cropped-Hidalgo-est1993.png"},"aioseo_meta_data":{"post_id":"139348","title":null,"description":null,"keywords":null,"keyphrases":null,"primary_term":null,"canonical_url":null,"og_title":null,"og_description":null,"og_object_type":"default","og_image_type":"default","og_image_url":null,"og_image_width":null,"og_image_height":null,"og_image_custom_url":null,"og_image_custom_fields":null,"og_video":null,"og_custom_url":null,"og_article_section":null,"og_article_tags":null,"twitter_use_og":false,"twitter_card":"default","twitter_image_type":"default","twitter_image_url":null,"twitter_image_custom_url":null,"twitter_image_custom_fields":null,"twitter_title":null,"twitter_description":null,"schema":{"blockGraphs":[],"customGraphs":[],"default":{"data":{"Article":[],"Course":[],"Dataset":[],"FAQPage":[],"Movie":[],"Person":[],"Product":[],"ProductReview":[],"Car":[],"Recipe":[],"Service":[],"SoftwareApplication":[],"WebPage":[]},"graphName":"","isEnabled":true},"graphs":[]},"schema_type":"default","schema_type_options":null,"pillar_content":false,"robots_default":true,"robots_noindex":false,"robots_noarchive":false,"robots_nosnippet":false,"robots_nofollow":false,"robots_noimageindex":false,"robots_noodp":false,"robots_notranslate":false,"robots_max_snippet":null,"robots_max_videopreview":null,"robots_max_imagepreview":"large","priority":null,"frequency":null,"local_seo":null,"seo_analyzer_scan_date":"2026-01-23 15:28:38","breadcrumb_settings":null,"limit_modified_date":false,"reviewed_by":null,"open_ai":null,"ai":null,"created":"2026-01-14 06:25:39","updated":"2026-05-02 13:48:09"},"aioseo_breadcrumb":"<div class=\"aioseo-breadcrumbs\"><span class=\"aioseo-breadcrumb\">\n\t<a href=\"https:\/\/hidalgo.nl\/de\/\" title=\"Home\">Home<\/a>\n<\/span><span class=\"aioseo-breadcrumb-separator\">\u00bb<\/span><span class=\"aioseo-breadcrumb\">\n\t<a href=\"https:\/\/hidalgo.nl\/example\/\" title=\"example\">example<\/a>\n<\/span><span class=\"aioseo-breadcrumb-separator\">\u00bb<\/span><span class=\"aioseo-breadcrumb\">\n\t<a href=\"https:\/\/hidalgo.nl\/en\/product-supplier\/a53\/\" title=\"A53\">A53<\/a>\n<\/span><span class=\"aioseo-breadcrumb-separator\">\u00bb<\/span><span class=\"aioseo-breadcrumb\">\n\tOrrefors Hunting BBQ handschoenen\n<\/span><\/div>","aioseo_breadcrumb_json":[{"label":"Home","link":"https:\/\/hidalgo.nl\/de\/"},{"label":"example","link":"https:\/\/hidalgo.nl\/example\/"},{"label":"A53","link":"https:\/\/hidalgo.nl\/en\/product-supplier\/a53\/"},{"label":"Orrefors Hunting BBQ handschoenen","link":"https:\/\/hidalgo.nl\/de\/product\/139348\/grillhandschuhe-orrefors-bedrucken-leder-hitzebestaendig-uni\/"}],"_links":{"self":[{"href":"https:\/\/hidalgo.nl\/de\/wp-json\/wp\/v2\/product\/139348","targetHints":{"allow":["GET"]}}],"collection":[{"href":"https:\/\/hidalgo.nl\/de\/wp-json\/wp\/v2\/product"}],"about":[{"href":"https:\/\/hidalgo.nl\/de\/wp-json\/wp\/v2\/types\/product"}],"wp:featuredmedia":[{"embeddable":true,"href":"https:\/\/hidalgo.nl\/de\/wp-json\/wp\/v2\/media\/139349"}],"wp:attachment":[{"href":"https:\/\/hidalgo.nl\/de\/wp-json\/wp\/v2\/media?parent=139348"}],"wp:term":[{"taxonomy":"product_brand","embeddable":true,"href":"https:\/\/hidalgo.nl\/de\/wp-json\/wp\/v2\/product_brand?post=139348"},{"taxonomy":"product_cat","embeddable":true,"href":"https:\/\/hidalgo.nl\/de\/wp-json\/wp\/v2\/product_cat?post=139348"},{"taxonomy":"product_tag","embeddable":true,"href":"https:\/\/hidalgo.nl\/de\/wp-json\/wp\/v2\/product_tag?post=139348"}],"curies":[{"name":"wp","href":"https:\/\/api.w.org\/{rel}","templated":true}]}}