{"id":139250,"date":"2025-07-09T11:35:32","date_gmt":"2025-07-09T11:35:32","guid":{"rendered":"http:\/\/bidonsenshakers.pim.hidalgo.nl\/product\/byon-opacity-set-van-2-champagneglazen-met-stijlvol-glas-patroon-300ml\/"},"modified":"2026-05-02T13:25:28","modified_gmt":"2026-05-02T13:25:28","slug":"byon-opacity-set-van-2-champagneglazen-met-stijlvol-glas-patroon-300ml","status":"publish","type":"product","link":"https:\/\/hidalgo.nl\/de\/product\/139250\/champagnerglaeser-byon-opacity-bedrucken-muster-2er-set-300ml\/","title":{"rendered":"Byon Opacity set van 2 champagneglazen met stijlvol glas patroon 300ml"},"content":{"rendered":"<p>Deze luxe Opacity Champagne coupes zijn gemaakt van helder glas met een prachtig gesponnen glaspatroon. De coupes zijn ook perfect te gebruiken voor dessets of likeur. Het gebruiken van de coups, garanderen een feestelijker gevoel. Een ontwerp weerspiegeld het contrast tussen luxe en eigenzinnigheid. Ontwerp door Studio Byon. Geleverd als set in Giftbox.<\/p>\n","protected":false},"excerpt":{"rendered":"<p>Deze luxe Opacity Champagne coupes zijn gemaakt van helder glas met een prachtig gesponnen glaspatroon. De coupes zijn ook perfect te gebruiken voor dessets of likeur. Het gebruiken van de coups, garanderen een feestelijker gevoel. Een ontwerp weerspiegeld het contrast tussen luxe en eigenzinnigheid. Ontwerp door Studio Byon. Geleverd als set in Giftbox.<\/p>\n","protected":false},"featured_media":139251,"template":"","meta":{"_acf_changed":false,"om_disable_all_campaigns":false,"_monsterinsights_skip_tracking":false,"_monsterinsights_sitenote_active":false,"_monsterinsights_sitenote_note":"","_monsterinsights_sitenote_category":0},"product_brand":[],"product_cat":[4764,4735,4719,4728],"product_tag":[],"class_list":{"0":"post-139250","1":"product","2":"type-product","3":"status-publish","4":"has-post-thumbnail","6":"product_supplier-a53","7":"product_cat-glazen-en-karaffen","8":"product_cat-keuken","9":"product_cat-promotionele-artikelen","10":"product_cat-promotionele-artikelen-thuis-keuken-en-tuin","11":"entry","13":"first","14":"instock","15":"taxable","16":"shipping-taxable","17":"purchasable","18":"product-type-variable"},"acf":{"imprint_cost":false},"aioseo_notices":[],"aioseo_head":"\n\t\t<!-- All in One SEO Pro 4.9.6.2 - aioseo.com -->\n\t<meta name=\"description\" content=\"Zwei 300 ml Byon Opacity Gl\u00e4ser mit elegantem Muster kommen in der Geschenkbox. Bei Hidalgo kannst du Sektgl\u00e4ser bedrucken lassen oder gravieren - ideal als Champagnergl\u00e4ser Set f\u00fcr Events und Firmen, das deine Marke sichtbar macht.\" \/>\n\t<meta name=\"robots\" content=\"max-image-preview:large\" \/>\n\t<link rel=\"canonical\" href=\"https:\/\/hidalgo.nl\/de\/wp-json\/wp\/v2\/product\/139250\" \/>\n\t<meta name=\"generator\" content=\"All in One SEO Pro (AIOSEO) 4.9.6.2\" \/>\n\t\t<meta property=\"og:locale\" content=\"de_DE\" \/>\n\t\t<meta property=\"og:site_name\" content=\"Hidalgo -\" \/>\n\t\t<meta property=\"og:type\" content=\"article\" \/>\n\t\t<meta property=\"og:title\" content=\"Champagnergl\u00e4ser Byon Opacity bedrucken Muster 2er Set 300ml\" \/>\n\t\t<meta property=\"og:description\" content=\"Zwei 300 ml Byon Opacity Gl\u00e4ser mit elegantem Muster kommen in der Geschenkbox. Bei Hidalgo kannst du Sektgl\u00e4ser bedrucken lassen oder gravieren - ideal als Champagnergl\u00e4ser Set f\u00fcr Events und Firmen, das deine Marke sichtbar macht.\" \/>\n\t\t<meta property=\"og:url\" content=\"https:\/\/hidalgo.nl\/de\/wp-json\/wp\/v2\/product\/139250\" \/>\n\t\t<meta property=\"og:image\" content=\"https:\/\/shop.hidalgo.nl\/wp-content\/uploads\/2025\/11\/cropped-Hidalgo-est1993.png\" \/>\n\t\t<meta property=\"og:image:secure_url\" content=\"https:\/\/shop.hidalgo.nl\/wp-content\/uploads\/2025\/11\/cropped-Hidalgo-est1993.png\" \/>\n\t\t<meta property=\"article:published_time\" content=\"2025-07-09T11:35:32+00:00\" \/>\n\t\t<meta property=\"article:modified_time\" content=\"2026-05-02T13:25:28+00:00\" \/>\n\t\t<meta name=\"twitter:card\" content=\"summary_large_image\" \/>\n\t\t<meta name=\"twitter:title\" content=\"Champagnergl\u00e4ser Byon Opacity bedrucken Muster 2er Set 300ml\" \/>\n\t\t<meta name=\"twitter:description\" content=\"Zwei 300 ml Byon Opacity Gl\u00e4ser mit elegantem Muster kommen in der Geschenkbox. Bei Hidalgo kannst du Sektgl\u00e4ser bedrucken lassen oder gravieren - ideal als Champagnergl\u00e4ser Set f\u00fcr Events und Firmen, das deine Marke sichtbar macht.\" \/>\n\t\t<meta name=\"twitter:image\" content=\"https:\/\/shop.hidalgo.nl\/wp-content\/uploads\/2025\/11\/cropped-Hidalgo-est1993.png\" \/>\n\t\t<script type=\"application\/ld+json\" class=\"aioseo-schema\">\n\t\t\t{\"@context\":\"https:\\\/\\\/schema.org\",\"@graph\":[{\"@type\":\"BreadcrumbList\",\"@id\":\"https:\\\/\\\/hidalgo.nl\\\/de\\\/product\\\/139250\\\/champagnerglaeser-byon-opacity-bedrucken-muster-2er-set-300ml\\\/#breadcrumblist\",\"itemListElement\":[{\"@type\":\"ListItem\",\"@id\":\"https:\\\/\\\/hidalgo.nl\\\/de\\\/#listItem\",\"position\":1,\"name\":\"Home\",\"item\":\"https:\\\/\\\/hidalgo.nl\\\/de\\\/\",\"nextItem\":{\"@type\":\"ListItem\",\"@id\":\"https:\\\/\\\/hidalgo.nl\\\/example\\\/#listItem\",\"name\":\"example\"}},{\"@type\":\"ListItem\",\"@id\":\"https:\\\/\\\/hidalgo.nl\\\/example\\\/#listItem\",\"position\":2,\"name\":\"example\",\"item\":\"https:\\\/\\\/hidalgo.nl\\\/example\\\/\",\"nextItem\":{\"@type\":\"ListItem\",\"@id\":\"https:\\\/\\\/hidalgo.nl\\\/en\\\/product-supplier\\\/a53\\\/#listItem\",\"name\":\"A53\"},\"previousItem\":{\"@type\":\"ListItem\",\"@id\":\"https:\\\/\\\/hidalgo.nl\\\/de\\\/#listItem\",\"name\":\"Home\"}},{\"@type\":\"ListItem\",\"@id\":\"https:\\\/\\\/hidalgo.nl\\\/en\\\/product-supplier\\\/a53\\\/#listItem\",\"position\":3,\"name\":\"A53\",\"item\":\"https:\\\/\\\/hidalgo.nl\\\/en\\\/product-supplier\\\/a53\\\/\",\"nextItem\":{\"@type\":\"ListItem\",\"@id\":\"https:\\\/\\\/hidalgo.nl\\\/de\\\/product\\\/139250\\\/champagnerglaeser-byon-opacity-bedrucken-muster-2er-set-300ml\\\/#listItem\",\"name\":\"Byon Opacity set van 2 champagneglazen met stijlvol glas patroon 300ml\"},\"previousItem\":{\"@type\":\"ListItem\",\"@id\":\"https:\\\/\\\/hidalgo.nl\\\/example\\\/#listItem\",\"name\":\"example\"}},{\"@type\":\"ListItem\",\"@id\":\"https:\\\/\\\/hidalgo.nl\\\/de\\\/product\\\/139250\\\/champagnerglaeser-byon-opacity-bedrucken-muster-2er-set-300ml\\\/#listItem\",\"position\":4,\"name\":\"Byon Opacity set van 2 champagneglazen met stijlvol glas patroon 300ml\",\"previousItem\":{\"@type\":\"ListItem\",\"@id\":\"https:\\\/\\\/hidalgo.nl\\\/en\\\/product-supplier\\\/a53\\\/#listItem\",\"name\":\"A53\"}}]},{\"@type\":\"Organization\",\"@id\":\"https:\\\/\\\/hidalgo.nl\\\/de\\\/#organization\",\"name\":\"Hidalgo\",\"url\":\"https:\\\/\\\/hidalgo.nl\\\/de\\\/\",\"logo\":{\"@type\":\"ImageObject\",\"url\":\"https:\\\/\\\/shop.hidalgo.nl\\\/wp-content\\\/uploads\\\/2025\\\/11\\\/cropped-Hidalgo-est1993.png\",\"@id\":\"https:\\\/\\\/hidalgo.nl\\\/de\\\/product\\\/139250\\\/champagnerglaeser-byon-opacity-bedrucken-muster-2er-set-300ml\\\/#organizationLogo\",\"width\":585,\"height\":195},\"image\":{\"@id\":\"https:\\\/\\\/hidalgo.nl\\\/de\\\/product\\\/139250\\\/champagnerglaeser-byon-opacity-bedrucken-muster-2er-set-300ml\\\/#organizationLogo\"}},{\"@type\":\"ProductGroup\",\"@id\":\"https:\\\/\\\/hidalgo.nl\\\/de\\\/product\\\/139250\\\/champagnerglaeser-byon-opacity-bedrucken-muster-2er-set-300ml\\\/#wooCommerceProduct\",\"name\":\"Champagnergl\\u00e4ser Byon Opacity bedrucken Muster 2er Set 300ml\",\"url\":\"https:\\\/\\\/hidalgo.nl\\\/de\\\/product\\\/139250\\\/champagnerglaeser-byon-opacity-bedrucken-muster-2er-set-300ml\\\/\",\"sku\":\"A53-LT53026\",\"image\":{\"@type\":\"ImageObject\",\"url\":\"https:\\\/\\\/shop.hidalgo.nl\\\/wp-content\\\/uploads\\\/2025\\\/05\\\/a13e4cde68e8f482b40b280d3003743dfa84ad858a2ffe72ea7d0dffdfa13888.jpg\",\"@id\":\"https:\\\/\\\/hidalgo.nl\\\/de\\\/product\\\/139250\\\/champagnerglaeser-byon-opacity-bedrucken-muster-2er-set-300ml\\\/#productImage\",\"width\":1000,\"height\":1000},\"productGroupID\":139250,\"hasVariant\":[{\"@type\":\"Product\",\"@id\":\"https:\\\/\\\/hidalgo.nl\\\/de\\\/product\\\/139250\\\/champagnerglaeser-byon-opacity-bedrucken-muster-2er-set-300ml\\\/#wooCommerceProduct\",\"name\":\"Byon Opacity set van 2 champagneglazen met stijlvol glas patroon 300ml - transparant\",\"url\":\"https:\\\/\\\/hidalgo.nl\\\/de\\\/product\\\/139250\\\/champagnerglaeser-byon-opacity-bedrucken-muster-2er-set-300ml\\\/\",\"sku\":\"A53-LT53026-N0004\",\"image\":{\"@type\":\"ImageObject\",\"url\":\"https:\\\/\\\/shop.hidalgo.nl\\\/wp-content\\\/uploads\\\/2025\\\/05\\\/529c45d64360a8289dca2908d722740416e5cdde537e8841f430cfcd7d9d3194.jpg\",\"@id\":\"https:\\\/\\\/hidalgo.nl\\\/de\\\/product\\\/139250\\\/champagnerglaeser-byon-opacity-bedrucken-muster-2er-set-300ml\\\/#productImage\",\"width\":1000,\"height\":1000},\"offers\":{\"@type\":\"Offer\",\"url\":\"https:\\\/\\\/hidalgo.nl\\\/de\\\/product\\\/139250\\\/champagnerglaeser-byon-opacity-bedrucken-muster-2er-set-300ml\\\/#wooCommerceOffer\",\"price\":\"12.525\",\"priceCurrency\":\"EUR\",\"category\":\"Promotionele Artikelen\",\"availability\":\"https:\\\/\\\/schema.org\\\/InStock\",\"priceSpecification\":{\"@type\":\"PriceSpecification\",\"price\":12.525,\"priceCurrency\":\"EUR\",\"valueAddedTaxIncluded\":\"true\"}}}]},{\"@type\":\"WebPage\",\"@id\":\"https:\\\/\\\/hidalgo.nl\\\/de\\\/product\\\/139250\\\/champagnerglaeser-byon-opacity-bedrucken-muster-2er-set-300ml\\\/#webpage\",\"url\":\"https:\\\/\\\/hidalgo.nl\\\/de\\\/product\\\/139250\\\/champagnerglaeser-byon-opacity-bedrucken-muster-2er-set-300ml\\\/\",\"name\":\"Champagnergl\\u00e4ser Byon Opacity bedrucken Muster 2er Set 300ml\",\"description\":\"Zwei 300 ml Byon Opacity Gl\\u00e4ser mit elegantem Muster kommen in der Geschenkbox. Bei Hidalgo kannst du Sektgl\\u00e4ser bedrucken lassen oder gravieren - ideal als Champagnergl\\u00e4ser Set f\\u00fcr Events und Firmen, das deine Marke sichtbar macht.\",\"inLanguage\":\"de-DE\",\"isPartOf\":{\"@id\":\"https:\\\/\\\/hidalgo.nl\\\/de\\\/#website\"},\"breadcrumb\":{\"@id\":\"https:\\\/\\\/hidalgo.nl\\\/de\\\/product\\\/139250\\\/champagnerglaeser-byon-opacity-bedrucken-muster-2er-set-300ml\\\/#breadcrumblist\"},\"image\":{\"@type\":\"ImageObject\",\"url\":\"https:\\\/\\\/shop.hidalgo.nl\\\/wp-content\\\/uploads\\\/2025\\\/05\\\/a13e4cde68e8f482b40b280d3003743dfa84ad858a2ffe72ea7d0dffdfa13888.jpg\",\"@id\":\"https:\\\/\\\/hidalgo.nl\\\/de\\\/product\\\/139250\\\/champagnerglaeser-byon-opacity-bedrucken-muster-2er-set-300ml\\\/#mainImage\",\"width\":1000,\"height\":1000},\"primaryImageOfPage\":{\"@id\":\"https:\\\/\\\/hidalgo.nl\\\/de\\\/product\\\/139250\\\/champagnerglaeser-byon-opacity-bedrucken-muster-2er-set-300ml\\\/#mainImage\"},\"datePublished\":\"2025-07-09T11:35:32+00:00\",\"dateModified\":\"2026-05-02T13:25:28+00:00\"},{\"@type\":\"WebSite\",\"@id\":\"https:\\\/\\\/hidalgo.nl\\\/de\\\/#website\",\"url\":\"https:\\\/\\\/hidalgo.nl\\\/de\\\/\",\"name\":\"Hidalgo\",\"inLanguage\":\"de-DE\",\"publisher\":{\"@id\":\"https:\\\/\\\/hidalgo.nl\\\/de\\\/#organization\"}}]}\n\t\t<\/script>\n\t\t<!-- All in One SEO Pro -->\r\n\t\t<title>Champagnergl\u00e4ser Byon Opacity bedrucken Muster 2er Set 300ml<\/title>\n\n","aioseo_head_json":{"title":"Champagnergl\u00e4ser Byon Opacity bedrucken Muster 2er Set 300ml","description":"Zwei 300 ml Byon Opacity Gl\u00e4ser mit elegantem Muster kommen in der Geschenkbox. Bei Hidalgo kannst du Sektgl\u00e4ser bedrucken lassen oder gravieren - ideal als Champagnergl\u00e4ser Set f\u00fcr Events und Firmen, das deine Marke sichtbar macht.","canonical_url":"https:\/\/hidalgo.nl\/de\/wp-json\/wp\/v2\/product\/139250","robots":"max-image-preview:large","keywords":"","webmasterTools":{"miscellaneous":""},"schema":{"@context":"https:\/\/schema.org","@graph":[{"@type":"BreadcrumbList","@id":"https:\/\/hidalgo.nl\/de\/product\/139250\/champagnerglaeser-byon-opacity-bedrucken-muster-2er-set-300ml\/#breadcrumblist","itemListElement":[{"@type":"ListItem","@id":"https:\/\/hidalgo.nl\/de\/#listItem","position":1,"name":"Home","item":"https:\/\/hidalgo.nl\/de\/","nextItem":{"@type":"ListItem","@id":"https:\/\/hidalgo.nl\/example\/#listItem","name":"example"}},{"@type":"ListItem","@id":"https:\/\/hidalgo.nl\/example\/#listItem","position":2,"name":"example","item":"https:\/\/hidalgo.nl\/example\/","nextItem":{"@type":"ListItem","@id":"https:\/\/hidalgo.nl\/en\/product-supplier\/a53\/#listItem","name":"A53"},"previousItem":{"@type":"ListItem","@id":"https:\/\/hidalgo.nl\/de\/#listItem","name":"Home"}},{"@type":"ListItem","@id":"https:\/\/hidalgo.nl\/en\/product-supplier\/a53\/#listItem","position":3,"name":"A53","item":"https:\/\/hidalgo.nl\/en\/product-supplier\/a53\/","nextItem":{"@type":"ListItem","@id":"https:\/\/hidalgo.nl\/de\/product\/139250\/champagnerglaeser-byon-opacity-bedrucken-muster-2er-set-300ml\/#listItem","name":"Byon Opacity set van 2 champagneglazen met stijlvol glas patroon 300ml"},"previousItem":{"@type":"ListItem","@id":"https:\/\/hidalgo.nl\/example\/#listItem","name":"example"}},{"@type":"ListItem","@id":"https:\/\/hidalgo.nl\/de\/product\/139250\/champagnerglaeser-byon-opacity-bedrucken-muster-2er-set-300ml\/#listItem","position":4,"name":"Byon Opacity set van 2 champagneglazen met stijlvol glas patroon 300ml","previousItem":{"@type":"ListItem","@id":"https:\/\/hidalgo.nl\/en\/product-supplier\/a53\/#listItem","name":"A53"}}]},{"@type":"Organization","@id":"https:\/\/hidalgo.nl\/de\/#organization","name":"Hidalgo","url":"https:\/\/hidalgo.nl\/de\/","logo":{"@type":"ImageObject","url":"https:\/\/shop.hidalgo.nl\/wp-content\/uploads\/2025\/11\/cropped-Hidalgo-est1993.png","@id":"https:\/\/hidalgo.nl\/de\/product\/139250\/champagnerglaeser-byon-opacity-bedrucken-muster-2er-set-300ml\/#organizationLogo","width":585,"height":195},"image":{"@id":"https:\/\/hidalgo.nl\/de\/product\/139250\/champagnerglaeser-byon-opacity-bedrucken-muster-2er-set-300ml\/#organizationLogo"}},{"@type":"ProductGroup","@id":"https:\/\/hidalgo.nl\/de\/product\/139250\/champagnerglaeser-byon-opacity-bedrucken-muster-2er-set-300ml\/#wooCommerceProduct","name":"Champagnergl\u00e4ser Byon Opacity bedrucken Muster 2er Set 300ml","url":"https:\/\/hidalgo.nl\/de\/product\/139250\/champagnerglaeser-byon-opacity-bedrucken-muster-2er-set-300ml\/","sku":"A53-LT53026","image":{"@type":"ImageObject","url":"https:\/\/shop.hidalgo.nl\/wp-content\/uploads\/2025\/05\/a13e4cde68e8f482b40b280d3003743dfa84ad858a2ffe72ea7d0dffdfa13888.jpg","@id":"https:\/\/hidalgo.nl\/de\/product\/139250\/champagnerglaeser-byon-opacity-bedrucken-muster-2er-set-300ml\/#productImage","width":1000,"height":1000},"productGroupID":139250,"hasVariant":[{"@type":"Product","@id":"https:\/\/hidalgo.nl\/de\/product\/139250\/champagnerglaeser-byon-opacity-bedrucken-muster-2er-set-300ml\/#wooCommerceProduct","name":"Byon Opacity set van 2 champagneglazen met stijlvol glas patroon 300ml - transparant","url":"https:\/\/hidalgo.nl\/de\/product\/139250\/champagnerglaeser-byon-opacity-bedrucken-muster-2er-set-300ml\/","sku":"A53-LT53026-N0004","image":{"@type":"ImageObject","url":"https:\/\/shop.hidalgo.nl\/wp-content\/uploads\/2025\/05\/529c45d64360a8289dca2908d722740416e5cdde537e8841f430cfcd7d9d3194.jpg","@id":"https:\/\/hidalgo.nl\/de\/product\/139250\/champagnerglaeser-byon-opacity-bedrucken-muster-2er-set-300ml\/#productImage","width":1000,"height":1000},"offers":{"@type":"Offer","url":"https:\/\/hidalgo.nl\/de\/product\/139250\/champagnerglaeser-byon-opacity-bedrucken-muster-2er-set-300ml\/#wooCommerceOffer","price":"12.525","priceCurrency":"EUR","category":"Promotionele Artikelen","availability":"https:\/\/schema.org\/InStock","priceSpecification":{"@type":"PriceSpecification","price":12.525,"priceCurrency":"EUR","valueAddedTaxIncluded":"true"}}}]},{"@type":"WebPage","@id":"https:\/\/hidalgo.nl\/de\/product\/139250\/champagnerglaeser-byon-opacity-bedrucken-muster-2er-set-300ml\/#webpage","url":"https:\/\/hidalgo.nl\/de\/product\/139250\/champagnerglaeser-byon-opacity-bedrucken-muster-2er-set-300ml\/","name":"Champagnergl\u00e4ser Byon Opacity bedrucken Muster 2er Set 300ml","description":"Zwei 300 ml Byon Opacity Gl\u00e4ser mit elegantem Muster kommen in der Geschenkbox. Bei Hidalgo kannst du Sektgl\u00e4ser bedrucken lassen oder gravieren - ideal als Champagnergl\u00e4ser Set f\u00fcr Events und Firmen, das deine Marke sichtbar macht.","inLanguage":"de-DE","isPartOf":{"@id":"https:\/\/hidalgo.nl\/de\/#website"},"breadcrumb":{"@id":"https:\/\/hidalgo.nl\/de\/product\/139250\/champagnerglaeser-byon-opacity-bedrucken-muster-2er-set-300ml\/#breadcrumblist"},"image":{"@type":"ImageObject","url":"https:\/\/shop.hidalgo.nl\/wp-content\/uploads\/2025\/05\/a13e4cde68e8f482b40b280d3003743dfa84ad858a2ffe72ea7d0dffdfa13888.jpg","@id":"https:\/\/hidalgo.nl\/de\/product\/139250\/champagnerglaeser-byon-opacity-bedrucken-muster-2er-set-300ml\/#mainImage","width":1000,"height":1000},"primaryImageOfPage":{"@id":"https:\/\/hidalgo.nl\/de\/product\/139250\/champagnerglaeser-byon-opacity-bedrucken-muster-2er-set-300ml\/#mainImage"},"datePublished":"2025-07-09T11:35:32+00:00","dateModified":"2026-05-02T13:25:28+00:00"},{"@type":"WebSite","@id":"https:\/\/hidalgo.nl\/de\/#website","url":"https:\/\/hidalgo.nl\/de\/","name":"Hidalgo","inLanguage":"de-DE","publisher":{"@id":"https:\/\/hidalgo.nl\/de\/#organization"}}]},"og:locale":"de_DE","og:site_name":"Hidalgo -","og:type":"article","og:title":"Champagnergl\u00e4ser Byon Opacity bedrucken Muster 2er Set 300ml","og:description":"Zwei 300 ml Byon Opacity Gl\u00e4ser mit elegantem Muster kommen in der Geschenkbox. Bei Hidalgo kannst du Sektgl\u00e4ser bedrucken lassen oder gravieren - ideal als Champagnergl\u00e4ser Set f\u00fcr Events und Firmen, das deine Marke sichtbar macht.","og:url":"https:\/\/hidalgo.nl\/de\/wp-json\/wp\/v2\/product\/139250","og:image":"https:\/\/shop.hidalgo.nl\/wp-content\/uploads\/2025\/11\/cropped-Hidalgo-est1993.png","og:image:secure_url":"https:\/\/shop.hidalgo.nl\/wp-content\/uploads\/2025\/11\/cropped-Hidalgo-est1993.png","article:published_time":"2025-07-09T11:35:32+00:00","article:modified_time":"2026-05-02T13:25:28+00:00","twitter:card":"summary_large_image","twitter:title":"Champagnergl\u00e4ser Byon Opacity bedrucken Muster 2er Set 300ml","twitter:description":"Zwei 300 ml Byon Opacity Gl\u00e4ser mit elegantem Muster kommen in der Geschenkbox. Bei Hidalgo kannst du Sektgl\u00e4ser bedrucken lassen oder gravieren - ideal als Champagnergl\u00e4ser Set f\u00fcr Events und Firmen, das deine Marke sichtbar macht.","twitter:image":"https:\/\/shop.hidalgo.nl\/wp-content\/uploads\/2025\/11\/cropped-Hidalgo-est1993.png"},"aioseo_meta_data":{"post_id":"139250","title":null,"description":null,"keywords":null,"keyphrases":null,"primary_term":null,"canonical_url":null,"og_title":null,"og_description":null,"og_object_type":"default","og_image_type":"default","og_image_url":null,"og_image_width":null,"og_image_height":null,"og_image_custom_url":null,"og_image_custom_fields":null,"og_video":null,"og_custom_url":null,"og_article_section":null,"og_article_tags":null,"twitter_use_og":false,"twitter_card":"default","twitter_image_type":"default","twitter_image_url":null,"twitter_image_custom_url":null,"twitter_image_custom_fields":null,"twitter_title":null,"twitter_description":null,"schema":{"blockGraphs":[],"customGraphs":[],"default":{"data":{"Article":[],"Course":[],"Dataset":[],"FAQPage":[],"Movie":[],"Person":[],"Product":[],"ProductReview":[],"Car":[],"Recipe":[],"Service":[],"SoftwareApplication":[],"WebPage":[]},"graphName":"","isEnabled":true},"graphs":[]},"schema_type":"default","schema_type_options":null,"pillar_content":false,"robots_default":true,"robots_noindex":false,"robots_noarchive":false,"robots_nosnippet":false,"robots_nofollow":false,"robots_noimageindex":false,"robots_noodp":false,"robots_notranslate":false,"robots_max_snippet":null,"robots_max_videopreview":null,"robots_max_imagepreview":"large","priority":null,"frequency":null,"local_seo":null,"seo_analyzer_scan_date":"2026-01-27 13:17:48","breadcrumb_settings":null,"limit_modified_date":false,"reviewed_by":null,"open_ai":null,"ai":null,"created":"2026-01-14 06:25:39","updated":"2026-05-02 13:26:10"},"aioseo_breadcrumb":"<div class=\"aioseo-breadcrumbs\"><span class=\"aioseo-breadcrumb\">\n\t<a href=\"https:\/\/hidalgo.nl\/de\/\" title=\"Home\">Home<\/a>\n<\/span><span class=\"aioseo-breadcrumb-separator\">\u00bb<\/span><span class=\"aioseo-breadcrumb\">\n\t<a href=\"https:\/\/hidalgo.nl\/example\/\" title=\"example\">example<\/a>\n<\/span><span class=\"aioseo-breadcrumb-separator\">\u00bb<\/span><span class=\"aioseo-breadcrumb\">\n\t<a href=\"https:\/\/hidalgo.nl\/en\/product-supplier\/a53\/\" title=\"A53\">A53<\/a>\n<\/span><span class=\"aioseo-breadcrumb-separator\">\u00bb<\/span><span class=\"aioseo-breadcrumb\">\n\tByon Opacity set van 2 champagneglazen met stijlvol glas patroon 300ml\n<\/span><\/div>","aioseo_breadcrumb_json":[{"label":"Home","link":"https:\/\/hidalgo.nl\/de\/"},{"label":"example","link":"https:\/\/hidalgo.nl\/example\/"},{"label":"A53","link":"https:\/\/hidalgo.nl\/en\/product-supplier\/a53\/"},{"label":"Byon Opacity set van 2 champagneglazen met stijlvol glas patroon 300ml","link":"https:\/\/hidalgo.nl\/de\/product\/139250\/champagnerglaeser-byon-opacity-bedrucken-muster-2er-set-300ml\/"}],"_links":{"self":[{"href":"https:\/\/hidalgo.nl\/de\/wp-json\/wp\/v2\/product\/139250","targetHints":{"allow":["GET"]}}],"collection":[{"href":"https:\/\/hidalgo.nl\/de\/wp-json\/wp\/v2\/product"}],"about":[{"href":"https:\/\/hidalgo.nl\/de\/wp-json\/wp\/v2\/types\/product"}],"wp:featuredmedia":[{"embeddable":true,"href":"https:\/\/hidalgo.nl\/de\/wp-json\/wp\/v2\/media\/139251"}],"wp:attachment":[{"href":"https:\/\/hidalgo.nl\/de\/wp-json\/wp\/v2\/media?parent=139250"}],"wp:term":[{"taxonomy":"product_brand","embeddable":true,"href":"https:\/\/hidalgo.nl\/de\/wp-json\/wp\/v2\/product_brand?post=139250"},{"taxonomy":"product_cat","embeddable":true,"href":"https:\/\/hidalgo.nl\/de\/wp-json\/wp\/v2\/product_cat?post=139250"},{"taxonomy":"product_tag","embeddable":true,"href":"https:\/\/hidalgo.nl\/de\/wp-json\/wp\/v2\/product_tag?post=139250"}],"curies":[{"name":"wp","href":"https:\/\/api.w.org\/{rel}","templated":true}]}}