{"id":138900,"date":"2025-07-09T11:24:28","date_gmt":"2025-07-09T11:24:28","guid":{"rendered":"http:\/\/bidonsenshakers.pim.hidalgo.nl\/product\/sagaform-hanna-dienblad\/"},"modified":"2026-05-02T12:53:26","modified_gmt":"2026-05-02T12:53:26","slug":"sagaform-hanna-dienblad-2","status":"publish","type":"product","link":"https:\/\/hidalgo.nl\/de\/product\/138900\/serviertablett-bedrucken-sagaform-hanna-eiche-griffe-eckig\/","title":{"rendered":"Sagaform Hanna dienblad"},"content":{"rendered":"<p>Het Hanna dienblad is gemaakt van rood eikenhout uit gecertificeerde verantwoorde bosbouw &#8211; een geliefd materiaal dat duurzaam is en er goed uitziet in elk huis. Het dienblad is rechthoekig met omgebogen randen. De handgrepen zijn ge\u00efntegreerd voor een praktische en stabiele werking. Een stijlvol vormgegeven dienblad om elke dag met trots te kunnen gebruiken.<\/p>\n","protected":false},"excerpt":{"rendered":"<p>Het Hanna dienblad is gemaakt van rood eikenhout uit gecertificeerde verantwoorde bosbouw &#8211; een geliefd materiaal dat duurzaam is en er goed uitziet in elk huis. Het dienblad is rechthoekig met omgebogen randen. De handgrepen zijn ge\u00efntegreerd voor een praktische en stabiele werking. Een stijlvol vormgegeven dienblad om elke dag met trots te kunnen gebruiken.<\/p>\n","protected":false},"featured_media":138901,"template":"","meta":{"_acf_changed":false,"om_disable_all_campaigns":false,"_monsterinsights_skip_tracking":false,"_monsterinsights_sitenote_active":false,"_monsterinsights_sitenote_note":"","_monsterinsights_sitenote_category":0},"product_brand":[6374],"product_cat":[4766,4735,4719,4728],"product_tag":[],"class_list":{"0":"post-138900","1":"product","2":"type-product","3":"status-publish","4":"has-post-thumbnail","6":"product_supplier-a53","7":"product_brand-hidalgo","8":"product_cat-kaas-snij-en-serveer-planken","9":"product_cat-keuken","10":"product_cat-promotionele-artikelen","11":"product_cat-promotionele-artikelen-thuis-keuken-en-tuin","12":"entry","14":"first","15":"instock","16":"taxable","17":"shipping-taxable","18":"purchasable","19":"product-type-variable"},"acf":{"imprint_cost":[{"imprint_cost_key":"a5bf96e31c2a5c63c4777d845f58ec8251885450","product_quantity_price_range":[{"imprint_cost_recommended_selling_price":"1.7625","imprint_cost_recommended_selling_quantity":"1"},{"imprint_cost_recommended_selling_price":"1.5","imprint_cost_recommended_selling_quantity":"10"},{"imprint_cost_recommended_selling_price":"1.3425","imprint_cost_recommended_selling_quantity":"25"},{"imprint_cost_recommended_selling_price":"1.1625","imprint_cost_recommended_selling_quantity":"50"},{"imprint_cost_recommended_selling_price":"1.0875","imprint_cost_recommended_selling_quantity":"100"},{"imprint_cost_recommended_selling_price":"1.0425","imprint_cost_recommended_selling_quantity":"250"},{"imprint_cost_recommended_selling_price":"1.005","imprint_cost_recommended_selling_quantity":"500"},{"imprint_cost_recommended_selling_price":"0.96","imprint_cost_recommended_selling_quantity":"1000"},{"imprint_cost_recommended_selling_price":"0.915","imprint_cost_recommended_selling_quantity":"2500"},{"imprint_cost_recommended_selling_price":"0.87","imprint_cost_recommended_selling_quantity":"5000"},{"imprint_cost_recommended_selling_price":"0.8175","imprint_cost_recommended_selling_quantity":"10000"}],"product_quantity_price_range_buying":[{"imprint_cost_general_buying_price":"1.175","imprint_cost_general_buying_quantity":"1"},{"imprint_cost_general_buying_price":"1","imprint_cost_general_buying_quantity":"10"},{"imprint_cost_general_buying_price":"0.895","imprint_cost_general_buying_quantity":"25"},{"imprint_cost_general_buying_price":"0.775","imprint_cost_general_buying_quantity":"50"},{"imprint_cost_general_buying_price":"0.725","imprint_cost_general_buying_quantity":"100"},{"imprint_cost_general_buying_price":"0.695","imprint_cost_general_buying_quantity":"250"},{"imprint_cost_general_buying_price":"0.67","imprint_cost_general_buying_quantity":"500"},{"imprint_cost_general_buying_price":"0.64","imprint_cost_general_buying_quantity":"1000"},{"imprint_cost_general_buying_price":"0.61","imprint_cost_general_buying_quantity":"2500"},{"imprint_cost_general_buying_price":"0.58","imprint_cost_general_buying_quantity":"5000"},{"imprint_cost_general_buying_price":"0.545","imprint_cost_general_buying_quantity":"10000"}],"imprint_cost_setup_costs":"54","imprint_cost_handling_costs":"0.36"}]},"aioseo_notices":[],"aioseo_head":"\n\t\t<!-- All in One SEO Pro 4.9.6.2 - aioseo.com -->\n\t<meta name=\"description\" content=\"Das Sagaform Hanna Tablett aus nachhaltiger roter Eiche begleitet dich zeitlos in K\u00fcche, Bar &amp; Events. Du l\u00e4sst das Holztablett mit Gravur oder Druck personalisieren - Hidalgo setzt dein Logo pr\u00e4zise um. Nachhaltige Werbegeschenke mit sicheren Kanten &amp; Griffen, ideal f\u00fcr B2B.\" \/>\n\t<meta name=\"robots\" content=\"max-image-preview:large\" \/>\n\t<link rel=\"canonical\" href=\"https:\/\/hidalgo.nl\/de\/wp-json\/wp\/v2\/product\/138900\" \/>\n\t<meta name=\"generator\" content=\"All in One SEO Pro (AIOSEO) 4.9.6.2\" \/>\n\t\t<meta property=\"og:locale\" content=\"de_DE\" \/>\n\t\t<meta property=\"og:site_name\" content=\"Hidalgo -\" \/>\n\t\t<meta property=\"og:type\" content=\"article\" \/>\n\t\t<meta property=\"og:title\" content=\"Serviertablett bedrucken Sagaform Hanna Eiche Griffe eckig\" \/>\n\t\t<meta property=\"og:description\" content=\"Das Sagaform Hanna Tablett aus nachhaltiger roter Eiche begleitet dich zeitlos in K\u00fcche, Bar &amp; Events. Du l\u00e4sst das Holztablett mit Gravur oder Druck personalisieren - Hidalgo setzt dein Logo pr\u00e4zise um. Nachhaltige Werbegeschenke mit sicheren Kanten &amp; Griffen, ideal f\u00fcr B2B.\" \/>\n\t\t<meta property=\"og:url\" content=\"https:\/\/hidalgo.nl\/de\/wp-json\/wp\/v2\/product\/138900\" \/>\n\t\t<meta property=\"og:image\" content=\"https:\/\/shop.hidalgo.nl\/wp-content\/uploads\/2025\/11\/cropped-Hidalgo-est1993.png\" \/>\n\t\t<meta property=\"og:image:secure_url\" content=\"https:\/\/shop.hidalgo.nl\/wp-content\/uploads\/2025\/11\/cropped-Hidalgo-est1993.png\" \/>\n\t\t<meta property=\"article:published_time\" content=\"2025-07-09T11:24:28+00:00\" \/>\n\t\t<meta property=\"article:modified_time\" content=\"2026-05-02T12:53:26+00:00\" \/>\n\t\t<meta name=\"twitter:card\" content=\"summary_large_image\" \/>\n\t\t<meta name=\"twitter:title\" content=\"Serviertablett bedrucken Sagaform Hanna Eiche Griffe eckig\" \/>\n\t\t<meta name=\"twitter:description\" content=\"Das Sagaform Hanna Tablett aus nachhaltiger roter Eiche begleitet dich zeitlos in K\u00fcche, Bar &amp; Events. Du l\u00e4sst das Holztablett mit Gravur oder Druck personalisieren - Hidalgo setzt dein Logo pr\u00e4zise um. Nachhaltige Werbegeschenke mit sicheren Kanten &amp; Griffen, ideal f\u00fcr B2B.\" \/>\n\t\t<meta name=\"twitter:image\" content=\"https:\/\/shop.hidalgo.nl\/wp-content\/uploads\/2025\/11\/cropped-Hidalgo-est1993.png\" \/>\n\t\t<script type=\"application\/ld+json\" class=\"aioseo-schema\">\n\t\t\t{\"@context\":\"https:\\\/\\\/schema.org\",\"@graph\":[{\"@type\":\"BreadcrumbList\",\"@id\":\"https:\\\/\\\/hidalgo.nl\\\/de\\\/product\\\/138900\\\/serviertablett-bedrucken-sagaform-hanna-eiche-griffe-eckig\\\/#breadcrumblist\",\"itemListElement\":[{\"@type\":\"ListItem\",\"@id\":\"https:\\\/\\\/hidalgo.nl\\\/de\\\/#listItem\",\"position\":1,\"name\":\"Home\",\"item\":\"https:\\\/\\\/hidalgo.nl\\\/de\\\/\",\"nextItem\":{\"@type\":\"ListItem\",\"@id\":\"https:\\\/\\\/hidalgo.nl\\\/example\\\/#listItem\",\"name\":\"example\"}},{\"@type\":\"ListItem\",\"@id\":\"https:\\\/\\\/hidalgo.nl\\\/example\\\/#listItem\",\"position\":2,\"name\":\"example\",\"item\":\"https:\\\/\\\/hidalgo.nl\\\/example\\\/\",\"nextItem\":{\"@type\":\"ListItem\",\"@id\":\"https:\\\/\\\/hidalgo.nl\\\/en\\\/product-supplier\\\/a53\\\/#listItem\",\"name\":\"A53\"},\"previousItem\":{\"@type\":\"ListItem\",\"@id\":\"https:\\\/\\\/hidalgo.nl\\\/de\\\/#listItem\",\"name\":\"Home\"}},{\"@type\":\"ListItem\",\"@id\":\"https:\\\/\\\/hidalgo.nl\\\/en\\\/product-supplier\\\/a53\\\/#listItem\",\"position\":3,\"name\":\"A53\",\"item\":\"https:\\\/\\\/hidalgo.nl\\\/en\\\/product-supplier\\\/a53\\\/\",\"nextItem\":{\"@type\":\"ListItem\",\"@id\":\"https:\\\/\\\/hidalgo.nl\\\/de\\\/product\\\/138900\\\/serviertablett-bedrucken-sagaform-hanna-eiche-griffe-eckig\\\/#listItem\",\"name\":\"Sagaform Hanna dienblad\"},\"previousItem\":{\"@type\":\"ListItem\",\"@id\":\"https:\\\/\\\/hidalgo.nl\\\/example\\\/#listItem\",\"name\":\"example\"}},{\"@type\":\"ListItem\",\"@id\":\"https:\\\/\\\/hidalgo.nl\\\/de\\\/product\\\/138900\\\/serviertablett-bedrucken-sagaform-hanna-eiche-griffe-eckig\\\/#listItem\",\"position\":4,\"name\":\"Sagaform Hanna dienblad\",\"previousItem\":{\"@type\":\"ListItem\",\"@id\":\"https:\\\/\\\/hidalgo.nl\\\/en\\\/product-supplier\\\/a53\\\/#listItem\",\"name\":\"A53\"}}]},{\"@type\":\"Organization\",\"@id\":\"https:\\\/\\\/hidalgo.nl\\\/de\\\/#organization\",\"name\":\"Hidalgo\",\"url\":\"https:\\\/\\\/hidalgo.nl\\\/de\\\/\",\"logo\":{\"@type\":\"ImageObject\",\"url\":\"https:\\\/\\\/shop.hidalgo.nl\\\/wp-content\\\/uploads\\\/2025\\\/11\\\/cropped-Hidalgo-est1993.png\",\"@id\":\"https:\\\/\\\/hidalgo.nl\\\/de\\\/product\\\/138900\\\/serviertablett-bedrucken-sagaform-hanna-eiche-griffe-eckig\\\/#organizationLogo\",\"width\":585,\"height\":195},\"image\":{\"@id\":\"https:\\\/\\\/hidalgo.nl\\\/de\\\/product\\\/138900\\\/serviertablett-bedrucken-sagaform-hanna-eiche-griffe-eckig\\\/#organizationLogo\"}},{\"@type\":\"ProductGroup\",\"@id\":\"https:\\\/\\\/hidalgo.nl\\\/de\\\/product\\\/138900\\\/serviertablett-bedrucken-sagaform-hanna-eiche-griffe-eckig\\\/#wooCommerceProduct\",\"name\":\"Serviertablett bedrucken Sagaform Hanna Eiche Griffe eckig\",\"url\":\"https:\\\/\\\/hidalgo.nl\\\/de\\\/product\\\/138900\\\/serviertablett-bedrucken-sagaform-hanna-eiche-griffe-eckig\\\/\",\"brand\":{\"@type\":\"Brand\",\"name\":\"Hidalgo\"},\"sku\":\"A53-LT52216\",\"image\":{\"@type\":\"ImageObject\",\"url\":\"https:\\\/\\\/shop.hidalgo.nl\\\/wp-content\\\/uploads\\\/2025\\\/05\\\/d61cafdf6878bdeba603f8856b0da09d354e273b593867c3689bddcd020e5d78.jpg\",\"@id\":\"https:\\\/\\\/hidalgo.nl\\\/de\\\/product\\\/138900\\\/serviertablett-bedrucken-sagaform-hanna-eiche-griffe-eckig\\\/#productImage\",\"width\":1000,\"height\":1000},\"productGroupID\":138900,\"hasVariant\":[{\"@type\":\"Product\",\"@id\":\"https:\\\/\\\/hidalgo.nl\\\/de\\\/product\\\/138900\\\/serviertablett-bedrucken-sagaform-hanna-eiche-griffe-eckig\\\/#wooCommerceProduct\",\"name\":\"Sagaform Hanna dienblad - zwart\",\"url\":\"https:\\\/\\\/hidalgo.nl\\\/de\\\/product\\\/138900\\\/serviertablett-bedrucken-sagaform-hanna-eiche-griffe-eckig\\\/\",\"sku\":\"A53-LT52216-N0002\",\"image\":{\"@type\":\"ImageObject\",\"url\":\"https:\\\/\\\/shop.hidalgo.nl\\\/wp-content\\\/uploads\\\/2025\\\/05\\\/7cd7ebc08a975e11dbf1d639f96fd117050e4c826784075296736abc9df60235.jpg\",\"@id\":\"https:\\\/\\\/hidalgo.nl\\\/de\\\/product\\\/138900\\\/serviertablett-bedrucken-sagaform-hanna-eiche-griffe-eckig\\\/#productImage\",\"width\":1000,\"height\":1000},\"offers\":{\"@type\":\"Offer\",\"url\":\"https:\\\/\\\/hidalgo.nl\\\/de\\\/product\\\/138900\\\/serviertablett-bedrucken-sagaform-hanna-eiche-griffe-eckig\\\/#wooCommerceOffer\",\"price\":\"33.825\",\"priceCurrency\":\"EUR\",\"category\":\"Promotionele Artikelen\",\"availability\":\"https:\\\/\\\/schema.org\\\/InStock\",\"priceSpecification\":{\"@type\":\"PriceSpecification\",\"price\":33.825,\"priceCurrency\":\"EUR\",\"valueAddedTaxIncluded\":\"true\"}}},{\"@type\":\"Product\",\"@id\":\"https:\\\/\\\/hidalgo.nl\\\/de\\\/product\\\/138900\\\/serviertablett-bedrucken-sagaform-hanna-eiche-griffe-eckig\\\/#wooCommerceProduct\",\"name\":\"Sagaform Hanna dienblad - hout\",\"url\":\"https:\\\/\\\/hidalgo.nl\\\/de\\\/product\\\/138900\\\/serviertablett-bedrucken-sagaform-hanna-eiche-griffe-eckig\\\/\",\"sku\":\"A53-LT52216-N0093\",\"image\":{\"@type\":\"ImageObject\",\"url\":\"https:\\\/\\\/shop.hidalgo.nl\\\/wp-content\\\/uploads\\\/2025\\\/05\\\/ffc1b9f1394379888b4e28d6771788201532e93d454cf66e7b85e6751c1f7249.jpg\",\"@id\":\"https:\\\/\\\/hidalgo.nl\\\/de\\\/product\\\/138900\\\/serviertablett-bedrucken-sagaform-hanna-eiche-griffe-eckig\\\/#productImage\",\"width\":1000,\"height\":1000},\"offers\":{\"@type\":\"Offer\",\"url\":\"https:\\\/\\\/hidalgo.nl\\\/de\\\/product\\\/138900\\\/serviertablett-bedrucken-sagaform-hanna-eiche-griffe-eckig\\\/#wooCommerceOffer\",\"price\":\"33.825\",\"priceCurrency\":\"EUR\",\"category\":\"Promotionele Artikelen\",\"availability\":\"https:\\\/\\\/schema.org\\\/InStock\",\"priceSpecification\":{\"@type\":\"PriceSpecification\",\"price\":33.825,\"priceCurrency\":\"EUR\",\"valueAddedTaxIncluded\":\"true\"}}}]},{\"@type\":\"WebPage\",\"@id\":\"https:\\\/\\\/hidalgo.nl\\\/de\\\/product\\\/138900\\\/serviertablett-bedrucken-sagaform-hanna-eiche-griffe-eckig\\\/#webpage\",\"url\":\"https:\\\/\\\/hidalgo.nl\\\/de\\\/product\\\/138900\\\/serviertablett-bedrucken-sagaform-hanna-eiche-griffe-eckig\\\/\",\"name\":\"Serviertablett bedrucken Sagaform Hanna Eiche Griffe eckig\",\"description\":\"Das Sagaform Hanna Tablett aus nachhaltiger roter Eiche begleitet dich zeitlos in K\\u00fcche, Bar & Events. Du l\\u00e4sst das Holztablett mit Gravur oder Druck personalisieren - Hidalgo setzt dein Logo pr\\u00e4zise um. Nachhaltige Werbegeschenke mit sicheren Kanten & Griffen, ideal f\\u00fcr B2B.\",\"inLanguage\":\"de-DE\",\"isPartOf\":{\"@id\":\"https:\\\/\\\/hidalgo.nl\\\/de\\\/#website\"},\"breadcrumb\":{\"@id\":\"https:\\\/\\\/hidalgo.nl\\\/de\\\/product\\\/138900\\\/serviertablett-bedrucken-sagaform-hanna-eiche-griffe-eckig\\\/#breadcrumblist\"},\"image\":{\"@type\":\"ImageObject\",\"url\":\"https:\\\/\\\/shop.hidalgo.nl\\\/wp-content\\\/uploads\\\/2025\\\/05\\\/d61cafdf6878bdeba603f8856b0da09d354e273b593867c3689bddcd020e5d78.jpg\",\"@id\":\"https:\\\/\\\/hidalgo.nl\\\/de\\\/product\\\/138900\\\/serviertablett-bedrucken-sagaform-hanna-eiche-griffe-eckig\\\/#mainImage\",\"width\":1000,\"height\":1000},\"primaryImageOfPage\":{\"@id\":\"https:\\\/\\\/hidalgo.nl\\\/de\\\/product\\\/138900\\\/serviertablett-bedrucken-sagaform-hanna-eiche-griffe-eckig\\\/#mainImage\"},\"datePublished\":\"2025-07-09T11:24:28+00:00\",\"dateModified\":\"2026-05-02T12:53:26+00:00\"},{\"@type\":\"WebSite\",\"@id\":\"https:\\\/\\\/hidalgo.nl\\\/de\\\/#website\",\"url\":\"https:\\\/\\\/hidalgo.nl\\\/de\\\/\",\"name\":\"Hidalgo\",\"inLanguage\":\"de-DE\",\"publisher\":{\"@id\":\"https:\\\/\\\/hidalgo.nl\\\/de\\\/#organization\"}}]}\n\t\t<\/script>\n\t\t<!-- All in One SEO Pro -->\r\n\t\t<title>Serviertablett bedrucken Sagaform Hanna Eiche Griffe eckig<\/title>\n\n","aioseo_head_json":{"title":"Serviertablett bedrucken Sagaform Hanna Eiche Griffe eckig","description":"Das Sagaform Hanna Tablett aus nachhaltiger roter Eiche begleitet dich zeitlos in K\u00fcche, Bar & Events. Du l\u00e4sst das Holztablett mit Gravur oder Druck personalisieren - Hidalgo setzt dein Logo pr\u00e4zise um. Nachhaltige Werbegeschenke mit sicheren Kanten & Griffen, ideal f\u00fcr B2B.","canonical_url":"https:\/\/hidalgo.nl\/de\/wp-json\/wp\/v2\/product\/138900","robots":"max-image-preview:large","keywords":"","webmasterTools":{"miscellaneous":""},"schema":{"@context":"https:\/\/schema.org","@graph":[{"@type":"BreadcrumbList","@id":"https:\/\/hidalgo.nl\/de\/product\/138900\/serviertablett-bedrucken-sagaform-hanna-eiche-griffe-eckig\/#breadcrumblist","itemListElement":[{"@type":"ListItem","@id":"https:\/\/hidalgo.nl\/de\/#listItem","position":1,"name":"Home","item":"https:\/\/hidalgo.nl\/de\/","nextItem":{"@type":"ListItem","@id":"https:\/\/hidalgo.nl\/example\/#listItem","name":"example"}},{"@type":"ListItem","@id":"https:\/\/hidalgo.nl\/example\/#listItem","position":2,"name":"example","item":"https:\/\/hidalgo.nl\/example\/","nextItem":{"@type":"ListItem","@id":"https:\/\/hidalgo.nl\/en\/product-supplier\/a53\/#listItem","name":"A53"},"previousItem":{"@type":"ListItem","@id":"https:\/\/hidalgo.nl\/de\/#listItem","name":"Home"}},{"@type":"ListItem","@id":"https:\/\/hidalgo.nl\/en\/product-supplier\/a53\/#listItem","position":3,"name":"A53","item":"https:\/\/hidalgo.nl\/en\/product-supplier\/a53\/","nextItem":{"@type":"ListItem","@id":"https:\/\/hidalgo.nl\/de\/product\/138900\/serviertablett-bedrucken-sagaform-hanna-eiche-griffe-eckig\/#listItem","name":"Sagaform Hanna dienblad"},"previousItem":{"@type":"ListItem","@id":"https:\/\/hidalgo.nl\/example\/#listItem","name":"example"}},{"@type":"ListItem","@id":"https:\/\/hidalgo.nl\/de\/product\/138900\/serviertablett-bedrucken-sagaform-hanna-eiche-griffe-eckig\/#listItem","position":4,"name":"Sagaform Hanna dienblad","previousItem":{"@type":"ListItem","@id":"https:\/\/hidalgo.nl\/en\/product-supplier\/a53\/#listItem","name":"A53"}}]},{"@type":"Organization","@id":"https:\/\/hidalgo.nl\/de\/#organization","name":"Hidalgo","url":"https:\/\/hidalgo.nl\/de\/","logo":{"@type":"ImageObject","url":"https:\/\/shop.hidalgo.nl\/wp-content\/uploads\/2025\/11\/cropped-Hidalgo-est1993.png","@id":"https:\/\/hidalgo.nl\/de\/product\/138900\/serviertablett-bedrucken-sagaform-hanna-eiche-griffe-eckig\/#organizationLogo","width":585,"height":195},"image":{"@id":"https:\/\/hidalgo.nl\/de\/product\/138900\/serviertablett-bedrucken-sagaform-hanna-eiche-griffe-eckig\/#organizationLogo"}},{"@type":"ProductGroup","@id":"https:\/\/hidalgo.nl\/de\/product\/138900\/serviertablett-bedrucken-sagaform-hanna-eiche-griffe-eckig\/#wooCommerceProduct","name":"Serviertablett bedrucken Sagaform Hanna Eiche Griffe eckig","url":"https:\/\/hidalgo.nl\/de\/product\/138900\/serviertablett-bedrucken-sagaform-hanna-eiche-griffe-eckig\/","brand":{"@type":"Brand","name":"Hidalgo"},"sku":"A53-LT52216","image":{"@type":"ImageObject","url":"https:\/\/shop.hidalgo.nl\/wp-content\/uploads\/2025\/05\/d61cafdf6878bdeba603f8856b0da09d354e273b593867c3689bddcd020e5d78.jpg","@id":"https:\/\/hidalgo.nl\/de\/product\/138900\/serviertablett-bedrucken-sagaform-hanna-eiche-griffe-eckig\/#productImage","width":1000,"height":1000},"productGroupID":138900,"hasVariant":[{"@type":"Product","@id":"https:\/\/hidalgo.nl\/de\/product\/138900\/serviertablett-bedrucken-sagaform-hanna-eiche-griffe-eckig\/#wooCommerceProduct","name":"Sagaform Hanna dienblad - zwart","url":"https:\/\/hidalgo.nl\/de\/product\/138900\/serviertablett-bedrucken-sagaform-hanna-eiche-griffe-eckig\/","sku":"A53-LT52216-N0002","image":{"@type":"ImageObject","url":"https:\/\/shop.hidalgo.nl\/wp-content\/uploads\/2025\/05\/7cd7ebc08a975e11dbf1d639f96fd117050e4c826784075296736abc9df60235.jpg","@id":"https:\/\/hidalgo.nl\/de\/product\/138900\/serviertablett-bedrucken-sagaform-hanna-eiche-griffe-eckig\/#productImage","width":1000,"height":1000},"offers":{"@type":"Offer","url":"https:\/\/hidalgo.nl\/de\/product\/138900\/serviertablett-bedrucken-sagaform-hanna-eiche-griffe-eckig\/#wooCommerceOffer","price":"33.825","priceCurrency":"EUR","category":"Promotionele Artikelen","availability":"https:\/\/schema.org\/InStock","priceSpecification":{"@type":"PriceSpecification","price":33.825,"priceCurrency":"EUR","valueAddedTaxIncluded":"true"}}},{"@type":"Product","@id":"https:\/\/hidalgo.nl\/de\/product\/138900\/serviertablett-bedrucken-sagaform-hanna-eiche-griffe-eckig\/#wooCommerceProduct","name":"Sagaform Hanna dienblad - hout","url":"https:\/\/hidalgo.nl\/de\/product\/138900\/serviertablett-bedrucken-sagaform-hanna-eiche-griffe-eckig\/","sku":"A53-LT52216-N0093","image":{"@type":"ImageObject","url":"https:\/\/shop.hidalgo.nl\/wp-content\/uploads\/2025\/05\/ffc1b9f1394379888b4e28d6771788201532e93d454cf66e7b85e6751c1f7249.jpg","@id":"https:\/\/hidalgo.nl\/de\/product\/138900\/serviertablett-bedrucken-sagaform-hanna-eiche-griffe-eckig\/#productImage","width":1000,"height":1000},"offers":{"@type":"Offer","url":"https:\/\/hidalgo.nl\/de\/product\/138900\/serviertablett-bedrucken-sagaform-hanna-eiche-griffe-eckig\/#wooCommerceOffer","price":"33.825","priceCurrency":"EUR","category":"Promotionele Artikelen","availability":"https:\/\/schema.org\/InStock","priceSpecification":{"@type":"PriceSpecification","price":33.825,"priceCurrency":"EUR","valueAddedTaxIncluded":"true"}}}]},{"@type":"WebPage","@id":"https:\/\/hidalgo.nl\/de\/product\/138900\/serviertablett-bedrucken-sagaform-hanna-eiche-griffe-eckig\/#webpage","url":"https:\/\/hidalgo.nl\/de\/product\/138900\/serviertablett-bedrucken-sagaform-hanna-eiche-griffe-eckig\/","name":"Serviertablett bedrucken Sagaform Hanna Eiche Griffe eckig","description":"Das Sagaform Hanna Tablett aus nachhaltiger roter Eiche begleitet dich zeitlos in K\u00fcche, Bar & Events. Du l\u00e4sst das Holztablett mit Gravur oder Druck personalisieren - Hidalgo setzt dein Logo pr\u00e4zise um. Nachhaltige Werbegeschenke mit sicheren Kanten & Griffen, ideal f\u00fcr B2B.","inLanguage":"de-DE","isPartOf":{"@id":"https:\/\/hidalgo.nl\/de\/#website"},"breadcrumb":{"@id":"https:\/\/hidalgo.nl\/de\/product\/138900\/serviertablett-bedrucken-sagaform-hanna-eiche-griffe-eckig\/#breadcrumblist"},"image":{"@type":"ImageObject","url":"https:\/\/shop.hidalgo.nl\/wp-content\/uploads\/2025\/05\/d61cafdf6878bdeba603f8856b0da09d354e273b593867c3689bddcd020e5d78.jpg","@id":"https:\/\/hidalgo.nl\/de\/product\/138900\/serviertablett-bedrucken-sagaform-hanna-eiche-griffe-eckig\/#mainImage","width":1000,"height":1000},"primaryImageOfPage":{"@id":"https:\/\/hidalgo.nl\/de\/product\/138900\/serviertablett-bedrucken-sagaform-hanna-eiche-griffe-eckig\/#mainImage"},"datePublished":"2025-07-09T11:24:28+00:00","dateModified":"2026-05-02T12:53:26+00:00"},{"@type":"WebSite","@id":"https:\/\/hidalgo.nl\/de\/#website","url":"https:\/\/hidalgo.nl\/de\/","name":"Hidalgo","inLanguage":"de-DE","publisher":{"@id":"https:\/\/hidalgo.nl\/de\/#organization"}}]},"og:locale":"de_DE","og:site_name":"Hidalgo -","og:type":"article","og:title":"Serviertablett bedrucken Sagaform Hanna Eiche Griffe eckig","og:description":"Das Sagaform Hanna Tablett aus nachhaltiger roter Eiche begleitet dich zeitlos in K\u00fcche, Bar &amp; Events. Du l\u00e4sst das Holztablett mit Gravur oder Druck personalisieren - Hidalgo setzt dein Logo pr\u00e4zise um. Nachhaltige Werbegeschenke mit sicheren Kanten &amp; Griffen, ideal f\u00fcr B2B.","og:url":"https:\/\/hidalgo.nl\/de\/wp-json\/wp\/v2\/product\/138900","og:image":"https:\/\/shop.hidalgo.nl\/wp-content\/uploads\/2025\/11\/cropped-Hidalgo-est1993.png","og:image:secure_url":"https:\/\/shop.hidalgo.nl\/wp-content\/uploads\/2025\/11\/cropped-Hidalgo-est1993.png","article:published_time":"2025-07-09T11:24:28+00:00","article:modified_time":"2026-05-02T12:53:26+00:00","twitter:card":"summary_large_image","twitter:title":"Serviertablett bedrucken Sagaform Hanna Eiche Griffe eckig","twitter:description":"Das Sagaform Hanna Tablett aus nachhaltiger roter Eiche begleitet dich zeitlos in K\u00fcche, Bar &amp; Events. Du l\u00e4sst das Holztablett mit Gravur oder Druck personalisieren - Hidalgo setzt dein Logo pr\u00e4zise um. Nachhaltige Werbegeschenke mit sicheren Kanten &amp; Griffen, ideal f\u00fcr B2B.","twitter:image":"https:\/\/shop.hidalgo.nl\/wp-content\/uploads\/2025\/11\/cropped-Hidalgo-est1993.png"},"aioseo_meta_data":{"post_id":"138900","title":null,"description":null,"keywords":null,"keyphrases":null,"primary_term":null,"canonical_url":null,"og_title":null,"og_description":null,"og_object_type":"default","og_image_type":"default","og_image_url":null,"og_image_width":null,"og_image_height":null,"og_image_custom_url":null,"og_image_custom_fields":null,"og_video":null,"og_custom_url":null,"og_article_section":null,"og_article_tags":null,"twitter_use_og":false,"twitter_card":"default","twitter_image_type":"default","twitter_image_url":null,"twitter_image_custom_url":null,"twitter_image_custom_fields":null,"twitter_title":null,"twitter_description":null,"schema":{"blockGraphs":[],"customGraphs":[],"default":{"data":{"Article":[],"Course":[],"Dataset":[],"FAQPage":[],"Movie":[],"Person":[],"Product":[],"ProductReview":[],"Car":[],"Recipe":[],"Service":[],"SoftwareApplication":[],"WebPage":[]},"graphName":"","isEnabled":true},"graphs":[]},"schema_type":"default","schema_type_options":null,"pillar_content":false,"robots_default":true,"robots_noindex":false,"robots_noarchive":false,"robots_nosnippet":false,"robots_nofollow":false,"robots_noimageindex":false,"robots_noodp":false,"robots_notranslate":false,"robots_max_snippet":null,"robots_max_videopreview":null,"robots_max_imagepreview":"large","priority":null,"frequency":null,"local_seo":null,"seo_analyzer_scan_date":"2026-02-05 14:32:23","breadcrumb_settings":null,"limit_modified_date":false,"reviewed_by":null,"open_ai":null,"ai":null,"created":"2026-01-14 06:25:39","updated":"2026-05-02 12:54:27"},"aioseo_breadcrumb":"<div class=\"aioseo-breadcrumbs\"><span class=\"aioseo-breadcrumb\">\n\t<a href=\"https:\/\/hidalgo.nl\/de\/\" title=\"Home\">Home<\/a>\n<\/span><span class=\"aioseo-breadcrumb-separator\">\u00bb<\/span><span class=\"aioseo-breadcrumb\">\n\t<a href=\"https:\/\/hidalgo.nl\/example\/\" title=\"example\">example<\/a>\n<\/span><span class=\"aioseo-breadcrumb-separator\">\u00bb<\/span><span class=\"aioseo-breadcrumb\">\n\t<a href=\"https:\/\/hidalgo.nl\/en\/product-supplier\/a53\/\" title=\"A53\">A53<\/a>\n<\/span><span class=\"aioseo-breadcrumb-separator\">\u00bb<\/span><span class=\"aioseo-breadcrumb\">\n\tSagaform Hanna dienblad\n<\/span><\/div>","aioseo_breadcrumb_json":[{"label":"Home","link":"https:\/\/hidalgo.nl\/de\/"},{"label":"example","link":"https:\/\/hidalgo.nl\/example\/"},{"label":"A53","link":"https:\/\/hidalgo.nl\/en\/product-supplier\/a53\/"},{"label":"Sagaform Hanna dienblad","link":"https:\/\/hidalgo.nl\/de\/product\/138900\/serviertablett-bedrucken-sagaform-hanna-eiche-griffe-eckig\/"}],"_links":{"self":[{"href":"https:\/\/hidalgo.nl\/de\/wp-json\/wp\/v2\/product\/138900","targetHints":{"allow":["GET"]}}],"collection":[{"href":"https:\/\/hidalgo.nl\/de\/wp-json\/wp\/v2\/product"}],"about":[{"href":"https:\/\/hidalgo.nl\/de\/wp-json\/wp\/v2\/types\/product"}],"wp:featuredmedia":[{"embeddable":true,"href":"https:\/\/hidalgo.nl\/de\/wp-json\/wp\/v2\/media\/138901"}],"wp:attachment":[{"href":"https:\/\/hidalgo.nl\/de\/wp-json\/wp\/v2\/media?parent=138900"}],"wp:term":[{"taxonomy":"product_brand","embeddable":true,"href":"https:\/\/hidalgo.nl\/de\/wp-json\/wp\/v2\/product_brand?post=138900"},{"taxonomy":"product_cat","embeddable":true,"href":"https:\/\/hidalgo.nl\/de\/wp-json\/wp\/v2\/product_cat?post=138900"},{"taxonomy":"product_tag","embeddable":true,"href":"https:\/\/hidalgo.nl\/de\/wp-json\/wp\/v2\/product_tag?post=138900"}],"curies":[{"name":"wp","href":"https:\/\/api.w.org\/{rel}","templated":true}]}}