{"id":138468,"date":"2025-07-09T11:12:34","date_gmt":"2025-07-09T11:12:34","guid":{"rendered":"http:\/\/bidonsenshakers.pim.hidalgo.nl\/product\/sagaform-snijplank-rond\/"},"modified":"2026-05-02T12:23:35","modified_gmt":"2026-05-02T12:23:35","slug":"sagaform-snijplank-rond","status":"publish","type":"product","link":"https:\/\/hidalgo.nl\/de\/product\/138468\/schneidebrett-bedrucken-sagaform-bambus-servierbrett-rund\/","title":{"rendered":"Sagaform snijplank rond"},"content":{"rendered":"<p>Royale, ronde snijplank van bamboe ontworpen door Anton Bj\u00f6rsing. Goed ontworpen details zijn onder meer een stevige handgreep voor serveren en groeven die visuele stijl combineren met functie, waardoor er plaats is voor gebruiksvoorwerpen zodat ze er niet te gemakkelijk afglijden. Bamboe is een snelgroeiende en hernieuwbare grondstof met verschillende voordelen. Het is sterk en van nature antibacterieel. De teelt van bamboe gebruikt kleine hoeveelheden water en gebeurt zonder pesticiden en meststoffen.<\/p>\n","protected":false},"excerpt":{"rendered":"<p>Royale, ronde snijplank van bamboe ontworpen door Anton Bj\u00f6rsing. Goed ontworpen details zijn onder meer een stevige handgreep voor serveren en groeven die visuele stijl combineren met functie, waardoor er plaats is voor gebruiksvoorwerpen zodat ze er niet te gemakkelijk afglijden. Bamboe is een snelgroeiende en hernieuwbare grondstof met verschillende voordelen. Het is sterk en&hellip; <a class=\"more-link\" href=\"https:\/\/hidalgo.nl\/de\/product\/138468\/schneidebrett-bedrucken-sagaform-bambus-servierbrett-rund\/\"><span class=\"screen-reader-text\">Sagaform snijplank rond<\/span> weiterlesen<\/a><\/p>\n","protected":false},"featured_media":138469,"template":"","meta":{"_acf_changed":false,"om_disable_all_campaigns":false,"_monsterinsights_skip_tracking":false,"_monsterinsights_sitenote_active":false,"_monsterinsights_sitenote_note":"","_monsterinsights_sitenote_category":0},"product_brand":[6374],"product_cat":[4766,4735,4719,4728],"product_tag":[],"class_list":{"0":"post-138468","1":"product","2":"type-product","3":"status-publish","4":"has-post-thumbnail","6":"product_supplier-a53","7":"product_brand-hidalgo","8":"product_cat-kaas-snij-en-serveer-planken","9":"product_cat-keuken","10":"product_cat-promotionele-artikelen","11":"product_cat-promotionele-artikelen-thuis-keuken-en-tuin","12":"entry","14":"first","15":"instock","16":"taxable","17":"shipping-taxable","18":"purchasable","19":"product-type-variable"},"acf":{"imprint_cost":[{"imprint_cost_key":"4a6c71f248cffe497cd807828236e4e399aef1dc","product_quantity_price_range":[{"imprint_cost_recommended_selling_price":"1.7625","imprint_cost_recommended_selling_quantity":"1"},{"imprint_cost_recommended_selling_price":"1.5","imprint_cost_recommended_selling_quantity":"10"},{"imprint_cost_recommended_selling_price":"1.3425","imprint_cost_recommended_selling_quantity":"25"},{"imprint_cost_recommended_selling_price":"1.1625","imprint_cost_recommended_selling_quantity":"50"},{"imprint_cost_recommended_selling_price":"1.0875","imprint_cost_recommended_selling_quantity":"100"},{"imprint_cost_recommended_selling_price":"1.0425","imprint_cost_recommended_selling_quantity":"250"},{"imprint_cost_recommended_selling_price":"1.005","imprint_cost_recommended_selling_quantity":"500"},{"imprint_cost_recommended_selling_price":"0.96","imprint_cost_recommended_selling_quantity":"1000"},{"imprint_cost_recommended_selling_price":"0.915","imprint_cost_recommended_selling_quantity":"2500"},{"imprint_cost_recommended_selling_price":"0.87","imprint_cost_recommended_selling_quantity":"5000"},{"imprint_cost_recommended_selling_price":"0.8175","imprint_cost_recommended_selling_quantity":"10000"}],"product_quantity_price_range_buying":[{"imprint_cost_general_buying_price":"1.175","imprint_cost_general_buying_quantity":"1"},{"imprint_cost_general_buying_price":"1","imprint_cost_general_buying_quantity":"10"},{"imprint_cost_general_buying_price":"0.895","imprint_cost_general_buying_quantity":"25"},{"imprint_cost_general_buying_price":"0.775","imprint_cost_general_buying_quantity":"50"},{"imprint_cost_general_buying_price":"0.725","imprint_cost_general_buying_quantity":"100"},{"imprint_cost_general_buying_price":"0.695","imprint_cost_general_buying_quantity":"250"},{"imprint_cost_general_buying_price":"0.67","imprint_cost_general_buying_quantity":"500"},{"imprint_cost_general_buying_price":"0.64","imprint_cost_general_buying_quantity":"1000"},{"imprint_cost_general_buying_price":"0.61","imprint_cost_general_buying_quantity":"2500"},{"imprint_cost_general_buying_price":"0.58","imprint_cost_general_buying_quantity":"5000"},{"imprint_cost_general_buying_price":"0.545","imprint_cost_general_buying_quantity":"10000"}],"imprint_cost_setup_costs":"54","imprint_cost_handling_costs":"0.36"}]},"aioseo_notices":[],"aioseo_head":"\n\t\t<!-- All in One SEO Pro 4.9.6.2 - aioseo.com -->\n\t<meta name=\"description\" content=\"Rundes Servierbrett aus nachhaltigem Bambus f\u00fcr K\u00fcche, K\u00e4se &amp; Tapas; mit Griff und Randrille f\u00fcr sicheres Servieren. Bei Hidalgo l\u00e4sst du es mit Lasergravur oder Druck veredeln - ideal, wenn du ein Vesperbrett mit Logo suchst oder dein Schneidebrett personalisieren willst.\" \/>\n\t<meta name=\"robots\" content=\"max-image-preview:large\" \/>\n\t<link rel=\"canonical\" href=\"https:\/\/hidalgo.nl\/de\/wp-json\/wp\/v2\/product\/138468\" \/>\n\t<meta name=\"generator\" content=\"All in One SEO Pro (AIOSEO) 4.9.6.2\" \/>\n\t\t<meta property=\"og:locale\" content=\"de_DE\" \/>\n\t\t<meta property=\"og:site_name\" content=\"Hidalgo -\" \/>\n\t\t<meta property=\"og:type\" content=\"article\" \/>\n\t\t<meta property=\"og:title\" content=\"Schneidebrett bedrucken Sagaform Bambus Servierbrett rund\" \/>\n\t\t<meta property=\"og:description\" content=\"Rundes Servierbrett aus nachhaltigem Bambus f\u00fcr K\u00fcche, K\u00e4se &amp; Tapas; mit Griff und Randrille f\u00fcr sicheres Servieren. Bei Hidalgo l\u00e4sst du es mit Lasergravur oder Druck veredeln - ideal, wenn du ein Vesperbrett mit Logo suchst oder dein Schneidebrett personalisieren willst.\" \/>\n\t\t<meta property=\"og:url\" content=\"https:\/\/hidalgo.nl\/de\/wp-json\/wp\/v2\/product\/138468\" \/>\n\t\t<meta property=\"og:image\" content=\"https:\/\/shop.hidalgo.nl\/wp-content\/uploads\/2025\/11\/cropped-Hidalgo-est1993.png\" \/>\n\t\t<meta property=\"og:image:secure_url\" content=\"https:\/\/shop.hidalgo.nl\/wp-content\/uploads\/2025\/11\/cropped-Hidalgo-est1993.png\" \/>\n\t\t<meta property=\"article:published_time\" content=\"2025-07-09T11:12:34+00:00\" \/>\n\t\t<meta property=\"article:modified_time\" content=\"2026-05-02T12:23:35+00:00\" \/>\n\t\t<meta name=\"twitter:card\" content=\"summary_large_image\" \/>\n\t\t<meta name=\"twitter:title\" content=\"Schneidebrett bedrucken Sagaform Bambus Servierbrett rund\" \/>\n\t\t<meta name=\"twitter:description\" content=\"Rundes Servierbrett aus nachhaltigem Bambus f\u00fcr K\u00fcche, K\u00e4se &amp; Tapas; mit Griff und Randrille f\u00fcr sicheres Servieren. Bei Hidalgo l\u00e4sst du es mit Lasergravur oder Druck veredeln - ideal, wenn du ein Vesperbrett mit Logo suchst oder dein Schneidebrett personalisieren willst.\" \/>\n\t\t<meta name=\"twitter:image\" content=\"https:\/\/shop.hidalgo.nl\/wp-content\/uploads\/2025\/11\/cropped-Hidalgo-est1993.png\" \/>\n\t\t<script type=\"application\/ld+json\" class=\"aioseo-schema\">\n\t\t\t{\"@context\":\"https:\\\/\\\/schema.org\",\"@graph\":[{\"@type\":\"BreadcrumbList\",\"@id\":\"https:\\\/\\\/hidalgo.nl\\\/de\\\/product\\\/138468\\\/schneidebrett-bedrucken-sagaform-bambus-servierbrett-rund\\\/#breadcrumblist\",\"itemListElement\":[{\"@type\":\"ListItem\",\"@id\":\"https:\\\/\\\/hidalgo.nl\\\/de\\\/#listItem\",\"position\":1,\"name\":\"Home\",\"item\":\"https:\\\/\\\/hidalgo.nl\\\/de\\\/\",\"nextItem\":{\"@type\":\"ListItem\",\"@id\":\"https:\\\/\\\/hidalgo.nl\\\/example\\\/#listItem\",\"name\":\"example\"}},{\"@type\":\"ListItem\",\"@id\":\"https:\\\/\\\/hidalgo.nl\\\/example\\\/#listItem\",\"position\":2,\"name\":\"example\",\"item\":\"https:\\\/\\\/hidalgo.nl\\\/example\\\/\",\"nextItem\":{\"@type\":\"ListItem\",\"@id\":\"https:\\\/\\\/hidalgo.nl\\\/en\\\/product-supplier\\\/a53\\\/#listItem\",\"name\":\"A53\"},\"previousItem\":{\"@type\":\"ListItem\",\"@id\":\"https:\\\/\\\/hidalgo.nl\\\/de\\\/#listItem\",\"name\":\"Home\"}},{\"@type\":\"ListItem\",\"@id\":\"https:\\\/\\\/hidalgo.nl\\\/en\\\/product-supplier\\\/a53\\\/#listItem\",\"position\":3,\"name\":\"A53\",\"item\":\"https:\\\/\\\/hidalgo.nl\\\/en\\\/product-supplier\\\/a53\\\/\",\"nextItem\":{\"@type\":\"ListItem\",\"@id\":\"https:\\\/\\\/hidalgo.nl\\\/de\\\/product\\\/138468\\\/schneidebrett-bedrucken-sagaform-bambus-servierbrett-rund\\\/#listItem\",\"name\":\"Sagaform snijplank rond\"},\"previousItem\":{\"@type\":\"ListItem\",\"@id\":\"https:\\\/\\\/hidalgo.nl\\\/example\\\/#listItem\",\"name\":\"example\"}},{\"@type\":\"ListItem\",\"@id\":\"https:\\\/\\\/hidalgo.nl\\\/de\\\/product\\\/138468\\\/schneidebrett-bedrucken-sagaform-bambus-servierbrett-rund\\\/#listItem\",\"position\":4,\"name\":\"Sagaform snijplank rond\",\"previousItem\":{\"@type\":\"ListItem\",\"@id\":\"https:\\\/\\\/hidalgo.nl\\\/en\\\/product-supplier\\\/a53\\\/#listItem\",\"name\":\"A53\"}}]},{\"@type\":\"Organization\",\"@id\":\"https:\\\/\\\/hidalgo.nl\\\/de\\\/#organization\",\"name\":\"Hidalgo\",\"url\":\"https:\\\/\\\/hidalgo.nl\\\/de\\\/\",\"logo\":{\"@type\":\"ImageObject\",\"url\":\"https:\\\/\\\/shop.hidalgo.nl\\\/wp-content\\\/uploads\\\/2025\\\/11\\\/cropped-Hidalgo-est1993.png\",\"@id\":\"https:\\\/\\\/hidalgo.nl\\\/de\\\/product\\\/138468\\\/schneidebrett-bedrucken-sagaform-bambus-servierbrett-rund\\\/#organizationLogo\",\"width\":585,\"height\":195},\"image\":{\"@id\":\"https:\\\/\\\/hidalgo.nl\\\/de\\\/product\\\/138468\\\/schneidebrett-bedrucken-sagaform-bambus-servierbrett-rund\\\/#organizationLogo\"}},{\"@type\":\"ProductGroup\",\"@id\":\"https:\\\/\\\/hidalgo.nl\\\/de\\\/product\\\/138468\\\/schneidebrett-bedrucken-sagaform-bambus-servierbrett-rund\\\/#wooCommerceProduct\",\"name\":\"Schneidebrett bedrucken Sagaform Bambus Servierbrett rund\",\"url\":\"https:\\\/\\\/hidalgo.nl\\\/de\\\/product\\\/138468\\\/schneidebrett-bedrucken-sagaform-bambus-servierbrett-rund\\\/\",\"brand\":{\"@type\":\"Brand\",\"name\":\"Hidalgo\"},\"sku\":\"A53-LT52035\",\"image\":{\"@type\":\"ImageObject\",\"url\":\"https:\\\/\\\/shop.hidalgo.nl\\\/wp-content\\\/uploads\\\/2025\\\/05\\\/97ff5a7068d02035752fce80025aa8c452e2fa6d721af27871324f5d915445f3.jpg\",\"@id\":\"https:\\\/\\\/hidalgo.nl\\\/de\\\/product\\\/138468\\\/schneidebrett-bedrucken-sagaform-bambus-servierbrett-rund\\\/#productImage\",\"width\":1000,\"height\":1000},\"productGroupID\":138468,\"hasVariant\":[{\"@type\":\"Product\",\"@id\":\"https:\\\/\\\/hidalgo.nl\\\/de\\\/product\\\/138468\\\/schneidebrett-bedrucken-sagaform-bambus-servierbrett-rund\\\/#wooCommerceProduct\",\"name\":\"Sagaform snijplank rond - hout\",\"url\":\"https:\\\/\\\/hidalgo.nl\\\/de\\\/product\\\/138468\\\/schneidebrett-bedrucken-sagaform-bambus-servierbrett-rund\\\/\",\"sku\":\"A53-LT52035-N0093\",\"image\":{\"@type\":\"ImageObject\",\"url\":\"https:\\\/\\\/shop.hidalgo.nl\\\/wp-content\\\/uploads\\\/2025\\\/05\\\/e83dd93578151f556aaba64c87907e0322cc67aac558964a98f2f233e92c4d32.jpg\",\"@id\":\"https:\\\/\\\/hidalgo.nl\\\/de\\\/product\\\/138468\\\/schneidebrett-bedrucken-sagaform-bambus-servierbrett-rund\\\/#productImage\",\"width\":1000,\"height\":1000},\"offers\":{\"@type\":\"Offer\",\"url\":\"https:\\\/\\\/hidalgo.nl\\\/de\\\/product\\\/138468\\\/schneidebrett-bedrucken-sagaform-bambus-servierbrett-rund\\\/#wooCommerceOffer\",\"price\":\"13.65\",\"priceCurrency\":\"EUR\",\"category\":\"Promotionele Artikelen\",\"availability\":\"https:\\\/\\\/schema.org\\\/InStock\",\"priceSpecification\":{\"@type\":\"PriceSpecification\",\"price\":13.65,\"priceCurrency\":\"EUR\",\"valueAddedTaxIncluded\":\"true\"}}}]},{\"@type\":\"WebPage\",\"@id\":\"https:\\\/\\\/hidalgo.nl\\\/de\\\/product\\\/138468\\\/schneidebrett-bedrucken-sagaform-bambus-servierbrett-rund\\\/#webpage\",\"url\":\"https:\\\/\\\/hidalgo.nl\\\/de\\\/product\\\/138468\\\/schneidebrett-bedrucken-sagaform-bambus-servierbrett-rund\\\/\",\"name\":\"Schneidebrett bedrucken Sagaform Bambus Servierbrett rund\",\"description\":\"Rundes Servierbrett aus nachhaltigem Bambus f\\u00fcr K\\u00fcche, K\\u00e4se & Tapas; mit Griff und Randrille f\\u00fcr sicheres Servieren. Bei Hidalgo l\\u00e4sst du es mit Lasergravur oder Druck veredeln - ideal, wenn du ein Vesperbrett mit Logo suchst oder dein Schneidebrett personalisieren willst.\",\"inLanguage\":\"de-DE\",\"isPartOf\":{\"@id\":\"https:\\\/\\\/hidalgo.nl\\\/de\\\/#website\"},\"breadcrumb\":{\"@id\":\"https:\\\/\\\/hidalgo.nl\\\/de\\\/product\\\/138468\\\/schneidebrett-bedrucken-sagaform-bambus-servierbrett-rund\\\/#breadcrumblist\"},\"image\":{\"@type\":\"ImageObject\",\"url\":\"https:\\\/\\\/shop.hidalgo.nl\\\/wp-content\\\/uploads\\\/2025\\\/05\\\/97ff5a7068d02035752fce80025aa8c452e2fa6d721af27871324f5d915445f3.jpg\",\"@id\":\"https:\\\/\\\/hidalgo.nl\\\/de\\\/product\\\/138468\\\/schneidebrett-bedrucken-sagaform-bambus-servierbrett-rund\\\/#mainImage\",\"width\":1000,\"height\":1000},\"primaryImageOfPage\":{\"@id\":\"https:\\\/\\\/hidalgo.nl\\\/de\\\/product\\\/138468\\\/schneidebrett-bedrucken-sagaform-bambus-servierbrett-rund\\\/#mainImage\"},\"datePublished\":\"2025-07-09T11:12:34+00:00\",\"dateModified\":\"2026-05-02T12:23:35+00:00\"},{\"@type\":\"WebSite\",\"@id\":\"https:\\\/\\\/hidalgo.nl\\\/de\\\/#website\",\"url\":\"https:\\\/\\\/hidalgo.nl\\\/de\\\/\",\"name\":\"Hidalgo\",\"inLanguage\":\"de-DE\",\"publisher\":{\"@id\":\"https:\\\/\\\/hidalgo.nl\\\/de\\\/#organization\"}}]}\n\t\t<\/script>\n\t\t<!-- All in One SEO Pro -->\r\n\t\t<title>Schneidebrett bedrucken Sagaform Bambus Servierbrett rund<\/title>\n\n","aioseo_head_json":{"title":"Schneidebrett bedrucken Sagaform Bambus Servierbrett rund","description":"Rundes Servierbrett aus nachhaltigem Bambus f\u00fcr K\u00fcche, K\u00e4se & Tapas; mit Griff und Randrille f\u00fcr sicheres Servieren. Bei Hidalgo l\u00e4sst du es mit Lasergravur oder Druck veredeln - ideal, wenn du ein Vesperbrett mit Logo suchst oder dein Schneidebrett personalisieren willst.","canonical_url":"https:\/\/hidalgo.nl\/de\/wp-json\/wp\/v2\/product\/138468","robots":"max-image-preview:large","keywords":"","webmasterTools":{"miscellaneous":""},"schema":{"@context":"https:\/\/schema.org","@graph":[{"@type":"BreadcrumbList","@id":"https:\/\/hidalgo.nl\/de\/product\/138468\/schneidebrett-bedrucken-sagaform-bambus-servierbrett-rund\/#breadcrumblist","itemListElement":[{"@type":"ListItem","@id":"https:\/\/hidalgo.nl\/de\/#listItem","position":1,"name":"Home","item":"https:\/\/hidalgo.nl\/de\/","nextItem":{"@type":"ListItem","@id":"https:\/\/hidalgo.nl\/example\/#listItem","name":"example"}},{"@type":"ListItem","@id":"https:\/\/hidalgo.nl\/example\/#listItem","position":2,"name":"example","item":"https:\/\/hidalgo.nl\/example\/","nextItem":{"@type":"ListItem","@id":"https:\/\/hidalgo.nl\/en\/product-supplier\/a53\/#listItem","name":"A53"},"previousItem":{"@type":"ListItem","@id":"https:\/\/hidalgo.nl\/de\/#listItem","name":"Home"}},{"@type":"ListItem","@id":"https:\/\/hidalgo.nl\/en\/product-supplier\/a53\/#listItem","position":3,"name":"A53","item":"https:\/\/hidalgo.nl\/en\/product-supplier\/a53\/","nextItem":{"@type":"ListItem","@id":"https:\/\/hidalgo.nl\/de\/product\/138468\/schneidebrett-bedrucken-sagaform-bambus-servierbrett-rund\/#listItem","name":"Sagaform snijplank rond"},"previousItem":{"@type":"ListItem","@id":"https:\/\/hidalgo.nl\/example\/#listItem","name":"example"}},{"@type":"ListItem","@id":"https:\/\/hidalgo.nl\/de\/product\/138468\/schneidebrett-bedrucken-sagaform-bambus-servierbrett-rund\/#listItem","position":4,"name":"Sagaform snijplank rond","previousItem":{"@type":"ListItem","@id":"https:\/\/hidalgo.nl\/en\/product-supplier\/a53\/#listItem","name":"A53"}}]},{"@type":"Organization","@id":"https:\/\/hidalgo.nl\/de\/#organization","name":"Hidalgo","url":"https:\/\/hidalgo.nl\/de\/","logo":{"@type":"ImageObject","url":"https:\/\/shop.hidalgo.nl\/wp-content\/uploads\/2025\/11\/cropped-Hidalgo-est1993.png","@id":"https:\/\/hidalgo.nl\/de\/product\/138468\/schneidebrett-bedrucken-sagaform-bambus-servierbrett-rund\/#organizationLogo","width":585,"height":195},"image":{"@id":"https:\/\/hidalgo.nl\/de\/product\/138468\/schneidebrett-bedrucken-sagaform-bambus-servierbrett-rund\/#organizationLogo"}},{"@type":"ProductGroup","@id":"https:\/\/hidalgo.nl\/de\/product\/138468\/schneidebrett-bedrucken-sagaform-bambus-servierbrett-rund\/#wooCommerceProduct","name":"Schneidebrett bedrucken Sagaform Bambus Servierbrett rund","url":"https:\/\/hidalgo.nl\/de\/product\/138468\/schneidebrett-bedrucken-sagaform-bambus-servierbrett-rund\/","brand":{"@type":"Brand","name":"Hidalgo"},"sku":"A53-LT52035","image":{"@type":"ImageObject","url":"https:\/\/shop.hidalgo.nl\/wp-content\/uploads\/2025\/05\/97ff5a7068d02035752fce80025aa8c452e2fa6d721af27871324f5d915445f3.jpg","@id":"https:\/\/hidalgo.nl\/de\/product\/138468\/schneidebrett-bedrucken-sagaform-bambus-servierbrett-rund\/#productImage","width":1000,"height":1000},"productGroupID":138468,"hasVariant":[{"@type":"Product","@id":"https:\/\/hidalgo.nl\/de\/product\/138468\/schneidebrett-bedrucken-sagaform-bambus-servierbrett-rund\/#wooCommerceProduct","name":"Sagaform snijplank rond - hout","url":"https:\/\/hidalgo.nl\/de\/product\/138468\/schneidebrett-bedrucken-sagaform-bambus-servierbrett-rund\/","sku":"A53-LT52035-N0093","image":{"@type":"ImageObject","url":"https:\/\/shop.hidalgo.nl\/wp-content\/uploads\/2025\/05\/e83dd93578151f556aaba64c87907e0322cc67aac558964a98f2f233e92c4d32.jpg","@id":"https:\/\/hidalgo.nl\/de\/product\/138468\/schneidebrett-bedrucken-sagaform-bambus-servierbrett-rund\/#productImage","width":1000,"height":1000},"offers":{"@type":"Offer","url":"https:\/\/hidalgo.nl\/de\/product\/138468\/schneidebrett-bedrucken-sagaform-bambus-servierbrett-rund\/#wooCommerceOffer","price":"13.65","priceCurrency":"EUR","category":"Promotionele Artikelen","availability":"https:\/\/schema.org\/InStock","priceSpecification":{"@type":"PriceSpecification","price":13.65,"priceCurrency":"EUR","valueAddedTaxIncluded":"true"}}}]},{"@type":"WebPage","@id":"https:\/\/hidalgo.nl\/de\/product\/138468\/schneidebrett-bedrucken-sagaform-bambus-servierbrett-rund\/#webpage","url":"https:\/\/hidalgo.nl\/de\/product\/138468\/schneidebrett-bedrucken-sagaform-bambus-servierbrett-rund\/","name":"Schneidebrett bedrucken Sagaform Bambus Servierbrett rund","description":"Rundes Servierbrett aus nachhaltigem Bambus f\u00fcr K\u00fcche, K\u00e4se & Tapas; mit Griff und Randrille f\u00fcr sicheres Servieren. Bei Hidalgo l\u00e4sst du es mit Lasergravur oder Druck veredeln - ideal, wenn du ein Vesperbrett mit Logo suchst oder dein Schneidebrett personalisieren willst.","inLanguage":"de-DE","isPartOf":{"@id":"https:\/\/hidalgo.nl\/de\/#website"},"breadcrumb":{"@id":"https:\/\/hidalgo.nl\/de\/product\/138468\/schneidebrett-bedrucken-sagaform-bambus-servierbrett-rund\/#breadcrumblist"},"image":{"@type":"ImageObject","url":"https:\/\/shop.hidalgo.nl\/wp-content\/uploads\/2025\/05\/97ff5a7068d02035752fce80025aa8c452e2fa6d721af27871324f5d915445f3.jpg","@id":"https:\/\/hidalgo.nl\/de\/product\/138468\/schneidebrett-bedrucken-sagaform-bambus-servierbrett-rund\/#mainImage","width":1000,"height":1000},"primaryImageOfPage":{"@id":"https:\/\/hidalgo.nl\/de\/product\/138468\/schneidebrett-bedrucken-sagaform-bambus-servierbrett-rund\/#mainImage"},"datePublished":"2025-07-09T11:12:34+00:00","dateModified":"2026-05-02T12:23:35+00:00"},{"@type":"WebSite","@id":"https:\/\/hidalgo.nl\/de\/#website","url":"https:\/\/hidalgo.nl\/de\/","name":"Hidalgo","inLanguage":"de-DE","publisher":{"@id":"https:\/\/hidalgo.nl\/de\/#organization"}}]},"og:locale":"de_DE","og:site_name":"Hidalgo -","og:type":"article","og:title":"Schneidebrett bedrucken Sagaform Bambus Servierbrett rund","og:description":"Rundes Servierbrett aus nachhaltigem Bambus f\u00fcr K\u00fcche, K\u00e4se &amp; Tapas; mit Griff und Randrille f\u00fcr sicheres Servieren. Bei Hidalgo l\u00e4sst du es mit Lasergravur oder Druck veredeln - ideal, wenn du ein Vesperbrett mit Logo suchst oder dein Schneidebrett personalisieren willst.","og:url":"https:\/\/hidalgo.nl\/de\/wp-json\/wp\/v2\/product\/138468","og:image":"https:\/\/shop.hidalgo.nl\/wp-content\/uploads\/2025\/11\/cropped-Hidalgo-est1993.png","og:image:secure_url":"https:\/\/shop.hidalgo.nl\/wp-content\/uploads\/2025\/11\/cropped-Hidalgo-est1993.png","article:published_time":"2025-07-09T11:12:34+00:00","article:modified_time":"2026-05-02T12:23:35+00:00","twitter:card":"summary_large_image","twitter:title":"Schneidebrett bedrucken Sagaform Bambus Servierbrett rund","twitter:description":"Rundes Servierbrett aus nachhaltigem Bambus f\u00fcr K\u00fcche, K\u00e4se &amp; Tapas; mit Griff und Randrille f\u00fcr sicheres Servieren. Bei Hidalgo l\u00e4sst du es mit Lasergravur oder Druck veredeln - ideal, wenn du ein Vesperbrett mit Logo suchst oder dein Schneidebrett personalisieren willst.","twitter:image":"https:\/\/shop.hidalgo.nl\/wp-content\/uploads\/2025\/11\/cropped-Hidalgo-est1993.png"},"aioseo_meta_data":{"post_id":"138468","title":null,"description":null,"keywords":null,"keyphrases":null,"primary_term":null,"canonical_url":null,"og_title":null,"og_description":null,"og_object_type":"default","og_image_type":"default","og_image_url":null,"og_image_width":null,"og_image_height":null,"og_image_custom_url":null,"og_image_custom_fields":null,"og_video":null,"og_custom_url":null,"og_article_section":null,"og_article_tags":null,"twitter_use_og":false,"twitter_card":"default","twitter_image_type":"default","twitter_image_url":null,"twitter_image_custom_url":null,"twitter_image_custom_fields":null,"twitter_title":null,"twitter_description":null,"schema":{"blockGraphs":[],"customGraphs":[],"default":{"data":{"Article":[],"Course":[],"Dataset":[],"FAQPage":[],"Movie":[],"Person":[],"Product":[],"ProductReview":[],"Car":[],"Recipe":[],"Service":[],"SoftwareApplication":[],"WebPage":[]},"graphName":"","isEnabled":true},"graphs":[]},"schema_type":"default","schema_type_options":null,"pillar_content":false,"robots_default":true,"robots_noindex":false,"robots_noarchive":false,"robots_nosnippet":false,"robots_nofollow":false,"robots_noimageindex":false,"robots_noodp":false,"robots_notranslate":false,"robots_max_snippet":null,"robots_max_videopreview":null,"robots_max_imagepreview":"large","priority":null,"frequency":null,"local_seo":null,"seo_analyzer_scan_date":"2026-02-05 14:18:38","breadcrumb_settings":null,"limit_modified_date":false,"reviewed_by":null,"open_ai":null,"ai":null,"created":"2026-01-14 06:25:39","updated":"2026-05-02 12:24:08"},"aioseo_breadcrumb":"<div class=\"aioseo-breadcrumbs\"><span class=\"aioseo-breadcrumb\">\n\t<a href=\"https:\/\/hidalgo.nl\/de\/\" title=\"Home\">Home<\/a>\n<\/span><span class=\"aioseo-breadcrumb-separator\">\u00bb<\/span><span class=\"aioseo-breadcrumb\">\n\t<a href=\"https:\/\/hidalgo.nl\/example\/\" title=\"example\">example<\/a>\n<\/span><span class=\"aioseo-breadcrumb-separator\">\u00bb<\/span><span class=\"aioseo-breadcrumb\">\n\t<a href=\"https:\/\/hidalgo.nl\/en\/product-supplier\/a53\/\" title=\"A53\">A53<\/a>\n<\/span><span class=\"aioseo-breadcrumb-separator\">\u00bb<\/span><span class=\"aioseo-breadcrumb\">\n\tSagaform snijplank rond\n<\/span><\/div>","aioseo_breadcrumb_json":[{"label":"Home","link":"https:\/\/hidalgo.nl\/de\/"},{"label":"example","link":"https:\/\/hidalgo.nl\/example\/"},{"label":"A53","link":"https:\/\/hidalgo.nl\/en\/product-supplier\/a53\/"},{"label":"Sagaform snijplank rond","link":"https:\/\/hidalgo.nl\/de\/product\/138468\/schneidebrett-bedrucken-sagaform-bambus-servierbrett-rund\/"}],"_links":{"self":[{"href":"https:\/\/hidalgo.nl\/de\/wp-json\/wp\/v2\/product\/138468","targetHints":{"allow":["GET"]}}],"collection":[{"href":"https:\/\/hidalgo.nl\/de\/wp-json\/wp\/v2\/product"}],"about":[{"href":"https:\/\/hidalgo.nl\/de\/wp-json\/wp\/v2\/types\/product"}],"wp:featuredmedia":[{"embeddable":true,"href":"https:\/\/hidalgo.nl\/de\/wp-json\/wp\/v2\/media\/138469"}],"wp:attachment":[{"href":"https:\/\/hidalgo.nl\/de\/wp-json\/wp\/v2\/media?parent=138468"}],"wp:term":[{"taxonomy":"product_brand","embeddable":true,"href":"https:\/\/hidalgo.nl\/de\/wp-json\/wp\/v2\/product_brand?post=138468"},{"taxonomy":"product_cat","embeddable":true,"href":"https:\/\/hidalgo.nl\/de\/wp-json\/wp\/v2\/product_cat?post=138468"},{"taxonomy":"product_tag","embeddable":true,"href":"https:\/\/hidalgo.nl\/de\/wp-json\/wp\/v2\/product_tag?post=138468"}],"curies":[{"name":"wp","href":"https:\/\/api.w.org\/{rel}","templated":true}]}}