{"id":137136,"date":"2025-07-09T10:38:06","date_gmt":"2025-07-09T10:38:06","guid":{"rendered":"http:\/\/bidonsenshakers.pim.hidalgo.nl\/product\/m-272-muse-bluetooth-headphones\/"},"modified":"2026-05-02T11:52:53","modified_gmt":"2026-05-02T11:52:53","slug":"m-272-muse-bluetooth-headphones","status":"publish","type":"product","link":"https:\/\/hidalgo.nl\/de\/product\/137136\/bluetooth-kopfhoerer-bedrucken-muse-faltbar-45h-akkulaufzeit\/","title":{"rendered":"M-272 | Muse Bluetooth Headphones"},"content":{"rendered":"<p>Deze hoofdtelefoon biedt uitstekende geluidskwaliteit en eenvoudige Bluetooth-verbinding met uw smartphone of tablet. De zachte oorkussens en verstelbare hoofdband zorgen voor comfort, en het opvouwbare ontwerp bespaart ruimte in uw tas. Met de bedieningsknoppen onder de oorkussens kunt u moeiteloos uw muziek beheren en handsfree bellen. Tot 45 uur speeltijd.<\/p>\n","protected":false},"excerpt":{"rendered":"<p>Deze hoofdtelefoon biedt uitstekende geluidskwaliteit en eenvoudige Bluetooth-verbinding met uw smartphone of tablet. De zachte oorkussens en verstelbare hoofdband zorgen voor comfort, en het opvouwbare ontwerp bespaart ruimte in uw tas. Met de bedieningsknoppen onder de oorkussens kunt u moeiteloos uw muziek beheren en handsfree bellen. Tot 45 uur speeltijd.<\/p>\n","protected":false},"featured_media":137137,"template":"","meta":{"_acf_changed":false,"om_disable_all_campaigns":false,"_monsterinsights_skip_tracking":false,"_monsterinsights_sitenote_active":false,"_monsterinsights_sitenote_note":"","_monsterinsights_sitenote_category":0},"product_brand":[6374],"product_cat":[4720,4730,4719],"product_tag":[],"class_list":{"0":"post-137136","1":"product","2":"type-product","3":"status-publish","4":"has-post-thumbnail","6":"product_supplier-a53","7":"product_brand-hidalgo","8":"product_cat-promotionele-artikelen-elektronica-en-gadgets","9":"product_cat-promotionele-artikelen-elektronica-en-gadgets-oordopjes-en-koptelefoons","10":"product_cat-promotionele-artikelen","11":"entry","13":"first","14":"instock","15":"taxable","16":"shipping-taxable","17":"purchasable","18":"product-type-variable"},"acf":{"imprint_cost":[{"imprint_cost_key":"222f328a31aa788cc0420b142f118affdd1d8452","product_quantity_price_range":[{"imprint_cost_recommended_selling_price":"1.605","imprint_cost_recommended_selling_quantity":"1"},{"imprint_cost_recommended_selling_price":"1.3575","imprint_cost_recommended_selling_quantity":"10"},{"imprint_cost_recommended_selling_price":"0.87","imprint_cost_recommended_selling_quantity":"25"},{"imprint_cost_recommended_selling_price":"0.69","imprint_cost_recommended_selling_quantity":"50"},{"imprint_cost_recommended_selling_price":"0.615","imprint_cost_recommended_selling_quantity":"100"},{"imprint_cost_recommended_selling_price":"0.5325","imprint_cost_recommended_selling_quantity":"250"},{"imprint_cost_recommended_selling_price":"0.4575","imprint_cost_recommended_selling_quantity":"500"},{"imprint_cost_recommended_selling_price":"0.375","imprint_cost_recommended_selling_quantity":"1000"},{"imprint_cost_recommended_selling_price":"0.36","imprint_cost_recommended_selling_quantity":"2500"},{"imprint_cost_recommended_selling_price":"0.345","imprint_cost_recommended_selling_quantity":"5000"},{"imprint_cost_recommended_selling_price":"0.33","imprint_cost_recommended_selling_quantity":"10000"}],"product_quantity_price_range_buying":[{"imprint_cost_general_buying_price":"1.07","imprint_cost_general_buying_quantity":"1"},{"imprint_cost_general_buying_price":"0.905","imprint_cost_general_buying_quantity":"10"},{"imprint_cost_general_buying_price":"0.58","imprint_cost_general_buying_quantity":"25"},{"imprint_cost_general_buying_price":"0.46","imprint_cost_general_buying_quantity":"50"},{"imprint_cost_general_buying_price":"0.41","imprint_cost_general_buying_quantity":"100"},{"imprint_cost_general_buying_price":"0.355","imprint_cost_general_buying_quantity":"250"},{"imprint_cost_general_buying_price":"0.305","imprint_cost_general_buying_quantity":"500"},{"imprint_cost_general_buying_price":"0.25","imprint_cost_general_buying_quantity":"1000"},{"imprint_cost_general_buying_price":"0.24","imprint_cost_general_buying_quantity":"2500"},{"imprint_cost_general_buying_price":"0.23","imprint_cost_general_buying_quantity":"5000"},{"imprint_cost_general_buying_price":"0.22","imprint_cost_general_buying_quantity":"10000"}],"imprint_cost_setup_costs":"54","imprint_cost_handling_costs":"0.75"}]},"aioseo_notices":[],"aioseo_head":"\n\t\t<!-- All in One SEO Pro 4.9.6.2 - aioseo.com -->\n\t<meta name=\"description\" content=\"Mit bis zu 45 Stunden Akku und klappbarem Design passt dieses On-Ear-Modell in deinen mobilen Alltag. Bei Hidalgo kannst du Bluetooth Kopfh\u00f6rer bedrucken und Kopfh\u00f6rer mit Logo bestellen, ideal f\u00fcr Events, Mitarbeitergeschenke und 20-40-J\u00e4hrige, in Schwarz oder Dunkelblau.\" \/>\n\t<meta name=\"robots\" content=\"max-image-preview:large\" \/>\n\t<link rel=\"canonical\" href=\"https:\/\/hidalgo.nl\/de\/wp-json\/wp\/v2\/product\/137136\" \/>\n\t<meta name=\"generator\" content=\"All in One SEO Pro (AIOSEO) 4.9.6.2\" \/>\n\t\t<meta property=\"og:locale\" content=\"de_DE\" \/>\n\t\t<meta property=\"og:site_name\" content=\"Hidalgo -\" \/>\n\t\t<meta property=\"og:type\" content=\"article\" \/>\n\t\t<meta property=\"og:title\" content=\"Bluetooth Kopfh\u00f6rer bedrucken Muse faltbar 45h Akkulaufzeit\" \/>\n\t\t<meta property=\"og:description\" content=\"Mit bis zu 45 Stunden Akku und klappbarem Design passt dieses On-Ear-Modell in deinen mobilen Alltag. Bei Hidalgo kannst du Bluetooth Kopfh\u00f6rer bedrucken und Kopfh\u00f6rer mit Logo bestellen, ideal f\u00fcr Events, Mitarbeitergeschenke und 20-40-J\u00e4hrige, in Schwarz oder Dunkelblau.\" \/>\n\t\t<meta property=\"og:url\" content=\"https:\/\/hidalgo.nl\/de\/wp-json\/wp\/v2\/product\/137136\" \/>\n\t\t<meta property=\"og:image\" content=\"https:\/\/shop.hidalgo.nl\/wp-content\/uploads\/2025\/11\/cropped-Hidalgo-est1993.png\" \/>\n\t\t<meta property=\"og:image:secure_url\" content=\"https:\/\/shop.hidalgo.nl\/wp-content\/uploads\/2025\/11\/cropped-Hidalgo-est1993.png\" \/>\n\t\t<meta property=\"article:published_time\" content=\"2025-07-09T10:38:06+00:00\" \/>\n\t\t<meta property=\"article:modified_time\" content=\"2026-05-02T11:52:53+00:00\" \/>\n\t\t<meta name=\"twitter:card\" content=\"summary_large_image\" \/>\n\t\t<meta name=\"twitter:title\" content=\"Bluetooth Kopfh\u00f6rer bedrucken Muse faltbar 45h Akkulaufzeit\" \/>\n\t\t<meta name=\"twitter:description\" content=\"Mit bis zu 45 Stunden Akku und klappbarem Design passt dieses On-Ear-Modell in deinen mobilen Alltag. Bei Hidalgo kannst du Bluetooth Kopfh\u00f6rer bedrucken und Kopfh\u00f6rer mit Logo bestellen, ideal f\u00fcr Events, Mitarbeitergeschenke und 20-40-J\u00e4hrige, in Schwarz oder Dunkelblau.\" \/>\n\t\t<meta name=\"twitter:image\" content=\"https:\/\/shop.hidalgo.nl\/wp-content\/uploads\/2025\/11\/cropped-Hidalgo-est1993.png\" \/>\n\t\t<script type=\"application\/ld+json\" class=\"aioseo-schema\">\n\t\t\t{\"@context\":\"https:\\\/\\\/schema.org\",\"@graph\":[{\"@type\":\"BreadcrumbList\",\"@id\":\"https:\\\/\\\/hidalgo.nl\\\/de\\\/product\\\/137136\\\/bluetooth-kopfhoerer-bedrucken-muse-faltbar-45h-akkulaufzeit\\\/#breadcrumblist\",\"itemListElement\":[{\"@type\":\"ListItem\",\"@id\":\"https:\\\/\\\/hidalgo.nl\\\/de\\\/#listItem\",\"position\":1,\"name\":\"Home\",\"item\":\"https:\\\/\\\/hidalgo.nl\\\/de\\\/\",\"nextItem\":{\"@type\":\"ListItem\",\"@id\":\"https:\\\/\\\/hidalgo.nl\\\/example\\\/#listItem\",\"name\":\"example\"}},{\"@type\":\"ListItem\",\"@id\":\"https:\\\/\\\/hidalgo.nl\\\/example\\\/#listItem\",\"position\":2,\"name\":\"example\",\"item\":\"https:\\\/\\\/hidalgo.nl\\\/example\\\/\",\"nextItem\":{\"@type\":\"ListItem\",\"@id\":\"https:\\\/\\\/hidalgo.nl\\\/en\\\/product-supplier\\\/a53\\\/#listItem\",\"name\":\"A53\"},\"previousItem\":{\"@type\":\"ListItem\",\"@id\":\"https:\\\/\\\/hidalgo.nl\\\/de\\\/#listItem\",\"name\":\"Home\"}},{\"@type\":\"ListItem\",\"@id\":\"https:\\\/\\\/hidalgo.nl\\\/en\\\/product-supplier\\\/a53\\\/#listItem\",\"position\":3,\"name\":\"A53\",\"item\":\"https:\\\/\\\/hidalgo.nl\\\/en\\\/product-supplier\\\/a53\\\/\",\"nextItem\":{\"@type\":\"ListItem\",\"@id\":\"https:\\\/\\\/hidalgo.nl\\\/de\\\/product\\\/137136\\\/bluetooth-kopfhoerer-bedrucken-muse-faltbar-45h-akkulaufzeit\\\/#listItem\",\"name\":\"M-272 | Muse Bluetooth Headphones\"},\"previousItem\":{\"@type\":\"ListItem\",\"@id\":\"https:\\\/\\\/hidalgo.nl\\\/example\\\/#listItem\",\"name\":\"example\"}},{\"@type\":\"ListItem\",\"@id\":\"https:\\\/\\\/hidalgo.nl\\\/de\\\/product\\\/137136\\\/bluetooth-kopfhoerer-bedrucken-muse-faltbar-45h-akkulaufzeit\\\/#listItem\",\"position\":4,\"name\":\"M-272 | Muse Bluetooth Headphones\",\"previousItem\":{\"@type\":\"ListItem\",\"@id\":\"https:\\\/\\\/hidalgo.nl\\\/en\\\/product-supplier\\\/a53\\\/#listItem\",\"name\":\"A53\"}}]},{\"@type\":\"Organization\",\"@id\":\"https:\\\/\\\/hidalgo.nl\\\/de\\\/#organization\",\"name\":\"Hidalgo\",\"url\":\"https:\\\/\\\/hidalgo.nl\\\/de\\\/\",\"logo\":{\"@type\":\"ImageObject\",\"url\":\"https:\\\/\\\/shop.hidalgo.nl\\\/wp-content\\\/uploads\\\/2025\\\/11\\\/cropped-Hidalgo-est1993.png\",\"@id\":\"https:\\\/\\\/hidalgo.nl\\\/de\\\/product\\\/137136\\\/bluetooth-kopfhoerer-bedrucken-muse-faltbar-45h-akkulaufzeit\\\/#organizationLogo\",\"width\":585,\"height\":195},\"image\":{\"@id\":\"https:\\\/\\\/hidalgo.nl\\\/de\\\/product\\\/137136\\\/bluetooth-kopfhoerer-bedrucken-muse-faltbar-45h-akkulaufzeit\\\/#organizationLogo\"}},{\"@type\":\"ProductGroup\",\"@id\":\"https:\\\/\\\/hidalgo.nl\\\/de\\\/product\\\/137136\\\/bluetooth-kopfhoerer-bedrucken-muse-faltbar-45h-akkulaufzeit\\\/#wooCommerceProduct\",\"name\":\"Bluetooth Kopfh\\u00f6rer bedrucken Muse faltbar 45h Akkulaufzeit\",\"url\":\"https:\\\/\\\/hidalgo.nl\\\/de\\\/product\\\/137136\\\/bluetooth-kopfhoerer-bedrucken-muse-faltbar-45h-akkulaufzeit\\\/\",\"brand\":{\"@type\":\"Brand\",\"name\":\"Hidalgo\"},\"sku\":\"A53-LT45815\",\"image\":{\"@type\":\"ImageObject\",\"url\":\"https:\\\/\\\/shop.hidalgo.nl\\\/wp-content\\\/uploads\\\/2025\\\/05\\\/464dcce52afd054c0a599beec48340ade820158d7b8c126ebb1b2116888760f1.jpg\",\"@id\":\"https:\\\/\\\/hidalgo.nl\\\/de\\\/product\\\/137136\\\/bluetooth-kopfhoerer-bedrucken-muse-faltbar-45h-akkulaufzeit\\\/#productImage\",\"width\":1000,\"height\":1000},\"productGroupID\":137136,\"hasVariant\":[{\"@type\":\"Product\",\"@id\":\"https:\\\/\\\/hidalgo.nl\\\/de\\\/product\\\/137136\\\/bluetooth-kopfhoerer-bedrucken-muse-faltbar-45h-akkulaufzeit\\\/#wooCommerceProduct\",\"name\":\"M-272 | Muse Bluetooth Headphones - zwart\",\"url\":\"https:\\\/\\\/hidalgo.nl\\\/de\\\/product\\\/137136\\\/bluetooth-kopfhoerer-bedrucken-muse-faltbar-45h-akkulaufzeit\\\/\",\"sku\":\"A53-LT45815-N0002\",\"image\":{\"@type\":\"ImageObject\",\"url\":\"https:\\\/\\\/shop.hidalgo.nl\\\/wp-content\\\/uploads\\\/2025\\\/05\\\/d3f29e2e74dd5cae9af6854bc07851ee76bd89f42c9fb6593a35e823cb16d2ba.jpg\",\"@id\":\"https:\\\/\\\/hidalgo.nl\\\/de\\\/product\\\/137136\\\/bluetooth-kopfhoerer-bedrucken-muse-faltbar-45h-akkulaufzeit\\\/#productImage\",\"width\":1000,\"height\":1000},\"offers\":{\"@type\":\"Offer\",\"url\":\"https:\\\/\\\/hidalgo.nl\\\/de\\\/product\\\/137136\\\/bluetooth-kopfhoerer-bedrucken-muse-faltbar-45h-akkulaufzeit\\\/#wooCommerceOffer\",\"price\":\"27.45\",\"priceCurrency\":\"EUR\",\"category\":\"Promotionele Artikelen\",\"availability\":\"https:\\\/\\\/schema.org\\\/InStock\",\"priceSpecification\":{\"@type\":\"PriceSpecification\",\"price\":27.45,\"priceCurrency\":\"EUR\",\"valueAddedTaxIncluded\":\"true\"}}},{\"@type\":\"Product\",\"@id\":\"https:\\\/\\\/hidalgo.nl\\\/de\\\/product\\\/137136\\\/bluetooth-kopfhoerer-bedrucken-muse-faltbar-45h-akkulaufzeit\\\/#wooCommerceProduct\",\"name\":\"M-272 | Muse Bluetooth Headphones - donkerblauw\",\"url\":\"https:\\\/\\\/hidalgo.nl\\\/de\\\/product\\\/137136\\\/bluetooth-kopfhoerer-bedrucken-muse-faltbar-45h-akkulaufzeit\\\/\",\"sku\":\"A53-LT45815-N0010\",\"image\":{\"@type\":\"ImageObject\",\"url\":\"https:\\\/\\\/shop.hidalgo.nl\\\/wp-content\\\/uploads\\\/2025\\\/05\\\/ae388653cdb9e4a5ab372c9fb30b25525814bcc6f69c2c572423a1d7226f8652.jpg\",\"@id\":\"https:\\\/\\\/hidalgo.nl\\\/de\\\/product\\\/137136\\\/bluetooth-kopfhoerer-bedrucken-muse-faltbar-45h-akkulaufzeit\\\/#productImage\",\"width\":1000,\"height\":1000},\"offers\":{\"@type\":\"Offer\",\"url\":\"https:\\\/\\\/hidalgo.nl\\\/de\\\/product\\\/137136\\\/bluetooth-kopfhoerer-bedrucken-muse-faltbar-45h-akkulaufzeit\\\/#wooCommerceOffer\",\"price\":\"27.45\",\"priceCurrency\":\"EUR\",\"category\":\"Promotionele Artikelen\",\"availability\":\"https:\\\/\\\/schema.org\\\/InStock\",\"priceSpecification\":{\"@type\":\"PriceSpecification\",\"price\":27.45,\"priceCurrency\":\"EUR\",\"valueAddedTaxIncluded\":\"true\"}}}]},{\"@type\":\"WebPage\",\"@id\":\"https:\\\/\\\/hidalgo.nl\\\/de\\\/product\\\/137136\\\/bluetooth-kopfhoerer-bedrucken-muse-faltbar-45h-akkulaufzeit\\\/#webpage\",\"url\":\"https:\\\/\\\/hidalgo.nl\\\/de\\\/product\\\/137136\\\/bluetooth-kopfhoerer-bedrucken-muse-faltbar-45h-akkulaufzeit\\\/\",\"name\":\"Bluetooth Kopfh\\u00f6rer bedrucken Muse faltbar 45h Akkulaufzeit\",\"description\":\"Mit bis zu 45 Stunden Akku und klappbarem Design passt dieses On-Ear-Modell in deinen mobilen Alltag. Bei Hidalgo kannst du Bluetooth Kopfh\\u00f6rer bedrucken und Kopfh\\u00f6rer mit Logo bestellen, ideal f\\u00fcr Events, Mitarbeitergeschenke und 20-40-J\\u00e4hrige, in Schwarz oder Dunkelblau.\",\"inLanguage\":\"de-DE\",\"isPartOf\":{\"@id\":\"https:\\\/\\\/hidalgo.nl\\\/de\\\/#website\"},\"breadcrumb\":{\"@id\":\"https:\\\/\\\/hidalgo.nl\\\/de\\\/product\\\/137136\\\/bluetooth-kopfhoerer-bedrucken-muse-faltbar-45h-akkulaufzeit\\\/#breadcrumblist\"},\"image\":{\"@type\":\"ImageObject\",\"url\":\"https:\\\/\\\/shop.hidalgo.nl\\\/wp-content\\\/uploads\\\/2025\\\/05\\\/464dcce52afd054c0a599beec48340ade820158d7b8c126ebb1b2116888760f1.jpg\",\"@id\":\"https:\\\/\\\/hidalgo.nl\\\/de\\\/product\\\/137136\\\/bluetooth-kopfhoerer-bedrucken-muse-faltbar-45h-akkulaufzeit\\\/#mainImage\",\"width\":1000,\"height\":1000},\"primaryImageOfPage\":{\"@id\":\"https:\\\/\\\/hidalgo.nl\\\/de\\\/product\\\/137136\\\/bluetooth-kopfhoerer-bedrucken-muse-faltbar-45h-akkulaufzeit\\\/#mainImage\"},\"datePublished\":\"2025-07-09T10:38:06+00:00\",\"dateModified\":\"2026-05-02T11:52:53+00:00\"},{\"@type\":\"WebSite\",\"@id\":\"https:\\\/\\\/hidalgo.nl\\\/de\\\/#website\",\"url\":\"https:\\\/\\\/hidalgo.nl\\\/de\\\/\",\"name\":\"Hidalgo\",\"inLanguage\":\"de-DE\",\"publisher\":{\"@id\":\"https:\\\/\\\/hidalgo.nl\\\/de\\\/#organization\"}}]}\n\t\t<\/script>\n\t\t<!-- All in One SEO Pro -->\r\n\t\t<title>Bluetooth Kopfh\u00f6rer bedrucken Muse faltbar 45h Akkulaufzeit<\/title>\n\n","aioseo_head_json":{"title":"Bluetooth Kopfh\u00f6rer bedrucken Muse faltbar 45h Akkulaufzeit","description":"Mit bis zu 45 Stunden Akku und klappbarem Design passt dieses On-Ear-Modell in deinen mobilen Alltag. Bei Hidalgo kannst du Bluetooth Kopfh\u00f6rer bedrucken und Kopfh\u00f6rer mit Logo bestellen, ideal f\u00fcr Events, Mitarbeitergeschenke und 20-40-J\u00e4hrige, in Schwarz oder Dunkelblau.","canonical_url":"https:\/\/hidalgo.nl\/de\/wp-json\/wp\/v2\/product\/137136","robots":"max-image-preview:large","keywords":"","webmasterTools":{"miscellaneous":""},"schema":{"@context":"https:\/\/schema.org","@graph":[{"@type":"BreadcrumbList","@id":"https:\/\/hidalgo.nl\/de\/product\/137136\/bluetooth-kopfhoerer-bedrucken-muse-faltbar-45h-akkulaufzeit\/#breadcrumblist","itemListElement":[{"@type":"ListItem","@id":"https:\/\/hidalgo.nl\/de\/#listItem","position":1,"name":"Home","item":"https:\/\/hidalgo.nl\/de\/","nextItem":{"@type":"ListItem","@id":"https:\/\/hidalgo.nl\/example\/#listItem","name":"example"}},{"@type":"ListItem","@id":"https:\/\/hidalgo.nl\/example\/#listItem","position":2,"name":"example","item":"https:\/\/hidalgo.nl\/example\/","nextItem":{"@type":"ListItem","@id":"https:\/\/hidalgo.nl\/en\/product-supplier\/a53\/#listItem","name":"A53"},"previousItem":{"@type":"ListItem","@id":"https:\/\/hidalgo.nl\/de\/#listItem","name":"Home"}},{"@type":"ListItem","@id":"https:\/\/hidalgo.nl\/en\/product-supplier\/a53\/#listItem","position":3,"name":"A53","item":"https:\/\/hidalgo.nl\/en\/product-supplier\/a53\/","nextItem":{"@type":"ListItem","@id":"https:\/\/hidalgo.nl\/de\/product\/137136\/bluetooth-kopfhoerer-bedrucken-muse-faltbar-45h-akkulaufzeit\/#listItem","name":"M-272 | Muse Bluetooth Headphones"},"previousItem":{"@type":"ListItem","@id":"https:\/\/hidalgo.nl\/example\/#listItem","name":"example"}},{"@type":"ListItem","@id":"https:\/\/hidalgo.nl\/de\/product\/137136\/bluetooth-kopfhoerer-bedrucken-muse-faltbar-45h-akkulaufzeit\/#listItem","position":4,"name":"M-272 | Muse Bluetooth Headphones","previousItem":{"@type":"ListItem","@id":"https:\/\/hidalgo.nl\/en\/product-supplier\/a53\/#listItem","name":"A53"}}]},{"@type":"Organization","@id":"https:\/\/hidalgo.nl\/de\/#organization","name":"Hidalgo","url":"https:\/\/hidalgo.nl\/de\/","logo":{"@type":"ImageObject","url":"https:\/\/shop.hidalgo.nl\/wp-content\/uploads\/2025\/11\/cropped-Hidalgo-est1993.png","@id":"https:\/\/hidalgo.nl\/de\/product\/137136\/bluetooth-kopfhoerer-bedrucken-muse-faltbar-45h-akkulaufzeit\/#organizationLogo","width":585,"height":195},"image":{"@id":"https:\/\/hidalgo.nl\/de\/product\/137136\/bluetooth-kopfhoerer-bedrucken-muse-faltbar-45h-akkulaufzeit\/#organizationLogo"}},{"@type":"ProductGroup","@id":"https:\/\/hidalgo.nl\/de\/product\/137136\/bluetooth-kopfhoerer-bedrucken-muse-faltbar-45h-akkulaufzeit\/#wooCommerceProduct","name":"Bluetooth Kopfh\u00f6rer bedrucken Muse faltbar 45h Akkulaufzeit","url":"https:\/\/hidalgo.nl\/de\/product\/137136\/bluetooth-kopfhoerer-bedrucken-muse-faltbar-45h-akkulaufzeit\/","brand":{"@type":"Brand","name":"Hidalgo"},"sku":"A53-LT45815","image":{"@type":"ImageObject","url":"https:\/\/shop.hidalgo.nl\/wp-content\/uploads\/2025\/05\/464dcce52afd054c0a599beec48340ade820158d7b8c126ebb1b2116888760f1.jpg","@id":"https:\/\/hidalgo.nl\/de\/product\/137136\/bluetooth-kopfhoerer-bedrucken-muse-faltbar-45h-akkulaufzeit\/#productImage","width":1000,"height":1000},"productGroupID":137136,"hasVariant":[{"@type":"Product","@id":"https:\/\/hidalgo.nl\/de\/product\/137136\/bluetooth-kopfhoerer-bedrucken-muse-faltbar-45h-akkulaufzeit\/#wooCommerceProduct","name":"M-272 | Muse Bluetooth Headphones - zwart","url":"https:\/\/hidalgo.nl\/de\/product\/137136\/bluetooth-kopfhoerer-bedrucken-muse-faltbar-45h-akkulaufzeit\/","sku":"A53-LT45815-N0002","image":{"@type":"ImageObject","url":"https:\/\/shop.hidalgo.nl\/wp-content\/uploads\/2025\/05\/d3f29e2e74dd5cae9af6854bc07851ee76bd89f42c9fb6593a35e823cb16d2ba.jpg","@id":"https:\/\/hidalgo.nl\/de\/product\/137136\/bluetooth-kopfhoerer-bedrucken-muse-faltbar-45h-akkulaufzeit\/#productImage","width":1000,"height":1000},"offers":{"@type":"Offer","url":"https:\/\/hidalgo.nl\/de\/product\/137136\/bluetooth-kopfhoerer-bedrucken-muse-faltbar-45h-akkulaufzeit\/#wooCommerceOffer","price":"27.45","priceCurrency":"EUR","category":"Promotionele Artikelen","availability":"https:\/\/schema.org\/InStock","priceSpecification":{"@type":"PriceSpecification","price":27.45,"priceCurrency":"EUR","valueAddedTaxIncluded":"true"}}},{"@type":"Product","@id":"https:\/\/hidalgo.nl\/de\/product\/137136\/bluetooth-kopfhoerer-bedrucken-muse-faltbar-45h-akkulaufzeit\/#wooCommerceProduct","name":"M-272 | Muse Bluetooth Headphones - donkerblauw","url":"https:\/\/hidalgo.nl\/de\/product\/137136\/bluetooth-kopfhoerer-bedrucken-muse-faltbar-45h-akkulaufzeit\/","sku":"A53-LT45815-N0010","image":{"@type":"ImageObject","url":"https:\/\/shop.hidalgo.nl\/wp-content\/uploads\/2025\/05\/ae388653cdb9e4a5ab372c9fb30b25525814bcc6f69c2c572423a1d7226f8652.jpg","@id":"https:\/\/hidalgo.nl\/de\/product\/137136\/bluetooth-kopfhoerer-bedrucken-muse-faltbar-45h-akkulaufzeit\/#productImage","width":1000,"height":1000},"offers":{"@type":"Offer","url":"https:\/\/hidalgo.nl\/de\/product\/137136\/bluetooth-kopfhoerer-bedrucken-muse-faltbar-45h-akkulaufzeit\/#wooCommerceOffer","price":"27.45","priceCurrency":"EUR","category":"Promotionele Artikelen","availability":"https:\/\/schema.org\/InStock","priceSpecification":{"@type":"PriceSpecification","price":27.45,"priceCurrency":"EUR","valueAddedTaxIncluded":"true"}}}]},{"@type":"WebPage","@id":"https:\/\/hidalgo.nl\/de\/product\/137136\/bluetooth-kopfhoerer-bedrucken-muse-faltbar-45h-akkulaufzeit\/#webpage","url":"https:\/\/hidalgo.nl\/de\/product\/137136\/bluetooth-kopfhoerer-bedrucken-muse-faltbar-45h-akkulaufzeit\/","name":"Bluetooth Kopfh\u00f6rer bedrucken Muse faltbar 45h Akkulaufzeit","description":"Mit bis zu 45 Stunden Akku und klappbarem Design passt dieses On-Ear-Modell in deinen mobilen Alltag. Bei Hidalgo kannst du Bluetooth Kopfh\u00f6rer bedrucken und Kopfh\u00f6rer mit Logo bestellen, ideal f\u00fcr Events, Mitarbeitergeschenke und 20-40-J\u00e4hrige, in Schwarz oder Dunkelblau.","inLanguage":"de-DE","isPartOf":{"@id":"https:\/\/hidalgo.nl\/de\/#website"},"breadcrumb":{"@id":"https:\/\/hidalgo.nl\/de\/product\/137136\/bluetooth-kopfhoerer-bedrucken-muse-faltbar-45h-akkulaufzeit\/#breadcrumblist"},"image":{"@type":"ImageObject","url":"https:\/\/shop.hidalgo.nl\/wp-content\/uploads\/2025\/05\/464dcce52afd054c0a599beec48340ade820158d7b8c126ebb1b2116888760f1.jpg","@id":"https:\/\/hidalgo.nl\/de\/product\/137136\/bluetooth-kopfhoerer-bedrucken-muse-faltbar-45h-akkulaufzeit\/#mainImage","width":1000,"height":1000},"primaryImageOfPage":{"@id":"https:\/\/hidalgo.nl\/de\/product\/137136\/bluetooth-kopfhoerer-bedrucken-muse-faltbar-45h-akkulaufzeit\/#mainImage"},"datePublished":"2025-07-09T10:38:06+00:00","dateModified":"2026-05-02T11:52:53+00:00"},{"@type":"WebSite","@id":"https:\/\/hidalgo.nl\/de\/#website","url":"https:\/\/hidalgo.nl\/de\/","name":"Hidalgo","inLanguage":"de-DE","publisher":{"@id":"https:\/\/hidalgo.nl\/de\/#organization"}}]},"og:locale":"de_DE","og:site_name":"Hidalgo -","og:type":"article","og:title":"Bluetooth Kopfh\u00f6rer bedrucken Muse faltbar 45h Akkulaufzeit","og:description":"Mit bis zu 45 Stunden Akku und klappbarem Design passt dieses On-Ear-Modell in deinen mobilen Alltag. Bei Hidalgo kannst du Bluetooth Kopfh\u00f6rer bedrucken und Kopfh\u00f6rer mit Logo bestellen, ideal f\u00fcr Events, Mitarbeitergeschenke und 20-40-J\u00e4hrige, in Schwarz oder Dunkelblau.","og:url":"https:\/\/hidalgo.nl\/de\/wp-json\/wp\/v2\/product\/137136","og:image":"https:\/\/shop.hidalgo.nl\/wp-content\/uploads\/2025\/11\/cropped-Hidalgo-est1993.png","og:image:secure_url":"https:\/\/shop.hidalgo.nl\/wp-content\/uploads\/2025\/11\/cropped-Hidalgo-est1993.png","article:published_time":"2025-07-09T10:38:06+00:00","article:modified_time":"2026-05-02T11:52:53+00:00","twitter:card":"summary_large_image","twitter:title":"Bluetooth Kopfh\u00f6rer bedrucken Muse faltbar 45h Akkulaufzeit","twitter:description":"Mit bis zu 45 Stunden Akku und klappbarem Design passt dieses On-Ear-Modell in deinen mobilen Alltag. Bei Hidalgo kannst du Bluetooth Kopfh\u00f6rer bedrucken und Kopfh\u00f6rer mit Logo bestellen, ideal f\u00fcr Events, Mitarbeitergeschenke und 20-40-J\u00e4hrige, in Schwarz oder Dunkelblau.","twitter:image":"https:\/\/shop.hidalgo.nl\/wp-content\/uploads\/2025\/11\/cropped-Hidalgo-est1993.png"},"aioseo_meta_data":{"post_id":"137136","title":null,"description":null,"keywords":null,"keyphrases":null,"primary_term":null,"canonical_url":null,"og_title":null,"og_description":null,"og_object_type":"default","og_image_type":"default","og_image_url":null,"og_image_width":null,"og_image_height":null,"og_image_custom_url":null,"og_image_custom_fields":null,"og_video":null,"og_custom_url":null,"og_article_section":null,"og_article_tags":null,"twitter_use_og":false,"twitter_card":"default","twitter_image_type":"default","twitter_image_url":null,"twitter_image_custom_url":null,"twitter_image_custom_fields":null,"twitter_title":null,"twitter_description":null,"schema":{"blockGraphs":[],"customGraphs":[],"default":{"data":{"Article":[],"Course":[],"Dataset":[],"FAQPage":[],"Movie":[],"Person":[],"Product":[],"ProductReview":[],"Car":[],"Recipe":[],"Service":[],"SoftwareApplication":[],"WebPage":[]},"graphName":"","isEnabled":true},"graphs":[]},"schema_type":"default","schema_type_options":null,"pillar_content":false,"robots_default":true,"robots_noindex":false,"robots_noarchive":false,"robots_nosnippet":false,"robots_nofollow":false,"robots_noimageindex":false,"robots_noodp":false,"robots_notranslate":false,"robots_max_snippet":null,"robots_max_videopreview":null,"robots_max_imagepreview":"large","priority":null,"frequency":null,"local_seo":null,"seo_analyzer_scan_date":"2026-02-05 13:25:23","breadcrumb_settings":null,"limit_modified_date":false,"reviewed_by":null,"open_ai":null,"ai":null,"created":"2026-01-14 06:25:39","updated":"2026-05-02 11:54:08"},"aioseo_breadcrumb":"<div class=\"aioseo-breadcrumbs\"><span class=\"aioseo-breadcrumb\">\n\t<a href=\"https:\/\/hidalgo.nl\/de\/\" title=\"Home\">Home<\/a>\n<\/span><span class=\"aioseo-breadcrumb-separator\">\u00bb<\/span><span class=\"aioseo-breadcrumb\">\n\t<a href=\"https:\/\/hidalgo.nl\/example\/\" title=\"example\">example<\/a>\n<\/span><span class=\"aioseo-breadcrumb-separator\">\u00bb<\/span><span class=\"aioseo-breadcrumb\">\n\t<a href=\"https:\/\/hidalgo.nl\/en\/product-supplier\/a53\/\" title=\"A53\">A53<\/a>\n<\/span><span class=\"aioseo-breadcrumb-separator\">\u00bb<\/span><span class=\"aioseo-breadcrumb\">\n\tM-272 | Muse Bluetooth Headphones\n<\/span><\/div>","aioseo_breadcrumb_json":[{"label":"Home","link":"https:\/\/hidalgo.nl\/de\/"},{"label":"example","link":"https:\/\/hidalgo.nl\/example\/"},{"label":"A53","link":"https:\/\/hidalgo.nl\/en\/product-supplier\/a53\/"},{"label":"M-272 | Muse Bluetooth Headphones","link":"https:\/\/hidalgo.nl\/de\/product\/137136\/bluetooth-kopfhoerer-bedrucken-muse-faltbar-45h-akkulaufzeit\/"}],"_links":{"self":[{"href":"https:\/\/hidalgo.nl\/de\/wp-json\/wp\/v2\/product\/137136","targetHints":{"allow":["GET"]}}],"collection":[{"href":"https:\/\/hidalgo.nl\/de\/wp-json\/wp\/v2\/product"}],"about":[{"href":"https:\/\/hidalgo.nl\/de\/wp-json\/wp\/v2\/types\/product"}],"wp:featuredmedia":[{"embeddable":true,"href":"https:\/\/hidalgo.nl\/de\/wp-json\/wp\/v2\/media\/137137"}],"wp:attachment":[{"href":"https:\/\/hidalgo.nl\/de\/wp-json\/wp\/v2\/media?parent=137136"}],"wp:term":[{"taxonomy":"product_brand","embeddable":true,"href":"https:\/\/hidalgo.nl\/de\/wp-json\/wp\/v2\/product_brand?post=137136"},{"taxonomy":"product_cat","embeddable":true,"href":"https:\/\/hidalgo.nl\/de\/wp-json\/wp\/v2\/product_cat?post=137136"},{"taxonomy":"product_tag","embeddable":true,"href":"https:\/\/hidalgo.nl\/de\/wp-json\/wp\/v2\/product_tag?post=137136"}],"curies":[{"name":"wp","href":"https:\/\/api.w.org\/{rel}","templated":true}]}}