{"id":135997,"date":"2025-07-09T10:08:02","date_gmt":"2025-07-09T10:08:02","guid":{"rendered":"http:\/\/bidonsenshakers.pim.hidalgo.nl\/product\/plastic-bank-frisbee\/"},"modified":"2026-03-23T09:23:16","modified_gmt":"2026-03-23T09:23:16","slug":"plastic-bank-frisbee","status":"publish","type":"product","link":"https:\/\/hidalgo.nl\/de\/product\/plastic-bank-frisbee\/","title":{"rendered":"Plastic Bank Frisbee"},"content":{"rendered":"<p>Een frisbee gemaakt van 100% gerecycled Ocean Bound Plastic van Plastic Bank\u00ae. Voor het materiaal zijn oude flessen en andere rondzwervende, plastic producten gebruikt. Omdat dit product gemaakt is van Ocean Bound Plastic kan het materiaal oneffenheden vertonen.     \u2022 Met de aankoop van dit product steun je Plastic Bank\u00ae. Plastic Bank\u00ae is een internationale organisatie met twee hoofddoelen die ons allemaal aangaan: het terugdringen van de armoede en het verminderen van het plastic afval in de oceanen. Plastic Bank\u00ae betaalt mensen in ontwikkelingslanden voor het inleveren van plastic afval. Dit plastic haalt men van stranden en uit het ondiepe gedeelte van de oceanen, uit rivieren, van rivieroevers en van vuilstortplaatsen. Door dit alles wordt voorkomen dat dit plastic afval daadwerkelijk in de oceanen terechtkomt. Het ingezamelde plastic wordt gesorteerd, schoongemaakt en verwerkt tot korrels. Van deze korrels worden nieuwe producten gemaakt die het Social Plastic\u00ae label mogen dragen.<\/p>\n","protected":false},"excerpt":{"rendered":"<p>Een frisbee gemaakt van 100% gerecycled Ocean Bound Plastic van Plastic Bank\u00ae. Voor het materiaal zijn oude flessen en andere rondzwervende, plastic producten gebruikt. Omdat dit product gemaakt is van Ocean Bound Plastic kan het materiaal oneffenheden vertonen. \u2022 Met de aankoop van dit product steun je Plastic Bank\u00ae. Plastic Bank\u00ae is een internationale organisatie&hellip; <a class=\"more-link\" href=\"https:\/\/hidalgo.nl\/de\/product\/plastic-bank-frisbee\/\"><span class=\"screen-reader-text\">Plastic Bank Frisbee<\/span> weiterlesen<\/a><\/p>\n","protected":false},"featured_media":135998,"template":"","meta":{"_acf_changed":false,"om_disable_all_campaigns":false,"_monsterinsights_skip_tracking":false,"_monsterinsights_sitenote_active":false,"_monsterinsights_sitenote_note":"","_monsterinsights_sitenote_category":0},"product_brand":[],"product_cat":[4820,4719,4774],"product_tag":[],"class_list":{"0":"post-135997","1":"product","2":"type-product","3":"status-publish","4":"has-post-thumbnail","6":"product_supplier-a24","7":"product_material-gerecycled-pet","8":"product_cat-promotionele-artikelen-vrije-tijd-buitenspellen","9":"product_cat-promotionele-artikelen","10":"product_cat-promotionele-artikelen-vrije-tijd","11":"entry","13":"first","14":"instock","15":"taxable","16":"shipping-taxable","17":"purchasable","18":"product-type-variable"},"acf":{"imprint_cost":[{"imprint_cost_key":"ee7bc416ae2d53f069adf6f01811647cf5b08b4b","product_quantity_price_range":[{"imprint_cost_recommended_selling_price":"2.31","imprint_cost_recommended_selling_quantity":"1"},{"imprint_cost_recommended_selling_price":"1.86","imprint_cost_recommended_selling_quantity":"25"},{"imprint_cost_recommended_selling_price":"1.23","imprint_cost_recommended_selling_quantity":"50"},{"imprint_cost_recommended_selling_price":"0.93","imprint_cost_recommended_selling_quantity":"100"},{"imprint_cost_recommended_selling_price":"0.72","imprint_cost_recommended_selling_quantity":"250"},{"imprint_cost_recommended_selling_price":"0.51","imprint_cost_recommended_selling_quantity":"500"},{"imprint_cost_recommended_selling_price":"0.36","imprint_cost_recommended_selling_quantity":"1000"},{"imprint_cost_recommended_selling_price":"0.315","imprint_cost_recommended_selling_quantity":"2500"},{"imprint_cost_recommended_selling_price":"0.27","imprint_cost_recommended_selling_quantity":"5000"}],"product_quantity_price_range_buying":[{"imprint_cost_general_buying_price":"1.54","imprint_cost_general_buying_quantity":"1"},{"imprint_cost_general_buying_price":"1.24","imprint_cost_general_buying_quantity":"25"},{"imprint_cost_general_buying_price":"0.82","imprint_cost_general_buying_quantity":"50"},{"imprint_cost_general_buying_price":"0.62","imprint_cost_general_buying_quantity":"100"},{"imprint_cost_general_buying_price":"0.48","imprint_cost_general_buying_quantity":"250"},{"imprint_cost_general_buying_price":"0.34","imprint_cost_general_buying_quantity":"500"},{"imprint_cost_general_buying_price":"0.24","imprint_cost_general_buying_quantity":"1000"},{"imprint_cost_general_buying_price":"0.21","imprint_cost_general_buying_quantity":"2500"},{"imprint_cost_general_buying_price":"0.18","imprint_cost_general_buying_quantity":"5000"}],"imprint_cost_setup_costs":"45","imprint_cost_handling_costs":"0.09"}]},"aioseo_notices":[],"aioseo_head":"\n\t\t<!-- All in One SEO Pro 4.9.6.2 - aioseo.com -->\n\t<meta name=\"description\" content=\"Zeig dein Logo auf einer leichten Wurfscheibe aus recyceltem Kunststoff aus Ocean Bound Plastic von Plastic Bank. Ideal f\u00fcr Events und Sporttage in der Altersgruppe 20-40. In Wei\u00df oder Schwarz verf\u00fcgbar, mit sauberer Druckfl\u00e4che f\u00fcr auff\u00e4llige Personalisierung.\" \/>\n\t<meta name=\"robots\" content=\"max-image-preview:large\" \/>\n\t<link rel=\"canonical\" href=\"https:\/\/hidalgo.nl\/de\/wp-json\/wp\/v2\/product\/135997\" \/>\n\t<meta name=\"generator\" content=\"All in One SEO Pro (AIOSEO) 4.9.6.2\" \/>\n\t\t<meta property=\"og:locale\" content=\"de_DE\" \/>\n\t\t<meta property=\"og:site_name\" content=\"Hidalgo -\" \/>\n\t\t<meta property=\"og:type\" content=\"article\" \/>\n\t\t<meta property=\"og:title\" content=\"Plastic Bank Frisbee\" \/>\n\t\t<meta property=\"og:description\" content=\"Zeig dein Logo auf einer leichten Wurfscheibe aus recyceltem Kunststoff aus Ocean Bound Plastic von Plastic Bank. Ideal f\u00fcr Events und Sporttage in der Altersgruppe 20-40. In Wei\u00df oder Schwarz verf\u00fcgbar, mit sauberer Druckfl\u00e4che f\u00fcr auff\u00e4llige Personalisierung.\" \/>\n\t\t<meta property=\"og:url\" content=\"https:\/\/hidalgo.nl\/de\/wp-json\/wp\/v2\/product\/135997\" \/>\n\t\t<meta property=\"og:image\" content=\"https:\/\/shop.hidalgo.nl\/wp-content\/uploads\/2025\/11\/cropped-Hidalgo-est1993.png\" \/>\n\t\t<meta property=\"og:image:secure_url\" content=\"https:\/\/shop.hidalgo.nl\/wp-content\/uploads\/2025\/11\/cropped-Hidalgo-est1993.png\" \/>\n\t\t<meta property=\"article:published_time\" content=\"2025-07-09T10:08:02+00:00\" \/>\n\t\t<meta property=\"article:modified_time\" content=\"2026-03-23T09:23:16+00:00\" \/>\n\t\t<meta name=\"twitter:card\" content=\"summary_large_image\" \/>\n\t\t<meta name=\"twitter:title\" content=\"Plastic Bank Frisbee\" \/>\n\t\t<meta name=\"twitter:description\" content=\"Zeig dein Logo auf einer leichten Wurfscheibe aus recyceltem Kunststoff aus Ocean Bound Plastic von Plastic Bank. Ideal f\u00fcr Events und Sporttage in der Altersgruppe 20-40. In Wei\u00df oder Schwarz verf\u00fcgbar, mit sauberer Druckfl\u00e4che f\u00fcr auff\u00e4llige Personalisierung.\" \/>\n\t\t<meta name=\"twitter:image\" content=\"https:\/\/shop.hidalgo.nl\/wp-content\/uploads\/2025\/11\/cropped-Hidalgo-est1993.png\" \/>\n\t\t<script type=\"application\/ld+json\" class=\"aioseo-schema\">\n\t\t\t{\"@context\":\"https:\\\/\\\/schema.org\",\"@graph\":[{\"@type\":\"BreadcrumbList\",\"@id\":\"https:\\\/\\\/hidalgo.nl\\\/de\\\/product\\\/plastic-bank-frisbee\\\/#breadcrumblist\",\"itemListElement\":[{\"@type\":\"ListItem\",\"@id\":\"https:\\\/\\\/hidalgo.nl\\\/de\\\/#listItem\",\"position\":1,\"name\":\"Home\",\"item\":\"https:\\\/\\\/hidalgo.nl\\\/de\\\/\",\"nextItem\":{\"@type\":\"ListItem\",\"@id\":\"https:\\\/\\\/hidalgo.nl\\\/example\\\/#listItem\",\"name\":\"example\"}},{\"@type\":\"ListItem\",\"@id\":\"https:\\\/\\\/hidalgo.nl\\\/example\\\/#listItem\",\"position\":2,\"name\":\"example\",\"item\":\"https:\\\/\\\/hidalgo.nl\\\/example\\\/\",\"nextItem\":{\"@type\":\"ListItem\",\"@id\":\"https:\\\/\\\/hidalgo.nl\\\/en\\\/product-supplier\\\/a24\\\/#listItem\",\"name\":\"A24\"},\"previousItem\":{\"@type\":\"ListItem\",\"@id\":\"https:\\\/\\\/hidalgo.nl\\\/de\\\/#listItem\",\"name\":\"Home\"}},{\"@type\":\"ListItem\",\"@id\":\"https:\\\/\\\/hidalgo.nl\\\/en\\\/product-supplier\\\/a24\\\/#listItem\",\"position\":3,\"name\":\"A24\",\"item\":\"https:\\\/\\\/hidalgo.nl\\\/en\\\/product-supplier\\\/a24\\\/\",\"nextItem\":{\"@type\":\"ListItem\",\"@id\":\"https:\\\/\\\/hidalgo.nl\\\/de\\\/product\\\/plastic-bank-frisbee\\\/#listItem\",\"name\":\"Plastic Bank Frisbee\"},\"previousItem\":{\"@type\":\"ListItem\",\"@id\":\"https:\\\/\\\/hidalgo.nl\\\/example\\\/#listItem\",\"name\":\"example\"}},{\"@type\":\"ListItem\",\"@id\":\"https:\\\/\\\/hidalgo.nl\\\/de\\\/product\\\/plastic-bank-frisbee\\\/#listItem\",\"position\":4,\"name\":\"Plastic Bank Frisbee\",\"previousItem\":{\"@type\":\"ListItem\",\"@id\":\"https:\\\/\\\/hidalgo.nl\\\/en\\\/product-supplier\\\/a24\\\/#listItem\",\"name\":\"A24\"}}]},{\"@type\":\"Organization\",\"@id\":\"https:\\\/\\\/hidalgo.nl\\\/de\\\/#organization\",\"name\":\"Hidalgo\",\"url\":\"https:\\\/\\\/hidalgo.nl\\\/de\\\/\",\"logo\":{\"@type\":\"ImageObject\",\"url\":\"https:\\\/\\\/shop.hidalgo.nl\\\/wp-content\\\/uploads\\\/2025\\\/11\\\/cropped-Hidalgo-est1993.png\",\"@id\":\"https:\\\/\\\/hidalgo.nl\\\/de\\\/product\\\/plastic-bank-frisbee\\\/#organizationLogo\",\"width\":585,\"height\":195},\"image\":{\"@id\":\"https:\\\/\\\/hidalgo.nl\\\/de\\\/product\\\/plastic-bank-frisbee\\\/#organizationLogo\"}},{\"@type\":\"ProductGroup\",\"@id\":\"https:\\\/\\\/hidalgo.nl\\\/de\\\/product\\\/plastic-bank-frisbee\\\/#wooCommerceProduct\",\"name\":\"Plastic Bank Frisbee\",\"url\":\"https:\\\/\\\/hidalgo.nl\\\/de\\\/product\\\/plastic-bank-frisbee\\\/\",\"sku\":\"A24-W359\",\"image\":{\"@type\":\"ImageObject\",\"url\":\"https:\\\/\\\/shop.hidalgo.nl\\\/wp-content\\\/uploads\\\/2025\\\/05\\\/2af8d2c5de535dc1bf22f24e5d2e5893c0a18047b038fff5e58f57a42119a2ca.jpg\",\"@id\":\"https:\\\/\\\/hidalgo.nl\\\/de\\\/product\\\/plastic-bank-frisbee\\\/#productImage\",\"width\":1000,\"height\":1000},\"productGroupID\":135997,\"hasVariant\":[{\"@type\":\"Product\",\"@id\":\"https:\\\/\\\/hidalgo.nl\\\/de\\\/product\\\/plastic-bank-frisbee\\\/#wooCommerceProduct\",\"name\":\"Plastic Bank Frisbee - wit\",\"url\":\"https:\\\/\\\/hidalgo.nl\\\/de\\\/product\\\/plastic-bank-frisbee\\\/\",\"sku\":\"A24-W35910\",\"image\":{\"@type\":\"ImageObject\",\"url\":\"https:\\\/\\\/shop.hidalgo.nl\\\/wp-content\\\/uploads\\\/2025\\\/05\\\/2af8d2c5de535dc1bf22f24e5d2e5893c0a18047b038fff5e58f57a42119a2ca.jpg\",\"@id\":\"https:\\\/\\\/hidalgo.nl\\\/de\\\/product\\\/plastic-bank-frisbee\\\/#productImage\",\"width\":1000,\"height\":1000},\"offers\":{\"@type\":\"Offer\",\"url\":\"https:\\\/\\\/hidalgo.nl\\\/de\\\/product\\\/plastic-bank-frisbee\\\/#wooCommerceOffer\",\"price\":\"1.29\",\"priceCurrency\":\"EUR\",\"category\":\"Promotionele Artikelen\",\"availability\":\"https:\\\/\\\/schema.org\\\/InStock\",\"priceSpecification\":{\"@type\":\"PriceSpecification\",\"price\":1.29,\"priceCurrency\":\"EUR\",\"valueAddedTaxIncluded\":\"true\"}}},{\"@type\":\"Product\",\"@id\":\"https:\\\/\\\/hidalgo.nl\\\/de\\\/product\\\/plastic-bank-frisbee\\\/#wooCommerceProduct\",\"name\":\"Plastic Bank Frisbee - zwart\",\"url\":\"https:\\\/\\\/hidalgo.nl\\\/de\\\/product\\\/plastic-bank-frisbee\\\/\",\"sku\":\"A24-W35998\",\"image\":{\"@type\":\"ImageObject\",\"url\":\"https:\\\/\\\/shop.hidalgo.nl\\\/wp-content\\\/uploads\\\/2025\\\/05\\\/317e98cdcc8d352bba7dddad924a28b17ee4c093b2a72497487cf8d1946d2011.jpg\",\"@id\":\"https:\\\/\\\/hidalgo.nl\\\/de\\\/product\\\/plastic-bank-frisbee\\\/#productImage\",\"width\":1000,\"height\":1000},\"offers\":{\"@type\":\"Offer\",\"url\":\"https:\\\/\\\/hidalgo.nl\\\/de\\\/product\\\/plastic-bank-frisbee\\\/#wooCommerceOffer\",\"price\":\"1.29\",\"priceCurrency\":\"EUR\",\"category\":\"Promotionele Artikelen\",\"availability\":\"https:\\\/\\\/schema.org\\\/InStock\",\"priceSpecification\":{\"@type\":\"PriceSpecification\",\"price\":1.29,\"priceCurrency\":\"EUR\",\"valueAddedTaxIncluded\":\"true\"}}}]},{\"@type\":\"WebPage\",\"@id\":\"https:\\\/\\\/hidalgo.nl\\\/de\\\/product\\\/plastic-bank-frisbee\\\/#webpage\",\"url\":\"https:\\\/\\\/hidalgo.nl\\\/de\\\/product\\\/plastic-bank-frisbee\\\/\",\"name\":\"Plastic Bank Frisbee\",\"description\":\"Zeig dein Logo auf einer leichten Wurfscheibe aus recyceltem Kunststoff aus Ocean Bound Plastic von Plastic Bank. Ideal f\\u00fcr Events und Sporttage in der Altersgruppe 20-40. In Wei\\u00df oder Schwarz verf\\u00fcgbar, mit sauberer Druckfl\\u00e4che f\\u00fcr auff\\u00e4llige Personalisierung.\",\"inLanguage\":\"de-DE\",\"isPartOf\":{\"@id\":\"https:\\\/\\\/hidalgo.nl\\\/de\\\/#website\"},\"breadcrumb\":{\"@id\":\"https:\\\/\\\/hidalgo.nl\\\/de\\\/product\\\/plastic-bank-frisbee\\\/#breadcrumblist\"},\"image\":{\"@type\":\"ImageObject\",\"url\":\"https:\\\/\\\/shop.hidalgo.nl\\\/wp-content\\\/uploads\\\/2025\\\/05\\\/2af8d2c5de535dc1bf22f24e5d2e5893c0a18047b038fff5e58f57a42119a2ca.jpg\",\"@id\":\"https:\\\/\\\/hidalgo.nl\\\/de\\\/product\\\/plastic-bank-frisbee\\\/#mainImage\",\"width\":1000,\"height\":1000},\"primaryImageOfPage\":{\"@id\":\"https:\\\/\\\/hidalgo.nl\\\/de\\\/product\\\/plastic-bank-frisbee\\\/#mainImage\"},\"datePublished\":\"2025-07-09T10:08:02+00:00\",\"dateModified\":\"2026-03-23T09:23:16+00:00\"},{\"@type\":\"WebSite\",\"@id\":\"https:\\\/\\\/hidalgo.nl\\\/de\\\/#website\",\"url\":\"https:\\\/\\\/hidalgo.nl\\\/de\\\/\",\"name\":\"Hidalgo\",\"inLanguage\":\"de-DE\",\"publisher\":{\"@id\":\"https:\\\/\\\/hidalgo.nl\\\/de\\\/#organization\"}}]}\n\t\t<\/script>\n\t\t<!-- All in One SEO Pro -->\r\n\t\t<title>Plastic Bank Frisbee<\/title>\n\n","aioseo_head_json":{"title":"Plastic Bank Frisbee","description":"Zeig dein Logo auf einer leichten Wurfscheibe aus recyceltem Kunststoff aus Ocean Bound Plastic von Plastic Bank. Ideal f\u00fcr Events und Sporttage in der Altersgruppe 20-40. In Wei\u00df oder Schwarz verf\u00fcgbar, mit sauberer Druckfl\u00e4che f\u00fcr auff\u00e4llige Personalisierung.","canonical_url":"https:\/\/hidalgo.nl\/de\/wp-json\/wp\/v2\/product\/135997","robots":"max-image-preview:large","keywords":"","webmasterTools":{"miscellaneous":""},"schema":{"@context":"https:\/\/schema.org","@graph":[{"@type":"BreadcrumbList","@id":"https:\/\/hidalgo.nl\/de\/product\/plastic-bank-frisbee\/#breadcrumblist","itemListElement":[{"@type":"ListItem","@id":"https:\/\/hidalgo.nl\/de\/#listItem","position":1,"name":"Home","item":"https:\/\/hidalgo.nl\/de\/","nextItem":{"@type":"ListItem","@id":"https:\/\/hidalgo.nl\/example\/#listItem","name":"example"}},{"@type":"ListItem","@id":"https:\/\/hidalgo.nl\/example\/#listItem","position":2,"name":"example","item":"https:\/\/hidalgo.nl\/example\/","nextItem":{"@type":"ListItem","@id":"https:\/\/hidalgo.nl\/en\/product-supplier\/a24\/#listItem","name":"A24"},"previousItem":{"@type":"ListItem","@id":"https:\/\/hidalgo.nl\/de\/#listItem","name":"Home"}},{"@type":"ListItem","@id":"https:\/\/hidalgo.nl\/en\/product-supplier\/a24\/#listItem","position":3,"name":"A24","item":"https:\/\/hidalgo.nl\/en\/product-supplier\/a24\/","nextItem":{"@type":"ListItem","@id":"https:\/\/hidalgo.nl\/de\/product\/plastic-bank-frisbee\/#listItem","name":"Plastic Bank Frisbee"},"previousItem":{"@type":"ListItem","@id":"https:\/\/hidalgo.nl\/example\/#listItem","name":"example"}},{"@type":"ListItem","@id":"https:\/\/hidalgo.nl\/de\/product\/plastic-bank-frisbee\/#listItem","position":4,"name":"Plastic Bank Frisbee","previousItem":{"@type":"ListItem","@id":"https:\/\/hidalgo.nl\/en\/product-supplier\/a24\/#listItem","name":"A24"}}]},{"@type":"Organization","@id":"https:\/\/hidalgo.nl\/de\/#organization","name":"Hidalgo","url":"https:\/\/hidalgo.nl\/de\/","logo":{"@type":"ImageObject","url":"https:\/\/shop.hidalgo.nl\/wp-content\/uploads\/2025\/11\/cropped-Hidalgo-est1993.png","@id":"https:\/\/hidalgo.nl\/de\/product\/plastic-bank-frisbee\/#organizationLogo","width":585,"height":195},"image":{"@id":"https:\/\/hidalgo.nl\/de\/product\/plastic-bank-frisbee\/#organizationLogo"}},{"@type":"ProductGroup","@id":"https:\/\/hidalgo.nl\/de\/product\/plastic-bank-frisbee\/#wooCommerceProduct","name":"Plastic Bank Frisbee","url":"https:\/\/hidalgo.nl\/de\/product\/plastic-bank-frisbee\/","sku":"A24-W359","image":{"@type":"ImageObject","url":"https:\/\/shop.hidalgo.nl\/wp-content\/uploads\/2025\/05\/2af8d2c5de535dc1bf22f24e5d2e5893c0a18047b038fff5e58f57a42119a2ca.jpg","@id":"https:\/\/hidalgo.nl\/de\/product\/plastic-bank-frisbee\/#productImage","width":1000,"height":1000},"productGroupID":135997,"hasVariant":[{"@type":"Product","@id":"https:\/\/hidalgo.nl\/de\/product\/plastic-bank-frisbee\/#wooCommerceProduct","name":"Plastic Bank Frisbee - wit","url":"https:\/\/hidalgo.nl\/de\/product\/plastic-bank-frisbee\/","sku":"A24-W35910","image":{"@type":"ImageObject","url":"https:\/\/shop.hidalgo.nl\/wp-content\/uploads\/2025\/05\/2af8d2c5de535dc1bf22f24e5d2e5893c0a18047b038fff5e58f57a42119a2ca.jpg","@id":"https:\/\/hidalgo.nl\/de\/product\/plastic-bank-frisbee\/#productImage","width":1000,"height":1000},"offers":{"@type":"Offer","url":"https:\/\/hidalgo.nl\/de\/product\/plastic-bank-frisbee\/#wooCommerceOffer","price":"1.29","priceCurrency":"EUR","category":"Promotionele Artikelen","availability":"https:\/\/schema.org\/InStock","priceSpecification":{"@type":"PriceSpecification","price":1.29,"priceCurrency":"EUR","valueAddedTaxIncluded":"true"}}},{"@type":"Product","@id":"https:\/\/hidalgo.nl\/de\/product\/plastic-bank-frisbee\/#wooCommerceProduct","name":"Plastic Bank Frisbee - zwart","url":"https:\/\/hidalgo.nl\/de\/product\/plastic-bank-frisbee\/","sku":"A24-W35998","image":{"@type":"ImageObject","url":"https:\/\/shop.hidalgo.nl\/wp-content\/uploads\/2025\/05\/317e98cdcc8d352bba7dddad924a28b17ee4c093b2a72497487cf8d1946d2011.jpg","@id":"https:\/\/hidalgo.nl\/de\/product\/plastic-bank-frisbee\/#productImage","width":1000,"height":1000},"offers":{"@type":"Offer","url":"https:\/\/hidalgo.nl\/de\/product\/plastic-bank-frisbee\/#wooCommerceOffer","price":"1.29","priceCurrency":"EUR","category":"Promotionele Artikelen","availability":"https:\/\/schema.org\/InStock","priceSpecification":{"@type":"PriceSpecification","price":1.29,"priceCurrency":"EUR","valueAddedTaxIncluded":"true"}}}]},{"@type":"WebPage","@id":"https:\/\/hidalgo.nl\/de\/product\/plastic-bank-frisbee\/#webpage","url":"https:\/\/hidalgo.nl\/de\/product\/plastic-bank-frisbee\/","name":"Plastic Bank Frisbee","description":"Zeig dein Logo auf einer leichten Wurfscheibe aus recyceltem Kunststoff aus Ocean Bound Plastic von Plastic Bank. Ideal f\u00fcr Events und Sporttage in der Altersgruppe 20-40. In Wei\u00df oder Schwarz verf\u00fcgbar, mit sauberer Druckfl\u00e4che f\u00fcr auff\u00e4llige Personalisierung.","inLanguage":"de-DE","isPartOf":{"@id":"https:\/\/hidalgo.nl\/de\/#website"},"breadcrumb":{"@id":"https:\/\/hidalgo.nl\/de\/product\/plastic-bank-frisbee\/#breadcrumblist"},"image":{"@type":"ImageObject","url":"https:\/\/shop.hidalgo.nl\/wp-content\/uploads\/2025\/05\/2af8d2c5de535dc1bf22f24e5d2e5893c0a18047b038fff5e58f57a42119a2ca.jpg","@id":"https:\/\/hidalgo.nl\/de\/product\/plastic-bank-frisbee\/#mainImage","width":1000,"height":1000},"primaryImageOfPage":{"@id":"https:\/\/hidalgo.nl\/de\/product\/plastic-bank-frisbee\/#mainImage"},"datePublished":"2025-07-09T10:08:02+00:00","dateModified":"2026-03-23T09:23:16+00:00"},{"@type":"WebSite","@id":"https:\/\/hidalgo.nl\/de\/#website","url":"https:\/\/hidalgo.nl\/de\/","name":"Hidalgo","inLanguage":"de-DE","publisher":{"@id":"https:\/\/hidalgo.nl\/de\/#organization"}}]},"og:locale":"de_DE","og:site_name":"Hidalgo -","og:type":"article","og:title":"Plastic Bank Frisbee","og:description":"Zeig dein Logo auf einer leichten Wurfscheibe aus recyceltem Kunststoff aus Ocean Bound Plastic von Plastic Bank. Ideal f\u00fcr Events und Sporttage in der Altersgruppe 20-40. In Wei\u00df oder Schwarz verf\u00fcgbar, mit sauberer Druckfl\u00e4che f\u00fcr auff\u00e4llige Personalisierung.","og:url":"https:\/\/hidalgo.nl\/de\/wp-json\/wp\/v2\/product\/135997","og:image":"https:\/\/shop.hidalgo.nl\/wp-content\/uploads\/2025\/11\/cropped-Hidalgo-est1993.png","og:image:secure_url":"https:\/\/shop.hidalgo.nl\/wp-content\/uploads\/2025\/11\/cropped-Hidalgo-est1993.png","article:published_time":"2025-07-09T10:08:02+00:00","article:modified_time":"2026-03-23T09:23:16+00:00","twitter:card":"summary_large_image","twitter:title":"Plastic Bank Frisbee","twitter:description":"Zeig dein Logo auf einer leichten Wurfscheibe aus recyceltem Kunststoff aus Ocean Bound Plastic von Plastic Bank. Ideal f\u00fcr Events und Sporttage in der Altersgruppe 20-40. In Wei\u00df oder Schwarz verf\u00fcgbar, mit sauberer Druckfl\u00e4che f\u00fcr auff\u00e4llige Personalisierung.","twitter:image":"https:\/\/shop.hidalgo.nl\/wp-content\/uploads\/2025\/11\/cropped-Hidalgo-est1993.png"},"aioseo_meta_data":{"post_id":"135997","title":null,"description":null,"keywords":null,"keyphrases":null,"primary_term":null,"canonical_url":null,"og_title":null,"og_description":null,"og_object_type":"default","og_image_type":"default","og_image_url":null,"og_image_width":null,"og_image_height":null,"og_image_custom_url":null,"og_image_custom_fields":null,"og_video":null,"og_custom_url":null,"og_article_section":null,"og_article_tags":null,"twitter_use_og":false,"twitter_card":"default","twitter_image_type":"default","twitter_image_url":null,"twitter_image_custom_url":null,"twitter_image_custom_fields":null,"twitter_title":null,"twitter_description":null,"schema":{"blockGraphs":[],"customGraphs":[],"default":{"data":{"Article":[],"Course":[],"Dataset":[],"FAQPage":[],"Movie":[],"Person":[],"Product":[],"ProductReview":[],"Car":[],"Recipe":[],"Service":[],"SoftwareApplication":[],"WebPage":[]},"graphName":"","isEnabled":true},"graphs":[]},"schema_type":"default","schema_type_options":null,"pillar_content":false,"robots_default":true,"robots_noindex":false,"robots_noarchive":false,"robots_nosnippet":false,"robots_nofollow":false,"robots_noimageindex":false,"robots_noodp":false,"robots_notranslate":false,"robots_max_snippet":null,"robots_max_videopreview":null,"robots_max_imagepreview":"large","priority":null,"frequency":null,"local_seo":null,"seo_analyzer_scan_date":"2026-01-22 11:22:37","breadcrumb_settings":null,"limit_modified_date":false,"reviewed_by":null,"open_ai":null,"ai":null,"created":"2026-01-14 06:25:39","updated":"2026-04-23 00:04:00"},"aioseo_breadcrumb":"<div class=\"aioseo-breadcrumbs\"><span class=\"aioseo-breadcrumb\">\n\t<a href=\"https:\/\/hidalgo.nl\/de\/\" title=\"Home\">Home<\/a>\n<\/span><span class=\"aioseo-breadcrumb-separator\">\u00bb<\/span><span class=\"aioseo-breadcrumb\">\n\t<a href=\"https:\/\/hidalgo.nl\/example\/\" title=\"example\">example<\/a>\n<\/span><span class=\"aioseo-breadcrumb-separator\">\u00bb<\/span><span class=\"aioseo-breadcrumb\">\n\t<a href=\"https:\/\/hidalgo.nl\/en\/product-supplier\/a24\/\" title=\"A24\">A24<\/a>\n<\/span><span class=\"aioseo-breadcrumb-separator\">\u00bb<\/span><span class=\"aioseo-breadcrumb\">\n\tPlastic Bank Frisbee\n<\/span><\/div>","aioseo_breadcrumb_json":[{"label":"Home","link":"https:\/\/hidalgo.nl\/de\/"},{"label":"example","link":"https:\/\/hidalgo.nl\/example\/"},{"label":"A24","link":"https:\/\/hidalgo.nl\/en\/product-supplier\/a24\/"},{"label":"Plastic Bank Frisbee","link":"https:\/\/hidalgo.nl\/de\/product\/plastic-bank-frisbee\/"}],"_links":{"self":[{"href":"https:\/\/hidalgo.nl\/de\/wp-json\/wp\/v2\/product\/135997","targetHints":{"allow":["GET"]}}],"collection":[{"href":"https:\/\/hidalgo.nl\/de\/wp-json\/wp\/v2\/product"}],"about":[{"href":"https:\/\/hidalgo.nl\/de\/wp-json\/wp\/v2\/types\/product"}],"wp:featuredmedia":[{"embeddable":true,"href":"https:\/\/hidalgo.nl\/de\/wp-json\/wp\/v2\/media\/135998"}],"wp:attachment":[{"href":"https:\/\/hidalgo.nl\/de\/wp-json\/wp\/v2\/media?parent=135997"}],"wp:term":[{"taxonomy":"product_brand","embeddable":true,"href":"https:\/\/hidalgo.nl\/de\/wp-json\/wp\/v2\/product_brand?post=135997"},{"taxonomy":"product_cat","embeddable":true,"href":"https:\/\/hidalgo.nl\/de\/wp-json\/wp\/v2\/product_cat?post=135997"},{"taxonomy":"product_tag","embeddable":true,"href":"https:\/\/hidalgo.nl\/de\/wp-json\/wp\/v2\/product_tag?post=135997"}],"curies":[{"name":"wp","href":"https:\/\/api.w.org\/{rel}","templated":true}]}}