{"id":135806,"date":"2025-07-09T10:02:11","date_gmt":"2025-07-09T10:02:11","guid":{"rendered":"http:\/\/bidonsenshakers.pim.hidalgo.nl\/product\/corn-poncho-regenponcho\/"},"modified":"2026-03-21T06:32:49","modified_gmt":"2026-03-21T06:32:49","slug":"corn-poncho-regenponcho","status":"publish","type":"product","link":"https:\/\/hidalgo.nl\/de\/product\/corn-poncho-regenponcho\/","title":{"rendered":"Corn Poncho regenponcho"},"content":{"rendered":"<p>Deze herbruikbare poncho is gemaakt van onder meer afval bij maisproductie: 4% PLA, 60% PBAT en 36% maiszetmeel. Het zetmeel dat als bijproduct overblijft wordt PLA genoemd. Om van mais een soort van plastic (PLA) te maken worden de mais korrels met sulfur dioxide in heet water gemengd waardoor alle componenten in dit mengsel zich weer ontwikkelen tot zetmeel, prote\u00efnen en vezels. Van de vezels wordt een soort van plastic gemaakt en zo kan er een poncho van ontwikkeld worden. Dit materiaal is 100% afbreekbaar en 100% composteerbaar. Verpakt in een insteekhoesje ook gemaakt van hetzelfde materiaal als de poncho zelf. Afmetingen uitgevouwen, gemeten zonder capuchon: 100 x 125 cm.<\/p>\n","protected":false},"excerpt":{"rendered":"<p>Deze herbruikbare poncho is gemaakt van onder meer afval bij maisproductie: 4% PLA, 60% PBAT en 36% maiszetmeel. Het zetmeel dat als bijproduct overblijft wordt PLA genoemd. Om van mais een soort van plastic (PLA) te maken worden de mais korrels met sulfur dioxide in heet water gemengd waardoor alle componenten in dit mengsel zich&hellip; <a class=\"more-link\" href=\"https:\/\/hidalgo.nl\/de\/product\/corn-poncho-regenponcho\/\"><span class=\"screen-reader-text\">Corn Poncho regenponcho<\/span> weiterlesen<\/a><\/p>\n","protected":false},"featured_media":135807,"template":"","meta":{"_acf_changed":false,"om_disable_all_campaigns":false,"_monsterinsights_skip_tracking":false,"_monsterinsights_sitenote_active":false,"_monsterinsights_sitenote_note":"","_monsterinsights_sitenote_category":0},"product_brand":[],"product_cat":[4716,4954],"product_tag":[],"class_list":{"0":"post-135806","1":"product","2":"type-product","3":"status-publish","4":"has-post-thumbnail","6":"product_supplier-a24","7":"product_material-maisafval","8":"product_cat-kleding","9":"product_cat-kleding-regen-kleding","10":"entry","12":"first","13":"instock","14":"taxable","15":"shipping-taxable","16":"purchasable","17":"product-type-variable"},"acf":{"imprint_cost":[{"imprint_cost_key":"c2575d2710aed29953a8bf161bb360ee2e4d41a6","product_quantity_price_range":[{"imprint_cost_recommended_selling_price":"1.935","imprint_cost_recommended_selling_quantity":"1"},{"imprint_cost_recommended_selling_price":"1.125","imprint_cost_recommended_selling_quantity":"25"},{"imprint_cost_recommended_selling_price":"0.675","imprint_cost_recommended_selling_quantity":"50"},{"imprint_cost_recommended_selling_price":"0.525","imprint_cost_recommended_selling_quantity":"100"},{"imprint_cost_recommended_selling_price":"0.45","imprint_cost_recommended_selling_quantity":"250"},{"imprint_cost_recommended_selling_price":"0.375","imprint_cost_recommended_selling_quantity":"500"},{"imprint_cost_recommended_selling_price":"0.33","imprint_cost_recommended_selling_quantity":"1000"},{"imprint_cost_recommended_selling_price":"0.285","imprint_cost_recommended_selling_quantity":"2500"},{"imprint_cost_recommended_selling_price":"0.255","imprint_cost_recommended_selling_quantity":"5000"}],"product_quantity_price_range_buying":[{"imprint_cost_general_buying_price":"1.29","imprint_cost_general_buying_quantity":"1"},{"imprint_cost_general_buying_price":"0.75","imprint_cost_general_buying_quantity":"25"},{"imprint_cost_general_buying_price":"0.45","imprint_cost_general_buying_quantity":"50"},{"imprint_cost_general_buying_price":"0.35","imprint_cost_general_buying_quantity":"100"},{"imprint_cost_general_buying_price":"0.3","imprint_cost_general_buying_quantity":"250"},{"imprint_cost_general_buying_price":"0.25","imprint_cost_general_buying_quantity":"500"},{"imprint_cost_general_buying_price":"0.22","imprint_cost_general_buying_quantity":"1000"},{"imprint_cost_general_buying_price":"0.19","imprint_cost_general_buying_quantity":"2500"},{"imprint_cost_general_buying_price":"0.17","imprint_cost_general_buying_quantity":"5000"}],"imprint_cost_setup_costs":"60","imprint_cost_handling_costs":"0.15"},{"imprint_cost_key":"5a4c635896327cb2cf517aa4abe99d767cec84c2","product_quantity_price_range":[{"imprint_cost_recommended_selling_price":"0.6","imprint_cost_recommended_selling_quantity":"1"},{"imprint_cost_recommended_selling_price":"0.435","imprint_cost_recommended_selling_quantity":"25"},{"imprint_cost_recommended_selling_price":"0.33","imprint_cost_recommended_selling_quantity":"50"},{"imprint_cost_recommended_selling_price":"0.21","imprint_cost_recommended_selling_quantity":"100"},{"imprint_cost_recommended_selling_price":"0.165","imprint_cost_recommended_selling_quantity":"250"},{"imprint_cost_recommended_selling_price":"0.12","imprint_cost_recommended_selling_quantity":"500"},{"imprint_cost_recommended_selling_price":"0.09","imprint_cost_recommended_selling_quantity":"1000"},{"imprint_cost_recommended_selling_price":"0.09","imprint_cost_recommended_selling_quantity":"2500"},{"imprint_cost_recommended_selling_price":"0.075","imprint_cost_recommended_selling_quantity":"5000"}],"product_quantity_price_range_buying":[{"imprint_cost_general_buying_price":"0.4","imprint_cost_general_buying_quantity":"1"},{"imprint_cost_general_buying_price":"0.29","imprint_cost_general_buying_quantity":"25"},{"imprint_cost_general_buying_price":"0.22","imprint_cost_general_buying_quantity":"50"},{"imprint_cost_general_buying_price":"0.14","imprint_cost_general_buying_quantity":"100"},{"imprint_cost_general_buying_price":"0.11","imprint_cost_general_buying_quantity":"250"},{"imprint_cost_general_buying_price":"0.08","imprint_cost_general_buying_quantity":"500"},{"imprint_cost_general_buying_price":"0.06","imprint_cost_general_buying_quantity":"1000"},{"imprint_cost_general_buying_price":"0.06","imprint_cost_general_buying_quantity":"2500"},{"imprint_cost_general_buying_price":"0.05","imprint_cost_general_buying_quantity":"5000"}],"imprint_cost_setup_costs":"60","imprint_cost_handling_costs":"0.15"}]},"aioseo_notices":[],"aioseo_head":"\n\t\t<!-- All in One SEO Pro 4.9.7 - aioseo.com -->\n\t<meta name=\"description\" content=\"Bleib auch drau\u00dfen trocken: der transparente Poncho aus Maisst\u00e4rke ist kompostierbar und ressourcenschonend. Ideal f\u00fcr Events; wir bringen dein Logo auf Poncho und H\u00fclle, damit deine Marke bei jedem Einsatz sichtbar ist.\" \/>\n\t<meta name=\"robots\" content=\"max-image-preview:large\" \/>\n\t<link rel=\"canonical\" href=\"https:\/\/hidalgo.nl\/de\/wp-json\/wp\/v2\/product\/135806\" \/>\n\t<meta name=\"generator\" content=\"All in One SEO Pro (AIOSEO) 4.9.7\" \/>\n\t\t<meta property=\"og:locale\" content=\"de_DE\" \/>\n\t\t<meta property=\"og:site_name\" content=\"Hidalgo -\" \/>\n\t\t<meta property=\"og:type\" content=\"article\" \/>\n\t\t<meta property=\"og:title\" content=\"Corn Poncho regenponcho\" \/>\n\t\t<meta property=\"og:description\" content=\"Bleib auch drau\u00dfen trocken: der transparente Poncho aus Maisst\u00e4rke ist kompostierbar und ressourcenschonend. Ideal f\u00fcr Events; wir bringen dein Logo auf Poncho und H\u00fclle, damit deine Marke bei jedem Einsatz sichtbar ist.\" \/>\n\t\t<meta property=\"og:url\" content=\"https:\/\/hidalgo.nl\/de\/wp-json\/wp\/v2\/product\/135806\" \/>\n\t\t<meta property=\"og:image\" content=\"https:\/\/shop.hidalgo.nl\/wp-content\/uploads\/2025\/11\/cropped-Hidalgo-est1993.png\" \/>\n\t\t<meta property=\"og:image:secure_url\" content=\"https:\/\/shop.hidalgo.nl\/wp-content\/uploads\/2025\/11\/cropped-Hidalgo-est1993.png\" \/>\n\t\t<meta property=\"article:published_time\" content=\"2025-07-09T10:02:11+00:00\" \/>\n\t\t<meta property=\"article:modified_time\" content=\"2026-03-21T06:32:49+00:00\" \/>\n\t\t<meta name=\"twitter:card\" content=\"summary_large_image\" \/>\n\t\t<meta name=\"twitter:title\" content=\"Corn Poncho regenponcho\" \/>\n\t\t<meta name=\"twitter:description\" content=\"Bleib auch drau\u00dfen trocken: der transparente Poncho aus Maisst\u00e4rke ist kompostierbar und ressourcenschonend. Ideal f\u00fcr Events; wir bringen dein Logo auf Poncho und H\u00fclle, damit deine Marke bei jedem Einsatz sichtbar ist.\" \/>\n\t\t<meta name=\"twitter:image\" content=\"https:\/\/shop.hidalgo.nl\/wp-content\/uploads\/2025\/11\/cropped-Hidalgo-est1993.png\" \/>\n\t\t<script type=\"application\/ld+json\" class=\"aioseo-schema\">\n\t\t\t{\"@context\":\"https:\\\/\\\/schema.org\",\"@graph\":[{\"@type\":\"BreadcrumbList\",\"@id\":\"https:\\\/\\\/hidalgo.nl\\\/de\\\/product\\\/corn-poncho-regenponcho\\\/#breadcrumblist\",\"itemListElement\":[{\"@type\":\"ListItem\",\"@id\":\"https:\\\/\\\/hidalgo.nl\\\/de\\\/#listItem\",\"position\":1,\"name\":\"Home\",\"item\":\"https:\\\/\\\/hidalgo.nl\\\/de\\\/\",\"nextItem\":{\"@type\":\"ListItem\",\"@id\":\"https:\\\/\\\/hidalgo.nl\\\/example\\\/#listItem\",\"name\":\"example\"}},{\"@type\":\"ListItem\",\"@id\":\"https:\\\/\\\/hidalgo.nl\\\/example\\\/#listItem\",\"position\":2,\"name\":\"example\",\"item\":\"https:\\\/\\\/hidalgo.nl\\\/example\\\/\",\"nextItem\":{\"@type\":\"ListItem\",\"@id\":\"https:\\\/\\\/hidalgo.nl\\\/en\\\/product-supplier\\\/a24\\\/#listItem\",\"name\":\"A24\"},\"previousItem\":{\"@type\":\"ListItem\",\"@id\":\"https:\\\/\\\/hidalgo.nl\\\/de\\\/#listItem\",\"name\":\"Home\"}},{\"@type\":\"ListItem\",\"@id\":\"https:\\\/\\\/hidalgo.nl\\\/en\\\/product-supplier\\\/a24\\\/#listItem\",\"position\":3,\"name\":\"A24\",\"item\":\"https:\\\/\\\/hidalgo.nl\\\/en\\\/product-supplier\\\/a24\\\/\",\"nextItem\":{\"@type\":\"ListItem\",\"@id\":\"https:\\\/\\\/hidalgo.nl\\\/de\\\/product\\\/corn-poncho-regenponcho\\\/#listItem\",\"name\":\"Corn Poncho regenponcho\"},\"previousItem\":{\"@type\":\"ListItem\",\"@id\":\"https:\\\/\\\/hidalgo.nl\\\/example\\\/#listItem\",\"name\":\"example\"}},{\"@type\":\"ListItem\",\"@id\":\"https:\\\/\\\/hidalgo.nl\\\/de\\\/product\\\/corn-poncho-regenponcho\\\/#listItem\",\"position\":4,\"name\":\"Corn Poncho regenponcho\",\"previousItem\":{\"@type\":\"ListItem\",\"@id\":\"https:\\\/\\\/hidalgo.nl\\\/en\\\/product-supplier\\\/a24\\\/#listItem\",\"name\":\"A24\"}}]},{\"@type\":\"Organization\",\"@id\":\"https:\\\/\\\/hidalgo.nl\\\/de\\\/#organization\",\"name\":\"Hidalgo\",\"url\":\"https:\\\/\\\/hidalgo.nl\\\/de\\\/\",\"logo\":{\"@type\":\"ImageObject\",\"url\":\"https:\\\/\\\/shop.hidalgo.nl\\\/wp-content\\\/uploads\\\/2025\\\/11\\\/cropped-Hidalgo-est1993.png\",\"@id\":\"https:\\\/\\\/hidalgo.nl\\\/de\\\/product\\\/corn-poncho-regenponcho\\\/#organizationLogo\",\"width\":585,\"height\":195},\"image\":{\"@id\":\"https:\\\/\\\/hidalgo.nl\\\/de\\\/product\\\/corn-poncho-regenponcho\\\/#organizationLogo\"}},{\"@type\":\"ProductGroup\",\"@id\":\"https:\\\/\\\/hidalgo.nl\\\/de\\\/product\\\/corn-poncho-regenponcho\\\/#wooCommerceProduct\",\"name\":\"Corn Poncho regenponcho\",\"url\":\"https:\\\/\\\/hidalgo.nl\\\/de\\\/product\\\/corn-poncho-regenponcho\\\/\",\"sku\":\"A24-W095\",\"image\":{\"@type\":\"ImageObject\",\"url\":\"https:\\\/\\\/shop.hidalgo.nl\\\/wp-content\\\/uploads\\\/2025\\\/05\\\/8c0a3d7e518ade6f3a6d072d31482827263e2461e396b1670cac3c38f71d14bc.jpg\",\"@id\":\"https:\\\/\\\/hidalgo.nl\\\/de\\\/product\\\/corn-poncho-regenponcho\\\/#productImage\",\"width\":1000,\"height\":1000},\"productGroupID\":135806,\"hasVariant\":[{\"@type\":\"Product\",\"@id\":\"https:\\\/\\\/hidalgo.nl\\\/de\\\/product\\\/corn-poncho-regenponcho\\\/#wooCommerceProduct\",\"name\":\"Corn Poncho regenponcho - transparant\",\"url\":\"https:\\\/\\\/hidalgo.nl\\\/de\\\/product\\\/corn-poncho-regenponcho\\\/\",\"sku\":\"A24-W09504\",\"image\":{\"@type\":\"ImageObject\",\"url\":\"https:\\\/\\\/shop.hidalgo.nl\\\/wp-content\\\/uploads\\\/2025\\\/07\\\/bb9a76c65c04f542137ea84bed58ae9f08aba650f6677ce20b78f1c73f64a629.jpg\",\"@id\":\"https:\\\/\\\/hidalgo.nl\\\/de\\\/product\\\/corn-poncho-regenponcho\\\/#productImage\",\"width\":1000,\"height\":1000},\"offers\":{\"@type\":\"Offer\",\"url\":\"https:\\\/\\\/hidalgo.nl\\\/de\\\/product\\\/corn-poncho-regenponcho\\\/#wooCommerceOffer\",\"price\":\"1.95\",\"priceCurrency\":\"EUR\",\"category\":\"Kleding\",\"availability\":\"https:\\\/\\\/schema.org\\\/InStock\",\"priceSpecification\":{\"@type\":\"PriceSpecification\",\"price\":1.95,\"priceCurrency\":\"EUR\",\"valueAddedTaxIncluded\":\"true\"}}}]},{\"@type\":\"WebPage\",\"@id\":\"https:\\\/\\\/hidalgo.nl\\\/de\\\/product\\\/corn-poncho-regenponcho\\\/#webpage\",\"url\":\"https:\\\/\\\/hidalgo.nl\\\/de\\\/product\\\/corn-poncho-regenponcho\\\/\",\"name\":\"Corn Poncho regenponcho\",\"description\":\"Bleib auch drau\\u00dfen trocken: der transparente Poncho aus Maisst\\u00e4rke ist kompostierbar und ressourcenschonend. Ideal f\\u00fcr Events; wir bringen dein Logo auf Poncho und H\\u00fclle, damit deine Marke bei jedem Einsatz sichtbar ist.\",\"inLanguage\":\"de-DE\",\"isPartOf\":{\"@id\":\"https:\\\/\\\/hidalgo.nl\\\/de\\\/#website\"},\"breadcrumb\":{\"@id\":\"https:\\\/\\\/hidalgo.nl\\\/de\\\/product\\\/corn-poncho-regenponcho\\\/#breadcrumblist\"},\"image\":{\"@type\":\"ImageObject\",\"url\":\"https:\\\/\\\/shop.hidalgo.nl\\\/wp-content\\\/uploads\\\/2025\\\/05\\\/8c0a3d7e518ade6f3a6d072d31482827263e2461e396b1670cac3c38f71d14bc.jpg\",\"@id\":\"https:\\\/\\\/hidalgo.nl\\\/de\\\/product\\\/corn-poncho-regenponcho\\\/#mainImage\",\"width\":1000,\"height\":1000},\"primaryImageOfPage\":{\"@id\":\"https:\\\/\\\/hidalgo.nl\\\/de\\\/product\\\/corn-poncho-regenponcho\\\/#mainImage\"},\"datePublished\":\"2025-07-09T10:02:11+00:00\",\"dateModified\":\"2026-03-21T06:32:49+00:00\"},{\"@type\":\"WebSite\",\"@id\":\"https:\\\/\\\/hidalgo.nl\\\/de\\\/#website\",\"url\":\"https:\\\/\\\/hidalgo.nl\\\/de\\\/\",\"name\":\"Hidalgo\",\"inLanguage\":\"de-DE\",\"publisher\":{\"@id\":\"https:\\\/\\\/hidalgo.nl\\\/de\\\/#organization\"}}]}\n\t\t<\/script>\n\t\t<!-- All in One SEO Pro -->\r\n\t\t<title>Corn Poncho regenponcho<\/title>\n\n","aioseo_head_json":{"title":"Corn Poncho regenponcho","description":"Bleib auch drau\u00dfen trocken: der transparente Poncho aus Maisst\u00e4rke ist kompostierbar und ressourcenschonend. Ideal f\u00fcr Events; wir bringen dein Logo auf Poncho und H\u00fclle, damit deine Marke bei jedem Einsatz sichtbar ist.","canonical_url":"https:\/\/hidalgo.nl\/de\/wp-json\/wp\/v2\/product\/135806","robots":"max-image-preview:large","keywords":"","webmasterTools":{"miscellaneous":""},"schema":{"@context":"https:\/\/schema.org","@graph":[{"@type":"BreadcrumbList","@id":"https:\/\/hidalgo.nl\/de\/product\/corn-poncho-regenponcho\/#breadcrumblist","itemListElement":[{"@type":"ListItem","@id":"https:\/\/hidalgo.nl\/de\/#listItem","position":1,"name":"Home","item":"https:\/\/hidalgo.nl\/de\/","nextItem":{"@type":"ListItem","@id":"https:\/\/hidalgo.nl\/example\/#listItem","name":"example"}},{"@type":"ListItem","@id":"https:\/\/hidalgo.nl\/example\/#listItem","position":2,"name":"example","item":"https:\/\/hidalgo.nl\/example\/","nextItem":{"@type":"ListItem","@id":"https:\/\/hidalgo.nl\/en\/product-supplier\/a24\/#listItem","name":"A24"},"previousItem":{"@type":"ListItem","@id":"https:\/\/hidalgo.nl\/de\/#listItem","name":"Home"}},{"@type":"ListItem","@id":"https:\/\/hidalgo.nl\/en\/product-supplier\/a24\/#listItem","position":3,"name":"A24","item":"https:\/\/hidalgo.nl\/en\/product-supplier\/a24\/","nextItem":{"@type":"ListItem","@id":"https:\/\/hidalgo.nl\/de\/product\/corn-poncho-regenponcho\/#listItem","name":"Corn Poncho regenponcho"},"previousItem":{"@type":"ListItem","@id":"https:\/\/hidalgo.nl\/example\/#listItem","name":"example"}},{"@type":"ListItem","@id":"https:\/\/hidalgo.nl\/de\/product\/corn-poncho-regenponcho\/#listItem","position":4,"name":"Corn Poncho regenponcho","previousItem":{"@type":"ListItem","@id":"https:\/\/hidalgo.nl\/en\/product-supplier\/a24\/#listItem","name":"A24"}}]},{"@type":"Organization","@id":"https:\/\/hidalgo.nl\/de\/#organization","name":"Hidalgo","url":"https:\/\/hidalgo.nl\/de\/","logo":{"@type":"ImageObject","url":"https:\/\/shop.hidalgo.nl\/wp-content\/uploads\/2025\/11\/cropped-Hidalgo-est1993.png","@id":"https:\/\/hidalgo.nl\/de\/product\/corn-poncho-regenponcho\/#organizationLogo","width":585,"height":195},"image":{"@id":"https:\/\/hidalgo.nl\/de\/product\/corn-poncho-regenponcho\/#organizationLogo"}},{"@type":"ProductGroup","@id":"https:\/\/hidalgo.nl\/de\/product\/corn-poncho-regenponcho\/#wooCommerceProduct","name":"Corn Poncho regenponcho","url":"https:\/\/hidalgo.nl\/de\/product\/corn-poncho-regenponcho\/","sku":"A24-W095","image":{"@type":"ImageObject","url":"https:\/\/shop.hidalgo.nl\/wp-content\/uploads\/2025\/05\/8c0a3d7e518ade6f3a6d072d31482827263e2461e396b1670cac3c38f71d14bc.jpg","@id":"https:\/\/hidalgo.nl\/de\/product\/corn-poncho-regenponcho\/#productImage","width":1000,"height":1000},"productGroupID":135806,"hasVariant":[{"@type":"Product","@id":"https:\/\/hidalgo.nl\/de\/product\/corn-poncho-regenponcho\/#wooCommerceProduct","name":"Corn Poncho regenponcho - transparant","url":"https:\/\/hidalgo.nl\/de\/product\/corn-poncho-regenponcho\/","sku":"A24-W09504","image":{"@type":"ImageObject","url":"https:\/\/shop.hidalgo.nl\/wp-content\/uploads\/2025\/07\/bb9a76c65c04f542137ea84bed58ae9f08aba650f6677ce20b78f1c73f64a629.jpg","@id":"https:\/\/hidalgo.nl\/de\/product\/corn-poncho-regenponcho\/#productImage","width":1000,"height":1000},"offers":{"@type":"Offer","url":"https:\/\/hidalgo.nl\/de\/product\/corn-poncho-regenponcho\/#wooCommerceOffer","price":"1.95","priceCurrency":"EUR","category":"Kleding","availability":"https:\/\/schema.org\/InStock","priceSpecification":{"@type":"PriceSpecification","price":1.95,"priceCurrency":"EUR","valueAddedTaxIncluded":"true"}}}]},{"@type":"WebPage","@id":"https:\/\/hidalgo.nl\/de\/product\/corn-poncho-regenponcho\/#webpage","url":"https:\/\/hidalgo.nl\/de\/product\/corn-poncho-regenponcho\/","name":"Corn Poncho regenponcho","description":"Bleib auch drau\u00dfen trocken: der transparente Poncho aus Maisst\u00e4rke ist kompostierbar und ressourcenschonend. Ideal f\u00fcr Events; wir bringen dein Logo auf Poncho und H\u00fclle, damit deine Marke bei jedem Einsatz sichtbar ist.","inLanguage":"de-DE","isPartOf":{"@id":"https:\/\/hidalgo.nl\/de\/#website"},"breadcrumb":{"@id":"https:\/\/hidalgo.nl\/de\/product\/corn-poncho-regenponcho\/#breadcrumblist"},"image":{"@type":"ImageObject","url":"https:\/\/shop.hidalgo.nl\/wp-content\/uploads\/2025\/05\/8c0a3d7e518ade6f3a6d072d31482827263e2461e396b1670cac3c38f71d14bc.jpg","@id":"https:\/\/hidalgo.nl\/de\/product\/corn-poncho-regenponcho\/#mainImage","width":1000,"height":1000},"primaryImageOfPage":{"@id":"https:\/\/hidalgo.nl\/de\/product\/corn-poncho-regenponcho\/#mainImage"},"datePublished":"2025-07-09T10:02:11+00:00","dateModified":"2026-03-21T06:32:49+00:00"},{"@type":"WebSite","@id":"https:\/\/hidalgo.nl\/de\/#website","url":"https:\/\/hidalgo.nl\/de\/","name":"Hidalgo","inLanguage":"de-DE","publisher":{"@id":"https:\/\/hidalgo.nl\/de\/#organization"}}]},"og:locale":"de_DE","og:site_name":"Hidalgo -","og:type":"article","og:title":"Corn Poncho regenponcho","og:description":"Bleib auch drau\u00dfen trocken: der transparente Poncho aus Maisst\u00e4rke ist kompostierbar und ressourcenschonend. Ideal f\u00fcr Events; wir bringen dein Logo auf Poncho und H\u00fclle, damit deine Marke bei jedem Einsatz sichtbar ist.","og:url":"https:\/\/hidalgo.nl\/de\/wp-json\/wp\/v2\/product\/135806","og:image":"https:\/\/shop.hidalgo.nl\/wp-content\/uploads\/2025\/11\/cropped-Hidalgo-est1993.png","og:image:secure_url":"https:\/\/shop.hidalgo.nl\/wp-content\/uploads\/2025\/11\/cropped-Hidalgo-est1993.png","article:published_time":"2025-07-09T10:02:11+00:00","article:modified_time":"2026-03-21T06:32:49+00:00","twitter:card":"summary_large_image","twitter:title":"Corn Poncho regenponcho","twitter:description":"Bleib auch drau\u00dfen trocken: der transparente Poncho aus Maisst\u00e4rke ist kompostierbar und ressourcenschonend. Ideal f\u00fcr Events; wir bringen dein Logo auf Poncho und H\u00fclle, damit deine Marke bei jedem Einsatz sichtbar ist.","twitter:image":"https:\/\/shop.hidalgo.nl\/wp-content\/uploads\/2025\/11\/cropped-Hidalgo-est1993.png"},"aioseo_meta_data":{"post_id":"135806","title":null,"description":null,"keywords":null,"keyphrases":null,"primary_term":null,"canonical_url":null,"og_title":null,"og_description":null,"og_object_type":"default","og_image_type":"default","og_image_url":null,"og_image_width":null,"og_image_height":null,"og_image_custom_url":null,"og_image_custom_fields":null,"og_video":null,"og_custom_url":null,"og_article_section":null,"og_article_tags":null,"twitter_use_og":false,"twitter_card":"default","twitter_image_type":"default","twitter_image_url":null,"twitter_image_custom_url":null,"twitter_image_custom_fields":null,"twitter_title":null,"twitter_description":null,"schema":{"blockGraphs":[],"customGraphs":[],"default":{"data":{"Article":[],"Course":[],"Dataset":[],"FAQPage":[],"Movie":[],"Person":[],"Product":[],"ProductReview":[],"Car":[],"Recipe":[],"Service":[],"SoftwareApplication":[],"WebPage":[]},"graphName":"","isEnabled":true},"graphs":[]},"schema_type":"default","schema_type_options":null,"pillar_content":false,"robots_default":true,"robots_noindex":false,"robots_noarchive":false,"robots_nosnippet":false,"robots_nofollow":false,"robots_noimageindex":false,"robots_noodp":false,"robots_notranslate":false,"robots_max_snippet":null,"robots_max_videopreview":null,"robots_max_imagepreview":"large","priority":null,"frequency":null,"local_seo":null,"seo_analyzer_scan_date":"2026-01-22 11:20:23","breadcrumb_settings":null,"limit_modified_date":false,"reviewed_by":null,"open_ai":null,"ai":null,"created":"2026-01-14 06:25:39","updated":"2026-04-23 00:02:49"},"aioseo_breadcrumb":"<div class=\"aioseo-breadcrumbs\"><span class=\"aioseo-breadcrumb\">\n\t<a href=\"https:\/\/hidalgo.nl\/de\/\" title=\"Home\">Home<\/a>\n<\/span><span class=\"aioseo-breadcrumb-separator\">\u00bb<\/span><span class=\"aioseo-breadcrumb\">\n\t<a href=\"https:\/\/hidalgo.nl\/example\/\" title=\"example\">example<\/a>\n<\/span><span class=\"aioseo-breadcrumb-separator\">\u00bb<\/span><span class=\"aioseo-breadcrumb\">\n\t<a href=\"https:\/\/hidalgo.nl\/en\/product-supplier\/a24\/\" title=\"A24\">A24<\/a>\n<\/span><span class=\"aioseo-breadcrumb-separator\">\u00bb<\/span><span class=\"aioseo-breadcrumb\">\n\tCorn Poncho regenponcho\n<\/span><\/div>","aioseo_breadcrumb_json":[{"label":"Home","link":"https:\/\/hidalgo.nl\/de\/"},{"label":"example","link":"https:\/\/hidalgo.nl\/example\/"},{"label":"A24","link":"https:\/\/hidalgo.nl\/en\/product-supplier\/a24\/"},{"label":"Corn Poncho regenponcho","link":"https:\/\/hidalgo.nl\/de\/product\/corn-poncho-regenponcho\/"}],"_links":{"self":[{"href":"https:\/\/hidalgo.nl\/de\/wp-json\/wp\/v2\/product\/135806","targetHints":{"allow":["GET"]}}],"collection":[{"href":"https:\/\/hidalgo.nl\/de\/wp-json\/wp\/v2\/product"}],"about":[{"href":"https:\/\/hidalgo.nl\/de\/wp-json\/wp\/v2\/types\/product"}],"wp:featuredmedia":[{"embeddable":true,"href":"https:\/\/hidalgo.nl\/de\/wp-json\/wp\/v2\/media\/135807"}],"wp:attachment":[{"href":"https:\/\/hidalgo.nl\/de\/wp-json\/wp\/v2\/media?parent=135806"}],"wp:term":[{"taxonomy":"product_brand","embeddable":true,"href":"https:\/\/hidalgo.nl\/de\/wp-json\/wp\/v2\/product_brand?post=135806"},{"taxonomy":"product_cat","embeddable":true,"href":"https:\/\/hidalgo.nl\/de\/wp-json\/wp\/v2\/product_cat?post=135806"},{"taxonomy":"product_tag","embeddable":true,"href":"https:\/\/hidalgo.nl\/de\/wp-json\/wp\/v2\/product_tag?post=135806"}],"curies":[{"name":"wp","href":"https:\/\/api.w.org\/{rel}","templated":true}]}}