{"id":135742,"date":"2025-07-09T09:59:52","date_gmt":"2025-07-09T09:59:52","guid":{"rendered":"http:\/\/bidonsenshakers.pim.hidalgo.nl\/product\/walter-bamboo-big-dock-15w-organizer-en-oplader\/"},"modified":"2026-03-21T02:33:42","modified_gmt":"2026-03-21T02:33:42","slug":"walter-bamboo-big-dock-15w-organizer-en-oplader","status":"publish","type":"product","link":"https:\/\/hidalgo.nl\/de\/product\/walter-bamboo-big-dock-15w-organizer-en-oplader\/","title":{"rendered":"Walter Bamboo Big Dock 15W organizer en oplader"},"content":{"rendered":"<p>Bureau-organizer en draadloze 15W telefoonoplader in \u00e9\u00e9n, met kabel voorzien van een USB-C aansluiting. Dit bureau accessoire is gemaakt van bamboe. De ingebouwde, magnetische, draadloze snellader is compatible met alle apparaten die Qi draadloos laden ondersteunen. Geef deze organizer een vaste plek op je bureau en verzamel je muntgeld, paperclips, schrijfwaren een bril, sleutels of je portemonnee. Zo is je bureau opgeruimd en liggen alle belangrijke spullen overzichtelijk bij elkaar. Met lade als extra opbergruimte. Inclusief gebruiksaanwijzing. Per stuk in kraft doos.<\/p>\n","protected":false},"excerpt":{"rendered":"<p>Bureau-organizer en draadloze 15W telefoonoplader in \u00e9\u00e9n, met kabel voorzien van een USB-C aansluiting. Dit bureau accessoire is gemaakt van bamboe. De ingebouwde, magnetische, draadloze snellader is compatible met alle apparaten die Qi draadloos laden ondersteunen. Geef deze organizer een vaste plek op je bureau en verzamel je muntgeld, paperclips, schrijfwaren een bril, sleutels of&hellip; <a class=\"more-link\" href=\"https:\/\/hidalgo.nl\/de\/product\/walter-bamboo-big-dock-15w-organizer-en-oplader\/\"><span class=\"screen-reader-text\">Walter Bamboo Big Dock 15W organizer en oplader<\/span> weiterlesen<\/a><\/p>\n","protected":false},"featured_media":135743,"template":"","meta":{"_acf_changed":false,"om_disable_all_campaigns":false,"_monsterinsights_skip_tracking":false,"_monsterinsights_sitenote_active":false,"_monsterinsights_sitenote_note":"","_monsterinsights_sitenote_category":0},"product_brand":[1974],"product_cat":[4720,4724,4719],"product_tag":[],"class_list":{"0":"post-135742","1":"product","2":"type-product","3":"status-publish","4":"has-post-thumbnail","6":"product_supplier-a24","7":"product_material-bamboe","8":"product_brand-walter","9":"product_cat-promotionele-artikelen-elektronica-en-gadgets","10":"product_cat-promotionele-artikelen-elektronica-en-gadgets-kabels-en-opladers","11":"product_cat-promotionele-artikelen","12":"entry","14":"first","15":"instock","16":"taxable","17":"shipping-taxable","18":"purchasable","19":"product-type-variable"},"acf":{"imprint_cost":[{"imprint_cost_key":"099dd914f171fdd266a87b1c75916f07f52c224a","product_quantity_price_range":[{"imprint_cost_recommended_selling_price":"2.535","imprint_cost_recommended_selling_quantity":"1"},{"imprint_cost_recommended_selling_price":"1.785","imprint_cost_recommended_selling_quantity":"25"},{"imprint_cost_recommended_selling_price":"1.035","imprint_cost_recommended_selling_quantity":"50"},{"imprint_cost_recommended_selling_price":"0.84","imprint_cost_recommended_selling_quantity":"100"},{"imprint_cost_recommended_selling_price":"0.69","imprint_cost_recommended_selling_quantity":"250"},{"imprint_cost_recommended_selling_price":"0.63","imprint_cost_recommended_selling_quantity":"500"},{"imprint_cost_recommended_selling_price":"0.585","imprint_cost_recommended_selling_quantity":"1000"},{"imprint_cost_recommended_selling_price":"0.525","imprint_cost_recommended_selling_quantity":"2500"},{"imprint_cost_recommended_selling_price":"0.51","imprint_cost_recommended_selling_quantity":"5000"}],"product_quantity_price_range_buying":[{"imprint_cost_general_buying_price":"1.69","imprint_cost_general_buying_quantity":"1"},{"imprint_cost_general_buying_price":"1.19","imprint_cost_general_buying_quantity":"25"},{"imprint_cost_general_buying_price":"0.69","imprint_cost_general_buying_quantity":"50"},{"imprint_cost_general_buying_price":"0.56","imprint_cost_general_buying_quantity":"100"},{"imprint_cost_general_buying_price":"0.46","imprint_cost_general_buying_quantity":"250"},{"imprint_cost_general_buying_price":"0.42","imprint_cost_general_buying_quantity":"500"},{"imprint_cost_general_buying_price":"0.39","imprint_cost_general_buying_quantity":"1000"},{"imprint_cost_general_buying_price":"0.35","imprint_cost_general_buying_quantity":"2500"},{"imprint_cost_general_buying_price":"0.34","imprint_cost_general_buying_quantity":"5000"}],"imprint_cost_setup_costs":"26.25","imprint_cost_handling_costs":"0.12"},{"imprint_cost_key":"64d7ee66485709d674b926a585785ece4d072f49","product_quantity_price_range":[{"imprint_cost_recommended_selling_price":"2.535","imprint_cost_recommended_selling_quantity":"1"},{"imprint_cost_recommended_selling_price":"1.785","imprint_cost_recommended_selling_quantity":"25"},{"imprint_cost_recommended_selling_price":"1.035","imprint_cost_recommended_selling_quantity":"50"},{"imprint_cost_recommended_selling_price":"0.84","imprint_cost_recommended_selling_quantity":"100"},{"imprint_cost_recommended_selling_price":"0.69","imprint_cost_recommended_selling_quantity":"250"},{"imprint_cost_recommended_selling_price":"0.63","imprint_cost_recommended_selling_quantity":"500"},{"imprint_cost_recommended_selling_price":"0.585","imprint_cost_recommended_selling_quantity":"1000"},{"imprint_cost_recommended_selling_price":"0.525","imprint_cost_recommended_selling_quantity":"2500"},{"imprint_cost_recommended_selling_price":"0.51","imprint_cost_recommended_selling_quantity":"5000"}],"product_quantity_price_range_buying":[{"imprint_cost_general_buying_price":"1.69","imprint_cost_general_buying_quantity":"1"},{"imprint_cost_general_buying_price":"1.19","imprint_cost_general_buying_quantity":"25"},{"imprint_cost_general_buying_price":"0.69","imprint_cost_general_buying_quantity":"50"},{"imprint_cost_general_buying_price":"0.56","imprint_cost_general_buying_quantity":"100"},{"imprint_cost_general_buying_price":"0.46","imprint_cost_general_buying_quantity":"250"},{"imprint_cost_general_buying_price":"0.42","imprint_cost_general_buying_quantity":"500"},{"imprint_cost_general_buying_price":"0.39","imprint_cost_general_buying_quantity":"1000"},{"imprint_cost_general_buying_price":"0.35","imprint_cost_general_buying_quantity":"2500"},{"imprint_cost_general_buying_price":"0.34","imprint_cost_general_buying_quantity":"5000"}],"imprint_cost_setup_costs":"26.25","imprint_cost_handling_costs":"0.12"},{"imprint_cost_key":"95985ab01c60e392e728427232602631132eae91","product_quantity_price_range":[{"imprint_cost_recommended_selling_price":"3.435","imprint_cost_recommended_selling_quantity":"1"},{"imprint_cost_recommended_selling_price":"2.685","imprint_cost_recommended_selling_quantity":"25"},{"imprint_cost_recommended_selling_price":"2.025","imprint_cost_recommended_selling_quantity":"50"},{"imprint_cost_recommended_selling_price":"1.62","imprint_cost_recommended_selling_quantity":"100"},{"imprint_cost_recommended_selling_price":"1.38","imprint_cost_recommended_selling_quantity":"250"},{"imprint_cost_recommended_selling_price":"1.26","imprint_cost_recommended_selling_quantity":"500"},{"imprint_cost_recommended_selling_price":"1.17","imprint_cost_recommended_selling_quantity":"1000"},{"imprint_cost_recommended_selling_price":"1.095","imprint_cost_recommended_selling_quantity":"2500"},{"imprint_cost_recommended_selling_price":"1.035","imprint_cost_recommended_selling_quantity":"5000"}],"product_quantity_price_range_buying":[{"imprint_cost_general_buying_price":"2.29","imprint_cost_general_buying_quantity":"1"},{"imprint_cost_general_buying_price":"1.79","imprint_cost_general_buying_quantity":"25"},{"imprint_cost_general_buying_price":"1.35","imprint_cost_general_buying_quantity":"50"},{"imprint_cost_general_buying_price":"1.08","imprint_cost_general_buying_quantity":"100"},{"imprint_cost_general_buying_price":"0.92","imprint_cost_general_buying_quantity":"250"},{"imprint_cost_general_buying_price":"0.84","imprint_cost_general_buying_quantity":"500"},{"imprint_cost_general_buying_price":"0.78","imprint_cost_general_buying_quantity":"1000"},{"imprint_cost_general_buying_price":"0.73","imprint_cost_general_buying_quantity":"2500"},{"imprint_cost_general_buying_price":"0.69","imprint_cost_general_buying_quantity":"5000"}],"imprint_cost_setup_costs":"26.25","imprint_cost_handling_costs":"0.12"}]},"aioseo_notices":[],"aioseo_head":"\n\t\t<!-- All in One SEO Pro 4.9.6.2 - aioseo.com -->\n\t<meta name=\"description\" content=\"Ordne deinen Arbeitsplatz und lade dein Smartphone mit 15W Qi kabellos auf: Der Organizer aus Bambus besitzt Fach und Schublade f\u00fcr Kleinteile sowie ein integriertes drahtloses Ladeger\u00e4t. Bei Hidalgo l\u00e4sst du dein Logo aufbringen - starkes telefonzubeh\u00f6r f\u00fcr Events.\" \/>\n\t<meta name=\"robots\" content=\"max-image-preview:large\" \/>\n\t<link rel=\"canonical\" href=\"https:\/\/hidalgo.nl\/de\/wp-json\/wp\/v2\/product\/135742\" \/>\n\t<meta name=\"generator\" content=\"All in One SEO Pro (AIOSEO) 4.9.6.2\" \/>\n\t\t<meta property=\"og:locale\" content=\"de_DE\" \/>\n\t\t<meta property=\"og:site_name\" content=\"Hidalgo -\" \/>\n\t\t<meta property=\"og:type\" content=\"article\" \/>\n\t\t<meta property=\"og:title\" content=\"Walter Bamboo Big Dock 15W organizer en oplader\" \/>\n\t\t<meta property=\"og:description\" content=\"Ordne deinen Arbeitsplatz und lade dein Smartphone mit 15W Qi kabellos auf: Der Organizer aus Bambus besitzt Fach und Schublade f\u00fcr Kleinteile sowie ein integriertes drahtloses Ladeger\u00e4t. Bei Hidalgo l\u00e4sst du dein Logo aufbringen - starkes telefonzubeh\u00f6r f\u00fcr Events.\" \/>\n\t\t<meta property=\"og:url\" content=\"https:\/\/hidalgo.nl\/de\/wp-json\/wp\/v2\/product\/135742\" \/>\n\t\t<meta property=\"og:image\" content=\"https:\/\/shop.hidalgo.nl\/wp-content\/uploads\/2025\/11\/cropped-Hidalgo-est1993.png\" \/>\n\t\t<meta property=\"og:image:secure_url\" content=\"https:\/\/shop.hidalgo.nl\/wp-content\/uploads\/2025\/11\/cropped-Hidalgo-est1993.png\" \/>\n\t\t<meta property=\"article:published_time\" content=\"2025-07-09T09:59:52+00:00\" \/>\n\t\t<meta property=\"article:modified_time\" content=\"2026-03-21T02:33:42+00:00\" \/>\n\t\t<meta name=\"twitter:card\" content=\"summary_large_image\" \/>\n\t\t<meta name=\"twitter:title\" content=\"Walter Bamboo Big Dock 15W organizer en oplader\" \/>\n\t\t<meta name=\"twitter:description\" content=\"Ordne deinen Arbeitsplatz und lade dein Smartphone mit 15W Qi kabellos auf: Der Organizer aus Bambus besitzt Fach und Schublade f\u00fcr Kleinteile sowie ein integriertes drahtloses Ladeger\u00e4t. Bei Hidalgo l\u00e4sst du dein Logo aufbringen - starkes telefonzubeh\u00f6r f\u00fcr Events.\" \/>\n\t\t<meta name=\"twitter:image\" content=\"https:\/\/shop.hidalgo.nl\/wp-content\/uploads\/2025\/11\/cropped-Hidalgo-est1993.png\" \/>\n\t\t<script type=\"application\/ld+json\" class=\"aioseo-schema\">\n\t\t\t{\"@context\":\"https:\\\/\\\/schema.org\",\"@graph\":[{\"@type\":\"BreadcrumbList\",\"@id\":\"https:\\\/\\\/hidalgo.nl\\\/de\\\/product\\\/walter-bamboo-big-dock-15w-organizer-en-oplader\\\/#breadcrumblist\",\"itemListElement\":[{\"@type\":\"ListItem\",\"@id\":\"https:\\\/\\\/hidalgo.nl\\\/de\\\/#listItem\",\"position\":1,\"name\":\"Home\",\"item\":\"https:\\\/\\\/hidalgo.nl\\\/de\\\/\",\"nextItem\":{\"@type\":\"ListItem\",\"@id\":\"https:\\\/\\\/hidalgo.nl\\\/example\\\/#listItem\",\"name\":\"example\"}},{\"@type\":\"ListItem\",\"@id\":\"https:\\\/\\\/hidalgo.nl\\\/example\\\/#listItem\",\"position\":2,\"name\":\"example\",\"item\":\"https:\\\/\\\/hidalgo.nl\\\/example\\\/\",\"nextItem\":{\"@type\":\"ListItem\",\"@id\":\"https:\\\/\\\/hidalgo.nl\\\/en\\\/product-supplier\\\/a24\\\/#listItem\",\"name\":\"A24\"},\"previousItem\":{\"@type\":\"ListItem\",\"@id\":\"https:\\\/\\\/hidalgo.nl\\\/de\\\/#listItem\",\"name\":\"Home\"}},{\"@type\":\"ListItem\",\"@id\":\"https:\\\/\\\/hidalgo.nl\\\/en\\\/product-supplier\\\/a24\\\/#listItem\",\"position\":3,\"name\":\"A24\",\"item\":\"https:\\\/\\\/hidalgo.nl\\\/en\\\/product-supplier\\\/a24\\\/\",\"nextItem\":{\"@type\":\"ListItem\",\"@id\":\"https:\\\/\\\/hidalgo.nl\\\/de\\\/product\\\/walter-bamboo-big-dock-15w-organizer-en-oplader\\\/#listItem\",\"name\":\"Walter Bamboo Big Dock 15W organizer en oplader\"},\"previousItem\":{\"@type\":\"ListItem\",\"@id\":\"https:\\\/\\\/hidalgo.nl\\\/example\\\/#listItem\",\"name\":\"example\"}},{\"@type\":\"ListItem\",\"@id\":\"https:\\\/\\\/hidalgo.nl\\\/de\\\/product\\\/walter-bamboo-big-dock-15w-organizer-en-oplader\\\/#listItem\",\"position\":4,\"name\":\"Walter Bamboo Big Dock 15W organizer en oplader\",\"previousItem\":{\"@type\":\"ListItem\",\"@id\":\"https:\\\/\\\/hidalgo.nl\\\/en\\\/product-supplier\\\/a24\\\/#listItem\",\"name\":\"A24\"}}]},{\"@type\":\"Organization\",\"@id\":\"https:\\\/\\\/hidalgo.nl\\\/de\\\/#organization\",\"name\":\"Hidalgo\",\"url\":\"https:\\\/\\\/hidalgo.nl\\\/de\\\/\",\"logo\":{\"@type\":\"ImageObject\",\"url\":\"https:\\\/\\\/shop.hidalgo.nl\\\/wp-content\\\/uploads\\\/2025\\\/11\\\/cropped-Hidalgo-est1993.png\",\"@id\":\"https:\\\/\\\/hidalgo.nl\\\/de\\\/product\\\/walter-bamboo-big-dock-15w-organizer-en-oplader\\\/#organizationLogo\",\"width\":585,\"height\":195},\"image\":{\"@id\":\"https:\\\/\\\/hidalgo.nl\\\/de\\\/product\\\/walter-bamboo-big-dock-15w-organizer-en-oplader\\\/#organizationLogo\"}},{\"@type\":\"ProductGroup\",\"@id\":\"https:\\\/\\\/hidalgo.nl\\\/de\\\/product\\\/walter-bamboo-big-dock-15w-organizer-en-oplader\\\/#wooCommerceProduct\",\"name\":\"Walter Bamboo Big Dock 15W organizer en oplader\",\"url\":\"https:\\\/\\\/hidalgo.nl\\\/de\\\/product\\\/walter-bamboo-big-dock-15w-organizer-en-oplader\\\/\",\"brand\":{\"@type\":\"Brand\",\"name\":\"Walter\"},\"sku\":\"A24-W030\",\"image\":{\"@type\":\"ImageObject\",\"url\":\"https:\\\/\\\/shop.hidalgo.nl\\\/wp-content\\\/uploads\\\/2025\\\/05\\\/ebaf15da4deb9f752a79da660569803c56617e97c9a52bc8a34956e746a4cef3.jpg\",\"@id\":\"https:\\\/\\\/hidalgo.nl\\\/de\\\/product\\\/walter-bamboo-big-dock-15w-organizer-en-oplader\\\/#productImage\",\"width\":1000,\"height\":1000},\"productGroupID\":135742,\"hasVariant\":[{\"@type\":\"Product\",\"@id\":\"https:\\\/\\\/hidalgo.nl\\\/de\\\/product\\\/walter-bamboo-big-dock-15w-organizer-en-oplader\\\/#wooCommerceProduct\",\"name\":\"Walter Bamboo Big Dock 15W organizer en oplader - bamboe\",\"url\":\"https:\\\/\\\/hidalgo.nl\\\/de\\\/product\\\/walter-bamboo-big-dock-15w-organizer-en-oplader\\\/\",\"sku\":\"A24-W03044\",\"image\":{\"@type\":\"ImageObject\",\"url\":\"https:\\\/\\\/shop.hidalgo.nl\\\/wp-content\\\/uploads\\\/2025\\\/05\\\/ebaf15da4deb9f752a79da660569803c56617e97c9a52bc8a34956e746a4cef3.jpg\",\"@id\":\"https:\\\/\\\/hidalgo.nl\\\/de\\\/product\\\/walter-bamboo-big-dock-15w-organizer-en-oplader\\\/#productImage\",\"width\":1000,\"height\":1000},\"offers\":{\"@type\":\"Offer\",\"url\":\"https:\\\/\\\/hidalgo.nl\\\/de\\\/product\\\/walter-bamboo-big-dock-15w-organizer-en-oplader\\\/#wooCommerceOffer\",\"price\":\"10.975\",\"priceCurrency\":\"EUR\",\"category\":\"Promotionele Artikelen\",\"availability\":\"https:\\\/\\\/schema.org\\\/InStock\",\"priceSpecification\":{\"@type\":\"PriceSpecification\",\"price\":10.975,\"priceCurrency\":\"EUR\",\"valueAddedTaxIncluded\":\"true\"}}}]},{\"@type\":\"WebPage\",\"@id\":\"https:\\\/\\\/hidalgo.nl\\\/de\\\/product\\\/walter-bamboo-big-dock-15w-organizer-en-oplader\\\/#webpage\",\"url\":\"https:\\\/\\\/hidalgo.nl\\\/de\\\/product\\\/walter-bamboo-big-dock-15w-organizer-en-oplader\\\/\",\"name\":\"Walter Bamboo Big Dock 15W organizer en oplader\",\"description\":\"Ordne deinen Arbeitsplatz und lade dein Smartphone mit 15W Qi kabellos auf: Der Organizer aus Bambus besitzt Fach und Schublade f\\u00fcr Kleinteile sowie ein integriertes drahtloses Ladeger\\u00e4t. Bei Hidalgo l\\u00e4sst du dein Logo aufbringen - starkes telefonzubeh\\u00f6r f\\u00fcr Events.\",\"inLanguage\":\"de-DE\",\"isPartOf\":{\"@id\":\"https:\\\/\\\/hidalgo.nl\\\/de\\\/#website\"},\"breadcrumb\":{\"@id\":\"https:\\\/\\\/hidalgo.nl\\\/de\\\/product\\\/walter-bamboo-big-dock-15w-organizer-en-oplader\\\/#breadcrumblist\"},\"image\":{\"@type\":\"ImageObject\",\"url\":\"https:\\\/\\\/shop.hidalgo.nl\\\/wp-content\\\/uploads\\\/2025\\\/05\\\/ebaf15da4deb9f752a79da660569803c56617e97c9a52bc8a34956e746a4cef3.jpg\",\"@id\":\"https:\\\/\\\/hidalgo.nl\\\/de\\\/product\\\/walter-bamboo-big-dock-15w-organizer-en-oplader\\\/#mainImage\",\"width\":1000,\"height\":1000},\"primaryImageOfPage\":{\"@id\":\"https:\\\/\\\/hidalgo.nl\\\/de\\\/product\\\/walter-bamboo-big-dock-15w-organizer-en-oplader\\\/#mainImage\"},\"datePublished\":\"2025-07-09T09:59:52+00:00\",\"dateModified\":\"2026-03-21T02:33:42+00:00\"},{\"@type\":\"WebSite\",\"@id\":\"https:\\\/\\\/hidalgo.nl\\\/de\\\/#website\",\"url\":\"https:\\\/\\\/hidalgo.nl\\\/de\\\/\",\"name\":\"Hidalgo\",\"inLanguage\":\"de-DE\",\"publisher\":{\"@id\":\"https:\\\/\\\/hidalgo.nl\\\/de\\\/#organization\"}}]}\n\t\t<\/script>\n\t\t<!-- All in One SEO Pro -->\r\n\t\t<title>Walter Bamboo Big Dock 15W organizer en oplader<\/title>\n\n","aioseo_head_json":{"title":"Walter Bamboo Big Dock 15W organizer en oplader","description":"Ordne deinen Arbeitsplatz und lade dein Smartphone mit 15W Qi kabellos auf: Der Organizer aus Bambus besitzt Fach und Schublade f\u00fcr Kleinteile sowie ein integriertes drahtloses Ladeger\u00e4t. Bei Hidalgo l\u00e4sst du dein Logo aufbringen - starkes telefonzubeh\u00f6r f\u00fcr Events.","canonical_url":"https:\/\/hidalgo.nl\/de\/wp-json\/wp\/v2\/product\/135742","robots":"max-image-preview:large","keywords":"","webmasterTools":{"miscellaneous":""},"schema":{"@context":"https:\/\/schema.org","@graph":[{"@type":"BreadcrumbList","@id":"https:\/\/hidalgo.nl\/de\/product\/walter-bamboo-big-dock-15w-organizer-en-oplader\/#breadcrumblist","itemListElement":[{"@type":"ListItem","@id":"https:\/\/hidalgo.nl\/de\/#listItem","position":1,"name":"Home","item":"https:\/\/hidalgo.nl\/de\/","nextItem":{"@type":"ListItem","@id":"https:\/\/hidalgo.nl\/example\/#listItem","name":"example"}},{"@type":"ListItem","@id":"https:\/\/hidalgo.nl\/example\/#listItem","position":2,"name":"example","item":"https:\/\/hidalgo.nl\/example\/","nextItem":{"@type":"ListItem","@id":"https:\/\/hidalgo.nl\/en\/product-supplier\/a24\/#listItem","name":"A24"},"previousItem":{"@type":"ListItem","@id":"https:\/\/hidalgo.nl\/de\/#listItem","name":"Home"}},{"@type":"ListItem","@id":"https:\/\/hidalgo.nl\/en\/product-supplier\/a24\/#listItem","position":3,"name":"A24","item":"https:\/\/hidalgo.nl\/en\/product-supplier\/a24\/","nextItem":{"@type":"ListItem","@id":"https:\/\/hidalgo.nl\/de\/product\/walter-bamboo-big-dock-15w-organizer-en-oplader\/#listItem","name":"Walter Bamboo Big Dock 15W organizer en oplader"},"previousItem":{"@type":"ListItem","@id":"https:\/\/hidalgo.nl\/example\/#listItem","name":"example"}},{"@type":"ListItem","@id":"https:\/\/hidalgo.nl\/de\/product\/walter-bamboo-big-dock-15w-organizer-en-oplader\/#listItem","position":4,"name":"Walter Bamboo Big Dock 15W organizer en oplader","previousItem":{"@type":"ListItem","@id":"https:\/\/hidalgo.nl\/en\/product-supplier\/a24\/#listItem","name":"A24"}}]},{"@type":"Organization","@id":"https:\/\/hidalgo.nl\/de\/#organization","name":"Hidalgo","url":"https:\/\/hidalgo.nl\/de\/","logo":{"@type":"ImageObject","url":"https:\/\/shop.hidalgo.nl\/wp-content\/uploads\/2025\/11\/cropped-Hidalgo-est1993.png","@id":"https:\/\/hidalgo.nl\/de\/product\/walter-bamboo-big-dock-15w-organizer-en-oplader\/#organizationLogo","width":585,"height":195},"image":{"@id":"https:\/\/hidalgo.nl\/de\/product\/walter-bamboo-big-dock-15w-organizer-en-oplader\/#organizationLogo"}},{"@type":"ProductGroup","@id":"https:\/\/hidalgo.nl\/de\/product\/walter-bamboo-big-dock-15w-organizer-en-oplader\/#wooCommerceProduct","name":"Walter Bamboo Big Dock 15W organizer en oplader","url":"https:\/\/hidalgo.nl\/de\/product\/walter-bamboo-big-dock-15w-organizer-en-oplader\/","brand":{"@type":"Brand","name":"Walter"},"sku":"A24-W030","image":{"@type":"ImageObject","url":"https:\/\/shop.hidalgo.nl\/wp-content\/uploads\/2025\/05\/ebaf15da4deb9f752a79da660569803c56617e97c9a52bc8a34956e746a4cef3.jpg","@id":"https:\/\/hidalgo.nl\/de\/product\/walter-bamboo-big-dock-15w-organizer-en-oplader\/#productImage","width":1000,"height":1000},"productGroupID":135742,"hasVariant":[{"@type":"Product","@id":"https:\/\/hidalgo.nl\/de\/product\/walter-bamboo-big-dock-15w-organizer-en-oplader\/#wooCommerceProduct","name":"Walter Bamboo Big Dock 15W organizer en oplader - bamboe","url":"https:\/\/hidalgo.nl\/de\/product\/walter-bamboo-big-dock-15w-organizer-en-oplader\/","sku":"A24-W03044","image":{"@type":"ImageObject","url":"https:\/\/shop.hidalgo.nl\/wp-content\/uploads\/2025\/05\/ebaf15da4deb9f752a79da660569803c56617e97c9a52bc8a34956e746a4cef3.jpg","@id":"https:\/\/hidalgo.nl\/de\/product\/walter-bamboo-big-dock-15w-organizer-en-oplader\/#productImage","width":1000,"height":1000},"offers":{"@type":"Offer","url":"https:\/\/hidalgo.nl\/de\/product\/walter-bamboo-big-dock-15w-organizer-en-oplader\/#wooCommerceOffer","price":"10.975","priceCurrency":"EUR","category":"Promotionele Artikelen","availability":"https:\/\/schema.org\/InStock","priceSpecification":{"@type":"PriceSpecification","price":10.975,"priceCurrency":"EUR","valueAddedTaxIncluded":"true"}}}]},{"@type":"WebPage","@id":"https:\/\/hidalgo.nl\/de\/product\/walter-bamboo-big-dock-15w-organizer-en-oplader\/#webpage","url":"https:\/\/hidalgo.nl\/de\/product\/walter-bamboo-big-dock-15w-organizer-en-oplader\/","name":"Walter Bamboo Big Dock 15W organizer en oplader","description":"Ordne deinen Arbeitsplatz und lade dein Smartphone mit 15W Qi kabellos auf: Der Organizer aus Bambus besitzt Fach und Schublade f\u00fcr Kleinteile sowie ein integriertes drahtloses Ladeger\u00e4t. Bei Hidalgo l\u00e4sst du dein Logo aufbringen - starkes telefonzubeh\u00f6r f\u00fcr Events.","inLanguage":"de-DE","isPartOf":{"@id":"https:\/\/hidalgo.nl\/de\/#website"},"breadcrumb":{"@id":"https:\/\/hidalgo.nl\/de\/product\/walter-bamboo-big-dock-15w-organizer-en-oplader\/#breadcrumblist"},"image":{"@type":"ImageObject","url":"https:\/\/shop.hidalgo.nl\/wp-content\/uploads\/2025\/05\/ebaf15da4deb9f752a79da660569803c56617e97c9a52bc8a34956e746a4cef3.jpg","@id":"https:\/\/hidalgo.nl\/de\/product\/walter-bamboo-big-dock-15w-organizer-en-oplader\/#mainImage","width":1000,"height":1000},"primaryImageOfPage":{"@id":"https:\/\/hidalgo.nl\/de\/product\/walter-bamboo-big-dock-15w-organizer-en-oplader\/#mainImage"},"datePublished":"2025-07-09T09:59:52+00:00","dateModified":"2026-03-21T02:33:42+00:00"},{"@type":"WebSite","@id":"https:\/\/hidalgo.nl\/de\/#website","url":"https:\/\/hidalgo.nl\/de\/","name":"Hidalgo","inLanguage":"de-DE","publisher":{"@id":"https:\/\/hidalgo.nl\/de\/#organization"}}]},"og:locale":"de_DE","og:site_name":"Hidalgo -","og:type":"article","og:title":"Walter Bamboo Big Dock 15W organizer en oplader","og:description":"Ordne deinen Arbeitsplatz und lade dein Smartphone mit 15W Qi kabellos auf: Der Organizer aus Bambus besitzt Fach und Schublade f\u00fcr Kleinteile sowie ein integriertes drahtloses Ladeger\u00e4t. Bei Hidalgo l\u00e4sst du dein Logo aufbringen - starkes telefonzubeh\u00f6r f\u00fcr Events.","og:url":"https:\/\/hidalgo.nl\/de\/wp-json\/wp\/v2\/product\/135742","og:image":"https:\/\/shop.hidalgo.nl\/wp-content\/uploads\/2025\/11\/cropped-Hidalgo-est1993.png","og:image:secure_url":"https:\/\/shop.hidalgo.nl\/wp-content\/uploads\/2025\/11\/cropped-Hidalgo-est1993.png","article:published_time":"2025-07-09T09:59:52+00:00","article:modified_time":"2026-03-21T02:33:42+00:00","twitter:card":"summary_large_image","twitter:title":"Walter Bamboo Big Dock 15W organizer en oplader","twitter:description":"Ordne deinen Arbeitsplatz und lade dein Smartphone mit 15W Qi kabellos auf: Der Organizer aus Bambus besitzt Fach und Schublade f\u00fcr Kleinteile sowie ein integriertes drahtloses Ladeger\u00e4t. Bei Hidalgo l\u00e4sst du dein Logo aufbringen - starkes telefonzubeh\u00f6r f\u00fcr Events.","twitter:image":"https:\/\/shop.hidalgo.nl\/wp-content\/uploads\/2025\/11\/cropped-Hidalgo-est1993.png"},"aioseo_meta_data":{"post_id":"135742","title":null,"description":null,"keywords":null,"keyphrases":null,"primary_term":null,"canonical_url":null,"og_title":null,"og_description":null,"og_object_type":"default","og_image_type":"default","og_image_url":null,"og_image_width":null,"og_image_height":null,"og_image_custom_url":null,"og_image_custom_fields":null,"og_video":null,"og_custom_url":null,"og_article_section":null,"og_article_tags":null,"twitter_use_og":false,"twitter_card":"default","twitter_image_type":"default","twitter_image_url":null,"twitter_image_custom_url":null,"twitter_image_custom_fields":null,"twitter_title":null,"twitter_description":null,"schema":{"blockGraphs":[],"customGraphs":[],"default":{"data":{"Article":[],"Course":[],"Dataset":[],"FAQPage":[],"Movie":[],"Person":[],"Product":[],"ProductReview":[],"Car":[],"Recipe":[],"Service":[],"SoftwareApplication":[],"WebPage":[]},"graphName":"","isEnabled":true},"graphs":[]},"schema_type":"default","schema_type_options":null,"pillar_content":false,"robots_default":true,"robots_noindex":false,"robots_noarchive":false,"robots_nosnippet":false,"robots_nofollow":false,"robots_noimageindex":false,"robots_noodp":false,"robots_notranslate":false,"robots_max_snippet":null,"robots_max_videopreview":null,"robots_max_imagepreview":"large","priority":null,"frequency":null,"local_seo":null,"seo_analyzer_scan_date":"2026-01-22 11:20:23","breadcrumb_settings":null,"limit_modified_date":false,"reviewed_by":null,"open_ai":null,"ai":null,"created":"2026-01-14 06:25:39","updated":"2026-04-23 00:02:49"},"aioseo_breadcrumb":"<div class=\"aioseo-breadcrumbs\"><span class=\"aioseo-breadcrumb\">\n\t<a href=\"https:\/\/hidalgo.nl\/de\/\" title=\"Home\">Home<\/a>\n<\/span><span class=\"aioseo-breadcrumb-separator\">\u00bb<\/span><span class=\"aioseo-breadcrumb\">\n\t<a href=\"https:\/\/hidalgo.nl\/example\/\" title=\"example\">example<\/a>\n<\/span><span class=\"aioseo-breadcrumb-separator\">\u00bb<\/span><span class=\"aioseo-breadcrumb\">\n\t<a href=\"https:\/\/hidalgo.nl\/en\/product-supplier\/a24\/\" title=\"A24\">A24<\/a>\n<\/span><span class=\"aioseo-breadcrumb-separator\">\u00bb<\/span><span class=\"aioseo-breadcrumb\">\n\tWalter Bamboo Big Dock 15W organizer en oplader\n<\/span><\/div>","aioseo_breadcrumb_json":[{"label":"Home","link":"https:\/\/hidalgo.nl\/de\/"},{"label":"example","link":"https:\/\/hidalgo.nl\/example\/"},{"label":"A24","link":"https:\/\/hidalgo.nl\/en\/product-supplier\/a24\/"},{"label":"Walter Bamboo Big Dock 15W organizer en oplader","link":"https:\/\/hidalgo.nl\/de\/product\/walter-bamboo-big-dock-15w-organizer-en-oplader\/"}],"_links":{"self":[{"href":"https:\/\/hidalgo.nl\/de\/wp-json\/wp\/v2\/product\/135742","targetHints":{"allow":["GET"]}}],"collection":[{"href":"https:\/\/hidalgo.nl\/de\/wp-json\/wp\/v2\/product"}],"about":[{"href":"https:\/\/hidalgo.nl\/de\/wp-json\/wp\/v2\/types\/product"}],"wp:featuredmedia":[{"embeddable":true,"href":"https:\/\/hidalgo.nl\/de\/wp-json\/wp\/v2\/media\/135743"}],"wp:attachment":[{"href":"https:\/\/hidalgo.nl\/de\/wp-json\/wp\/v2\/media?parent=135742"}],"wp:term":[{"taxonomy":"product_brand","embeddable":true,"href":"https:\/\/hidalgo.nl\/de\/wp-json\/wp\/v2\/product_brand?post=135742"},{"taxonomy":"product_cat","embeddable":true,"href":"https:\/\/hidalgo.nl\/de\/wp-json\/wp\/v2\/product_cat?post=135742"},{"taxonomy":"product_tag","embeddable":true,"href":"https:\/\/hidalgo.nl\/de\/wp-json\/wp\/v2\/product_tag?post=135742"}],"curies":[{"name":"wp","href":"https:\/\/api.w.org\/{rel}","templated":true}]}}