{"id":13510,"date":"2025-07-03T10:51:48","date_gmt":"2025-07-03T10:51:48","guid":{"rendered":"http:\/\/bidonsenshakers.pim.hidalgo.nl\/product\/pu-schoenpoetsset-mario\/"},"modified":"2026-03-15T14:10:54","modified_gmt":"2026-03-15T14:10:54","slug":"pu-schoenpoetsset-mario","status":"publish","type":"product","link":"https:\/\/hidalgo.nl\/de\/product\/13510\/schuhputzset-mario-bedrucken-5-teilig-braunes-pu-etui-klein\/","title":{"rendered":"PU schoenpoetsset Mario"},"content":{"rendered":"<p>5-Delige schoenpoetsset in een luxe PU koker met drukknopsluiting.<\/p>\n","protected":false},"excerpt":{"rendered":"<p>5-Delige schoenpoetsset in een luxe PU koker met drukknopsluiting.<\/p>\n","protected":false},"featured_media":13511,"template":"","meta":{"_acf_changed":false,"om_disable_all_campaigns":false,"_monsterinsights_skip_tracking":false,"_monsterinsights_sitenote_active":false,"_monsterinsights_sitenote_note":"","_monsterinsights_sitenote_category":0},"product_brand":[49],"product_cat":[4716,4757,4777],"product_tag":[],"class_list":{"0":"post-13510","1":"product","2":"type-product","3":"status-publish","4":"has-post-thumbnail","6":"product_supplier-a58","7":"product_material-hout","8":"product_material-katoen","9":"product_material-kunststof","10":"product_material-pu","11":"product_material-was","12":"product_brand-impression","13":"product_cat-kleding","14":"product_cat-kleding-kleding-accessoires","15":"product_cat-kleding-kleding-accessoires-sokken-schoenen","16":"entry","18":"first","19":"instock","20":"taxable","21":"shipping-taxable","22":"purchasable","23":"product-type-variable"},"acf":{"imprint_cost":[{"imprint_cost_key":"7d785b4d8d6f8cd62032861ef3d4bf53e565bd80","product_quantity_price_range":[{"imprint_cost_recommended_selling_price":"5.91","imprint_cost_recommended_selling_quantity":"1"},{"imprint_cost_recommended_selling_price":"2.97","imprint_cost_recommended_selling_quantity":"25"},{"imprint_cost_recommended_selling_price":"1.49","imprint_cost_recommended_selling_quantity":"50"},{"imprint_cost_recommended_selling_price":"0.69","imprint_cost_recommended_selling_quantity":"100"},{"imprint_cost_recommended_selling_price":"0.55","imprint_cost_recommended_selling_quantity":"250"},{"imprint_cost_recommended_selling_price":"0.43","imprint_cost_recommended_selling_quantity":"500"},{"imprint_cost_recommended_selling_price":"0.4","imprint_cost_recommended_selling_quantity":"1000"},{"imprint_cost_recommended_selling_price":"0.35","imprint_cost_recommended_selling_quantity":"2500"},{"imprint_cost_recommended_selling_price":"0.34","imprint_cost_recommended_selling_quantity":"5000"},{"imprint_cost_recommended_selling_price":"0.32","imprint_cost_recommended_selling_quantity":"10000"}],"product_quantity_price_range_buying":false,"imprint_cost_setup_costs":"52.31","imprint_cost_handling_costs":"0.2"}]},"aioseo_notices":[],"aioseo_head":"\n\t\t<!-- All in One SEO Pro 4.9.6.2 - aioseo.com -->\n\t<meta name=\"description\" content=\"Mit dem Mario Reiseetui bringst du deine Schuhe unterwegs schnell auf Hochglanz. Dieses 5-teilige Schuhputzset bedrucken wir individuell f\u00fcr dein Unternehmen, damit du ein n\u00fctzliches Werbemittel Schuhpflege erh\u00e4ltst, das bei Gesch\u00e4ftsreisen &amp; im Alltag deiner Kunden \u00fcberzeugt.\" \/>\n\t<meta name=\"robots\" content=\"max-image-preview:large\" \/>\n\t<link rel=\"canonical\" href=\"https:\/\/hidalgo.nl\/de\/wp-json\/wp\/v2\/product\/13510\" \/>\n\t<meta name=\"generator\" content=\"All in One SEO Pro (AIOSEO) 4.9.6.2\" \/>\n\t\t<meta property=\"og:locale\" content=\"de_DE\" \/>\n\t\t<meta property=\"og:site_name\" content=\"Hidalgo -\" \/>\n\t\t<meta property=\"og:type\" content=\"article\" \/>\n\t\t<meta property=\"og:title\" content=\"Schuhputzset Mario bedrucken 5-teilig braunes PU-Etui klein\" \/>\n\t\t<meta property=\"og:description\" content=\"Mit dem Mario Reiseetui bringst du deine Schuhe unterwegs schnell auf Hochglanz. Dieses 5-teilige Schuhputzset bedrucken wir individuell f\u00fcr dein Unternehmen, damit du ein n\u00fctzliches Werbemittel Schuhpflege erh\u00e4ltst, das bei Gesch\u00e4ftsreisen &amp; im Alltag deiner Kunden \u00fcberzeugt.\" \/>\n\t\t<meta property=\"og:url\" content=\"https:\/\/hidalgo.nl\/de\/wp-json\/wp\/v2\/product\/13510\" \/>\n\t\t<meta property=\"og:image\" content=\"https:\/\/shop.hidalgo.nl\/wp-content\/uploads\/2025\/11\/cropped-Hidalgo-est1993.png\" \/>\n\t\t<meta property=\"og:image:secure_url\" content=\"https:\/\/shop.hidalgo.nl\/wp-content\/uploads\/2025\/11\/cropped-Hidalgo-est1993.png\" \/>\n\t\t<meta property=\"article:published_time\" content=\"2025-07-03T10:51:48+00:00\" \/>\n\t\t<meta property=\"article:modified_time\" content=\"2026-03-15T14:10:54+00:00\" \/>\n\t\t<meta name=\"twitter:card\" content=\"summary_large_image\" \/>\n\t\t<meta name=\"twitter:title\" content=\"Schuhputzset Mario bedrucken 5-teilig braunes PU-Etui klein\" \/>\n\t\t<meta name=\"twitter:description\" content=\"Mit dem Mario Reiseetui bringst du deine Schuhe unterwegs schnell auf Hochglanz. Dieses 5-teilige Schuhputzset bedrucken wir individuell f\u00fcr dein Unternehmen, damit du ein n\u00fctzliches Werbemittel Schuhpflege erh\u00e4ltst, das bei Gesch\u00e4ftsreisen &amp; im Alltag deiner Kunden \u00fcberzeugt.\" \/>\n\t\t<meta name=\"twitter:image\" content=\"https:\/\/shop.hidalgo.nl\/wp-content\/uploads\/2025\/11\/cropped-Hidalgo-est1993.png\" \/>\n\t\t<script type=\"application\/ld+json\" class=\"aioseo-schema\">\n\t\t\t{\"@context\":\"https:\\\/\\\/schema.org\",\"@graph\":[{\"@type\":\"BreadcrumbList\",\"@id\":\"https:\\\/\\\/hidalgo.nl\\\/de\\\/product\\\/13510\\\/schuhputzset-mario-bedrucken-5-teilig-braunes-pu-etui-klein\\\/#breadcrumblist\",\"itemListElement\":[{\"@type\":\"ListItem\",\"@id\":\"https:\\\/\\\/hidalgo.nl\\\/de\\\/#listItem\",\"position\":1,\"name\":\"Home\",\"item\":\"https:\\\/\\\/hidalgo.nl\\\/de\\\/\",\"nextItem\":{\"@type\":\"ListItem\",\"@id\":\"https:\\\/\\\/hidalgo.nl\\\/example\\\/#listItem\",\"name\":\"example\"}},{\"@type\":\"ListItem\",\"@id\":\"https:\\\/\\\/hidalgo.nl\\\/example\\\/#listItem\",\"position\":2,\"name\":\"example\",\"item\":\"https:\\\/\\\/hidalgo.nl\\\/example\\\/\",\"nextItem\":{\"@type\":\"ListItem\",\"@id\":\"https:\\\/\\\/hidalgo.nl\\\/en\\\/product-supplier\\\/a58\\\/#listItem\",\"name\":\"A58\"},\"previousItem\":{\"@type\":\"ListItem\",\"@id\":\"https:\\\/\\\/hidalgo.nl\\\/de\\\/#listItem\",\"name\":\"Home\"}},{\"@type\":\"ListItem\",\"@id\":\"https:\\\/\\\/hidalgo.nl\\\/en\\\/product-supplier\\\/a58\\\/#listItem\",\"position\":3,\"name\":\"A58\",\"item\":\"https:\\\/\\\/hidalgo.nl\\\/en\\\/product-supplier\\\/a58\\\/\",\"nextItem\":{\"@type\":\"ListItem\",\"@id\":\"https:\\\/\\\/hidalgo.nl\\\/de\\\/product\\\/13510\\\/schuhputzset-mario-bedrucken-5-teilig-braunes-pu-etui-klein\\\/#listItem\",\"name\":\"PU schoenpoetsset Mario\"},\"previousItem\":{\"@type\":\"ListItem\",\"@id\":\"https:\\\/\\\/hidalgo.nl\\\/example\\\/#listItem\",\"name\":\"example\"}},{\"@type\":\"ListItem\",\"@id\":\"https:\\\/\\\/hidalgo.nl\\\/de\\\/product\\\/13510\\\/schuhputzset-mario-bedrucken-5-teilig-braunes-pu-etui-klein\\\/#listItem\",\"position\":4,\"name\":\"PU schoenpoetsset Mario\",\"previousItem\":{\"@type\":\"ListItem\",\"@id\":\"https:\\\/\\\/hidalgo.nl\\\/en\\\/product-supplier\\\/a58\\\/#listItem\",\"name\":\"A58\"}}]},{\"@type\":\"Organization\",\"@id\":\"https:\\\/\\\/hidalgo.nl\\\/de\\\/#organization\",\"name\":\"Hidalgo\",\"url\":\"https:\\\/\\\/hidalgo.nl\\\/de\\\/\",\"logo\":{\"@type\":\"ImageObject\",\"url\":\"https:\\\/\\\/shop.hidalgo.nl\\\/wp-content\\\/uploads\\\/2025\\\/11\\\/cropped-Hidalgo-est1993.png\",\"@id\":\"https:\\\/\\\/hidalgo.nl\\\/de\\\/product\\\/13510\\\/schuhputzset-mario-bedrucken-5-teilig-braunes-pu-etui-klein\\\/#organizationLogo\",\"width\":585,\"height\":195},\"image\":{\"@id\":\"https:\\\/\\\/hidalgo.nl\\\/de\\\/product\\\/13510\\\/schuhputzset-mario-bedrucken-5-teilig-braunes-pu-etui-klein\\\/#organizationLogo\"}},{\"@type\":\"ProductGroup\",\"@id\":\"https:\\\/\\\/hidalgo.nl\\\/de\\\/product\\\/13510\\\/schuhputzset-mario-bedrucken-5-teilig-braunes-pu-etui-klein\\\/#wooCommerceProduct\",\"name\":\"Schuhputzset Mario bedrucken 5-teilig braunes PU-Etui klein\",\"url\":\"https:\\\/\\\/hidalgo.nl\\\/de\\\/product\\\/13510\\\/schuhputzset-mario-bedrucken-5-teilig-braunes-pu-etui-klein\\\/\",\"brand\":{\"@type\":\"Brand\",\"name\":\"IMPRESSION\"},\"sku\":\"A58-3836\",\"image\":{\"@type\":\"ImageObject\",\"url\":\"https:\\\/\\\/shop.hidalgo.nl\\\/wp-content\\\/uploads\\\/2025\\\/05\\\/1674e5a411ade748c8d981aa7caa48072a532a99cbe8a5b1194cf79905d37063.jpg\",\"@id\":\"https:\\\/\\\/hidalgo.nl\\\/de\\\/product\\\/13510\\\/schuhputzset-mario-bedrucken-5-teilig-braunes-pu-etui-klein\\\/#productImage\",\"width\":1000,\"height\":774},\"productGroupID\":13510,\"hasVariant\":[{\"@type\":\"Product\",\"@id\":\"https:\\\/\\\/hidalgo.nl\\\/de\\\/product\\\/13510\\\/schuhputzset-mario-bedrucken-5-teilig-braunes-pu-etui-klein\\\/#wooCommerceProduct\",\"name\":\"PU schoenpoetsset Mario - bruin,\",\"url\":\"https:\\\/\\\/hidalgo.nl\\\/de\\\/product\\\/13510\\\/schuhputzset-mario-bedrucken-5-teilig-braunes-pu-etui-klein\\\/\",\"sku\":\"A58-3836-011999999\",\"gtin\":\"8719446008526\",\"image\":{\"@type\":\"ImageObject\",\"url\":\"https:\\\/\\\/shop.hidalgo.nl\\\/wp-content\\\/uploads\\\/2025\\\/05\\\/00f856f12d5186bb58c56593f30ed5e9e9fa87a132490d678c2707d299a42a89.jpg\",\"@id\":\"https:\\\/\\\/hidalgo.nl\\\/de\\\/product\\\/13510\\\/schuhputzset-mario-bedrucken-5-teilig-braunes-pu-etui-klein\\\/#productImage\",\"width\":1000,\"height\":683},\"offers\":{\"@type\":\"Offer\",\"url\":\"https:\\\/\\\/hidalgo.nl\\\/de\\\/product\\\/13510\\\/schuhputzset-mario-bedrucken-5-teilig-braunes-pu-etui-klein\\\/#wooCommerceOffer\",\"price\":\"12.32\",\"priceCurrency\":\"EUR\",\"category\":\"Kleding\",\"availability\":\"https:\\\/\\\/schema.org\\\/InStock\",\"priceSpecification\":{\"@type\":\"PriceSpecification\",\"price\":12.32,\"priceCurrency\":\"EUR\",\"valueAddedTaxIncluded\":\"true\"}}}]},{\"@type\":\"WebPage\",\"@id\":\"https:\\\/\\\/hidalgo.nl\\\/de\\\/product\\\/13510\\\/schuhputzset-mario-bedrucken-5-teilig-braunes-pu-etui-klein\\\/#webpage\",\"url\":\"https:\\\/\\\/hidalgo.nl\\\/de\\\/product\\\/13510\\\/schuhputzset-mario-bedrucken-5-teilig-braunes-pu-etui-klein\\\/\",\"name\":\"Schuhputzset Mario bedrucken 5-teilig braunes PU-Etui klein\",\"description\":\"Mit dem Mario Reiseetui bringst du deine Schuhe unterwegs schnell auf Hochglanz. Dieses 5-teilige Schuhputzset bedrucken wir individuell f\\u00fcr dein Unternehmen, damit du ein n\\u00fctzliches Werbemittel Schuhpflege erh\\u00e4ltst, das bei Gesch\\u00e4ftsreisen & im Alltag deiner Kunden \\u00fcberzeugt.\",\"inLanguage\":\"de-DE\",\"isPartOf\":{\"@id\":\"https:\\\/\\\/hidalgo.nl\\\/de\\\/#website\"},\"breadcrumb\":{\"@id\":\"https:\\\/\\\/hidalgo.nl\\\/de\\\/product\\\/13510\\\/schuhputzset-mario-bedrucken-5-teilig-braunes-pu-etui-klein\\\/#breadcrumblist\"},\"image\":{\"@type\":\"ImageObject\",\"url\":\"https:\\\/\\\/shop.hidalgo.nl\\\/wp-content\\\/uploads\\\/2025\\\/05\\\/1674e5a411ade748c8d981aa7caa48072a532a99cbe8a5b1194cf79905d37063.jpg\",\"@id\":\"https:\\\/\\\/hidalgo.nl\\\/de\\\/product\\\/13510\\\/schuhputzset-mario-bedrucken-5-teilig-braunes-pu-etui-klein\\\/#mainImage\",\"width\":1000,\"height\":774},\"primaryImageOfPage\":{\"@id\":\"https:\\\/\\\/hidalgo.nl\\\/de\\\/product\\\/13510\\\/schuhputzset-mario-bedrucken-5-teilig-braunes-pu-etui-klein\\\/#mainImage\"},\"datePublished\":\"2025-07-03T10:51:48+00:00\",\"dateModified\":\"2026-03-15T14:10:54+00:00\"},{\"@type\":\"WebSite\",\"@id\":\"https:\\\/\\\/hidalgo.nl\\\/de\\\/#website\",\"url\":\"https:\\\/\\\/hidalgo.nl\\\/de\\\/\",\"name\":\"Hidalgo\",\"inLanguage\":\"de-DE\",\"publisher\":{\"@id\":\"https:\\\/\\\/hidalgo.nl\\\/de\\\/#organization\"}}]}\n\t\t<\/script>\n\t\t<!-- All in One SEO Pro -->\r\n\t\t<title>Schuhputzset Mario bedrucken 5-teilig braunes PU-Etui klein<\/title>\n\n","aioseo_head_json":{"title":"Schuhputzset Mario bedrucken 5-teilig braunes PU-Etui klein","description":"Mit dem Mario Reiseetui bringst du deine Schuhe unterwegs schnell auf Hochglanz. Dieses 5-teilige Schuhputzset bedrucken wir individuell f\u00fcr dein Unternehmen, damit du ein n\u00fctzliches Werbemittel Schuhpflege erh\u00e4ltst, das bei Gesch\u00e4ftsreisen & im Alltag deiner Kunden \u00fcberzeugt.","canonical_url":"https:\/\/hidalgo.nl\/de\/wp-json\/wp\/v2\/product\/13510","robots":"max-image-preview:large","keywords":"","webmasterTools":{"miscellaneous":""},"schema":{"@context":"https:\/\/schema.org","@graph":[{"@type":"BreadcrumbList","@id":"https:\/\/hidalgo.nl\/de\/product\/13510\/schuhputzset-mario-bedrucken-5-teilig-braunes-pu-etui-klein\/#breadcrumblist","itemListElement":[{"@type":"ListItem","@id":"https:\/\/hidalgo.nl\/de\/#listItem","position":1,"name":"Home","item":"https:\/\/hidalgo.nl\/de\/","nextItem":{"@type":"ListItem","@id":"https:\/\/hidalgo.nl\/example\/#listItem","name":"example"}},{"@type":"ListItem","@id":"https:\/\/hidalgo.nl\/example\/#listItem","position":2,"name":"example","item":"https:\/\/hidalgo.nl\/example\/","nextItem":{"@type":"ListItem","@id":"https:\/\/hidalgo.nl\/en\/product-supplier\/a58\/#listItem","name":"A58"},"previousItem":{"@type":"ListItem","@id":"https:\/\/hidalgo.nl\/de\/#listItem","name":"Home"}},{"@type":"ListItem","@id":"https:\/\/hidalgo.nl\/en\/product-supplier\/a58\/#listItem","position":3,"name":"A58","item":"https:\/\/hidalgo.nl\/en\/product-supplier\/a58\/","nextItem":{"@type":"ListItem","@id":"https:\/\/hidalgo.nl\/de\/product\/13510\/schuhputzset-mario-bedrucken-5-teilig-braunes-pu-etui-klein\/#listItem","name":"PU schoenpoetsset Mario"},"previousItem":{"@type":"ListItem","@id":"https:\/\/hidalgo.nl\/example\/#listItem","name":"example"}},{"@type":"ListItem","@id":"https:\/\/hidalgo.nl\/de\/product\/13510\/schuhputzset-mario-bedrucken-5-teilig-braunes-pu-etui-klein\/#listItem","position":4,"name":"PU schoenpoetsset Mario","previousItem":{"@type":"ListItem","@id":"https:\/\/hidalgo.nl\/en\/product-supplier\/a58\/#listItem","name":"A58"}}]},{"@type":"Organization","@id":"https:\/\/hidalgo.nl\/de\/#organization","name":"Hidalgo","url":"https:\/\/hidalgo.nl\/de\/","logo":{"@type":"ImageObject","url":"https:\/\/shop.hidalgo.nl\/wp-content\/uploads\/2025\/11\/cropped-Hidalgo-est1993.png","@id":"https:\/\/hidalgo.nl\/de\/product\/13510\/schuhputzset-mario-bedrucken-5-teilig-braunes-pu-etui-klein\/#organizationLogo","width":585,"height":195},"image":{"@id":"https:\/\/hidalgo.nl\/de\/product\/13510\/schuhputzset-mario-bedrucken-5-teilig-braunes-pu-etui-klein\/#organizationLogo"}},{"@type":"ProductGroup","@id":"https:\/\/hidalgo.nl\/de\/product\/13510\/schuhputzset-mario-bedrucken-5-teilig-braunes-pu-etui-klein\/#wooCommerceProduct","name":"Schuhputzset Mario bedrucken 5-teilig braunes PU-Etui klein","url":"https:\/\/hidalgo.nl\/de\/product\/13510\/schuhputzset-mario-bedrucken-5-teilig-braunes-pu-etui-klein\/","brand":{"@type":"Brand","name":"IMPRESSION"},"sku":"A58-3836","image":{"@type":"ImageObject","url":"https:\/\/shop.hidalgo.nl\/wp-content\/uploads\/2025\/05\/1674e5a411ade748c8d981aa7caa48072a532a99cbe8a5b1194cf79905d37063.jpg","@id":"https:\/\/hidalgo.nl\/de\/product\/13510\/schuhputzset-mario-bedrucken-5-teilig-braunes-pu-etui-klein\/#productImage","width":1000,"height":774},"productGroupID":13510,"hasVariant":[{"@type":"Product","@id":"https:\/\/hidalgo.nl\/de\/product\/13510\/schuhputzset-mario-bedrucken-5-teilig-braunes-pu-etui-klein\/#wooCommerceProduct","name":"PU schoenpoetsset Mario - bruin,","url":"https:\/\/hidalgo.nl\/de\/product\/13510\/schuhputzset-mario-bedrucken-5-teilig-braunes-pu-etui-klein\/","sku":"A58-3836-011999999","gtin":"8719446008526","image":{"@type":"ImageObject","url":"https:\/\/shop.hidalgo.nl\/wp-content\/uploads\/2025\/05\/00f856f12d5186bb58c56593f30ed5e9e9fa87a132490d678c2707d299a42a89.jpg","@id":"https:\/\/hidalgo.nl\/de\/product\/13510\/schuhputzset-mario-bedrucken-5-teilig-braunes-pu-etui-klein\/#productImage","width":1000,"height":683},"offers":{"@type":"Offer","url":"https:\/\/hidalgo.nl\/de\/product\/13510\/schuhputzset-mario-bedrucken-5-teilig-braunes-pu-etui-klein\/#wooCommerceOffer","price":"12.32","priceCurrency":"EUR","category":"Kleding","availability":"https:\/\/schema.org\/InStock","priceSpecification":{"@type":"PriceSpecification","price":12.32,"priceCurrency":"EUR","valueAddedTaxIncluded":"true"}}}]},{"@type":"WebPage","@id":"https:\/\/hidalgo.nl\/de\/product\/13510\/schuhputzset-mario-bedrucken-5-teilig-braunes-pu-etui-klein\/#webpage","url":"https:\/\/hidalgo.nl\/de\/product\/13510\/schuhputzset-mario-bedrucken-5-teilig-braunes-pu-etui-klein\/","name":"Schuhputzset Mario bedrucken 5-teilig braunes PU-Etui klein","description":"Mit dem Mario Reiseetui bringst du deine Schuhe unterwegs schnell auf Hochglanz. Dieses 5-teilige Schuhputzset bedrucken wir individuell f\u00fcr dein Unternehmen, damit du ein n\u00fctzliches Werbemittel Schuhpflege erh\u00e4ltst, das bei Gesch\u00e4ftsreisen & im Alltag deiner Kunden \u00fcberzeugt.","inLanguage":"de-DE","isPartOf":{"@id":"https:\/\/hidalgo.nl\/de\/#website"},"breadcrumb":{"@id":"https:\/\/hidalgo.nl\/de\/product\/13510\/schuhputzset-mario-bedrucken-5-teilig-braunes-pu-etui-klein\/#breadcrumblist"},"image":{"@type":"ImageObject","url":"https:\/\/shop.hidalgo.nl\/wp-content\/uploads\/2025\/05\/1674e5a411ade748c8d981aa7caa48072a532a99cbe8a5b1194cf79905d37063.jpg","@id":"https:\/\/hidalgo.nl\/de\/product\/13510\/schuhputzset-mario-bedrucken-5-teilig-braunes-pu-etui-klein\/#mainImage","width":1000,"height":774},"primaryImageOfPage":{"@id":"https:\/\/hidalgo.nl\/de\/product\/13510\/schuhputzset-mario-bedrucken-5-teilig-braunes-pu-etui-klein\/#mainImage"},"datePublished":"2025-07-03T10:51:48+00:00","dateModified":"2026-03-15T14:10:54+00:00"},{"@type":"WebSite","@id":"https:\/\/hidalgo.nl\/de\/#website","url":"https:\/\/hidalgo.nl\/de\/","name":"Hidalgo","inLanguage":"de-DE","publisher":{"@id":"https:\/\/hidalgo.nl\/de\/#organization"}}]},"og:locale":"de_DE","og:site_name":"Hidalgo -","og:type":"article","og:title":"Schuhputzset Mario bedrucken 5-teilig braunes PU-Etui klein","og:description":"Mit dem Mario Reiseetui bringst du deine Schuhe unterwegs schnell auf Hochglanz. Dieses 5-teilige Schuhputzset bedrucken wir individuell f\u00fcr dein Unternehmen, damit du ein n\u00fctzliches Werbemittel Schuhpflege erh\u00e4ltst, das bei Gesch\u00e4ftsreisen &amp; im Alltag deiner Kunden \u00fcberzeugt.","og:url":"https:\/\/hidalgo.nl\/de\/wp-json\/wp\/v2\/product\/13510","og:image":"https:\/\/shop.hidalgo.nl\/wp-content\/uploads\/2025\/11\/cropped-Hidalgo-est1993.png","og:image:secure_url":"https:\/\/shop.hidalgo.nl\/wp-content\/uploads\/2025\/11\/cropped-Hidalgo-est1993.png","article:published_time":"2025-07-03T10:51:48+00:00","article:modified_time":"2026-03-15T14:10:54+00:00","twitter:card":"summary_large_image","twitter:title":"Schuhputzset Mario bedrucken 5-teilig braunes PU-Etui klein","twitter:description":"Mit dem Mario Reiseetui bringst du deine Schuhe unterwegs schnell auf Hochglanz. Dieses 5-teilige Schuhputzset bedrucken wir individuell f\u00fcr dein Unternehmen, damit du ein n\u00fctzliches Werbemittel Schuhpflege erh\u00e4ltst, das bei Gesch\u00e4ftsreisen &amp; im Alltag deiner Kunden \u00fcberzeugt.","twitter:image":"https:\/\/shop.hidalgo.nl\/wp-content\/uploads\/2025\/11\/cropped-Hidalgo-est1993.png"},"aioseo_meta_data":{"post_id":"13510","title":null,"description":null,"keywords":null,"keyphrases":null,"primary_term":null,"canonical_url":null,"og_title":null,"og_description":null,"og_object_type":"default","og_image_type":"default","og_image_url":null,"og_image_width":null,"og_image_height":null,"og_image_custom_url":null,"og_image_custom_fields":null,"og_video":null,"og_custom_url":null,"og_article_section":null,"og_article_tags":null,"twitter_use_og":false,"twitter_card":"default","twitter_image_type":"default","twitter_image_url":null,"twitter_image_custom_url":null,"twitter_image_custom_fields":null,"twitter_title":null,"twitter_description":null,"schema":{"blockGraphs":[],"customGraphs":[],"default":{"data":{"Article":[],"Course":[],"Dataset":[],"FAQPage":[],"Movie":[],"Person":[],"Product":[],"ProductReview":[],"Car":[],"Recipe":[],"Service":[],"SoftwareApplication":[],"WebPage":[]},"graphName":"","isEnabled":true},"graphs":[]},"schema_type":"default","schema_type_options":null,"pillar_content":false,"robots_default":true,"robots_noindex":false,"robots_noarchive":false,"robots_nosnippet":false,"robots_nofollow":false,"robots_noimageindex":false,"robots_noodp":false,"robots_notranslate":false,"robots_max_snippet":null,"robots_max_videopreview":null,"robots_max_imagepreview":"large","priority":null,"frequency":null,"local_seo":null,"seo_analyzer_scan_date":"2026-01-20 10:30:47","breadcrumb_settings":null,"limit_modified_date":false,"reviewed_by":null,"open_ai":null,"ai":null,"created":"2026-01-14 06:17:37","updated":"2026-04-22 16:32:01"},"aioseo_breadcrumb":"<div class=\"aioseo-breadcrumbs\"><span class=\"aioseo-breadcrumb\">\n\t<a href=\"https:\/\/hidalgo.nl\/de\/\" title=\"Home\">Home<\/a>\n<\/span><span class=\"aioseo-breadcrumb-separator\">\u00bb<\/span><span class=\"aioseo-breadcrumb\">\n\t<a href=\"https:\/\/hidalgo.nl\/example\/\" title=\"example\">example<\/a>\n<\/span><span class=\"aioseo-breadcrumb-separator\">\u00bb<\/span><span class=\"aioseo-breadcrumb\">\n\t<a href=\"https:\/\/hidalgo.nl\/en\/product-supplier\/a58\/\" title=\"A58\">A58<\/a>\n<\/span><span class=\"aioseo-breadcrumb-separator\">\u00bb<\/span><span class=\"aioseo-breadcrumb\">\n\tPU schoenpoetsset Mario\n<\/span><\/div>","aioseo_breadcrumb_json":[{"label":"Home","link":"https:\/\/hidalgo.nl\/de\/"},{"label":"example","link":"https:\/\/hidalgo.nl\/example\/"},{"label":"A58","link":"https:\/\/hidalgo.nl\/en\/product-supplier\/a58\/"},{"label":"PU schoenpoetsset Mario","link":"https:\/\/hidalgo.nl\/de\/product\/13510\/schuhputzset-mario-bedrucken-5-teilig-braunes-pu-etui-klein\/"}],"_links":{"self":[{"href":"https:\/\/hidalgo.nl\/de\/wp-json\/wp\/v2\/product\/13510","targetHints":{"allow":["GET"]}}],"collection":[{"href":"https:\/\/hidalgo.nl\/de\/wp-json\/wp\/v2\/product"}],"about":[{"href":"https:\/\/hidalgo.nl\/de\/wp-json\/wp\/v2\/types\/product"}],"wp:featuredmedia":[{"embeddable":true,"href":"https:\/\/hidalgo.nl\/de\/wp-json\/wp\/v2\/media\/13511"}],"wp:attachment":[{"href":"https:\/\/hidalgo.nl\/de\/wp-json\/wp\/v2\/media?parent=13510"}],"wp:term":[{"taxonomy":"product_brand","embeddable":true,"href":"https:\/\/hidalgo.nl\/de\/wp-json\/wp\/v2\/product_brand?post=13510"},{"taxonomy":"product_cat","embeddable":true,"href":"https:\/\/hidalgo.nl\/de\/wp-json\/wp\/v2\/product_cat?post=13510"},{"taxonomy":"product_tag","embeddable":true,"href":"https:\/\/hidalgo.nl\/de\/wp-json\/wp\/v2\/product_tag?post=13510"}],"curies":[{"name":"wp","href":"https:\/\/api.w.org\/{rel}","templated":true}]}}