{"id":134307,"date":"2025-07-09T09:10:37","date_gmt":"2025-07-09T09:10:37","guid":{"rendered":"http:\/\/bidonsenshakers.pim.hidalgo.nl\/product\/prof-knuffelbeer\/"},"modified":"2026-03-21T02:14:32","modified_gmt":"2026-03-21T02:14:32","slug":"prof-knuffelbeer","status":"publish","type":"product","link":"https:\/\/hidalgo.nl\/de\/product\/prof-knuffelbeer\/","title":{"rendered":"Prof knuffelbeer"},"content":{"rendered":"<p>Beer met toga, baret en diploma.<\/p>\n","protected":false},"excerpt":{"rendered":"<p>Beer met toga, baret en diploma.<\/p>\n","protected":false},"featured_media":134308,"template":"","meta":{"_acf_changed":false,"om_disable_all_campaigns":false,"_monsterinsights_skip_tracking":false,"_monsterinsights_sitenote_active":false,"_monsterinsights_sitenote_note":"","_monsterinsights_sitenote_category":0},"product_brand":[],"product_cat":[4807,4719],"product_tag":[],"class_list":{"0":"post-134307","1":"product","2":"type-product","3":"status-publish","4":"has-post-thumbnail","6":"product_supplier-a24","7":"product_material-polyester","8":"product_cat-kinder-artikelen","9":"product_cat-promotionele-artikelen","10":"entry","12":"first","13":"instock","14":"taxable","15":"shipping-taxable","16":"purchasable","17":"product-type-variable"},"acf":{"imprint_cost":[{"imprint_cost_key":"fae9210e5cd895b2679f8d86ee8dec16113d3976","product_quantity_price_range":[{"imprint_cost_recommended_selling_price":"2.31","imprint_cost_recommended_selling_quantity":"1"},{"imprint_cost_recommended_selling_price":"1.86","imprint_cost_recommended_selling_quantity":"25"},{"imprint_cost_recommended_selling_price":"1.23","imprint_cost_recommended_selling_quantity":"50"},{"imprint_cost_recommended_selling_price":"0.93","imprint_cost_recommended_selling_quantity":"100"},{"imprint_cost_recommended_selling_price":"0.72","imprint_cost_recommended_selling_quantity":"250"},{"imprint_cost_recommended_selling_price":"0.51","imprint_cost_recommended_selling_quantity":"500"},{"imprint_cost_recommended_selling_price":"0.36","imprint_cost_recommended_selling_quantity":"1000"},{"imprint_cost_recommended_selling_price":"0.315","imprint_cost_recommended_selling_quantity":"2500"},{"imprint_cost_recommended_selling_price":"0.27","imprint_cost_recommended_selling_quantity":"5000"}],"product_quantity_price_range_buying":[{"imprint_cost_general_buying_price":"1.54","imprint_cost_general_buying_quantity":"1"},{"imprint_cost_general_buying_price":"1.24","imprint_cost_general_buying_quantity":"25"},{"imprint_cost_general_buying_price":"0.82","imprint_cost_general_buying_quantity":"50"},{"imprint_cost_general_buying_price":"0.62","imprint_cost_general_buying_quantity":"100"},{"imprint_cost_general_buying_price":"0.48","imprint_cost_general_buying_quantity":"250"},{"imprint_cost_general_buying_price":"0.34","imprint_cost_general_buying_quantity":"500"},{"imprint_cost_general_buying_price":"0.24","imprint_cost_general_buying_quantity":"1000"},{"imprint_cost_general_buying_price":"0.21","imprint_cost_general_buying_quantity":"2500"},{"imprint_cost_general_buying_price":"0.18","imprint_cost_general_buying_quantity":"5000"}],"imprint_cost_setup_costs":"45","imprint_cost_handling_costs":"0.18"}]},"aioseo_notices":[],"aioseo_head":"\n\t\t<!-- All in One SEO Pro 4.9.6.2 - aioseo.com -->\n\t<meta name=\"description\" content=\"Der Professor-Teddyb\u00e4r in Braun setzt bei Abschl\u00fcssen und Trainings ein sympathisches Zeichen. Du l\u00e4sst dein Logo dezent auf der Toga drucken und erh\u00f6hst so die Sichtbarkeit deiner Marke. Ideal als Geschenk zur Diplom-Feier oder als Give-away auf Events.\" \/>\n\t<meta name=\"robots\" content=\"max-image-preview:large\" \/>\n\t<link rel=\"canonical\" href=\"https:\/\/hidalgo.nl\/de\/wp-json\/wp\/v2\/product\/134307\" \/>\n\t<meta name=\"generator\" content=\"All in One SEO Pro (AIOSEO) 4.9.6.2\" \/>\n\t\t<meta property=\"og:locale\" content=\"de_DE\" \/>\n\t\t<meta property=\"og:site_name\" content=\"Hidalgo -\" \/>\n\t\t<meta property=\"og:type\" content=\"article\" \/>\n\t\t<meta property=\"og:title\" content=\"Prof knuffelbeer\" \/>\n\t\t<meta property=\"og:description\" content=\"Der Professor-Teddyb\u00e4r in Braun setzt bei Abschl\u00fcssen und Trainings ein sympathisches Zeichen. Du l\u00e4sst dein Logo dezent auf der Toga drucken und erh\u00f6hst so die Sichtbarkeit deiner Marke. Ideal als Geschenk zur Diplom-Feier oder als Give-away auf Events.\" \/>\n\t\t<meta property=\"og:url\" content=\"https:\/\/hidalgo.nl\/de\/wp-json\/wp\/v2\/product\/134307\" \/>\n\t\t<meta property=\"og:image\" content=\"https:\/\/shop.hidalgo.nl\/wp-content\/uploads\/2025\/11\/cropped-Hidalgo-est1993.png\" \/>\n\t\t<meta property=\"og:image:secure_url\" content=\"https:\/\/shop.hidalgo.nl\/wp-content\/uploads\/2025\/11\/cropped-Hidalgo-est1993.png\" \/>\n\t\t<meta property=\"article:published_time\" content=\"2025-07-09T09:10:37+00:00\" \/>\n\t\t<meta property=\"article:modified_time\" content=\"2026-03-21T02:14:32+00:00\" \/>\n\t\t<meta name=\"twitter:card\" content=\"summary_large_image\" \/>\n\t\t<meta name=\"twitter:title\" content=\"Prof knuffelbeer\" \/>\n\t\t<meta name=\"twitter:description\" content=\"Der Professor-Teddyb\u00e4r in Braun setzt bei Abschl\u00fcssen und Trainings ein sympathisches Zeichen. Du l\u00e4sst dein Logo dezent auf der Toga drucken und erh\u00f6hst so die Sichtbarkeit deiner Marke. Ideal als Geschenk zur Diplom-Feier oder als Give-away auf Events.\" \/>\n\t\t<meta name=\"twitter:image\" content=\"https:\/\/shop.hidalgo.nl\/wp-content\/uploads\/2025\/11\/cropped-Hidalgo-est1993.png\" \/>\n\t\t<script type=\"application\/ld+json\" class=\"aioseo-schema\">\n\t\t\t{\"@context\":\"https:\\\/\\\/schema.org\",\"@graph\":[{\"@type\":\"BreadcrumbList\",\"@id\":\"https:\\\/\\\/hidalgo.nl\\\/de\\\/product\\\/prof-knuffelbeer\\\/#breadcrumblist\",\"itemListElement\":[{\"@type\":\"ListItem\",\"@id\":\"https:\\\/\\\/hidalgo.nl\\\/de\\\/#listItem\",\"position\":1,\"name\":\"Home\",\"item\":\"https:\\\/\\\/hidalgo.nl\\\/de\\\/\",\"nextItem\":{\"@type\":\"ListItem\",\"@id\":\"https:\\\/\\\/hidalgo.nl\\\/example\\\/#listItem\",\"name\":\"example\"}},{\"@type\":\"ListItem\",\"@id\":\"https:\\\/\\\/hidalgo.nl\\\/example\\\/#listItem\",\"position\":2,\"name\":\"example\",\"item\":\"https:\\\/\\\/hidalgo.nl\\\/example\\\/\",\"nextItem\":{\"@type\":\"ListItem\",\"@id\":\"https:\\\/\\\/hidalgo.nl\\\/en\\\/product-supplier\\\/a24\\\/#listItem\",\"name\":\"A24\"},\"previousItem\":{\"@type\":\"ListItem\",\"@id\":\"https:\\\/\\\/hidalgo.nl\\\/de\\\/#listItem\",\"name\":\"Home\"}},{\"@type\":\"ListItem\",\"@id\":\"https:\\\/\\\/hidalgo.nl\\\/en\\\/product-supplier\\\/a24\\\/#listItem\",\"position\":3,\"name\":\"A24\",\"item\":\"https:\\\/\\\/hidalgo.nl\\\/en\\\/product-supplier\\\/a24\\\/\",\"nextItem\":{\"@type\":\"ListItem\",\"@id\":\"https:\\\/\\\/hidalgo.nl\\\/de\\\/product\\\/prof-knuffelbeer\\\/#listItem\",\"name\":\"Prof knuffelbeer\"},\"previousItem\":{\"@type\":\"ListItem\",\"@id\":\"https:\\\/\\\/hidalgo.nl\\\/example\\\/#listItem\",\"name\":\"example\"}},{\"@type\":\"ListItem\",\"@id\":\"https:\\\/\\\/hidalgo.nl\\\/de\\\/product\\\/prof-knuffelbeer\\\/#listItem\",\"position\":4,\"name\":\"Prof knuffelbeer\",\"previousItem\":{\"@type\":\"ListItem\",\"@id\":\"https:\\\/\\\/hidalgo.nl\\\/en\\\/product-supplier\\\/a24\\\/#listItem\",\"name\":\"A24\"}}]},{\"@type\":\"Organization\",\"@id\":\"https:\\\/\\\/hidalgo.nl\\\/de\\\/#organization\",\"name\":\"Hidalgo\",\"url\":\"https:\\\/\\\/hidalgo.nl\\\/de\\\/\",\"logo\":{\"@type\":\"ImageObject\",\"url\":\"https:\\\/\\\/shop.hidalgo.nl\\\/wp-content\\\/uploads\\\/2025\\\/11\\\/cropped-Hidalgo-est1993.png\",\"@id\":\"https:\\\/\\\/hidalgo.nl\\\/de\\\/product\\\/prof-knuffelbeer\\\/#organizationLogo\",\"width\":585,\"height\":195},\"image\":{\"@id\":\"https:\\\/\\\/hidalgo.nl\\\/de\\\/product\\\/prof-knuffelbeer\\\/#organizationLogo\"}},{\"@type\":\"ProductGroup\",\"@id\":\"https:\\\/\\\/hidalgo.nl\\\/de\\\/product\\\/prof-knuffelbeer\\\/#wooCommerceProduct\",\"name\":\"Prof knuffelbeer\",\"url\":\"https:\\\/\\\/hidalgo.nl\\\/de\\\/product\\\/prof-knuffelbeer\\\/\",\"sku\":\"A24-4961\",\"image\":{\"@type\":\"ImageObject\",\"url\":\"https:\\\/\\\/shop.hidalgo.nl\\\/wp-content\\\/uploads\\\/2025\\\/05\\\/4c9d18ba5667877eceea3f2e11ebe86ebad7056ac8cf01db63835b8bacba1639.jpg\",\"@id\":\"https:\\\/\\\/hidalgo.nl\\\/de\\\/product\\\/prof-knuffelbeer\\\/#productImage\",\"width\":1000,\"height\":1000},\"productGroupID\":134307,\"hasVariant\":[{\"@type\":\"Product\",\"@id\":\"https:\\\/\\\/hidalgo.nl\\\/de\\\/product\\\/prof-knuffelbeer\\\/#wooCommerceProduct\",\"name\":\"Prof knuffelbeer - bruin\",\"url\":\"https:\\\/\\\/hidalgo.nl\\\/de\\\/product\\\/prof-knuffelbeer\\\/\",\"sku\":\"A24-496140\",\"image\":{\"@type\":\"ImageObject\",\"url\":\"https:\\\/\\\/shop.hidalgo.nl\\\/wp-content\\\/uploads\\\/2025\\\/05\\\/4c9d18ba5667877eceea3f2e11ebe86ebad7056ac8cf01db63835b8bacba1639.jpg\",\"@id\":\"https:\\\/\\\/hidalgo.nl\\\/de\\\/product\\\/prof-knuffelbeer\\\/#productImage\",\"width\":1000,\"height\":1000},\"offers\":{\"@type\":\"Offer\",\"url\":\"https:\\\/\\\/hidalgo.nl\\\/de\\\/product\\\/prof-knuffelbeer\\\/#wooCommerceOffer\",\"price\":\"7.45\",\"priceCurrency\":\"EUR\",\"category\":\"Promotionele Artikelen\",\"availability\":\"https:\\\/\\\/schema.org\\\/InStock\",\"priceSpecification\":{\"@type\":\"PriceSpecification\",\"price\":7.45,\"priceCurrency\":\"EUR\",\"valueAddedTaxIncluded\":\"true\"}}}]},{\"@type\":\"WebPage\",\"@id\":\"https:\\\/\\\/hidalgo.nl\\\/de\\\/product\\\/prof-knuffelbeer\\\/#webpage\",\"url\":\"https:\\\/\\\/hidalgo.nl\\\/de\\\/product\\\/prof-knuffelbeer\\\/\",\"name\":\"Prof knuffelbeer\",\"description\":\"Der Professor-Teddyb\\u00e4r in Braun setzt bei Abschl\\u00fcssen und Trainings ein sympathisches Zeichen. Du l\\u00e4sst dein Logo dezent auf der Toga drucken und erh\\u00f6hst so die Sichtbarkeit deiner Marke. Ideal als Geschenk zur Diplom-Feier oder als Give-away auf Events.\",\"inLanguage\":\"de-DE\",\"isPartOf\":{\"@id\":\"https:\\\/\\\/hidalgo.nl\\\/de\\\/#website\"},\"breadcrumb\":{\"@id\":\"https:\\\/\\\/hidalgo.nl\\\/de\\\/product\\\/prof-knuffelbeer\\\/#breadcrumblist\"},\"image\":{\"@type\":\"ImageObject\",\"url\":\"https:\\\/\\\/shop.hidalgo.nl\\\/wp-content\\\/uploads\\\/2025\\\/05\\\/4c9d18ba5667877eceea3f2e11ebe86ebad7056ac8cf01db63835b8bacba1639.jpg\",\"@id\":\"https:\\\/\\\/hidalgo.nl\\\/de\\\/product\\\/prof-knuffelbeer\\\/#mainImage\",\"width\":1000,\"height\":1000},\"primaryImageOfPage\":{\"@id\":\"https:\\\/\\\/hidalgo.nl\\\/de\\\/product\\\/prof-knuffelbeer\\\/#mainImage\"},\"datePublished\":\"2025-07-09T09:10:37+00:00\",\"dateModified\":\"2026-03-21T02:14:32+00:00\"},{\"@type\":\"WebSite\",\"@id\":\"https:\\\/\\\/hidalgo.nl\\\/de\\\/#website\",\"url\":\"https:\\\/\\\/hidalgo.nl\\\/de\\\/\",\"name\":\"Hidalgo\",\"inLanguage\":\"de-DE\",\"publisher\":{\"@id\":\"https:\\\/\\\/hidalgo.nl\\\/de\\\/#organization\"}}]}\n\t\t<\/script>\n\t\t<!-- All in One SEO Pro -->\r\n\t\t<title>Prof knuffelbeer<\/title>\n\n","aioseo_head_json":{"title":"Prof knuffelbeer","description":"Der Professor-Teddyb\u00e4r in Braun setzt bei Abschl\u00fcssen und Trainings ein sympathisches Zeichen. Du l\u00e4sst dein Logo dezent auf der Toga drucken und erh\u00f6hst so die Sichtbarkeit deiner Marke. Ideal als Geschenk zur Diplom-Feier oder als Give-away auf Events.","canonical_url":"https:\/\/hidalgo.nl\/de\/wp-json\/wp\/v2\/product\/134307","robots":"max-image-preview:large","keywords":"","webmasterTools":{"miscellaneous":""},"schema":{"@context":"https:\/\/schema.org","@graph":[{"@type":"BreadcrumbList","@id":"https:\/\/hidalgo.nl\/de\/product\/prof-knuffelbeer\/#breadcrumblist","itemListElement":[{"@type":"ListItem","@id":"https:\/\/hidalgo.nl\/de\/#listItem","position":1,"name":"Home","item":"https:\/\/hidalgo.nl\/de\/","nextItem":{"@type":"ListItem","@id":"https:\/\/hidalgo.nl\/example\/#listItem","name":"example"}},{"@type":"ListItem","@id":"https:\/\/hidalgo.nl\/example\/#listItem","position":2,"name":"example","item":"https:\/\/hidalgo.nl\/example\/","nextItem":{"@type":"ListItem","@id":"https:\/\/hidalgo.nl\/en\/product-supplier\/a24\/#listItem","name":"A24"},"previousItem":{"@type":"ListItem","@id":"https:\/\/hidalgo.nl\/de\/#listItem","name":"Home"}},{"@type":"ListItem","@id":"https:\/\/hidalgo.nl\/en\/product-supplier\/a24\/#listItem","position":3,"name":"A24","item":"https:\/\/hidalgo.nl\/en\/product-supplier\/a24\/","nextItem":{"@type":"ListItem","@id":"https:\/\/hidalgo.nl\/de\/product\/prof-knuffelbeer\/#listItem","name":"Prof knuffelbeer"},"previousItem":{"@type":"ListItem","@id":"https:\/\/hidalgo.nl\/example\/#listItem","name":"example"}},{"@type":"ListItem","@id":"https:\/\/hidalgo.nl\/de\/product\/prof-knuffelbeer\/#listItem","position":4,"name":"Prof knuffelbeer","previousItem":{"@type":"ListItem","@id":"https:\/\/hidalgo.nl\/en\/product-supplier\/a24\/#listItem","name":"A24"}}]},{"@type":"Organization","@id":"https:\/\/hidalgo.nl\/de\/#organization","name":"Hidalgo","url":"https:\/\/hidalgo.nl\/de\/","logo":{"@type":"ImageObject","url":"https:\/\/shop.hidalgo.nl\/wp-content\/uploads\/2025\/11\/cropped-Hidalgo-est1993.png","@id":"https:\/\/hidalgo.nl\/de\/product\/prof-knuffelbeer\/#organizationLogo","width":585,"height":195},"image":{"@id":"https:\/\/hidalgo.nl\/de\/product\/prof-knuffelbeer\/#organizationLogo"}},{"@type":"ProductGroup","@id":"https:\/\/hidalgo.nl\/de\/product\/prof-knuffelbeer\/#wooCommerceProduct","name":"Prof knuffelbeer","url":"https:\/\/hidalgo.nl\/de\/product\/prof-knuffelbeer\/","sku":"A24-4961","image":{"@type":"ImageObject","url":"https:\/\/shop.hidalgo.nl\/wp-content\/uploads\/2025\/05\/4c9d18ba5667877eceea3f2e11ebe86ebad7056ac8cf01db63835b8bacba1639.jpg","@id":"https:\/\/hidalgo.nl\/de\/product\/prof-knuffelbeer\/#productImage","width":1000,"height":1000},"productGroupID":134307,"hasVariant":[{"@type":"Product","@id":"https:\/\/hidalgo.nl\/de\/product\/prof-knuffelbeer\/#wooCommerceProduct","name":"Prof knuffelbeer - bruin","url":"https:\/\/hidalgo.nl\/de\/product\/prof-knuffelbeer\/","sku":"A24-496140","image":{"@type":"ImageObject","url":"https:\/\/shop.hidalgo.nl\/wp-content\/uploads\/2025\/05\/4c9d18ba5667877eceea3f2e11ebe86ebad7056ac8cf01db63835b8bacba1639.jpg","@id":"https:\/\/hidalgo.nl\/de\/product\/prof-knuffelbeer\/#productImage","width":1000,"height":1000},"offers":{"@type":"Offer","url":"https:\/\/hidalgo.nl\/de\/product\/prof-knuffelbeer\/#wooCommerceOffer","price":"7.45","priceCurrency":"EUR","category":"Promotionele Artikelen","availability":"https:\/\/schema.org\/InStock","priceSpecification":{"@type":"PriceSpecification","price":7.45,"priceCurrency":"EUR","valueAddedTaxIncluded":"true"}}}]},{"@type":"WebPage","@id":"https:\/\/hidalgo.nl\/de\/product\/prof-knuffelbeer\/#webpage","url":"https:\/\/hidalgo.nl\/de\/product\/prof-knuffelbeer\/","name":"Prof knuffelbeer","description":"Der Professor-Teddyb\u00e4r in Braun setzt bei Abschl\u00fcssen und Trainings ein sympathisches Zeichen. Du l\u00e4sst dein Logo dezent auf der Toga drucken und erh\u00f6hst so die Sichtbarkeit deiner Marke. Ideal als Geschenk zur Diplom-Feier oder als Give-away auf Events.","inLanguage":"de-DE","isPartOf":{"@id":"https:\/\/hidalgo.nl\/de\/#website"},"breadcrumb":{"@id":"https:\/\/hidalgo.nl\/de\/product\/prof-knuffelbeer\/#breadcrumblist"},"image":{"@type":"ImageObject","url":"https:\/\/shop.hidalgo.nl\/wp-content\/uploads\/2025\/05\/4c9d18ba5667877eceea3f2e11ebe86ebad7056ac8cf01db63835b8bacba1639.jpg","@id":"https:\/\/hidalgo.nl\/de\/product\/prof-knuffelbeer\/#mainImage","width":1000,"height":1000},"primaryImageOfPage":{"@id":"https:\/\/hidalgo.nl\/de\/product\/prof-knuffelbeer\/#mainImage"},"datePublished":"2025-07-09T09:10:37+00:00","dateModified":"2026-03-21T02:14:32+00:00"},{"@type":"WebSite","@id":"https:\/\/hidalgo.nl\/de\/#website","url":"https:\/\/hidalgo.nl\/de\/","name":"Hidalgo","inLanguage":"de-DE","publisher":{"@id":"https:\/\/hidalgo.nl\/de\/#organization"}}]},"og:locale":"de_DE","og:site_name":"Hidalgo -","og:type":"article","og:title":"Prof knuffelbeer","og:description":"Der Professor-Teddyb\u00e4r in Braun setzt bei Abschl\u00fcssen und Trainings ein sympathisches Zeichen. Du l\u00e4sst dein Logo dezent auf der Toga drucken und erh\u00f6hst so die Sichtbarkeit deiner Marke. Ideal als Geschenk zur Diplom-Feier oder als Give-away auf Events.","og:url":"https:\/\/hidalgo.nl\/de\/wp-json\/wp\/v2\/product\/134307","og:image":"https:\/\/shop.hidalgo.nl\/wp-content\/uploads\/2025\/11\/cropped-Hidalgo-est1993.png","og:image:secure_url":"https:\/\/shop.hidalgo.nl\/wp-content\/uploads\/2025\/11\/cropped-Hidalgo-est1993.png","article:published_time":"2025-07-09T09:10:37+00:00","article:modified_time":"2026-03-21T02:14:32+00:00","twitter:card":"summary_large_image","twitter:title":"Prof knuffelbeer","twitter:description":"Der Professor-Teddyb\u00e4r in Braun setzt bei Abschl\u00fcssen und Trainings ein sympathisches Zeichen. Du l\u00e4sst dein Logo dezent auf der Toga drucken und erh\u00f6hst so die Sichtbarkeit deiner Marke. Ideal als Geschenk zur Diplom-Feier oder als Give-away auf Events.","twitter:image":"https:\/\/shop.hidalgo.nl\/wp-content\/uploads\/2025\/11\/cropped-Hidalgo-est1993.png"},"aioseo_meta_data":{"post_id":"134307","title":null,"description":null,"keywords":null,"keyphrases":null,"primary_term":null,"canonical_url":null,"og_title":null,"og_description":null,"og_object_type":"default","og_image_type":"default","og_image_url":null,"og_image_width":null,"og_image_height":null,"og_image_custom_url":null,"og_image_custom_fields":null,"og_video":null,"og_custom_url":null,"og_article_section":null,"og_article_tags":null,"twitter_use_og":false,"twitter_card":"default","twitter_image_type":"default","twitter_image_url":null,"twitter_image_custom_url":null,"twitter_image_custom_fields":null,"twitter_title":null,"twitter_description":null,"schema":{"blockGraphs":[],"customGraphs":[],"default":{"data":{"Article":[],"Course":[],"Dataset":[],"FAQPage":[],"Movie":[],"Person":[],"Product":[],"ProductReview":[],"Car":[],"Recipe":[],"Service":[],"SoftwareApplication":[],"WebPage":[]},"graphName":"","isEnabled":true},"graphs":[]},"schema_type":"default","schema_type_options":null,"pillar_content":false,"robots_default":true,"robots_noindex":false,"robots_noarchive":false,"robots_nosnippet":false,"robots_nofollow":false,"robots_noimageindex":false,"robots_noodp":false,"robots_notranslate":false,"robots_max_snippet":null,"robots_max_videopreview":null,"robots_max_imagepreview":"large","priority":null,"frequency":null,"local_seo":null,"seo_analyzer_scan_date":"2026-01-22 10:57:56","breadcrumb_settings":null,"limit_modified_date":false,"reviewed_by":null,"open_ai":null,"ai":null,"created":"2026-01-14 06:25:38","updated":"2026-04-22 23:48:49"},"aioseo_breadcrumb":"<div class=\"aioseo-breadcrumbs\"><span class=\"aioseo-breadcrumb\">\n\t<a href=\"https:\/\/hidalgo.nl\/de\/\" title=\"Home\">Home<\/a>\n<\/span><span class=\"aioseo-breadcrumb-separator\">\u00bb<\/span><span class=\"aioseo-breadcrumb\">\n\t<a href=\"https:\/\/hidalgo.nl\/example\/\" title=\"example\">example<\/a>\n<\/span><span class=\"aioseo-breadcrumb-separator\">\u00bb<\/span><span class=\"aioseo-breadcrumb\">\n\t<a href=\"https:\/\/hidalgo.nl\/en\/product-supplier\/a24\/\" title=\"A24\">A24<\/a>\n<\/span><span class=\"aioseo-breadcrumb-separator\">\u00bb<\/span><span class=\"aioseo-breadcrumb\">\n\tProf knuffelbeer\n<\/span><\/div>","aioseo_breadcrumb_json":[{"label":"Home","link":"https:\/\/hidalgo.nl\/de\/"},{"label":"example","link":"https:\/\/hidalgo.nl\/example\/"},{"label":"A24","link":"https:\/\/hidalgo.nl\/en\/product-supplier\/a24\/"},{"label":"Prof knuffelbeer","link":"https:\/\/hidalgo.nl\/de\/product\/prof-knuffelbeer\/"}],"_links":{"self":[{"href":"https:\/\/hidalgo.nl\/de\/wp-json\/wp\/v2\/product\/134307","targetHints":{"allow":["GET"]}}],"collection":[{"href":"https:\/\/hidalgo.nl\/de\/wp-json\/wp\/v2\/product"}],"about":[{"href":"https:\/\/hidalgo.nl\/de\/wp-json\/wp\/v2\/types\/product"}],"wp:featuredmedia":[{"embeddable":true,"href":"https:\/\/hidalgo.nl\/de\/wp-json\/wp\/v2\/media\/134308"}],"wp:attachment":[{"href":"https:\/\/hidalgo.nl\/de\/wp-json\/wp\/v2\/media?parent=134307"}],"wp:term":[{"taxonomy":"product_brand","embeddable":true,"href":"https:\/\/hidalgo.nl\/de\/wp-json\/wp\/v2\/product_brand?post=134307"},{"taxonomy":"product_cat","embeddable":true,"href":"https:\/\/hidalgo.nl\/de\/wp-json\/wp\/v2\/product_cat?post=134307"},{"taxonomy":"product_tag","embeddable":true,"href":"https:\/\/hidalgo.nl\/de\/wp-json\/wp\/v2\/product_tag?post=134307"}],"curies":[{"name":"wp","href":"https:\/\/api.w.org\/{rel}","templated":true}]}}