{"id":134263,"date":"2025-07-09T09:09:24","date_gmt":"2025-07-09T09:09:24","guid":{"rendered":"http:\/\/bidonsenshakers.pim.hidalgo.nl\/product\/hemp-foodpouch-broodzak\/"},"modified":"2026-03-23T09:24:57","modified_gmt":"2026-03-23T09:24:57","slug":"hemp-foodpouch-broodzak","status":"publish","type":"product","link":"https:\/\/hidalgo.nl\/de\/product\/hemp-foodpouch-broodzak\/","title":{"rendered":"Hemp FoodPouch broodzak"},"content":{"rendered":"<p>Herbruikbare boterhampouch met klittenbandsluiting. De pouch is gemaakt van biologisch geteelde hennepvezels (140 g\/m\u00b2) en heeft een binnenzijde van waterbestendig PEVA. Een geweldig alternatief voor het plastic boterhamzakje. Deze bijzondere pouch is een absolute opvaller. Naast het meenemen van je lunch ook te gebruiken voor bijvoorbeeld het vershouden van groenten in de koelkast of voor het bewaren van kruiden. Gemakkelijk te wassen en keer op keer te gebruiken.      De hennepplant heeft de sterkste natuurlijke vezel die er is en bijna alle onderdelen van de plant zijn te benutten. Zo wordt de hennepplant al eeuwenlang bewust gekweekt voor het maken van onder meer textiel. Hennep is een enorm snel en makkelijk groeiende plant en is van nature bestand tegen insecten. Hij kan daarom geheel biologisch worden geteeld. De hennepplant gebruikt 25 tot 35% minder water dan de katoenplant en heeft een slim wortelsysteem: door de diepe, fijne wortels houdt de hennepplant de bodem gezond en zuivert het giftige stoffen uit de bodem.&#8220;<\/p>\n","protected":false},"excerpt":{"rendered":"<p>Herbruikbare boterhampouch met klittenbandsluiting. De pouch is gemaakt van biologisch geteelde hennepvezels (140 g\/m\u00b2) en heeft een binnenzijde van waterbestendig PEVA. Een geweldig alternatief voor het plastic boterhamzakje. Deze bijzondere pouch is een absolute opvaller. Naast het meenemen van je lunch ook te gebruiken voor bijvoorbeeld het vershouden van groenten in de koelkast of voor&hellip; <a class=\"more-link\" href=\"https:\/\/hidalgo.nl\/de\/product\/hemp-foodpouch-broodzak\/\"><span class=\"screen-reader-text\">Hemp FoodPouch broodzak<\/span> weiterlesen<\/a><\/p>\n","protected":false},"featured_media":134264,"template":"","meta":{"_acf_changed":false,"om_disable_all_campaigns":false,"_monsterinsights_skip_tracking":false,"_monsterinsights_sitenote_active":false,"_monsterinsights_sitenote_note":"","_monsterinsights_sitenote_category":0},"product_brand":[],"product_cat":[4827,4713],"product_tag":[],"class_list":{"0":"post-134263","1":"product","2":"type-product","3":"status-publish","4":"has-post-thumbnail","6":"product_supplier-a24","7":"product_material-henneppeva","8":"product_cat-koeltassen","9":"product_cat-tassen","10":"entry","12":"first","13":"instock","14":"taxable","15":"shipping-taxable","16":"purchasable","17":"product-type-variable"},"acf":{"imprint_cost":[{"imprint_cost_key":"ee7bc416ae2d53f069adf6f01811647cf5b08b4b","product_quantity_price_range":[{"imprint_cost_recommended_selling_price":"2.31","imprint_cost_recommended_selling_quantity":"1"},{"imprint_cost_recommended_selling_price":"1.86","imprint_cost_recommended_selling_quantity":"25"},{"imprint_cost_recommended_selling_price":"1.23","imprint_cost_recommended_selling_quantity":"50"},{"imprint_cost_recommended_selling_price":"0.93","imprint_cost_recommended_selling_quantity":"100"},{"imprint_cost_recommended_selling_price":"0.72","imprint_cost_recommended_selling_quantity":"250"},{"imprint_cost_recommended_selling_price":"0.51","imprint_cost_recommended_selling_quantity":"500"},{"imprint_cost_recommended_selling_price":"0.36","imprint_cost_recommended_selling_quantity":"1000"},{"imprint_cost_recommended_selling_price":"0.315","imprint_cost_recommended_selling_quantity":"2500"},{"imprint_cost_recommended_selling_price":"0.27","imprint_cost_recommended_selling_quantity":"5000"}],"product_quantity_price_range_buying":[{"imprint_cost_general_buying_price":"1.54","imprint_cost_general_buying_quantity":"1"},{"imprint_cost_general_buying_price":"1.24","imprint_cost_general_buying_quantity":"25"},{"imprint_cost_general_buying_price":"0.82","imprint_cost_general_buying_quantity":"50"},{"imprint_cost_general_buying_price":"0.62","imprint_cost_general_buying_quantity":"100"},{"imprint_cost_general_buying_price":"0.48","imprint_cost_general_buying_quantity":"250"},{"imprint_cost_general_buying_price":"0.34","imprint_cost_general_buying_quantity":"500"},{"imprint_cost_general_buying_price":"0.24","imprint_cost_general_buying_quantity":"1000"},{"imprint_cost_general_buying_price":"0.21","imprint_cost_general_buying_quantity":"2500"},{"imprint_cost_general_buying_price":"0.18","imprint_cost_general_buying_quantity":"5000"}],"imprint_cost_setup_costs":"45","imprint_cost_handling_costs":"0.09"},{"imprint_cost_key":"7ce8f576a7b9019191571ef8e75c173adbf4ec67","product_quantity_price_range":[{"imprint_cost_recommended_selling_price":"1.875","imprint_cost_recommended_selling_quantity":"1"},{"imprint_cost_recommended_selling_price":"1.725","imprint_cost_recommended_selling_quantity":"25"},{"imprint_cost_recommended_selling_price":"1.575","imprint_cost_recommended_selling_quantity":"50"},{"imprint_cost_recommended_selling_price":"1.5","imprint_cost_recommended_selling_quantity":"100"},{"imprint_cost_recommended_selling_price":"1.425","imprint_cost_recommended_selling_quantity":"250"},{"imprint_cost_recommended_selling_price":"1.35","imprint_cost_recommended_selling_quantity":"500"},{"imprint_cost_recommended_selling_price":"1.275","imprint_cost_recommended_selling_quantity":"1000"},{"imprint_cost_recommended_selling_price":"1.23","imprint_cost_recommended_selling_quantity":"2500"},{"imprint_cost_recommended_selling_price":"1.2","imprint_cost_recommended_selling_quantity":"5000"}],"product_quantity_price_range_buying":[{"imprint_cost_general_buying_price":"1.25","imprint_cost_general_buying_quantity":"1"},{"imprint_cost_general_buying_price":"1.15","imprint_cost_general_buying_quantity":"25"},{"imprint_cost_general_buying_price":"1.05","imprint_cost_general_buying_quantity":"50"},{"imprint_cost_general_buying_price":"1","imprint_cost_general_buying_quantity":"100"},{"imprint_cost_general_buying_price":"0.95","imprint_cost_general_buying_quantity":"250"},{"imprint_cost_general_buying_price":"0.9","imprint_cost_general_buying_quantity":"500"},{"imprint_cost_general_buying_price":"0.85","imprint_cost_general_buying_quantity":"1000"},{"imprint_cost_general_buying_price":"0.82","imprint_cost_general_buying_quantity":"2500"},{"imprint_cost_general_buying_price":"0.8","imprint_cost_general_buying_quantity":"5000"}],"imprint_cost_setup_costs":"52.5","imprint_cost_handling_costs":"0"},{"imprint_cost_key":"59f2a2e0da18a53cac8ebdc339f22d90e86950c6","product_quantity_price_range":[{"imprint_cost_recommended_selling_price":"2.31","imprint_cost_recommended_selling_quantity":"1"},{"imprint_cost_recommended_selling_price":"1.86","imprint_cost_recommended_selling_quantity":"25"},{"imprint_cost_recommended_selling_price":"1.23","imprint_cost_recommended_selling_quantity":"50"},{"imprint_cost_recommended_selling_price":"0.93","imprint_cost_recommended_selling_quantity":"100"},{"imprint_cost_recommended_selling_price":"0.72","imprint_cost_recommended_selling_quantity":"250"},{"imprint_cost_recommended_selling_price":"0.51","imprint_cost_recommended_selling_quantity":"500"},{"imprint_cost_recommended_selling_price":"0.36","imprint_cost_recommended_selling_quantity":"1000"},{"imprint_cost_recommended_selling_price":"0.315","imprint_cost_recommended_selling_quantity":"2500"},{"imprint_cost_recommended_selling_price":"0.27","imprint_cost_recommended_selling_quantity":"5000"}],"product_quantity_price_range_buying":[{"imprint_cost_general_buying_price":"1.54","imprint_cost_general_buying_quantity":"1"},{"imprint_cost_general_buying_price":"1.24","imprint_cost_general_buying_quantity":"25"},{"imprint_cost_general_buying_price":"0.82","imprint_cost_general_buying_quantity":"50"},{"imprint_cost_general_buying_price":"0.62","imprint_cost_general_buying_quantity":"100"},{"imprint_cost_general_buying_price":"0.48","imprint_cost_general_buying_quantity":"250"},{"imprint_cost_general_buying_price":"0.34","imprint_cost_general_buying_quantity":"500"},{"imprint_cost_general_buying_price":"0.24","imprint_cost_general_buying_quantity":"1000"},{"imprint_cost_general_buying_price":"0.21","imprint_cost_general_buying_quantity":"2500"},{"imprint_cost_general_buying_price":"0.18","imprint_cost_general_buying_quantity":"5000"}],"imprint_cost_setup_costs":"45","imprint_cost_handling_costs":"0.09"}]},"aioseo_notices":[],"aioseo_head":"\n\t\t<!-- All in One SEO Pro 4.9.6.1 - aioseo.com -->\n\t<meta name=\"description\" content=\"Nimm deine Snacks f\u00fcrs Lunch praktisch mit: der wiederverwendbare Beutel aus Hanf mit wasserfester, lebensmittelechter Innenlage h\u00e4lt den Inhalt l\u00e4nger frisch. Leicht zu reinigen und ideal f\u00fcr 20-40-J\u00e4hrige, die unterwegs bewusst packen. Hidalgo druckt dein Logo f\u00fcr klare Markenpr\u00e4senz.\" \/>\n\t<meta name=\"robots\" content=\"max-image-preview:large\" \/>\n\t<link rel=\"canonical\" href=\"https:\/\/hidalgo.nl\/de\/wp-json\/wp\/v2\/product\/134263\" \/>\n\t<meta name=\"generator\" content=\"All in One SEO Pro (AIOSEO) 4.9.6.1\" \/>\n\t\t<meta property=\"og:locale\" content=\"de_DE\" \/>\n\t\t<meta property=\"og:site_name\" content=\"Hidalgo -\" \/>\n\t\t<meta property=\"og:type\" content=\"article\" \/>\n\t\t<meta property=\"og:title\" content=\"Hemp FoodPouch broodzak\" \/>\n\t\t<meta property=\"og:description\" content=\"Nimm deine Snacks f\u00fcrs Lunch praktisch mit: der wiederverwendbare Beutel aus Hanf mit wasserfester, lebensmittelechter Innenlage h\u00e4lt den Inhalt l\u00e4nger frisch. Leicht zu reinigen und ideal f\u00fcr 20-40-J\u00e4hrige, die unterwegs bewusst packen. Hidalgo druckt dein Logo f\u00fcr klare Markenpr\u00e4senz.\" \/>\n\t\t<meta property=\"og:url\" content=\"https:\/\/hidalgo.nl\/de\/wp-json\/wp\/v2\/product\/134263\" \/>\n\t\t<meta property=\"og:image\" content=\"https:\/\/shop.hidalgo.nl\/wp-content\/uploads\/2025\/11\/cropped-Hidalgo-est1993.png\" \/>\n\t\t<meta property=\"og:image:secure_url\" content=\"https:\/\/shop.hidalgo.nl\/wp-content\/uploads\/2025\/11\/cropped-Hidalgo-est1993.png\" \/>\n\t\t<meta property=\"article:published_time\" content=\"2025-07-09T09:09:24+00:00\" \/>\n\t\t<meta property=\"article:modified_time\" content=\"2026-03-23T09:24:57+00:00\" \/>\n\t\t<meta name=\"twitter:card\" content=\"summary_large_image\" \/>\n\t\t<meta name=\"twitter:title\" content=\"Hemp FoodPouch broodzak\" \/>\n\t\t<meta name=\"twitter:description\" content=\"Nimm deine Snacks f\u00fcrs Lunch praktisch mit: der wiederverwendbare Beutel aus Hanf mit wasserfester, lebensmittelechter Innenlage h\u00e4lt den Inhalt l\u00e4nger frisch. Leicht zu reinigen und ideal f\u00fcr 20-40-J\u00e4hrige, die unterwegs bewusst packen. Hidalgo druckt dein Logo f\u00fcr klare Markenpr\u00e4senz.\" \/>\n\t\t<meta name=\"twitter:image\" content=\"https:\/\/shop.hidalgo.nl\/wp-content\/uploads\/2025\/11\/cropped-Hidalgo-est1993.png\" \/>\n\t\t<script type=\"application\/ld+json\" class=\"aioseo-schema\">\n\t\t\t{\"@context\":\"https:\\\/\\\/schema.org\",\"@graph\":[{\"@type\":\"BreadcrumbList\",\"@id\":\"https:\\\/\\\/hidalgo.nl\\\/de\\\/product\\\/hemp-foodpouch-broodzak\\\/#breadcrumblist\",\"itemListElement\":[{\"@type\":\"ListItem\",\"@id\":\"https:\\\/\\\/hidalgo.nl\\\/de\\\/#listItem\",\"position\":1,\"name\":\"Home\",\"item\":\"https:\\\/\\\/hidalgo.nl\\\/de\\\/\",\"nextItem\":{\"@type\":\"ListItem\",\"@id\":\"https:\\\/\\\/hidalgo.nl\\\/example\\\/#listItem\",\"name\":\"example\"}},{\"@type\":\"ListItem\",\"@id\":\"https:\\\/\\\/hidalgo.nl\\\/example\\\/#listItem\",\"position\":2,\"name\":\"example\",\"item\":\"https:\\\/\\\/hidalgo.nl\\\/example\\\/\",\"nextItem\":{\"@type\":\"ListItem\",\"@id\":\"https:\\\/\\\/hidalgo.nl\\\/en\\\/product-supplier\\\/a24\\\/#listItem\",\"name\":\"A24\"},\"previousItem\":{\"@type\":\"ListItem\",\"@id\":\"https:\\\/\\\/hidalgo.nl\\\/de\\\/#listItem\",\"name\":\"Home\"}},{\"@type\":\"ListItem\",\"@id\":\"https:\\\/\\\/hidalgo.nl\\\/en\\\/product-supplier\\\/a24\\\/#listItem\",\"position\":3,\"name\":\"A24\",\"item\":\"https:\\\/\\\/hidalgo.nl\\\/en\\\/product-supplier\\\/a24\\\/\",\"nextItem\":{\"@type\":\"ListItem\",\"@id\":\"https:\\\/\\\/hidalgo.nl\\\/de\\\/product\\\/hemp-foodpouch-broodzak\\\/#listItem\",\"name\":\"Hemp FoodPouch broodzak\"},\"previousItem\":{\"@type\":\"ListItem\",\"@id\":\"https:\\\/\\\/hidalgo.nl\\\/example\\\/#listItem\",\"name\":\"example\"}},{\"@type\":\"ListItem\",\"@id\":\"https:\\\/\\\/hidalgo.nl\\\/de\\\/product\\\/hemp-foodpouch-broodzak\\\/#listItem\",\"position\":4,\"name\":\"Hemp FoodPouch broodzak\",\"previousItem\":{\"@type\":\"ListItem\",\"@id\":\"https:\\\/\\\/hidalgo.nl\\\/en\\\/product-supplier\\\/a24\\\/#listItem\",\"name\":\"A24\"}}]},{\"@type\":\"ItemPage\",\"@id\":\"https:\\\/\\\/hidalgo.nl\\\/de\\\/product\\\/hemp-foodpouch-broodzak\\\/#itempage\",\"url\":\"https:\\\/\\\/hidalgo.nl\\\/de\\\/product\\\/hemp-foodpouch-broodzak\\\/\",\"name\":\"Hemp FoodPouch broodzak\",\"description\":\"Nimm deine Snacks f\\u00fcrs Lunch praktisch mit: der wiederverwendbare Beutel aus Hanf mit wasserfester, lebensmittelechter Innenlage h\\u00e4lt den Inhalt l\\u00e4nger frisch. Leicht zu reinigen und ideal f\\u00fcr 20-40-J\\u00e4hrige, die unterwegs bewusst packen. Hidalgo druckt dein Logo f\\u00fcr klare Markenpr\\u00e4senz.\",\"inLanguage\":\"de-DE\",\"isPartOf\":{\"@id\":\"https:\\\/\\\/hidalgo.nl\\\/de\\\/#website\"},\"breadcrumb\":{\"@id\":\"https:\\\/\\\/hidalgo.nl\\\/de\\\/product\\\/hemp-foodpouch-broodzak\\\/#breadcrumblist\"},\"image\":{\"@type\":\"ImageObject\",\"url\":\"https:\\\/\\\/shop.hidalgo.nl\\\/wp-content\\\/uploads\\\/2025\\\/05\\\/0a5b94b15ad234a6aac76662c2867f0e85bef9f6814c97e087070cbd31566861.jpg\",\"@id\":\"https:\\\/\\\/hidalgo.nl\\\/de\\\/product\\\/hemp-foodpouch-broodzak\\\/#mainImage\",\"width\":1000,\"height\":1000},\"primaryImageOfPage\":{\"@id\":\"https:\\\/\\\/hidalgo.nl\\\/de\\\/product\\\/hemp-foodpouch-broodzak\\\/#mainImage\"},\"datePublished\":\"2025-07-09T09:09:24+00:00\",\"dateModified\":\"2026-03-23T09:24:57+00:00\"},{\"@type\":\"Organization\",\"@id\":\"https:\\\/\\\/hidalgo.nl\\\/de\\\/#organization\",\"name\":\"Hidalgo\",\"url\":\"https:\\\/\\\/hidalgo.nl\\\/de\\\/\",\"logo\":{\"@type\":\"ImageObject\",\"url\":\"https:\\\/\\\/shop.hidalgo.nl\\\/wp-content\\\/uploads\\\/2025\\\/11\\\/cropped-Hidalgo-est1993.png\",\"@id\":\"https:\\\/\\\/hidalgo.nl\\\/de\\\/product\\\/hemp-foodpouch-broodzak\\\/#organizationLogo\",\"width\":585,\"height\":195},\"image\":{\"@id\":\"https:\\\/\\\/hidalgo.nl\\\/de\\\/product\\\/hemp-foodpouch-broodzak\\\/#organizationLogo\"}},{\"@type\":\"WebPage\",\"@id\":\"https:\\\/\\\/hidalgo.nl\\\/de\\\/product\\\/hemp-foodpouch-broodzak\\\/#webpage\",\"url\":\"https:\\\/\\\/hidalgo.nl\\\/de\\\/product\\\/hemp-foodpouch-broodzak\\\/\",\"name\":\"Hemp FoodPouch broodzak\",\"description\":\"Nimm deine Snacks f\\u00fcrs Lunch praktisch mit: der wiederverwendbare Beutel aus Hanf mit wasserfester, lebensmittelechter Innenlage h\\u00e4lt den Inhalt l\\u00e4nger frisch. Leicht zu reinigen und ideal f\\u00fcr 20-40-J\\u00e4hrige, die unterwegs bewusst packen. Hidalgo druckt dein Logo f\\u00fcr klare Markenpr\\u00e4senz.\",\"inLanguage\":\"de-DE\",\"isPartOf\":{\"@id\":\"https:\\\/\\\/hidalgo.nl\\\/de\\\/#website\"},\"breadcrumb\":{\"@id\":\"https:\\\/\\\/hidalgo.nl\\\/de\\\/product\\\/hemp-foodpouch-broodzak\\\/#breadcrumblist\"},\"image\":{\"@type\":\"ImageObject\",\"url\":\"https:\\\/\\\/shop.hidalgo.nl\\\/wp-content\\\/uploads\\\/2025\\\/05\\\/0a5b94b15ad234a6aac76662c2867f0e85bef9f6814c97e087070cbd31566861.jpg\",\"@id\":\"https:\\\/\\\/hidalgo.nl\\\/de\\\/product\\\/hemp-foodpouch-broodzak\\\/#mainImage\",\"width\":1000,\"height\":1000},\"primaryImageOfPage\":{\"@id\":\"https:\\\/\\\/hidalgo.nl\\\/de\\\/product\\\/hemp-foodpouch-broodzak\\\/#mainImage\"},\"datePublished\":\"2025-07-09T09:09:24+00:00\",\"dateModified\":\"2026-03-23T09:24:57+00:00\"},{\"@type\":\"WebSite\",\"@id\":\"https:\\\/\\\/hidalgo.nl\\\/de\\\/#website\",\"url\":\"https:\\\/\\\/hidalgo.nl\\\/de\\\/\",\"name\":\"Hidalgo\",\"inLanguage\":\"de-DE\",\"publisher\":{\"@id\":\"https:\\\/\\\/hidalgo.nl\\\/de\\\/#organization\"}}]}\n\t\t<\/script>\n\t\t<!-- All in One SEO Pro -->\r\n\t\t<title>Hemp FoodPouch broodzak<\/title>\n\n","aioseo_head_json":{"title":"Hemp FoodPouch broodzak","description":"Nimm deine Snacks f\u00fcrs Lunch praktisch mit: der wiederverwendbare Beutel aus Hanf mit wasserfester, lebensmittelechter Innenlage h\u00e4lt den Inhalt l\u00e4nger frisch. Leicht zu reinigen und ideal f\u00fcr 20-40-J\u00e4hrige, die unterwegs bewusst packen. Hidalgo druckt dein Logo f\u00fcr klare Markenpr\u00e4senz.","canonical_url":"https:\/\/hidalgo.nl\/de\/wp-json\/wp\/v2\/product\/134263","robots":"max-image-preview:large","keywords":"","webmasterTools":{"miscellaneous":""},"schema":{"@context":"https:\/\/schema.org","@graph":[{"@type":"BreadcrumbList","@id":"https:\/\/hidalgo.nl\/de\/product\/hemp-foodpouch-broodzak\/#breadcrumblist","itemListElement":[{"@type":"ListItem","@id":"https:\/\/hidalgo.nl\/de\/#listItem","position":1,"name":"Home","item":"https:\/\/hidalgo.nl\/de\/","nextItem":{"@type":"ListItem","@id":"https:\/\/hidalgo.nl\/example\/#listItem","name":"example"}},{"@type":"ListItem","@id":"https:\/\/hidalgo.nl\/example\/#listItem","position":2,"name":"example","item":"https:\/\/hidalgo.nl\/example\/","nextItem":{"@type":"ListItem","@id":"https:\/\/hidalgo.nl\/en\/product-supplier\/a24\/#listItem","name":"A24"},"previousItem":{"@type":"ListItem","@id":"https:\/\/hidalgo.nl\/de\/#listItem","name":"Home"}},{"@type":"ListItem","@id":"https:\/\/hidalgo.nl\/en\/product-supplier\/a24\/#listItem","position":3,"name":"A24","item":"https:\/\/hidalgo.nl\/en\/product-supplier\/a24\/","nextItem":{"@type":"ListItem","@id":"https:\/\/hidalgo.nl\/de\/product\/hemp-foodpouch-broodzak\/#listItem","name":"Hemp FoodPouch broodzak"},"previousItem":{"@type":"ListItem","@id":"https:\/\/hidalgo.nl\/example\/#listItem","name":"example"}},{"@type":"ListItem","@id":"https:\/\/hidalgo.nl\/de\/product\/hemp-foodpouch-broodzak\/#listItem","position":4,"name":"Hemp FoodPouch broodzak","previousItem":{"@type":"ListItem","@id":"https:\/\/hidalgo.nl\/en\/product-supplier\/a24\/#listItem","name":"A24"}}]},{"@type":"ItemPage","@id":"https:\/\/hidalgo.nl\/de\/product\/hemp-foodpouch-broodzak\/#itempage","url":"https:\/\/hidalgo.nl\/de\/product\/hemp-foodpouch-broodzak\/","name":"Hemp FoodPouch broodzak","description":"Nimm deine Snacks f\u00fcrs Lunch praktisch mit: der wiederverwendbare Beutel aus Hanf mit wasserfester, lebensmittelechter Innenlage h\u00e4lt den Inhalt l\u00e4nger frisch. Leicht zu reinigen und ideal f\u00fcr 20-40-J\u00e4hrige, die unterwegs bewusst packen. Hidalgo druckt dein Logo f\u00fcr klare Markenpr\u00e4senz.","inLanguage":"de-DE","isPartOf":{"@id":"https:\/\/hidalgo.nl\/de\/#website"},"breadcrumb":{"@id":"https:\/\/hidalgo.nl\/de\/product\/hemp-foodpouch-broodzak\/#breadcrumblist"},"image":{"@type":"ImageObject","url":"https:\/\/shop.hidalgo.nl\/wp-content\/uploads\/2025\/05\/0a5b94b15ad234a6aac76662c2867f0e85bef9f6814c97e087070cbd31566861.jpg","@id":"https:\/\/hidalgo.nl\/de\/product\/hemp-foodpouch-broodzak\/#mainImage","width":1000,"height":1000},"primaryImageOfPage":{"@id":"https:\/\/hidalgo.nl\/de\/product\/hemp-foodpouch-broodzak\/#mainImage"},"datePublished":"2025-07-09T09:09:24+00:00","dateModified":"2026-03-23T09:24:57+00:00"},{"@type":"Organization","@id":"https:\/\/hidalgo.nl\/de\/#organization","name":"Hidalgo","url":"https:\/\/hidalgo.nl\/de\/","logo":{"@type":"ImageObject","url":"https:\/\/shop.hidalgo.nl\/wp-content\/uploads\/2025\/11\/cropped-Hidalgo-est1993.png","@id":"https:\/\/hidalgo.nl\/de\/product\/hemp-foodpouch-broodzak\/#organizationLogo","width":585,"height":195},"image":{"@id":"https:\/\/hidalgo.nl\/de\/product\/hemp-foodpouch-broodzak\/#organizationLogo"}},{"@type":"WebPage","@id":"https:\/\/hidalgo.nl\/de\/product\/hemp-foodpouch-broodzak\/#webpage","url":"https:\/\/hidalgo.nl\/de\/product\/hemp-foodpouch-broodzak\/","name":"Hemp FoodPouch broodzak","description":"Nimm deine Snacks f\u00fcrs Lunch praktisch mit: der wiederverwendbare Beutel aus Hanf mit wasserfester, lebensmittelechter Innenlage h\u00e4lt den Inhalt l\u00e4nger frisch. Leicht zu reinigen und ideal f\u00fcr 20-40-J\u00e4hrige, die unterwegs bewusst packen. Hidalgo druckt dein Logo f\u00fcr klare Markenpr\u00e4senz.","inLanguage":"de-DE","isPartOf":{"@id":"https:\/\/hidalgo.nl\/de\/#website"},"breadcrumb":{"@id":"https:\/\/hidalgo.nl\/de\/product\/hemp-foodpouch-broodzak\/#breadcrumblist"},"image":{"@type":"ImageObject","url":"https:\/\/shop.hidalgo.nl\/wp-content\/uploads\/2025\/05\/0a5b94b15ad234a6aac76662c2867f0e85bef9f6814c97e087070cbd31566861.jpg","@id":"https:\/\/hidalgo.nl\/de\/product\/hemp-foodpouch-broodzak\/#mainImage","width":1000,"height":1000},"primaryImageOfPage":{"@id":"https:\/\/hidalgo.nl\/de\/product\/hemp-foodpouch-broodzak\/#mainImage"},"datePublished":"2025-07-09T09:09:24+00:00","dateModified":"2026-03-23T09:24:57+00:00"},{"@type":"WebSite","@id":"https:\/\/hidalgo.nl\/de\/#website","url":"https:\/\/hidalgo.nl\/de\/","name":"Hidalgo","inLanguage":"de-DE","publisher":{"@id":"https:\/\/hidalgo.nl\/de\/#organization"}}]},"og:locale":"de_DE","og:site_name":"Hidalgo -","og:type":"article","og:title":"Hemp FoodPouch broodzak","og:description":"Nimm deine Snacks f\u00fcrs Lunch praktisch mit: der wiederverwendbare Beutel aus Hanf mit wasserfester, lebensmittelechter Innenlage h\u00e4lt den Inhalt l\u00e4nger frisch. Leicht zu reinigen und ideal f\u00fcr 20-40-J\u00e4hrige, die unterwegs bewusst packen. Hidalgo druckt dein Logo f\u00fcr klare Markenpr\u00e4senz.","og:url":"https:\/\/hidalgo.nl\/de\/wp-json\/wp\/v2\/product\/134263","og:image":"https:\/\/shop.hidalgo.nl\/wp-content\/uploads\/2025\/11\/cropped-Hidalgo-est1993.png","og:image:secure_url":"https:\/\/shop.hidalgo.nl\/wp-content\/uploads\/2025\/11\/cropped-Hidalgo-est1993.png","article:published_time":"2025-07-09T09:09:24+00:00","article:modified_time":"2026-03-23T09:24:57+00:00","twitter:card":"summary_large_image","twitter:title":"Hemp FoodPouch broodzak","twitter:description":"Nimm deine Snacks f\u00fcrs Lunch praktisch mit: der wiederverwendbare Beutel aus Hanf mit wasserfester, lebensmittelechter Innenlage h\u00e4lt den Inhalt l\u00e4nger frisch. Leicht zu reinigen und ideal f\u00fcr 20-40-J\u00e4hrige, die unterwegs bewusst packen. Hidalgo druckt dein Logo f\u00fcr klare Markenpr\u00e4senz.","twitter:image":"https:\/\/shop.hidalgo.nl\/wp-content\/uploads\/2025\/11\/cropped-Hidalgo-est1993.png"},"aioseo_meta_data":{"post_id":"134263","title":null,"description":null,"keywords":null,"keyphrases":null,"primary_term":null,"canonical_url":null,"og_title":null,"og_description":null,"og_object_type":"default","og_image_type":"default","og_image_url":null,"og_image_width":null,"og_image_height":null,"og_image_custom_url":null,"og_image_custom_fields":null,"og_video":null,"og_custom_url":null,"og_article_section":null,"og_article_tags":null,"twitter_use_og":false,"twitter_card":"default","twitter_image_type":"default","twitter_image_url":null,"twitter_image_custom_url":null,"twitter_image_custom_fields":null,"twitter_title":null,"twitter_description":null,"schema":{"blockGraphs":[],"customGraphs":[],"default":{"data":{"Article":[],"Course":[],"Dataset":[],"FAQPage":[],"Movie":[],"Person":[],"Product":[],"ProductReview":[],"Car":[],"Recipe":[],"Service":[],"SoftwareApplication":[],"WebPage":[]},"graphName":"","isEnabled":true},"graphs":[]},"schema_type":"default","schema_type_options":null,"pillar_content":false,"robots_default":true,"robots_noindex":false,"robots_noarchive":false,"robots_nosnippet":false,"robots_nofollow":false,"robots_noimageindex":false,"robots_noodp":false,"robots_notranslate":false,"robots_max_snippet":null,"robots_max_videopreview":null,"robots_max_imagepreview":"large","priority":null,"frequency":null,"local_seo":null,"seo_analyzer_scan_date":"2026-01-22 10:57:56","breadcrumb_settings":null,"limit_modified_date":false,"reviewed_by":null,"open_ai":null,"ai":null,"created":"2026-01-14 06:25:38","updated":"2026-03-23 09:36:49"},"aioseo_breadcrumb":"<div class=\"aioseo-breadcrumbs\"><span class=\"aioseo-breadcrumb\">\n\t<a href=\"https:\/\/hidalgo.nl\/de\/\" title=\"Home\">Home<\/a>\n<\/span><span class=\"aioseo-breadcrumb-separator\">\u00bb<\/span><span class=\"aioseo-breadcrumb\">\n\t<a href=\"https:\/\/hidalgo.nl\/example\/\" title=\"example\">example<\/a>\n<\/span><span class=\"aioseo-breadcrumb-separator\">\u00bb<\/span><span class=\"aioseo-breadcrumb\">\n\t<a href=\"https:\/\/hidalgo.nl\/en\/product-supplier\/a24\/\" title=\"A24\">A24<\/a>\n<\/span><span class=\"aioseo-breadcrumb-separator\">\u00bb<\/span><span class=\"aioseo-breadcrumb\">\n\tHemp FoodPouch broodzak\n<\/span><\/div>","aioseo_breadcrumb_json":[{"label":"Home","link":"https:\/\/hidalgo.nl\/de\/"},{"label":"example","link":"https:\/\/hidalgo.nl\/example\/"},{"label":"A24","link":"https:\/\/hidalgo.nl\/en\/product-supplier\/a24\/"},{"label":"Hemp FoodPouch broodzak","link":"https:\/\/hidalgo.nl\/de\/product\/hemp-foodpouch-broodzak\/"}],"_links":{"self":[{"href":"https:\/\/hidalgo.nl\/de\/wp-json\/wp\/v2\/product\/134263","targetHints":{"allow":["GET"]}}],"collection":[{"href":"https:\/\/hidalgo.nl\/de\/wp-json\/wp\/v2\/product"}],"about":[{"href":"https:\/\/hidalgo.nl\/de\/wp-json\/wp\/v2\/types\/product"}],"wp:featuredmedia":[{"embeddable":true,"href":"https:\/\/hidalgo.nl\/de\/wp-json\/wp\/v2\/media\/134264"}],"wp:attachment":[{"href":"https:\/\/hidalgo.nl\/de\/wp-json\/wp\/v2\/media?parent=134263"}],"wp:term":[{"taxonomy":"product_brand","embeddable":true,"href":"https:\/\/hidalgo.nl\/de\/wp-json\/wp\/v2\/product_brand?post=134263"},{"taxonomy":"product_cat","embeddable":true,"href":"https:\/\/hidalgo.nl\/de\/wp-json\/wp\/v2\/product_cat?post=134263"},{"taxonomy":"product_tag","embeddable":true,"href":"https:\/\/hidalgo.nl\/de\/wp-json\/wp\/v2\/product_tag?post=134263"}],"curies":[{"name":"wp","href":"https:\/\/api.w.org\/{rel}","templated":true}]}}