{"id":13398,"date":"2025-07-03T10:50:10","date_gmt":"2025-07-03T10:50:10","guid":{"rendered":"http:\/\/bidonsenshakers.pim.hidalgo.nl\/product\/waterman-graduate-balpen\/"},"modified":"2026-03-15T14:07:13","modified_gmt":"2026-03-15T14:07:13","slug":"waterman-graduate-balpen-2","status":"publish","type":"product","link":"https:\/\/hidalgo.nl\/de\/product\/13398\/waterman-graduate-kugelschreiber-bedrucken-silber-metall-m\/","title":{"rendered":"Waterman Graduate balpen"},"content":{"rendered":"<p>Waterman Graduate koper en chrome balpen. Blauwschrijvend.<\/p>\n","protected":false},"excerpt":{"rendered":"<p>Waterman Graduate koper en chrome balpen. Blauwschrijvend.<\/p>\n","protected":false},"featured_media":13399,"template":"","meta":{"_acf_changed":false,"om_disable_all_campaigns":false,"_monsterinsights_skip_tracking":false,"_monsterinsights_sitenote_active":false,"_monsterinsights_sitenote_note":"","_monsterinsights_sitenote_category":0},"product_brand":[247],"product_cat":[4785,4719,4756],"product_tag":[],"class_list":{"0":"post-13398","1":"product","2":"type-product","3":"status-publish","4":"has-post-thumbnail","6":"product_supplier-a58","7":"product_brand-waterman","8":"product_cat-pennen","9":"product_cat-promotionele-artikelen","10":"product_cat-schrijfwaren","11":"entry","13":"first","14":"instock","15":"taxable","16":"shipping-taxable","17":"purchasable","18":"product-type-variable"},"acf":{"imprint_cost":[{"imprint_cost_key":"5aa661835424a3456d2a77ccbafe15b4600a6dd8","product_quantity_price_range":[{"imprint_cost_recommended_selling_price":"2.66","imprint_cost_recommended_selling_quantity":"1"},{"imprint_cost_recommended_selling_price":"1.63","imprint_cost_recommended_selling_quantity":"25"},{"imprint_cost_recommended_selling_price":"1.22","imprint_cost_recommended_selling_quantity":"50"},{"imprint_cost_recommended_selling_price":"0.88","imprint_cost_recommended_selling_quantity":"100"},{"imprint_cost_recommended_selling_price":"0.52","imprint_cost_recommended_selling_quantity":"250"},{"imprint_cost_recommended_selling_price":"0.43","imprint_cost_recommended_selling_quantity":"500"},{"imprint_cost_recommended_selling_price":"0.37","imprint_cost_recommended_selling_quantity":"1000"},{"imprint_cost_recommended_selling_price":"0.29","imprint_cost_recommended_selling_quantity":"2500"}],"product_quantity_price_range_buying":false,"imprint_cost_setup_costs":"30.77","imprint_cost_handling_costs":"0.2"},{"imprint_cost_key":"a585193a2d11415f622726c129427d9bc2405efa","product_quantity_price_range":[{"imprint_cost_recommended_selling_price":"5.91","imprint_cost_recommended_selling_quantity":"1"},{"imprint_cost_recommended_selling_price":"2.97","imprint_cost_recommended_selling_quantity":"25"},{"imprint_cost_recommended_selling_price":"1.49","imprint_cost_recommended_selling_quantity":"50"},{"imprint_cost_recommended_selling_price":"0.69","imprint_cost_recommended_selling_quantity":"100"},{"imprint_cost_recommended_selling_price":"0.55","imprint_cost_recommended_selling_quantity":"250"},{"imprint_cost_recommended_selling_price":"0.43","imprint_cost_recommended_selling_quantity":"500"},{"imprint_cost_recommended_selling_price":"0.4","imprint_cost_recommended_selling_quantity":"1000"},{"imprint_cost_recommended_selling_price":"0.35","imprint_cost_recommended_selling_quantity":"2500"},{"imprint_cost_recommended_selling_price":"0.34","imprint_cost_recommended_selling_quantity":"5000"},{"imprint_cost_recommended_selling_price":"0.32","imprint_cost_recommended_selling_quantity":"10000"}],"product_quantity_price_range_buying":false,"imprint_cost_setup_costs":"52.31","imprint_cost_handling_costs":"0.08"},{"imprint_cost_key":"a33f06e88488b70d0fd7967a71b4841e0c3664f1","product_quantity_price_range":[{"imprint_cost_recommended_selling_price":"11.6","imprint_cost_recommended_selling_quantity":"1"},{"imprint_cost_recommended_selling_price":"5.83","imprint_cost_recommended_selling_quantity":"25"},{"imprint_cost_recommended_selling_price":"2.92","imprint_cost_recommended_selling_quantity":"50"},{"imprint_cost_recommended_selling_price":"1.35","imprint_cost_recommended_selling_quantity":"100"},{"imprint_cost_recommended_selling_price":"1.07","imprint_cost_recommended_selling_quantity":"250"},{"imprint_cost_recommended_selling_price":"0.85","imprint_cost_recommended_selling_quantity":"500"},{"imprint_cost_recommended_selling_price":"0.78","imprint_cost_recommended_selling_quantity":"1000"},{"imprint_cost_recommended_selling_price":"0.69","imprint_cost_recommended_selling_quantity":"2500"},{"imprint_cost_recommended_selling_price":"0.66","imprint_cost_recommended_selling_quantity":"5000"},{"imprint_cost_recommended_selling_price":"0.63","imprint_cost_recommended_selling_quantity":"10000"}],"product_quantity_price_range_buying":false,"imprint_cost_setup_costs":"104.62","imprint_cost_handling_costs":"0.08"}]},"aioseo_notices":[],"aioseo_head":"\n\t\t<!-- All in One SEO Pro 4.9.6.2 - aioseo.com -->\n\t<meta name=\"description\" content=\"Mit dem Waterman Graduate setzt du auf ein zeitloses Design f\u00fcr deinen professionellen Auftritt. Du kannst diesen Metall Kugelschreiber bedrucken lassen, um deine Marke hochwertig zu pr\u00e4sentieren. Das silberne Geh\u00e4use macht ihn zum idealen Werbekugelschreiber mit Logo f\u00fcr Messen &amp; Events.\" \/>\n\t<meta name=\"robots\" content=\"max-image-preview:large\" \/>\n\t<link rel=\"canonical\" href=\"https:\/\/hidalgo.nl\/de\/wp-json\/wp\/v2\/product\/13398\" \/>\n\t<meta name=\"generator\" content=\"All in One SEO Pro (AIOSEO) 4.9.6.2\" \/>\n\t\t<meta property=\"og:locale\" content=\"de_DE\" \/>\n\t\t<meta property=\"og:site_name\" content=\"Hidalgo -\" \/>\n\t\t<meta property=\"og:type\" content=\"article\" \/>\n\t\t<meta property=\"og:title\" content=\"Waterman Graduate Kugelschreiber bedrucken Silber Metall M\" \/>\n\t\t<meta property=\"og:description\" content=\"Mit dem Waterman Graduate setzt du auf ein zeitloses Design f\u00fcr deinen professionellen Auftritt. Du kannst diesen Metall Kugelschreiber bedrucken lassen, um deine Marke hochwertig zu pr\u00e4sentieren. Das silberne Geh\u00e4use macht ihn zum idealen Werbekugelschreiber mit Logo f\u00fcr Messen &amp; Events.\" \/>\n\t\t<meta property=\"og:url\" content=\"https:\/\/hidalgo.nl\/de\/wp-json\/wp\/v2\/product\/13398\" \/>\n\t\t<meta property=\"og:image\" content=\"https:\/\/shop.hidalgo.nl\/wp-content\/uploads\/2025\/11\/cropped-Hidalgo-est1993.png\" \/>\n\t\t<meta property=\"og:image:secure_url\" content=\"https:\/\/shop.hidalgo.nl\/wp-content\/uploads\/2025\/11\/cropped-Hidalgo-est1993.png\" \/>\n\t\t<meta property=\"article:published_time\" content=\"2025-07-03T10:50:10+00:00\" \/>\n\t\t<meta property=\"article:modified_time\" content=\"2026-03-15T14:07:13+00:00\" \/>\n\t\t<meta name=\"twitter:card\" content=\"summary_large_image\" \/>\n\t\t<meta name=\"twitter:title\" content=\"Waterman Graduate Kugelschreiber bedrucken Silber Metall M\" \/>\n\t\t<meta name=\"twitter:description\" content=\"Mit dem Waterman Graduate setzt du auf ein zeitloses Design f\u00fcr deinen professionellen Auftritt. Du kannst diesen Metall Kugelschreiber bedrucken lassen, um deine Marke hochwertig zu pr\u00e4sentieren. Das silberne Geh\u00e4use macht ihn zum idealen Werbekugelschreiber mit Logo f\u00fcr Messen &amp; Events.\" \/>\n\t\t<meta name=\"twitter:image\" content=\"https:\/\/shop.hidalgo.nl\/wp-content\/uploads\/2025\/11\/cropped-Hidalgo-est1993.png\" \/>\n\t\t<script type=\"application\/ld+json\" class=\"aioseo-schema\">\n\t\t\t{\"@context\":\"https:\\\/\\\/schema.org\",\"@graph\":[{\"@type\":\"BreadcrumbList\",\"@id\":\"https:\\\/\\\/hidalgo.nl\\\/de\\\/product\\\/13398\\\/waterman-graduate-kugelschreiber-bedrucken-silber-metall-m\\\/#breadcrumblist\",\"itemListElement\":[{\"@type\":\"ListItem\",\"@id\":\"https:\\\/\\\/hidalgo.nl\\\/de\\\/#listItem\",\"position\":1,\"name\":\"Home\",\"item\":\"https:\\\/\\\/hidalgo.nl\\\/de\\\/\",\"nextItem\":{\"@type\":\"ListItem\",\"@id\":\"https:\\\/\\\/hidalgo.nl\\\/example\\\/#listItem\",\"name\":\"example\"}},{\"@type\":\"ListItem\",\"@id\":\"https:\\\/\\\/hidalgo.nl\\\/example\\\/#listItem\",\"position\":2,\"name\":\"example\",\"item\":\"https:\\\/\\\/hidalgo.nl\\\/example\\\/\",\"nextItem\":{\"@type\":\"ListItem\",\"@id\":\"https:\\\/\\\/hidalgo.nl\\\/en\\\/product-supplier\\\/a58\\\/#listItem\",\"name\":\"A58\"},\"previousItem\":{\"@type\":\"ListItem\",\"@id\":\"https:\\\/\\\/hidalgo.nl\\\/de\\\/#listItem\",\"name\":\"Home\"}},{\"@type\":\"ListItem\",\"@id\":\"https:\\\/\\\/hidalgo.nl\\\/en\\\/product-supplier\\\/a58\\\/#listItem\",\"position\":3,\"name\":\"A58\",\"item\":\"https:\\\/\\\/hidalgo.nl\\\/en\\\/product-supplier\\\/a58\\\/\",\"nextItem\":{\"@type\":\"ListItem\",\"@id\":\"https:\\\/\\\/hidalgo.nl\\\/de\\\/product\\\/13398\\\/waterman-graduate-kugelschreiber-bedrucken-silber-metall-m\\\/#listItem\",\"name\":\"Waterman Graduate balpen\"},\"previousItem\":{\"@type\":\"ListItem\",\"@id\":\"https:\\\/\\\/hidalgo.nl\\\/example\\\/#listItem\",\"name\":\"example\"}},{\"@type\":\"ListItem\",\"@id\":\"https:\\\/\\\/hidalgo.nl\\\/de\\\/product\\\/13398\\\/waterman-graduate-kugelschreiber-bedrucken-silber-metall-m\\\/#listItem\",\"position\":4,\"name\":\"Waterman Graduate balpen\",\"previousItem\":{\"@type\":\"ListItem\",\"@id\":\"https:\\\/\\\/hidalgo.nl\\\/en\\\/product-supplier\\\/a58\\\/#listItem\",\"name\":\"A58\"}}]},{\"@type\":\"Organization\",\"@id\":\"https:\\\/\\\/hidalgo.nl\\\/de\\\/#organization\",\"name\":\"Hidalgo\",\"url\":\"https:\\\/\\\/hidalgo.nl\\\/de\\\/\",\"logo\":{\"@type\":\"ImageObject\",\"url\":\"https:\\\/\\\/shop.hidalgo.nl\\\/wp-content\\\/uploads\\\/2025\\\/11\\\/cropped-Hidalgo-est1993.png\",\"@id\":\"https:\\\/\\\/hidalgo.nl\\\/de\\\/product\\\/13398\\\/waterman-graduate-kugelschreiber-bedrucken-silber-metall-m\\\/#organizationLogo\",\"width\":585,\"height\":195},\"image\":{\"@id\":\"https:\\\/\\\/hidalgo.nl\\\/de\\\/product\\\/13398\\\/waterman-graduate-kugelschreiber-bedrucken-silber-metall-m\\\/#organizationLogo\"}},{\"@type\":\"ProductGroup\",\"@id\":\"https:\\\/\\\/hidalgo.nl\\\/de\\\/product\\\/13398\\\/waterman-graduate-kugelschreiber-bedrucken-silber-metall-m\\\/#wooCommerceProduct\",\"name\":\"Waterman Graduate Kugelschreiber bedrucken Silber Metall M\",\"url\":\"https:\\\/\\\/hidalgo.nl\\\/de\\\/product\\\/13398\\\/waterman-graduate-kugelschreiber-bedrucken-silber-metall-m\\\/\",\"brand\":{\"@type\":\"Brand\",\"name\":\"Waterman\"},\"sku\":\"A58-37597\",\"image\":{\"@type\":\"ImageObject\",\"url\":\"https:\\\/\\\/shop.hidalgo.nl\\\/wp-content\\\/uploads\\\/2025\\\/05\\\/363ac1871423be2eb9929f7b92e915b19064df62f7c1516712cc84b26493ce67.jpg\",\"@id\":\"https:\\\/\\\/hidalgo.nl\\\/de\\\/product\\\/13398\\\/waterman-graduate-kugelschreiber-bedrucken-silber-metall-m\\\/#productImage\",\"width\":1000,\"height\":636},\"productGroupID\":13398,\"hasVariant\":[{\"@type\":\"Product\",\"@id\":\"https:\\\/\\\/hidalgo.nl\\\/de\\\/product\\\/13398\\\/waterman-graduate-kugelschreiber-bedrucken-silber-metall-m\\\/#wooCommerceProduct\",\"name\":\"Waterman Graduate balpen - zilver,\",\"url\":\"https:\\\/\\\/hidalgo.nl\\\/de\\\/product\\\/13398\\\/waterman-graduate-kugelschreiber-bedrucken-silber-metall-m\\\/\",\"sku\":\"A58-37597-032999999\",\"image\":{\"@type\":\"ImageObject\",\"url\":\"https:\\\/\\\/shop.hidalgo.nl\\\/wp-content\\\/uploads\\\/2025\\\/05\\\/1215d04867be7d292365d27d8e2d14614b55beae1586fb87d63a447ce72d042e.jpg\",\"@id\":\"https:\\\/\\\/hidalgo.nl\\\/de\\\/product\\\/13398\\\/waterman-graduate-kugelschreiber-bedrucken-silber-metall-m\\\/#productImage\",\"width\":1000,\"height\":77},\"offers\":{\"@type\":\"Offer\",\"url\":\"https:\\\/\\\/hidalgo.nl\\\/de\\\/product\\\/13398\\\/waterman-graduate-kugelschreiber-bedrucken-silber-metall-m\\\/#wooCommerceOffer\",\"price\":\"18.12\",\"priceCurrency\":\"EUR\",\"category\":\"Promotionele Artikelen\",\"availability\":\"https:\\\/\\\/schema.org\\\/InStock\",\"priceSpecification\":{\"@type\":\"PriceSpecification\",\"price\":18.12,\"priceCurrency\":\"EUR\",\"valueAddedTaxIncluded\":\"true\"}}}]},{\"@type\":\"WebPage\",\"@id\":\"https:\\\/\\\/hidalgo.nl\\\/de\\\/product\\\/13398\\\/waterman-graduate-kugelschreiber-bedrucken-silber-metall-m\\\/#webpage\",\"url\":\"https:\\\/\\\/hidalgo.nl\\\/de\\\/product\\\/13398\\\/waterman-graduate-kugelschreiber-bedrucken-silber-metall-m\\\/\",\"name\":\"Waterman Graduate Kugelschreiber bedrucken Silber Metall M\",\"description\":\"Mit dem Waterman Graduate setzt du auf ein zeitloses Design f\\u00fcr deinen professionellen Auftritt. Du kannst diesen Metall Kugelschreiber bedrucken lassen, um deine Marke hochwertig zu pr\\u00e4sentieren. Das silberne Geh\\u00e4use macht ihn zum idealen Werbekugelschreiber mit Logo f\\u00fcr Messen & Events.\",\"inLanguage\":\"de-DE\",\"isPartOf\":{\"@id\":\"https:\\\/\\\/hidalgo.nl\\\/de\\\/#website\"},\"breadcrumb\":{\"@id\":\"https:\\\/\\\/hidalgo.nl\\\/de\\\/product\\\/13398\\\/waterman-graduate-kugelschreiber-bedrucken-silber-metall-m\\\/#breadcrumblist\"},\"image\":{\"@type\":\"ImageObject\",\"url\":\"https:\\\/\\\/shop.hidalgo.nl\\\/wp-content\\\/uploads\\\/2025\\\/05\\\/363ac1871423be2eb9929f7b92e915b19064df62f7c1516712cc84b26493ce67.jpg\",\"@id\":\"https:\\\/\\\/hidalgo.nl\\\/de\\\/product\\\/13398\\\/waterman-graduate-kugelschreiber-bedrucken-silber-metall-m\\\/#mainImage\",\"width\":1000,\"height\":636},\"primaryImageOfPage\":{\"@id\":\"https:\\\/\\\/hidalgo.nl\\\/de\\\/product\\\/13398\\\/waterman-graduate-kugelschreiber-bedrucken-silber-metall-m\\\/#mainImage\"},\"datePublished\":\"2025-07-03T10:50:10+00:00\",\"dateModified\":\"2026-03-15T14:07:13+00:00\"},{\"@type\":\"WebSite\",\"@id\":\"https:\\\/\\\/hidalgo.nl\\\/de\\\/#website\",\"url\":\"https:\\\/\\\/hidalgo.nl\\\/de\\\/\",\"name\":\"Hidalgo\",\"inLanguage\":\"de-DE\",\"publisher\":{\"@id\":\"https:\\\/\\\/hidalgo.nl\\\/de\\\/#organization\"}}]}\n\t\t<\/script>\n\t\t<!-- All in One SEO Pro -->\r\n\t\t<title>Waterman Graduate Kugelschreiber bedrucken Silber Metall M<\/title>\n\n","aioseo_head_json":{"title":"Waterman Graduate Kugelschreiber bedrucken Silber Metall M","description":"Mit dem Waterman Graduate setzt du auf ein zeitloses Design f\u00fcr deinen professionellen Auftritt. Du kannst diesen Metall Kugelschreiber bedrucken lassen, um deine Marke hochwertig zu pr\u00e4sentieren. Das silberne Geh\u00e4use macht ihn zum idealen Werbekugelschreiber mit Logo f\u00fcr Messen & Events.","canonical_url":"https:\/\/hidalgo.nl\/de\/wp-json\/wp\/v2\/product\/13398","robots":"max-image-preview:large","keywords":"","webmasterTools":{"miscellaneous":""},"schema":{"@context":"https:\/\/schema.org","@graph":[{"@type":"BreadcrumbList","@id":"https:\/\/hidalgo.nl\/de\/product\/13398\/waterman-graduate-kugelschreiber-bedrucken-silber-metall-m\/#breadcrumblist","itemListElement":[{"@type":"ListItem","@id":"https:\/\/hidalgo.nl\/de\/#listItem","position":1,"name":"Home","item":"https:\/\/hidalgo.nl\/de\/","nextItem":{"@type":"ListItem","@id":"https:\/\/hidalgo.nl\/example\/#listItem","name":"example"}},{"@type":"ListItem","@id":"https:\/\/hidalgo.nl\/example\/#listItem","position":2,"name":"example","item":"https:\/\/hidalgo.nl\/example\/","nextItem":{"@type":"ListItem","@id":"https:\/\/hidalgo.nl\/en\/product-supplier\/a58\/#listItem","name":"A58"},"previousItem":{"@type":"ListItem","@id":"https:\/\/hidalgo.nl\/de\/#listItem","name":"Home"}},{"@type":"ListItem","@id":"https:\/\/hidalgo.nl\/en\/product-supplier\/a58\/#listItem","position":3,"name":"A58","item":"https:\/\/hidalgo.nl\/en\/product-supplier\/a58\/","nextItem":{"@type":"ListItem","@id":"https:\/\/hidalgo.nl\/de\/product\/13398\/waterman-graduate-kugelschreiber-bedrucken-silber-metall-m\/#listItem","name":"Waterman Graduate balpen"},"previousItem":{"@type":"ListItem","@id":"https:\/\/hidalgo.nl\/example\/#listItem","name":"example"}},{"@type":"ListItem","@id":"https:\/\/hidalgo.nl\/de\/product\/13398\/waterman-graduate-kugelschreiber-bedrucken-silber-metall-m\/#listItem","position":4,"name":"Waterman Graduate balpen","previousItem":{"@type":"ListItem","@id":"https:\/\/hidalgo.nl\/en\/product-supplier\/a58\/#listItem","name":"A58"}}]},{"@type":"Organization","@id":"https:\/\/hidalgo.nl\/de\/#organization","name":"Hidalgo","url":"https:\/\/hidalgo.nl\/de\/","logo":{"@type":"ImageObject","url":"https:\/\/shop.hidalgo.nl\/wp-content\/uploads\/2025\/11\/cropped-Hidalgo-est1993.png","@id":"https:\/\/hidalgo.nl\/de\/product\/13398\/waterman-graduate-kugelschreiber-bedrucken-silber-metall-m\/#organizationLogo","width":585,"height":195},"image":{"@id":"https:\/\/hidalgo.nl\/de\/product\/13398\/waterman-graduate-kugelschreiber-bedrucken-silber-metall-m\/#organizationLogo"}},{"@type":"ProductGroup","@id":"https:\/\/hidalgo.nl\/de\/product\/13398\/waterman-graduate-kugelschreiber-bedrucken-silber-metall-m\/#wooCommerceProduct","name":"Waterman Graduate Kugelschreiber bedrucken Silber Metall M","url":"https:\/\/hidalgo.nl\/de\/product\/13398\/waterman-graduate-kugelschreiber-bedrucken-silber-metall-m\/","brand":{"@type":"Brand","name":"Waterman"},"sku":"A58-37597","image":{"@type":"ImageObject","url":"https:\/\/shop.hidalgo.nl\/wp-content\/uploads\/2025\/05\/363ac1871423be2eb9929f7b92e915b19064df62f7c1516712cc84b26493ce67.jpg","@id":"https:\/\/hidalgo.nl\/de\/product\/13398\/waterman-graduate-kugelschreiber-bedrucken-silber-metall-m\/#productImage","width":1000,"height":636},"productGroupID":13398,"hasVariant":[{"@type":"Product","@id":"https:\/\/hidalgo.nl\/de\/product\/13398\/waterman-graduate-kugelschreiber-bedrucken-silber-metall-m\/#wooCommerceProduct","name":"Waterman Graduate balpen - zilver,","url":"https:\/\/hidalgo.nl\/de\/product\/13398\/waterman-graduate-kugelschreiber-bedrucken-silber-metall-m\/","sku":"A58-37597-032999999","image":{"@type":"ImageObject","url":"https:\/\/shop.hidalgo.nl\/wp-content\/uploads\/2025\/05\/1215d04867be7d292365d27d8e2d14614b55beae1586fb87d63a447ce72d042e.jpg","@id":"https:\/\/hidalgo.nl\/de\/product\/13398\/waterman-graduate-kugelschreiber-bedrucken-silber-metall-m\/#productImage","width":1000,"height":77},"offers":{"@type":"Offer","url":"https:\/\/hidalgo.nl\/de\/product\/13398\/waterman-graduate-kugelschreiber-bedrucken-silber-metall-m\/#wooCommerceOffer","price":"18.12","priceCurrency":"EUR","category":"Promotionele Artikelen","availability":"https:\/\/schema.org\/InStock","priceSpecification":{"@type":"PriceSpecification","price":18.12,"priceCurrency":"EUR","valueAddedTaxIncluded":"true"}}}]},{"@type":"WebPage","@id":"https:\/\/hidalgo.nl\/de\/product\/13398\/waterman-graduate-kugelschreiber-bedrucken-silber-metall-m\/#webpage","url":"https:\/\/hidalgo.nl\/de\/product\/13398\/waterman-graduate-kugelschreiber-bedrucken-silber-metall-m\/","name":"Waterman Graduate Kugelschreiber bedrucken Silber Metall M","description":"Mit dem Waterman Graduate setzt du auf ein zeitloses Design f\u00fcr deinen professionellen Auftritt. Du kannst diesen Metall Kugelschreiber bedrucken lassen, um deine Marke hochwertig zu pr\u00e4sentieren. Das silberne Geh\u00e4use macht ihn zum idealen Werbekugelschreiber mit Logo f\u00fcr Messen & Events.","inLanguage":"de-DE","isPartOf":{"@id":"https:\/\/hidalgo.nl\/de\/#website"},"breadcrumb":{"@id":"https:\/\/hidalgo.nl\/de\/product\/13398\/waterman-graduate-kugelschreiber-bedrucken-silber-metall-m\/#breadcrumblist"},"image":{"@type":"ImageObject","url":"https:\/\/shop.hidalgo.nl\/wp-content\/uploads\/2025\/05\/363ac1871423be2eb9929f7b92e915b19064df62f7c1516712cc84b26493ce67.jpg","@id":"https:\/\/hidalgo.nl\/de\/product\/13398\/waterman-graduate-kugelschreiber-bedrucken-silber-metall-m\/#mainImage","width":1000,"height":636},"primaryImageOfPage":{"@id":"https:\/\/hidalgo.nl\/de\/product\/13398\/waterman-graduate-kugelschreiber-bedrucken-silber-metall-m\/#mainImage"},"datePublished":"2025-07-03T10:50:10+00:00","dateModified":"2026-03-15T14:07:13+00:00"},{"@type":"WebSite","@id":"https:\/\/hidalgo.nl\/de\/#website","url":"https:\/\/hidalgo.nl\/de\/","name":"Hidalgo","inLanguage":"de-DE","publisher":{"@id":"https:\/\/hidalgo.nl\/de\/#organization"}}]},"og:locale":"de_DE","og:site_name":"Hidalgo -","og:type":"article","og:title":"Waterman Graduate Kugelschreiber bedrucken Silber Metall M","og:description":"Mit dem Waterman Graduate setzt du auf ein zeitloses Design f\u00fcr deinen professionellen Auftritt. Du kannst diesen Metall Kugelschreiber bedrucken lassen, um deine Marke hochwertig zu pr\u00e4sentieren. Das silberne Geh\u00e4use macht ihn zum idealen Werbekugelschreiber mit Logo f\u00fcr Messen &amp; Events.","og:url":"https:\/\/hidalgo.nl\/de\/wp-json\/wp\/v2\/product\/13398","og:image":"https:\/\/shop.hidalgo.nl\/wp-content\/uploads\/2025\/11\/cropped-Hidalgo-est1993.png","og:image:secure_url":"https:\/\/shop.hidalgo.nl\/wp-content\/uploads\/2025\/11\/cropped-Hidalgo-est1993.png","article:published_time":"2025-07-03T10:50:10+00:00","article:modified_time":"2026-03-15T14:07:13+00:00","twitter:card":"summary_large_image","twitter:title":"Waterman Graduate Kugelschreiber bedrucken Silber Metall M","twitter:description":"Mit dem Waterman Graduate setzt du auf ein zeitloses Design f\u00fcr deinen professionellen Auftritt. Du kannst diesen Metall Kugelschreiber bedrucken lassen, um deine Marke hochwertig zu pr\u00e4sentieren. Das silberne Geh\u00e4use macht ihn zum idealen Werbekugelschreiber mit Logo f\u00fcr Messen &amp; Events.","twitter:image":"https:\/\/shop.hidalgo.nl\/wp-content\/uploads\/2025\/11\/cropped-Hidalgo-est1993.png"},"aioseo_meta_data":{"post_id":"13398","title":null,"description":null,"keywords":null,"keyphrases":null,"primary_term":null,"canonical_url":null,"og_title":null,"og_description":null,"og_object_type":"default","og_image_type":"default","og_image_url":null,"og_image_width":null,"og_image_height":null,"og_image_custom_url":null,"og_image_custom_fields":null,"og_video":null,"og_custom_url":null,"og_article_section":null,"og_article_tags":null,"twitter_use_og":false,"twitter_card":"default","twitter_image_type":"default","twitter_image_url":null,"twitter_image_custom_url":null,"twitter_image_custom_fields":null,"twitter_title":null,"twitter_description":null,"schema":{"blockGraphs":[],"customGraphs":[],"default":{"data":{"Article":[],"Course":[],"Dataset":[],"FAQPage":[],"Movie":[],"Person":[],"Product":[],"ProductReview":[],"Car":[],"Recipe":[],"Service":[],"SoftwareApplication":[],"WebPage":[]},"graphName":"","isEnabled":true},"graphs":[]},"schema_type":"default","schema_type_options":null,"pillar_content":false,"robots_default":true,"robots_noindex":false,"robots_noarchive":false,"robots_nosnippet":false,"robots_nofollow":false,"robots_noimageindex":false,"robots_noodp":false,"robots_notranslate":false,"robots_max_snippet":null,"robots_max_videopreview":null,"robots_max_imagepreview":"large","priority":null,"frequency":null,"local_seo":null,"seo_analyzer_scan_date":"2026-01-20 10:30:46","breadcrumb_settings":null,"limit_modified_date":false,"reviewed_by":null,"open_ai":null,"ai":null,"created":"2026-01-14 06:17:37","updated":"2026-04-22 16:32:01"},"aioseo_breadcrumb":"<div class=\"aioseo-breadcrumbs\"><span class=\"aioseo-breadcrumb\">\n\t<a href=\"https:\/\/hidalgo.nl\/de\/\" title=\"Home\">Home<\/a>\n<\/span><span class=\"aioseo-breadcrumb-separator\">\u00bb<\/span><span class=\"aioseo-breadcrumb\">\n\t<a href=\"https:\/\/hidalgo.nl\/example\/\" title=\"example\">example<\/a>\n<\/span><span class=\"aioseo-breadcrumb-separator\">\u00bb<\/span><span class=\"aioseo-breadcrumb\">\n\t<a href=\"https:\/\/hidalgo.nl\/en\/product-supplier\/a58\/\" title=\"A58\">A58<\/a>\n<\/span><span class=\"aioseo-breadcrumb-separator\">\u00bb<\/span><span class=\"aioseo-breadcrumb\">\n\tWaterman Graduate balpen\n<\/span><\/div>","aioseo_breadcrumb_json":[{"label":"Home","link":"https:\/\/hidalgo.nl\/de\/"},{"label":"example","link":"https:\/\/hidalgo.nl\/example\/"},{"label":"A58","link":"https:\/\/hidalgo.nl\/en\/product-supplier\/a58\/"},{"label":"Waterman Graduate balpen","link":"https:\/\/hidalgo.nl\/de\/product\/13398\/waterman-graduate-kugelschreiber-bedrucken-silber-metall-m\/"}],"_links":{"self":[{"href":"https:\/\/hidalgo.nl\/de\/wp-json\/wp\/v2\/product\/13398","targetHints":{"allow":["GET"]}}],"collection":[{"href":"https:\/\/hidalgo.nl\/de\/wp-json\/wp\/v2\/product"}],"about":[{"href":"https:\/\/hidalgo.nl\/de\/wp-json\/wp\/v2\/types\/product"}],"wp:featuredmedia":[{"embeddable":true,"href":"https:\/\/hidalgo.nl\/de\/wp-json\/wp\/v2\/media\/13399"}],"wp:attachment":[{"href":"https:\/\/hidalgo.nl\/de\/wp-json\/wp\/v2\/media?parent=13398"}],"wp:term":[{"taxonomy":"product_brand","embeddable":true,"href":"https:\/\/hidalgo.nl\/de\/wp-json\/wp\/v2\/product_brand?post=13398"},{"taxonomy":"product_cat","embeddable":true,"href":"https:\/\/hidalgo.nl\/de\/wp-json\/wp\/v2\/product_cat?post=13398"},{"taxonomy":"product_tag","embeddable":true,"href":"https:\/\/hidalgo.nl\/de\/wp-json\/wp\/v2\/product_tag?post=13398"}],"curies":[{"name":"wp","href":"https:\/\/api.w.org\/{rel}","templated":true}]}}