{"id":133911,"date":"2025-07-09T08:58:23","date_gmt":"2025-07-09T08:58:23","guid":{"rendered":"http:\/\/bidonsenshakers.pim.hidalgo.nl\/product\/headlight-cob-lampje\/"},"modified":"2026-03-21T02:10:36","modified_gmt":"2026-03-21T02:10:36","slug":"headlight-cob-lampje","status":"publish","type":"product","link":"https:\/\/hidalgo.nl\/de\/product\/headlight-cob-lampje\/","title":{"rendered":"HeadLight COB lampje"},"content":{"rendered":"<p>ABS hoofdlampje met COB LED. Geeft enorm fel, wit licht. Aan verstelbare, elastische band. Uiterst geschikt voor buitenactiviteiten in het donker. Incl. celbatterijen. Per stuk in kraft doos.<\/p>\n","protected":false},"excerpt":{"rendered":"<p>ABS hoofdlampje met COB LED. Geeft enorm fel, wit licht. Aan verstelbare, elastische band. Uiterst geschikt voor buitenactiviteiten in het donker. Incl. celbatterijen. Per stuk in kraft doos.<\/p>\n","protected":false},"featured_media":133912,"template":"","meta":{"_acf_changed":false,"om_disable_all_campaigns":false,"_monsterinsights_skip_tracking":false,"_monsterinsights_sitenote_active":false,"_monsterinsights_sitenote_note":"","_monsterinsights_sitenote_category":0},"product_brand":[],"product_cat":[4808,4719],"product_tag":[],"class_list":{"0":"post-133911","1":"product","2":"type-product","3":"status-publish","4":"has-post-thumbnail","6":"product_supplier-a24","7":"product_material-kunststof","8":"product_cat-gereedschap","9":"product_cat-promotionele-artikelen","10":"entry","12":"first","13":"instock","14":"taxable","15":"shipping-taxable","16":"purchasable","17":"product-type-variable"},"acf":{"imprint_cost":[{"imprint_cost_key":"5a53379afb650d9bd38273d4977f31d6ec6eb417","product_quantity_price_range":[{"imprint_cost_recommended_selling_price":"2.085","imprint_cost_recommended_selling_quantity":"1"},{"imprint_cost_recommended_selling_price":"1.485","imprint_cost_recommended_selling_quantity":"25"},{"imprint_cost_recommended_selling_price":"0.885","imprint_cost_recommended_selling_quantity":"50"},{"imprint_cost_recommended_selling_price":"0.525","imprint_cost_recommended_selling_quantity":"100"},{"imprint_cost_recommended_selling_price":"0.42","imprint_cost_recommended_selling_quantity":"250"},{"imprint_cost_recommended_selling_price":"0.375","imprint_cost_recommended_selling_quantity":"500"},{"imprint_cost_recommended_selling_price":"0.33","imprint_cost_recommended_selling_quantity":"1000"},{"imprint_cost_recommended_selling_price":"0.285","imprint_cost_recommended_selling_quantity":"2500"},{"imprint_cost_recommended_selling_price":"0.255","imprint_cost_recommended_selling_quantity":"5000"}],"product_quantity_price_range_buying":[{"imprint_cost_general_buying_price":"1.39","imprint_cost_general_buying_quantity":"1"},{"imprint_cost_general_buying_price":"0.99","imprint_cost_general_buying_quantity":"25"},{"imprint_cost_general_buying_price":"0.59","imprint_cost_general_buying_quantity":"50"},{"imprint_cost_general_buying_price":"0.35","imprint_cost_general_buying_quantity":"100"},{"imprint_cost_general_buying_price":"0.28","imprint_cost_general_buying_quantity":"250"},{"imprint_cost_general_buying_price":"0.25","imprint_cost_general_buying_quantity":"500"},{"imprint_cost_general_buying_price":"0.22","imprint_cost_general_buying_quantity":"1000"},{"imprint_cost_general_buying_price":"0.19","imprint_cost_general_buying_quantity":"2500"},{"imprint_cost_general_buying_price":"0.17","imprint_cost_general_buying_quantity":"5000"}],"imprint_cost_setup_costs":"45","imprint_cost_handling_costs":"0.18"},{"imprint_cost_key":"278a69a8060f7276a9013e380a81301b40e34a30","product_quantity_price_range":[{"imprint_cost_recommended_selling_price":"2.085","imprint_cost_recommended_selling_quantity":"1"},{"imprint_cost_recommended_selling_price":"1.485","imprint_cost_recommended_selling_quantity":"25"},{"imprint_cost_recommended_selling_price":"0.885","imprint_cost_recommended_selling_quantity":"50"},{"imprint_cost_recommended_selling_price":"0.525","imprint_cost_recommended_selling_quantity":"100"},{"imprint_cost_recommended_selling_price":"0.42","imprint_cost_recommended_selling_quantity":"250"},{"imprint_cost_recommended_selling_price":"0.375","imprint_cost_recommended_selling_quantity":"500"},{"imprint_cost_recommended_selling_price":"0.33","imprint_cost_recommended_selling_quantity":"1000"},{"imprint_cost_recommended_selling_price":"0.285","imprint_cost_recommended_selling_quantity":"2500"},{"imprint_cost_recommended_selling_price":"0.255","imprint_cost_recommended_selling_quantity":"5000"}],"product_quantity_price_range_buying":[{"imprint_cost_general_buying_price":"1.39","imprint_cost_general_buying_quantity":"1"},{"imprint_cost_general_buying_price":"0.99","imprint_cost_general_buying_quantity":"25"},{"imprint_cost_general_buying_price":"0.59","imprint_cost_general_buying_quantity":"50"},{"imprint_cost_general_buying_price":"0.35","imprint_cost_general_buying_quantity":"100"},{"imprint_cost_general_buying_price":"0.28","imprint_cost_general_buying_quantity":"250"},{"imprint_cost_general_buying_price":"0.25","imprint_cost_general_buying_quantity":"500"},{"imprint_cost_general_buying_price":"0.22","imprint_cost_general_buying_quantity":"1000"},{"imprint_cost_general_buying_price":"0.19","imprint_cost_general_buying_quantity":"2500"},{"imprint_cost_general_buying_price":"0.17","imprint_cost_general_buying_quantity":"5000"}],"imprint_cost_setup_costs":"45","imprint_cost_handling_costs":"0.18"}]},"aioseo_notices":[],"aioseo_head":"\n\t\t<!-- All in One SEO Pro 4.9.6.2 - aioseo.com -->\n\t<meta name=\"description\" content=\"Du beh\u00e4ltst beide H\u00e4nde frei, w\u00e4hrend die robuste Kopflampe aus ABS mit COB hellwei\u00dfes Licht liefert; das elastische Band passt sich bequem an. Bei Hidalgo l\u00e4sst du dein Logo pr\u00e4zise auf die Leuchte drucken, ideal f\u00fcr Outdoor, Werkstatt &amp; Events.\" \/>\n\t<meta name=\"robots\" content=\"max-image-preview:large\" \/>\n\t<link rel=\"canonical\" href=\"https:\/\/hidalgo.nl\/de\/wp-json\/wp\/v2\/product\/133911\" \/>\n\t<meta name=\"generator\" content=\"All in One SEO Pro (AIOSEO) 4.9.6.2\" \/>\n\t\t<meta property=\"og:locale\" content=\"de_DE\" \/>\n\t\t<meta property=\"og:site_name\" content=\"Hidalgo -\" \/>\n\t\t<meta property=\"og:type\" content=\"article\" \/>\n\t\t<meta property=\"og:title\" content=\"HeadLight COB lampje\" \/>\n\t\t<meta property=\"og:description\" content=\"Du beh\u00e4ltst beide H\u00e4nde frei, w\u00e4hrend die robuste Kopflampe aus ABS mit COB hellwei\u00dfes Licht liefert; das elastische Band passt sich bequem an. Bei Hidalgo l\u00e4sst du dein Logo pr\u00e4zise auf die Leuchte drucken, ideal f\u00fcr Outdoor, Werkstatt &amp; Events.\" \/>\n\t\t<meta property=\"og:url\" content=\"https:\/\/hidalgo.nl\/de\/wp-json\/wp\/v2\/product\/133911\" \/>\n\t\t<meta property=\"og:image\" content=\"https:\/\/shop.hidalgo.nl\/wp-content\/uploads\/2025\/11\/cropped-Hidalgo-est1993.png\" \/>\n\t\t<meta property=\"og:image:secure_url\" content=\"https:\/\/shop.hidalgo.nl\/wp-content\/uploads\/2025\/11\/cropped-Hidalgo-est1993.png\" \/>\n\t\t<meta property=\"article:published_time\" content=\"2025-07-09T08:58:23+00:00\" \/>\n\t\t<meta property=\"article:modified_time\" content=\"2026-03-21T02:10:36+00:00\" \/>\n\t\t<meta name=\"twitter:card\" content=\"summary_large_image\" \/>\n\t\t<meta name=\"twitter:title\" content=\"HeadLight COB lampje\" \/>\n\t\t<meta name=\"twitter:description\" content=\"Du beh\u00e4ltst beide H\u00e4nde frei, w\u00e4hrend die robuste Kopflampe aus ABS mit COB hellwei\u00dfes Licht liefert; das elastische Band passt sich bequem an. Bei Hidalgo l\u00e4sst du dein Logo pr\u00e4zise auf die Leuchte drucken, ideal f\u00fcr Outdoor, Werkstatt &amp; Events.\" \/>\n\t\t<meta name=\"twitter:image\" content=\"https:\/\/shop.hidalgo.nl\/wp-content\/uploads\/2025\/11\/cropped-Hidalgo-est1993.png\" \/>\n\t\t<script type=\"application\/ld+json\" class=\"aioseo-schema\">\n\t\t\t{\"@context\":\"https:\\\/\\\/schema.org\",\"@graph\":[{\"@type\":\"BreadcrumbList\",\"@id\":\"https:\\\/\\\/hidalgo.nl\\\/de\\\/product\\\/headlight-cob-lampje\\\/#breadcrumblist\",\"itemListElement\":[{\"@type\":\"ListItem\",\"@id\":\"https:\\\/\\\/hidalgo.nl\\\/de\\\/#listItem\",\"position\":1,\"name\":\"Home\",\"item\":\"https:\\\/\\\/hidalgo.nl\\\/de\\\/\",\"nextItem\":{\"@type\":\"ListItem\",\"@id\":\"https:\\\/\\\/hidalgo.nl\\\/example\\\/#listItem\",\"name\":\"example\"}},{\"@type\":\"ListItem\",\"@id\":\"https:\\\/\\\/hidalgo.nl\\\/example\\\/#listItem\",\"position\":2,\"name\":\"example\",\"item\":\"https:\\\/\\\/hidalgo.nl\\\/example\\\/\",\"nextItem\":{\"@type\":\"ListItem\",\"@id\":\"https:\\\/\\\/hidalgo.nl\\\/en\\\/product-supplier\\\/a24\\\/#listItem\",\"name\":\"A24\"},\"previousItem\":{\"@type\":\"ListItem\",\"@id\":\"https:\\\/\\\/hidalgo.nl\\\/de\\\/#listItem\",\"name\":\"Home\"}},{\"@type\":\"ListItem\",\"@id\":\"https:\\\/\\\/hidalgo.nl\\\/en\\\/product-supplier\\\/a24\\\/#listItem\",\"position\":3,\"name\":\"A24\",\"item\":\"https:\\\/\\\/hidalgo.nl\\\/en\\\/product-supplier\\\/a24\\\/\",\"nextItem\":{\"@type\":\"ListItem\",\"@id\":\"https:\\\/\\\/hidalgo.nl\\\/de\\\/product\\\/headlight-cob-lampje\\\/#listItem\",\"name\":\"HeadLight COB lampje\"},\"previousItem\":{\"@type\":\"ListItem\",\"@id\":\"https:\\\/\\\/hidalgo.nl\\\/example\\\/#listItem\",\"name\":\"example\"}},{\"@type\":\"ListItem\",\"@id\":\"https:\\\/\\\/hidalgo.nl\\\/de\\\/product\\\/headlight-cob-lampje\\\/#listItem\",\"position\":4,\"name\":\"HeadLight COB lampje\",\"previousItem\":{\"@type\":\"ListItem\",\"@id\":\"https:\\\/\\\/hidalgo.nl\\\/en\\\/product-supplier\\\/a24\\\/#listItem\",\"name\":\"A24\"}}]},{\"@type\":\"ItemPage\",\"@id\":\"https:\\\/\\\/hidalgo.nl\\\/de\\\/product\\\/headlight-cob-lampje\\\/#itempage\",\"url\":\"https:\\\/\\\/hidalgo.nl\\\/de\\\/product\\\/headlight-cob-lampje\\\/\",\"name\":\"HeadLight COB lampje\",\"description\":\"Du beh\\u00e4ltst beide H\\u00e4nde frei, w\\u00e4hrend die robuste Kopflampe aus ABS mit COB hellwei\\u00dfes Licht liefert; das elastische Band passt sich bequem an. Bei Hidalgo l\\u00e4sst du dein Logo pr\\u00e4zise auf die Leuchte drucken, ideal f\\u00fcr Outdoor, Werkstatt & Events.\",\"inLanguage\":\"de-DE\",\"isPartOf\":{\"@id\":\"https:\\\/\\\/hidalgo.nl\\\/de\\\/#website\"},\"breadcrumb\":{\"@id\":\"https:\\\/\\\/hidalgo.nl\\\/de\\\/product\\\/headlight-cob-lampje\\\/#breadcrumblist\"},\"image\":{\"@type\":\"ImageObject\",\"url\":\"https:\\\/\\\/shop.hidalgo.nl\\\/wp-content\\\/uploads\\\/2025\\\/05\\\/eb137c0e69ee2824504eb91309b28d576c92cdc83ed1903e1574f0f129cf6630.jpg\",\"@id\":\"https:\\\/\\\/hidalgo.nl\\\/de\\\/product\\\/headlight-cob-lampje\\\/#mainImage\",\"width\":1000,\"height\":1000},\"primaryImageOfPage\":{\"@id\":\"https:\\\/\\\/hidalgo.nl\\\/de\\\/product\\\/headlight-cob-lampje\\\/#mainImage\"},\"datePublished\":\"2025-07-09T08:58:23+00:00\",\"dateModified\":\"2026-03-21T02:10:36+00:00\"},{\"@type\":\"Organization\",\"@id\":\"https:\\\/\\\/hidalgo.nl\\\/de\\\/#organization\",\"name\":\"Hidalgo\",\"url\":\"https:\\\/\\\/hidalgo.nl\\\/de\\\/\",\"logo\":{\"@type\":\"ImageObject\",\"url\":\"https:\\\/\\\/shop.hidalgo.nl\\\/wp-content\\\/uploads\\\/2025\\\/11\\\/cropped-Hidalgo-est1993.png\",\"@id\":\"https:\\\/\\\/hidalgo.nl\\\/de\\\/product\\\/headlight-cob-lampje\\\/#organizationLogo\",\"width\":585,\"height\":195},\"image\":{\"@id\":\"https:\\\/\\\/hidalgo.nl\\\/de\\\/product\\\/headlight-cob-lampje\\\/#organizationLogo\"}},{\"@type\":\"WebPage\",\"@id\":\"https:\\\/\\\/hidalgo.nl\\\/de\\\/product\\\/headlight-cob-lampje\\\/#webpage\",\"url\":\"https:\\\/\\\/hidalgo.nl\\\/de\\\/product\\\/headlight-cob-lampje\\\/\",\"name\":\"HeadLight COB lampje\",\"description\":\"Du beh\\u00e4ltst beide H\\u00e4nde frei, w\\u00e4hrend die robuste Kopflampe aus ABS mit COB hellwei\\u00dfes Licht liefert; das elastische Band passt sich bequem an. Bei Hidalgo l\\u00e4sst du dein Logo pr\\u00e4zise auf die Leuchte drucken, ideal f\\u00fcr Outdoor, Werkstatt & Events.\",\"inLanguage\":\"de-DE\",\"isPartOf\":{\"@id\":\"https:\\\/\\\/hidalgo.nl\\\/de\\\/#website\"},\"breadcrumb\":{\"@id\":\"https:\\\/\\\/hidalgo.nl\\\/de\\\/product\\\/headlight-cob-lampje\\\/#breadcrumblist\"},\"image\":{\"@type\":\"ImageObject\",\"url\":\"https:\\\/\\\/shop.hidalgo.nl\\\/wp-content\\\/uploads\\\/2025\\\/05\\\/eb137c0e69ee2824504eb91309b28d576c92cdc83ed1903e1574f0f129cf6630.jpg\",\"@id\":\"https:\\\/\\\/hidalgo.nl\\\/de\\\/product\\\/headlight-cob-lampje\\\/#mainImage\",\"width\":1000,\"height\":1000},\"primaryImageOfPage\":{\"@id\":\"https:\\\/\\\/hidalgo.nl\\\/de\\\/product\\\/headlight-cob-lampje\\\/#mainImage\"},\"datePublished\":\"2025-07-09T08:58:23+00:00\",\"dateModified\":\"2026-03-21T02:10:36+00:00\"},{\"@type\":\"WebSite\",\"@id\":\"https:\\\/\\\/hidalgo.nl\\\/de\\\/#website\",\"url\":\"https:\\\/\\\/hidalgo.nl\\\/de\\\/\",\"name\":\"Hidalgo\",\"inLanguage\":\"de-DE\",\"publisher\":{\"@id\":\"https:\\\/\\\/hidalgo.nl\\\/de\\\/#organization\"}}]}\n\t\t<\/script>\n\t\t<!-- All in One SEO Pro -->\r\n\t\t<title>HeadLight COB lampje<\/title>\n\n","aioseo_head_json":{"title":"HeadLight COB lampje","description":"Du beh\u00e4ltst beide H\u00e4nde frei, w\u00e4hrend die robuste Kopflampe aus ABS mit COB hellwei\u00dfes Licht liefert; das elastische Band passt sich bequem an. Bei Hidalgo l\u00e4sst du dein Logo pr\u00e4zise auf die Leuchte drucken, ideal f\u00fcr Outdoor, Werkstatt & Events.","canonical_url":"https:\/\/hidalgo.nl\/de\/wp-json\/wp\/v2\/product\/133911","robots":"max-image-preview:large","keywords":"","webmasterTools":{"miscellaneous":""},"schema":{"@context":"https:\/\/schema.org","@graph":[{"@type":"BreadcrumbList","@id":"https:\/\/hidalgo.nl\/de\/product\/headlight-cob-lampje\/#breadcrumblist","itemListElement":[{"@type":"ListItem","@id":"https:\/\/hidalgo.nl\/de\/#listItem","position":1,"name":"Home","item":"https:\/\/hidalgo.nl\/de\/","nextItem":{"@type":"ListItem","@id":"https:\/\/hidalgo.nl\/example\/#listItem","name":"example"}},{"@type":"ListItem","@id":"https:\/\/hidalgo.nl\/example\/#listItem","position":2,"name":"example","item":"https:\/\/hidalgo.nl\/example\/","nextItem":{"@type":"ListItem","@id":"https:\/\/hidalgo.nl\/en\/product-supplier\/a24\/#listItem","name":"A24"},"previousItem":{"@type":"ListItem","@id":"https:\/\/hidalgo.nl\/de\/#listItem","name":"Home"}},{"@type":"ListItem","@id":"https:\/\/hidalgo.nl\/en\/product-supplier\/a24\/#listItem","position":3,"name":"A24","item":"https:\/\/hidalgo.nl\/en\/product-supplier\/a24\/","nextItem":{"@type":"ListItem","@id":"https:\/\/hidalgo.nl\/de\/product\/headlight-cob-lampje\/#listItem","name":"HeadLight COB lampje"},"previousItem":{"@type":"ListItem","@id":"https:\/\/hidalgo.nl\/example\/#listItem","name":"example"}},{"@type":"ListItem","@id":"https:\/\/hidalgo.nl\/de\/product\/headlight-cob-lampje\/#listItem","position":4,"name":"HeadLight COB lampje","previousItem":{"@type":"ListItem","@id":"https:\/\/hidalgo.nl\/en\/product-supplier\/a24\/#listItem","name":"A24"}}]},{"@type":"ItemPage","@id":"https:\/\/hidalgo.nl\/de\/product\/headlight-cob-lampje\/#itempage","url":"https:\/\/hidalgo.nl\/de\/product\/headlight-cob-lampje\/","name":"HeadLight COB lampje","description":"Du beh\u00e4ltst beide H\u00e4nde frei, w\u00e4hrend die robuste Kopflampe aus ABS mit COB hellwei\u00dfes Licht liefert; das elastische Band passt sich bequem an. Bei Hidalgo l\u00e4sst du dein Logo pr\u00e4zise auf die Leuchte drucken, ideal f\u00fcr Outdoor, Werkstatt & Events.","inLanguage":"de-DE","isPartOf":{"@id":"https:\/\/hidalgo.nl\/de\/#website"},"breadcrumb":{"@id":"https:\/\/hidalgo.nl\/de\/product\/headlight-cob-lampje\/#breadcrumblist"},"image":{"@type":"ImageObject","url":"https:\/\/shop.hidalgo.nl\/wp-content\/uploads\/2025\/05\/eb137c0e69ee2824504eb91309b28d576c92cdc83ed1903e1574f0f129cf6630.jpg","@id":"https:\/\/hidalgo.nl\/de\/product\/headlight-cob-lampje\/#mainImage","width":1000,"height":1000},"primaryImageOfPage":{"@id":"https:\/\/hidalgo.nl\/de\/product\/headlight-cob-lampje\/#mainImage"},"datePublished":"2025-07-09T08:58:23+00:00","dateModified":"2026-03-21T02:10:36+00:00"},{"@type":"Organization","@id":"https:\/\/hidalgo.nl\/de\/#organization","name":"Hidalgo","url":"https:\/\/hidalgo.nl\/de\/","logo":{"@type":"ImageObject","url":"https:\/\/shop.hidalgo.nl\/wp-content\/uploads\/2025\/11\/cropped-Hidalgo-est1993.png","@id":"https:\/\/hidalgo.nl\/de\/product\/headlight-cob-lampje\/#organizationLogo","width":585,"height":195},"image":{"@id":"https:\/\/hidalgo.nl\/de\/product\/headlight-cob-lampje\/#organizationLogo"}},{"@type":"WebPage","@id":"https:\/\/hidalgo.nl\/de\/product\/headlight-cob-lampje\/#webpage","url":"https:\/\/hidalgo.nl\/de\/product\/headlight-cob-lampje\/","name":"HeadLight COB lampje","description":"Du beh\u00e4ltst beide H\u00e4nde frei, w\u00e4hrend die robuste Kopflampe aus ABS mit COB hellwei\u00dfes Licht liefert; das elastische Band passt sich bequem an. Bei Hidalgo l\u00e4sst du dein Logo pr\u00e4zise auf die Leuchte drucken, ideal f\u00fcr Outdoor, Werkstatt & Events.","inLanguage":"de-DE","isPartOf":{"@id":"https:\/\/hidalgo.nl\/de\/#website"},"breadcrumb":{"@id":"https:\/\/hidalgo.nl\/de\/product\/headlight-cob-lampje\/#breadcrumblist"},"image":{"@type":"ImageObject","url":"https:\/\/shop.hidalgo.nl\/wp-content\/uploads\/2025\/05\/eb137c0e69ee2824504eb91309b28d576c92cdc83ed1903e1574f0f129cf6630.jpg","@id":"https:\/\/hidalgo.nl\/de\/product\/headlight-cob-lampje\/#mainImage","width":1000,"height":1000},"primaryImageOfPage":{"@id":"https:\/\/hidalgo.nl\/de\/product\/headlight-cob-lampje\/#mainImage"},"datePublished":"2025-07-09T08:58:23+00:00","dateModified":"2026-03-21T02:10:36+00:00"},{"@type":"WebSite","@id":"https:\/\/hidalgo.nl\/de\/#website","url":"https:\/\/hidalgo.nl\/de\/","name":"Hidalgo","inLanguage":"de-DE","publisher":{"@id":"https:\/\/hidalgo.nl\/de\/#organization"}}]},"og:locale":"de_DE","og:site_name":"Hidalgo -","og:type":"article","og:title":"HeadLight COB lampje","og:description":"Du beh\u00e4ltst beide H\u00e4nde frei, w\u00e4hrend die robuste Kopflampe aus ABS mit COB hellwei\u00dfes Licht liefert; das elastische Band passt sich bequem an. Bei Hidalgo l\u00e4sst du dein Logo pr\u00e4zise auf die Leuchte drucken, ideal f\u00fcr Outdoor, Werkstatt &amp; Events.","og:url":"https:\/\/hidalgo.nl\/de\/wp-json\/wp\/v2\/product\/133911","og:image":"https:\/\/shop.hidalgo.nl\/wp-content\/uploads\/2025\/11\/cropped-Hidalgo-est1993.png","og:image:secure_url":"https:\/\/shop.hidalgo.nl\/wp-content\/uploads\/2025\/11\/cropped-Hidalgo-est1993.png","article:published_time":"2025-07-09T08:58:23+00:00","article:modified_time":"2026-03-21T02:10:36+00:00","twitter:card":"summary_large_image","twitter:title":"HeadLight COB lampje","twitter:description":"Du beh\u00e4ltst beide H\u00e4nde frei, w\u00e4hrend die robuste Kopflampe aus ABS mit COB hellwei\u00dfes Licht liefert; das elastische Band passt sich bequem an. Bei Hidalgo l\u00e4sst du dein Logo pr\u00e4zise auf die Leuchte drucken, ideal f\u00fcr Outdoor, Werkstatt &amp; Events.","twitter:image":"https:\/\/shop.hidalgo.nl\/wp-content\/uploads\/2025\/11\/cropped-Hidalgo-est1993.png"},"aioseo_meta_data":{"post_id":"133911","title":null,"description":null,"keywords":null,"keyphrases":null,"primary_term":null,"canonical_url":null,"og_title":null,"og_description":null,"og_object_type":"default","og_image_type":"default","og_image_url":null,"og_image_width":null,"og_image_height":null,"og_image_custom_url":null,"og_image_custom_fields":null,"og_video":null,"og_custom_url":null,"og_article_section":null,"og_article_tags":null,"twitter_use_og":false,"twitter_card":"default","twitter_image_type":"default","twitter_image_url":null,"twitter_image_custom_url":null,"twitter_image_custom_fields":null,"twitter_title":null,"twitter_description":null,"schema":{"blockGraphs":[],"customGraphs":[],"default":{"data":{"Article":[],"Course":[],"Dataset":[],"FAQPage":[],"Movie":[],"Person":[],"Product":[],"ProductReview":[],"Car":[],"Recipe":[],"Service":[],"SoftwareApplication":[],"WebPage":[]},"graphName":"","isEnabled":true},"graphs":[]},"schema_type":"default","schema_type_options":null,"pillar_content":false,"robots_default":true,"robots_noindex":false,"robots_noarchive":false,"robots_nosnippet":false,"robots_nofollow":false,"robots_noimageindex":false,"robots_noodp":false,"robots_notranslate":false,"robots_max_snippet":null,"robots_max_videopreview":null,"robots_max_imagepreview":"large","priority":null,"frequency":null,"local_seo":null,"seo_analyzer_scan_date":"2026-01-22 10:53:28","breadcrumb_settings":null,"limit_modified_date":false,"reviewed_by":null,"open_ai":null,"ai":null,"created":"2026-01-14 06:25:38","updated":"2026-03-21 03:10:02"},"aioseo_breadcrumb":"<div class=\"aioseo-breadcrumbs\"><span class=\"aioseo-breadcrumb\">\n\t<a href=\"https:\/\/hidalgo.nl\/de\/\" title=\"Home\">Home<\/a>\n<\/span><span class=\"aioseo-breadcrumb-separator\">\u00bb<\/span><span class=\"aioseo-breadcrumb\">\n\t<a href=\"https:\/\/hidalgo.nl\/example\/\" title=\"example\">example<\/a>\n<\/span><span class=\"aioseo-breadcrumb-separator\">\u00bb<\/span><span class=\"aioseo-breadcrumb\">\n\t<a href=\"https:\/\/hidalgo.nl\/en\/product-supplier\/a24\/\" title=\"A24\">A24<\/a>\n<\/span><span class=\"aioseo-breadcrumb-separator\">\u00bb<\/span><span class=\"aioseo-breadcrumb\">\n\tHeadLight COB lampje\n<\/span><\/div>","aioseo_breadcrumb_json":[{"label":"Home","link":"https:\/\/hidalgo.nl\/de\/"},{"label":"example","link":"https:\/\/hidalgo.nl\/example\/"},{"label":"A24","link":"https:\/\/hidalgo.nl\/en\/product-supplier\/a24\/"},{"label":"HeadLight COB lampje","link":"https:\/\/hidalgo.nl\/de\/product\/headlight-cob-lampje\/"}],"_links":{"self":[{"href":"https:\/\/hidalgo.nl\/de\/wp-json\/wp\/v2\/product\/133911","targetHints":{"allow":["GET"]}}],"collection":[{"href":"https:\/\/hidalgo.nl\/de\/wp-json\/wp\/v2\/product"}],"about":[{"href":"https:\/\/hidalgo.nl\/de\/wp-json\/wp\/v2\/types\/product"}],"wp:featuredmedia":[{"embeddable":true,"href":"https:\/\/hidalgo.nl\/de\/wp-json\/wp\/v2\/media\/133912"}],"wp:attachment":[{"href":"https:\/\/hidalgo.nl\/de\/wp-json\/wp\/v2\/media?parent=133911"}],"wp:term":[{"taxonomy":"product_brand","embeddable":true,"href":"https:\/\/hidalgo.nl\/de\/wp-json\/wp\/v2\/product_brand?post=133911"},{"taxonomy":"product_cat","embeddable":true,"href":"https:\/\/hidalgo.nl\/de\/wp-json\/wp\/v2\/product_cat?post=133911"},{"taxonomy":"product_tag","embeddable":true,"href":"https:\/\/hidalgo.nl\/de\/wp-json\/wp\/v2\/product_tag?post=133911"}],"curies":[{"name":"wp","href":"https:\/\/api.w.org\/{rel}","templated":true}]}}