{"id":133512,"date":"2025-07-09T08:41:42","date_gmt":"2025-07-09T08:41:42","guid":{"rendered":"http:\/\/bidonsenshakers.pim.hidalgo.nl\/product\/feltro-grs-rpet-coolshopper-koeltas\/"},"modified":"2026-03-21T02:05:52","modified_gmt":"2026-03-21T02:05:52","slug":"feltro-grs-rpet-coolshopper-koeltas","status":"publish","type":"product","link":"https:\/\/hidalgo.nl\/de\/product\/feltro-grs-rpet-coolshopper-koeltas\/","title":{"rendered":"Feltro GRS RPET CoolShopper koeltas"},"content":{"rendered":"<p>Royale shopper\/koeltas van RPET vilt met isolerende, aluminium binnenzijde. Ideaal voor het vervoeren van diepvriesproducten en ook geschikt om eten en drinken koel te houden tijdens een dagje weg. Een tijdloos en breed model met lange hengsels, een ritssluiting en insteekvak aan de voorzijde. GRS-gecertificeerd. Totaal gerecycled materiaal: 55%. Inhoud ca. 20 liter.<\/p>\n","protected":false},"excerpt":{"rendered":"<p>Royale shopper\/koeltas van RPET vilt met isolerende, aluminium binnenzijde. Ideaal voor het vervoeren van diepvriesproducten en ook geschikt om eten en drinken koel te houden tijdens een dagje weg. Een tijdloos en breed model met lange hengsels, een ritssluiting en insteekvak aan de voorzijde. GRS-gecertificeerd. Totaal gerecycled materiaal: 55%. Inhoud ca. 20 liter.<\/p>\n","protected":false},"featured_media":133513,"template":"","meta":{"_acf_changed":false,"om_disable_all_campaigns":false,"_monsterinsights_skip_tracking":false,"_monsterinsights_sitenote_active":false,"_monsterinsights_sitenote_note":"","_monsterinsights_sitenote_category":0},"product_brand":[],"product_cat":[4827,4713],"product_tag":[],"class_list":{"0":"post-133512","1":"product","2":"type-product","3":"status-publish","4":"has-post-thumbnail","6":"product_supplier-a24","7":"product_material-rpet-viltaluminium","8":"product_cat-koeltassen","9":"product_cat-tassen","10":"entry","12":"first","13":"instock","14":"taxable","15":"shipping-taxable","16":"purchasable","17":"product-type-variable"},"acf":{"imprint_cost":[{"imprint_cost_key":"dc0bcec37cbc50594aa954ce797eeea54dec178b","product_quantity_price_range":[{"imprint_cost_recommended_selling_price":"3.045","imprint_cost_recommended_selling_quantity":"1"},{"imprint_cost_recommended_selling_price":"2.13","imprint_cost_recommended_selling_quantity":"25"},{"imprint_cost_recommended_selling_price":"1.41","imprint_cost_recommended_selling_quantity":"50"},{"imprint_cost_recommended_selling_price":"0.81","imprint_cost_recommended_selling_quantity":"100"},{"imprint_cost_recommended_selling_price":"0.69","imprint_cost_recommended_selling_quantity":"250"},{"imprint_cost_recommended_selling_price":"0.57","imprint_cost_recommended_selling_quantity":"500"},{"imprint_cost_recommended_selling_price":"0.51","imprint_cost_recommended_selling_quantity":"1000"},{"imprint_cost_recommended_selling_price":"0.465","imprint_cost_recommended_selling_quantity":"2500"},{"imprint_cost_recommended_selling_price":"0.435","imprint_cost_recommended_selling_quantity":"5000"}],"product_quantity_price_range_buying":[{"imprint_cost_general_buying_price":"2.03","imprint_cost_general_buying_quantity":"1"},{"imprint_cost_general_buying_price":"1.42","imprint_cost_general_buying_quantity":"25"},{"imprint_cost_general_buying_price":"0.94","imprint_cost_general_buying_quantity":"50"},{"imprint_cost_general_buying_price":"0.54","imprint_cost_general_buying_quantity":"100"},{"imprint_cost_general_buying_price":"0.46","imprint_cost_general_buying_quantity":"250"},{"imprint_cost_general_buying_price":"0.38","imprint_cost_general_buying_quantity":"500"},{"imprint_cost_general_buying_price":"0.34","imprint_cost_general_buying_quantity":"1000"},{"imprint_cost_general_buying_price":"0.31","imprint_cost_general_buying_quantity":"2500"},{"imprint_cost_general_buying_price":"0.29","imprint_cost_general_buying_quantity":"5000"}],"imprint_cost_setup_costs":"45","imprint_cost_handling_costs":"0.12"},{"imprint_cost_key":"e230d3f30a5f4dd9b7d5455187f3bded6b0bf876","product_quantity_price_range":[{"imprint_cost_recommended_selling_price":"3.045","imprint_cost_recommended_selling_quantity":"1"},{"imprint_cost_recommended_selling_price":"2.13","imprint_cost_recommended_selling_quantity":"25"},{"imprint_cost_recommended_selling_price":"1.41","imprint_cost_recommended_selling_quantity":"50"},{"imprint_cost_recommended_selling_price":"0.81","imprint_cost_recommended_selling_quantity":"100"},{"imprint_cost_recommended_selling_price":"0.69","imprint_cost_recommended_selling_quantity":"250"},{"imprint_cost_recommended_selling_price":"0.57","imprint_cost_recommended_selling_quantity":"500"},{"imprint_cost_recommended_selling_price":"0.51","imprint_cost_recommended_selling_quantity":"1000"},{"imprint_cost_recommended_selling_price":"0.465","imprint_cost_recommended_selling_quantity":"2500"},{"imprint_cost_recommended_selling_price":"0.435","imprint_cost_recommended_selling_quantity":"5000"}],"product_quantity_price_range_buying":[{"imprint_cost_general_buying_price":"2.03","imprint_cost_general_buying_quantity":"1"},{"imprint_cost_general_buying_price":"1.42","imprint_cost_general_buying_quantity":"25"},{"imprint_cost_general_buying_price":"0.94","imprint_cost_general_buying_quantity":"50"},{"imprint_cost_general_buying_price":"0.54","imprint_cost_general_buying_quantity":"100"},{"imprint_cost_general_buying_price":"0.46","imprint_cost_general_buying_quantity":"250"},{"imprint_cost_general_buying_price":"0.38","imprint_cost_general_buying_quantity":"500"},{"imprint_cost_general_buying_price":"0.34","imprint_cost_general_buying_quantity":"1000"},{"imprint_cost_general_buying_price":"0.31","imprint_cost_general_buying_quantity":"2500"},{"imprint_cost_general_buying_price":"0.29","imprint_cost_general_buying_quantity":"5000"}],"imprint_cost_setup_costs":"45","imprint_cost_handling_costs":"0.12"},{"imprint_cost_key":"9011a8987e7a906069004bac95713bf99482982b","product_quantity_price_range":[{"imprint_cost_recommended_selling_price":"1.875","imprint_cost_recommended_selling_quantity":"1"},{"imprint_cost_recommended_selling_price":"1.725","imprint_cost_recommended_selling_quantity":"25"},{"imprint_cost_recommended_selling_price":"1.575","imprint_cost_recommended_selling_quantity":"50"},{"imprint_cost_recommended_selling_price":"1.5","imprint_cost_recommended_selling_quantity":"100"},{"imprint_cost_recommended_selling_price":"1.425","imprint_cost_recommended_selling_quantity":"250"},{"imprint_cost_recommended_selling_price":"1.35","imprint_cost_recommended_selling_quantity":"500"},{"imprint_cost_recommended_selling_price":"1.275","imprint_cost_recommended_selling_quantity":"1000"},{"imprint_cost_recommended_selling_price":"1.23","imprint_cost_recommended_selling_quantity":"2500"},{"imprint_cost_recommended_selling_price":"1.2","imprint_cost_recommended_selling_quantity":"5000"}],"product_quantity_price_range_buying":[{"imprint_cost_general_buying_price":"1.25","imprint_cost_general_buying_quantity":"1"},{"imprint_cost_general_buying_price":"1.15","imprint_cost_general_buying_quantity":"25"},{"imprint_cost_general_buying_price":"1.05","imprint_cost_general_buying_quantity":"50"},{"imprint_cost_general_buying_price":"1","imprint_cost_general_buying_quantity":"100"},{"imprint_cost_general_buying_price":"0.95","imprint_cost_general_buying_quantity":"250"},{"imprint_cost_general_buying_price":"0.9","imprint_cost_general_buying_quantity":"500"},{"imprint_cost_general_buying_price":"0.85","imprint_cost_general_buying_quantity":"1000"},{"imprint_cost_general_buying_price":"0.82","imprint_cost_general_buying_quantity":"2500"},{"imprint_cost_general_buying_price":"0.8","imprint_cost_general_buying_quantity":"5000"}],"imprint_cost_setup_costs":"52.5","imprint_cost_handling_costs":"0"}]},"aioseo_notices":[],"aioseo_head":"\n\t\t<!-- All in One SEO Pro 4.9.6.1 - aioseo.com -->\n\t<meta name=\"description\" content=\"Nachhaltige K\u00fchltasche aus RPET Filz mit ca. 20 Litern Volumen: ideal f\u00fcr Einkauf, Picknick oder Strand. Die Isolierung h\u00e4lt Getr\u00e4nke &amp; Tiefk\u00fchlware k\u00fchl. Hidalgo veredelt sie mit deinem Logo f\u00fcr sichtbare Markenpr\u00e4senz.\" \/>\n\t<meta name=\"robots\" content=\"max-image-preview:large\" \/>\n\t<link rel=\"canonical\" href=\"https:\/\/hidalgo.nl\/de\/wp-json\/wp\/v2\/product\/133512\" \/>\n\t<meta name=\"generator\" content=\"All in One SEO Pro (AIOSEO) 4.9.6.1\" \/>\n\t\t<meta property=\"og:locale\" content=\"de_DE\" \/>\n\t\t<meta property=\"og:site_name\" content=\"Hidalgo -\" \/>\n\t\t<meta property=\"og:type\" content=\"article\" \/>\n\t\t<meta property=\"og:title\" content=\"Feltro GRS RPET CoolShopper koeltas\" \/>\n\t\t<meta property=\"og:description\" content=\"Nachhaltige K\u00fchltasche aus RPET Filz mit ca. 20 Litern Volumen: ideal f\u00fcr Einkauf, Picknick oder Strand. Die Isolierung h\u00e4lt Getr\u00e4nke &amp; Tiefk\u00fchlware k\u00fchl. Hidalgo veredelt sie mit deinem Logo f\u00fcr sichtbare Markenpr\u00e4senz.\" \/>\n\t\t<meta property=\"og:url\" content=\"https:\/\/hidalgo.nl\/de\/wp-json\/wp\/v2\/product\/133512\" \/>\n\t\t<meta property=\"og:image\" content=\"https:\/\/shop.hidalgo.nl\/wp-content\/uploads\/2025\/11\/cropped-Hidalgo-est1993.png\" \/>\n\t\t<meta property=\"og:image:secure_url\" content=\"https:\/\/shop.hidalgo.nl\/wp-content\/uploads\/2025\/11\/cropped-Hidalgo-est1993.png\" \/>\n\t\t<meta property=\"article:published_time\" content=\"2025-07-09T08:41:42+00:00\" \/>\n\t\t<meta property=\"article:modified_time\" content=\"2026-03-21T02:05:52+00:00\" \/>\n\t\t<meta name=\"twitter:card\" content=\"summary_large_image\" \/>\n\t\t<meta name=\"twitter:title\" content=\"Feltro GRS RPET CoolShopper koeltas\" \/>\n\t\t<meta name=\"twitter:description\" content=\"Nachhaltige K\u00fchltasche aus RPET Filz mit ca. 20 Litern Volumen: ideal f\u00fcr Einkauf, Picknick oder Strand. Die Isolierung h\u00e4lt Getr\u00e4nke &amp; Tiefk\u00fchlware k\u00fchl. Hidalgo veredelt sie mit deinem Logo f\u00fcr sichtbare Markenpr\u00e4senz.\" \/>\n\t\t<meta name=\"twitter:image\" content=\"https:\/\/shop.hidalgo.nl\/wp-content\/uploads\/2025\/11\/cropped-Hidalgo-est1993.png\" \/>\n\t\t<script type=\"application\/ld+json\" class=\"aioseo-schema\">\n\t\t\t{\"@context\":\"https:\\\/\\\/schema.org\",\"@graph\":[{\"@type\":\"BreadcrumbList\",\"@id\":\"https:\\\/\\\/hidalgo.nl\\\/de\\\/product\\\/feltro-grs-rpet-coolshopper-koeltas\\\/#breadcrumblist\",\"itemListElement\":[{\"@type\":\"ListItem\",\"@id\":\"https:\\\/\\\/hidalgo.nl\\\/de\\\/#listItem\",\"position\":1,\"name\":\"Home\",\"item\":\"https:\\\/\\\/hidalgo.nl\\\/de\\\/\",\"nextItem\":{\"@type\":\"ListItem\",\"@id\":\"https:\\\/\\\/hidalgo.nl\\\/example\\\/#listItem\",\"name\":\"example\"}},{\"@type\":\"ListItem\",\"@id\":\"https:\\\/\\\/hidalgo.nl\\\/example\\\/#listItem\",\"position\":2,\"name\":\"example\",\"item\":\"https:\\\/\\\/hidalgo.nl\\\/example\\\/\",\"nextItem\":{\"@type\":\"ListItem\",\"@id\":\"https:\\\/\\\/hidalgo.nl\\\/en\\\/product-supplier\\\/a24\\\/#listItem\",\"name\":\"A24\"},\"previousItem\":{\"@type\":\"ListItem\",\"@id\":\"https:\\\/\\\/hidalgo.nl\\\/de\\\/#listItem\",\"name\":\"Home\"}},{\"@type\":\"ListItem\",\"@id\":\"https:\\\/\\\/hidalgo.nl\\\/en\\\/product-supplier\\\/a24\\\/#listItem\",\"position\":3,\"name\":\"A24\",\"item\":\"https:\\\/\\\/hidalgo.nl\\\/en\\\/product-supplier\\\/a24\\\/\",\"nextItem\":{\"@type\":\"ListItem\",\"@id\":\"https:\\\/\\\/hidalgo.nl\\\/de\\\/product\\\/feltro-grs-rpet-coolshopper-koeltas\\\/#listItem\",\"name\":\"Feltro GRS RPET CoolShopper koeltas\"},\"previousItem\":{\"@type\":\"ListItem\",\"@id\":\"https:\\\/\\\/hidalgo.nl\\\/example\\\/#listItem\",\"name\":\"example\"}},{\"@type\":\"ListItem\",\"@id\":\"https:\\\/\\\/hidalgo.nl\\\/de\\\/product\\\/feltro-grs-rpet-coolshopper-koeltas\\\/#listItem\",\"position\":4,\"name\":\"Feltro GRS RPET CoolShopper koeltas\",\"previousItem\":{\"@type\":\"ListItem\",\"@id\":\"https:\\\/\\\/hidalgo.nl\\\/en\\\/product-supplier\\\/a24\\\/#listItem\",\"name\":\"A24\"}}]},{\"@type\":\"ItemPage\",\"@id\":\"https:\\\/\\\/hidalgo.nl\\\/de\\\/product\\\/feltro-grs-rpet-coolshopper-koeltas\\\/#itempage\",\"url\":\"https:\\\/\\\/hidalgo.nl\\\/de\\\/product\\\/feltro-grs-rpet-coolshopper-koeltas\\\/\",\"name\":\"Feltro GRS RPET CoolShopper koeltas\",\"description\":\"Nachhaltige K\\u00fchltasche aus RPET Filz mit ca. 20 Litern Volumen: ideal f\\u00fcr Einkauf, Picknick oder Strand. Die Isolierung h\\u00e4lt Getr\\u00e4nke & Tiefk\\u00fchlware k\\u00fchl. Hidalgo veredelt sie mit deinem Logo f\\u00fcr sichtbare Markenpr\\u00e4senz.\",\"inLanguage\":\"de-DE\",\"isPartOf\":{\"@id\":\"https:\\\/\\\/hidalgo.nl\\\/de\\\/#website\"},\"breadcrumb\":{\"@id\":\"https:\\\/\\\/hidalgo.nl\\\/de\\\/product\\\/feltro-grs-rpet-coolshopper-koeltas\\\/#breadcrumblist\"},\"image\":{\"@type\":\"ImageObject\",\"url\":\"https:\\\/\\\/shop.hidalgo.nl\\\/wp-content\\\/uploads\\\/2025\\\/04\\\/e333f06c96c65f5e097f89a1ae7dfb79fe49f7d71d96c295c8658d8f40ab0dd9-1.jpg\",\"@id\":\"https:\\\/\\\/hidalgo.nl\\\/de\\\/product\\\/feltro-grs-rpet-coolshopper-koeltas\\\/#mainImage\",\"width\":1000,\"height\":1000},\"primaryImageOfPage\":{\"@id\":\"https:\\\/\\\/hidalgo.nl\\\/de\\\/product\\\/feltro-grs-rpet-coolshopper-koeltas\\\/#mainImage\"},\"datePublished\":\"2025-07-09T08:41:42+00:00\",\"dateModified\":\"2026-03-21T02:05:52+00:00\"},{\"@type\":\"Organization\",\"@id\":\"https:\\\/\\\/hidalgo.nl\\\/de\\\/#organization\",\"name\":\"Hidalgo\",\"url\":\"https:\\\/\\\/hidalgo.nl\\\/de\\\/\",\"logo\":{\"@type\":\"ImageObject\",\"url\":\"https:\\\/\\\/shop.hidalgo.nl\\\/wp-content\\\/uploads\\\/2025\\\/11\\\/cropped-Hidalgo-est1993.png\",\"@id\":\"https:\\\/\\\/hidalgo.nl\\\/de\\\/product\\\/feltro-grs-rpet-coolshopper-koeltas\\\/#organizationLogo\",\"width\":585,\"height\":195},\"image\":{\"@id\":\"https:\\\/\\\/hidalgo.nl\\\/de\\\/product\\\/feltro-grs-rpet-coolshopper-koeltas\\\/#organizationLogo\"}},{\"@type\":\"WebPage\",\"@id\":\"https:\\\/\\\/hidalgo.nl\\\/de\\\/product\\\/feltro-grs-rpet-coolshopper-koeltas\\\/#webpage\",\"url\":\"https:\\\/\\\/hidalgo.nl\\\/de\\\/product\\\/feltro-grs-rpet-coolshopper-koeltas\\\/\",\"name\":\"Feltro GRS RPET CoolShopper koeltas\",\"description\":\"Nachhaltige K\\u00fchltasche aus RPET Filz mit ca. 20 Litern Volumen: ideal f\\u00fcr Einkauf, Picknick oder Strand. Die Isolierung h\\u00e4lt Getr\\u00e4nke & Tiefk\\u00fchlware k\\u00fchl. Hidalgo veredelt sie mit deinem Logo f\\u00fcr sichtbare Markenpr\\u00e4senz.\",\"inLanguage\":\"de-DE\",\"isPartOf\":{\"@id\":\"https:\\\/\\\/hidalgo.nl\\\/de\\\/#website\"},\"breadcrumb\":{\"@id\":\"https:\\\/\\\/hidalgo.nl\\\/de\\\/product\\\/feltro-grs-rpet-coolshopper-koeltas\\\/#breadcrumblist\"},\"image\":{\"@type\":\"ImageObject\",\"url\":\"https:\\\/\\\/shop.hidalgo.nl\\\/wp-content\\\/uploads\\\/2025\\\/04\\\/e333f06c96c65f5e097f89a1ae7dfb79fe49f7d71d96c295c8658d8f40ab0dd9-1.jpg\",\"@id\":\"https:\\\/\\\/hidalgo.nl\\\/de\\\/product\\\/feltro-grs-rpet-coolshopper-koeltas\\\/#mainImage\",\"width\":1000,\"height\":1000},\"primaryImageOfPage\":{\"@id\":\"https:\\\/\\\/hidalgo.nl\\\/de\\\/product\\\/feltro-grs-rpet-coolshopper-koeltas\\\/#mainImage\"},\"datePublished\":\"2025-07-09T08:41:42+00:00\",\"dateModified\":\"2026-03-21T02:05:52+00:00\"},{\"@type\":\"WebSite\",\"@id\":\"https:\\\/\\\/hidalgo.nl\\\/de\\\/#website\",\"url\":\"https:\\\/\\\/hidalgo.nl\\\/de\\\/\",\"name\":\"Hidalgo\",\"inLanguage\":\"de-DE\",\"publisher\":{\"@id\":\"https:\\\/\\\/hidalgo.nl\\\/de\\\/#organization\"}}]}\n\t\t<\/script>\n\t\t<!-- All in One SEO Pro -->\r\n\t\t<title>Feltro GRS RPET CoolShopper koeltas<\/title>\n\n","aioseo_head_json":{"title":"Feltro GRS RPET CoolShopper koeltas","description":"Nachhaltige K\u00fchltasche aus RPET Filz mit ca. 20 Litern Volumen: ideal f\u00fcr Einkauf, Picknick oder Strand. Die Isolierung h\u00e4lt Getr\u00e4nke & Tiefk\u00fchlware k\u00fchl. Hidalgo veredelt sie mit deinem Logo f\u00fcr sichtbare Markenpr\u00e4senz.","canonical_url":"https:\/\/hidalgo.nl\/de\/wp-json\/wp\/v2\/product\/133512","robots":"max-image-preview:large","keywords":"","webmasterTools":{"miscellaneous":""},"schema":{"@context":"https:\/\/schema.org","@graph":[{"@type":"BreadcrumbList","@id":"https:\/\/hidalgo.nl\/de\/product\/feltro-grs-rpet-coolshopper-koeltas\/#breadcrumblist","itemListElement":[{"@type":"ListItem","@id":"https:\/\/hidalgo.nl\/de\/#listItem","position":1,"name":"Home","item":"https:\/\/hidalgo.nl\/de\/","nextItem":{"@type":"ListItem","@id":"https:\/\/hidalgo.nl\/example\/#listItem","name":"example"}},{"@type":"ListItem","@id":"https:\/\/hidalgo.nl\/example\/#listItem","position":2,"name":"example","item":"https:\/\/hidalgo.nl\/example\/","nextItem":{"@type":"ListItem","@id":"https:\/\/hidalgo.nl\/en\/product-supplier\/a24\/#listItem","name":"A24"},"previousItem":{"@type":"ListItem","@id":"https:\/\/hidalgo.nl\/de\/#listItem","name":"Home"}},{"@type":"ListItem","@id":"https:\/\/hidalgo.nl\/en\/product-supplier\/a24\/#listItem","position":3,"name":"A24","item":"https:\/\/hidalgo.nl\/en\/product-supplier\/a24\/","nextItem":{"@type":"ListItem","@id":"https:\/\/hidalgo.nl\/de\/product\/feltro-grs-rpet-coolshopper-koeltas\/#listItem","name":"Feltro GRS RPET CoolShopper koeltas"},"previousItem":{"@type":"ListItem","@id":"https:\/\/hidalgo.nl\/example\/#listItem","name":"example"}},{"@type":"ListItem","@id":"https:\/\/hidalgo.nl\/de\/product\/feltro-grs-rpet-coolshopper-koeltas\/#listItem","position":4,"name":"Feltro GRS RPET CoolShopper koeltas","previousItem":{"@type":"ListItem","@id":"https:\/\/hidalgo.nl\/en\/product-supplier\/a24\/#listItem","name":"A24"}}]},{"@type":"ItemPage","@id":"https:\/\/hidalgo.nl\/de\/product\/feltro-grs-rpet-coolshopper-koeltas\/#itempage","url":"https:\/\/hidalgo.nl\/de\/product\/feltro-grs-rpet-coolshopper-koeltas\/","name":"Feltro GRS RPET CoolShopper koeltas","description":"Nachhaltige K\u00fchltasche aus RPET Filz mit ca. 20 Litern Volumen: ideal f\u00fcr Einkauf, Picknick oder Strand. Die Isolierung h\u00e4lt Getr\u00e4nke & Tiefk\u00fchlware k\u00fchl. Hidalgo veredelt sie mit deinem Logo f\u00fcr sichtbare Markenpr\u00e4senz.","inLanguage":"de-DE","isPartOf":{"@id":"https:\/\/hidalgo.nl\/de\/#website"},"breadcrumb":{"@id":"https:\/\/hidalgo.nl\/de\/product\/feltro-grs-rpet-coolshopper-koeltas\/#breadcrumblist"},"image":{"@type":"ImageObject","url":"https:\/\/shop.hidalgo.nl\/wp-content\/uploads\/2025\/04\/e333f06c96c65f5e097f89a1ae7dfb79fe49f7d71d96c295c8658d8f40ab0dd9-1.jpg","@id":"https:\/\/hidalgo.nl\/de\/product\/feltro-grs-rpet-coolshopper-koeltas\/#mainImage","width":1000,"height":1000},"primaryImageOfPage":{"@id":"https:\/\/hidalgo.nl\/de\/product\/feltro-grs-rpet-coolshopper-koeltas\/#mainImage"},"datePublished":"2025-07-09T08:41:42+00:00","dateModified":"2026-03-21T02:05:52+00:00"},{"@type":"Organization","@id":"https:\/\/hidalgo.nl\/de\/#organization","name":"Hidalgo","url":"https:\/\/hidalgo.nl\/de\/","logo":{"@type":"ImageObject","url":"https:\/\/shop.hidalgo.nl\/wp-content\/uploads\/2025\/11\/cropped-Hidalgo-est1993.png","@id":"https:\/\/hidalgo.nl\/de\/product\/feltro-grs-rpet-coolshopper-koeltas\/#organizationLogo","width":585,"height":195},"image":{"@id":"https:\/\/hidalgo.nl\/de\/product\/feltro-grs-rpet-coolshopper-koeltas\/#organizationLogo"}},{"@type":"WebPage","@id":"https:\/\/hidalgo.nl\/de\/product\/feltro-grs-rpet-coolshopper-koeltas\/#webpage","url":"https:\/\/hidalgo.nl\/de\/product\/feltro-grs-rpet-coolshopper-koeltas\/","name":"Feltro GRS RPET CoolShopper koeltas","description":"Nachhaltige K\u00fchltasche aus RPET Filz mit ca. 20 Litern Volumen: ideal f\u00fcr Einkauf, Picknick oder Strand. Die Isolierung h\u00e4lt Getr\u00e4nke & Tiefk\u00fchlware k\u00fchl. Hidalgo veredelt sie mit deinem Logo f\u00fcr sichtbare Markenpr\u00e4senz.","inLanguage":"de-DE","isPartOf":{"@id":"https:\/\/hidalgo.nl\/de\/#website"},"breadcrumb":{"@id":"https:\/\/hidalgo.nl\/de\/product\/feltro-grs-rpet-coolshopper-koeltas\/#breadcrumblist"},"image":{"@type":"ImageObject","url":"https:\/\/shop.hidalgo.nl\/wp-content\/uploads\/2025\/04\/e333f06c96c65f5e097f89a1ae7dfb79fe49f7d71d96c295c8658d8f40ab0dd9-1.jpg","@id":"https:\/\/hidalgo.nl\/de\/product\/feltro-grs-rpet-coolshopper-koeltas\/#mainImage","width":1000,"height":1000},"primaryImageOfPage":{"@id":"https:\/\/hidalgo.nl\/de\/product\/feltro-grs-rpet-coolshopper-koeltas\/#mainImage"},"datePublished":"2025-07-09T08:41:42+00:00","dateModified":"2026-03-21T02:05:52+00:00"},{"@type":"WebSite","@id":"https:\/\/hidalgo.nl\/de\/#website","url":"https:\/\/hidalgo.nl\/de\/","name":"Hidalgo","inLanguage":"de-DE","publisher":{"@id":"https:\/\/hidalgo.nl\/de\/#organization"}}]},"og:locale":"de_DE","og:site_name":"Hidalgo -","og:type":"article","og:title":"Feltro GRS RPET CoolShopper koeltas","og:description":"Nachhaltige K\u00fchltasche aus RPET Filz mit ca. 20 Litern Volumen: ideal f\u00fcr Einkauf, Picknick oder Strand. Die Isolierung h\u00e4lt Getr\u00e4nke &amp; Tiefk\u00fchlware k\u00fchl. Hidalgo veredelt sie mit deinem Logo f\u00fcr sichtbare Markenpr\u00e4senz.","og:url":"https:\/\/hidalgo.nl\/de\/wp-json\/wp\/v2\/product\/133512","og:image":"https:\/\/shop.hidalgo.nl\/wp-content\/uploads\/2025\/11\/cropped-Hidalgo-est1993.png","og:image:secure_url":"https:\/\/shop.hidalgo.nl\/wp-content\/uploads\/2025\/11\/cropped-Hidalgo-est1993.png","article:published_time":"2025-07-09T08:41:42+00:00","article:modified_time":"2026-03-21T02:05:52+00:00","twitter:card":"summary_large_image","twitter:title":"Feltro GRS RPET CoolShopper koeltas","twitter:description":"Nachhaltige K\u00fchltasche aus RPET Filz mit ca. 20 Litern Volumen: ideal f\u00fcr Einkauf, Picknick oder Strand. Die Isolierung h\u00e4lt Getr\u00e4nke &amp; Tiefk\u00fchlware k\u00fchl. Hidalgo veredelt sie mit deinem Logo f\u00fcr sichtbare Markenpr\u00e4senz.","twitter:image":"https:\/\/shop.hidalgo.nl\/wp-content\/uploads\/2025\/11\/cropped-Hidalgo-est1993.png"},"aioseo_meta_data":{"post_id":"133512","title":null,"description":null,"keywords":null,"keyphrases":null,"primary_term":null,"canonical_url":null,"og_title":null,"og_description":null,"og_object_type":"default","og_image_type":"default","og_image_url":null,"og_image_width":null,"og_image_height":null,"og_image_custom_url":null,"og_image_custom_fields":null,"og_video":null,"og_custom_url":null,"og_article_section":null,"og_article_tags":null,"twitter_use_og":false,"twitter_card":"default","twitter_image_type":"default","twitter_image_url":null,"twitter_image_custom_url":null,"twitter_image_custom_fields":null,"twitter_title":null,"twitter_description":null,"schema":{"blockGraphs":[],"customGraphs":[],"default":{"data":{"Article":[],"Course":[],"Dataset":[],"FAQPage":[],"Movie":[],"Person":[],"Product":[],"ProductReview":[],"Car":[],"Recipe":[],"Service":[],"SoftwareApplication":[],"WebPage":[]},"graphName":"","isEnabled":true},"graphs":[]},"schema_type":"default","schema_type_options":null,"pillar_content":false,"robots_default":true,"robots_noindex":false,"robots_noarchive":false,"robots_nosnippet":false,"robots_nofollow":false,"robots_noimageindex":false,"robots_noodp":false,"robots_notranslate":false,"robots_max_snippet":null,"robots_max_videopreview":null,"robots_max_imagepreview":"large","priority":null,"frequency":null,"local_seo":null,"seo_analyzer_scan_date":"2026-01-22 10:49:12","breadcrumb_settings":null,"limit_modified_date":false,"reviewed_by":null,"open_ai":null,"ai":null,"created":"2026-01-14 06:25:38","updated":"2026-03-21 03:10:02"},"aioseo_breadcrumb":"<div class=\"aioseo-breadcrumbs\"><span class=\"aioseo-breadcrumb\">\n\t<a href=\"https:\/\/hidalgo.nl\/de\/\" title=\"Home\">Home<\/a>\n<\/span><span class=\"aioseo-breadcrumb-separator\">\u00bb<\/span><span class=\"aioseo-breadcrumb\">\n\t<a href=\"https:\/\/hidalgo.nl\/example\/\" title=\"example\">example<\/a>\n<\/span><span class=\"aioseo-breadcrumb-separator\">\u00bb<\/span><span class=\"aioseo-breadcrumb\">\n\t<a href=\"https:\/\/hidalgo.nl\/en\/product-supplier\/a24\/\" title=\"A24\">A24<\/a>\n<\/span><span class=\"aioseo-breadcrumb-separator\">\u00bb<\/span><span class=\"aioseo-breadcrumb\">\n\tFeltro GRS RPET CoolShopper koeltas\n<\/span><\/div>","aioseo_breadcrumb_json":[{"label":"Home","link":"https:\/\/hidalgo.nl\/de\/"},{"label":"example","link":"https:\/\/hidalgo.nl\/example\/"},{"label":"A24","link":"https:\/\/hidalgo.nl\/en\/product-supplier\/a24\/"},{"label":"Feltro GRS RPET CoolShopper koeltas","link":"https:\/\/hidalgo.nl\/de\/product\/feltro-grs-rpet-coolshopper-koeltas\/"}],"_links":{"self":[{"href":"https:\/\/hidalgo.nl\/de\/wp-json\/wp\/v2\/product\/133512","targetHints":{"allow":["GET"]}}],"collection":[{"href":"https:\/\/hidalgo.nl\/de\/wp-json\/wp\/v2\/product"}],"about":[{"href":"https:\/\/hidalgo.nl\/de\/wp-json\/wp\/v2\/types\/product"}],"wp:featuredmedia":[{"embeddable":true,"href":"https:\/\/hidalgo.nl\/de\/wp-json\/wp\/v2\/media\/133513"}],"wp:attachment":[{"href":"https:\/\/hidalgo.nl\/de\/wp-json\/wp\/v2\/media?parent=133512"}],"wp:term":[{"taxonomy":"product_brand","embeddable":true,"href":"https:\/\/hidalgo.nl\/de\/wp-json\/wp\/v2\/product_brand?post=133512"},{"taxonomy":"product_cat","embeddable":true,"href":"https:\/\/hidalgo.nl\/de\/wp-json\/wp\/v2\/product_cat?post=133512"},{"taxonomy":"product_tag","embeddable":true,"href":"https:\/\/hidalgo.nl\/de\/wp-json\/wp\/v2\/product_tag?post=133512"}],"curies":[{"name":"wp","href":"https:\/\/api.w.org\/{rel}","templated":true}]}}