{"id":133422,"date":"2025-07-09T08:37:02","date_gmt":"2025-07-09T08:37:02","guid":{"rendered":"http:\/\/bidonsenshakers.pim.hidalgo.nl\/product\/mumbai-cooler-bag-xl-koeltas\/"},"modified":"2026-03-21T00:42:33","modified_gmt":"2026-03-21T00:42:33","slug":"mumbai-cooler-bag-xl-koeltas","status":"publish","type":"product","link":"https:\/\/hidalgo.nl\/de\/product\/mumbai-cooler-bag-xl-koeltas\/","title":{"rendered":"Mumbai Cooler Bag XL koeltas"},"content":{"rendered":"<p>Koeltas in een materiaalcombinatie van stevig jute en katoen. Met ritssluiting en isolerende binnenzijde. In deze zeer ruime koeltas houd je eten en drinken koel tijdens een dagje weg. Deze tas heeft een extra opbergvak met rits aan de zijkant. Handig voor het opbergen van spullen die niet gekoeld hoeven te worden zoals je telefoon of portemonnee. Met geweven, katoenen hengsels. Inhoud ca. 24 liter.<\/p>\n","protected":false},"excerpt":{"rendered":"<p>Koeltas in een materiaalcombinatie van stevig jute en katoen. Met ritssluiting en isolerende binnenzijde. In deze zeer ruime koeltas houd je eten en drinken koel tijdens een dagje weg. Deze tas heeft een extra opbergvak met rits aan de zijkant. Handig voor het opbergen van spullen die niet gekoeld hoeven te worden zoals je telefoon&hellip; <a class=\"more-link\" href=\"https:\/\/hidalgo.nl\/de\/product\/mumbai-cooler-bag-xl-koeltas\/\"><span class=\"screen-reader-text\">Mumbai Cooler Bag XL koeltas<\/span> weiterlesen<\/a><\/p>\n","protected":false},"featured_media":133423,"template":"","meta":{"_acf_changed":false,"om_disable_all_campaigns":false,"_monsterinsights_skip_tracking":false,"_monsterinsights_sitenote_active":false,"_monsterinsights_sitenote_note":"","_monsterinsights_sitenote_category":0},"product_brand":[],"product_cat":[4827,4713],"product_tag":[],"class_list":{"0":"post-133422","1":"product","2":"type-product","3":"status-publish","4":"has-post-thumbnail","6":"product_supplier-a24","7":"product_material-jutekatoen","8":"product_cat-koeltassen","9":"product_cat-tassen","10":"entry","12":"first","13":"instock","14":"taxable","15":"shipping-taxable","16":"purchasable","17":"product-type-variable"},"acf":{"imprint_cost":[{"imprint_cost_key":"dc0bcec37cbc50594aa954ce797eeea54dec178b","product_quantity_price_range":[{"imprint_cost_recommended_selling_price":"3.045","imprint_cost_recommended_selling_quantity":"1"},{"imprint_cost_recommended_selling_price":"2.13","imprint_cost_recommended_selling_quantity":"25"},{"imprint_cost_recommended_selling_price":"1.41","imprint_cost_recommended_selling_quantity":"50"},{"imprint_cost_recommended_selling_price":"0.81","imprint_cost_recommended_selling_quantity":"100"},{"imprint_cost_recommended_selling_price":"0.69","imprint_cost_recommended_selling_quantity":"250"},{"imprint_cost_recommended_selling_price":"0.57","imprint_cost_recommended_selling_quantity":"500"},{"imprint_cost_recommended_selling_price":"0.51","imprint_cost_recommended_selling_quantity":"1000"},{"imprint_cost_recommended_selling_price":"0.465","imprint_cost_recommended_selling_quantity":"2500"},{"imprint_cost_recommended_selling_price":"0.435","imprint_cost_recommended_selling_quantity":"5000"}],"product_quantity_price_range_buying":[{"imprint_cost_general_buying_price":"2.03","imprint_cost_general_buying_quantity":"1"},{"imprint_cost_general_buying_price":"1.42","imprint_cost_general_buying_quantity":"25"},{"imprint_cost_general_buying_price":"0.94","imprint_cost_general_buying_quantity":"50"},{"imprint_cost_general_buying_price":"0.54","imprint_cost_general_buying_quantity":"100"},{"imprint_cost_general_buying_price":"0.46","imprint_cost_general_buying_quantity":"250"},{"imprint_cost_general_buying_price":"0.38","imprint_cost_general_buying_quantity":"500"},{"imprint_cost_general_buying_price":"0.34","imprint_cost_general_buying_quantity":"1000"},{"imprint_cost_general_buying_price":"0.31","imprint_cost_general_buying_quantity":"2500"},{"imprint_cost_general_buying_price":"0.29","imprint_cost_general_buying_quantity":"5000"}],"imprint_cost_setup_costs":"45","imprint_cost_handling_costs":"0.12"},{"imprint_cost_key":"fd69fae28b1a90f6c7cf6a3406456c3a8b883e6a","product_quantity_price_range":[{"imprint_cost_recommended_selling_price":"1.95","imprint_cost_recommended_selling_quantity":"1"},{"imprint_cost_recommended_selling_price":"1.8","imprint_cost_recommended_selling_quantity":"25"},{"imprint_cost_recommended_selling_price":"1.65","imprint_cost_recommended_selling_quantity":"50"},{"imprint_cost_recommended_selling_price":"1.575","imprint_cost_recommended_selling_quantity":"100"},{"imprint_cost_recommended_selling_price":"1.5","imprint_cost_recommended_selling_quantity":"250"},{"imprint_cost_recommended_selling_price":"1.425","imprint_cost_recommended_selling_quantity":"500"},{"imprint_cost_recommended_selling_price":"1.35","imprint_cost_recommended_selling_quantity":"1000"},{"imprint_cost_recommended_selling_price":"1.305","imprint_cost_recommended_selling_quantity":"2500"},{"imprint_cost_recommended_selling_price":"1.275","imprint_cost_recommended_selling_quantity":"5000"}],"product_quantity_price_range_buying":[{"imprint_cost_general_buying_price":"1.3","imprint_cost_general_buying_quantity":"1"},{"imprint_cost_general_buying_price":"1.2","imprint_cost_general_buying_quantity":"25"},{"imprint_cost_general_buying_price":"1.1","imprint_cost_general_buying_quantity":"50"},{"imprint_cost_general_buying_price":"1.05","imprint_cost_general_buying_quantity":"100"},{"imprint_cost_general_buying_price":"1","imprint_cost_general_buying_quantity":"250"},{"imprint_cost_general_buying_price":"0.95","imprint_cost_general_buying_quantity":"500"},{"imprint_cost_general_buying_price":"0.9","imprint_cost_general_buying_quantity":"1000"},{"imprint_cost_general_buying_price":"0.87","imprint_cost_general_buying_quantity":"2500"},{"imprint_cost_general_buying_price":"0.85","imprint_cost_general_buying_quantity":"5000"}],"imprint_cost_setup_costs":"52.5","imprint_cost_handling_costs":"0"}]},"aioseo_notices":[],"aioseo_head":"\n\t\t<!-- All in One SEO Pro 4.9.6.1 - aioseo.com -->\n\t<meta name=\"description\" content=\"Mit Mumbai XL h\u00e4ltst du Snacks &amp; Drinks lange frisch dank isolierter Innenseite. Die robuste K\u00fchltasche aus Jute und Baumwolle ist nachhaltig und ideal f\u00fcr Alltag und Freizeit. Auf Wunsch bedruckt Hidalgo dein Logo f\u00fcr mehr Sichtbarkeit.\" \/>\n\t<meta name=\"robots\" content=\"max-image-preview:large\" \/>\n\t<link rel=\"canonical\" href=\"https:\/\/hidalgo.nl\/de\/wp-json\/wp\/v2\/product\/133422\" \/>\n\t<meta name=\"generator\" content=\"All in One SEO Pro (AIOSEO) 4.9.6.1\" \/>\n\t\t<meta property=\"og:locale\" content=\"de_DE\" \/>\n\t\t<meta property=\"og:site_name\" content=\"Hidalgo -\" \/>\n\t\t<meta property=\"og:type\" content=\"article\" \/>\n\t\t<meta property=\"og:title\" content=\"Mumbai Cooler Bag XL koeltas\" \/>\n\t\t<meta property=\"og:description\" content=\"Mit Mumbai XL h\u00e4ltst du Snacks &amp; Drinks lange frisch dank isolierter Innenseite. Die robuste K\u00fchltasche aus Jute und Baumwolle ist nachhaltig und ideal f\u00fcr Alltag und Freizeit. Auf Wunsch bedruckt Hidalgo dein Logo f\u00fcr mehr Sichtbarkeit.\" \/>\n\t\t<meta property=\"og:url\" content=\"https:\/\/hidalgo.nl\/de\/wp-json\/wp\/v2\/product\/133422\" \/>\n\t\t<meta property=\"og:image\" content=\"https:\/\/shop.hidalgo.nl\/wp-content\/uploads\/2025\/11\/cropped-Hidalgo-est1993.png\" \/>\n\t\t<meta property=\"og:image:secure_url\" content=\"https:\/\/shop.hidalgo.nl\/wp-content\/uploads\/2025\/11\/cropped-Hidalgo-est1993.png\" \/>\n\t\t<meta property=\"article:published_time\" content=\"2025-07-09T08:37:02+00:00\" \/>\n\t\t<meta property=\"article:modified_time\" content=\"2026-03-21T00:42:33+00:00\" \/>\n\t\t<meta name=\"twitter:card\" content=\"summary_large_image\" \/>\n\t\t<meta name=\"twitter:title\" content=\"Mumbai Cooler Bag XL koeltas\" \/>\n\t\t<meta name=\"twitter:description\" content=\"Mit Mumbai XL h\u00e4ltst du Snacks &amp; Drinks lange frisch dank isolierter Innenseite. Die robuste K\u00fchltasche aus Jute und Baumwolle ist nachhaltig und ideal f\u00fcr Alltag und Freizeit. Auf Wunsch bedruckt Hidalgo dein Logo f\u00fcr mehr Sichtbarkeit.\" \/>\n\t\t<meta name=\"twitter:image\" content=\"https:\/\/shop.hidalgo.nl\/wp-content\/uploads\/2025\/11\/cropped-Hidalgo-est1993.png\" \/>\n\t\t<script type=\"application\/ld+json\" class=\"aioseo-schema\">\n\t\t\t{\"@context\":\"https:\\\/\\\/schema.org\",\"@graph\":[{\"@type\":\"BreadcrumbList\",\"@id\":\"https:\\\/\\\/hidalgo.nl\\\/de\\\/product\\\/mumbai-cooler-bag-xl-koeltas\\\/#breadcrumblist\",\"itemListElement\":[{\"@type\":\"ListItem\",\"@id\":\"https:\\\/\\\/hidalgo.nl\\\/de\\\/#listItem\",\"position\":1,\"name\":\"Home\",\"item\":\"https:\\\/\\\/hidalgo.nl\\\/de\\\/\",\"nextItem\":{\"@type\":\"ListItem\",\"@id\":\"https:\\\/\\\/hidalgo.nl\\\/example\\\/#listItem\",\"name\":\"example\"}},{\"@type\":\"ListItem\",\"@id\":\"https:\\\/\\\/hidalgo.nl\\\/example\\\/#listItem\",\"position\":2,\"name\":\"example\",\"item\":\"https:\\\/\\\/hidalgo.nl\\\/example\\\/\",\"nextItem\":{\"@type\":\"ListItem\",\"@id\":\"https:\\\/\\\/hidalgo.nl\\\/en\\\/product-supplier\\\/a24\\\/#listItem\",\"name\":\"A24\"},\"previousItem\":{\"@type\":\"ListItem\",\"@id\":\"https:\\\/\\\/hidalgo.nl\\\/de\\\/#listItem\",\"name\":\"Home\"}},{\"@type\":\"ListItem\",\"@id\":\"https:\\\/\\\/hidalgo.nl\\\/en\\\/product-supplier\\\/a24\\\/#listItem\",\"position\":3,\"name\":\"A24\",\"item\":\"https:\\\/\\\/hidalgo.nl\\\/en\\\/product-supplier\\\/a24\\\/\",\"nextItem\":{\"@type\":\"ListItem\",\"@id\":\"https:\\\/\\\/hidalgo.nl\\\/de\\\/product\\\/mumbai-cooler-bag-xl-koeltas\\\/#listItem\",\"name\":\"Mumbai Cooler Bag XL koeltas\"},\"previousItem\":{\"@type\":\"ListItem\",\"@id\":\"https:\\\/\\\/hidalgo.nl\\\/example\\\/#listItem\",\"name\":\"example\"}},{\"@type\":\"ListItem\",\"@id\":\"https:\\\/\\\/hidalgo.nl\\\/de\\\/product\\\/mumbai-cooler-bag-xl-koeltas\\\/#listItem\",\"position\":4,\"name\":\"Mumbai Cooler Bag XL koeltas\",\"previousItem\":{\"@type\":\"ListItem\",\"@id\":\"https:\\\/\\\/hidalgo.nl\\\/en\\\/product-supplier\\\/a24\\\/#listItem\",\"name\":\"A24\"}}]},{\"@type\":\"ItemPage\",\"@id\":\"https:\\\/\\\/hidalgo.nl\\\/de\\\/product\\\/mumbai-cooler-bag-xl-koeltas\\\/#itempage\",\"url\":\"https:\\\/\\\/hidalgo.nl\\\/de\\\/product\\\/mumbai-cooler-bag-xl-koeltas\\\/\",\"name\":\"Mumbai Cooler Bag XL koeltas\",\"description\":\"Mit Mumbai XL h\\u00e4ltst du Snacks & Drinks lange frisch dank isolierter Innenseite. Die robuste K\\u00fchltasche aus Jute und Baumwolle ist nachhaltig und ideal f\\u00fcr Alltag und Freizeit. Auf Wunsch bedruckt Hidalgo dein Logo f\\u00fcr mehr Sichtbarkeit.\",\"inLanguage\":\"de-DE\",\"isPartOf\":{\"@id\":\"https:\\\/\\\/hidalgo.nl\\\/de\\\/#website\"},\"breadcrumb\":{\"@id\":\"https:\\\/\\\/hidalgo.nl\\\/de\\\/product\\\/mumbai-cooler-bag-xl-koeltas\\\/#breadcrumblist\"},\"image\":{\"@type\":\"ImageObject\",\"url\":\"https:\\\/\\\/shop.hidalgo.nl\\\/wp-content\\\/uploads\\\/2025\\\/04\\\/d19c1694da62c045a7be839377c3ea5075c58605f4cff5add8e5257f22e91d7e-1.jpg\",\"@id\":\"https:\\\/\\\/hidalgo.nl\\\/de\\\/product\\\/mumbai-cooler-bag-xl-koeltas\\\/#mainImage\",\"width\":1000,\"height\":1000},\"primaryImageOfPage\":{\"@id\":\"https:\\\/\\\/hidalgo.nl\\\/de\\\/product\\\/mumbai-cooler-bag-xl-koeltas\\\/#mainImage\"},\"datePublished\":\"2025-07-09T08:37:02+00:00\",\"dateModified\":\"2026-03-21T00:42:33+00:00\"},{\"@type\":\"Organization\",\"@id\":\"https:\\\/\\\/hidalgo.nl\\\/de\\\/#organization\",\"name\":\"Hidalgo\",\"url\":\"https:\\\/\\\/hidalgo.nl\\\/de\\\/\",\"logo\":{\"@type\":\"ImageObject\",\"url\":\"https:\\\/\\\/shop.hidalgo.nl\\\/wp-content\\\/uploads\\\/2025\\\/11\\\/cropped-Hidalgo-est1993.png\",\"@id\":\"https:\\\/\\\/hidalgo.nl\\\/de\\\/product\\\/mumbai-cooler-bag-xl-koeltas\\\/#organizationLogo\",\"width\":585,\"height\":195},\"image\":{\"@id\":\"https:\\\/\\\/hidalgo.nl\\\/de\\\/product\\\/mumbai-cooler-bag-xl-koeltas\\\/#organizationLogo\"}},{\"@type\":\"WebPage\",\"@id\":\"https:\\\/\\\/hidalgo.nl\\\/de\\\/product\\\/mumbai-cooler-bag-xl-koeltas\\\/#webpage\",\"url\":\"https:\\\/\\\/hidalgo.nl\\\/de\\\/product\\\/mumbai-cooler-bag-xl-koeltas\\\/\",\"name\":\"Mumbai Cooler Bag XL koeltas\",\"description\":\"Mit Mumbai XL h\\u00e4ltst du Snacks & Drinks lange frisch dank isolierter Innenseite. Die robuste K\\u00fchltasche aus Jute und Baumwolle ist nachhaltig und ideal f\\u00fcr Alltag und Freizeit. Auf Wunsch bedruckt Hidalgo dein Logo f\\u00fcr mehr Sichtbarkeit.\",\"inLanguage\":\"de-DE\",\"isPartOf\":{\"@id\":\"https:\\\/\\\/hidalgo.nl\\\/de\\\/#website\"},\"breadcrumb\":{\"@id\":\"https:\\\/\\\/hidalgo.nl\\\/de\\\/product\\\/mumbai-cooler-bag-xl-koeltas\\\/#breadcrumblist\"},\"image\":{\"@type\":\"ImageObject\",\"url\":\"https:\\\/\\\/shop.hidalgo.nl\\\/wp-content\\\/uploads\\\/2025\\\/04\\\/d19c1694da62c045a7be839377c3ea5075c58605f4cff5add8e5257f22e91d7e-1.jpg\",\"@id\":\"https:\\\/\\\/hidalgo.nl\\\/de\\\/product\\\/mumbai-cooler-bag-xl-koeltas\\\/#mainImage\",\"width\":1000,\"height\":1000},\"primaryImageOfPage\":{\"@id\":\"https:\\\/\\\/hidalgo.nl\\\/de\\\/product\\\/mumbai-cooler-bag-xl-koeltas\\\/#mainImage\"},\"datePublished\":\"2025-07-09T08:37:02+00:00\",\"dateModified\":\"2026-03-21T00:42:33+00:00\"},{\"@type\":\"WebSite\",\"@id\":\"https:\\\/\\\/hidalgo.nl\\\/de\\\/#website\",\"url\":\"https:\\\/\\\/hidalgo.nl\\\/de\\\/\",\"name\":\"Hidalgo\",\"inLanguage\":\"de-DE\",\"publisher\":{\"@id\":\"https:\\\/\\\/hidalgo.nl\\\/de\\\/#organization\"}}]}\n\t\t<\/script>\n\t\t<!-- All in One SEO Pro -->\r\n\t\t<title>Mumbai Cooler Bag XL koeltas<\/title>\n\n","aioseo_head_json":{"title":"Mumbai Cooler Bag XL koeltas","description":"Mit Mumbai XL h\u00e4ltst du Snacks & Drinks lange frisch dank isolierter Innenseite. Die robuste K\u00fchltasche aus Jute und Baumwolle ist nachhaltig und ideal f\u00fcr Alltag und Freizeit. Auf Wunsch bedruckt Hidalgo dein Logo f\u00fcr mehr Sichtbarkeit.","canonical_url":"https:\/\/hidalgo.nl\/de\/wp-json\/wp\/v2\/product\/133422","robots":"max-image-preview:large","keywords":"","webmasterTools":{"miscellaneous":""},"schema":{"@context":"https:\/\/schema.org","@graph":[{"@type":"BreadcrumbList","@id":"https:\/\/hidalgo.nl\/de\/product\/mumbai-cooler-bag-xl-koeltas\/#breadcrumblist","itemListElement":[{"@type":"ListItem","@id":"https:\/\/hidalgo.nl\/de\/#listItem","position":1,"name":"Home","item":"https:\/\/hidalgo.nl\/de\/","nextItem":{"@type":"ListItem","@id":"https:\/\/hidalgo.nl\/example\/#listItem","name":"example"}},{"@type":"ListItem","@id":"https:\/\/hidalgo.nl\/example\/#listItem","position":2,"name":"example","item":"https:\/\/hidalgo.nl\/example\/","nextItem":{"@type":"ListItem","@id":"https:\/\/hidalgo.nl\/en\/product-supplier\/a24\/#listItem","name":"A24"},"previousItem":{"@type":"ListItem","@id":"https:\/\/hidalgo.nl\/de\/#listItem","name":"Home"}},{"@type":"ListItem","@id":"https:\/\/hidalgo.nl\/en\/product-supplier\/a24\/#listItem","position":3,"name":"A24","item":"https:\/\/hidalgo.nl\/en\/product-supplier\/a24\/","nextItem":{"@type":"ListItem","@id":"https:\/\/hidalgo.nl\/de\/product\/mumbai-cooler-bag-xl-koeltas\/#listItem","name":"Mumbai Cooler Bag XL koeltas"},"previousItem":{"@type":"ListItem","@id":"https:\/\/hidalgo.nl\/example\/#listItem","name":"example"}},{"@type":"ListItem","@id":"https:\/\/hidalgo.nl\/de\/product\/mumbai-cooler-bag-xl-koeltas\/#listItem","position":4,"name":"Mumbai Cooler Bag XL koeltas","previousItem":{"@type":"ListItem","@id":"https:\/\/hidalgo.nl\/en\/product-supplier\/a24\/#listItem","name":"A24"}}]},{"@type":"ItemPage","@id":"https:\/\/hidalgo.nl\/de\/product\/mumbai-cooler-bag-xl-koeltas\/#itempage","url":"https:\/\/hidalgo.nl\/de\/product\/mumbai-cooler-bag-xl-koeltas\/","name":"Mumbai Cooler Bag XL koeltas","description":"Mit Mumbai XL h\u00e4ltst du Snacks & Drinks lange frisch dank isolierter Innenseite. Die robuste K\u00fchltasche aus Jute und Baumwolle ist nachhaltig und ideal f\u00fcr Alltag und Freizeit. Auf Wunsch bedruckt Hidalgo dein Logo f\u00fcr mehr Sichtbarkeit.","inLanguage":"de-DE","isPartOf":{"@id":"https:\/\/hidalgo.nl\/de\/#website"},"breadcrumb":{"@id":"https:\/\/hidalgo.nl\/de\/product\/mumbai-cooler-bag-xl-koeltas\/#breadcrumblist"},"image":{"@type":"ImageObject","url":"https:\/\/shop.hidalgo.nl\/wp-content\/uploads\/2025\/04\/d19c1694da62c045a7be839377c3ea5075c58605f4cff5add8e5257f22e91d7e-1.jpg","@id":"https:\/\/hidalgo.nl\/de\/product\/mumbai-cooler-bag-xl-koeltas\/#mainImage","width":1000,"height":1000},"primaryImageOfPage":{"@id":"https:\/\/hidalgo.nl\/de\/product\/mumbai-cooler-bag-xl-koeltas\/#mainImage"},"datePublished":"2025-07-09T08:37:02+00:00","dateModified":"2026-03-21T00:42:33+00:00"},{"@type":"Organization","@id":"https:\/\/hidalgo.nl\/de\/#organization","name":"Hidalgo","url":"https:\/\/hidalgo.nl\/de\/","logo":{"@type":"ImageObject","url":"https:\/\/shop.hidalgo.nl\/wp-content\/uploads\/2025\/11\/cropped-Hidalgo-est1993.png","@id":"https:\/\/hidalgo.nl\/de\/product\/mumbai-cooler-bag-xl-koeltas\/#organizationLogo","width":585,"height":195},"image":{"@id":"https:\/\/hidalgo.nl\/de\/product\/mumbai-cooler-bag-xl-koeltas\/#organizationLogo"}},{"@type":"WebPage","@id":"https:\/\/hidalgo.nl\/de\/product\/mumbai-cooler-bag-xl-koeltas\/#webpage","url":"https:\/\/hidalgo.nl\/de\/product\/mumbai-cooler-bag-xl-koeltas\/","name":"Mumbai Cooler Bag XL koeltas","description":"Mit Mumbai XL h\u00e4ltst du Snacks & Drinks lange frisch dank isolierter Innenseite. Die robuste K\u00fchltasche aus Jute und Baumwolle ist nachhaltig und ideal f\u00fcr Alltag und Freizeit. Auf Wunsch bedruckt Hidalgo dein Logo f\u00fcr mehr Sichtbarkeit.","inLanguage":"de-DE","isPartOf":{"@id":"https:\/\/hidalgo.nl\/de\/#website"},"breadcrumb":{"@id":"https:\/\/hidalgo.nl\/de\/product\/mumbai-cooler-bag-xl-koeltas\/#breadcrumblist"},"image":{"@type":"ImageObject","url":"https:\/\/shop.hidalgo.nl\/wp-content\/uploads\/2025\/04\/d19c1694da62c045a7be839377c3ea5075c58605f4cff5add8e5257f22e91d7e-1.jpg","@id":"https:\/\/hidalgo.nl\/de\/product\/mumbai-cooler-bag-xl-koeltas\/#mainImage","width":1000,"height":1000},"primaryImageOfPage":{"@id":"https:\/\/hidalgo.nl\/de\/product\/mumbai-cooler-bag-xl-koeltas\/#mainImage"},"datePublished":"2025-07-09T08:37:02+00:00","dateModified":"2026-03-21T00:42:33+00:00"},{"@type":"WebSite","@id":"https:\/\/hidalgo.nl\/de\/#website","url":"https:\/\/hidalgo.nl\/de\/","name":"Hidalgo","inLanguage":"de-DE","publisher":{"@id":"https:\/\/hidalgo.nl\/de\/#organization"}}]},"og:locale":"de_DE","og:site_name":"Hidalgo -","og:type":"article","og:title":"Mumbai Cooler Bag XL koeltas","og:description":"Mit Mumbai XL h\u00e4ltst du Snacks &amp; Drinks lange frisch dank isolierter Innenseite. Die robuste K\u00fchltasche aus Jute und Baumwolle ist nachhaltig und ideal f\u00fcr Alltag und Freizeit. Auf Wunsch bedruckt Hidalgo dein Logo f\u00fcr mehr Sichtbarkeit.","og:url":"https:\/\/hidalgo.nl\/de\/wp-json\/wp\/v2\/product\/133422","og:image":"https:\/\/shop.hidalgo.nl\/wp-content\/uploads\/2025\/11\/cropped-Hidalgo-est1993.png","og:image:secure_url":"https:\/\/shop.hidalgo.nl\/wp-content\/uploads\/2025\/11\/cropped-Hidalgo-est1993.png","article:published_time":"2025-07-09T08:37:02+00:00","article:modified_time":"2026-03-21T00:42:33+00:00","twitter:card":"summary_large_image","twitter:title":"Mumbai Cooler Bag XL koeltas","twitter:description":"Mit Mumbai XL h\u00e4ltst du Snacks &amp; Drinks lange frisch dank isolierter Innenseite. Die robuste K\u00fchltasche aus Jute und Baumwolle ist nachhaltig und ideal f\u00fcr Alltag und Freizeit. Auf Wunsch bedruckt Hidalgo dein Logo f\u00fcr mehr Sichtbarkeit.","twitter:image":"https:\/\/shop.hidalgo.nl\/wp-content\/uploads\/2025\/11\/cropped-Hidalgo-est1993.png"},"aioseo_meta_data":{"post_id":"133422","title":null,"description":null,"keywords":null,"keyphrases":null,"primary_term":null,"canonical_url":null,"og_title":null,"og_description":null,"og_object_type":"default","og_image_type":"default","og_image_url":null,"og_image_width":null,"og_image_height":null,"og_image_custom_url":null,"og_image_custom_fields":null,"og_video":null,"og_custom_url":null,"og_article_section":null,"og_article_tags":null,"twitter_use_og":false,"twitter_card":"default","twitter_image_type":"default","twitter_image_url":null,"twitter_image_custom_url":null,"twitter_image_custom_fields":null,"twitter_title":null,"twitter_description":null,"schema":{"blockGraphs":[],"customGraphs":[],"default":{"data":{"Article":[],"Course":[],"Dataset":[],"FAQPage":[],"Movie":[],"Person":[],"Product":[],"ProductReview":[],"Car":[],"Recipe":[],"Service":[],"SoftwareApplication":[],"WebPage":[]},"graphName":"","isEnabled":true},"graphs":[]},"schema_type":"default","schema_type_options":null,"pillar_content":false,"robots_default":true,"robots_noindex":false,"robots_noarchive":false,"robots_nosnippet":false,"robots_nofollow":false,"robots_noimageindex":false,"robots_noodp":false,"robots_notranslate":false,"robots_max_snippet":null,"robots_max_videopreview":null,"robots_max_imagepreview":"large","priority":null,"frequency":null,"local_seo":null,"seo_analyzer_scan_date":"2026-01-22 10:48:10","breadcrumb_settings":null,"limit_modified_date":false,"reviewed_by":null,"open_ai":null,"ai":null,"created":"2026-01-14 06:25:38","updated":"2026-03-21 00:56:36"},"aioseo_breadcrumb":"<div class=\"aioseo-breadcrumbs\"><span class=\"aioseo-breadcrumb\">\n\t<a href=\"https:\/\/hidalgo.nl\/de\/\" title=\"Home\">Home<\/a>\n<\/span><span class=\"aioseo-breadcrumb-separator\">\u00bb<\/span><span class=\"aioseo-breadcrumb\">\n\t<a href=\"https:\/\/hidalgo.nl\/example\/\" title=\"example\">example<\/a>\n<\/span><span class=\"aioseo-breadcrumb-separator\">\u00bb<\/span><span class=\"aioseo-breadcrumb\">\n\t<a href=\"https:\/\/hidalgo.nl\/en\/product-supplier\/a24\/\" title=\"A24\">A24<\/a>\n<\/span><span class=\"aioseo-breadcrumb-separator\">\u00bb<\/span><span class=\"aioseo-breadcrumb\">\n\tMumbai Cooler Bag XL koeltas\n<\/span><\/div>","aioseo_breadcrumb_json":[{"label":"Home","link":"https:\/\/hidalgo.nl\/de\/"},{"label":"example","link":"https:\/\/hidalgo.nl\/example\/"},{"label":"A24","link":"https:\/\/hidalgo.nl\/en\/product-supplier\/a24\/"},{"label":"Mumbai Cooler Bag XL koeltas","link":"https:\/\/hidalgo.nl\/de\/product\/mumbai-cooler-bag-xl-koeltas\/"}],"_links":{"self":[{"href":"https:\/\/hidalgo.nl\/de\/wp-json\/wp\/v2\/product\/133422","targetHints":{"allow":["GET"]}}],"collection":[{"href":"https:\/\/hidalgo.nl\/de\/wp-json\/wp\/v2\/product"}],"about":[{"href":"https:\/\/hidalgo.nl\/de\/wp-json\/wp\/v2\/types\/product"}],"wp:featuredmedia":[{"embeddable":true,"href":"https:\/\/hidalgo.nl\/de\/wp-json\/wp\/v2\/media\/133423"}],"wp:attachment":[{"href":"https:\/\/hidalgo.nl\/de\/wp-json\/wp\/v2\/media?parent=133422"}],"wp:term":[{"taxonomy":"product_brand","embeddable":true,"href":"https:\/\/hidalgo.nl\/de\/wp-json\/wp\/v2\/product_brand?post=133422"},{"taxonomy":"product_cat","embeddable":true,"href":"https:\/\/hidalgo.nl\/de\/wp-json\/wp\/v2\/product_cat?post=133422"},{"taxonomy":"product_tag","embeddable":true,"href":"https:\/\/hidalgo.nl\/de\/wp-json\/wp\/v2\/product_tag?post=133422"}],"curies":[{"name":"wp","href":"https:\/\/api.w.org\/{rel}","templated":true}]}}