{"id":13308,"date":"2025-07-03T10:48:56","date_gmt":"2025-07-03T10:48:56","guid":{"rendered":"http:\/\/bidonsenshakers.pim.hidalgo.nl\/product\/pp-appel-bewaardoos-danika\/"},"modified":"2026-03-15T19:29:20","modified_gmt":"2026-03-15T19:29:20","slug":"pp-appel-bewaardoos-danika","status":"publish","type":"product","link":"https:\/\/hidalgo.nl\/de\/product\/13308\/apfelbox-danika-bedrucken-druckfest-pp-kunststoff-1-stueck\/","title":{"rendered":"PP appel bewaardoos Danika"},"content":{"rendered":"<p>Kunststof 2-delige bewaardoos voor een appel.<\/p>\n","protected":false},"excerpt":{"rendered":"<p>Kunststof 2-delige bewaardoos voor een appel.<\/p>\n","protected":false},"featured_media":13309,"template":"","meta":{"_acf_changed":false,"om_disable_all_campaigns":false,"_monsterinsights_skip_tracking":false,"_monsterinsights_sitenote_active":false,"_monsterinsights_sitenote_note":"","_monsterinsights_sitenote_category":0},"product_brand":[49],"product_cat":[4732,4922],"product_tag":[],"class_list":{"0":"post-13308","1":"product","2":"type-product","3":"status-publish","4":"has-post-thumbnail","6":"product_supplier-a58","7":"product_material-pp","8":"product_brand-impression","9":"product_cat-bidons-drinkflessen","10":"product_cat-bidons-drinkflessen-lunchboxen-lunchpots","11":"entry","13":"first","14":"instock","15":"taxable","16":"shipping-taxable","17":"purchasable","18":"product-type-variable"},"acf":{"imprint_cost":[{"imprint_cost_key":"42c629e3ae42c1c122c83fc7679914eda8faee88","product_quantity_price_range":[{"imprint_cost_recommended_selling_price":"5.91","imprint_cost_recommended_selling_quantity":"1"},{"imprint_cost_recommended_selling_price":"2.97","imprint_cost_recommended_selling_quantity":"25"},{"imprint_cost_recommended_selling_price":"1.49","imprint_cost_recommended_selling_quantity":"50"},{"imprint_cost_recommended_selling_price":"0.69","imprint_cost_recommended_selling_quantity":"100"},{"imprint_cost_recommended_selling_price":"0.55","imprint_cost_recommended_selling_quantity":"250"},{"imprint_cost_recommended_selling_price":"0.43","imprint_cost_recommended_selling_quantity":"500"},{"imprint_cost_recommended_selling_price":"0.4","imprint_cost_recommended_selling_quantity":"1000"},{"imprint_cost_recommended_selling_price":"0.35","imprint_cost_recommended_selling_quantity":"2500"},{"imprint_cost_recommended_selling_price":"0.34","imprint_cost_recommended_selling_quantity":"5000"},{"imprint_cost_recommended_selling_price":"0.32","imprint_cost_recommended_selling_quantity":"10000"}],"product_quantity_price_range_buying":false,"imprint_cost_setup_costs":"52.31","imprint_cost_handling_costs":"0.2"}]},"aioseo_notices":[],"aioseo_head":"\n\t\t<!-- All in One SEO Pro 4.9.6.2 - aioseo.com -->\n\t<meta name=\"description\" content=\"Sch\u00fctze dein Obst unterwegs vor Druckstellen und nutze die Danika Transportbox als langlebigen Begleiter im Alltag. Du kannst diesen sto\u00dffesten Apfelbeh\u00e4lter mit Logo veredeln, um deine Marke als praktischen Werbeartikel bei Kunden &amp; Mitarbeitern pr\u00e4sent zu platzieren.\" \/>\n\t<meta name=\"robots\" content=\"max-image-preview:large\" \/>\n\t<link rel=\"canonical\" href=\"https:\/\/hidalgo.nl\/de\/wp-json\/wp\/v2\/product\/13308\" \/>\n\t<meta name=\"generator\" content=\"All in One SEO Pro (AIOSEO) 4.9.6.2\" \/>\n\t\t<meta property=\"og:locale\" content=\"de_DE\" \/>\n\t\t<meta property=\"og:site_name\" content=\"Hidalgo -\" \/>\n\t\t<meta property=\"og:type\" content=\"article\" \/>\n\t\t<meta property=\"og:title\" content=\"Apfelbox Danika bedrucken druckfest PP-Kunststoff 1 St\u00fcck\" \/>\n\t\t<meta property=\"og:description\" content=\"Sch\u00fctze dein Obst unterwegs vor Druckstellen und nutze die Danika Transportbox als langlebigen Begleiter im Alltag. Du kannst diesen sto\u00dffesten Apfelbeh\u00e4lter mit Logo veredeln, um deine Marke als praktischen Werbeartikel bei Kunden &amp; Mitarbeitern pr\u00e4sent zu platzieren.\" \/>\n\t\t<meta property=\"og:url\" content=\"https:\/\/hidalgo.nl\/de\/wp-json\/wp\/v2\/product\/13308\" \/>\n\t\t<meta property=\"og:image\" content=\"https:\/\/shop.hidalgo.nl\/wp-content\/uploads\/2025\/11\/cropped-Hidalgo-est1993.png\" \/>\n\t\t<meta property=\"og:image:secure_url\" content=\"https:\/\/shop.hidalgo.nl\/wp-content\/uploads\/2025\/11\/cropped-Hidalgo-est1993.png\" \/>\n\t\t<meta property=\"article:published_time\" content=\"2025-07-03T10:48:56+00:00\" \/>\n\t\t<meta property=\"article:modified_time\" content=\"2026-03-15T19:29:20+00:00\" \/>\n\t\t<meta name=\"twitter:card\" content=\"summary_large_image\" \/>\n\t\t<meta name=\"twitter:title\" content=\"Apfelbox Danika bedrucken druckfest PP-Kunststoff 1 St\u00fcck\" \/>\n\t\t<meta name=\"twitter:description\" content=\"Sch\u00fctze dein Obst unterwegs vor Druckstellen und nutze die Danika Transportbox als langlebigen Begleiter im Alltag. Du kannst diesen sto\u00dffesten Apfelbeh\u00e4lter mit Logo veredeln, um deine Marke als praktischen Werbeartikel bei Kunden &amp; Mitarbeitern pr\u00e4sent zu platzieren.\" \/>\n\t\t<meta name=\"twitter:image\" content=\"https:\/\/shop.hidalgo.nl\/wp-content\/uploads\/2025\/11\/cropped-Hidalgo-est1993.png\" \/>\n\t\t<script type=\"application\/ld+json\" class=\"aioseo-schema\">\n\t\t\t{\"@context\":\"https:\\\/\\\/schema.org\",\"@graph\":[{\"@type\":\"BreadcrumbList\",\"@id\":\"https:\\\/\\\/hidalgo.nl\\\/de\\\/product\\\/13308\\\/apfelbox-danika-bedrucken-druckfest-pp-kunststoff-1-stueck\\\/#breadcrumblist\",\"itemListElement\":[{\"@type\":\"ListItem\",\"@id\":\"https:\\\/\\\/hidalgo.nl\\\/de\\\/#listItem\",\"position\":1,\"name\":\"Home\",\"item\":\"https:\\\/\\\/hidalgo.nl\\\/de\\\/\",\"nextItem\":{\"@type\":\"ListItem\",\"@id\":\"https:\\\/\\\/hidalgo.nl\\\/example\\\/#listItem\",\"name\":\"example\"}},{\"@type\":\"ListItem\",\"@id\":\"https:\\\/\\\/hidalgo.nl\\\/example\\\/#listItem\",\"position\":2,\"name\":\"example\",\"item\":\"https:\\\/\\\/hidalgo.nl\\\/example\\\/\",\"nextItem\":{\"@type\":\"ListItem\",\"@id\":\"https:\\\/\\\/hidalgo.nl\\\/en\\\/product-supplier\\\/a58\\\/#listItem\",\"name\":\"A58\"},\"previousItem\":{\"@type\":\"ListItem\",\"@id\":\"https:\\\/\\\/hidalgo.nl\\\/de\\\/#listItem\",\"name\":\"Home\"}},{\"@type\":\"ListItem\",\"@id\":\"https:\\\/\\\/hidalgo.nl\\\/en\\\/product-supplier\\\/a58\\\/#listItem\",\"position\":3,\"name\":\"A58\",\"item\":\"https:\\\/\\\/hidalgo.nl\\\/en\\\/product-supplier\\\/a58\\\/\",\"nextItem\":{\"@type\":\"ListItem\",\"@id\":\"https:\\\/\\\/hidalgo.nl\\\/de\\\/product\\\/13308\\\/apfelbox-danika-bedrucken-druckfest-pp-kunststoff-1-stueck\\\/#listItem\",\"name\":\"PP appel bewaardoos Danika\"},\"previousItem\":{\"@type\":\"ListItem\",\"@id\":\"https:\\\/\\\/hidalgo.nl\\\/example\\\/#listItem\",\"name\":\"example\"}},{\"@type\":\"ListItem\",\"@id\":\"https:\\\/\\\/hidalgo.nl\\\/de\\\/product\\\/13308\\\/apfelbox-danika-bedrucken-druckfest-pp-kunststoff-1-stueck\\\/#listItem\",\"position\":4,\"name\":\"PP appel bewaardoos Danika\",\"previousItem\":{\"@type\":\"ListItem\",\"@id\":\"https:\\\/\\\/hidalgo.nl\\\/en\\\/product-supplier\\\/a58\\\/#listItem\",\"name\":\"A58\"}}]},{\"@type\":\"Organization\",\"@id\":\"https:\\\/\\\/hidalgo.nl\\\/de\\\/#organization\",\"name\":\"Hidalgo\",\"url\":\"https:\\\/\\\/hidalgo.nl\\\/de\\\/\",\"logo\":{\"@type\":\"ImageObject\",\"url\":\"https:\\\/\\\/shop.hidalgo.nl\\\/wp-content\\\/uploads\\\/2025\\\/11\\\/cropped-Hidalgo-est1993.png\",\"@id\":\"https:\\\/\\\/hidalgo.nl\\\/de\\\/product\\\/13308\\\/apfelbox-danika-bedrucken-druckfest-pp-kunststoff-1-stueck\\\/#organizationLogo\",\"width\":585,\"height\":195},\"image\":{\"@id\":\"https:\\\/\\\/hidalgo.nl\\\/de\\\/product\\\/13308\\\/apfelbox-danika-bedrucken-druckfest-pp-kunststoff-1-stueck\\\/#organizationLogo\"}},{\"@type\":\"ProductGroup\",\"@id\":\"https:\\\/\\\/hidalgo.nl\\\/de\\\/product\\\/13308\\\/apfelbox-danika-bedrucken-druckfest-pp-kunststoff-1-stueck\\\/#wooCommerceProduct\",\"name\":\"Apfelbox Danika bedrucken druckfest PP-Kunststoff 1 St\\u00fcck\",\"url\":\"https:\\\/\\\/hidalgo.nl\\\/de\\\/product\\\/13308\\\/apfelbox-danika-bedrucken-druckfest-pp-kunststoff-1-stueck\\\/\",\"brand\":{\"@type\":\"Brand\",\"name\":\"IMPRESSION\"},\"sku\":\"A58-3675\",\"image\":{\"@type\":\"ImageObject\",\"url\":\"https:\\\/\\\/shop.hidalgo.nl\\\/wp-content\\\/uploads\\\/2025\\\/05\\\/77c30b94f3a5edff5197fd62a231610bc75da208f23c42b9bd83a6fddcbe578e.jpg\",\"@id\":\"https:\\\/\\\/hidalgo.nl\\\/de\\\/product\\\/13308\\\/apfelbox-danika-bedrucken-druckfest-pp-kunststoff-1-stueck\\\/#productImage\",\"width\":973,\"height\":1000},\"productGroupID\":13308,\"hasVariant\":[{\"@type\":\"Product\",\"@id\":\"https:\\\/\\\/hidalgo.nl\\\/de\\\/product\\\/13308\\\/apfelbox-danika-bedrucken-druckfest-pp-kunststoff-1-stueck\\\/#wooCommerceProduct\",\"name\":\"PP appel bewaardoos Danika - lichtgroen,\",\"url\":\"https:\\\/\\\/hidalgo.nl\\\/de\\\/product\\\/13308\\\/apfelbox-danika-bedrucken-druckfest-pp-kunststoff-1-stueck\\\/\",\"sku\":\"A58-3675-029999999\",\"gtin\":\"8719446007345\",\"image\":{\"@type\":\"ImageObject\",\"url\":\"https:\\\/\\\/shop.hidalgo.nl\\\/wp-content\\\/uploads\\\/2025\\\/05\\\/522b235960a0a48c2423a7c9802941a175789c172d1856e1cf955c073cd01f4b.jpg\",\"@id\":\"https:\\\/\\\/hidalgo.nl\\\/de\\\/product\\\/13308\\\/apfelbox-danika-bedrucken-druckfest-pp-kunststoff-1-stueck\\\/#productImage\",\"width\":1000,\"height\":927},\"offers\":{\"@type\":\"Offer\",\"url\":\"https:\\\/\\\/hidalgo.nl\\\/de\\\/product\\\/13308\\\/apfelbox-danika-bedrucken-druckfest-pp-kunststoff-1-stueck\\\/#wooCommerceOffer\",\"price\":\"1.81\",\"priceCurrency\":\"EUR\",\"category\":\"Bidons &amp; drinkflessen\",\"availability\":\"https:\\\/\\\/schema.org\\\/InStock\",\"priceSpecification\":{\"@type\":\"PriceSpecification\",\"price\":1.81,\"priceCurrency\":\"EUR\",\"valueAddedTaxIncluded\":\"true\"}}}]},{\"@type\":\"WebPage\",\"@id\":\"https:\\\/\\\/hidalgo.nl\\\/de\\\/product\\\/13308\\\/apfelbox-danika-bedrucken-druckfest-pp-kunststoff-1-stueck\\\/#webpage\",\"url\":\"https:\\\/\\\/hidalgo.nl\\\/de\\\/product\\\/13308\\\/apfelbox-danika-bedrucken-druckfest-pp-kunststoff-1-stueck\\\/\",\"name\":\"Apfelbox Danika bedrucken druckfest PP-Kunststoff 1 St\\u00fcck\",\"description\":\"Sch\\u00fctze dein Obst unterwegs vor Druckstellen und nutze die Danika Transportbox als langlebigen Begleiter im Alltag. Du kannst diesen sto\\u00dffesten Apfelbeh\\u00e4lter mit Logo veredeln, um deine Marke als praktischen Werbeartikel bei Kunden & Mitarbeitern pr\\u00e4sent zu platzieren.\",\"inLanguage\":\"de-DE\",\"isPartOf\":{\"@id\":\"https:\\\/\\\/hidalgo.nl\\\/de\\\/#website\"},\"breadcrumb\":{\"@id\":\"https:\\\/\\\/hidalgo.nl\\\/de\\\/product\\\/13308\\\/apfelbox-danika-bedrucken-druckfest-pp-kunststoff-1-stueck\\\/#breadcrumblist\"},\"image\":{\"@type\":\"ImageObject\",\"url\":\"https:\\\/\\\/shop.hidalgo.nl\\\/wp-content\\\/uploads\\\/2025\\\/05\\\/77c30b94f3a5edff5197fd62a231610bc75da208f23c42b9bd83a6fddcbe578e.jpg\",\"@id\":\"https:\\\/\\\/hidalgo.nl\\\/de\\\/product\\\/13308\\\/apfelbox-danika-bedrucken-druckfest-pp-kunststoff-1-stueck\\\/#mainImage\",\"width\":973,\"height\":1000},\"primaryImageOfPage\":{\"@id\":\"https:\\\/\\\/hidalgo.nl\\\/de\\\/product\\\/13308\\\/apfelbox-danika-bedrucken-druckfest-pp-kunststoff-1-stueck\\\/#mainImage\"},\"datePublished\":\"2025-07-03T10:48:56+00:00\",\"dateModified\":\"2026-03-15T19:29:20+00:00\"},{\"@type\":\"WebSite\",\"@id\":\"https:\\\/\\\/hidalgo.nl\\\/de\\\/#website\",\"url\":\"https:\\\/\\\/hidalgo.nl\\\/de\\\/\",\"name\":\"Hidalgo\",\"inLanguage\":\"de-DE\",\"publisher\":{\"@id\":\"https:\\\/\\\/hidalgo.nl\\\/de\\\/#organization\"}}]}\n\t\t<\/script>\n\t\t<!-- All in One SEO Pro -->\r\n\t\t<title>Apfelbox Danika bedrucken druckfest PP-Kunststoff 1 St\u00fcck<\/title>\n\n","aioseo_head_json":{"title":"Apfelbox Danika bedrucken druckfest PP-Kunststoff 1 St\u00fcck","description":"Sch\u00fctze dein Obst unterwegs vor Druckstellen und nutze die Danika Transportbox als langlebigen Begleiter im Alltag. Du kannst diesen sto\u00dffesten Apfelbeh\u00e4lter mit Logo veredeln, um deine Marke als praktischen Werbeartikel bei Kunden & Mitarbeitern pr\u00e4sent zu platzieren.","canonical_url":"https:\/\/hidalgo.nl\/de\/wp-json\/wp\/v2\/product\/13308","robots":"max-image-preview:large","keywords":"","webmasterTools":{"miscellaneous":""},"schema":{"@context":"https:\/\/schema.org","@graph":[{"@type":"BreadcrumbList","@id":"https:\/\/hidalgo.nl\/de\/product\/13308\/apfelbox-danika-bedrucken-druckfest-pp-kunststoff-1-stueck\/#breadcrumblist","itemListElement":[{"@type":"ListItem","@id":"https:\/\/hidalgo.nl\/de\/#listItem","position":1,"name":"Home","item":"https:\/\/hidalgo.nl\/de\/","nextItem":{"@type":"ListItem","@id":"https:\/\/hidalgo.nl\/example\/#listItem","name":"example"}},{"@type":"ListItem","@id":"https:\/\/hidalgo.nl\/example\/#listItem","position":2,"name":"example","item":"https:\/\/hidalgo.nl\/example\/","nextItem":{"@type":"ListItem","@id":"https:\/\/hidalgo.nl\/en\/product-supplier\/a58\/#listItem","name":"A58"},"previousItem":{"@type":"ListItem","@id":"https:\/\/hidalgo.nl\/de\/#listItem","name":"Home"}},{"@type":"ListItem","@id":"https:\/\/hidalgo.nl\/en\/product-supplier\/a58\/#listItem","position":3,"name":"A58","item":"https:\/\/hidalgo.nl\/en\/product-supplier\/a58\/","nextItem":{"@type":"ListItem","@id":"https:\/\/hidalgo.nl\/de\/product\/13308\/apfelbox-danika-bedrucken-druckfest-pp-kunststoff-1-stueck\/#listItem","name":"PP appel bewaardoos Danika"},"previousItem":{"@type":"ListItem","@id":"https:\/\/hidalgo.nl\/example\/#listItem","name":"example"}},{"@type":"ListItem","@id":"https:\/\/hidalgo.nl\/de\/product\/13308\/apfelbox-danika-bedrucken-druckfest-pp-kunststoff-1-stueck\/#listItem","position":4,"name":"PP appel bewaardoos Danika","previousItem":{"@type":"ListItem","@id":"https:\/\/hidalgo.nl\/en\/product-supplier\/a58\/#listItem","name":"A58"}}]},{"@type":"Organization","@id":"https:\/\/hidalgo.nl\/de\/#organization","name":"Hidalgo","url":"https:\/\/hidalgo.nl\/de\/","logo":{"@type":"ImageObject","url":"https:\/\/shop.hidalgo.nl\/wp-content\/uploads\/2025\/11\/cropped-Hidalgo-est1993.png","@id":"https:\/\/hidalgo.nl\/de\/product\/13308\/apfelbox-danika-bedrucken-druckfest-pp-kunststoff-1-stueck\/#organizationLogo","width":585,"height":195},"image":{"@id":"https:\/\/hidalgo.nl\/de\/product\/13308\/apfelbox-danika-bedrucken-druckfest-pp-kunststoff-1-stueck\/#organizationLogo"}},{"@type":"ProductGroup","@id":"https:\/\/hidalgo.nl\/de\/product\/13308\/apfelbox-danika-bedrucken-druckfest-pp-kunststoff-1-stueck\/#wooCommerceProduct","name":"Apfelbox Danika bedrucken druckfest PP-Kunststoff 1 St\u00fcck","url":"https:\/\/hidalgo.nl\/de\/product\/13308\/apfelbox-danika-bedrucken-druckfest-pp-kunststoff-1-stueck\/","brand":{"@type":"Brand","name":"IMPRESSION"},"sku":"A58-3675","image":{"@type":"ImageObject","url":"https:\/\/shop.hidalgo.nl\/wp-content\/uploads\/2025\/05\/77c30b94f3a5edff5197fd62a231610bc75da208f23c42b9bd83a6fddcbe578e.jpg","@id":"https:\/\/hidalgo.nl\/de\/product\/13308\/apfelbox-danika-bedrucken-druckfest-pp-kunststoff-1-stueck\/#productImage","width":973,"height":1000},"productGroupID":13308,"hasVariant":[{"@type":"Product","@id":"https:\/\/hidalgo.nl\/de\/product\/13308\/apfelbox-danika-bedrucken-druckfest-pp-kunststoff-1-stueck\/#wooCommerceProduct","name":"PP appel bewaardoos Danika - lichtgroen,","url":"https:\/\/hidalgo.nl\/de\/product\/13308\/apfelbox-danika-bedrucken-druckfest-pp-kunststoff-1-stueck\/","sku":"A58-3675-029999999","gtin":"8719446007345","image":{"@type":"ImageObject","url":"https:\/\/shop.hidalgo.nl\/wp-content\/uploads\/2025\/05\/522b235960a0a48c2423a7c9802941a175789c172d1856e1cf955c073cd01f4b.jpg","@id":"https:\/\/hidalgo.nl\/de\/product\/13308\/apfelbox-danika-bedrucken-druckfest-pp-kunststoff-1-stueck\/#productImage","width":1000,"height":927},"offers":{"@type":"Offer","url":"https:\/\/hidalgo.nl\/de\/product\/13308\/apfelbox-danika-bedrucken-druckfest-pp-kunststoff-1-stueck\/#wooCommerceOffer","price":"1.81","priceCurrency":"EUR","category":"Bidons &amp; drinkflessen","availability":"https:\/\/schema.org\/InStock","priceSpecification":{"@type":"PriceSpecification","price":1.81,"priceCurrency":"EUR","valueAddedTaxIncluded":"true"}}}]},{"@type":"WebPage","@id":"https:\/\/hidalgo.nl\/de\/product\/13308\/apfelbox-danika-bedrucken-druckfest-pp-kunststoff-1-stueck\/#webpage","url":"https:\/\/hidalgo.nl\/de\/product\/13308\/apfelbox-danika-bedrucken-druckfest-pp-kunststoff-1-stueck\/","name":"Apfelbox Danika bedrucken druckfest PP-Kunststoff 1 St\u00fcck","description":"Sch\u00fctze dein Obst unterwegs vor Druckstellen und nutze die Danika Transportbox als langlebigen Begleiter im Alltag. Du kannst diesen sto\u00dffesten Apfelbeh\u00e4lter mit Logo veredeln, um deine Marke als praktischen Werbeartikel bei Kunden & Mitarbeitern pr\u00e4sent zu platzieren.","inLanguage":"de-DE","isPartOf":{"@id":"https:\/\/hidalgo.nl\/de\/#website"},"breadcrumb":{"@id":"https:\/\/hidalgo.nl\/de\/product\/13308\/apfelbox-danika-bedrucken-druckfest-pp-kunststoff-1-stueck\/#breadcrumblist"},"image":{"@type":"ImageObject","url":"https:\/\/shop.hidalgo.nl\/wp-content\/uploads\/2025\/05\/77c30b94f3a5edff5197fd62a231610bc75da208f23c42b9bd83a6fddcbe578e.jpg","@id":"https:\/\/hidalgo.nl\/de\/product\/13308\/apfelbox-danika-bedrucken-druckfest-pp-kunststoff-1-stueck\/#mainImage","width":973,"height":1000},"primaryImageOfPage":{"@id":"https:\/\/hidalgo.nl\/de\/product\/13308\/apfelbox-danika-bedrucken-druckfest-pp-kunststoff-1-stueck\/#mainImage"},"datePublished":"2025-07-03T10:48:56+00:00","dateModified":"2026-03-15T19:29:20+00:00"},{"@type":"WebSite","@id":"https:\/\/hidalgo.nl\/de\/#website","url":"https:\/\/hidalgo.nl\/de\/","name":"Hidalgo","inLanguage":"de-DE","publisher":{"@id":"https:\/\/hidalgo.nl\/de\/#organization"}}]},"og:locale":"de_DE","og:site_name":"Hidalgo -","og:type":"article","og:title":"Apfelbox Danika bedrucken druckfest PP-Kunststoff 1 St\u00fcck","og:description":"Sch\u00fctze dein Obst unterwegs vor Druckstellen und nutze die Danika Transportbox als langlebigen Begleiter im Alltag. Du kannst diesen sto\u00dffesten Apfelbeh\u00e4lter mit Logo veredeln, um deine Marke als praktischen Werbeartikel bei Kunden &amp; Mitarbeitern pr\u00e4sent zu platzieren.","og:url":"https:\/\/hidalgo.nl\/de\/wp-json\/wp\/v2\/product\/13308","og:image":"https:\/\/shop.hidalgo.nl\/wp-content\/uploads\/2025\/11\/cropped-Hidalgo-est1993.png","og:image:secure_url":"https:\/\/shop.hidalgo.nl\/wp-content\/uploads\/2025\/11\/cropped-Hidalgo-est1993.png","article:published_time":"2025-07-03T10:48:56+00:00","article:modified_time":"2026-03-15T19:29:20+00:00","twitter:card":"summary_large_image","twitter:title":"Apfelbox Danika bedrucken druckfest PP-Kunststoff 1 St\u00fcck","twitter:description":"Sch\u00fctze dein Obst unterwegs vor Druckstellen und nutze die Danika Transportbox als langlebigen Begleiter im Alltag. Du kannst diesen sto\u00dffesten Apfelbeh\u00e4lter mit Logo veredeln, um deine Marke als praktischen Werbeartikel bei Kunden &amp; Mitarbeitern pr\u00e4sent zu platzieren.","twitter:image":"https:\/\/shop.hidalgo.nl\/wp-content\/uploads\/2025\/11\/cropped-Hidalgo-est1993.png"},"aioseo_meta_data":{"post_id":"13308","title":null,"description":null,"keywords":null,"keyphrases":null,"primary_term":null,"canonical_url":null,"og_title":null,"og_description":null,"og_object_type":"default","og_image_type":"default","og_image_url":null,"og_image_width":null,"og_image_height":null,"og_image_custom_url":null,"og_image_custom_fields":null,"og_video":null,"og_custom_url":null,"og_article_section":null,"og_article_tags":null,"twitter_use_og":false,"twitter_card":"default","twitter_image_type":"default","twitter_image_url":null,"twitter_image_custom_url":null,"twitter_image_custom_fields":null,"twitter_title":null,"twitter_description":null,"schema":{"blockGraphs":[],"customGraphs":[],"default":{"data":{"Article":[],"Course":[],"Dataset":[],"FAQPage":[],"Movie":[],"Person":[],"Product":[],"ProductReview":[],"Car":[],"Recipe":[],"Service":[],"SoftwareApplication":[],"WebPage":[]},"graphName":"","isEnabled":true},"graphs":[]},"schema_type":"default","schema_type_options":null,"pillar_content":false,"robots_default":true,"robots_noindex":false,"robots_noarchive":false,"robots_nosnippet":false,"robots_nofollow":false,"robots_noimageindex":false,"robots_noodp":false,"robots_notranslate":false,"robots_max_snippet":null,"robots_max_videopreview":null,"robots_max_imagepreview":"large","priority":null,"frequency":null,"local_seo":null,"seo_analyzer_scan_date":"2026-01-27 10:10:43","breadcrumb_settings":null,"limit_modified_date":false,"reviewed_by":null,"open_ai":null,"ai":null,"created":"2026-01-14 06:17:37","updated":"2026-04-23 12:32:48"},"aioseo_breadcrumb":"<div class=\"aioseo-breadcrumbs\"><span class=\"aioseo-breadcrumb\">\n\t<a href=\"https:\/\/hidalgo.nl\/de\/\" title=\"Home\">Home<\/a>\n<\/span><span class=\"aioseo-breadcrumb-separator\">\u00bb<\/span><span class=\"aioseo-breadcrumb\">\n\t<a href=\"https:\/\/hidalgo.nl\/example\/\" title=\"example\">example<\/a>\n<\/span><span class=\"aioseo-breadcrumb-separator\">\u00bb<\/span><span class=\"aioseo-breadcrumb\">\n\t<a href=\"https:\/\/hidalgo.nl\/en\/product-supplier\/a58\/\" title=\"A58\">A58<\/a>\n<\/span><span class=\"aioseo-breadcrumb-separator\">\u00bb<\/span><span class=\"aioseo-breadcrumb\">\n\tPP appel bewaardoos Danika\n<\/span><\/div>","aioseo_breadcrumb_json":[{"label":"Home","link":"https:\/\/hidalgo.nl\/de\/"},{"label":"example","link":"https:\/\/hidalgo.nl\/example\/"},{"label":"A58","link":"https:\/\/hidalgo.nl\/en\/product-supplier\/a58\/"},{"label":"PP appel bewaardoos Danika","link":"https:\/\/hidalgo.nl\/de\/product\/13308\/apfelbox-danika-bedrucken-druckfest-pp-kunststoff-1-stueck\/"}],"_links":{"self":[{"href":"https:\/\/hidalgo.nl\/de\/wp-json\/wp\/v2\/product\/13308","targetHints":{"allow":["GET"]}}],"collection":[{"href":"https:\/\/hidalgo.nl\/de\/wp-json\/wp\/v2\/product"}],"about":[{"href":"https:\/\/hidalgo.nl\/de\/wp-json\/wp\/v2\/types\/product"}],"wp:featuredmedia":[{"embeddable":true,"href":"https:\/\/hidalgo.nl\/de\/wp-json\/wp\/v2\/media\/13309"}],"wp:attachment":[{"href":"https:\/\/hidalgo.nl\/de\/wp-json\/wp\/v2\/media?parent=13308"}],"wp:term":[{"taxonomy":"product_brand","embeddable":true,"href":"https:\/\/hidalgo.nl\/de\/wp-json\/wp\/v2\/product_brand?post=13308"},{"taxonomy":"product_cat","embeddable":true,"href":"https:\/\/hidalgo.nl\/de\/wp-json\/wp\/v2\/product_cat?post=13308"},{"taxonomy":"product_tag","embeddable":true,"href":"https:\/\/hidalgo.nl\/de\/wp-json\/wp\/v2\/product_tag?post=13308"}],"curies":[{"name":"wp","href":"https:\/\/api.w.org\/{rel}","templated":true}]}}