{"id":13190,"date":"2025-07-03T10:47:14","date_gmt":"2025-07-03T10:47:14","guid":{"rendered":"http:\/\/bidonsenshakers.pim.hidalgo.nl\/product\/metalen-sleutelhanger-mika\/"},"modified":"2026-03-15T13:57:05","modified_gmt":"2026-03-15T13:57:05","slug":"metalen-sleutelhanger-mika","status":"publish","type":"product","link":"https:\/\/hidalgo.nl\/de\/product\/13190\/metall-schluesselanhaenger-mika-bedrucken-hausform-silber-box\/","title":{"rendered":"Metalen sleutelhanger Mika"},"content":{"rendered":"<p>Metalen sleutelhanger, model &#8218;huis&#8216;, geleverd in een geschenkverpakking.<\/p>\n","protected":false},"excerpt":{"rendered":"<p>Metalen sleutelhanger, model &#8218;huis&#8216;, geleverd in een geschenkverpakking.<\/p>\n","protected":false},"featured_media":13191,"template":"","meta":{"_acf_changed":false,"om_disable_all_campaigns":false,"_monsterinsights_skip_tracking":false,"_monsterinsights_sitenote_active":false,"_monsterinsights_sitenote_note":"","_monsterinsights_sitenote_category":0},"product_brand":[49],"product_cat":[4719,4801],"product_tag":[],"class_list":{"0":"post-13190","1":"product","2":"type-product","3":"status-publish","4":"has-post-thumbnail","6":"product_supplier-a58","7":"product_material-metaal","8":"product_material-zink","9":"product_brand-impression","10":"product_cat-promotionele-artikelen","11":"product_cat-sleutelhangers","12":"entry","14":"first","15":"instock","16":"taxable","17":"shipping-taxable","18":"purchasable","19":"product-type-variable"},"acf":{"imprint_cost":[{"imprint_cost_key":"1bcf1d4e76393cf2ccae3f99afc3fe2417d6b6b5","product_quantity_price_range":[{"imprint_cost_recommended_selling_price":"2.15","imprint_cost_recommended_selling_quantity":"1"},{"imprint_cost_recommended_selling_price":"1.42","imprint_cost_recommended_selling_quantity":"25"},{"imprint_cost_recommended_selling_price":"1.02","imprint_cost_recommended_selling_quantity":"50"},{"imprint_cost_recommended_selling_price":"0.65","imprint_cost_recommended_selling_quantity":"100"},{"imprint_cost_recommended_selling_price":"0.51","imprint_cost_recommended_selling_quantity":"250"},{"imprint_cost_recommended_selling_price":"0.42","imprint_cost_recommended_selling_quantity":"500"},{"imprint_cost_recommended_selling_price":"0.34","imprint_cost_recommended_selling_quantity":"1000"},{"imprint_cost_recommended_selling_price":"0.28","imprint_cost_recommended_selling_quantity":"2500"},{"imprint_cost_recommended_selling_price":"0.25","imprint_cost_recommended_selling_quantity":"5000"},{"imprint_cost_recommended_selling_price":"0.23","imprint_cost_recommended_selling_quantity":"10000"}],"product_quantity_price_range_buying":false,"imprint_cost_setup_costs":"30.77","imprint_cost_handling_costs":"0.2"}]},"aioseo_notices":[],"aioseo_head":"\n\t\t<!-- All in One SEO Pro 4.9.6.2 - aioseo.com -->\n\t<meta name=\"description\" content=\"Den Mika in markanter Hausform nutzt du als langlebigen Werbetr\u00e4ger, der durch seine robuste Metalloberfl\u00e4che und die mitgelieferte Geschenkbox \u00fcberzeugt. Du kannst diesen Metall Schl\u00fcsselanh\u00e4nger gravieren lassen, um dein Logo dauerhaft sichtbar zu machen &amp; einen starken Eindruck bei deiner Zielgruppe zu hinterlassen.\" \/>\n\t<meta name=\"robots\" content=\"max-image-preview:large\" \/>\n\t<link rel=\"canonical\" href=\"https:\/\/hidalgo.nl\/de\/wp-json\/wp\/v2\/product\/13190\" \/>\n\t<meta name=\"generator\" content=\"All in One SEO Pro (AIOSEO) 4.9.6.2\" \/>\n\t\t<meta property=\"og:locale\" content=\"de_DE\" \/>\n\t\t<meta property=\"og:site_name\" content=\"Hidalgo -\" \/>\n\t\t<meta property=\"og:type\" content=\"article\" \/>\n\t\t<meta property=\"og:title\" content=\"Metall-Schl\u00fcsselanh\u00e4nger Mika Bedrucken Hausform Silber Box\" \/>\n\t\t<meta property=\"og:description\" content=\"Den Mika in markanter Hausform nutzt du als langlebigen Werbetr\u00e4ger, der durch seine robuste Metalloberfl\u00e4che und die mitgelieferte Geschenkbox \u00fcberzeugt. Du kannst diesen Metall Schl\u00fcsselanh\u00e4nger gravieren lassen, um dein Logo dauerhaft sichtbar zu machen &amp; einen starken Eindruck bei deiner Zielgruppe zu hinterlassen.\" \/>\n\t\t<meta property=\"og:url\" content=\"https:\/\/hidalgo.nl\/de\/wp-json\/wp\/v2\/product\/13190\" \/>\n\t\t<meta property=\"og:image\" content=\"https:\/\/shop.hidalgo.nl\/wp-content\/uploads\/2025\/11\/cropped-Hidalgo-est1993.png\" \/>\n\t\t<meta property=\"og:image:secure_url\" content=\"https:\/\/shop.hidalgo.nl\/wp-content\/uploads\/2025\/11\/cropped-Hidalgo-est1993.png\" \/>\n\t\t<meta property=\"article:published_time\" content=\"2025-07-03T10:47:14+00:00\" \/>\n\t\t<meta property=\"article:modified_time\" content=\"2026-03-15T13:57:05+00:00\" \/>\n\t\t<meta name=\"twitter:card\" content=\"summary_large_image\" \/>\n\t\t<meta name=\"twitter:title\" content=\"Metall-Schl\u00fcsselanh\u00e4nger Mika Bedrucken Hausform Silber Box\" \/>\n\t\t<meta name=\"twitter:description\" content=\"Den Mika in markanter Hausform nutzt du als langlebigen Werbetr\u00e4ger, der durch seine robuste Metalloberfl\u00e4che und die mitgelieferte Geschenkbox \u00fcberzeugt. Du kannst diesen Metall Schl\u00fcsselanh\u00e4nger gravieren lassen, um dein Logo dauerhaft sichtbar zu machen &amp; einen starken Eindruck bei deiner Zielgruppe zu hinterlassen.\" \/>\n\t\t<meta name=\"twitter:image\" content=\"https:\/\/shop.hidalgo.nl\/wp-content\/uploads\/2025\/11\/cropped-Hidalgo-est1993.png\" \/>\n\t\t<script type=\"application\/ld+json\" class=\"aioseo-schema\">\n\t\t\t{\"@context\":\"https:\\\/\\\/schema.org\",\"@graph\":[{\"@type\":\"BreadcrumbList\",\"@id\":\"https:\\\/\\\/hidalgo.nl\\\/de\\\/product\\\/13190\\\/metall-schluesselanhaenger-mika-bedrucken-hausform-silber-box\\\/#breadcrumblist\",\"itemListElement\":[{\"@type\":\"ListItem\",\"@id\":\"https:\\\/\\\/hidalgo.nl\\\/de\\\/#listItem\",\"position\":1,\"name\":\"Home\",\"item\":\"https:\\\/\\\/hidalgo.nl\\\/de\\\/\",\"nextItem\":{\"@type\":\"ListItem\",\"@id\":\"https:\\\/\\\/hidalgo.nl\\\/example\\\/#listItem\",\"name\":\"example\"}},{\"@type\":\"ListItem\",\"@id\":\"https:\\\/\\\/hidalgo.nl\\\/example\\\/#listItem\",\"position\":2,\"name\":\"example\",\"item\":\"https:\\\/\\\/hidalgo.nl\\\/example\\\/\",\"nextItem\":{\"@type\":\"ListItem\",\"@id\":\"https:\\\/\\\/hidalgo.nl\\\/en\\\/product-supplier\\\/a58\\\/#listItem\",\"name\":\"A58\"},\"previousItem\":{\"@type\":\"ListItem\",\"@id\":\"https:\\\/\\\/hidalgo.nl\\\/de\\\/#listItem\",\"name\":\"Home\"}},{\"@type\":\"ListItem\",\"@id\":\"https:\\\/\\\/hidalgo.nl\\\/en\\\/product-supplier\\\/a58\\\/#listItem\",\"position\":3,\"name\":\"A58\",\"item\":\"https:\\\/\\\/hidalgo.nl\\\/en\\\/product-supplier\\\/a58\\\/\",\"nextItem\":{\"@type\":\"ListItem\",\"@id\":\"https:\\\/\\\/hidalgo.nl\\\/de\\\/product\\\/13190\\\/metall-schluesselanhaenger-mika-bedrucken-hausform-silber-box\\\/#listItem\",\"name\":\"Metalen sleutelhanger Mika\"},\"previousItem\":{\"@type\":\"ListItem\",\"@id\":\"https:\\\/\\\/hidalgo.nl\\\/example\\\/#listItem\",\"name\":\"example\"}},{\"@type\":\"ListItem\",\"@id\":\"https:\\\/\\\/hidalgo.nl\\\/de\\\/product\\\/13190\\\/metall-schluesselanhaenger-mika-bedrucken-hausform-silber-box\\\/#listItem\",\"position\":4,\"name\":\"Metalen sleutelhanger Mika\",\"previousItem\":{\"@type\":\"ListItem\",\"@id\":\"https:\\\/\\\/hidalgo.nl\\\/en\\\/product-supplier\\\/a58\\\/#listItem\",\"name\":\"A58\"}}]},{\"@type\":\"Organization\",\"@id\":\"https:\\\/\\\/hidalgo.nl\\\/de\\\/#organization\",\"name\":\"Hidalgo\",\"url\":\"https:\\\/\\\/hidalgo.nl\\\/de\\\/\",\"logo\":{\"@type\":\"ImageObject\",\"url\":\"https:\\\/\\\/shop.hidalgo.nl\\\/wp-content\\\/uploads\\\/2025\\\/11\\\/cropped-Hidalgo-est1993.png\",\"@id\":\"https:\\\/\\\/hidalgo.nl\\\/de\\\/product\\\/13190\\\/metall-schluesselanhaenger-mika-bedrucken-hausform-silber-box\\\/#organizationLogo\",\"width\":585,\"height\":195},\"image\":{\"@id\":\"https:\\\/\\\/hidalgo.nl\\\/de\\\/product\\\/13190\\\/metall-schluesselanhaenger-mika-bedrucken-hausform-silber-box\\\/#organizationLogo\"}},{\"@type\":\"ProductGroup\",\"@id\":\"https:\\\/\\\/hidalgo.nl\\\/de\\\/product\\\/13190\\\/metall-schluesselanhaenger-mika-bedrucken-hausform-silber-box\\\/#wooCommerceProduct\",\"name\":\"Metall-Schl\\u00fcsselanh\\u00e4nger Mika Bedrucken Hausform Silber Box\",\"url\":\"https:\\\/\\\/hidalgo.nl\\\/de\\\/product\\\/13190\\\/metall-schluesselanhaenger-mika-bedrucken-hausform-silber-box\\\/\",\"brand\":{\"@type\":\"Brand\",\"name\":\"IMPRESSION\"},\"sku\":\"A58-3599\",\"image\":{\"@type\":\"ImageObject\",\"url\":\"https:\\\/\\\/shop.hidalgo.nl\\\/wp-content\\\/uploads\\\/2025\\\/05\\\/b99b2f3214272c603faec0e34d499427b9e0f2f8db7e29769d79c2e152de8184.jpg\",\"@id\":\"https:\\\/\\\/hidalgo.nl\\\/de\\\/product\\\/13190\\\/metall-schluesselanhaenger-mika-bedrucken-hausform-silber-box\\\/#productImage\",\"width\":613,\"height\":1000},\"productGroupID\":13190,\"hasVariant\":[{\"@type\":\"Product\",\"@id\":\"https:\\\/\\\/hidalgo.nl\\\/de\\\/product\\\/13190\\\/metall-schluesselanhaenger-mika-bedrucken-hausform-silber-box\\\/#wooCommerceProduct\",\"name\":\"Metalen sleutelhanger Mika - zilver,\",\"url\":\"https:\\\/\\\/hidalgo.nl\\\/de\\\/product\\\/13190\\\/metall-schluesselanhaenger-mika-bedrucken-hausform-silber-box\\\/\",\"sku\":\"A58-3599-032999999\",\"gtin\":\"8719446006959\",\"image\":{\"@type\":\"ImageObject\",\"url\":\"https:\\\/\\\/shop.hidalgo.nl\\\/wp-content\\\/uploads\\\/2025\\\/05\\\/b99b2f3214272c603faec0e34d499427b9e0f2f8db7e29769d79c2e152de8184.jpg\",\"@id\":\"https:\\\/\\\/hidalgo.nl\\\/de\\\/product\\\/13190\\\/metall-schluesselanhaenger-mika-bedrucken-hausform-silber-box\\\/#productImage\",\"width\":613,\"height\":1000},\"offers\":{\"@type\":\"Offer\",\"url\":\"https:\\\/\\\/hidalgo.nl\\\/de\\\/product\\\/13190\\\/metall-schluesselanhaenger-mika-bedrucken-hausform-silber-box\\\/#wooCommerceOffer\",\"price\":\"1.58\",\"priceCurrency\":\"EUR\",\"category\":\"Promotionele Artikelen\",\"availability\":\"https:\\\/\\\/schema.org\\\/InStock\",\"priceSpecification\":{\"@type\":\"PriceSpecification\",\"price\":1.58,\"priceCurrency\":\"EUR\",\"valueAddedTaxIncluded\":\"true\"}}}]},{\"@type\":\"WebPage\",\"@id\":\"https:\\\/\\\/hidalgo.nl\\\/de\\\/product\\\/13190\\\/metall-schluesselanhaenger-mika-bedrucken-hausform-silber-box\\\/#webpage\",\"url\":\"https:\\\/\\\/hidalgo.nl\\\/de\\\/product\\\/13190\\\/metall-schluesselanhaenger-mika-bedrucken-hausform-silber-box\\\/\",\"name\":\"Metall-Schl\\u00fcsselanh\\u00e4nger Mika Bedrucken Hausform Silber Box\",\"description\":\"Den Mika in markanter Hausform nutzt du als langlebigen Werbetr\\u00e4ger, der durch seine robuste Metalloberfl\\u00e4che und die mitgelieferte Geschenkbox \\u00fcberzeugt. Du kannst diesen Metall Schl\\u00fcsselanh\\u00e4nger gravieren lassen, um dein Logo dauerhaft sichtbar zu machen & einen starken Eindruck bei deiner Zielgruppe zu hinterlassen.\",\"inLanguage\":\"de-DE\",\"isPartOf\":{\"@id\":\"https:\\\/\\\/hidalgo.nl\\\/de\\\/#website\"},\"breadcrumb\":{\"@id\":\"https:\\\/\\\/hidalgo.nl\\\/de\\\/product\\\/13190\\\/metall-schluesselanhaenger-mika-bedrucken-hausform-silber-box\\\/#breadcrumblist\"},\"image\":{\"@type\":\"ImageObject\",\"url\":\"https:\\\/\\\/shop.hidalgo.nl\\\/wp-content\\\/uploads\\\/2025\\\/05\\\/b99b2f3214272c603faec0e34d499427b9e0f2f8db7e29769d79c2e152de8184.jpg\",\"@id\":\"https:\\\/\\\/hidalgo.nl\\\/de\\\/product\\\/13190\\\/metall-schluesselanhaenger-mika-bedrucken-hausform-silber-box\\\/#mainImage\",\"width\":613,\"height\":1000},\"primaryImageOfPage\":{\"@id\":\"https:\\\/\\\/hidalgo.nl\\\/de\\\/product\\\/13190\\\/metall-schluesselanhaenger-mika-bedrucken-hausform-silber-box\\\/#mainImage\"},\"datePublished\":\"2025-07-03T10:47:14+00:00\",\"dateModified\":\"2026-03-15T13:57:05+00:00\"},{\"@type\":\"WebSite\",\"@id\":\"https:\\\/\\\/hidalgo.nl\\\/de\\\/#website\",\"url\":\"https:\\\/\\\/hidalgo.nl\\\/de\\\/\",\"name\":\"Hidalgo\",\"inLanguage\":\"de-DE\",\"publisher\":{\"@id\":\"https:\\\/\\\/hidalgo.nl\\\/de\\\/#organization\"}}]}\n\t\t<\/script>\n\t\t<!-- All in One SEO Pro -->\r\n\t\t<title>Metall-Schl\u00fcsselanh\u00e4nger Mika Bedrucken Hausform Silber Box<\/title>\n\n","aioseo_head_json":{"title":"Metall-Schl\u00fcsselanh\u00e4nger Mika Bedrucken Hausform Silber Box","description":"Den Mika in markanter Hausform nutzt du als langlebigen Werbetr\u00e4ger, der durch seine robuste Metalloberfl\u00e4che und die mitgelieferte Geschenkbox \u00fcberzeugt. Du kannst diesen Metall Schl\u00fcsselanh\u00e4nger gravieren lassen, um dein Logo dauerhaft sichtbar zu machen & einen starken Eindruck bei deiner Zielgruppe zu hinterlassen.","canonical_url":"https:\/\/hidalgo.nl\/de\/wp-json\/wp\/v2\/product\/13190","robots":"max-image-preview:large","keywords":"","webmasterTools":{"miscellaneous":""},"schema":{"@context":"https:\/\/schema.org","@graph":[{"@type":"BreadcrumbList","@id":"https:\/\/hidalgo.nl\/de\/product\/13190\/metall-schluesselanhaenger-mika-bedrucken-hausform-silber-box\/#breadcrumblist","itemListElement":[{"@type":"ListItem","@id":"https:\/\/hidalgo.nl\/de\/#listItem","position":1,"name":"Home","item":"https:\/\/hidalgo.nl\/de\/","nextItem":{"@type":"ListItem","@id":"https:\/\/hidalgo.nl\/example\/#listItem","name":"example"}},{"@type":"ListItem","@id":"https:\/\/hidalgo.nl\/example\/#listItem","position":2,"name":"example","item":"https:\/\/hidalgo.nl\/example\/","nextItem":{"@type":"ListItem","@id":"https:\/\/hidalgo.nl\/en\/product-supplier\/a58\/#listItem","name":"A58"},"previousItem":{"@type":"ListItem","@id":"https:\/\/hidalgo.nl\/de\/#listItem","name":"Home"}},{"@type":"ListItem","@id":"https:\/\/hidalgo.nl\/en\/product-supplier\/a58\/#listItem","position":3,"name":"A58","item":"https:\/\/hidalgo.nl\/en\/product-supplier\/a58\/","nextItem":{"@type":"ListItem","@id":"https:\/\/hidalgo.nl\/de\/product\/13190\/metall-schluesselanhaenger-mika-bedrucken-hausform-silber-box\/#listItem","name":"Metalen sleutelhanger Mika"},"previousItem":{"@type":"ListItem","@id":"https:\/\/hidalgo.nl\/example\/#listItem","name":"example"}},{"@type":"ListItem","@id":"https:\/\/hidalgo.nl\/de\/product\/13190\/metall-schluesselanhaenger-mika-bedrucken-hausform-silber-box\/#listItem","position":4,"name":"Metalen sleutelhanger Mika","previousItem":{"@type":"ListItem","@id":"https:\/\/hidalgo.nl\/en\/product-supplier\/a58\/#listItem","name":"A58"}}]},{"@type":"Organization","@id":"https:\/\/hidalgo.nl\/de\/#organization","name":"Hidalgo","url":"https:\/\/hidalgo.nl\/de\/","logo":{"@type":"ImageObject","url":"https:\/\/shop.hidalgo.nl\/wp-content\/uploads\/2025\/11\/cropped-Hidalgo-est1993.png","@id":"https:\/\/hidalgo.nl\/de\/product\/13190\/metall-schluesselanhaenger-mika-bedrucken-hausform-silber-box\/#organizationLogo","width":585,"height":195},"image":{"@id":"https:\/\/hidalgo.nl\/de\/product\/13190\/metall-schluesselanhaenger-mika-bedrucken-hausform-silber-box\/#organizationLogo"}},{"@type":"ProductGroup","@id":"https:\/\/hidalgo.nl\/de\/product\/13190\/metall-schluesselanhaenger-mika-bedrucken-hausform-silber-box\/#wooCommerceProduct","name":"Metall-Schl\u00fcsselanh\u00e4nger Mika Bedrucken Hausform Silber Box","url":"https:\/\/hidalgo.nl\/de\/product\/13190\/metall-schluesselanhaenger-mika-bedrucken-hausform-silber-box\/","brand":{"@type":"Brand","name":"IMPRESSION"},"sku":"A58-3599","image":{"@type":"ImageObject","url":"https:\/\/shop.hidalgo.nl\/wp-content\/uploads\/2025\/05\/b99b2f3214272c603faec0e34d499427b9e0f2f8db7e29769d79c2e152de8184.jpg","@id":"https:\/\/hidalgo.nl\/de\/product\/13190\/metall-schluesselanhaenger-mika-bedrucken-hausform-silber-box\/#productImage","width":613,"height":1000},"productGroupID":13190,"hasVariant":[{"@type":"Product","@id":"https:\/\/hidalgo.nl\/de\/product\/13190\/metall-schluesselanhaenger-mika-bedrucken-hausform-silber-box\/#wooCommerceProduct","name":"Metalen sleutelhanger Mika - zilver,","url":"https:\/\/hidalgo.nl\/de\/product\/13190\/metall-schluesselanhaenger-mika-bedrucken-hausform-silber-box\/","sku":"A58-3599-032999999","gtin":"8719446006959","image":{"@type":"ImageObject","url":"https:\/\/shop.hidalgo.nl\/wp-content\/uploads\/2025\/05\/b99b2f3214272c603faec0e34d499427b9e0f2f8db7e29769d79c2e152de8184.jpg","@id":"https:\/\/hidalgo.nl\/de\/product\/13190\/metall-schluesselanhaenger-mika-bedrucken-hausform-silber-box\/#productImage","width":613,"height":1000},"offers":{"@type":"Offer","url":"https:\/\/hidalgo.nl\/de\/product\/13190\/metall-schluesselanhaenger-mika-bedrucken-hausform-silber-box\/#wooCommerceOffer","price":"1.58","priceCurrency":"EUR","category":"Promotionele Artikelen","availability":"https:\/\/schema.org\/InStock","priceSpecification":{"@type":"PriceSpecification","price":1.58,"priceCurrency":"EUR","valueAddedTaxIncluded":"true"}}}]},{"@type":"WebPage","@id":"https:\/\/hidalgo.nl\/de\/product\/13190\/metall-schluesselanhaenger-mika-bedrucken-hausform-silber-box\/#webpage","url":"https:\/\/hidalgo.nl\/de\/product\/13190\/metall-schluesselanhaenger-mika-bedrucken-hausform-silber-box\/","name":"Metall-Schl\u00fcsselanh\u00e4nger Mika Bedrucken Hausform Silber Box","description":"Den Mika in markanter Hausform nutzt du als langlebigen Werbetr\u00e4ger, der durch seine robuste Metalloberfl\u00e4che und die mitgelieferte Geschenkbox \u00fcberzeugt. Du kannst diesen Metall Schl\u00fcsselanh\u00e4nger gravieren lassen, um dein Logo dauerhaft sichtbar zu machen & einen starken Eindruck bei deiner Zielgruppe zu hinterlassen.","inLanguage":"de-DE","isPartOf":{"@id":"https:\/\/hidalgo.nl\/de\/#website"},"breadcrumb":{"@id":"https:\/\/hidalgo.nl\/de\/product\/13190\/metall-schluesselanhaenger-mika-bedrucken-hausform-silber-box\/#breadcrumblist"},"image":{"@type":"ImageObject","url":"https:\/\/shop.hidalgo.nl\/wp-content\/uploads\/2025\/05\/b99b2f3214272c603faec0e34d499427b9e0f2f8db7e29769d79c2e152de8184.jpg","@id":"https:\/\/hidalgo.nl\/de\/product\/13190\/metall-schluesselanhaenger-mika-bedrucken-hausform-silber-box\/#mainImage","width":613,"height":1000},"primaryImageOfPage":{"@id":"https:\/\/hidalgo.nl\/de\/product\/13190\/metall-schluesselanhaenger-mika-bedrucken-hausform-silber-box\/#mainImage"},"datePublished":"2025-07-03T10:47:14+00:00","dateModified":"2026-03-15T13:57:05+00:00"},{"@type":"WebSite","@id":"https:\/\/hidalgo.nl\/de\/#website","url":"https:\/\/hidalgo.nl\/de\/","name":"Hidalgo","inLanguage":"de-DE","publisher":{"@id":"https:\/\/hidalgo.nl\/de\/#organization"}}]},"og:locale":"de_DE","og:site_name":"Hidalgo -","og:type":"article","og:title":"Metall-Schl\u00fcsselanh\u00e4nger Mika Bedrucken Hausform Silber Box","og:description":"Den Mika in markanter Hausform nutzt du als langlebigen Werbetr\u00e4ger, der durch seine robuste Metalloberfl\u00e4che und die mitgelieferte Geschenkbox \u00fcberzeugt. Du kannst diesen Metall Schl\u00fcsselanh\u00e4nger gravieren lassen, um dein Logo dauerhaft sichtbar zu machen &amp; einen starken Eindruck bei deiner Zielgruppe zu hinterlassen.","og:url":"https:\/\/hidalgo.nl\/de\/wp-json\/wp\/v2\/product\/13190","og:image":"https:\/\/shop.hidalgo.nl\/wp-content\/uploads\/2025\/11\/cropped-Hidalgo-est1993.png","og:image:secure_url":"https:\/\/shop.hidalgo.nl\/wp-content\/uploads\/2025\/11\/cropped-Hidalgo-est1993.png","article:published_time":"2025-07-03T10:47:14+00:00","article:modified_time":"2026-03-15T13:57:05+00:00","twitter:card":"summary_large_image","twitter:title":"Metall-Schl\u00fcsselanh\u00e4nger Mika Bedrucken Hausform Silber Box","twitter:description":"Den Mika in markanter Hausform nutzt du als langlebigen Werbetr\u00e4ger, der durch seine robuste Metalloberfl\u00e4che und die mitgelieferte Geschenkbox \u00fcberzeugt. Du kannst diesen Metall Schl\u00fcsselanh\u00e4nger gravieren lassen, um dein Logo dauerhaft sichtbar zu machen &amp; einen starken Eindruck bei deiner Zielgruppe zu hinterlassen.","twitter:image":"https:\/\/shop.hidalgo.nl\/wp-content\/uploads\/2025\/11\/cropped-Hidalgo-est1993.png"},"aioseo_meta_data":{"post_id":"13190","title":null,"description":null,"keywords":null,"keyphrases":null,"primary_term":null,"canonical_url":null,"og_title":null,"og_description":null,"og_object_type":"default","og_image_type":"default","og_image_url":null,"og_image_width":null,"og_image_height":null,"og_image_custom_url":null,"og_image_custom_fields":null,"og_video":null,"og_custom_url":null,"og_article_section":null,"og_article_tags":null,"twitter_use_og":false,"twitter_card":"default","twitter_image_type":"default","twitter_image_url":null,"twitter_image_custom_url":null,"twitter_image_custom_fields":null,"twitter_title":null,"twitter_description":null,"schema":{"blockGraphs":[],"customGraphs":[],"default":{"data":{"Article":[],"Course":[],"Dataset":[],"FAQPage":[],"Movie":[],"Person":[],"Product":[],"ProductReview":[],"Car":[],"Recipe":[],"Service":[],"SoftwareApplication":[],"WebPage":[]},"graphName":"","isEnabled":true},"graphs":[]},"schema_type":"default","schema_type_options":null,"pillar_content":false,"robots_default":true,"robots_noindex":false,"robots_noarchive":false,"robots_nosnippet":false,"robots_nofollow":false,"robots_noimageindex":false,"robots_noodp":false,"robots_notranslate":false,"robots_max_snippet":null,"robots_max_videopreview":null,"robots_max_imagepreview":"large","priority":null,"frequency":null,"local_seo":null,"seo_analyzer_scan_date":"2026-01-20 10:27:43","breadcrumb_settings":null,"limit_modified_date":false,"reviewed_by":null,"open_ai":null,"ai":null,"created":"2026-01-14 06:17:37","updated":"2026-04-22 16:29:52"},"aioseo_breadcrumb":"<div class=\"aioseo-breadcrumbs\"><span class=\"aioseo-breadcrumb\">\n\t<a href=\"https:\/\/hidalgo.nl\/de\/\" title=\"Home\">Home<\/a>\n<\/span><span class=\"aioseo-breadcrumb-separator\">\u00bb<\/span><span class=\"aioseo-breadcrumb\">\n\t<a href=\"https:\/\/hidalgo.nl\/example\/\" title=\"example\">example<\/a>\n<\/span><span class=\"aioseo-breadcrumb-separator\">\u00bb<\/span><span class=\"aioseo-breadcrumb\">\n\t<a href=\"https:\/\/hidalgo.nl\/en\/product-supplier\/a58\/\" title=\"A58\">A58<\/a>\n<\/span><span class=\"aioseo-breadcrumb-separator\">\u00bb<\/span><span class=\"aioseo-breadcrumb\">\n\tMetalen sleutelhanger Mika\n<\/span><\/div>","aioseo_breadcrumb_json":[{"label":"Home","link":"https:\/\/hidalgo.nl\/de\/"},{"label":"example","link":"https:\/\/hidalgo.nl\/example\/"},{"label":"A58","link":"https:\/\/hidalgo.nl\/en\/product-supplier\/a58\/"},{"label":"Metalen sleutelhanger Mika","link":"https:\/\/hidalgo.nl\/de\/product\/13190\/metall-schluesselanhaenger-mika-bedrucken-hausform-silber-box\/"}],"_links":{"self":[{"href":"https:\/\/hidalgo.nl\/de\/wp-json\/wp\/v2\/product\/13190","targetHints":{"allow":["GET"]}}],"collection":[{"href":"https:\/\/hidalgo.nl\/de\/wp-json\/wp\/v2\/product"}],"about":[{"href":"https:\/\/hidalgo.nl\/de\/wp-json\/wp\/v2\/types\/product"}],"wp:featuredmedia":[{"embeddable":true,"href":"https:\/\/hidalgo.nl\/de\/wp-json\/wp\/v2\/media\/13191"}],"wp:attachment":[{"href":"https:\/\/hidalgo.nl\/de\/wp-json\/wp\/v2\/media?parent=13190"}],"wp:term":[{"taxonomy":"product_brand","embeddable":true,"href":"https:\/\/hidalgo.nl\/de\/wp-json\/wp\/v2\/product_brand?post=13190"},{"taxonomy":"product_cat","embeddable":true,"href":"https:\/\/hidalgo.nl\/de\/wp-json\/wp\/v2\/product_cat?post=13190"},{"taxonomy":"product_tag","embeddable":true,"href":"https:\/\/hidalgo.nl\/de\/wp-json\/wp\/v2\/product_tag?post=13190"}],"curies":[{"name":"wp","href":"https:\/\/api.w.org\/{rel}","templated":true}]}}