{"id":131715,"date":"2025-07-07T21:00:22","date_gmt":"2025-07-07T21:00:22","guid":{"rendered":"http:\/\/bidonsenshakers.pim.hidalgo.nl\/product\/recycled-leather-keyring-round-sleutelhanger\/"},"modified":"2026-02-26T07:37:36","modified_gmt":"2026-02-26T07:37:36","slug":"recycled-leather-keyring-round-sleutelhanger","status":"publish","type":"product","link":"https:\/\/hidalgo.nl\/de\/product\/recycled-leather-keyring-round-sleutelhanger\/","title":{"rendered":"Recycled Leather Keyring Round sleutelhanger"},"content":{"rendered":"<p>Sleutelhanger gemaakt van gerecycled, Italiaans leerafval en natuurlijke binders. Dit product van het merk MADE out of wordt gemaakt van reststukjes van de eigen producties van dit bedrijf. Het gerecycled leer is zeer stevig, heeft een mooie matte uitstraling en ruikt naar leer. De gekleurde toplaag is gemaakt van een zeer dunne PU-coating op 100% waterbasis. De sleutelhanger is voorzien van een stevige, metalen sleutelring. Handgemaakt. Dutch design. Made in Holland.<\/p>\n","protected":false},"excerpt":{"rendered":"<p>Sleutelhanger gemaakt van gerecycled, Italiaans leerafval en natuurlijke binders. Dit product van het merk MADE out of wordt gemaakt van reststukjes van de eigen producties van dit bedrijf. Het gerecycled leer is zeer stevig, heeft een mooie matte uitstraling en ruikt naar leer. De gekleurde toplaag is gemaakt van een zeer dunne PU-coating op 100%&hellip; <a class=\"more-link\" href=\"https:\/\/hidalgo.nl\/de\/product\/recycled-leather-keyring-round-sleutelhanger\/\"><span class=\"screen-reader-text\">Recycled Leather Keyring Round sleutelhanger<\/span> weiterlesen<\/a><\/p>\n","protected":false},"featured_media":578356,"template":"","meta":{"_acf_changed":false,"om_disable_all_campaigns":false,"_monsterinsights_skip_tracking":false,"_monsterinsights_sitenote_active":false,"_monsterinsights_sitenote_note":"","_monsterinsights_sitenote_category":0},"product_brand":[1927],"product_cat":[4719,4801],"product_tag":[],"class_list":{"0":"post-131715","1":"product","2":"type-product","3":"status-publish","4":"has-post-thumbnail","6":"product_supplier-a508","7":"product_material-gerecycled-leder","8":"product_brand-made-out-of","9":"product_cat-promotionele-artikelen","10":"product_cat-sleutelhangers","11":"entry","13":"first","14":"instock","15":"taxable","16":"shipping-taxable","17":"purchasable","18":"product-type-variable"},"acf":{"imprint_cost":[{"imprint_cost_key":"3ce01194e30dfdb5162b59fca0e512f5ba9e8d79","product_quantity_price_range":[{"imprint_cost_recommended_selling_price":"2.085","imprint_cost_recommended_selling_quantity":"1"},{"imprint_cost_recommended_selling_price":"1.335","imprint_cost_recommended_selling_quantity":"25"},{"imprint_cost_recommended_selling_price":"0.78","imprint_cost_recommended_selling_quantity":"50"},{"imprint_cost_recommended_selling_price":"0.51","imprint_cost_recommended_selling_quantity":"100"},{"imprint_cost_recommended_selling_price":"0.39","imprint_cost_recommended_selling_quantity":"250"},{"imprint_cost_recommended_selling_price":"0.315","imprint_cost_recommended_selling_quantity":"500"},{"imprint_cost_recommended_selling_price":"0.27","imprint_cost_recommended_selling_quantity":"1000"},{"imprint_cost_recommended_selling_price":"0.255","imprint_cost_recommended_selling_quantity":"2500"},{"imprint_cost_recommended_selling_price":"0.24","imprint_cost_recommended_selling_quantity":"5000"}],"product_quantity_price_range_buying":[{"imprint_cost_general_buying_price":"1.39","imprint_cost_general_buying_quantity":"1"},{"imprint_cost_general_buying_price":"0.89","imprint_cost_general_buying_quantity":"25"},{"imprint_cost_general_buying_price":"0.52","imprint_cost_general_buying_quantity":"50"},{"imprint_cost_general_buying_price":"0.34","imprint_cost_general_buying_quantity":"100"},{"imprint_cost_general_buying_price":"0.26","imprint_cost_general_buying_quantity":"250"},{"imprint_cost_general_buying_price":"0.21","imprint_cost_general_buying_quantity":"500"},{"imprint_cost_general_buying_price":"0.18","imprint_cost_general_buying_quantity":"1000"},{"imprint_cost_general_buying_price":"0.17","imprint_cost_general_buying_quantity":"2500"},{"imprint_cost_general_buying_price":"0.16","imprint_cost_general_buying_quantity":"5000"}],"imprint_cost_setup_costs":"26.25","imprint_cost_handling_costs":"0.09"},{"imprint_cost_key":"e876df79cc50d82fd53b8bc21231ed776b314800","product_quantity_price_range":[{"imprint_cost_recommended_selling_price":"2.385","imprint_cost_recommended_selling_quantity":"1"},{"imprint_cost_recommended_selling_price":"1.635","imprint_cost_recommended_selling_quantity":"25"},{"imprint_cost_recommended_selling_price":"1.08","imprint_cost_recommended_selling_quantity":"50"},{"imprint_cost_recommended_selling_price":"0.81","imprint_cost_recommended_selling_quantity":"100"},{"imprint_cost_recommended_selling_price":"0.69","imprint_cost_recommended_selling_quantity":"250"},{"imprint_cost_recommended_selling_price":"0.615","imprint_cost_recommended_selling_quantity":"500"},{"imprint_cost_recommended_selling_price":"0.57","imprint_cost_recommended_selling_quantity":"1000"},{"imprint_cost_recommended_selling_price":"0.555","imprint_cost_recommended_selling_quantity":"2500"},{"imprint_cost_recommended_selling_price":"0.54","imprint_cost_recommended_selling_quantity":"5000"}],"product_quantity_price_range_buying":[{"imprint_cost_general_buying_price":"1.59","imprint_cost_general_buying_quantity":"1"},{"imprint_cost_general_buying_price":"1.09","imprint_cost_general_buying_quantity":"25"},{"imprint_cost_general_buying_price":"0.72","imprint_cost_general_buying_quantity":"50"},{"imprint_cost_general_buying_price":"0.54","imprint_cost_general_buying_quantity":"100"},{"imprint_cost_general_buying_price":"0.46","imprint_cost_general_buying_quantity":"250"},{"imprint_cost_general_buying_price":"0.41","imprint_cost_general_buying_quantity":"500"},{"imprint_cost_general_buying_price":"0.38","imprint_cost_general_buying_quantity":"1000"},{"imprint_cost_general_buying_price":"0.37","imprint_cost_general_buying_quantity":"2500"},{"imprint_cost_general_buying_price":"0.36","imprint_cost_general_buying_quantity":"5000"}],"imprint_cost_setup_costs":"26.25","imprint_cost_handling_costs":"0.09"}]},"aioseo_notices":[],"aioseo_head":"\n\t\t<!-- All in One SEO Pro 4.9.6.1 - aioseo.com -->\n\t<meta name=\"description\" content=\"Nachhaltiger Schl\u00fcsselanh\u00e4nger aus recyceltem Leder mit matter Haptik, ideal f\u00fcr Alltag &amp; B\u00fcro. Du w\u00e4hlst Schwarz, Dunkelblau oder Taupe. Hidalgo druckt dein Logo f\u00fcr Messen und Kundengeschenke; der robuste Schl\u00fcsselring h\u00e4lt zuverl\u00e4ssig.\" \/>\n\t<meta name=\"robots\" content=\"max-image-preview:large\" \/>\n\t<link rel=\"canonical\" href=\"https:\/\/hidalgo.nl\/de\/wp-json\/wp\/v2\/product\/131715\" \/>\n\t<meta name=\"generator\" content=\"All in One SEO Pro (AIOSEO) 4.9.6.1\" \/>\n\t\t<meta property=\"og:locale\" content=\"de_DE\" \/>\n\t\t<meta property=\"og:site_name\" content=\"Hidalgo -\" \/>\n\t\t<meta property=\"og:type\" content=\"article\" \/>\n\t\t<meta property=\"og:title\" content=\"Recycled Leather Keyring Round sleutelhanger\" \/>\n\t\t<meta property=\"og:description\" content=\"Nachhaltiger Schl\u00fcsselanh\u00e4nger aus recyceltem Leder mit matter Haptik, ideal f\u00fcr Alltag &amp; B\u00fcro. Du w\u00e4hlst Schwarz, Dunkelblau oder Taupe. Hidalgo druckt dein Logo f\u00fcr Messen und Kundengeschenke; der robuste Schl\u00fcsselring h\u00e4lt zuverl\u00e4ssig.\" \/>\n\t\t<meta property=\"og:url\" content=\"https:\/\/hidalgo.nl\/de\/wp-json\/wp\/v2\/product\/131715\" \/>\n\t\t<meta property=\"og:image\" content=\"https:\/\/shop.hidalgo.nl\/wp-content\/uploads\/2025\/11\/cropped-Hidalgo-est1993.png\" \/>\n\t\t<meta property=\"og:image:secure_url\" content=\"https:\/\/shop.hidalgo.nl\/wp-content\/uploads\/2025\/11\/cropped-Hidalgo-est1993.png\" \/>\n\t\t<meta property=\"article:published_time\" content=\"2025-07-07T21:00:22+00:00\" \/>\n\t\t<meta property=\"article:modified_time\" content=\"2026-02-26T07:37:36+00:00\" \/>\n\t\t<meta name=\"twitter:card\" content=\"summary_large_image\" \/>\n\t\t<meta name=\"twitter:title\" content=\"Recycled Leather Keyring Round sleutelhanger\" \/>\n\t\t<meta name=\"twitter:description\" content=\"Nachhaltiger Schl\u00fcsselanh\u00e4nger aus recyceltem Leder mit matter Haptik, ideal f\u00fcr Alltag &amp; B\u00fcro. Du w\u00e4hlst Schwarz, Dunkelblau oder Taupe. Hidalgo druckt dein Logo f\u00fcr Messen und Kundengeschenke; der robuste Schl\u00fcsselring h\u00e4lt zuverl\u00e4ssig.\" \/>\n\t\t<meta name=\"twitter:image\" content=\"https:\/\/shop.hidalgo.nl\/wp-content\/uploads\/2025\/11\/cropped-Hidalgo-est1993.png\" \/>\n\t\t<script type=\"application\/ld+json\" class=\"aioseo-schema\">\n\t\t\t{\"@context\":\"https:\\\/\\\/schema.org\",\"@graph\":[{\"@type\":\"BreadcrumbList\",\"@id\":\"https:\\\/\\\/hidalgo.nl\\\/de\\\/product\\\/recycled-leather-keyring-round-sleutelhanger\\\/#breadcrumblist\",\"itemListElement\":[{\"@type\":\"ListItem\",\"@id\":\"https:\\\/\\\/hidalgo.nl\\\/de\\\/#listItem\",\"position\":1,\"name\":\"Home\",\"item\":\"https:\\\/\\\/hidalgo.nl\\\/de\\\/\",\"nextItem\":{\"@type\":\"ListItem\",\"@id\":\"https:\\\/\\\/hidalgo.nl\\\/example\\\/#listItem\",\"name\":\"example\"}},{\"@type\":\"ListItem\",\"@id\":\"https:\\\/\\\/hidalgo.nl\\\/example\\\/#listItem\",\"position\":2,\"name\":\"example\",\"item\":\"https:\\\/\\\/hidalgo.nl\\\/example\\\/\",\"nextItem\":{\"@type\":\"ListItem\",\"@id\":\"https:\\\/\\\/hidalgo.nl\\\/en\\\/product-supplier\\\/a508\\\/#listItem\",\"name\":\"A508\"},\"previousItem\":{\"@type\":\"ListItem\",\"@id\":\"https:\\\/\\\/hidalgo.nl\\\/de\\\/#listItem\",\"name\":\"Home\"}},{\"@type\":\"ListItem\",\"@id\":\"https:\\\/\\\/hidalgo.nl\\\/en\\\/product-supplier\\\/a508\\\/#listItem\",\"position\":3,\"name\":\"A508\",\"item\":\"https:\\\/\\\/hidalgo.nl\\\/en\\\/product-supplier\\\/a508\\\/\",\"nextItem\":{\"@type\":\"ListItem\",\"@id\":\"https:\\\/\\\/hidalgo.nl\\\/de\\\/product\\\/recycled-leather-keyring-round-sleutelhanger\\\/#listItem\",\"name\":\"Recycled Leather Keyring Round sleutelhanger\"},\"previousItem\":{\"@type\":\"ListItem\",\"@id\":\"https:\\\/\\\/hidalgo.nl\\\/example\\\/#listItem\",\"name\":\"example\"}},{\"@type\":\"ListItem\",\"@id\":\"https:\\\/\\\/hidalgo.nl\\\/de\\\/product\\\/recycled-leather-keyring-round-sleutelhanger\\\/#listItem\",\"position\":4,\"name\":\"Recycled Leather Keyring Round sleutelhanger\",\"previousItem\":{\"@type\":\"ListItem\",\"@id\":\"https:\\\/\\\/hidalgo.nl\\\/en\\\/product-supplier\\\/a508\\\/#listItem\",\"name\":\"A508\"}}]},{\"@type\":\"ItemPage\",\"@id\":\"https:\\\/\\\/hidalgo.nl\\\/de\\\/product\\\/recycled-leather-keyring-round-sleutelhanger\\\/#itempage\",\"url\":\"https:\\\/\\\/hidalgo.nl\\\/de\\\/product\\\/recycled-leather-keyring-round-sleutelhanger\\\/\",\"name\":\"Recycled Leather Keyring Round sleutelhanger\",\"description\":\"Nachhaltiger Schl\\u00fcsselanh\\u00e4nger aus recyceltem Leder mit matter Haptik, ideal f\\u00fcr Alltag & B\\u00fcro. Du w\\u00e4hlst Schwarz, Dunkelblau oder Taupe. Hidalgo druckt dein Logo f\\u00fcr Messen und Kundengeschenke; der robuste Schl\\u00fcsselring h\\u00e4lt zuverl\\u00e4ssig.\",\"inLanguage\":\"de-DE\",\"isPartOf\":{\"@id\":\"https:\\\/\\\/hidalgo.nl\\\/de\\\/#website\"},\"breadcrumb\":{\"@id\":\"https:\\\/\\\/hidalgo.nl\\\/de\\\/product\\\/recycled-leather-keyring-round-sleutelhanger\\\/#breadcrumblist\"},\"image\":{\"@type\":\"ImageObject\",\"url\":\"https:\\\/\\\/shop.hidalgo.nl\\\/wp-content\\\/uploads\\\/2025\\\/04\\\/7468f5614c50cf1ae77af093a700a7e408d0a16352445625a208503fadbe1cec.jpg\",\"@id\":\"https:\\\/\\\/hidalgo.nl\\\/de\\\/product\\\/recycled-leather-keyring-round-sleutelhanger\\\/#mainImage\"},\"primaryImageOfPage\":{\"@id\":\"https:\\\/\\\/hidalgo.nl\\\/de\\\/product\\\/recycled-leather-keyring-round-sleutelhanger\\\/#mainImage\"},\"datePublished\":\"2025-07-07T21:00:22+00:00\",\"dateModified\":\"2026-02-26T07:37:36+00:00\"},{\"@type\":\"Organization\",\"@id\":\"https:\\\/\\\/hidalgo.nl\\\/de\\\/#organization\",\"name\":\"Hidalgo\",\"url\":\"https:\\\/\\\/hidalgo.nl\\\/de\\\/\",\"logo\":{\"@type\":\"ImageObject\",\"url\":\"https:\\\/\\\/shop.hidalgo.nl\\\/wp-content\\\/uploads\\\/2025\\\/11\\\/cropped-Hidalgo-est1993.png\",\"@id\":\"https:\\\/\\\/hidalgo.nl\\\/de\\\/product\\\/recycled-leather-keyring-round-sleutelhanger\\\/#organizationLogo\",\"width\":585,\"height\":195},\"image\":{\"@id\":\"https:\\\/\\\/hidalgo.nl\\\/de\\\/product\\\/recycled-leather-keyring-round-sleutelhanger\\\/#organizationLogo\"}},{\"@type\":\"WebPage\",\"@id\":\"https:\\\/\\\/hidalgo.nl\\\/de\\\/product\\\/recycled-leather-keyring-round-sleutelhanger\\\/#webpage\",\"url\":\"https:\\\/\\\/hidalgo.nl\\\/de\\\/product\\\/recycled-leather-keyring-round-sleutelhanger\\\/\",\"name\":\"Recycled Leather Keyring Round sleutelhanger\",\"description\":\"Nachhaltiger Schl\\u00fcsselanh\\u00e4nger aus recyceltem Leder mit matter Haptik, ideal f\\u00fcr Alltag & B\\u00fcro. Du w\\u00e4hlst Schwarz, Dunkelblau oder Taupe. Hidalgo druckt dein Logo f\\u00fcr Messen und Kundengeschenke; der robuste Schl\\u00fcsselring h\\u00e4lt zuverl\\u00e4ssig.\",\"inLanguage\":\"de-DE\",\"isPartOf\":{\"@id\":\"https:\\\/\\\/hidalgo.nl\\\/de\\\/#website\"},\"breadcrumb\":{\"@id\":\"https:\\\/\\\/hidalgo.nl\\\/de\\\/product\\\/recycled-leather-keyring-round-sleutelhanger\\\/#breadcrumblist\"},\"image\":{\"@type\":\"ImageObject\",\"url\":\"https:\\\/\\\/shop.hidalgo.nl\\\/wp-content\\\/uploads\\\/2025\\\/04\\\/7468f5614c50cf1ae77af093a700a7e408d0a16352445625a208503fadbe1cec.jpg\",\"@id\":\"https:\\\/\\\/hidalgo.nl\\\/de\\\/product\\\/recycled-leather-keyring-round-sleutelhanger\\\/#mainImage\"},\"primaryImageOfPage\":{\"@id\":\"https:\\\/\\\/hidalgo.nl\\\/de\\\/product\\\/recycled-leather-keyring-round-sleutelhanger\\\/#mainImage\"},\"datePublished\":\"2025-07-07T21:00:22+00:00\",\"dateModified\":\"2026-02-26T07:37:36+00:00\"},{\"@type\":\"WebSite\",\"@id\":\"https:\\\/\\\/hidalgo.nl\\\/de\\\/#website\",\"url\":\"https:\\\/\\\/hidalgo.nl\\\/de\\\/\",\"name\":\"Hidalgo\",\"inLanguage\":\"de-DE\",\"publisher\":{\"@id\":\"https:\\\/\\\/hidalgo.nl\\\/de\\\/#organization\"}}]}\n\t\t<\/script>\n\t\t<!-- All in One SEO Pro -->\r\n\t\t<title>Recycled Leather Keyring Round sleutelhanger<\/title>\n\n","aioseo_head_json":{"title":"Recycled Leather Keyring Round sleutelhanger","description":"Nachhaltiger Schl\u00fcsselanh\u00e4nger aus recyceltem Leder mit matter Haptik, ideal f\u00fcr Alltag & B\u00fcro. Du w\u00e4hlst Schwarz, Dunkelblau oder Taupe. Hidalgo druckt dein Logo f\u00fcr Messen und Kundengeschenke; der robuste Schl\u00fcsselring h\u00e4lt zuverl\u00e4ssig.","canonical_url":"https:\/\/hidalgo.nl\/de\/wp-json\/wp\/v2\/product\/131715","robots":"max-image-preview:large","keywords":"","webmasterTools":{"miscellaneous":""},"schema":{"@context":"https:\/\/schema.org","@graph":[{"@type":"BreadcrumbList","@id":"https:\/\/hidalgo.nl\/de\/product\/recycled-leather-keyring-round-sleutelhanger\/#breadcrumblist","itemListElement":[{"@type":"ListItem","@id":"https:\/\/hidalgo.nl\/de\/#listItem","position":1,"name":"Home","item":"https:\/\/hidalgo.nl\/de\/","nextItem":{"@type":"ListItem","@id":"https:\/\/hidalgo.nl\/example\/#listItem","name":"example"}},{"@type":"ListItem","@id":"https:\/\/hidalgo.nl\/example\/#listItem","position":2,"name":"example","item":"https:\/\/hidalgo.nl\/example\/","nextItem":{"@type":"ListItem","@id":"https:\/\/hidalgo.nl\/en\/product-supplier\/a508\/#listItem","name":"A508"},"previousItem":{"@type":"ListItem","@id":"https:\/\/hidalgo.nl\/de\/#listItem","name":"Home"}},{"@type":"ListItem","@id":"https:\/\/hidalgo.nl\/en\/product-supplier\/a508\/#listItem","position":3,"name":"A508","item":"https:\/\/hidalgo.nl\/en\/product-supplier\/a508\/","nextItem":{"@type":"ListItem","@id":"https:\/\/hidalgo.nl\/de\/product\/recycled-leather-keyring-round-sleutelhanger\/#listItem","name":"Recycled Leather Keyring Round sleutelhanger"},"previousItem":{"@type":"ListItem","@id":"https:\/\/hidalgo.nl\/example\/#listItem","name":"example"}},{"@type":"ListItem","@id":"https:\/\/hidalgo.nl\/de\/product\/recycled-leather-keyring-round-sleutelhanger\/#listItem","position":4,"name":"Recycled Leather Keyring Round sleutelhanger","previousItem":{"@type":"ListItem","@id":"https:\/\/hidalgo.nl\/en\/product-supplier\/a508\/#listItem","name":"A508"}}]},{"@type":"ItemPage","@id":"https:\/\/hidalgo.nl\/de\/product\/recycled-leather-keyring-round-sleutelhanger\/#itempage","url":"https:\/\/hidalgo.nl\/de\/product\/recycled-leather-keyring-round-sleutelhanger\/","name":"Recycled Leather Keyring Round sleutelhanger","description":"Nachhaltiger Schl\u00fcsselanh\u00e4nger aus recyceltem Leder mit matter Haptik, ideal f\u00fcr Alltag & B\u00fcro. Du w\u00e4hlst Schwarz, Dunkelblau oder Taupe. Hidalgo druckt dein Logo f\u00fcr Messen und Kundengeschenke; der robuste Schl\u00fcsselring h\u00e4lt zuverl\u00e4ssig.","inLanguage":"de-DE","isPartOf":{"@id":"https:\/\/hidalgo.nl\/de\/#website"},"breadcrumb":{"@id":"https:\/\/hidalgo.nl\/de\/product\/recycled-leather-keyring-round-sleutelhanger\/#breadcrumblist"},"image":{"@type":"ImageObject","url":"https:\/\/shop.hidalgo.nl\/wp-content\/uploads\/2025\/04\/7468f5614c50cf1ae77af093a700a7e408d0a16352445625a208503fadbe1cec.jpg","@id":"https:\/\/hidalgo.nl\/de\/product\/recycled-leather-keyring-round-sleutelhanger\/#mainImage"},"primaryImageOfPage":{"@id":"https:\/\/hidalgo.nl\/de\/product\/recycled-leather-keyring-round-sleutelhanger\/#mainImage"},"datePublished":"2025-07-07T21:00:22+00:00","dateModified":"2026-02-26T07:37:36+00:00"},{"@type":"Organization","@id":"https:\/\/hidalgo.nl\/de\/#organization","name":"Hidalgo","url":"https:\/\/hidalgo.nl\/de\/","logo":{"@type":"ImageObject","url":"https:\/\/shop.hidalgo.nl\/wp-content\/uploads\/2025\/11\/cropped-Hidalgo-est1993.png","@id":"https:\/\/hidalgo.nl\/de\/product\/recycled-leather-keyring-round-sleutelhanger\/#organizationLogo","width":585,"height":195},"image":{"@id":"https:\/\/hidalgo.nl\/de\/product\/recycled-leather-keyring-round-sleutelhanger\/#organizationLogo"}},{"@type":"WebPage","@id":"https:\/\/hidalgo.nl\/de\/product\/recycled-leather-keyring-round-sleutelhanger\/#webpage","url":"https:\/\/hidalgo.nl\/de\/product\/recycled-leather-keyring-round-sleutelhanger\/","name":"Recycled Leather Keyring Round sleutelhanger","description":"Nachhaltiger Schl\u00fcsselanh\u00e4nger aus recyceltem Leder mit matter Haptik, ideal f\u00fcr Alltag & B\u00fcro. Du w\u00e4hlst Schwarz, Dunkelblau oder Taupe. Hidalgo druckt dein Logo f\u00fcr Messen und Kundengeschenke; der robuste Schl\u00fcsselring h\u00e4lt zuverl\u00e4ssig.","inLanguage":"de-DE","isPartOf":{"@id":"https:\/\/hidalgo.nl\/de\/#website"},"breadcrumb":{"@id":"https:\/\/hidalgo.nl\/de\/product\/recycled-leather-keyring-round-sleutelhanger\/#breadcrumblist"},"image":{"@type":"ImageObject","url":"https:\/\/shop.hidalgo.nl\/wp-content\/uploads\/2025\/04\/7468f5614c50cf1ae77af093a700a7e408d0a16352445625a208503fadbe1cec.jpg","@id":"https:\/\/hidalgo.nl\/de\/product\/recycled-leather-keyring-round-sleutelhanger\/#mainImage"},"primaryImageOfPage":{"@id":"https:\/\/hidalgo.nl\/de\/product\/recycled-leather-keyring-round-sleutelhanger\/#mainImage"},"datePublished":"2025-07-07T21:00:22+00:00","dateModified":"2026-02-26T07:37:36+00:00"},{"@type":"WebSite","@id":"https:\/\/hidalgo.nl\/de\/#website","url":"https:\/\/hidalgo.nl\/de\/","name":"Hidalgo","inLanguage":"de-DE","publisher":{"@id":"https:\/\/hidalgo.nl\/de\/#organization"}}]},"og:locale":"de_DE","og:site_name":"Hidalgo -","og:type":"article","og:title":"Recycled Leather Keyring Round sleutelhanger","og:description":"Nachhaltiger Schl\u00fcsselanh\u00e4nger aus recyceltem Leder mit matter Haptik, ideal f\u00fcr Alltag &amp; B\u00fcro. Du w\u00e4hlst Schwarz, Dunkelblau oder Taupe. Hidalgo druckt dein Logo f\u00fcr Messen und Kundengeschenke; der robuste Schl\u00fcsselring h\u00e4lt zuverl\u00e4ssig.","og:url":"https:\/\/hidalgo.nl\/de\/wp-json\/wp\/v2\/product\/131715","og:image":"https:\/\/shop.hidalgo.nl\/wp-content\/uploads\/2025\/11\/cropped-Hidalgo-est1993.png","og:image:secure_url":"https:\/\/shop.hidalgo.nl\/wp-content\/uploads\/2025\/11\/cropped-Hidalgo-est1993.png","article:published_time":"2025-07-07T21:00:22+00:00","article:modified_time":"2026-02-26T07:37:36+00:00","twitter:card":"summary_large_image","twitter:title":"Recycled Leather Keyring Round sleutelhanger","twitter:description":"Nachhaltiger Schl\u00fcsselanh\u00e4nger aus recyceltem Leder mit matter Haptik, ideal f\u00fcr Alltag &amp; B\u00fcro. Du w\u00e4hlst Schwarz, Dunkelblau oder Taupe. Hidalgo druckt dein Logo f\u00fcr Messen und Kundengeschenke; der robuste Schl\u00fcsselring h\u00e4lt zuverl\u00e4ssig.","twitter:image":"https:\/\/shop.hidalgo.nl\/wp-content\/uploads\/2025\/11\/cropped-Hidalgo-est1993.png"},"aioseo_meta_data":{"post_id":"131715","title":null,"description":null,"keywords":null,"keyphrases":null,"primary_term":null,"canonical_url":null,"og_title":null,"og_description":null,"og_object_type":"default","og_image_type":"default","og_image_url":null,"og_image_width":null,"og_image_height":null,"og_image_custom_url":null,"og_image_custom_fields":null,"og_video":null,"og_custom_url":null,"og_article_section":null,"og_article_tags":null,"twitter_use_og":false,"twitter_card":"default","twitter_image_type":"default","twitter_image_url":null,"twitter_image_custom_url":null,"twitter_image_custom_fields":null,"twitter_title":null,"twitter_description":null,"schema":{"blockGraphs":[],"customGraphs":[],"default":{"data":{"Article":[],"Course":[],"Dataset":[],"FAQPage":[],"Movie":[],"Person":[],"Product":[],"ProductReview":[],"Car":[],"Recipe":[],"Service":[],"SoftwareApplication":[],"WebPage":[]},"graphName":"","isEnabled":true},"graphs":[]},"schema_type":"default","schema_type_options":null,"pillar_content":false,"robots_default":true,"robots_noindex":false,"robots_noarchive":false,"robots_nosnippet":false,"robots_nofollow":false,"robots_noimageindex":false,"robots_noodp":false,"robots_notranslate":false,"robots_max_snippet":null,"robots_max_videopreview":null,"robots_max_imagepreview":"large","priority":null,"frequency":null,"local_seo":null,"seo_analyzer_scan_date":"2026-01-22 10:33:31","breadcrumb_settings":null,"limit_modified_date":false,"reviewed_by":null,"open_ai":null,"ai":null,"created":"2026-01-14 06:25:38","updated":"2026-02-26 10:03:17"},"aioseo_breadcrumb":"<div class=\"aioseo-breadcrumbs\"><span class=\"aioseo-breadcrumb\">\n\t<a href=\"https:\/\/hidalgo.nl\/de\/\" title=\"Home\">Home<\/a>\n<\/span><span class=\"aioseo-breadcrumb-separator\">\u00bb<\/span><span class=\"aioseo-breadcrumb\">\n\t<a href=\"https:\/\/hidalgo.nl\/example\/\" title=\"example\">example<\/a>\n<\/span><span class=\"aioseo-breadcrumb-separator\">\u00bb<\/span><span class=\"aioseo-breadcrumb\">\n\t<a href=\"https:\/\/hidalgo.nl\/en\/product-supplier\/a508\/\" title=\"A508\">A508<\/a>\n<\/span><span class=\"aioseo-breadcrumb-separator\">\u00bb<\/span><span class=\"aioseo-breadcrumb\">\n\tRecycled Leather Keyring Round sleutelhanger\n<\/span><\/div>","aioseo_breadcrumb_json":[{"label":"Home","link":"https:\/\/hidalgo.nl\/de\/"},{"label":"example","link":"https:\/\/hidalgo.nl\/example\/"},{"label":"A508","link":"https:\/\/hidalgo.nl\/en\/product-supplier\/a508\/"},{"label":"Recycled Leather Keyring Round sleutelhanger","link":"https:\/\/hidalgo.nl\/de\/product\/recycled-leather-keyring-round-sleutelhanger\/"}],"_links":{"self":[{"href":"https:\/\/hidalgo.nl\/de\/wp-json\/wp\/v2\/product\/131715","targetHints":{"allow":["GET"]}}],"collection":[{"href":"https:\/\/hidalgo.nl\/de\/wp-json\/wp\/v2\/product"}],"about":[{"href":"https:\/\/hidalgo.nl\/de\/wp-json\/wp\/v2\/types\/product"}],"wp:featuredmedia":[{"embeddable":true,"href":"https:\/\/hidalgo.nl\/de\/wp-json\/wp\/v2\/media\/578356"}],"wp:attachment":[{"href":"https:\/\/hidalgo.nl\/de\/wp-json\/wp\/v2\/media?parent=131715"}],"wp:term":[{"taxonomy":"product_brand","embeddable":true,"href":"https:\/\/hidalgo.nl\/de\/wp-json\/wp\/v2\/product_brand?post=131715"},{"taxonomy":"product_cat","embeddable":true,"href":"https:\/\/hidalgo.nl\/de\/wp-json\/wp\/v2\/product_cat?post=131715"},{"taxonomy":"product_tag","embeddable":true,"href":"https:\/\/hidalgo.nl\/de\/wp-json\/wp\/v2\/product_tag?post=131715"}],"curies":[{"name":"wp","href":"https:\/\/api.w.org\/{rel}","templated":true}]}}