{"id":131445,"date":"2025-07-07T20:54:27","date_gmt":"2025-07-07T20:54:27","guid":{"rendered":"http:\/\/bidonsenshakers.pim.hidalgo.nl\/product\/enkele-kopkaart-voor-sproutworld-potlood\/"},"modified":"2026-02-26T07:37:52","modified_gmt":"2026-02-26T07:37:52","slug":"enkele-kopkaart-voor-sproutworld-potlood","status":"publish","type":"product","link":"https:\/\/hidalgo.nl\/de\/product\/enkele-kopkaart-voor-sproutworld-potlood\/","title":{"rendered":"Enkele kopkaart voor Sproutworld potlood"},"content":{"rendered":"<p>Kaartje van karton waar het potlood ingestoken kan worden. Op de kaart staat informatie over het product. Deze kaart geeft het product een exclusieve attentiewaarde. Geschikt voor de artikelnummers W367 en W368.<\/p>\n","protected":false},"excerpt":{"rendered":"<p>Kaartje van karton waar het potlood ingestoken kan worden. Op de kaart staat informatie over het product. Deze kaart geeft het product een exclusieve attentiewaarde. Geschikt voor de artikelnummers W367 en W368.<\/p>\n","protected":false},"featured_media":579125,"template":"","meta":{"_acf_changed":false,"om_disable_all_campaigns":false,"_monsterinsights_skip_tracking":false,"_monsterinsights_sitenote_active":false,"_monsterinsights_sitenote_note":"","_monsterinsights_sitenote_category":0},"product_brand":[1935],"product_cat":[4802,4719,4756],"product_tag":[],"class_list":{"0":"post-131445","1":"product","2":"type-product","3":"status-publish","4":"has-post-thumbnail","6":"product_supplier-a508","7":"product_material-karton","8":"product_brand-sproutworld","9":"product_cat-potloden","10":"product_cat-promotionele-artikelen","11":"product_cat-schrijfwaren","12":"entry","14":"first","15":"instock","16":"taxable","17":"shipping-taxable","18":"purchasable","19":"product-type-variable"},"acf":{"imprint_cost":false},"aioseo_notices":[],"aioseo_head":"\n\t\t<!-- All in One SEO Pro 4.9.6.2 - aioseo.com -->\n\t<meta name=\"description\" content=\"Pr\u00e4sentiere deinen Sproutworld-Stift mit dieser gr\u00fcnen Headerkarte aus stabilem Karton - passend f\u00fcr 1 Exemplar, ideal als Giveaway auf Messen &amp; Events. Hidalgo druckt dein Logo pr\u00e4zise auf die Verpackung, sodass deine Marke auff\u00e4llt und Informationen sauber kommuniziert werden.\" \/>\n\t<meta name=\"robots\" content=\"max-image-preview:large\" \/>\n\t<link rel=\"canonical\" href=\"https:\/\/hidalgo.nl\/de\/wp-json\/wp\/v2\/product\/131445\" \/>\n\t<meta name=\"generator\" content=\"All in One SEO Pro (AIOSEO) 4.9.6.2\" \/>\n\t\t<meta property=\"og:locale\" content=\"de_DE\" \/>\n\t\t<meta property=\"og:site_name\" content=\"Hidalgo -\" \/>\n\t\t<meta property=\"og:type\" content=\"article\" \/>\n\t\t<meta property=\"og:title\" content=\"Enkele kopkaart voor Sproutworld potlood\" \/>\n\t\t<meta property=\"og:description\" content=\"Pr\u00e4sentiere deinen Sproutworld-Stift mit dieser gr\u00fcnen Headerkarte aus stabilem Karton - passend f\u00fcr 1 Exemplar, ideal als Giveaway auf Messen &amp; Events. Hidalgo druckt dein Logo pr\u00e4zise auf die Verpackung, sodass deine Marke auff\u00e4llt und Informationen sauber kommuniziert werden.\" \/>\n\t\t<meta property=\"og:url\" content=\"https:\/\/hidalgo.nl\/de\/wp-json\/wp\/v2\/product\/131445\" \/>\n\t\t<meta property=\"og:image\" content=\"https:\/\/shop.hidalgo.nl\/wp-content\/uploads\/2025\/11\/cropped-Hidalgo-est1993.png\" \/>\n\t\t<meta property=\"og:image:secure_url\" content=\"https:\/\/shop.hidalgo.nl\/wp-content\/uploads\/2025\/11\/cropped-Hidalgo-est1993.png\" \/>\n\t\t<meta property=\"article:published_time\" content=\"2025-07-07T20:54:27+00:00\" \/>\n\t\t<meta property=\"article:modified_time\" content=\"2026-02-26T07:37:52+00:00\" \/>\n\t\t<meta name=\"twitter:card\" content=\"summary_large_image\" \/>\n\t\t<meta name=\"twitter:title\" content=\"Enkele kopkaart voor Sproutworld potlood\" \/>\n\t\t<meta name=\"twitter:description\" content=\"Pr\u00e4sentiere deinen Sproutworld-Stift mit dieser gr\u00fcnen Headerkarte aus stabilem Karton - passend f\u00fcr 1 Exemplar, ideal als Giveaway auf Messen &amp; Events. Hidalgo druckt dein Logo pr\u00e4zise auf die Verpackung, sodass deine Marke auff\u00e4llt und Informationen sauber kommuniziert werden.\" \/>\n\t\t<meta name=\"twitter:image\" content=\"https:\/\/shop.hidalgo.nl\/wp-content\/uploads\/2025\/11\/cropped-Hidalgo-est1993.png\" \/>\n\t\t<script type=\"application\/ld+json\" class=\"aioseo-schema\">\n\t\t\t{\"@context\":\"https:\\\/\\\/schema.org\",\"@graph\":[{\"@type\":\"BreadcrumbList\",\"@id\":\"https:\\\/\\\/hidalgo.nl\\\/de\\\/product\\\/enkele-kopkaart-voor-sproutworld-potlood\\\/#breadcrumblist\",\"itemListElement\":[{\"@type\":\"ListItem\",\"@id\":\"https:\\\/\\\/hidalgo.nl\\\/de\\\/#listItem\",\"position\":1,\"name\":\"Home\",\"item\":\"https:\\\/\\\/hidalgo.nl\\\/de\\\/\",\"nextItem\":{\"@type\":\"ListItem\",\"@id\":\"https:\\\/\\\/hidalgo.nl\\\/example\\\/#listItem\",\"name\":\"example\"}},{\"@type\":\"ListItem\",\"@id\":\"https:\\\/\\\/hidalgo.nl\\\/example\\\/#listItem\",\"position\":2,\"name\":\"example\",\"item\":\"https:\\\/\\\/hidalgo.nl\\\/example\\\/\",\"nextItem\":{\"@type\":\"ListItem\",\"@id\":\"https:\\\/\\\/hidalgo.nl\\\/en\\\/product-supplier\\\/a508\\\/#listItem\",\"name\":\"A508\"},\"previousItem\":{\"@type\":\"ListItem\",\"@id\":\"https:\\\/\\\/hidalgo.nl\\\/de\\\/#listItem\",\"name\":\"Home\"}},{\"@type\":\"ListItem\",\"@id\":\"https:\\\/\\\/hidalgo.nl\\\/en\\\/product-supplier\\\/a508\\\/#listItem\",\"position\":3,\"name\":\"A508\",\"item\":\"https:\\\/\\\/hidalgo.nl\\\/en\\\/product-supplier\\\/a508\\\/\",\"nextItem\":{\"@type\":\"ListItem\",\"@id\":\"https:\\\/\\\/hidalgo.nl\\\/de\\\/product\\\/enkele-kopkaart-voor-sproutworld-potlood\\\/#listItem\",\"name\":\"Enkele kopkaart voor Sproutworld potlood\"},\"previousItem\":{\"@type\":\"ListItem\",\"@id\":\"https:\\\/\\\/hidalgo.nl\\\/example\\\/#listItem\",\"name\":\"example\"}},{\"@type\":\"ListItem\",\"@id\":\"https:\\\/\\\/hidalgo.nl\\\/de\\\/product\\\/enkele-kopkaart-voor-sproutworld-potlood\\\/#listItem\",\"position\":4,\"name\":\"Enkele kopkaart voor Sproutworld potlood\",\"previousItem\":{\"@type\":\"ListItem\",\"@id\":\"https:\\\/\\\/hidalgo.nl\\\/en\\\/product-supplier\\\/a508\\\/#listItem\",\"name\":\"A508\"}}]},{\"@type\":\"ItemPage\",\"@id\":\"https:\\\/\\\/hidalgo.nl\\\/de\\\/product\\\/enkele-kopkaart-voor-sproutworld-potlood\\\/#itempage\",\"url\":\"https:\\\/\\\/hidalgo.nl\\\/de\\\/product\\\/enkele-kopkaart-voor-sproutworld-potlood\\\/\",\"name\":\"Enkele kopkaart voor Sproutworld potlood\",\"description\":\"Pr\\u00e4sentiere deinen Sproutworld-Stift mit dieser gr\\u00fcnen Headerkarte aus stabilem Karton - passend f\\u00fcr 1 Exemplar, ideal als Giveaway auf Messen & Events. Hidalgo druckt dein Logo pr\\u00e4zise auf die Verpackung, sodass deine Marke auff\\u00e4llt und Informationen sauber kommuniziert werden.\",\"inLanguage\":\"de-DE\",\"isPartOf\":{\"@id\":\"https:\\\/\\\/hidalgo.nl\\\/de\\\/#website\"},\"breadcrumb\":{\"@id\":\"https:\\\/\\\/hidalgo.nl\\\/de\\\/product\\\/enkele-kopkaart-voor-sproutworld-potlood\\\/#breadcrumblist\"},\"image\":{\"@type\":\"ImageObject\",\"url\":\"https:\\\/\\\/shop.hidalgo.nl\\\/wp-content\\\/uploads\\\/2025\\\/04\\\/fcf83662cd610ebd0099427c2786c9c77e3d528c2c8ddb36506c2d88ee4a5866.jpg\",\"@id\":\"https:\\\/\\\/hidalgo.nl\\\/de\\\/product\\\/enkele-kopkaart-voor-sproutworld-potlood\\\/#mainImage\"},\"primaryImageOfPage\":{\"@id\":\"https:\\\/\\\/hidalgo.nl\\\/de\\\/product\\\/enkele-kopkaart-voor-sproutworld-potlood\\\/#mainImage\"},\"datePublished\":\"2025-07-07T20:54:27+00:00\",\"dateModified\":\"2026-02-26T07:37:52+00:00\"},{\"@type\":\"Organization\",\"@id\":\"https:\\\/\\\/hidalgo.nl\\\/de\\\/#organization\",\"name\":\"Hidalgo\",\"url\":\"https:\\\/\\\/hidalgo.nl\\\/de\\\/\",\"logo\":{\"@type\":\"ImageObject\",\"url\":\"https:\\\/\\\/shop.hidalgo.nl\\\/wp-content\\\/uploads\\\/2025\\\/11\\\/cropped-Hidalgo-est1993.png\",\"@id\":\"https:\\\/\\\/hidalgo.nl\\\/de\\\/product\\\/enkele-kopkaart-voor-sproutworld-potlood\\\/#organizationLogo\",\"width\":585,\"height\":195},\"image\":{\"@id\":\"https:\\\/\\\/hidalgo.nl\\\/de\\\/product\\\/enkele-kopkaart-voor-sproutworld-potlood\\\/#organizationLogo\"}},{\"@type\":\"WebPage\",\"@id\":\"https:\\\/\\\/hidalgo.nl\\\/de\\\/product\\\/enkele-kopkaart-voor-sproutworld-potlood\\\/#webpage\",\"url\":\"https:\\\/\\\/hidalgo.nl\\\/de\\\/product\\\/enkele-kopkaart-voor-sproutworld-potlood\\\/\",\"name\":\"Enkele kopkaart voor Sproutworld potlood\",\"description\":\"Pr\\u00e4sentiere deinen Sproutworld-Stift mit dieser gr\\u00fcnen Headerkarte aus stabilem Karton - passend f\\u00fcr 1 Exemplar, ideal als Giveaway auf Messen & Events. Hidalgo druckt dein Logo pr\\u00e4zise auf die Verpackung, sodass deine Marke auff\\u00e4llt und Informationen sauber kommuniziert werden.\",\"inLanguage\":\"de-DE\",\"isPartOf\":{\"@id\":\"https:\\\/\\\/hidalgo.nl\\\/de\\\/#website\"},\"breadcrumb\":{\"@id\":\"https:\\\/\\\/hidalgo.nl\\\/de\\\/product\\\/enkele-kopkaart-voor-sproutworld-potlood\\\/#breadcrumblist\"},\"image\":{\"@type\":\"ImageObject\",\"url\":\"https:\\\/\\\/shop.hidalgo.nl\\\/wp-content\\\/uploads\\\/2025\\\/04\\\/fcf83662cd610ebd0099427c2786c9c77e3d528c2c8ddb36506c2d88ee4a5866.jpg\",\"@id\":\"https:\\\/\\\/hidalgo.nl\\\/de\\\/product\\\/enkele-kopkaart-voor-sproutworld-potlood\\\/#mainImage\"},\"primaryImageOfPage\":{\"@id\":\"https:\\\/\\\/hidalgo.nl\\\/de\\\/product\\\/enkele-kopkaart-voor-sproutworld-potlood\\\/#mainImage\"},\"datePublished\":\"2025-07-07T20:54:27+00:00\",\"dateModified\":\"2026-02-26T07:37:52+00:00\"},{\"@type\":\"WebSite\",\"@id\":\"https:\\\/\\\/hidalgo.nl\\\/de\\\/#website\",\"url\":\"https:\\\/\\\/hidalgo.nl\\\/de\\\/\",\"name\":\"Hidalgo\",\"inLanguage\":\"de-DE\",\"publisher\":{\"@id\":\"https:\\\/\\\/hidalgo.nl\\\/de\\\/#organization\"}}]}\n\t\t<\/script>\n\t\t<!-- All in One SEO Pro -->\r\n\t\t<title>Enkele kopkaart voor Sproutworld potlood<\/title>\n\n","aioseo_head_json":{"title":"Enkele kopkaart voor Sproutworld potlood","description":"Pr\u00e4sentiere deinen Sproutworld-Stift mit dieser gr\u00fcnen Headerkarte aus stabilem Karton - passend f\u00fcr 1 Exemplar, ideal als Giveaway auf Messen & Events. Hidalgo druckt dein Logo pr\u00e4zise auf die Verpackung, sodass deine Marke auff\u00e4llt und Informationen sauber kommuniziert werden.","canonical_url":"https:\/\/hidalgo.nl\/de\/wp-json\/wp\/v2\/product\/131445","robots":"max-image-preview:large","keywords":"","webmasterTools":{"miscellaneous":""},"schema":{"@context":"https:\/\/schema.org","@graph":[{"@type":"BreadcrumbList","@id":"https:\/\/hidalgo.nl\/de\/product\/enkele-kopkaart-voor-sproutworld-potlood\/#breadcrumblist","itemListElement":[{"@type":"ListItem","@id":"https:\/\/hidalgo.nl\/de\/#listItem","position":1,"name":"Home","item":"https:\/\/hidalgo.nl\/de\/","nextItem":{"@type":"ListItem","@id":"https:\/\/hidalgo.nl\/example\/#listItem","name":"example"}},{"@type":"ListItem","@id":"https:\/\/hidalgo.nl\/example\/#listItem","position":2,"name":"example","item":"https:\/\/hidalgo.nl\/example\/","nextItem":{"@type":"ListItem","@id":"https:\/\/hidalgo.nl\/en\/product-supplier\/a508\/#listItem","name":"A508"},"previousItem":{"@type":"ListItem","@id":"https:\/\/hidalgo.nl\/de\/#listItem","name":"Home"}},{"@type":"ListItem","@id":"https:\/\/hidalgo.nl\/en\/product-supplier\/a508\/#listItem","position":3,"name":"A508","item":"https:\/\/hidalgo.nl\/en\/product-supplier\/a508\/","nextItem":{"@type":"ListItem","@id":"https:\/\/hidalgo.nl\/de\/product\/enkele-kopkaart-voor-sproutworld-potlood\/#listItem","name":"Enkele kopkaart voor Sproutworld potlood"},"previousItem":{"@type":"ListItem","@id":"https:\/\/hidalgo.nl\/example\/#listItem","name":"example"}},{"@type":"ListItem","@id":"https:\/\/hidalgo.nl\/de\/product\/enkele-kopkaart-voor-sproutworld-potlood\/#listItem","position":4,"name":"Enkele kopkaart voor Sproutworld potlood","previousItem":{"@type":"ListItem","@id":"https:\/\/hidalgo.nl\/en\/product-supplier\/a508\/#listItem","name":"A508"}}]},{"@type":"ItemPage","@id":"https:\/\/hidalgo.nl\/de\/product\/enkele-kopkaart-voor-sproutworld-potlood\/#itempage","url":"https:\/\/hidalgo.nl\/de\/product\/enkele-kopkaart-voor-sproutworld-potlood\/","name":"Enkele kopkaart voor Sproutworld potlood","description":"Pr\u00e4sentiere deinen Sproutworld-Stift mit dieser gr\u00fcnen Headerkarte aus stabilem Karton - passend f\u00fcr 1 Exemplar, ideal als Giveaway auf Messen & Events. Hidalgo druckt dein Logo pr\u00e4zise auf die Verpackung, sodass deine Marke auff\u00e4llt und Informationen sauber kommuniziert werden.","inLanguage":"de-DE","isPartOf":{"@id":"https:\/\/hidalgo.nl\/de\/#website"},"breadcrumb":{"@id":"https:\/\/hidalgo.nl\/de\/product\/enkele-kopkaart-voor-sproutworld-potlood\/#breadcrumblist"},"image":{"@type":"ImageObject","url":"https:\/\/shop.hidalgo.nl\/wp-content\/uploads\/2025\/04\/fcf83662cd610ebd0099427c2786c9c77e3d528c2c8ddb36506c2d88ee4a5866.jpg","@id":"https:\/\/hidalgo.nl\/de\/product\/enkele-kopkaart-voor-sproutworld-potlood\/#mainImage"},"primaryImageOfPage":{"@id":"https:\/\/hidalgo.nl\/de\/product\/enkele-kopkaart-voor-sproutworld-potlood\/#mainImage"},"datePublished":"2025-07-07T20:54:27+00:00","dateModified":"2026-02-26T07:37:52+00:00"},{"@type":"Organization","@id":"https:\/\/hidalgo.nl\/de\/#organization","name":"Hidalgo","url":"https:\/\/hidalgo.nl\/de\/","logo":{"@type":"ImageObject","url":"https:\/\/shop.hidalgo.nl\/wp-content\/uploads\/2025\/11\/cropped-Hidalgo-est1993.png","@id":"https:\/\/hidalgo.nl\/de\/product\/enkele-kopkaart-voor-sproutworld-potlood\/#organizationLogo","width":585,"height":195},"image":{"@id":"https:\/\/hidalgo.nl\/de\/product\/enkele-kopkaart-voor-sproutworld-potlood\/#organizationLogo"}},{"@type":"WebPage","@id":"https:\/\/hidalgo.nl\/de\/product\/enkele-kopkaart-voor-sproutworld-potlood\/#webpage","url":"https:\/\/hidalgo.nl\/de\/product\/enkele-kopkaart-voor-sproutworld-potlood\/","name":"Enkele kopkaart voor Sproutworld potlood","description":"Pr\u00e4sentiere deinen Sproutworld-Stift mit dieser gr\u00fcnen Headerkarte aus stabilem Karton - passend f\u00fcr 1 Exemplar, ideal als Giveaway auf Messen & Events. Hidalgo druckt dein Logo pr\u00e4zise auf die Verpackung, sodass deine Marke auff\u00e4llt und Informationen sauber kommuniziert werden.","inLanguage":"de-DE","isPartOf":{"@id":"https:\/\/hidalgo.nl\/de\/#website"},"breadcrumb":{"@id":"https:\/\/hidalgo.nl\/de\/product\/enkele-kopkaart-voor-sproutworld-potlood\/#breadcrumblist"},"image":{"@type":"ImageObject","url":"https:\/\/shop.hidalgo.nl\/wp-content\/uploads\/2025\/04\/fcf83662cd610ebd0099427c2786c9c77e3d528c2c8ddb36506c2d88ee4a5866.jpg","@id":"https:\/\/hidalgo.nl\/de\/product\/enkele-kopkaart-voor-sproutworld-potlood\/#mainImage"},"primaryImageOfPage":{"@id":"https:\/\/hidalgo.nl\/de\/product\/enkele-kopkaart-voor-sproutworld-potlood\/#mainImage"},"datePublished":"2025-07-07T20:54:27+00:00","dateModified":"2026-02-26T07:37:52+00:00"},{"@type":"WebSite","@id":"https:\/\/hidalgo.nl\/de\/#website","url":"https:\/\/hidalgo.nl\/de\/","name":"Hidalgo","inLanguage":"de-DE","publisher":{"@id":"https:\/\/hidalgo.nl\/de\/#organization"}}]},"og:locale":"de_DE","og:site_name":"Hidalgo -","og:type":"article","og:title":"Enkele kopkaart voor Sproutworld potlood","og:description":"Pr\u00e4sentiere deinen Sproutworld-Stift mit dieser gr\u00fcnen Headerkarte aus stabilem Karton - passend f\u00fcr 1 Exemplar, ideal als Giveaway auf Messen &amp; Events. Hidalgo druckt dein Logo pr\u00e4zise auf die Verpackung, sodass deine Marke auff\u00e4llt und Informationen sauber kommuniziert werden.","og:url":"https:\/\/hidalgo.nl\/de\/wp-json\/wp\/v2\/product\/131445","og:image":"https:\/\/shop.hidalgo.nl\/wp-content\/uploads\/2025\/11\/cropped-Hidalgo-est1993.png","og:image:secure_url":"https:\/\/shop.hidalgo.nl\/wp-content\/uploads\/2025\/11\/cropped-Hidalgo-est1993.png","article:published_time":"2025-07-07T20:54:27+00:00","article:modified_time":"2026-02-26T07:37:52+00:00","twitter:card":"summary_large_image","twitter:title":"Enkele kopkaart voor Sproutworld potlood","twitter:description":"Pr\u00e4sentiere deinen Sproutworld-Stift mit dieser gr\u00fcnen Headerkarte aus stabilem Karton - passend f\u00fcr 1 Exemplar, ideal als Giveaway auf Messen &amp; Events. Hidalgo druckt dein Logo pr\u00e4zise auf die Verpackung, sodass deine Marke auff\u00e4llt und Informationen sauber kommuniziert werden.","twitter:image":"https:\/\/shop.hidalgo.nl\/wp-content\/uploads\/2025\/11\/cropped-Hidalgo-est1993.png"},"aioseo_meta_data":{"post_id":"131445","title":null,"description":null,"keywords":null,"keyphrases":null,"primary_term":null,"canonical_url":null,"og_title":null,"og_description":null,"og_object_type":"default","og_image_type":"default","og_image_url":null,"og_image_width":null,"og_image_height":null,"og_image_custom_url":null,"og_image_custom_fields":null,"og_video":null,"og_custom_url":null,"og_article_section":null,"og_article_tags":null,"twitter_use_og":false,"twitter_card":"default","twitter_image_type":"default","twitter_image_url":null,"twitter_image_custom_url":null,"twitter_image_custom_fields":null,"twitter_title":null,"twitter_description":null,"schema":{"blockGraphs":[],"customGraphs":[],"default":{"data":{"Article":[],"Course":[],"Dataset":[],"FAQPage":[],"Movie":[],"Person":[],"Product":[],"ProductReview":[],"Car":[],"Recipe":[],"Service":[],"SoftwareApplication":[],"WebPage":[]},"graphName":"","isEnabled":true},"graphs":[]},"schema_type":"default","schema_type_options":null,"pillar_content":false,"robots_default":true,"robots_noindex":false,"robots_noarchive":false,"robots_nosnippet":false,"robots_nofollow":false,"robots_noimageindex":false,"robots_noodp":false,"robots_notranslate":false,"robots_max_snippet":null,"robots_max_videopreview":null,"robots_max_imagepreview":"large","priority":null,"frequency":null,"local_seo":null,"seo_analyzer_scan_date":"2026-01-22 10:31:25","breadcrumb_settings":null,"limit_modified_date":false,"reviewed_by":null,"open_ai":null,"ai":null,"created":"2026-01-14 06:25:38","updated":"2026-02-26 10:02:06"},"aioseo_breadcrumb":"<div class=\"aioseo-breadcrumbs\"><span class=\"aioseo-breadcrumb\">\n\t<a href=\"https:\/\/hidalgo.nl\/de\/\" title=\"Home\">Home<\/a>\n<\/span><span class=\"aioseo-breadcrumb-separator\">\u00bb<\/span><span class=\"aioseo-breadcrumb\">\n\t<a href=\"https:\/\/hidalgo.nl\/example\/\" title=\"example\">example<\/a>\n<\/span><span class=\"aioseo-breadcrumb-separator\">\u00bb<\/span><span class=\"aioseo-breadcrumb\">\n\t<a href=\"https:\/\/hidalgo.nl\/en\/product-supplier\/a508\/\" title=\"A508\">A508<\/a>\n<\/span><span class=\"aioseo-breadcrumb-separator\">\u00bb<\/span><span class=\"aioseo-breadcrumb\">\n\tEnkele kopkaart voor Sproutworld potlood\n<\/span><\/div>","aioseo_breadcrumb_json":[{"label":"Home","link":"https:\/\/hidalgo.nl\/de\/"},{"label":"example","link":"https:\/\/hidalgo.nl\/example\/"},{"label":"A508","link":"https:\/\/hidalgo.nl\/en\/product-supplier\/a508\/"},{"label":"Enkele kopkaart voor Sproutworld potlood","link":"https:\/\/hidalgo.nl\/de\/product\/enkele-kopkaart-voor-sproutworld-potlood\/"}],"_links":{"self":[{"href":"https:\/\/hidalgo.nl\/de\/wp-json\/wp\/v2\/product\/131445","targetHints":{"allow":["GET"]}}],"collection":[{"href":"https:\/\/hidalgo.nl\/de\/wp-json\/wp\/v2\/product"}],"about":[{"href":"https:\/\/hidalgo.nl\/de\/wp-json\/wp\/v2\/types\/product"}],"wp:featuredmedia":[{"embeddable":true,"href":"https:\/\/hidalgo.nl\/de\/wp-json\/wp\/v2\/media\/579125"}],"wp:attachment":[{"href":"https:\/\/hidalgo.nl\/de\/wp-json\/wp\/v2\/media?parent=131445"}],"wp:term":[{"taxonomy":"product_brand","embeddable":true,"href":"https:\/\/hidalgo.nl\/de\/wp-json\/wp\/v2\/product_brand?post=131445"},{"taxonomy":"product_cat","embeddable":true,"href":"https:\/\/hidalgo.nl\/de\/wp-json\/wp\/v2\/product_cat?post=131445"},{"taxonomy":"product_tag","embeddable":true,"href":"https:\/\/hidalgo.nl\/de\/wp-json\/wp\/v2\/product_tag?post=131445"}],"curies":[{"name":"wp","href":"https:\/\/api.w.org\/{rel}","templated":true}]}}