{"id":131430,"date":"2025-07-07T20:54:03","date_gmt":"2025-07-07T20:54:03","guid":{"rendered":"http:\/\/bidonsenshakers.pim.hidalgo.nl\/product\/retulp-fridgebag-lunchbag\/"},"modified":"2026-02-26T07:37:50","modified_gmt":"2026-02-26T07:37:50","slug":"retulp-fridgebag-lunchbag","status":"publish","type":"product","link":"https:\/\/hidalgo.nl\/de\/product\/retulp-fridgebag-lunchbag\/","title":{"rendered":"Retulp Fridgebag Lunchbag"},"content":{"rendered":"<p>Opvallende lunchtas van het merk Retulp. Gemaakt van het materiaal van afgedankte koelkasten. Voorzien van een ge\u00efsoleerde binnenzijde voor het op temperatuur houden van de inhoud. Met klittenbandsluiting voor handig hergebruik. Gemakkelijk afneembaar met een vochtige doek. De tas heeft het perfecte formaat voor een lekkere lunch en is een prima vervanging voor de dagelijkse plastic boterhamzakjes. Daarmee is dit product de perfecte oplossing voor single use plastics. Voorzien van een carelabel met QR code waar je precies de blockchain en het milieurapport van deze tas kunt zien. Inhoud ca. 9 liter.<\/p>\n","protected":false},"excerpt":{"rendered":"<p>Opvallende lunchtas van het merk Retulp. Gemaakt van het materiaal van afgedankte koelkasten. Voorzien van een ge\u00efsoleerde binnenzijde voor het op temperatuur houden van de inhoud. Met klittenbandsluiting voor handig hergebruik. Gemakkelijk afneembaar met een vochtige doek. De tas heeft het perfecte formaat voor een lekkere lunch en is een prima vervanging voor de dagelijkse&hellip; <a class=\"more-link\" href=\"https:\/\/hidalgo.nl\/de\/product\/retulp-fridgebag-lunchbag\/\"><span class=\"screen-reader-text\">Retulp Fridgebag Lunchbag<\/span> weiterlesen<\/a><\/p>\n","protected":false},"featured_media":579142,"template":"","meta":{"_acf_changed":false,"om_disable_all_campaigns":false,"_monsterinsights_skip_tracking":false,"_monsterinsights_sitenote_active":false,"_monsterinsights_sitenote_note":"","_monsterinsights_sitenote_category":0},"product_brand":[1949],"product_cat":[4827,4713],"product_tag":[],"class_list":{"0":"post-131430","1":"product","2":"type-product","3":"status-publish","4":"has-post-thumbnail","6":"product_supplier-a508","7":"product_material-gerecycled-polypropyleen-rpp","8":"product_brand-retulp","9":"product_cat-koeltassen","10":"product_cat-tassen","11":"entry","13":"first","14":"instock","15":"taxable","16":"shipping-taxable","17":"purchasable","18":"product-type-variable"},"acf":{"imprint_cost":[{"imprint_cost_key":"7e690f50a9c3b2ed9409fca1b4f1fe04f1106340","product_quantity_price_range":[{"imprint_cost_recommended_selling_price":"3.045","imprint_cost_recommended_selling_quantity":"1"},{"imprint_cost_recommended_selling_price":"2.13","imprint_cost_recommended_selling_quantity":"25"},{"imprint_cost_recommended_selling_price":"1.41","imprint_cost_recommended_selling_quantity":"50"},{"imprint_cost_recommended_selling_price":"0.81","imprint_cost_recommended_selling_quantity":"100"},{"imprint_cost_recommended_selling_price":"0.69","imprint_cost_recommended_selling_quantity":"250"},{"imprint_cost_recommended_selling_price":"0.57","imprint_cost_recommended_selling_quantity":"500"},{"imprint_cost_recommended_selling_price":"0.51","imprint_cost_recommended_selling_quantity":"1000"},{"imprint_cost_recommended_selling_price":"0.465","imprint_cost_recommended_selling_quantity":"2500"},{"imprint_cost_recommended_selling_price":"0.435","imprint_cost_recommended_selling_quantity":"5000"}],"product_quantity_price_range_buying":[{"imprint_cost_general_buying_price":"2.03","imprint_cost_general_buying_quantity":"1"},{"imprint_cost_general_buying_price":"1.42","imprint_cost_general_buying_quantity":"25"},{"imprint_cost_general_buying_price":"0.94","imprint_cost_general_buying_quantity":"50"},{"imprint_cost_general_buying_price":"0.54","imprint_cost_general_buying_quantity":"100"},{"imprint_cost_general_buying_price":"0.46","imprint_cost_general_buying_quantity":"250"},{"imprint_cost_general_buying_price":"0.38","imprint_cost_general_buying_quantity":"500"},{"imprint_cost_general_buying_price":"0.34","imprint_cost_general_buying_quantity":"1000"},{"imprint_cost_general_buying_price":"0.31","imprint_cost_general_buying_quantity":"2500"},{"imprint_cost_general_buying_price":"0.29","imprint_cost_general_buying_quantity":"5000"}],"imprint_cost_setup_costs":"45","imprint_cost_handling_costs":"0.18"},{"imprint_cost_key":"b3246284908484fdd960ce406ed6adba562802ff","product_quantity_price_range":[{"imprint_cost_recommended_selling_price":"3.045","imprint_cost_recommended_selling_quantity":"1"},{"imprint_cost_recommended_selling_price":"2.13","imprint_cost_recommended_selling_quantity":"25"},{"imprint_cost_recommended_selling_price":"1.41","imprint_cost_recommended_selling_quantity":"50"},{"imprint_cost_recommended_selling_price":"0.81","imprint_cost_recommended_selling_quantity":"100"},{"imprint_cost_recommended_selling_price":"0.69","imprint_cost_recommended_selling_quantity":"250"},{"imprint_cost_recommended_selling_price":"0.57","imprint_cost_recommended_selling_quantity":"500"},{"imprint_cost_recommended_selling_price":"0.51","imprint_cost_recommended_selling_quantity":"1000"},{"imprint_cost_recommended_selling_price":"0.465","imprint_cost_recommended_selling_quantity":"2500"},{"imprint_cost_recommended_selling_price":"0.435","imprint_cost_recommended_selling_quantity":"5000"}],"product_quantity_price_range_buying":[{"imprint_cost_general_buying_price":"2.03","imprint_cost_general_buying_quantity":"1"},{"imprint_cost_general_buying_price":"1.42","imprint_cost_general_buying_quantity":"25"},{"imprint_cost_general_buying_price":"0.94","imprint_cost_general_buying_quantity":"50"},{"imprint_cost_general_buying_price":"0.54","imprint_cost_general_buying_quantity":"100"},{"imprint_cost_general_buying_price":"0.46","imprint_cost_general_buying_quantity":"250"},{"imprint_cost_general_buying_price":"0.38","imprint_cost_general_buying_quantity":"500"},{"imprint_cost_general_buying_price":"0.34","imprint_cost_general_buying_quantity":"1000"},{"imprint_cost_general_buying_price":"0.31","imprint_cost_general_buying_quantity":"2500"},{"imprint_cost_general_buying_price":"0.29","imprint_cost_general_buying_quantity":"5000"}],"imprint_cost_setup_costs":"45","imprint_cost_handling_costs":"0.18"}]},"aioseo_notices":[],"aioseo_head":"\n\t\t<!-- All in One SEO Pro 4.9.5.2 - aioseo.com -->\n\t<meta name=\"description\" content=\"Diese isolierte K\u00fchltasche aus recyceltem Material h\u00e4lt Snacks und Drinks bis zu 9 Liter zuverl\u00e4ssig k\u00fchl oder warm und passt zu deinem Alltag zwischen Studium und Job. Auf Wunsch bedruckt Hidalgo deine Tasche mit Logo f\u00fcr klare Sichtbarkeit unterwegs.\" \/>\n\t<meta name=\"robots\" content=\"max-image-preview:large\" \/>\n\t<link rel=\"canonical\" href=\"https:\/\/hidalgo.nl\/de\/wp-json\/wp\/v2\/product\/131430\" \/>\n\t<meta name=\"generator\" content=\"All in One SEO Pro (AIOSEO) 4.9.5.2\" \/>\n\t\t<meta property=\"og:locale\" content=\"de_DE\" \/>\n\t\t<meta property=\"og:site_name\" content=\"Hidalgo -\" \/>\n\t\t<meta property=\"og:type\" content=\"article\" \/>\n\t\t<meta property=\"og:title\" content=\"Retulp Fridgebag Lunchbag\" \/>\n\t\t<meta property=\"og:description\" content=\"Diese isolierte K\u00fchltasche aus recyceltem Material h\u00e4lt Snacks und Drinks bis zu 9 Liter zuverl\u00e4ssig k\u00fchl oder warm und passt zu deinem Alltag zwischen Studium und Job. Auf Wunsch bedruckt Hidalgo deine Tasche mit Logo f\u00fcr klare Sichtbarkeit unterwegs.\" \/>\n\t\t<meta property=\"og:url\" content=\"https:\/\/hidalgo.nl\/de\/wp-json\/wp\/v2\/product\/131430\" \/>\n\t\t<meta property=\"og:image\" content=\"https:\/\/shop.hidalgo.nl\/wp-content\/uploads\/2025\/11\/cropped-Hidalgo-est1993.png\" \/>\n\t\t<meta property=\"og:image:secure_url\" content=\"https:\/\/shop.hidalgo.nl\/wp-content\/uploads\/2025\/11\/cropped-Hidalgo-est1993.png\" \/>\n\t\t<meta property=\"article:published_time\" content=\"2025-07-07T20:54:03+00:00\" \/>\n\t\t<meta property=\"article:modified_time\" content=\"2026-02-26T07:37:50+00:00\" \/>\n\t\t<meta name=\"twitter:card\" content=\"summary_large_image\" \/>\n\t\t<meta name=\"twitter:title\" content=\"Retulp Fridgebag Lunchbag\" \/>\n\t\t<meta name=\"twitter:description\" content=\"Diese isolierte K\u00fchltasche aus recyceltem Material h\u00e4lt Snacks und Drinks bis zu 9 Liter zuverl\u00e4ssig k\u00fchl oder warm und passt zu deinem Alltag zwischen Studium und Job. Auf Wunsch bedruckt Hidalgo deine Tasche mit Logo f\u00fcr klare Sichtbarkeit unterwegs.\" \/>\n\t\t<meta name=\"twitter:image\" content=\"https:\/\/shop.hidalgo.nl\/wp-content\/uploads\/2025\/11\/cropped-Hidalgo-est1993.png\" \/>\n\t\t<script type=\"application\/ld+json\" class=\"aioseo-schema\">\n\t\t\t{\"@context\":\"https:\\\/\\\/schema.org\",\"@graph\":[{\"@type\":\"BreadcrumbList\",\"@id\":\"https:\\\/\\\/hidalgo.nl\\\/de\\\/product\\\/retulp-fridgebag-lunchbag\\\/#breadcrumblist\",\"itemListElement\":[{\"@type\":\"ListItem\",\"@id\":\"https:\\\/\\\/hidalgo.nl\\\/de\\\/#listItem\",\"position\":1,\"name\":\"Home\",\"item\":\"https:\\\/\\\/hidalgo.nl\\\/de\\\/\",\"nextItem\":{\"@type\":\"ListItem\",\"@id\":\"https:\\\/\\\/hidalgo.nl\\\/example\\\/#listItem\",\"name\":\"example\"}},{\"@type\":\"ListItem\",\"@id\":\"https:\\\/\\\/hidalgo.nl\\\/example\\\/#listItem\",\"position\":2,\"name\":\"example\",\"item\":\"https:\\\/\\\/hidalgo.nl\\\/example\\\/\",\"nextItem\":{\"@type\":\"ListItem\",\"@id\":\"https:\\\/\\\/hidalgo.nl\\\/en\\\/product-supplier\\\/a508\\\/#listItem\",\"name\":\"A508\"},\"previousItem\":{\"@type\":\"ListItem\",\"@id\":\"https:\\\/\\\/hidalgo.nl\\\/de\\\/#listItem\",\"name\":\"Home\"}},{\"@type\":\"ListItem\",\"@id\":\"https:\\\/\\\/hidalgo.nl\\\/en\\\/product-supplier\\\/a508\\\/#listItem\",\"position\":3,\"name\":\"A508\",\"item\":\"https:\\\/\\\/hidalgo.nl\\\/en\\\/product-supplier\\\/a508\\\/\",\"nextItem\":{\"@type\":\"ListItem\",\"@id\":\"https:\\\/\\\/hidalgo.nl\\\/de\\\/product\\\/retulp-fridgebag-lunchbag\\\/#listItem\",\"name\":\"Retulp Fridgebag Lunchbag\"},\"previousItem\":{\"@type\":\"ListItem\",\"@id\":\"https:\\\/\\\/hidalgo.nl\\\/example\\\/#listItem\",\"name\":\"example\"}},{\"@type\":\"ListItem\",\"@id\":\"https:\\\/\\\/hidalgo.nl\\\/de\\\/product\\\/retulp-fridgebag-lunchbag\\\/#listItem\",\"position\":4,\"name\":\"Retulp Fridgebag Lunchbag\",\"previousItem\":{\"@type\":\"ListItem\",\"@id\":\"https:\\\/\\\/hidalgo.nl\\\/en\\\/product-supplier\\\/a508\\\/#listItem\",\"name\":\"A508\"}}]},{\"@type\":\"ItemPage\",\"@id\":\"https:\\\/\\\/hidalgo.nl\\\/de\\\/product\\\/retulp-fridgebag-lunchbag\\\/#itempage\",\"url\":\"https:\\\/\\\/hidalgo.nl\\\/de\\\/product\\\/retulp-fridgebag-lunchbag\\\/\",\"name\":\"Retulp Fridgebag Lunchbag\",\"description\":\"Diese isolierte K\\u00fchltasche aus recyceltem Material h\\u00e4lt Snacks und Drinks bis zu 9 Liter zuverl\\u00e4ssig k\\u00fchl oder warm und passt zu deinem Alltag zwischen Studium und Job. Auf Wunsch bedruckt Hidalgo deine Tasche mit Logo f\\u00fcr klare Sichtbarkeit unterwegs.\",\"inLanguage\":\"de-DE\",\"isPartOf\":{\"@id\":\"https:\\\/\\\/hidalgo.nl\\\/de\\\/#website\"},\"breadcrumb\":{\"@id\":\"https:\\\/\\\/hidalgo.nl\\\/de\\\/product\\\/retulp-fridgebag-lunchbag\\\/#breadcrumblist\"},\"image\":{\"@type\":\"ImageObject\",\"url\":\"https:\\\/\\\/shop.hidalgo.nl\\\/wp-content\\\/uploads\\\/2025\\\/04\\\/56e9e7b1684af88846a6ace0d8952155903a1f67e680926ef62656e3c8606cd2.jpg\",\"@id\":\"https:\\\/\\\/hidalgo.nl\\\/de\\\/product\\\/retulp-fridgebag-lunchbag\\\/#mainImage\"},\"primaryImageOfPage\":{\"@id\":\"https:\\\/\\\/hidalgo.nl\\\/de\\\/product\\\/retulp-fridgebag-lunchbag\\\/#mainImage\"},\"datePublished\":\"2025-07-07T20:54:03+00:00\",\"dateModified\":\"2026-02-26T07:37:50+00:00\"},{\"@type\":\"Organization\",\"@id\":\"https:\\\/\\\/hidalgo.nl\\\/de\\\/#organization\",\"name\":\"Hidalgo\",\"url\":\"https:\\\/\\\/hidalgo.nl\\\/de\\\/\",\"logo\":{\"@type\":\"ImageObject\",\"url\":\"https:\\\/\\\/shop.hidalgo.nl\\\/wp-content\\\/uploads\\\/2025\\\/11\\\/cropped-Hidalgo-est1993.png\",\"@id\":\"https:\\\/\\\/hidalgo.nl\\\/de\\\/product\\\/retulp-fridgebag-lunchbag\\\/#organizationLogo\",\"width\":585,\"height\":195},\"image\":{\"@id\":\"https:\\\/\\\/hidalgo.nl\\\/de\\\/product\\\/retulp-fridgebag-lunchbag\\\/#organizationLogo\"}},{\"@type\":\"WebPage\",\"@id\":\"https:\\\/\\\/hidalgo.nl\\\/de\\\/product\\\/retulp-fridgebag-lunchbag\\\/#webpage\",\"url\":\"https:\\\/\\\/hidalgo.nl\\\/de\\\/product\\\/retulp-fridgebag-lunchbag\\\/\",\"name\":\"Retulp Fridgebag Lunchbag\",\"description\":\"Diese isolierte K\\u00fchltasche aus recyceltem Material h\\u00e4lt Snacks und Drinks bis zu 9 Liter zuverl\\u00e4ssig k\\u00fchl oder warm und passt zu deinem Alltag zwischen Studium und Job. Auf Wunsch bedruckt Hidalgo deine Tasche mit Logo f\\u00fcr klare Sichtbarkeit unterwegs.\",\"inLanguage\":\"de-DE\",\"isPartOf\":{\"@id\":\"https:\\\/\\\/hidalgo.nl\\\/de\\\/#website\"},\"breadcrumb\":{\"@id\":\"https:\\\/\\\/hidalgo.nl\\\/de\\\/product\\\/retulp-fridgebag-lunchbag\\\/#breadcrumblist\"},\"image\":{\"@type\":\"ImageObject\",\"url\":\"https:\\\/\\\/shop.hidalgo.nl\\\/wp-content\\\/uploads\\\/2025\\\/04\\\/56e9e7b1684af88846a6ace0d8952155903a1f67e680926ef62656e3c8606cd2.jpg\",\"@id\":\"https:\\\/\\\/hidalgo.nl\\\/de\\\/product\\\/retulp-fridgebag-lunchbag\\\/#mainImage\"},\"primaryImageOfPage\":{\"@id\":\"https:\\\/\\\/hidalgo.nl\\\/de\\\/product\\\/retulp-fridgebag-lunchbag\\\/#mainImage\"},\"datePublished\":\"2025-07-07T20:54:03+00:00\",\"dateModified\":\"2026-02-26T07:37:50+00:00\"},{\"@type\":\"WebSite\",\"@id\":\"https:\\\/\\\/hidalgo.nl\\\/de\\\/#website\",\"url\":\"https:\\\/\\\/hidalgo.nl\\\/de\\\/\",\"name\":\"Hidalgo\",\"inLanguage\":\"de-DE\",\"publisher\":{\"@id\":\"https:\\\/\\\/hidalgo.nl\\\/de\\\/#organization\"}}]}\n\t\t<\/script>\n\t\t<!-- All in One SEO Pro -->\r\n\t\t<title>Retulp Fridgebag Lunchbag<\/title>\n\n","aioseo_head_json":{"title":"Retulp Fridgebag Lunchbag","description":"Diese isolierte K\u00fchltasche aus recyceltem Material h\u00e4lt Snacks und Drinks bis zu 9 Liter zuverl\u00e4ssig k\u00fchl oder warm und passt zu deinem Alltag zwischen Studium und Job. Auf Wunsch bedruckt Hidalgo deine Tasche mit Logo f\u00fcr klare Sichtbarkeit unterwegs.","canonical_url":"https:\/\/hidalgo.nl\/de\/wp-json\/wp\/v2\/product\/131430","robots":"max-image-preview:large","keywords":"","webmasterTools":{"miscellaneous":""},"schema":{"@context":"https:\/\/schema.org","@graph":[{"@type":"BreadcrumbList","@id":"https:\/\/hidalgo.nl\/de\/product\/retulp-fridgebag-lunchbag\/#breadcrumblist","itemListElement":[{"@type":"ListItem","@id":"https:\/\/hidalgo.nl\/de\/#listItem","position":1,"name":"Home","item":"https:\/\/hidalgo.nl\/de\/","nextItem":{"@type":"ListItem","@id":"https:\/\/hidalgo.nl\/example\/#listItem","name":"example"}},{"@type":"ListItem","@id":"https:\/\/hidalgo.nl\/example\/#listItem","position":2,"name":"example","item":"https:\/\/hidalgo.nl\/example\/","nextItem":{"@type":"ListItem","@id":"https:\/\/hidalgo.nl\/en\/product-supplier\/a508\/#listItem","name":"A508"},"previousItem":{"@type":"ListItem","@id":"https:\/\/hidalgo.nl\/de\/#listItem","name":"Home"}},{"@type":"ListItem","@id":"https:\/\/hidalgo.nl\/en\/product-supplier\/a508\/#listItem","position":3,"name":"A508","item":"https:\/\/hidalgo.nl\/en\/product-supplier\/a508\/","nextItem":{"@type":"ListItem","@id":"https:\/\/hidalgo.nl\/de\/product\/retulp-fridgebag-lunchbag\/#listItem","name":"Retulp Fridgebag Lunchbag"},"previousItem":{"@type":"ListItem","@id":"https:\/\/hidalgo.nl\/example\/#listItem","name":"example"}},{"@type":"ListItem","@id":"https:\/\/hidalgo.nl\/de\/product\/retulp-fridgebag-lunchbag\/#listItem","position":4,"name":"Retulp Fridgebag Lunchbag","previousItem":{"@type":"ListItem","@id":"https:\/\/hidalgo.nl\/en\/product-supplier\/a508\/#listItem","name":"A508"}}]},{"@type":"ItemPage","@id":"https:\/\/hidalgo.nl\/de\/product\/retulp-fridgebag-lunchbag\/#itempage","url":"https:\/\/hidalgo.nl\/de\/product\/retulp-fridgebag-lunchbag\/","name":"Retulp Fridgebag Lunchbag","description":"Diese isolierte K\u00fchltasche aus recyceltem Material h\u00e4lt Snacks und Drinks bis zu 9 Liter zuverl\u00e4ssig k\u00fchl oder warm und passt zu deinem Alltag zwischen Studium und Job. Auf Wunsch bedruckt Hidalgo deine Tasche mit Logo f\u00fcr klare Sichtbarkeit unterwegs.","inLanguage":"de-DE","isPartOf":{"@id":"https:\/\/hidalgo.nl\/de\/#website"},"breadcrumb":{"@id":"https:\/\/hidalgo.nl\/de\/product\/retulp-fridgebag-lunchbag\/#breadcrumblist"},"image":{"@type":"ImageObject","url":"https:\/\/shop.hidalgo.nl\/wp-content\/uploads\/2025\/04\/56e9e7b1684af88846a6ace0d8952155903a1f67e680926ef62656e3c8606cd2.jpg","@id":"https:\/\/hidalgo.nl\/de\/product\/retulp-fridgebag-lunchbag\/#mainImage"},"primaryImageOfPage":{"@id":"https:\/\/hidalgo.nl\/de\/product\/retulp-fridgebag-lunchbag\/#mainImage"},"datePublished":"2025-07-07T20:54:03+00:00","dateModified":"2026-02-26T07:37:50+00:00"},{"@type":"Organization","@id":"https:\/\/hidalgo.nl\/de\/#organization","name":"Hidalgo","url":"https:\/\/hidalgo.nl\/de\/","logo":{"@type":"ImageObject","url":"https:\/\/shop.hidalgo.nl\/wp-content\/uploads\/2025\/11\/cropped-Hidalgo-est1993.png","@id":"https:\/\/hidalgo.nl\/de\/product\/retulp-fridgebag-lunchbag\/#organizationLogo","width":585,"height":195},"image":{"@id":"https:\/\/hidalgo.nl\/de\/product\/retulp-fridgebag-lunchbag\/#organizationLogo"}},{"@type":"WebPage","@id":"https:\/\/hidalgo.nl\/de\/product\/retulp-fridgebag-lunchbag\/#webpage","url":"https:\/\/hidalgo.nl\/de\/product\/retulp-fridgebag-lunchbag\/","name":"Retulp Fridgebag Lunchbag","description":"Diese isolierte K\u00fchltasche aus recyceltem Material h\u00e4lt Snacks und Drinks bis zu 9 Liter zuverl\u00e4ssig k\u00fchl oder warm und passt zu deinem Alltag zwischen Studium und Job. Auf Wunsch bedruckt Hidalgo deine Tasche mit Logo f\u00fcr klare Sichtbarkeit unterwegs.","inLanguage":"de-DE","isPartOf":{"@id":"https:\/\/hidalgo.nl\/de\/#website"},"breadcrumb":{"@id":"https:\/\/hidalgo.nl\/de\/product\/retulp-fridgebag-lunchbag\/#breadcrumblist"},"image":{"@type":"ImageObject","url":"https:\/\/shop.hidalgo.nl\/wp-content\/uploads\/2025\/04\/56e9e7b1684af88846a6ace0d8952155903a1f67e680926ef62656e3c8606cd2.jpg","@id":"https:\/\/hidalgo.nl\/de\/product\/retulp-fridgebag-lunchbag\/#mainImage"},"primaryImageOfPage":{"@id":"https:\/\/hidalgo.nl\/de\/product\/retulp-fridgebag-lunchbag\/#mainImage"},"datePublished":"2025-07-07T20:54:03+00:00","dateModified":"2026-02-26T07:37:50+00:00"},{"@type":"WebSite","@id":"https:\/\/hidalgo.nl\/de\/#website","url":"https:\/\/hidalgo.nl\/de\/","name":"Hidalgo","inLanguage":"de-DE","publisher":{"@id":"https:\/\/hidalgo.nl\/de\/#organization"}}]},"og:locale":"de_DE","og:site_name":"Hidalgo -","og:type":"article","og:title":"Retulp Fridgebag Lunchbag","og:description":"Diese isolierte K\u00fchltasche aus recyceltem Material h\u00e4lt Snacks und Drinks bis zu 9 Liter zuverl\u00e4ssig k\u00fchl oder warm und passt zu deinem Alltag zwischen Studium und Job. Auf Wunsch bedruckt Hidalgo deine Tasche mit Logo f\u00fcr klare Sichtbarkeit unterwegs.","og:url":"https:\/\/hidalgo.nl\/de\/wp-json\/wp\/v2\/product\/131430","og:image":"https:\/\/shop.hidalgo.nl\/wp-content\/uploads\/2025\/11\/cropped-Hidalgo-est1993.png","og:image:secure_url":"https:\/\/shop.hidalgo.nl\/wp-content\/uploads\/2025\/11\/cropped-Hidalgo-est1993.png","article:published_time":"2025-07-07T20:54:03+00:00","article:modified_time":"2026-02-26T07:37:50+00:00","twitter:card":"summary_large_image","twitter:title":"Retulp Fridgebag Lunchbag","twitter:description":"Diese isolierte K\u00fchltasche aus recyceltem Material h\u00e4lt Snacks und Drinks bis zu 9 Liter zuverl\u00e4ssig k\u00fchl oder warm und passt zu deinem Alltag zwischen Studium und Job. Auf Wunsch bedruckt Hidalgo deine Tasche mit Logo f\u00fcr klare Sichtbarkeit unterwegs.","twitter:image":"https:\/\/shop.hidalgo.nl\/wp-content\/uploads\/2025\/11\/cropped-Hidalgo-est1993.png"},"aioseo_meta_data":{"post_id":"131430","title":null,"description":null,"keywords":null,"keyphrases":null,"primary_term":null,"canonical_url":null,"og_title":null,"og_description":null,"og_object_type":"default","og_image_type":"default","og_image_url":null,"og_image_width":null,"og_image_height":null,"og_image_custom_url":null,"og_image_custom_fields":null,"og_video":null,"og_custom_url":null,"og_article_section":null,"og_article_tags":null,"twitter_use_og":false,"twitter_card":"default","twitter_image_type":"default","twitter_image_url":null,"twitter_image_custom_url":null,"twitter_image_custom_fields":null,"twitter_title":null,"twitter_description":null,"schema":{"blockGraphs":[],"customGraphs":[],"default":{"data":{"Article":[],"Course":[],"Dataset":[],"FAQPage":[],"Movie":[],"Person":[],"Product":[],"ProductReview":[],"Car":[],"Recipe":[],"Service":[],"SoftwareApplication":[],"WebPage":[]},"graphName":"","isEnabled":true},"graphs":[]},"schema_type":"default","schema_type_options":null,"pillar_content":false,"robots_default":true,"robots_noindex":false,"robots_noarchive":false,"robots_nosnippet":false,"robots_nofollow":false,"robots_noimageindex":false,"robots_noodp":false,"robots_notranslate":false,"robots_max_snippet":null,"robots_max_videopreview":null,"robots_max_imagepreview":"large","priority":null,"frequency":null,"local_seo":null,"seo_analyzer_scan_date":"2026-01-22 10:31:24","breadcrumb_settings":null,"limit_modified_date":false,"reviewed_by":null,"open_ai":null,"ai":null,"created":"2026-01-14 06:25:38","updated":"2026-02-26 10:02:05"},"aioseo_breadcrumb":"<div class=\"aioseo-breadcrumbs\"><span class=\"aioseo-breadcrumb\">\n\t<a href=\"https:\/\/hidalgo.nl\/de\/\" title=\"Home\">Home<\/a>\n<\/span><span class=\"aioseo-breadcrumb-separator\">\u00bb<\/span><span class=\"aioseo-breadcrumb\">\n\t<a href=\"https:\/\/hidalgo.nl\/example\/\" title=\"example\">example<\/a>\n<\/span><span class=\"aioseo-breadcrumb-separator\">\u00bb<\/span><span class=\"aioseo-breadcrumb\">\n\t<a href=\"https:\/\/hidalgo.nl\/en\/product-supplier\/a508\/\" title=\"A508\">A508<\/a>\n<\/span><span class=\"aioseo-breadcrumb-separator\">\u00bb<\/span><span class=\"aioseo-breadcrumb\">\n\tRetulp Fridgebag Lunchbag\n<\/span><\/div>","aioseo_breadcrumb_json":[{"label":"Home","link":"https:\/\/hidalgo.nl\/de\/"},{"label":"example","link":"https:\/\/hidalgo.nl\/example\/"},{"label":"A508","link":"https:\/\/hidalgo.nl\/en\/product-supplier\/a508\/"},{"label":"Retulp Fridgebag Lunchbag","link":"https:\/\/hidalgo.nl\/de\/product\/retulp-fridgebag-lunchbag\/"}],"_links":{"self":[{"href":"https:\/\/hidalgo.nl\/de\/wp-json\/wp\/v2\/product\/131430","targetHints":{"allow":["GET"]}}],"collection":[{"href":"https:\/\/hidalgo.nl\/de\/wp-json\/wp\/v2\/product"}],"about":[{"href":"https:\/\/hidalgo.nl\/de\/wp-json\/wp\/v2\/types\/product"}],"wp:featuredmedia":[{"embeddable":true,"href":"https:\/\/hidalgo.nl\/de\/wp-json\/wp\/v2\/media\/579142"}],"wp:attachment":[{"href":"https:\/\/hidalgo.nl\/de\/wp-json\/wp\/v2\/media?parent=131430"}],"wp:term":[{"taxonomy":"product_brand","embeddable":true,"href":"https:\/\/hidalgo.nl\/de\/wp-json\/wp\/v2\/product_brand?post=131430"},{"taxonomy":"product_cat","embeddable":true,"href":"https:\/\/hidalgo.nl\/de\/wp-json\/wp\/v2\/product_cat?post=131430"},{"taxonomy":"product_tag","embeddable":true,"href":"https:\/\/hidalgo.nl\/de\/wp-json\/wp\/v2\/product_tag?post=131430"}],"curies":[{"name":"wp","href":"https:\/\/api.w.org\/{rel}","templated":true}]}}