{"id":131398,"date":"2025-07-07T20:53:24","date_gmt":"2025-07-07T20:53:24","guid":{"rendered":"http:\/\/bidonsenshakers.pim.hidalgo.nl\/product\/unwaste-duopack-soap-scrub-bar\/"},"modified":"2026-02-26T07:38:00","modified_gmt":"2026-02-26T07:38:00","slug":"unwaste-duopack-soap-scrub-bar","status":"publish","type":"product","link":"https:\/\/hidalgo.nl\/de\/product\/unwaste-duopack-soap-scrub-bar\/","title":{"rendered":"Unwaste Duopack Soap &amp; Scrub bar"},"content":{"rendered":"<p>Een set van het merk Unwaste, bestaande uit een zeep bar en een scrup bar in \u00e9\u00e9n verpakking. Het zeepje is gemaakt met sinaasappelschillen, de scrub bar is gemaakt met koffiedik en dennenolie. Eigenschappen: een aangename natuurlijke geur, de reinigende kracht en de kleur van koffie en citrusvruchten. De ingredi\u00ebnten hebben een natuurlijke oorsprong. De producten zijn vegan, dierproefvrij en 100% (micro) plasticvrij. Made in Holland. Per set verpakt in een doosje van 100% landbouwafval.<\/p>\n","protected":false},"excerpt":{"rendered":"<p>Een set van het merk Unwaste, bestaande uit een zeep bar en een scrup bar in \u00e9\u00e9n verpakking. Het zeepje is gemaakt met sinaasappelschillen, de scrub bar is gemaakt met koffiedik en dennenolie. Eigenschappen: een aangename natuurlijke geur, de reinigende kracht en de kleur van koffie en citrusvruchten. De ingredi\u00ebnten hebben een natuurlijke oorsprong. De&hellip; <a class=\"more-link\" href=\"https:\/\/hidalgo.nl\/de\/product\/unwaste-duopack-soap-scrub-bar\/\"><span class=\"screen-reader-text\">Unwaste Duopack Soap &amp; Scrub bar<\/span> weiterlesen<\/a><\/p>\n","protected":false},"featured_media":579200,"template":"","meta":{"_acf_changed":false,"om_disable_all_campaigns":false,"_monsterinsights_skip_tracking":false,"_monsterinsights_sitenote_active":false,"_monsterinsights_sitenote_note":"","_monsterinsights_sitenote_category":0},"product_brand":[1945],"product_cat":[4762,4763],"product_tag":[],"class_list":{"0":"post-131398","1":"product","2":"type-product","3":"status-publish","4":"has-post-thumbnail","6":"product_supplier-a508","7":"product_material-koffiediksinaasappelschillen","8":"product_brand-unwaste","9":"product_cat-geschenk-pakketten","10":"product_cat-geschenk-pakketten-persoonlijke-verzorgings-set","11":"entry","13":"first","14":"instock","15":"taxable","16":"shipping-taxable","17":"purchasable","18":"product-type-variable"},"acf":{"imprint_cost":[{"imprint_cost_key":"032cd4a587447e45862c39ca9f3d276073e5d6c8","product_quantity_price_range":[{"imprint_cost_recommended_selling_price":"4.5","imprint_cost_recommended_selling_quantity":"1"},{"imprint_cost_recommended_selling_price":"3","imprint_cost_recommended_selling_quantity":"25"},{"imprint_cost_recommended_selling_price":"2.25","imprint_cost_recommended_selling_quantity":"50"},{"imprint_cost_recommended_selling_price":"1.95","imprint_cost_recommended_selling_quantity":"100"},{"imprint_cost_recommended_selling_price":"1.725","imprint_cost_recommended_selling_quantity":"250"},{"imprint_cost_recommended_selling_price":"1.5","imprint_cost_recommended_selling_quantity":"500"},{"imprint_cost_recommended_selling_price":"1.275","imprint_cost_recommended_selling_quantity":"1000"},{"imprint_cost_recommended_selling_price":"1.125","imprint_cost_recommended_selling_quantity":"2500"},{"imprint_cost_recommended_selling_price":"0.975","imprint_cost_recommended_selling_quantity":"5000"}],"product_quantity_price_range_buying":[{"imprint_cost_general_buying_price":"3","imprint_cost_general_buying_quantity":"1"},{"imprint_cost_general_buying_price":"2","imprint_cost_general_buying_quantity":"25"},{"imprint_cost_general_buying_price":"1.5","imprint_cost_general_buying_quantity":"50"},{"imprint_cost_general_buying_price":"1.3","imprint_cost_general_buying_quantity":"100"},{"imprint_cost_general_buying_price":"1.15","imprint_cost_general_buying_quantity":"250"},{"imprint_cost_general_buying_price":"1","imprint_cost_general_buying_quantity":"500"},{"imprint_cost_general_buying_price":"0.85","imprint_cost_general_buying_quantity":"1000"},{"imprint_cost_general_buying_price":"0.75","imprint_cost_general_buying_quantity":"2500"},{"imprint_cost_general_buying_price":"0.65","imprint_cost_general_buying_quantity":"5000"}],"imprint_cost_setup_costs":"60","imprint_cost_handling_costs":"0.12"},{"imprint_cost_key":"c7eb6d87028dc4f4c5c5d3515daedc22f7486b93","product_quantity_price_range":[{"imprint_cost_recommended_selling_price":"4.8","imprint_cost_recommended_selling_quantity":"1"},{"imprint_cost_recommended_selling_price":"3.3","imprint_cost_recommended_selling_quantity":"25"},{"imprint_cost_recommended_selling_price":"2.55","imprint_cost_recommended_selling_quantity":"50"},{"imprint_cost_recommended_selling_price":"2.25","imprint_cost_recommended_selling_quantity":"100"},{"imprint_cost_recommended_selling_price":"2.025","imprint_cost_recommended_selling_quantity":"250"},{"imprint_cost_recommended_selling_price":"1.8","imprint_cost_recommended_selling_quantity":"500"},{"imprint_cost_recommended_selling_price":"1.575","imprint_cost_recommended_selling_quantity":"1000"},{"imprint_cost_recommended_selling_price":"1.425","imprint_cost_recommended_selling_quantity":"2500"},{"imprint_cost_recommended_selling_price":"1.275","imprint_cost_recommended_selling_quantity":"5000"}],"product_quantity_price_range_buying":[{"imprint_cost_general_buying_price":"3.2","imprint_cost_general_buying_quantity":"1"},{"imprint_cost_general_buying_price":"2.2","imprint_cost_general_buying_quantity":"25"},{"imprint_cost_general_buying_price":"1.7","imprint_cost_general_buying_quantity":"50"},{"imprint_cost_general_buying_price":"1.5","imprint_cost_general_buying_quantity":"100"},{"imprint_cost_general_buying_price":"1.35","imprint_cost_general_buying_quantity":"250"},{"imprint_cost_general_buying_price":"1.2","imprint_cost_general_buying_quantity":"500"},{"imprint_cost_general_buying_price":"1.05","imprint_cost_general_buying_quantity":"1000"},{"imprint_cost_general_buying_price":"0.95","imprint_cost_general_buying_quantity":"2500"},{"imprint_cost_general_buying_price":"0.85","imprint_cost_general_buying_quantity":"5000"}],"imprint_cost_setup_costs":"60","imprint_cost_handling_costs":"0.12"}]},"aioseo_notices":[],"aioseo_head":"\n\t\t<!-- All in One SEO Pro 4.9.6.2 - aioseo.com -->\n\t<meta name=\"description\" content=\"Du erh\u00e4ltst ein Pflege-Set aus Soap &amp; Scrub: Zitrusseife mit Orangenschalen f\u00fcr frische Reinigung plus Kaffeepeeling f\u00fcr nat\u00fcrlich glatte Haut. Ideal als nachhaltiges Giveaway f\u00fcr Events &amp; Goodiebags; wir bedrucken auf Wunsch Verpackung oder Bars mit deinem Logo.\" \/>\n\t<meta name=\"robots\" content=\"max-image-preview:large\" \/>\n\t<link rel=\"canonical\" href=\"https:\/\/hidalgo.nl\/de\/wp-json\/wp\/v2\/product\/131398\" \/>\n\t<meta name=\"generator\" content=\"All in One SEO Pro (AIOSEO) 4.9.6.2\" \/>\n\t\t<meta property=\"og:locale\" content=\"de_DE\" \/>\n\t\t<meta property=\"og:site_name\" content=\"Hidalgo -\" \/>\n\t\t<meta property=\"og:type\" content=\"article\" \/>\n\t\t<meta property=\"og:title\" content=\"Unwaste Duopack Soap &amp; Scrub bar\" \/>\n\t\t<meta property=\"og:description\" content=\"Du erh\u00e4ltst ein Pflege-Set aus Soap &amp; Scrub: Zitrusseife mit Orangenschalen f\u00fcr frische Reinigung plus Kaffeepeeling f\u00fcr nat\u00fcrlich glatte Haut. Ideal als nachhaltiges Giveaway f\u00fcr Events &amp; Goodiebags; wir bedrucken auf Wunsch Verpackung oder Bars mit deinem Logo.\" \/>\n\t\t<meta property=\"og:url\" content=\"https:\/\/hidalgo.nl\/de\/wp-json\/wp\/v2\/product\/131398\" \/>\n\t\t<meta property=\"og:image\" content=\"https:\/\/shop.hidalgo.nl\/wp-content\/uploads\/2025\/11\/cropped-Hidalgo-est1993.png\" \/>\n\t\t<meta property=\"og:image:secure_url\" content=\"https:\/\/shop.hidalgo.nl\/wp-content\/uploads\/2025\/11\/cropped-Hidalgo-est1993.png\" \/>\n\t\t<meta property=\"article:published_time\" content=\"2025-07-07T20:53:24+00:00\" \/>\n\t\t<meta property=\"article:modified_time\" content=\"2026-02-26T07:38:00+00:00\" \/>\n\t\t<meta name=\"twitter:card\" content=\"summary_large_image\" \/>\n\t\t<meta name=\"twitter:title\" content=\"Unwaste Duopack Soap &amp; Scrub bar\" \/>\n\t\t<meta name=\"twitter:description\" content=\"Du erh\u00e4ltst ein Pflege-Set aus Soap &amp; Scrub: Zitrusseife mit Orangenschalen f\u00fcr frische Reinigung plus Kaffeepeeling f\u00fcr nat\u00fcrlich glatte Haut. Ideal als nachhaltiges Giveaway f\u00fcr Events &amp; Goodiebags; wir bedrucken auf Wunsch Verpackung oder Bars mit deinem Logo.\" \/>\n\t\t<meta name=\"twitter:image\" content=\"https:\/\/shop.hidalgo.nl\/wp-content\/uploads\/2025\/11\/cropped-Hidalgo-est1993.png\" \/>\n\t\t<script type=\"application\/ld+json\" class=\"aioseo-schema\">\n\t\t\t{\"@context\":\"https:\\\/\\\/schema.org\",\"@graph\":[{\"@type\":\"BreadcrumbList\",\"@id\":\"https:\\\/\\\/hidalgo.nl\\\/de\\\/product\\\/unwaste-duopack-soap-scrub-bar\\\/#breadcrumblist\",\"itemListElement\":[{\"@type\":\"ListItem\",\"@id\":\"https:\\\/\\\/hidalgo.nl\\\/de\\\/#listItem\",\"position\":1,\"name\":\"Home\",\"item\":\"https:\\\/\\\/hidalgo.nl\\\/de\\\/\",\"nextItem\":{\"@type\":\"ListItem\",\"@id\":\"https:\\\/\\\/hidalgo.nl\\\/example\\\/#listItem\",\"name\":\"example\"}},{\"@type\":\"ListItem\",\"@id\":\"https:\\\/\\\/hidalgo.nl\\\/example\\\/#listItem\",\"position\":2,\"name\":\"example\",\"item\":\"https:\\\/\\\/hidalgo.nl\\\/example\\\/\",\"nextItem\":{\"@type\":\"ListItem\",\"@id\":\"https:\\\/\\\/hidalgo.nl\\\/en\\\/product-supplier\\\/a508\\\/#listItem\",\"name\":\"A508\"},\"previousItem\":{\"@type\":\"ListItem\",\"@id\":\"https:\\\/\\\/hidalgo.nl\\\/de\\\/#listItem\",\"name\":\"Home\"}},{\"@type\":\"ListItem\",\"@id\":\"https:\\\/\\\/hidalgo.nl\\\/en\\\/product-supplier\\\/a508\\\/#listItem\",\"position\":3,\"name\":\"A508\",\"item\":\"https:\\\/\\\/hidalgo.nl\\\/en\\\/product-supplier\\\/a508\\\/\",\"nextItem\":{\"@type\":\"ListItem\",\"@id\":\"https:\\\/\\\/hidalgo.nl\\\/de\\\/product\\\/unwaste-duopack-soap-scrub-bar\\\/#listItem\",\"name\":\"Unwaste Duopack Soap &amp; Scrub bar\"},\"previousItem\":{\"@type\":\"ListItem\",\"@id\":\"https:\\\/\\\/hidalgo.nl\\\/example\\\/#listItem\",\"name\":\"example\"}},{\"@type\":\"ListItem\",\"@id\":\"https:\\\/\\\/hidalgo.nl\\\/de\\\/product\\\/unwaste-duopack-soap-scrub-bar\\\/#listItem\",\"position\":4,\"name\":\"Unwaste Duopack Soap &amp; Scrub bar\",\"previousItem\":{\"@type\":\"ListItem\",\"@id\":\"https:\\\/\\\/hidalgo.nl\\\/en\\\/product-supplier\\\/a508\\\/#listItem\",\"name\":\"A508\"}}]},{\"@type\":\"Organization\",\"@id\":\"https:\\\/\\\/hidalgo.nl\\\/de\\\/#organization\",\"name\":\"Hidalgo\",\"url\":\"https:\\\/\\\/hidalgo.nl\\\/de\\\/\",\"logo\":{\"@type\":\"ImageObject\",\"url\":\"https:\\\/\\\/shop.hidalgo.nl\\\/wp-content\\\/uploads\\\/2025\\\/11\\\/cropped-Hidalgo-est1993.png\",\"@id\":\"https:\\\/\\\/hidalgo.nl\\\/de\\\/product\\\/unwaste-duopack-soap-scrub-bar\\\/#organizationLogo\",\"width\":585,\"height\":195},\"image\":{\"@id\":\"https:\\\/\\\/hidalgo.nl\\\/de\\\/product\\\/unwaste-duopack-soap-scrub-bar\\\/#organizationLogo\"}},{\"@type\":\"ProductGroup\",\"@id\":\"https:\\\/\\\/hidalgo.nl\\\/de\\\/product\\\/unwaste-duopack-soap-scrub-bar\\\/#wooCommerceProduct\",\"name\":\"Unwaste Duopack Soap &amp; Scrub bar\",\"url\":\"https:\\\/\\\/hidalgo.nl\\\/de\\\/product\\\/unwaste-duopack-soap-scrub-bar\\\/\",\"brand\":{\"@type\":\"Brand\",\"name\":\"Unwaste\"},\"sku\":\"A508-W378\",\"image\":{\"@type\":\"ImageObject\",\"url\":\"https:\\\/\\\/shop.hidalgo.nl\\\/wp-content\\\/uploads\\\/2025\\\/04\\\/ce97807462812a20f6b9c3d2dc84b79a55df9021a64bdbdca353c268ba6be8f9.jpg\",\"@id\":\"https:\\\/\\\/hidalgo.nl\\\/de\\\/product\\\/unwaste-duopack-soap-scrub-bar\\\/#productImage\"},\"productGroupID\":131398,\"hasVariant\":[{\"@type\":\"Product\",\"@id\":\"https:\\\/\\\/hidalgo.nl\\\/de\\\/product\\\/unwaste-duopack-soap-scrub-bar\\\/#wooCommerceProduct\",\"name\":\"Unwaste Duopack Soap &amp; Scrub bar - oranje\",\"url\":\"https:\\\/\\\/hidalgo.nl\\\/de\\\/product\\\/unwaste-duopack-soap-scrub-bar\\\/\",\"sku\":\"A508-W37850\",\"image\":{\"@type\":\"ImageObject\",\"url\":\"https:\\\/\\\/shop.hidalgo.nl\\\/wp-content\\\/uploads\\\/2025\\\/05\\\/ce97807462812a20f6b9c3d2dc84b79a55df9021a64bdbdca353c268ba6be8f9.jpg\",\"@id\":\"https:\\\/\\\/hidalgo.nl\\\/de\\\/product\\\/unwaste-duopack-soap-scrub-bar\\\/#productImage\",\"width\":1000,\"height\":1000},\"offers\":{\"@type\":\"Offer\",\"url\":\"https:\\\/\\\/hidalgo.nl\\\/de\\\/product\\\/unwaste-duopack-soap-scrub-bar\\\/#wooCommerceOffer\",\"price\":\"8.15625\",\"priceCurrency\":\"EUR\",\"category\":\"Geschenk pakketten\",\"availability\":\"https:\\\/\\\/schema.org\\\/InStock\",\"priceSpecification\":{\"@type\":\"PriceSpecification\",\"price\":8.15625,\"priceCurrency\":\"EUR\",\"valueAddedTaxIncluded\":\"true\"}}}]},{\"@type\":\"WebPage\",\"@id\":\"https:\\\/\\\/hidalgo.nl\\\/de\\\/product\\\/unwaste-duopack-soap-scrub-bar\\\/#webpage\",\"url\":\"https:\\\/\\\/hidalgo.nl\\\/de\\\/product\\\/unwaste-duopack-soap-scrub-bar\\\/\",\"name\":\"Unwaste Duopack Soap & Scrub bar\",\"description\":\"Du erh\\u00e4ltst ein Pflege-Set aus Soap & Scrub: Zitrusseife mit Orangenschalen f\\u00fcr frische Reinigung plus Kaffeepeeling f\\u00fcr nat\\u00fcrlich glatte Haut. Ideal als nachhaltiges Giveaway f\\u00fcr Events & Goodiebags; wir bedrucken auf Wunsch Verpackung oder Bars mit deinem Logo.\",\"inLanguage\":\"de-DE\",\"isPartOf\":{\"@id\":\"https:\\\/\\\/hidalgo.nl\\\/de\\\/#website\"},\"breadcrumb\":{\"@id\":\"https:\\\/\\\/hidalgo.nl\\\/de\\\/product\\\/unwaste-duopack-soap-scrub-bar\\\/#breadcrumblist\"},\"image\":{\"@type\":\"ImageObject\",\"url\":\"https:\\\/\\\/shop.hidalgo.nl\\\/wp-content\\\/uploads\\\/2025\\\/04\\\/ce97807462812a20f6b9c3d2dc84b79a55df9021a64bdbdca353c268ba6be8f9.jpg\",\"@id\":\"https:\\\/\\\/hidalgo.nl\\\/de\\\/product\\\/unwaste-duopack-soap-scrub-bar\\\/#mainImage\"},\"primaryImageOfPage\":{\"@id\":\"https:\\\/\\\/hidalgo.nl\\\/de\\\/product\\\/unwaste-duopack-soap-scrub-bar\\\/#mainImage\"},\"datePublished\":\"2025-07-07T20:53:24+00:00\",\"dateModified\":\"2026-02-26T07:38:00+00:00\"},{\"@type\":\"WebSite\",\"@id\":\"https:\\\/\\\/hidalgo.nl\\\/de\\\/#website\",\"url\":\"https:\\\/\\\/hidalgo.nl\\\/de\\\/\",\"name\":\"Hidalgo\",\"inLanguage\":\"de-DE\",\"publisher\":{\"@id\":\"https:\\\/\\\/hidalgo.nl\\\/de\\\/#organization\"}}]}\n\t\t<\/script>\n\t\t<!-- All in One SEO Pro -->\r\n\t\t<title>Unwaste Duopack Soap &amp; Scrub bar<\/title>\n\n","aioseo_head_json":{"title":"Unwaste Duopack Soap & Scrub bar","description":"Du erh\u00e4ltst ein Pflege-Set aus Soap & Scrub: Zitrusseife mit Orangenschalen f\u00fcr frische Reinigung plus Kaffeepeeling f\u00fcr nat\u00fcrlich glatte Haut. Ideal als nachhaltiges Giveaway f\u00fcr Events & Goodiebags; wir bedrucken auf Wunsch Verpackung oder Bars mit deinem Logo.","canonical_url":"https:\/\/hidalgo.nl\/de\/wp-json\/wp\/v2\/product\/131398","robots":"max-image-preview:large","keywords":"","webmasterTools":{"miscellaneous":""},"schema":{"@context":"https:\/\/schema.org","@graph":[{"@type":"BreadcrumbList","@id":"https:\/\/hidalgo.nl\/de\/product\/unwaste-duopack-soap-scrub-bar\/#breadcrumblist","itemListElement":[{"@type":"ListItem","@id":"https:\/\/hidalgo.nl\/de\/#listItem","position":1,"name":"Home","item":"https:\/\/hidalgo.nl\/de\/","nextItem":{"@type":"ListItem","@id":"https:\/\/hidalgo.nl\/example\/#listItem","name":"example"}},{"@type":"ListItem","@id":"https:\/\/hidalgo.nl\/example\/#listItem","position":2,"name":"example","item":"https:\/\/hidalgo.nl\/example\/","nextItem":{"@type":"ListItem","@id":"https:\/\/hidalgo.nl\/en\/product-supplier\/a508\/#listItem","name":"A508"},"previousItem":{"@type":"ListItem","@id":"https:\/\/hidalgo.nl\/de\/#listItem","name":"Home"}},{"@type":"ListItem","@id":"https:\/\/hidalgo.nl\/en\/product-supplier\/a508\/#listItem","position":3,"name":"A508","item":"https:\/\/hidalgo.nl\/en\/product-supplier\/a508\/","nextItem":{"@type":"ListItem","@id":"https:\/\/hidalgo.nl\/de\/product\/unwaste-duopack-soap-scrub-bar\/#listItem","name":"Unwaste Duopack Soap &amp; Scrub bar"},"previousItem":{"@type":"ListItem","@id":"https:\/\/hidalgo.nl\/example\/#listItem","name":"example"}},{"@type":"ListItem","@id":"https:\/\/hidalgo.nl\/de\/product\/unwaste-duopack-soap-scrub-bar\/#listItem","position":4,"name":"Unwaste Duopack Soap &amp; Scrub bar","previousItem":{"@type":"ListItem","@id":"https:\/\/hidalgo.nl\/en\/product-supplier\/a508\/#listItem","name":"A508"}}]},{"@type":"Organization","@id":"https:\/\/hidalgo.nl\/de\/#organization","name":"Hidalgo","url":"https:\/\/hidalgo.nl\/de\/","logo":{"@type":"ImageObject","url":"https:\/\/shop.hidalgo.nl\/wp-content\/uploads\/2025\/11\/cropped-Hidalgo-est1993.png","@id":"https:\/\/hidalgo.nl\/de\/product\/unwaste-duopack-soap-scrub-bar\/#organizationLogo","width":585,"height":195},"image":{"@id":"https:\/\/hidalgo.nl\/de\/product\/unwaste-duopack-soap-scrub-bar\/#organizationLogo"}},{"@type":"ProductGroup","@id":"https:\/\/hidalgo.nl\/de\/product\/unwaste-duopack-soap-scrub-bar\/#wooCommerceProduct","name":"Unwaste Duopack Soap &amp; Scrub bar","url":"https:\/\/hidalgo.nl\/de\/product\/unwaste-duopack-soap-scrub-bar\/","brand":{"@type":"Brand","name":"Unwaste"},"sku":"A508-W378","image":{"@type":"ImageObject","url":"https:\/\/shop.hidalgo.nl\/wp-content\/uploads\/2025\/04\/ce97807462812a20f6b9c3d2dc84b79a55df9021a64bdbdca353c268ba6be8f9.jpg","@id":"https:\/\/hidalgo.nl\/de\/product\/unwaste-duopack-soap-scrub-bar\/#productImage"},"productGroupID":131398,"hasVariant":[{"@type":"Product","@id":"https:\/\/hidalgo.nl\/de\/product\/unwaste-duopack-soap-scrub-bar\/#wooCommerceProduct","name":"Unwaste Duopack Soap &amp; Scrub bar - oranje","url":"https:\/\/hidalgo.nl\/de\/product\/unwaste-duopack-soap-scrub-bar\/","sku":"A508-W37850","image":{"@type":"ImageObject","url":"https:\/\/shop.hidalgo.nl\/wp-content\/uploads\/2025\/05\/ce97807462812a20f6b9c3d2dc84b79a55df9021a64bdbdca353c268ba6be8f9.jpg","@id":"https:\/\/hidalgo.nl\/de\/product\/unwaste-duopack-soap-scrub-bar\/#productImage","width":1000,"height":1000},"offers":{"@type":"Offer","url":"https:\/\/hidalgo.nl\/de\/product\/unwaste-duopack-soap-scrub-bar\/#wooCommerceOffer","price":"8.15625","priceCurrency":"EUR","category":"Geschenk pakketten","availability":"https:\/\/schema.org\/InStock","priceSpecification":{"@type":"PriceSpecification","price":8.15625,"priceCurrency":"EUR","valueAddedTaxIncluded":"true"}}}]},{"@type":"WebPage","@id":"https:\/\/hidalgo.nl\/de\/product\/unwaste-duopack-soap-scrub-bar\/#webpage","url":"https:\/\/hidalgo.nl\/de\/product\/unwaste-duopack-soap-scrub-bar\/","name":"Unwaste Duopack Soap & Scrub bar","description":"Du erh\u00e4ltst ein Pflege-Set aus Soap & Scrub: Zitrusseife mit Orangenschalen f\u00fcr frische Reinigung plus Kaffeepeeling f\u00fcr nat\u00fcrlich glatte Haut. Ideal als nachhaltiges Giveaway f\u00fcr Events & Goodiebags; wir bedrucken auf Wunsch Verpackung oder Bars mit deinem Logo.","inLanguage":"de-DE","isPartOf":{"@id":"https:\/\/hidalgo.nl\/de\/#website"},"breadcrumb":{"@id":"https:\/\/hidalgo.nl\/de\/product\/unwaste-duopack-soap-scrub-bar\/#breadcrumblist"},"image":{"@type":"ImageObject","url":"https:\/\/shop.hidalgo.nl\/wp-content\/uploads\/2025\/04\/ce97807462812a20f6b9c3d2dc84b79a55df9021a64bdbdca353c268ba6be8f9.jpg","@id":"https:\/\/hidalgo.nl\/de\/product\/unwaste-duopack-soap-scrub-bar\/#mainImage"},"primaryImageOfPage":{"@id":"https:\/\/hidalgo.nl\/de\/product\/unwaste-duopack-soap-scrub-bar\/#mainImage"},"datePublished":"2025-07-07T20:53:24+00:00","dateModified":"2026-02-26T07:38:00+00:00"},{"@type":"WebSite","@id":"https:\/\/hidalgo.nl\/de\/#website","url":"https:\/\/hidalgo.nl\/de\/","name":"Hidalgo","inLanguage":"de-DE","publisher":{"@id":"https:\/\/hidalgo.nl\/de\/#organization"}}]},"og:locale":"de_DE","og:site_name":"Hidalgo -","og:type":"article","og:title":"Unwaste Duopack Soap &amp; Scrub bar","og:description":"Du erh\u00e4ltst ein Pflege-Set aus Soap &amp; Scrub: Zitrusseife mit Orangenschalen f\u00fcr frische Reinigung plus Kaffeepeeling f\u00fcr nat\u00fcrlich glatte Haut. Ideal als nachhaltiges Giveaway f\u00fcr Events &amp; Goodiebags; wir bedrucken auf Wunsch Verpackung oder Bars mit deinem Logo.","og:url":"https:\/\/hidalgo.nl\/de\/wp-json\/wp\/v2\/product\/131398","og:image":"https:\/\/shop.hidalgo.nl\/wp-content\/uploads\/2025\/11\/cropped-Hidalgo-est1993.png","og:image:secure_url":"https:\/\/shop.hidalgo.nl\/wp-content\/uploads\/2025\/11\/cropped-Hidalgo-est1993.png","article:published_time":"2025-07-07T20:53:24+00:00","article:modified_time":"2026-02-26T07:38:00+00:00","twitter:card":"summary_large_image","twitter:title":"Unwaste Duopack Soap &amp; Scrub bar","twitter:description":"Du erh\u00e4ltst ein Pflege-Set aus Soap &amp; Scrub: Zitrusseife mit Orangenschalen f\u00fcr frische Reinigung plus Kaffeepeeling f\u00fcr nat\u00fcrlich glatte Haut. Ideal als nachhaltiges Giveaway f\u00fcr Events &amp; Goodiebags; wir bedrucken auf Wunsch Verpackung oder Bars mit deinem Logo.","twitter:image":"https:\/\/shop.hidalgo.nl\/wp-content\/uploads\/2025\/11\/cropped-Hidalgo-est1993.png"},"aioseo_meta_data":{"post_id":"131398","title":null,"description":null,"keywords":null,"keyphrases":null,"primary_term":null,"canonical_url":null,"og_title":null,"og_description":null,"og_object_type":"default","og_image_type":"default","og_image_url":null,"og_image_width":null,"og_image_height":null,"og_image_custom_url":null,"og_image_custom_fields":null,"og_video":null,"og_custom_url":null,"og_article_section":null,"og_article_tags":null,"twitter_use_og":false,"twitter_card":"default","twitter_image_type":"default","twitter_image_url":null,"twitter_image_custom_url":null,"twitter_image_custom_fields":null,"twitter_title":null,"twitter_description":null,"schema":{"blockGraphs":[],"customGraphs":[],"default":{"data":{"Article":[],"Course":[],"Dataset":[],"FAQPage":[],"Movie":[],"Person":[],"Product":[],"ProductReview":[],"Car":[],"Recipe":[],"Service":[],"SoftwareApplication":[],"WebPage":[]},"graphName":"","isEnabled":true},"graphs":[]},"schema_type":"default","schema_type_options":null,"pillar_content":false,"robots_default":true,"robots_noindex":false,"robots_noarchive":false,"robots_nosnippet":false,"robots_nofollow":false,"robots_noimageindex":false,"robots_noodp":false,"robots_notranslate":false,"robots_max_snippet":null,"robots_max_videopreview":null,"robots_max_imagepreview":"large","priority":null,"frequency":null,"local_seo":null,"seo_analyzer_scan_date":"2026-01-22 10:31:24","breadcrumb_settings":null,"limit_modified_date":false,"reviewed_by":null,"open_ai":null,"ai":null,"created":"2026-01-14 06:25:38","updated":"2026-04-23 07:19:48"},"aioseo_breadcrumb":"<div class=\"aioseo-breadcrumbs\"><span class=\"aioseo-breadcrumb\">\n\t<a href=\"https:\/\/hidalgo.nl\/de\/\" title=\"Home\">Home<\/a>\n<\/span><span class=\"aioseo-breadcrumb-separator\">\u00bb<\/span><span class=\"aioseo-breadcrumb\">\n\t<a href=\"https:\/\/hidalgo.nl\/example\/\" title=\"example\">example<\/a>\n<\/span><span class=\"aioseo-breadcrumb-separator\">\u00bb<\/span><span class=\"aioseo-breadcrumb\">\n\t<a href=\"https:\/\/hidalgo.nl\/en\/product-supplier\/a508\/\" title=\"A508\">A508<\/a>\n<\/span><span class=\"aioseo-breadcrumb-separator\">\u00bb<\/span><span class=\"aioseo-breadcrumb\">\n\tUnwaste Duopack Soap &amp; Scrub bar\n<\/span><\/div>","aioseo_breadcrumb_json":[{"label":"Home","link":"https:\/\/hidalgo.nl\/de\/"},{"label":"example","link":"https:\/\/hidalgo.nl\/example\/"},{"label":"A508","link":"https:\/\/hidalgo.nl\/en\/product-supplier\/a508\/"},{"label":"Unwaste Duopack Soap &amp; Scrub bar","link":"https:\/\/hidalgo.nl\/de\/product\/unwaste-duopack-soap-scrub-bar\/"}],"_links":{"self":[{"href":"https:\/\/hidalgo.nl\/de\/wp-json\/wp\/v2\/product\/131398","targetHints":{"allow":["GET"]}}],"collection":[{"href":"https:\/\/hidalgo.nl\/de\/wp-json\/wp\/v2\/product"}],"about":[{"href":"https:\/\/hidalgo.nl\/de\/wp-json\/wp\/v2\/types\/product"}],"wp:featuredmedia":[{"embeddable":true,"href":"https:\/\/hidalgo.nl\/de\/wp-json\/wp\/v2\/media\/579200"}],"wp:attachment":[{"href":"https:\/\/hidalgo.nl\/de\/wp-json\/wp\/v2\/media?parent=131398"}],"wp:term":[{"taxonomy":"product_brand","embeddable":true,"href":"https:\/\/hidalgo.nl\/de\/wp-json\/wp\/v2\/product_brand?post=131398"},{"taxonomy":"product_cat","embeddable":true,"href":"https:\/\/hidalgo.nl\/de\/wp-json\/wp\/v2\/product_cat?post=131398"},{"taxonomy":"product_tag","embeddable":true,"href":"https:\/\/hidalgo.nl\/de\/wp-json\/wp\/v2\/product_tag?post=131398"}],"curies":[{"name":"wp","href":"https:\/\/api.w.org\/{rel}","templated":true}]}}