{"id":131201,"date":"2025-07-07T20:49:11","date_gmt":"2025-07-07T20:49:11","guid":{"rendered":"http:\/\/bidonsenshakers.pim.hidalgo.nl\/product\/custom-wood-ice-scraper-ijskrabber\/"},"modified":"2026-02-26T07:38:14","modified_gmt":"2026-02-26T07:38:14","slug":"custom-wood-ice-scraper-ijskrabber","status":"publish","type":"product","link":"https:\/\/hidalgo.nl\/de\/product\/custom-wood-ice-scraper-ijskrabber\/","title":{"rendered":"Custom Wood Ice Scraper ijskrabber"},"content":{"rendered":"<p>Een ijskrabber gemaakt van 100% natuurlijk materiaal: Zweeds gecertificeerd fineer van berkenhout. Meerdere lagen berkenfineer worden verlijmd tot een stevige houtplaat waarvan de ijskrabber gemaakt wordt. De ijskrabber is voorzien van een glanzende, waterafstotende beschermlaag. De vierkante vorm van deze ijskrabber maakt hem handzaam en makkelijk in gebruik. Laat de vorst maar komen! Inclusief full colour opdruk op 1 zijde.<\/p>\n","protected":false},"excerpt":{"rendered":"<p>Een ijskrabber gemaakt van 100% natuurlijk materiaal: Zweeds gecertificeerd fineer van berkenhout. Meerdere lagen berkenfineer worden verlijmd tot een stevige houtplaat waarvan de ijskrabber gemaakt wordt. De ijskrabber is voorzien van een glanzende, waterafstotende beschermlaag. De vierkante vorm van deze ijskrabber maakt hem handzaam en makkelijk in gebruik. Laat de vorst maar komen! Inclusief full&hellip; <a class=\"more-link\" href=\"https:\/\/hidalgo.nl\/de\/product\/custom-wood-ice-scraper-ijskrabber\/\"><span class=\"screen-reader-text\">Custom Wood Ice Scraper ijskrabber<\/span> weiterlesen<\/a><\/p>\n","protected":false},"featured_media":580615,"template":"","meta":{"_acf_changed":false,"om_disable_all_campaigns":false,"_monsterinsights_skip_tracking":false,"_monsterinsights_sitenote_active":false,"_monsterinsights_sitenote_note":"","_monsterinsights_sitenote_category":0},"product_brand":[],"product_cat":[4811,4875,4719,4774],"product_tag":[],"class_list":{"0":"post-131201","1":"product","2":"type-product","3":"status-publish","4":"has-post-thumbnail","6":"product_supplier-a508","7":"product_material-hout","8":"product_cat-promotionele-artikelen-vrije-tijd-auto-accessoires","9":"product_cat-ijskrabbers","10":"product_cat-promotionele-artikelen","11":"product_cat-promotionele-artikelen-vrije-tijd","12":"entry","14":"first","15":"instock","16":"taxable","17":"shipping-taxable","18":"purchasable","19":"product-type-variable"},"acf":{"imprint_cost":[{"imprint_cost_key":"20cef5eb436391317f7b1eab3976b9d7ab1c990b","product_quantity_price_range":[{"imprint_cost_recommended_selling_price":"0","imprint_cost_recommended_selling_quantity":"1"},{"imprint_cost_recommended_selling_price":"0","imprint_cost_recommended_selling_quantity":"25"},{"imprint_cost_recommended_selling_price":"0","imprint_cost_recommended_selling_quantity":"50"},{"imprint_cost_recommended_selling_price":"0","imprint_cost_recommended_selling_quantity":"100"},{"imprint_cost_recommended_selling_price":"0","imprint_cost_recommended_selling_quantity":"250"},{"imprint_cost_recommended_selling_price":"0","imprint_cost_recommended_selling_quantity":"500"},{"imprint_cost_recommended_selling_price":"0","imprint_cost_recommended_selling_quantity":"1000"},{"imprint_cost_recommended_selling_price":"0","imprint_cost_recommended_selling_quantity":"2500"},{"imprint_cost_recommended_selling_price":"0","imprint_cost_recommended_selling_quantity":"5000"}],"product_quantity_price_range_buying":[{"imprint_cost_general_buying_price":"0","imprint_cost_general_buying_quantity":"1"},{"imprint_cost_general_buying_price":"0","imprint_cost_general_buying_quantity":"25"},{"imprint_cost_general_buying_price":"0","imprint_cost_general_buying_quantity":"50"},{"imprint_cost_general_buying_price":"0","imprint_cost_general_buying_quantity":"100"},{"imprint_cost_general_buying_price":"0","imprint_cost_general_buying_quantity":"250"},{"imprint_cost_general_buying_price":"0","imprint_cost_general_buying_quantity":"500"},{"imprint_cost_general_buying_price":"0","imprint_cost_general_buying_quantity":"1000"},{"imprint_cost_general_buying_price":"0","imprint_cost_general_buying_quantity":"2500"},{"imprint_cost_general_buying_price":"0","imprint_cost_general_buying_quantity":"5000"}],"imprint_cost_setup_costs":"45","imprint_cost_handling_costs":"0"}]},"aioseo_notices":[],"aioseo_head":"\n\t\t<!-- All in One SEO Pro 4.9.6.2 - aioseo.com -->\n\t<meta name=\"description\" content=\"Du erh\u00e4ltst im Winter schnell freie Sicht: robustes Birkenfurnier, mehrlagig verleimt und wasserabweisend versiegelt f\u00fcr einen sicheren Halt. Hidalgo druckt dein Logo in Vollfarbe - ideales Autozubeh\u00f6r f\u00fcr Aktionen, Events und den t\u00e4glichen Einsatz.\" \/>\n\t<meta name=\"robots\" content=\"max-image-preview:large\" \/>\n\t<link rel=\"canonical\" href=\"https:\/\/hidalgo.nl\/de\/wp-json\/wp\/v2\/product\/131201\" \/>\n\t<meta name=\"generator\" content=\"All in One SEO Pro (AIOSEO) 4.9.6.2\" \/>\n\t\t<meta property=\"og:locale\" content=\"de_DE\" \/>\n\t\t<meta property=\"og:site_name\" content=\"Hidalgo -\" \/>\n\t\t<meta property=\"og:type\" content=\"article\" \/>\n\t\t<meta property=\"og:title\" content=\"Custom Wood Ice Scraper ijskrabber\" \/>\n\t\t<meta property=\"og:description\" content=\"Du erh\u00e4ltst im Winter schnell freie Sicht: robustes Birkenfurnier, mehrlagig verleimt und wasserabweisend versiegelt f\u00fcr einen sicheren Halt. Hidalgo druckt dein Logo in Vollfarbe - ideales Autozubeh\u00f6r f\u00fcr Aktionen, Events und den t\u00e4glichen Einsatz.\" \/>\n\t\t<meta property=\"og:url\" content=\"https:\/\/hidalgo.nl\/de\/wp-json\/wp\/v2\/product\/131201\" \/>\n\t\t<meta property=\"og:image\" content=\"https:\/\/shop.hidalgo.nl\/wp-content\/uploads\/2025\/11\/cropped-Hidalgo-est1993.png\" \/>\n\t\t<meta property=\"og:image:secure_url\" content=\"https:\/\/shop.hidalgo.nl\/wp-content\/uploads\/2025\/11\/cropped-Hidalgo-est1993.png\" \/>\n\t\t<meta property=\"article:published_time\" content=\"2025-07-07T20:49:11+00:00\" \/>\n\t\t<meta property=\"article:modified_time\" content=\"2026-02-26T07:38:14+00:00\" \/>\n\t\t<meta name=\"twitter:card\" content=\"summary_large_image\" \/>\n\t\t<meta name=\"twitter:title\" content=\"Custom Wood Ice Scraper ijskrabber\" \/>\n\t\t<meta name=\"twitter:description\" content=\"Du erh\u00e4ltst im Winter schnell freie Sicht: robustes Birkenfurnier, mehrlagig verleimt und wasserabweisend versiegelt f\u00fcr einen sicheren Halt. Hidalgo druckt dein Logo in Vollfarbe - ideales Autozubeh\u00f6r f\u00fcr Aktionen, Events und den t\u00e4glichen Einsatz.\" \/>\n\t\t<meta name=\"twitter:image\" content=\"https:\/\/shop.hidalgo.nl\/wp-content\/uploads\/2025\/11\/cropped-Hidalgo-est1993.png\" \/>\n\t\t<script type=\"application\/ld+json\" class=\"aioseo-schema\">\n\t\t\t{\"@context\":\"https:\\\/\\\/schema.org\",\"@graph\":[{\"@type\":\"BreadcrumbList\",\"@id\":\"https:\\\/\\\/hidalgo.nl\\\/de\\\/product\\\/custom-wood-ice-scraper-ijskrabber\\\/#breadcrumblist\",\"itemListElement\":[{\"@type\":\"ListItem\",\"@id\":\"https:\\\/\\\/hidalgo.nl\\\/de\\\/#listItem\",\"position\":1,\"name\":\"Home\",\"item\":\"https:\\\/\\\/hidalgo.nl\\\/de\\\/\",\"nextItem\":{\"@type\":\"ListItem\",\"@id\":\"https:\\\/\\\/hidalgo.nl\\\/example\\\/#listItem\",\"name\":\"example\"}},{\"@type\":\"ListItem\",\"@id\":\"https:\\\/\\\/hidalgo.nl\\\/example\\\/#listItem\",\"position\":2,\"name\":\"example\",\"item\":\"https:\\\/\\\/hidalgo.nl\\\/example\\\/\",\"nextItem\":{\"@type\":\"ListItem\",\"@id\":\"https:\\\/\\\/hidalgo.nl\\\/en\\\/product-supplier\\\/a508\\\/#listItem\",\"name\":\"A508\"},\"previousItem\":{\"@type\":\"ListItem\",\"@id\":\"https:\\\/\\\/hidalgo.nl\\\/de\\\/#listItem\",\"name\":\"Home\"}},{\"@type\":\"ListItem\",\"@id\":\"https:\\\/\\\/hidalgo.nl\\\/en\\\/product-supplier\\\/a508\\\/#listItem\",\"position\":3,\"name\":\"A508\",\"item\":\"https:\\\/\\\/hidalgo.nl\\\/en\\\/product-supplier\\\/a508\\\/\",\"nextItem\":{\"@type\":\"ListItem\",\"@id\":\"https:\\\/\\\/hidalgo.nl\\\/de\\\/product\\\/custom-wood-ice-scraper-ijskrabber\\\/#listItem\",\"name\":\"Custom Wood Ice Scraper ijskrabber\"},\"previousItem\":{\"@type\":\"ListItem\",\"@id\":\"https:\\\/\\\/hidalgo.nl\\\/example\\\/#listItem\",\"name\":\"example\"}},{\"@type\":\"ListItem\",\"@id\":\"https:\\\/\\\/hidalgo.nl\\\/de\\\/product\\\/custom-wood-ice-scraper-ijskrabber\\\/#listItem\",\"position\":4,\"name\":\"Custom Wood Ice Scraper ijskrabber\",\"previousItem\":{\"@type\":\"ListItem\",\"@id\":\"https:\\\/\\\/hidalgo.nl\\\/en\\\/product-supplier\\\/a508\\\/#listItem\",\"name\":\"A508\"}}]},{\"@type\":\"Organization\",\"@id\":\"https:\\\/\\\/hidalgo.nl\\\/de\\\/#organization\",\"name\":\"Hidalgo\",\"url\":\"https:\\\/\\\/hidalgo.nl\\\/de\\\/\",\"logo\":{\"@type\":\"ImageObject\",\"url\":\"https:\\\/\\\/shop.hidalgo.nl\\\/wp-content\\\/uploads\\\/2025\\\/11\\\/cropped-Hidalgo-est1993.png\",\"@id\":\"https:\\\/\\\/hidalgo.nl\\\/de\\\/product\\\/custom-wood-ice-scraper-ijskrabber\\\/#organizationLogo\",\"width\":585,\"height\":195},\"image\":{\"@id\":\"https:\\\/\\\/hidalgo.nl\\\/de\\\/product\\\/custom-wood-ice-scraper-ijskrabber\\\/#organizationLogo\"}},{\"@type\":\"ProductGroup\",\"@id\":\"https:\\\/\\\/hidalgo.nl\\\/de\\\/product\\\/custom-wood-ice-scraper-ijskrabber\\\/#wooCommerceProduct\",\"name\":\"Custom Wood Ice Scraper ijskrabber\",\"url\":\"https:\\\/\\\/hidalgo.nl\\\/de\\\/product\\\/custom-wood-ice-scraper-ijskrabber\\\/\",\"sku\":\"A508-W337\",\"image\":{\"@type\":\"ImageObject\",\"url\":\"https:\\\/\\\/shop.hidalgo.nl\\\/wp-content\\\/uploads\\\/2025\\\/04\\\/6a85cfccc12ec5872e5d4d6ab0fc99ce1883f4fda3e18d8d9a9d08d7619fe4ae.jpg\",\"@id\":\"https:\\\/\\\/hidalgo.nl\\\/de\\\/product\\\/custom-wood-ice-scraper-ijskrabber\\\/#productImage\"},\"productGroupID\":131201,\"hasVariant\":[{\"@type\":\"Product\",\"@id\":\"https:\\\/\\\/hidalgo.nl\\\/de\\\/product\\\/custom-wood-ice-scraper-ijskrabber\\\/#wooCommerceProduct\",\"name\":\"Custom Wood Ice Scraper ijskrabber - assorti\",\"url\":\"https:\\\/\\\/hidalgo.nl\\\/de\\\/product\\\/custom-wood-ice-scraper-ijskrabber\\\/\",\"sku\":\"A508-W33799\",\"image\":{\"@type\":\"ImageObject\",\"url\":\"https:\\\/\\\/shop.hidalgo.nl\\\/wp-content\\\/uploads\\\/2025\\\/05\\\/6a85cfccc12ec5872e5d4d6ab0fc99ce1883f4fda3e18d8d9a9d08d7619fe4ae.jpg\",\"@id\":\"https:\\\/\\\/hidalgo.nl\\\/de\\\/product\\\/custom-wood-ice-scraper-ijskrabber\\\/#productImage\",\"width\":1000,\"height\":1000},\"offers\":{\"@type\":\"Offer\",\"url\":\"https:\\\/\\\/hidalgo.nl\\\/de\\\/product\\\/custom-wood-ice-scraper-ijskrabber\\\/#wooCommerceOffer\",\"price\":\"5.175\",\"priceCurrency\":\"EUR\",\"category\":\"Promotionele Artikelen\",\"availability\":\"https:\\\/\\\/schema.org\\\/InStock\",\"priceSpecification\":{\"@type\":\"PriceSpecification\",\"price\":5.175,\"priceCurrency\":\"EUR\",\"valueAddedTaxIncluded\":\"true\"}}}]},{\"@type\":\"WebPage\",\"@id\":\"https:\\\/\\\/hidalgo.nl\\\/de\\\/product\\\/custom-wood-ice-scraper-ijskrabber\\\/#webpage\",\"url\":\"https:\\\/\\\/hidalgo.nl\\\/de\\\/product\\\/custom-wood-ice-scraper-ijskrabber\\\/\",\"name\":\"Custom Wood Ice Scraper ijskrabber\",\"description\":\"Du erh\\u00e4ltst im Winter schnell freie Sicht: robustes Birkenfurnier, mehrlagig verleimt und wasserabweisend versiegelt f\\u00fcr einen sicheren Halt. Hidalgo druckt dein Logo in Vollfarbe - ideales Autozubeh\\u00f6r f\\u00fcr Aktionen, Events und den t\\u00e4glichen Einsatz.\",\"inLanguage\":\"de-DE\",\"isPartOf\":{\"@id\":\"https:\\\/\\\/hidalgo.nl\\\/de\\\/#website\"},\"breadcrumb\":{\"@id\":\"https:\\\/\\\/hidalgo.nl\\\/de\\\/product\\\/custom-wood-ice-scraper-ijskrabber\\\/#breadcrumblist\"},\"image\":{\"@type\":\"ImageObject\",\"url\":\"https:\\\/\\\/shop.hidalgo.nl\\\/wp-content\\\/uploads\\\/2025\\\/04\\\/6a85cfccc12ec5872e5d4d6ab0fc99ce1883f4fda3e18d8d9a9d08d7619fe4ae.jpg\",\"@id\":\"https:\\\/\\\/hidalgo.nl\\\/de\\\/product\\\/custom-wood-ice-scraper-ijskrabber\\\/#mainImage\"},\"primaryImageOfPage\":{\"@id\":\"https:\\\/\\\/hidalgo.nl\\\/de\\\/product\\\/custom-wood-ice-scraper-ijskrabber\\\/#mainImage\"},\"datePublished\":\"2025-07-07T20:49:11+00:00\",\"dateModified\":\"2026-02-26T07:38:14+00:00\"},{\"@type\":\"WebSite\",\"@id\":\"https:\\\/\\\/hidalgo.nl\\\/de\\\/#website\",\"url\":\"https:\\\/\\\/hidalgo.nl\\\/de\\\/\",\"name\":\"Hidalgo\",\"inLanguage\":\"de-DE\",\"publisher\":{\"@id\":\"https:\\\/\\\/hidalgo.nl\\\/de\\\/#organization\"}}]}\n\t\t<\/script>\n\t\t<!-- All in One SEO Pro -->\r\n\t\t<title>Custom Wood Ice Scraper ijskrabber<\/title>\n\n","aioseo_head_json":{"title":"Custom Wood Ice Scraper ijskrabber","description":"Du erh\u00e4ltst im Winter schnell freie Sicht: robustes Birkenfurnier, mehrlagig verleimt und wasserabweisend versiegelt f\u00fcr einen sicheren Halt. Hidalgo druckt dein Logo in Vollfarbe - ideales Autozubeh\u00f6r f\u00fcr Aktionen, Events und den t\u00e4glichen Einsatz.","canonical_url":"https:\/\/hidalgo.nl\/de\/wp-json\/wp\/v2\/product\/131201","robots":"max-image-preview:large","keywords":"","webmasterTools":{"miscellaneous":""},"schema":{"@context":"https:\/\/schema.org","@graph":[{"@type":"BreadcrumbList","@id":"https:\/\/hidalgo.nl\/de\/product\/custom-wood-ice-scraper-ijskrabber\/#breadcrumblist","itemListElement":[{"@type":"ListItem","@id":"https:\/\/hidalgo.nl\/de\/#listItem","position":1,"name":"Home","item":"https:\/\/hidalgo.nl\/de\/","nextItem":{"@type":"ListItem","@id":"https:\/\/hidalgo.nl\/example\/#listItem","name":"example"}},{"@type":"ListItem","@id":"https:\/\/hidalgo.nl\/example\/#listItem","position":2,"name":"example","item":"https:\/\/hidalgo.nl\/example\/","nextItem":{"@type":"ListItem","@id":"https:\/\/hidalgo.nl\/en\/product-supplier\/a508\/#listItem","name":"A508"},"previousItem":{"@type":"ListItem","@id":"https:\/\/hidalgo.nl\/de\/#listItem","name":"Home"}},{"@type":"ListItem","@id":"https:\/\/hidalgo.nl\/en\/product-supplier\/a508\/#listItem","position":3,"name":"A508","item":"https:\/\/hidalgo.nl\/en\/product-supplier\/a508\/","nextItem":{"@type":"ListItem","@id":"https:\/\/hidalgo.nl\/de\/product\/custom-wood-ice-scraper-ijskrabber\/#listItem","name":"Custom Wood Ice Scraper ijskrabber"},"previousItem":{"@type":"ListItem","@id":"https:\/\/hidalgo.nl\/example\/#listItem","name":"example"}},{"@type":"ListItem","@id":"https:\/\/hidalgo.nl\/de\/product\/custom-wood-ice-scraper-ijskrabber\/#listItem","position":4,"name":"Custom Wood Ice Scraper ijskrabber","previousItem":{"@type":"ListItem","@id":"https:\/\/hidalgo.nl\/en\/product-supplier\/a508\/#listItem","name":"A508"}}]},{"@type":"Organization","@id":"https:\/\/hidalgo.nl\/de\/#organization","name":"Hidalgo","url":"https:\/\/hidalgo.nl\/de\/","logo":{"@type":"ImageObject","url":"https:\/\/shop.hidalgo.nl\/wp-content\/uploads\/2025\/11\/cropped-Hidalgo-est1993.png","@id":"https:\/\/hidalgo.nl\/de\/product\/custom-wood-ice-scraper-ijskrabber\/#organizationLogo","width":585,"height":195},"image":{"@id":"https:\/\/hidalgo.nl\/de\/product\/custom-wood-ice-scraper-ijskrabber\/#organizationLogo"}},{"@type":"ProductGroup","@id":"https:\/\/hidalgo.nl\/de\/product\/custom-wood-ice-scraper-ijskrabber\/#wooCommerceProduct","name":"Custom Wood Ice Scraper ijskrabber","url":"https:\/\/hidalgo.nl\/de\/product\/custom-wood-ice-scraper-ijskrabber\/","sku":"A508-W337","image":{"@type":"ImageObject","url":"https:\/\/shop.hidalgo.nl\/wp-content\/uploads\/2025\/04\/6a85cfccc12ec5872e5d4d6ab0fc99ce1883f4fda3e18d8d9a9d08d7619fe4ae.jpg","@id":"https:\/\/hidalgo.nl\/de\/product\/custom-wood-ice-scraper-ijskrabber\/#productImage"},"productGroupID":131201,"hasVariant":[{"@type":"Product","@id":"https:\/\/hidalgo.nl\/de\/product\/custom-wood-ice-scraper-ijskrabber\/#wooCommerceProduct","name":"Custom Wood Ice Scraper ijskrabber - assorti","url":"https:\/\/hidalgo.nl\/de\/product\/custom-wood-ice-scraper-ijskrabber\/","sku":"A508-W33799","image":{"@type":"ImageObject","url":"https:\/\/shop.hidalgo.nl\/wp-content\/uploads\/2025\/05\/6a85cfccc12ec5872e5d4d6ab0fc99ce1883f4fda3e18d8d9a9d08d7619fe4ae.jpg","@id":"https:\/\/hidalgo.nl\/de\/product\/custom-wood-ice-scraper-ijskrabber\/#productImage","width":1000,"height":1000},"offers":{"@type":"Offer","url":"https:\/\/hidalgo.nl\/de\/product\/custom-wood-ice-scraper-ijskrabber\/#wooCommerceOffer","price":"5.175","priceCurrency":"EUR","category":"Promotionele Artikelen","availability":"https:\/\/schema.org\/InStock","priceSpecification":{"@type":"PriceSpecification","price":5.175,"priceCurrency":"EUR","valueAddedTaxIncluded":"true"}}}]},{"@type":"WebPage","@id":"https:\/\/hidalgo.nl\/de\/product\/custom-wood-ice-scraper-ijskrabber\/#webpage","url":"https:\/\/hidalgo.nl\/de\/product\/custom-wood-ice-scraper-ijskrabber\/","name":"Custom Wood Ice Scraper ijskrabber","description":"Du erh\u00e4ltst im Winter schnell freie Sicht: robustes Birkenfurnier, mehrlagig verleimt und wasserabweisend versiegelt f\u00fcr einen sicheren Halt. Hidalgo druckt dein Logo in Vollfarbe - ideales Autozubeh\u00f6r f\u00fcr Aktionen, Events und den t\u00e4glichen Einsatz.","inLanguage":"de-DE","isPartOf":{"@id":"https:\/\/hidalgo.nl\/de\/#website"},"breadcrumb":{"@id":"https:\/\/hidalgo.nl\/de\/product\/custom-wood-ice-scraper-ijskrabber\/#breadcrumblist"},"image":{"@type":"ImageObject","url":"https:\/\/shop.hidalgo.nl\/wp-content\/uploads\/2025\/04\/6a85cfccc12ec5872e5d4d6ab0fc99ce1883f4fda3e18d8d9a9d08d7619fe4ae.jpg","@id":"https:\/\/hidalgo.nl\/de\/product\/custom-wood-ice-scraper-ijskrabber\/#mainImage"},"primaryImageOfPage":{"@id":"https:\/\/hidalgo.nl\/de\/product\/custom-wood-ice-scraper-ijskrabber\/#mainImage"},"datePublished":"2025-07-07T20:49:11+00:00","dateModified":"2026-02-26T07:38:14+00:00"},{"@type":"WebSite","@id":"https:\/\/hidalgo.nl\/de\/#website","url":"https:\/\/hidalgo.nl\/de\/","name":"Hidalgo","inLanguage":"de-DE","publisher":{"@id":"https:\/\/hidalgo.nl\/de\/#organization"}}]},"og:locale":"de_DE","og:site_name":"Hidalgo -","og:type":"article","og:title":"Custom Wood Ice Scraper ijskrabber","og:description":"Du erh\u00e4ltst im Winter schnell freie Sicht: robustes Birkenfurnier, mehrlagig verleimt und wasserabweisend versiegelt f\u00fcr einen sicheren Halt. Hidalgo druckt dein Logo in Vollfarbe - ideales Autozubeh\u00f6r f\u00fcr Aktionen, Events und den t\u00e4glichen Einsatz.","og:url":"https:\/\/hidalgo.nl\/de\/wp-json\/wp\/v2\/product\/131201","og:image":"https:\/\/shop.hidalgo.nl\/wp-content\/uploads\/2025\/11\/cropped-Hidalgo-est1993.png","og:image:secure_url":"https:\/\/shop.hidalgo.nl\/wp-content\/uploads\/2025\/11\/cropped-Hidalgo-est1993.png","article:published_time":"2025-07-07T20:49:11+00:00","article:modified_time":"2026-02-26T07:38:14+00:00","twitter:card":"summary_large_image","twitter:title":"Custom Wood Ice Scraper ijskrabber","twitter:description":"Du erh\u00e4ltst im Winter schnell freie Sicht: robustes Birkenfurnier, mehrlagig verleimt und wasserabweisend versiegelt f\u00fcr einen sicheren Halt. Hidalgo druckt dein Logo in Vollfarbe - ideales Autozubeh\u00f6r f\u00fcr Aktionen, Events und den t\u00e4glichen Einsatz.","twitter:image":"https:\/\/shop.hidalgo.nl\/wp-content\/uploads\/2025\/11\/cropped-Hidalgo-est1993.png"},"aioseo_meta_data":{"post_id":"131201","title":null,"description":null,"keywords":null,"keyphrases":null,"primary_term":null,"canonical_url":null,"og_title":null,"og_description":null,"og_object_type":"default","og_image_type":"default","og_image_url":null,"og_image_width":null,"og_image_height":null,"og_image_custom_url":null,"og_image_custom_fields":null,"og_video":null,"og_custom_url":null,"og_article_section":null,"og_article_tags":null,"twitter_use_og":false,"twitter_card":"default","twitter_image_type":"default","twitter_image_url":null,"twitter_image_custom_url":null,"twitter_image_custom_fields":null,"twitter_title":null,"twitter_description":null,"schema":{"blockGraphs":[],"customGraphs":[],"default":{"data":{"Article":[],"Course":[],"Dataset":[],"FAQPage":[],"Movie":[],"Person":[],"Product":[],"ProductReview":[],"Car":[],"Recipe":[],"Service":[],"SoftwareApplication":[],"WebPage":[]},"graphName":"","isEnabled":true},"graphs":[]},"schema_type":"default","schema_type_options":null,"pillar_content":false,"robots_default":true,"robots_noindex":false,"robots_noarchive":false,"robots_nosnippet":false,"robots_nofollow":false,"robots_noimageindex":false,"robots_noodp":false,"robots_notranslate":false,"robots_max_snippet":null,"robots_max_videopreview":null,"robots_max_imagepreview":"large","priority":null,"frequency":null,"local_seo":null,"seo_analyzer_scan_date":"2026-01-22 10:29:19","breadcrumb_settings":null,"limit_modified_date":false,"reviewed_by":null,"open_ai":null,"ai":null,"created":"2026-01-14 06:25:38","updated":"2026-04-23 07:17:49"},"aioseo_breadcrumb":"<div class=\"aioseo-breadcrumbs\"><span class=\"aioseo-breadcrumb\">\n\t<a href=\"https:\/\/hidalgo.nl\/de\/\" title=\"Home\">Home<\/a>\n<\/span><span class=\"aioseo-breadcrumb-separator\">\u00bb<\/span><span class=\"aioseo-breadcrumb\">\n\t<a href=\"https:\/\/hidalgo.nl\/example\/\" title=\"example\">example<\/a>\n<\/span><span class=\"aioseo-breadcrumb-separator\">\u00bb<\/span><span class=\"aioseo-breadcrumb\">\n\t<a href=\"https:\/\/hidalgo.nl\/en\/product-supplier\/a508\/\" title=\"A508\">A508<\/a>\n<\/span><span class=\"aioseo-breadcrumb-separator\">\u00bb<\/span><span class=\"aioseo-breadcrumb\">\n\tCustom Wood Ice Scraper ijskrabber\n<\/span><\/div>","aioseo_breadcrumb_json":[{"label":"Home","link":"https:\/\/hidalgo.nl\/de\/"},{"label":"example","link":"https:\/\/hidalgo.nl\/example\/"},{"label":"A508","link":"https:\/\/hidalgo.nl\/en\/product-supplier\/a508\/"},{"label":"Custom Wood Ice Scraper ijskrabber","link":"https:\/\/hidalgo.nl\/de\/product\/custom-wood-ice-scraper-ijskrabber\/"}],"_links":{"self":[{"href":"https:\/\/hidalgo.nl\/de\/wp-json\/wp\/v2\/product\/131201","targetHints":{"allow":["GET"]}}],"collection":[{"href":"https:\/\/hidalgo.nl\/de\/wp-json\/wp\/v2\/product"}],"about":[{"href":"https:\/\/hidalgo.nl\/de\/wp-json\/wp\/v2\/types\/product"}],"wp:featuredmedia":[{"embeddable":true,"href":"https:\/\/hidalgo.nl\/de\/wp-json\/wp\/v2\/media\/580615"}],"wp:attachment":[{"href":"https:\/\/hidalgo.nl\/de\/wp-json\/wp\/v2\/media?parent=131201"}],"wp:term":[{"taxonomy":"product_brand","embeddable":true,"href":"https:\/\/hidalgo.nl\/de\/wp-json\/wp\/v2\/product_brand?post=131201"},{"taxonomy":"product_cat","embeddable":true,"href":"https:\/\/hidalgo.nl\/de\/wp-json\/wp\/v2\/product_cat?post=131201"},{"taxonomy":"product_tag","embeddable":true,"href":"https:\/\/hidalgo.nl\/de\/wp-json\/wp\/v2\/product_tag?post=131201"}],"curies":[{"name":"wp","href":"https:\/\/api.w.org\/{rel}","templated":true}]}}