{"id":131116,"date":"2025-07-07T20:47:31","date_gmt":"2025-07-07T20:47:31","guid":{"rendered":"http:\/\/bidonsenshakers.pim.hidalgo.nl\/product\/cleanwalk-walkingstick-wandelstok\/"},"modified":"2026-02-26T07:38:32","modified_gmt":"2026-02-26T07:38:32","slug":"cleanwalk-walkingstick-wandelstok","status":"publish","type":"product","link":"https:\/\/hidalgo.nl\/de\/product\/cleanwalk-walkingstick-wandelstok\/","title":{"rendered":"CleanWalk Walkingstick wandelstok"},"content":{"rendered":"<p>Deze wandelstok is gemaakt van kastanjehout en gebaseerd op de traditionele pelgrimstok. Hij is solide, handzaam in gebruik en biedt ondersteuning tijdens het wandelen. De CleanWalk heeft een speciale, metalen kartelpunt, voorzien van 2 kartelranden. Deze punt is ontworpen om tijdens je wandeling zwerfafval op te prikken en op de stok te bewaren, totdat er een afvalbak beschikbaar is om het in weg te gooien. De wandelstok is voorzien van een polsband van echt leer en een rubberen dop voor het wandelen op een verharde ondergrond. Elke wandelstok is uniek en wordt met de hand afgewerkt. Made in Holland.<\/p>\n","protected":false},"excerpt":{"rendered":"<p>Deze wandelstok is gemaakt van kastanjehout en gebaseerd op de traditionele pelgrimstok. Hij is solide, handzaam in gebruik en biedt ondersteuning tijdens het wandelen. De CleanWalk heeft een speciale, metalen kartelpunt, voorzien van 2 kartelranden. Deze punt is ontworpen om tijdens je wandeling zwerfafval op te prikken en op de stok te bewaren, totdat er&hellip; <a class=\"more-link\" href=\"https:\/\/hidalgo.nl\/de\/product\/cleanwalk-walkingstick-wandelstok\/\"><span class=\"screen-reader-text\">CleanWalk Walkingstick wandelstok<\/span> weiterlesen<\/a><\/p>\n","protected":false},"featured_media":580721,"template":"","meta":{"_acf_changed":false,"om_disable_all_campaigns":false,"_monsterinsights_skip_tracking":false,"_monsterinsights_sitenote_active":false,"_monsterinsights_sitenote_note":"","_monsterinsights_sitenote_category":0},"product_brand":[],"product_cat":[4719,4728,4729],"product_tag":[],"class_list":{"0":"post-131116","1":"product","2":"type-product","3":"status-publish","4":"has-post-thumbnail","6":"product_supplier-a508","7":"product_material-hout","8":"product_cat-promotionele-artikelen","9":"product_cat-promotionele-artikelen-thuis-keuken-en-tuin","10":"product_cat-tuin","11":"entry","13":"first","14":"instock","15":"taxable","16":"shipping-taxable","17":"purchasable","18":"product-type-variable"},"acf":{"imprint_cost":[{"imprint_cost_key":"edc482489221262b46f81033f2a68ee8bd396c08","product_quantity_price_range":[{"imprint_cost_recommended_selling_price":"0","imprint_cost_recommended_selling_quantity":"1"},{"imprint_cost_recommended_selling_price":"0","imprint_cost_recommended_selling_quantity":"25"},{"imprint_cost_recommended_selling_price":"0","imprint_cost_recommended_selling_quantity":"50"},{"imprint_cost_recommended_selling_price":"0","imprint_cost_recommended_selling_quantity":"100"},{"imprint_cost_recommended_selling_price":"0","imprint_cost_recommended_selling_quantity":"250"},{"imprint_cost_recommended_selling_price":"0","imprint_cost_recommended_selling_quantity":"500"},{"imprint_cost_recommended_selling_price":"0","imprint_cost_recommended_selling_quantity":"1000"},{"imprint_cost_recommended_selling_price":"0","imprint_cost_recommended_selling_quantity":"2500"},{"imprint_cost_recommended_selling_price":"0","imprint_cost_recommended_selling_quantity":"5000"}],"product_quantity_price_range_buying":[{"imprint_cost_general_buying_price":"0","imprint_cost_general_buying_quantity":"1"},{"imprint_cost_general_buying_price":"0","imprint_cost_general_buying_quantity":"25"},{"imprint_cost_general_buying_price":"0","imprint_cost_general_buying_quantity":"50"},{"imprint_cost_general_buying_price":"0","imprint_cost_general_buying_quantity":"100"},{"imprint_cost_general_buying_price":"0","imprint_cost_general_buying_quantity":"250"},{"imprint_cost_general_buying_price":"0","imprint_cost_general_buying_quantity":"500"},{"imprint_cost_general_buying_price":"0","imprint_cost_general_buying_quantity":"1000"},{"imprint_cost_general_buying_price":"0","imprint_cost_general_buying_quantity":"2500"},{"imprint_cost_general_buying_price":"0","imprint_cost_general_buying_quantity":"5000"}],"imprint_cost_setup_costs":"26.25","imprint_cost_handling_costs":"0"}]},"aioseo_notices":[],"aioseo_head":"\n\t\t<!-- All in One SEO Pro 4.9.6.1 - aioseo.com -->\n\t<meta name=\"description\" content=\"Du st\u00fctzt dich sicher auf Tour und sammelst zugleich M\u00fcll: Dieser Wanderstock aus Holz hat eine griffige Metallspitze zum Aufspie\u00dfen von Abfall. Du l\u00e4sst ihn bei Hidalgo mit deinem Logo veredeln - ideal f\u00fcr Aktionen und Aufr\u00e4umen.\" \/>\n\t<meta name=\"robots\" content=\"max-image-preview:large\" \/>\n\t<link rel=\"canonical\" href=\"https:\/\/hidalgo.nl\/de\/wp-json\/wp\/v2\/product\/131116\" \/>\n\t<meta name=\"generator\" content=\"All in One SEO Pro (AIOSEO) 4.9.6.1\" \/>\n\t\t<meta property=\"og:locale\" content=\"de_DE\" \/>\n\t\t<meta property=\"og:site_name\" content=\"Hidalgo -\" \/>\n\t\t<meta property=\"og:type\" content=\"article\" \/>\n\t\t<meta property=\"og:title\" content=\"CleanWalk Walkingstick wandelstok\" \/>\n\t\t<meta property=\"og:description\" content=\"Du st\u00fctzt dich sicher auf Tour und sammelst zugleich M\u00fcll: Dieser Wanderstock aus Holz hat eine griffige Metallspitze zum Aufspie\u00dfen von Abfall. Du l\u00e4sst ihn bei Hidalgo mit deinem Logo veredeln - ideal f\u00fcr Aktionen und Aufr\u00e4umen.\" \/>\n\t\t<meta property=\"og:url\" content=\"https:\/\/hidalgo.nl\/de\/wp-json\/wp\/v2\/product\/131116\" \/>\n\t\t<meta property=\"og:image\" content=\"https:\/\/shop.hidalgo.nl\/wp-content\/uploads\/2025\/11\/cropped-Hidalgo-est1993.png\" \/>\n\t\t<meta property=\"og:image:secure_url\" content=\"https:\/\/shop.hidalgo.nl\/wp-content\/uploads\/2025\/11\/cropped-Hidalgo-est1993.png\" \/>\n\t\t<meta property=\"article:published_time\" content=\"2025-07-07T20:47:31+00:00\" \/>\n\t\t<meta property=\"article:modified_time\" content=\"2026-02-26T07:38:32+00:00\" \/>\n\t\t<meta name=\"twitter:card\" content=\"summary_large_image\" \/>\n\t\t<meta name=\"twitter:title\" content=\"CleanWalk Walkingstick wandelstok\" \/>\n\t\t<meta name=\"twitter:description\" content=\"Du st\u00fctzt dich sicher auf Tour und sammelst zugleich M\u00fcll: Dieser Wanderstock aus Holz hat eine griffige Metallspitze zum Aufspie\u00dfen von Abfall. Du l\u00e4sst ihn bei Hidalgo mit deinem Logo veredeln - ideal f\u00fcr Aktionen und Aufr\u00e4umen.\" \/>\n\t\t<meta name=\"twitter:image\" content=\"https:\/\/shop.hidalgo.nl\/wp-content\/uploads\/2025\/11\/cropped-Hidalgo-est1993.png\" \/>\n\t\t<script type=\"application\/ld+json\" class=\"aioseo-schema\">\n\t\t\t{\"@context\":\"https:\\\/\\\/schema.org\",\"@graph\":[{\"@type\":\"BreadcrumbList\",\"@id\":\"https:\\\/\\\/hidalgo.nl\\\/de\\\/product\\\/cleanwalk-walkingstick-wandelstok\\\/#breadcrumblist\",\"itemListElement\":[{\"@type\":\"ListItem\",\"@id\":\"https:\\\/\\\/hidalgo.nl\\\/de\\\/#listItem\",\"position\":1,\"name\":\"Home\",\"item\":\"https:\\\/\\\/hidalgo.nl\\\/de\\\/\",\"nextItem\":{\"@type\":\"ListItem\",\"@id\":\"https:\\\/\\\/hidalgo.nl\\\/example\\\/#listItem\",\"name\":\"example\"}},{\"@type\":\"ListItem\",\"@id\":\"https:\\\/\\\/hidalgo.nl\\\/example\\\/#listItem\",\"position\":2,\"name\":\"example\",\"item\":\"https:\\\/\\\/hidalgo.nl\\\/example\\\/\",\"nextItem\":{\"@type\":\"ListItem\",\"@id\":\"https:\\\/\\\/hidalgo.nl\\\/en\\\/product-supplier\\\/a508\\\/#listItem\",\"name\":\"A508\"},\"previousItem\":{\"@type\":\"ListItem\",\"@id\":\"https:\\\/\\\/hidalgo.nl\\\/de\\\/#listItem\",\"name\":\"Home\"}},{\"@type\":\"ListItem\",\"@id\":\"https:\\\/\\\/hidalgo.nl\\\/en\\\/product-supplier\\\/a508\\\/#listItem\",\"position\":3,\"name\":\"A508\",\"item\":\"https:\\\/\\\/hidalgo.nl\\\/en\\\/product-supplier\\\/a508\\\/\",\"nextItem\":{\"@type\":\"ListItem\",\"@id\":\"https:\\\/\\\/hidalgo.nl\\\/de\\\/product\\\/cleanwalk-walkingstick-wandelstok\\\/#listItem\",\"name\":\"CleanWalk Walkingstick wandelstok\"},\"previousItem\":{\"@type\":\"ListItem\",\"@id\":\"https:\\\/\\\/hidalgo.nl\\\/example\\\/#listItem\",\"name\":\"example\"}},{\"@type\":\"ListItem\",\"@id\":\"https:\\\/\\\/hidalgo.nl\\\/de\\\/product\\\/cleanwalk-walkingstick-wandelstok\\\/#listItem\",\"position\":4,\"name\":\"CleanWalk Walkingstick wandelstok\",\"previousItem\":{\"@type\":\"ListItem\",\"@id\":\"https:\\\/\\\/hidalgo.nl\\\/en\\\/product-supplier\\\/a508\\\/#listItem\",\"name\":\"A508\"}}]},{\"@type\":\"ItemPage\",\"@id\":\"https:\\\/\\\/hidalgo.nl\\\/de\\\/product\\\/cleanwalk-walkingstick-wandelstok\\\/#itempage\",\"url\":\"https:\\\/\\\/hidalgo.nl\\\/de\\\/product\\\/cleanwalk-walkingstick-wandelstok\\\/\",\"name\":\"CleanWalk Walkingstick wandelstok\",\"description\":\"Du st\\u00fctzt dich sicher auf Tour und sammelst zugleich M\\u00fcll: Dieser Wanderstock aus Holz hat eine griffige Metallspitze zum Aufspie\\u00dfen von Abfall. Du l\\u00e4sst ihn bei Hidalgo mit deinem Logo veredeln - ideal f\\u00fcr Aktionen und Aufr\\u00e4umen.\",\"inLanguage\":\"de-DE\",\"isPartOf\":{\"@id\":\"https:\\\/\\\/hidalgo.nl\\\/de\\\/#website\"},\"breadcrumb\":{\"@id\":\"https:\\\/\\\/hidalgo.nl\\\/de\\\/product\\\/cleanwalk-walkingstick-wandelstok\\\/#breadcrumblist\"},\"image\":{\"@type\":\"ImageObject\",\"url\":\"https:\\\/\\\/shop.hidalgo.nl\\\/wp-content\\\/uploads\\\/2025\\\/04\\\/4d0cb08bd840c52d1ce532fe539206c57db69d62adb8b8590f0bd85927d9b422.jpg\",\"@id\":\"https:\\\/\\\/hidalgo.nl\\\/de\\\/product\\\/cleanwalk-walkingstick-wandelstok\\\/#mainImage\"},\"primaryImageOfPage\":{\"@id\":\"https:\\\/\\\/hidalgo.nl\\\/de\\\/product\\\/cleanwalk-walkingstick-wandelstok\\\/#mainImage\"},\"datePublished\":\"2025-07-07T20:47:31+00:00\",\"dateModified\":\"2026-02-26T07:38:32+00:00\"},{\"@type\":\"Organization\",\"@id\":\"https:\\\/\\\/hidalgo.nl\\\/de\\\/#organization\",\"name\":\"Hidalgo\",\"url\":\"https:\\\/\\\/hidalgo.nl\\\/de\\\/\",\"logo\":{\"@type\":\"ImageObject\",\"url\":\"https:\\\/\\\/shop.hidalgo.nl\\\/wp-content\\\/uploads\\\/2025\\\/11\\\/cropped-Hidalgo-est1993.png\",\"@id\":\"https:\\\/\\\/hidalgo.nl\\\/de\\\/product\\\/cleanwalk-walkingstick-wandelstok\\\/#organizationLogo\",\"width\":585,\"height\":195},\"image\":{\"@id\":\"https:\\\/\\\/hidalgo.nl\\\/de\\\/product\\\/cleanwalk-walkingstick-wandelstok\\\/#organizationLogo\"}},{\"@type\":\"WebPage\",\"@id\":\"https:\\\/\\\/hidalgo.nl\\\/de\\\/product\\\/cleanwalk-walkingstick-wandelstok\\\/#webpage\",\"url\":\"https:\\\/\\\/hidalgo.nl\\\/de\\\/product\\\/cleanwalk-walkingstick-wandelstok\\\/\",\"name\":\"CleanWalk Walkingstick wandelstok\",\"description\":\"Du st\\u00fctzt dich sicher auf Tour und sammelst zugleich M\\u00fcll: Dieser Wanderstock aus Holz hat eine griffige Metallspitze zum Aufspie\\u00dfen von Abfall. Du l\\u00e4sst ihn bei Hidalgo mit deinem Logo veredeln - ideal f\\u00fcr Aktionen und Aufr\\u00e4umen.\",\"inLanguage\":\"de-DE\",\"isPartOf\":{\"@id\":\"https:\\\/\\\/hidalgo.nl\\\/de\\\/#website\"},\"breadcrumb\":{\"@id\":\"https:\\\/\\\/hidalgo.nl\\\/de\\\/product\\\/cleanwalk-walkingstick-wandelstok\\\/#breadcrumblist\"},\"image\":{\"@type\":\"ImageObject\",\"url\":\"https:\\\/\\\/shop.hidalgo.nl\\\/wp-content\\\/uploads\\\/2025\\\/04\\\/4d0cb08bd840c52d1ce532fe539206c57db69d62adb8b8590f0bd85927d9b422.jpg\",\"@id\":\"https:\\\/\\\/hidalgo.nl\\\/de\\\/product\\\/cleanwalk-walkingstick-wandelstok\\\/#mainImage\"},\"primaryImageOfPage\":{\"@id\":\"https:\\\/\\\/hidalgo.nl\\\/de\\\/product\\\/cleanwalk-walkingstick-wandelstok\\\/#mainImage\"},\"datePublished\":\"2025-07-07T20:47:31+00:00\",\"dateModified\":\"2026-02-26T07:38:32+00:00\"},{\"@type\":\"WebSite\",\"@id\":\"https:\\\/\\\/hidalgo.nl\\\/de\\\/#website\",\"url\":\"https:\\\/\\\/hidalgo.nl\\\/de\\\/\",\"name\":\"Hidalgo\",\"inLanguage\":\"de-DE\",\"publisher\":{\"@id\":\"https:\\\/\\\/hidalgo.nl\\\/de\\\/#organization\"}}]}\n\t\t<\/script>\n\t\t<!-- All in One SEO Pro -->\r\n\t\t<title>CleanWalk Walkingstick wandelstok<\/title>\n\n","aioseo_head_json":{"title":"CleanWalk Walkingstick wandelstok","description":"Du st\u00fctzt dich sicher auf Tour und sammelst zugleich M\u00fcll: Dieser Wanderstock aus Holz hat eine griffige Metallspitze zum Aufspie\u00dfen von Abfall. Du l\u00e4sst ihn bei Hidalgo mit deinem Logo veredeln - ideal f\u00fcr Aktionen und Aufr\u00e4umen.","canonical_url":"https:\/\/hidalgo.nl\/de\/wp-json\/wp\/v2\/product\/131116","robots":"max-image-preview:large","keywords":"","webmasterTools":{"miscellaneous":""},"schema":{"@context":"https:\/\/schema.org","@graph":[{"@type":"BreadcrumbList","@id":"https:\/\/hidalgo.nl\/de\/product\/cleanwalk-walkingstick-wandelstok\/#breadcrumblist","itemListElement":[{"@type":"ListItem","@id":"https:\/\/hidalgo.nl\/de\/#listItem","position":1,"name":"Home","item":"https:\/\/hidalgo.nl\/de\/","nextItem":{"@type":"ListItem","@id":"https:\/\/hidalgo.nl\/example\/#listItem","name":"example"}},{"@type":"ListItem","@id":"https:\/\/hidalgo.nl\/example\/#listItem","position":2,"name":"example","item":"https:\/\/hidalgo.nl\/example\/","nextItem":{"@type":"ListItem","@id":"https:\/\/hidalgo.nl\/en\/product-supplier\/a508\/#listItem","name":"A508"},"previousItem":{"@type":"ListItem","@id":"https:\/\/hidalgo.nl\/de\/#listItem","name":"Home"}},{"@type":"ListItem","@id":"https:\/\/hidalgo.nl\/en\/product-supplier\/a508\/#listItem","position":3,"name":"A508","item":"https:\/\/hidalgo.nl\/en\/product-supplier\/a508\/","nextItem":{"@type":"ListItem","@id":"https:\/\/hidalgo.nl\/de\/product\/cleanwalk-walkingstick-wandelstok\/#listItem","name":"CleanWalk Walkingstick wandelstok"},"previousItem":{"@type":"ListItem","@id":"https:\/\/hidalgo.nl\/example\/#listItem","name":"example"}},{"@type":"ListItem","@id":"https:\/\/hidalgo.nl\/de\/product\/cleanwalk-walkingstick-wandelstok\/#listItem","position":4,"name":"CleanWalk Walkingstick wandelstok","previousItem":{"@type":"ListItem","@id":"https:\/\/hidalgo.nl\/en\/product-supplier\/a508\/#listItem","name":"A508"}}]},{"@type":"ItemPage","@id":"https:\/\/hidalgo.nl\/de\/product\/cleanwalk-walkingstick-wandelstok\/#itempage","url":"https:\/\/hidalgo.nl\/de\/product\/cleanwalk-walkingstick-wandelstok\/","name":"CleanWalk Walkingstick wandelstok","description":"Du st\u00fctzt dich sicher auf Tour und sammelst zugleich M\u00fcll: Dieser Wanderstock aus Holz hat eine griffige Metallspitze zum Aufspie\u00dfen von Abfall. Du l\u00e4sst ihn bei Hidalgo mit deinem Logo veredeln - ideal f\u00fcr Aktionen und Aufr\u00e4umen.","inLanguage":"de-DE","isPartOf":{"@id":"https:\/\/hidalgo.nl\/de\/#website"},"breadcrumb":{"@id":"https:\/\/hidalgo.nl\/de\/product\/cleanwalk-walkingstick-wandelstok\/#breadcrumblist"},"image":{"@type":"ImageObject","url":"https:\/\/shop.hidalgo.nl\/wp-content\/uploads\/2025\/04\/4d0cb08bd840c52d1ce532fe539206c57db69d62adb8b8590f0bd85927d9b422.jpg","@id":"https:\/\/hidalgo.nl\/de\/product\/cleanwalk-walkingstick-wandelstok\/#mainImage"},"primaryImageOfPage":{"@id":"https:\/\/hidalgo.nl\/de\/product\/cleanwalk-walkingstick-wandelstok\/#mainImage"},"datePublished":"2025-07-07T20:47:31+00:00","dateModified":"2026-02-26T07:38:32+00:00"},{"@type":"Organization","@id":"https:\/\/hidalgo.nl\/de\/#organization","name":"Hidalgo","url":"https:\/\/hidalgo.nl\/de\/","logo":{"@type":"ImageObject","url":"https:\/\/shop.hidalgo.nl\/wp-content\/uploads\/2025\/11\/cropped-Hidalgo-est1993.png","@id":"https:\/\/hidalgo.nl\/de\/product\/cleanwalk-walkingstick-wandelstok\/#organizationLogo","width":585,"height":195},"image":{"@id":"https:\/\/hidalgo.nl\/de\/product\/cleanwalk-walkingstick-wandelstok\/#organizationLogo"}},{"@type":"WebPage","@id":"https:\/\/hidalgo.nl\/de\/product\/cleanwalk-walkingstick-wandelstok\/#webpage","url":"https:\/\/hidalgo.nl\/de\/product\/cleanwalk-walkingstick-wandelstok\/","name":"CleanWalk Walkingstick wandelstok","description":"Du st\u00fctzt dich sicher auf Tour und sammelst zugleich M\u00fcll: Dieser Wanderstock aus Holz hat eine griffige Metallspitze zum Aufspie\u00dfen von Abfall. Du l\u00e4sst ihn bei Hidalgo mit deinem Logo veredeln - ideal f\u00fcr Aktionen und Aufr\u00e4umen.","inLanguage":"de-DE","isPartOf":{"@id":"https:\/\/hidalgo.nl\/de\/#website"},"breadcrumb":{"@id":"https:\/\/hidalgo.nl\/de\/product\/cleanwalk-walkingstick-wandelstok\/#breadcrumblist"},"image":{"@type":"ImageObject","url":"https:\/\/shop.hidalgo.nl\/wp-content\/uploads\/2025\/04\/4d0cb08bd840c52d1ce532fe539206c57db69d62adb8b8590f0bd85927d9b422.jpg","@id":"https:\/\/hidalgo.nl\/de\/product\/cleanwalk-walkingstick-wandelstok\/#mainImage"},"primaryImageOfPage":{"@id":"https:\/\/hidalgo.nl\/de\/product\/cleanwalk-walkingstick-wandelstok\/#mainImage"},"datePublished":"2025-07-07T20:47:31+00:00","dateModified":"2026-02-26T07:38:32+00:00"},{"@type":"WebSite","@id":"https:\/\/hidalgo.nl\/de\/#website","url":"https:\/\/hidalgo.nl\/de\/","name":"Hidalgo","inLanguage":"de-DE","publisher":{"@id":"https:\/\/hidalgo.nl\/de\/#organization"}}]},"og:locale":"de_DE","og:site_name":"Hidalgo -","og:type":"article","og:title":"CleanWalk Walkingstick wandelstok","og:description":"Du st\u00fctzt dich sicher auf Tour und sammelst zugleich M\u00fcll: Dieser Wanderstock aus Holz hat eine griffige Metallspitze zum Aufspie\u00dfen von Abfall. Du l\u00e4sst ihn bei Hidalgo mit deinem Logo veredeln - ideal f\u00fcr Aktionen und Aufr\u00e4umen.","og:url":"https:\/\/hidalgo.nl\/de\/wp-json\/wp\/v2\/product\/131116","og:image":"https:\/\/shop.hidalgo.nl\/wp-content\/uploads\/2025\/11\/cropped-Hidalgo-est1993.png","og:image:secure_url":"https:\/\/shop.hidalgo.nl\/wp-content\/uploads\/2025\/11\/cropped-Hidalgo-est1993.png","article:published_time":"2025-07-07T20:47:31+00:00","article:modified_time":"2026-02-26T07:38:32+00:00","twitter:card":"summary_large_image","twitter:title":"CleanWalk Walkingstick wandelstok","twitter:description":"Du st\u00fctzt dich sicher auf Tour und sammelst zugleich M\u00fcll: Dieser Wanderstock aus Holz hat eine griffige Metallspitze zum Aufspie\u00dfen von Abfall. Du l\u00e4sst ihn bei Hidalgo mit deinem Logo veredeln - ideal f\u00fcr Aktionen und Aufr\u00e4umen.","twitter:image":"https:\/\/shop.hidalgo.nl\/wp-content\/uploads\/2025\/11\/cropped-Hidalgo-est1993.png"},"aioseo_meta_data":{"post_id":"131116","title":null,"description":null,"keywords":null,"keyphrases":null,"primary_term":null,"canonical_url":null,"og_title":null,"og_description":null,"og_object_type":"default","og_image_type":"default","og_image_url":null,"og_image_width":null,"og_image_height":null,"og_image_custom_url":null,"og_image_custom_fields":null,"og_video":null,"og_custom_url":null,"og_article_section":null,"og_article_tags":null,"twitter_use_og":false,"twitter_card":"default","twitter_image_type":"default","twitter_image_url":null,"twitter_image_custom_url":null,"twitter_image_custom_fields":null,"twitter_title":null,"twitter_description":null,"schema":{"blockGraphs":[],"customGraphs":[],"default":{"data":{"Article":[],"Course":[],"Dataset":[],"FAQPage":[],"Movie":[],"Person":[],"Product":[],"ProductReview":[],"Car":[],"Recipe":[],"Service":[],"SoftwareApplication":[],"WebPage":[]},"graphName":"","isEnabled":true},"graphs":[]},"schema_type":"default","schema_type_options":null,"pillar_content":false,"robots_default":true,"robots_noindex":false,"robots_noarchive":false,"robots_nosnippet":false,"robots_nofollow":false,"robots_noimageindex":false,"robots_noodp":false,"robots_notranslate":false,"robots_max_snippet":null,"robots_max_videopreview":null,"robots_max_imagepreview":"large","priority":null,"frequency":null,"local_seo":null,"seo_analyzer_scan_date":"2026-01-22 10:29:19","breadcrumb_settings":null,"limit_modified_date":false,"reviewed_by":null,"open_ai":null,"ai":null,"created":"2026-01-14 06:25:38","updated":"2026-02-26 10:00:26"},"aioseo_breadcrumb":"<div class=\"aioseo-breadcrumbs\"><span class=\"aioseo-breadcrumb\">\n\t<a href=\"https:\/\/hidalgo.nl\/de\/\" title=\"Home\">Home<\/a>\n<\/span><span class=\"aioseo-breadcrumb-separator\">\u00bb<\/span><span class=\"aioseo-breadcrumb\">\n\t<a href=\"https:\/\/hidalgo.nl\/example\/\" title=\"example\">example<\/a>\n<\/span><span class=\"aioseo-breadcrumb-separator\">\u00bb<\/span><span class=\"aioseo-breadcrumb\">\n\t<a href=\"https:\/\/hidalgo.nl\/en\/product-supplier\/a508\/\" title=\"A508\">A508<\/a>\n<\/span><span class=\"aioseo-breadcrumb-separator\">\u00bb<\/span><span class=\"aioseo-breadcrumb\">\n\tCleanWalk Walkingstick wandelstok\n<\/span><\/div>","aioseo_breadcrumb_json":[{"label":"Home","link":"https:\/\/hidalgo.nl\/de\/"},{"label":"example","link":"https:\/\/hidalgo.nl\/example\/"},{"label":"A508","link":"https:\/\/hidalgo.nl\/en\/product-supplier\/a508\/"},{"label":"CleanWalk Walkingstick wandelstok","link":"https:\/\/hidalgo.nl\/de\/product\/cleanwalk-walkingstick-wandelstok\/"}],"_links":{"self":[{"href":"https:\/\/hidalgo.nl\/de\/wp-json\/wp\/v2\/product\/131116","targetHints":{"allow":["GET"]}}],"collection":[{"href":"https:\/\/hidalgo.nl\/de\/wp-json\/wp\/v2\/product"}],"about":[{"href":"https:\/\/hidalgo.nl\/de\/wp-json\/wp\/v2\/types\/product"}],"wp:featuredmedia":[{"embeddable":true,"href":"https:\/\/hidalgo.nl\/de\/wp-json\/wp\/v2\/media\/580721"}],"wp:attachment":[{"href":"https:\/\/hidalgo.nl\/de\/wp-json\/wp\/v2\/media?parent=131116"}],"wp:term":[{"taxonomy":"product_brand","embeddable":true,"href":"https:\/\/hidalgo.nl\/de\/wp-json\/wp\/v2\/product_brand?post=131116"},{"taxonomy":"product_cat","embeddable":true,"href":"https:\/\/hidalgo.nl\/de\/wp-json\/wp\/v2\/product_cat?post=131116"},{"taxonomy":"product_tag","embeddable":true,"href":"https:\/\/hidalgo.nl\/de\/wp-json\/wp\/v2\/product_tag?post=131116"}],"curies":[{"name":"wp","href":"https:\/\/api.w.org\/{rel}","templated":true}]}}