{"id":130990,"date":"2025-07-07T20:44:42","date_gmt":"2025-07-07T20:44:42","guid":{"rendered":"http:\/\/bidonsenshakers.pim.hidalgo.nl\/product\/solar-bikelight-fietslampjes\/"},"modified":"2026-02-26T07:38:08","modified_gmt":"2026-02-26T07:38:08","slug":"solar-bikelight-fietslampjes","status":"publish","type":"product","link":"https:\/\/hidalgo.nl\/de\/product\/solar-bikelight-fietslampjes\/","title":{"rendered":"Solar Bikelight fietslampjes"},"content":{"rendered":"<p>Set waterdichte fietslampen op zonne-energie. De lampjes zijn voorzien van een effici\u00ebnt zonnepaneel, waardoor de accu altijd opgeladen blijft. Voor- en achterlicht met elk 2 LED-lampjes en stevige behuizing. Opladen: in de zon binnen 3 uur. Laadt voor 50% op op een bewolkte dag. In te stellen op knipperend en continu licht. Het licht is helder genoeg om op 100 meter afstand zichtbaar te zijn. Eenvoudig en snel te bevestigen met tiewraps. Per stuk in kraft doos.<\/p>\n","protected":false},"excerpt":{"rendered":"<p>Set waterdichte fietslampen op zonne-energie. De lampjes zijn voorzien van een effici\u00ebnt zonnepaneel, waardoor de accu altijd opgeladen blijft. Voor- en achterlicht met elk 2 LED-lampjes en stevige behuizing. Opladen: in de zon binnen 3 uur. Laadt voor 50% op op een bewolkte dag. In te stellen op knipperend en continu licht. Het licht is&hellip; <a class=\"more-link\" href=\"https:\/\/hidalgo.nl\/de\/product\/solar-bikelight-fietslampjes\/\"><span class=\"screen-reader-text\">Solar Bikelight fietslampjes<\/span> weiterlesen<\/a><\/p>\n","protected":false},"featured_media":580888,"template":"","meta":{"_acf_changed":false,"om_disable_all_campaigns":false,"_monsterinsights_skip_tracking":false,"_monsterinsights_sitenote_active":false,"_monsterinsights_sitenote_note":"","_monsterinsights_sitenote_category":0},"product_brand":[],"product_cat":[4839,4719,4774],"product_tag":[],"class_list":{"0":"post-130990","1":"product","2":"type-product","3":"status-publish","4":"has-post-thumbnail","6":"product_supplier-a508","7":"product_material-abs","8":"product_cat-no-descriptionpromotionele-artikelen-vrije-tijd-fiets-accessoires","9":"product_cat-promotionele-artikelen","10":"product_cat-promotionele-artikelen-vrije-tijd","11":"entry","13":"first","14":"instock","15":"taxable","16":"shipping-taxable","17":"purchasable","18":"product-type-variable"},"acf":{"imprint_cost":[{"imprint_cost_key":"032cd4a587447e45862c39ca9f3d276073e5d6c8","product_quantity_price_range":[{"imprint_cost_recommended_selling_price":"4.5","imprint_cost_recommended_selling_quantity":"1"},{"imprint_cost_recommended_selling_price":"3","imprint_cost_recommended_selling_quantity":"25"},{"imprint_cost_recommended_selling_price":"2.25","imprint_cost_recommended_selling_quantity":"50"},{"imprint_cost_recommended_selling_price":"1.95","imprint_cost_recommended_selling_quantity":"100"},{"imprint_cost_recommended_selling_price":"1.725","imprint_cost_recommended_selling_quantity":"250"},{"imprint_cost_recommended_selling_price":"1.5","imprint_cost_recommended_selling_quantity":"500"},{"imprint_cost_recommended_selling_price":"1.275","imprint_cost_recommended_selling_quantity":"1000"},{"imprint_cost_recommended_selling_price":"1.125","imprint_cost_recommended_selling_quantity":"2500"},{"imprint_cost_recommended_selling_price":"0.975","imprint_cost_recommended_selling_quantity":"5000"}],"product_quantity_price_range_buying":[{"imprint_cost_general_buying_price":"3","imprint_cost_general_buying_quantity":"1"},{"imprint_cost_general_buying_price":"2","imprint_cost_general_buying_quantity":"25"},{"imprint_cost_general_buying_price":"1.5","imprint_cost_general_buying_quantity":"50"},{"imprint_cost_general_buying_price":"1.3","imprint_cost_general_buying_quantity":"100"},{"imprint_cost_general_buying_price":"1.15","imprint_cost_general_buying_quantity":"250"},{"imprint_cost_general_buying_price":"1","imprint_cost_general_buying_quantity":"500"},{"imprint_cost_general_buying_price":"0.85","imprint_cost_general_buying_quantity":"1000"},{"imprint_cost_general_buying_price":"0.75","imprint_cost_general_buying_quantity":"2500"},{"imprint_cost_general_buying_price":"0.65","imprint_cost_general_buying_quantity":"5000"}],"imprint_cost_setup_costs":"60","imprint_cost_handling_costs":"0.12"},{"imprint_cost_key":"c7eb6d87028dc4f4c5c5d3515daedc22f7486b93","product_quantity_price_range":[{"imprint_cost_recommended_selling_price":"4.8","imprint_cost_recommended_selling_quantity":"1"},{"imprint_cost_recommended_selling_price":"3.3","imprint_cost_recommended_selling_quantity":"25"},{"imprint_cost_recommended_selling_price":"2.55","imprint_cost_recommended_selling_quantity":"50"},{"imprint_cost_recommended_selling_price":"2.25","imprint_cost_recommended_selling_quantity":"100"},{"imprint_cost_recommended_selling_price":"2.025","imprint_cost_recommended_selling_quantity":"250"},{"imprint_cost_recommended_selling_price":"1.8","imprint_cost_recommended_selling_quantity":"500"},{"imprint_cost_recommended_selling_price":"1.575","imprint_cost_recommended_selling_quantity":"1000"},{"imprint_cost_recommended_selling_price":"1.425","imprint_cost_recommended_selling_quantity":"2500"},{"imprint_cost_recommended_selling_price":"1.275","imprint_cost_recommended_selling_quantity":"5000"}],"product_quantity_price_range_buying":[{"imprint_cost_general_buying_price":"3.2","imprint_cost_general_buying_quantity":"1"},{"imprint_cost_general_buying_price":"2.2","imprint_cost_general_buying_quantity":"25"},{"imprint_cost_general_buying_price":"1.7","imprint_cost_general_buying_quantity":"50"},{"imprint_cost_general_buying_price":"1.5","imprint_cost_general_buying_quantity":"100"},{"imprint_cost_general_buying_price":"1.35","imprint_cost_general_buying_quantity":"250"},{"imprint_cost_general_buying_price":"1.2","imprint_cost_general_buying_quantity":"500"},{"imprint_cost_general_buying_price":"1.05","imprint_cost_general_buying_quantity":"1000"},{"imprint_cost_general_buying_price":"0.95","imprint_cost_general_buying_quantity":"2500"},{"imprint_cost_general_buying_price":"0.85","imprint_cost_general_buying_quantity":"5000"}],"imprint_cost_setup_costs":"60","imprint_cost_handling_costs":"0.12"}]},"aioseo_notices":[],"aioseo_head":"\n\t\t<!-- All in One SEO Pro 4.9.6.2 - aioseo.com -->\n\t<meta name=\"description\" content=\"Du erh\u00e4ltst ein Set aus Vorder- und R\u00fcckleuchte mit LED, das sich per Solarenergie l\u00e4dt und wasserfest ist - ideal f\u00fcr Pendler:innen und Studierende. Bei Hidalgo l\u00e4sst du dein Logo aufbringen, damit deine Marke auf der Fahrradbeleuchtung lange sichtbar bleibt.\" \/>\n\t<meta name=\"robots\" content=\"max-image-preview:large\" \/>\n\t<link rel=\"canonical\" href=\"https:\/\/hidalgo.nl\/de\/wp-json\/wp\/v2\/product\/130990\" \/>\n\t<meta name=\"generator\" content=\"All in One SEO Pro (AIOSEO) 4.9.6.2\" \/>\n\t\t<meta property=\"og:locale\" content=\"de_DE\" \/>\n\t\t<meta property=\"og:site_name\" content=\"Hidalgo -\" \/>\n\t\t<meta property=\"og:type\" content=\"article\" \/>\n\t\t<meta property=\"og:title\" content=\"Solar Bikelight fietslampjes\" \/>\n\t\t<meta property=\"og:description\" content=\"Du erh\u00e4ltst ein Set aus Vorder- und R\u00fcckleuchte mit LED, das sich per Solarenergie l\u00e4dt und wasserfest ist - ideal f\u00fcr Pendler:innen und Studierende. Bei Hidalgo l\u00e4sst du dein Logo aufbringen, damit deine Marke auf der Fahrradbeleuchtung lange sichtbar bleibt.\" \/>\n\t\t<meta property=\"og:url\" content=\"https:\/\/hidalgo.nl\/de\/wp-json\/wp\/v2\/product\/130990\" \/>\n\t\t<meta property=\"og:image\" content=\"https:\/\/shop.hidalgo.nl\/wp-content\/uploads\/2025\/11\/cropped-Hidalgo-est1993.png\" \/>\n\t\t<meta property=\"og:image:secure_url\" content=\"https:\/\/shop.hidalgo.nl\/wp-content\/uploads\/2025\/11\/cropped-Hidalgo-est1993.png\" \/>\n\t\t<meta property=\"article:published_time\" content=\"2025-07-07T20:44:42+00:00\" \/>\n\t\t<meta property=\"article:modified_time\" content=\"2026-02-26T07:38:08+00:00\" \/>\n\t\t<meta name=\"twitter:card\" content=\"summary_large_image\" \/>\n\t\t<meta name=\"twitter:title\" content=\"Solar Bikelight fietslampjes\" \/>\n\t\t<meta name=\"twitter:description\" content=\"Du erh\u00e4ltst ein Set aus Vorder- und R\u00fcckleuchte mit LED, das sich per Solarenergie l\u00e4dt und wasserfest ist - ideal f\u00fcr Pendler:innen und Studierende. Bei Hidalgo l\u00e4sst du dein Logo aufbringen, damit deine Marke auf der Fahrradbeleuchtung lange sichtbar bleibt.\" \/>\n\t\t<meta name=\"twitter:image\" content=\"https:\/\/shop.hidalgo.nl\/wp-content\/uploads\/2025\/11\/cropped-Hidalgo-est1993.png\" \/>\n\t\t<script type=\"application\/ld+json\" class=\"aioseo-schema\">\n\t\t\t{\"@context\":\"https:\\\/\\\/schema.org\",\"@graph\":[{\"@type\":\"BreadcrumbList\",\"@id\":\"https:\\\/\\\/hidalgo.nl\\\/de\\\/product\\\/solar-bikelight-fietslampjes\\\/#breadcrumblist\",\"itemListElement\":[{\"@type\":\"ListItem\",\"@id\":\"https:\\\/\\\/hidalgo.nl\\\/de\\\/#listItem\",\"position\":1,\"name\":\"Home\",\"item\":\"https:\\\/\\\/hidalgo.nl\\\/de\\\/\",\"nextItem\":{\"@type\":\"ListItem\",\"@id\":\"https:\\\/\\\/hidalgo.nl\\\/example\\\/#listItem\",\"name\":\"example\"}},{\"@type\":\"ListItem\",\"@id\":\"https:\\\/\\\/hidalgo.nl\\\/example\\\/#listItem\",\"position\":2,\"name\":\"example\",\"item\":\"https:\\\/\\\/hidalgo.nl\\\/example\\\/\",\"nextItem\":{\"@type\":\"ListItem\",\"@id\":\"https:\\\/\\\/hidalgo.nl\\\/en\\\/product-supplier\\\/a508\\\/#listItem\",\"name\":\"A508\"},\"previousItem\":{\"@type\":\"ListItem\",\"@id\":\"https:\\\/\\\/hidalgo.nl\\\/de\\\/#listItem\",\"name\":\"Home\"}},{\"@type\":\"ListItem\",\"@id\":\"https:\\\/\\\/hidalgo.nl\\\/en\\\/product-supplier\\\/a508\\\/#listItem\",\"position\":3,\"name\":\"A508\",\"item\":\"https:\\\/\\\/hidalgo.nl\\\/en\\\/product-supplier\\\/a508\\\/\",\"nextItem\":{\"@type\":\"ListItem\",\"@id\":\"https:\\\/\\\/hidalgo.nl\\\/de\\\/product\\\/solar-bikelight-fietslampjes\\\/#listItem\",\"name\":\"Solar Bikelight fietslampjes\"},\"previousItem\":{\"@type\":\"ListItem\",\"@id\":\"https:\\\/\\\/hidalgo.nl\\\/example\\\/#listItem\",\"name\":\"example\"}},{\"@type\":\"ListItem\",\"@id\":\"https:\\\/\\\/hidalgo.nl\\\/de\\\/product\\\/solar-bikelight-fietslampjes\\\/#listItem\",\"position\":4,\"name\":\"Solar Bikelight fietslampjes\",\"previousItem\":{\"@type\":\"ListItem\",\"@id\":\"https:\\\/\\\/hidalgo.nl\\\/en\\\/product-supplier\\\/a508\\\/#listItem\",\"name\":\"A508\"}}]},{\"@type\":\"Organization\",\"@id\":\"https:\\\/\\\/hidalgo.nl\\\/de\\\/#organization\",\"name\":\"Hidalgo\",\"url\":\"https:\\\/\\\/hidalgo.nl\\\/de\\\/\",\"logo\":{\"@type\":\"ImageObject\",\"url\":\"https:\\\/\\\/shop.hidalgo.nl\\\/wp-content\\\/uploads\\\/2025\\\/11\\\/cropped-Hidalgo-est1993.png\",\"@id\":\"https:\\\/\\\/hidalgo.nl\\\/de\\\/product\\\/solar-bikelight-fietslampjes\\\/#organizationLogo\",\"width\":585,\"height\":195},\"image\":{\"@id\":\"https:\\\/\\\/hidalgo.nl\\\/de\\\/product\\\/solar-bikelight-fietslampjes\\\/#organizationLogo\"}},{\"@type\":\"ProductGroup\",\"@id\":\"https:\\\/\\\/hidalgo.nl\\\/de\\\/product\\\/solar-bikelight-fietslampjes\\\/#wooCommerceProduct\",\"name\":\"Solar Bikelight fietslampjes\",\"url\":\"https:\\\/\\\/hidalgo.nl\\\/de\\\/product\\\/solar-bikelight-fietslampjes\\\/\",\"sku\":\"A508-W165\",\"image\":{\"@type\":\"ImageObject\",\"url\":\"https:\\\/\\\/shop.hidalgo.nl\\\/wp-content\\\/uploads\\\/2025\\\/04\\\/e5792dfae3c732c54cf8744d37bb54e63d3933b060487ed5ca8852ba88b106c7.jpg\",\"@id\":\"https:\\\/\\\/hidalgo.nl\\\/de\\\/product\\\/solar-bikelight-fietslampjes\\\/#productImage\"},\"productGroupID\":130990,\"hasVariant\":[{\"@type\":\"Product\",\"@id\":\"https:\\\/\\\/hidalgo.nl\\\/de\\\/product\\\/solar-bikelight-fietslampjes\\\/#wooCommerceProduct\",\"name\":\"Solar Bikelight fietslampjes - zwart\",\"url\":\"https:\\\/\\\/hidalgo.nl\\\/de\\\/product\\\/solar-bikelight-fietslampjes\\\/\",\"sku\":\"A508-W16598\",\"image\":{\"@type\":\"ImageObject\",\"url\":\"https:\\\/\\\/shop.hidalgo.nl\\\/wp-content\\\/uploads\\\/2025\\\/05\\\/e5792dfae3c732c54cf8744d37bb54e63d3933b060487ed5ca8852ba88b106c7.jpg\",\"@id\":\"https:\\\/\\\/hidalgo.nl\\\/de\\\/product\\\/solar-bikelight-fietslampjes\\\/#productImage\",\"width\":1000,\"height\":1000},\"offers\":{\"@type\":\"Offer\",\"url\":\"https:\\\/\\\/hidalgo.nl\\\/de\\\/product\\\/solar-bikelight-fietslampjes\\\/#wooCommerceOffer\",\"price\":\"26.925\",\"priceCurrency\":\"EUR\",\"category\":\"Promotionele Artikelen\",\"availability\":\"https:\\\/\\\/schema.org\\\/InStock\",\"priceSpecification\":{\"@type\":\"PriceSpecification\",\"price\":26.925,\"priceCurrency\":\"EUR\",\"valueAddedTaxIncluded\":\"true\"}}},{\"@type\":\"Product\",\"@id\":\"https:\\\/\\\/hidalgo.nl\\\/de\\\/product\\\/solar-bikelight-fietslampjes\\\/#wooCommerceProduct\",\"name\":\"Solar Bikelight fietslampjes - wit\",\"url\":\"https:\\\/\\\/hidalgo.nl\\\/de\\\/product\\\/solar-bikelight-fietslampjes\\\/\",\"sku\":\"A508-W16510\",\"image\":{\"@type\":\"ImageObject\",\"url\":\"https:\\\/\\\/shop.hidalgo.nl\\\/wp-content\\\/uploads\\\/2025\\\/05\\\/e926e36dafe2be3859276dc59aa9b9612761f6e93215df9784a4d2a31a76769e.jpg\",\"@id\":\"https:\\\/\\\/hidalgo.nl\\\/de\\\/product\\\/solar-bikelight-fietslampjes\\\/#productImage\",\"width\":1000,\"height\":1000},\"offers\":{\"@type\":\"Offer\",\"url\":\"https:\\\/\\\/hidalgo.nl\\\/de\\\/product\\\/solar-bikelight-fietslampjes\\\/#wooCommerceOffer\",\"price\":\"26.925\",\"priceCurrency\":\"EUR\",\"category\":\"Promotionele Artikelen\",\"availability\":\"https:\\\/\\\/schema.org\\\/InStock\",\"priceSpecification\":{\"@type\":\"PriceSpecification\",\"price\":26.925,\"priceCurrency\":\"EUR\",\"valueAddedTaxIncluded\":\"true\"}}}]},{\"@type\":\"WebPage\",\"@id\":\"https:\\\/\\\/hidalgo.nl\\\/de\\\/product\\\/solar-bikelight-fietslampjes\\\/#webpage\",\"url\":\"https:\\\/\\\/hidalgo.nl\\\/de\\\/product\\\/solar-bikelight-fietslampjes\\\/\",\"name\":\"Solar Bikelight fietslampjes\",\"description\":\"Du erh\\u00e4ltst ein Set aus Vorder- und R\\u00fcckleuchte mit LED, das sich per Solarenergie l\\u00e4dt und wasserfest ist - ideal f\\u00fcr Pendler:innen und Studierende. Bei Hidalgo l\\u00e4sst du dein Logo aufbringen, damit deine Marke auf der Fahrradbeleuchtung lange sichtbar bleibt.\",\"inLanguage\":\"de-DE\",\"isPartOf\":{\"@id\":\"https:\\\/\\\/hidalgo.nl\\\/de\\\/#website\"},\"breadcrumb\":{\"@id\":\"https:\\\/\\\/hidalgo.nl\\\/de\\\/product\\\/solar-bikelight-fietslampjes\\\/#breadcrumblist\"},\"image\":{\"@type\":\"ImageObject\",\"url\":\"https:\\\/\\\/shop.hidalgo.nl\\\/wp-content\\\/uploads\\\/2025\\\/04\\\/e5792dfae3c732c54cf8744d37bb54e63d3933b060487ed5ca8852ba88b106c7.jpg\",\"@id\":\"https:\\\/\\\/hidalgo.nl\\\/de\\\/product\\\/solar-bikelight-fietslampjes\\\/#mainImage\"},\"primaryImageOfPage\":{\"@id\":\"https:\\\/\\\/hidalgo.nl\\\/de\\\/product\\\/solar-bikelight-fietslampjes\\\/#mainImage\"},\"datePublished\":\"2025-07-07T20:44:42+00:00\",\"dateModified\":\"2026-02-26T07:38:08+00:00\"},{\"@type\":\"WebSite\",\"@id\":\"https:\\\/\\\/hidalgo.nl\\\/de\\\/#website\",\"url\":\"https:\\\/\\\/hidalgo.nl\\\/de\\\/\",\"name\":\"Hidalgo\",\"inLanguage\":\"de-DE\",\"publisher\":{\"@id\":\"https:\\\/\\\/hidalgo.nl\\\/de\\\/#organization\"}}]}\n\t\t<\/script>\n\t\t<!-- All in One SEO Pro -->\r\n\t\t<title>Solar Bikelight fietslampjes<\/title>\n\n","aioseo_head_json":{"title":"Solar Bikelight fietslampjes","description":"Du erh\u00e4ltst ein Set aus Vorder- und R\u00fcckleuchte mit LED, das sich per Solarenergie l\u00e4dt und wasserfest ist - ideal f\u00fcr Pendler:innen und Studierende. Bei Hidalgo l\u00e4sst du dein Logo aufbringen, damit deine Marke auf der Fahrradbeleuchtung lange sichtbar bleibt.","canonical_url":"https:\/\/hidalgo.nl\/de\/wp-json\/wp\/v2\/product\/130990","robots":"max-image-preview:large","keywords":"","webmasterTools":{"miscellaneous":""},"schema":{"@context":"https:\/\/schema.org","@graph":[{"@type":"BreadcrumbList","@id":"https:\/\/hidalgo.nl\/de\/product\/solar-bikelight-fietslampjes\/#breadcrumblist","itemListElement":[{"@type":"ListItem","@id":"https:\/\/hidalgo.nl\/de\/#listItem","position":1,"name":"Home","item":"https:\/\/hidalgo.nl\/de\/","nextItem":{"@type":"ListItem","@id":"https:\/\/hidalgo.nl\/example\/#listItem","name":"example"}},{"@type":"ListItem","@id":"https:\/\/hidalgo.nl\/example\/#listItem","position":2,"name":"example","item":"https:\/\/hidalgo.nl\/example\/","nextItem":{"@type":"ListItem","@id":"https:\/\/hidalgo.nl\/en\/product-supplier\/a508\/#listItem","name":"A508"},"previousItem":{"@type":"ListItem","@id":"https:\/\/hidalgo.nl\/de\/#listItem","name":"Home"}},{"@type":"ListItem","@id":"https:\/\/hidalgo.nl\/en\/product-supplier\/a508\/#listItem","position":3,"name":"A508","item":"https:\/\/hidalgo.nl\/en\/product-supplier\/a508\/","nextItem":{"@type":"ListItem","@id":"https:\/\/hidalgo.nl\/de\/product\/solar-bikelight-fietslampjes\/#listItem","name":"Solar Bikelight fietslampjes"},"previousItem":{"@type":"ListItem","@id":"https:\/\/hidalgo.nl\/example\/#listItem","name":"example"}},{"@type":"ListItem","@id":"https:\/\/hidalgo.nl\/de\/product\/solar-bikelight-fietslampjes\/#listItem","position":4,"name":"Solar Bikelight fietslampjes","previousItem":{"@type":"ListItem","@id":"https:\/\/hidalgo.nl\/en\/product-supplier\/a508\/#listItem","name":"A508"}}]},{"@type":"Organization","@id":"https:\/\/hidalgo.nl\/de\/#organization","name":"Hidalgo","url":"https:\/\/hidalgo.nl\/de\/","logo":{"@type":"ImageObject","url":"https:\/\/shop.hidalgo.nl\/wp-content\/uploads\/2025\/11\/cropped-Hidalgo-est1993.png","@id":"https:\/\/hidalgo.nl\/de\/product\/solar-bikelight-fietslampjes\/#organizationLogo","width":585,"height":195},"image":{"@id":"https:\/\/hidalgo.nl\/de\/product\/solar-bikelight-fietslampjes\/#organizationLogo"}},{"@type":"ProductGroup","@id":"https:\/\/hidalgo.nl\/de\/product\/solar-bikelight-fietslampjes\/#wooCommerceProduct","name":"Solar Bikelight fietslampjes","url":"https:\/\/hidalgo.nl\/de\/product\/solar-bikelight-fietslampjes\/","sku":"A508-W165","image":{"@type":"ImageObject","url":"https:\/\/shop.hidalgo.nl\/wp-content\/uploads\/2025\/04\/e5792dfae3c732c54cf8744d37bb54e63d3933b060487ed5ca8852ba88b106c7.jpg","@id":"https:\/\/hidalgo.nl\/de\/product\/solar-bikelight-fietslampjes\/#productImage"},"productGroupID":130990,"hasVariant":[{"@type":"Product","@id":"https:\/\/hidalgo.nl\/de\/product\/solar-bikelight-fietslampjes\/#wooCommerceProduct","name":"Solar Bikelight fietslampjes - zwart","url":"https:\/\/hidalgo.nl\/de\/product\/solar-bikelight-fietslampjes\/","sku":"A508-W16598","image":{"@type":"ImageObject","url":"https:\/\/shop.hidalgo.nl\/wp-content\/uploads\/2025\/05\/e5792dfae3c732c54cf8744d37bb54e63d3933b060487ed5ca8852ba88b106c7.jpg","@id":"https:\/\/hidalgo.nl\/de\/product\/solar-bikelight-fietslampjes\/#productImage","width":1000,"height":1000},"offers":{"@type":"Offer","url":"https:\/\/hidalgo.nl\/de\/product\/solar-bikelight-fietslampjes\/#wooCommerceOffer","price":"26.925","priceCurrency":"EUR","category":"Promotionele Artikelen","availability":"https:\/\/schema.org\/InStock","priceSpecification":{"@type":"PriceSpecification","price":26.925,"priceCurrency":"EUR","valueAddedTaxIncluded":"true"}}},{"@type":"Product","@id":"https:\/\/hidalgo.nl\/de\/product\/solar-bikelight-fietslampjes\/#wooCommerceProduct","name":"Solar Bikelight fietslampjes - wit","url":"https:\/\/hidalgo.nl\/de\/product\/solar-bikelight-fietslampjes\/","sku":"A508-W16510","image":{"@type":"ImageObject","url":"https:\/\/shop.hidalgo.nl\/wp-content\/uploads\/2025\/05\/e926e36dafe2be3859276dc59aa9b9612761f6e93215df9784a4d2a31a76769e.jpg","@id":"https:\/\/hidalgo.nl\/de\/product\/solar-bikelight-fietslampjes\/#productImage","width":1000,"height":1000},"offers":{"@type":"Offer","url":"https:\/\/hidalgo.nl\/de\/product\/solar-bikelight-fietslampjes\/#wooCommerceOffer","price":"26.925","priceCurrency":"EUR","category":"Promotionele Artikelen","availability":"https:\/\/schema.org\/InStock","priceSpecification":{"@type":"PriceSpecification","price":26.925,"priceCurrency":"EUR","valueAddedTaxIncluded":"true"}}}]},{"@type":"WebPage","@id":"https:\/\/hidalgo.nl\/de\/product\/solar-bikelight-fietslampjes\/#webpage","url":"https:\/\/hidalgo.nl\/de\/product\/solar-bikelight-fietslampjes\/","name":"Solar Bikelight fietslampjes","description":"Du erh\u00e4ltst ein Set aus Vorder- und R\u00fcckleuchte mit LED, das sich per Solarenergie l\u00e4dt und wasserfest ist - ideal f\u00fcr Pendler:innen und Studierende. Bei Hidalgo l\u00e4sst du dein Logo aufbringen, damit deine Marke auf der Fahrradbeleuchtung lange sichtbar bleibt.","inLanguage":"de-DE","isPartOf":{"@id":"https:\/\/hidalgo.nl\/de\/#website"},"breadcrumb":{"@id":"https:\/\/hidalgo.nl\/de\/product\/solar-bikelight-fietslampjes\/#breadcrumblist"},"image":{"@type":"ImageObject","url":"https:\/\/shop.hidalgo.nl\/wp-content\/uploads\/2025\/04\/e5792dfae3c732c54cf8744d37bb54e63d3933b060487ed5ca8852ba88b106c7.jpg","@id":"https:\/\/hidalgo.nl\/de\/product\/solar-bikelight-fietslampjes\/#mainImage"},"primaryImageOfPage":{"@id":"https:\/\/hidalgo.nl\/de\/product\/solar-bikelight-fietslampjes\/#mainImage"},"datePublished":"2025-07-07T20:44:42+00:00","dateModified":"2026-02-26T07:38:08+00:00"},{"@type":"WebSite","@id":"https:\/\/hidalgo.nl\/de\/#website","url":"https:\/\/hidalgo.nl\/de\/","name":"Hidalgo","inLanguage":"de-DE","publisher":{"@id":"https:\/\/hidalgo.nl\/de\/#organization"}}]},"og:locale":"de_DE","og:site_name":"Hidalgo -","og:type":"article","og:title":"Solar Bikelight fietslampjes","og:description":"Du erh\u00e4ltst ein Set aus Vorder- und R\u00fcckleuchte mit LED, das sich per Solarenergie l\u00e4dt und wasserfest ist - ideal f\u00fcr Pendler:innen und Studierende. Bei Hidalgo l\u00e4sst du dein Logo aufbringen, damit deine Marke auf der Fahrradbeleuchtung lange sichtbar bleibt.","og:url":"https:\/\/hidalgo.nl\/de\/wp-json\/wp\/v2\/product\/130990","og:image":"https:\/\/shop.hidalgo.nl\/wp-content\/uploads\/2025\/11\/cropped-Hidalgo-est1993.png","og:image:secure_url":"https:\/\/shop.hidalgo.nl\/wp-content\/uploads\/2025\/11\/cropped-Hidalgo-est1993.png","article:published_time":"2025-07-07T20:44:42+00:00","article:modified_time":"2026-02-26T07:38:08+00:00","twitter:card":"summary_large_image","twitter:title":"Solar Bikelight fietslampjes","twitter:description":"Du erh\u00e4ltst ein Set aus Vorder- und R\u00fcckleuchte mit LED, das sich per Solarenergie l\u00e4dt und wasserfest ist - ideal f\u00fcr Pendler:innen und Studierende. Bei Hidalgo l\u00e4sst du dein Logo aufbringen, damit deine Marke auf der Fahrradbeleuchtung lange sichtbar bleibt.","twitter:image":"https:\/\/shop.hidalgo.nl\/wp-content\/uploads\/2025\/11\/cropped-Hidalgo-est1993.png"},"aioseo_meta_data":{"post_id":"130990","title":null,"description":null,"keywords":null,"keyphrases":null,"primary_term":null,"canonical_url":null,"og_title":null,"og_description":null,"og_object_type":"default","og_image_type":"default","og_image_url":null,"og_image_width":null,"og_image_height":null,"og_image_custom_url":null,"og_image_custom_fields":null,"og_video":null,"og_custom_url":null,"og_article_section":null,"og_article_tags":null,"twitter_use_og":false,"twitter_card":"default","twitter_image_type":"default","twitter_image_url":null,"twitter_image_custom_url":null,"twitter_image_custom_fields":null,"twitter_title":null,"twitter_description":null,"schema":{"blockGraphs":[],"customGraphs":[],"default":{"data":{"Article":[],"Course":[],"Dataset":[],"FAQPage":[],"Movie":[],"Person":[],"Product":[],"ProductReview":[],"Car":[],"Recipe":[],"Service":[],"SoftwareApplication":[],"WebPage":[]},"graphName":"","isEnabled":true},"graphs":[]},"schema_type":"default","schema_type_options":null,"pillar_content":false,"robots_default":true,"robots_noindex":false,"robots_noarchive":false,"robots_nosnippet":false,"robots_nofollow":false,"robots_noimageindex":false,"robots_noodp":false,"robots_notranslate":false,"robots_max_snippet":null,"robots_max_videopreview":null,"robots_max_imagepreview":"large","priority":null,"frequency":null,"local_seo":null,"seo_analyzer_scan_date":"2026-01-22 10:28:12","breadcrumb_settings":null,"limit_modified_date":false,"reviewed_by":null,"open_ai":null,"ai":null,"created":"2026-01-14 06:25:38","updated":"2026-04-23 07:15:56"},"aioseo_breadcrumb":"<div class=\"aioseo-breadcrumbs\"><span class=\"aioseo-breadcrumb\">\n\t<a href=\"https:\/\/hidalgo.nl\/de\/\" title=\"Home\">Home<\/a>\n<\/span><span class=\"aioseo-breadcrumb-separator\">\u00bb<\/span><span class=\"aioseo-breadcrumb\">\n\t<a href=\"https:\/\/hidalgo.nl\/example\/\" title=\"example\">example<\/a>\n<\/span><span class=\"aioseo-breadcrumb-separator\">\u00bb<\/span><span class=\"aioseo-breadcrumb\">\n\t<a href=\"https:\/\/hidalgo.nl\/en\/product-supplier\/a508\/\" title=\"A508\">A508<\/a>\n<\/span><span class=\"aioseo-breadcrumb-separator\">\u00bb<\/span><span class=\"aioseo-breadcrumb\">\n\tSolar Bikelight fietslampjes\n<\/span><\/div>","aioseo_breadcrumb_json":[{"label":"Home","link":"https:\/\/hidalgo.nl\/de\/"},{"label":"example","link":"https:\/\/hidalgo.nl\/example\/"},{"label":"A508","link":"https:\/\/hidalgo.nl\/en\/product-supplier\/a508\/"},{"label":"Solar Bikelight fietslampjes","link":"https:\/\/hidalgo.nl\/de\/product\/solar-bikelight-fietslampjes\/"}],"_links":{"self":[{"href":"https:\/\/hidalgo.nl\/de\/wp-json\/wp\/v2\/product\/130990","targetHints":{"allow":["GET"]}}],"collection":[{"href":"https:\/\/hidalgo.nl\/de\/wp-json\/wp\/v2\/product"}],"about":[{"href":"https:\/\/hidalgo.nl\/de\/wp-json\/wp\/v2\/types\/product"}],"wp:featuredmedia":[{"embeddable":true,"href":"https:\/\/hidalgo.nl\/de\/wp-json\/wp\/v2\/media\/580888"}],"wp:attachment":[{"href":"https:\/\/hidalgo.nl\/de\/wp-json\/wp\/v2\/media?parent=130990"}],"wp:term":[{"taxonomy":"product_brand","embeddable":true,"href":"https:\/\/hidalgo.nl\/de\/wp-json\/wp\/v2\/product_brand?post=130990"},{"taxonomy":"product_cat","embeddable":true,"href":"https:\/\/hidalgo.nl\/de\/wp-json\/wp\/v2\/product_cat?post=130990"},{"taxonomy":"product_tag","embeddable":true,"href":"https:\/\/hidalgo.nl\/de\/wp-json\/wp\/v2\/product_tag?post=130990"}],"curies":[{"name":"wp","href":"https:\/\/api.w.org\/{rel}","templated":true}]}}