{"id":130679,"date":"2025-07-07T20:38:29","date_gmt":"2025-07-07T20:38:29","guid":{"rendered":"http:\/\/bidonsenshakers.pim.hidalgo.nl\/product\/green-balls-mini-ecosysteem\/"},"modified":"2026-02-26T07:38:20","modified_gmt":"2026-02-26T07:38:20","slug":"green-balls-mini-ecosysteem","status":"publish","type":"product","link":"https:\/\/hidalgo.nl\/de\/product\/green-balls-mini-ecosysteem\/","title":{"rendered":"Green Balls mini-ecosysteem"},"content":{"rendered":"<p>Een mini-ecosysteem dat de zaden beschermt tegen vogels, mieren en slakken en ze voeding geeft terwijl ze ontkiemen en groeien.  De zaden bestaan uit een mix van: gele ganzenbloem, vergeet-mij-nietje, avondkoekoeksbloem, grote klaproos, korenbloem, valse kamille en wilde marjolein.  Ter inspiratie om inheemse wilde bloemen te kweken in tuinen, balkons en bloembakken. Meer bloemen betekent meer bijen, vlinders en andere wilde dieren die onze voedselketen en ecosysteem ondersteunen. Verpakt per 6 balletjes in een gerecycled kartonnen doosje.<\/p>\n","protected":false},"excerpt":{"rendered":"<p>Een mini-ecosysteem dat de zaden beschermt tegen vogels, mieren en slakken en ze voeding geeft terwijl ze ontkiemen en groeien. De zaden bestaan uit een mix van: gele ganzenbloem, vergeet-mij-nietje, avondkoekoeksbloem, grote klaproos, korenbloem, valse kamille en wilde marjolein. Ter inspiratie om inheemse wilde bloemen te kweken in tuinen, balkons en bloembakken. Meer bloemen betekent&hellip; <a class=\"more-link\" href=\"https:\/\/hidalgo.nl\/de\/product\/green-balls-mini-ecosysteem\/\"><span class=\"screen-reader-text\">Green Balls mini-ecosysteem<\/span> weiterlesen<\/a><\/p>\n","protected":false},"featured_media":582003,"template":"","meta":{"_acf_changed":false,"om_disable_all_campaigns":false,"_monsterinsights_skip_tracking":false,"_monsterinsights_sitenote_active":false,"_monsterinsights_sitenote_note":"","_monsterinsights_sitenote_category":0},"product_brand":[],"product_cat":[4719,4728,4729],"product_tag":[],"class_list":{"0":"post-130679","1":"product","2":"type-product","3":"status-publish","4":"has-post-thumbnail","6":"product_supplier-a508","7":"product_material-zaadjes","8":"product_cat-promotionele-artikelen","9":"product_cat-promotionele-artikelen-thuis-keuken-en-tuin","10":"product_cat-tuin","11":"entry","13":"first","14":"instock","15":"taxable","16":"shipping-taxable","17":"purchasable","18":"product-type-variable"},"acf":{"imprint_cost":[{"imprint_cost_key":"950e8aac4294ecf025032ec1435c2780a6c78925","product_quantity_price_range":[{"imprint_cost_recommended_selling_price":"1.485","imprint_cost_recommended_selling_quantity":"1"},{"imprint_cost_recommended_selling_price":"0.825","imprint_cost_recommended_selling_quantity":"25"},{"imprint_cost_recommended_selling_price":"0.525","imprint_cost_recommended_selling_quantity":"50"},{"imprint_cost_recommended_selling_price":"0.45","imprint_cost_recommended_selling_quantity":"100"},{"imprint_cost_recommended_selling_price":"0.375","imprint_cost_recommended_selling_quantity":"250"},{"imprint_cost_recommended_selling_price":"0.33","imprint_cost_recommended_selling_quantity":"500"},{"imprint_cost_recommended_selling_price":"0.285","imprint_cost_recommended_selling_quantity":"1000"},{"imprint_cost_recommended_selling_price":"0.255","imprint_cost_recommended_selling_quantity":"2500"},{"imprint_cost_recommended_selling_price":"0.225","imprint_cost_recommended_selling_quantity":"5000"}],"product_quantity_price_range_buying":[{"imprint_cost_general_buying_price":"0.99","imprint_cost_general_buying_quantity":"1"},{"imprint_cost_general_buying_price":"0.55","imprint_cost_general_buying_quantity":"25"},{"imprint_cost_general_buying_price":"0.35","imprint_cost_general_buying_quantity":"50"},{"imprint_cost_general_buying_price":"0.3","imprint_cost_general_buying_quantity":"100"},{"imprint_cost_general_buying_price":"0.25","imprint_cost_general_buying_quantity":"250"},{"imprint_cost_general_buying_price":"0.22","imprint_cost_general_buying_quantity":"500"},{"imprint_cost_general_buying_price":"0.19","imprint_cost_general_buying_quantity":"1000"},{"imprint_cost_general_buying_price":"0.17","imprint_cost_general_buying_quantity":"2500"},{"imprint_cost_general_buying_price":"0.15","imprint_cost_general_buying_quantity":"5000"}],"imprint_cost_setup_costs":"60","imprint_cost_handling_costs":"0.15"}]},"aioseo_notices":[],"aioseo_head":"\n\t\t<!-- All in One SEO Pro 4.9.6.2 - aioseo.com -->\n\t<meta name=\"description\" content=\"Mit den Green Balls bringst du ein mini-\u00f6kosystem in Garten &amp; Blumenk\u00e4sten: Kugeln mit Samen f\u00fcr heimische Wildblumen f\u00f6rdern Biodiversit\u00e4t und locken Bienen an.Perfekt f\u00fcr Events als nachhaltiges Give-away; Hidalgo druckt dein Logo auf die recycelte Verpackung.\" \/>\n\t<meta name=\"robots\" content=\"max-image-preview:large\" \/>\n\t<link rel=\"canonical\" href=\"https:\/\/hidalgo.nl\/de\/wp-json\/wp\/v2\/product\/130679\" \/>\n\t<meta name=\"generator\" content=\"All in One SEO Pro (AIOSEO) 4.9.6.2\" \/>\n\t\t<meta property=\"og:locale\" content=\"de_DE\" \/>\n\t\t<meta property=\"og:site_name\" content=\"Hidalgo -\" \/>\n\t\t<meta property=\"og:type\" content=\"article\" \/>\n\t\t<meta property=\"og:title\" content=\"Green Balls mini-ecosysteem\" \/>\n\t\t<meta property=\"og:description\" content=\"Mit den Green Balls bringst du ein mini-\u00f6kosystem in Garten &amp; Blumenk\u00e4sten: Kugeln mit Samen f\u00fcr heimische Wildblumen f\u00f6rdern Biodiversit\u00e4t und locken Bienen an.Perfekt f\u00fcr Events als nachhaltiges Give-away; Hidalgo druckt dein Logo auf die recycelte Verpackung.\" \/>\n\t\t<meta property=\"og:url\" content=\"https:\/\/hidalgo.nl\/de\/wp-json\/wp\/v2\/product\/130679\" \/>\n\t\t<meta property=\"og:image\" content=\"https:\/\/shop.hidalgo.nl\/wp-content\/uploads\/2025\/11\/cropped-Hidalgo-est1993.png\" \/>\n\t\t<meta property=\"og:image:secure_url\" content=\"https:\/\/shop.hidalgo.nl\/wp-content\/uploads\/2025\/11\/cropped-Hidalgo-est1993.png\" \/>\n\t\t<meta property=\"article:published_time\" content=\"2025-07-07T20:38:29+00:00\" \/>\n\t\t<meta property=\"article:modified_time\" content=\"2026-02-26T07:38:20+00:00\" \/>\n\t\t<meta name=\"twitter:card\" content=\"summary_large_image\" \/>\n\t\t<meta name=\"twitter:title\" content=\"Green Balls mini-ecosysteem\" \/>\n\t\t<meta name=\"twitter:description\" content=\"Mit den Green Balls bringst du ein mini-\u00f6kosystem in Garten &amp; Blumenk\u00e4sten: Kugeln mit Samen f\u00fcr heimische Wildblumen f\u00f6rdern Biodiversit\u00e4t und locken Bienen an.Perfekt f\u00fcr Events als nachhaltiges Give-away; Hidalgo druckt dein Logo auf die recycelte Verpackung.\" \/>\n\t\t<meta name=\"twitter:image\" content=\"https:\/\/shop.hidalgo.nl\/wp-content\/uploads\/2025\/11\/cropped-Hidalgo-est1993.png\" \/>\n\t\t<script type=\"application\/ld+json\" class=\"aioseo-schema\">\n\t\t\t{\"@context\":\"https:\\\/\\\/schema.org\",\"@graph\":[{\"@type\":\"BreadcrumbList\",\"@id\":\"https:\\\/\\\/hidalgo.nl\\\/de\\\/product\\\/green-balls-mini-ecosysteem\\\/#breadcrumblist\",\"itemListElement\":[{\"@type\":\"ListItem\",\"@id\":\"https:\\\/\\\/hidalgo.nl\\\/de\\\/#listItem\",\"position\":1,\"name\":\"Home\",\"item\":\"https:\\\/\\\/hidalgo.nl\\\/de\\\/\",\"nextItem\":{\"@type\":\"ListItem\",\"@id\":\"https:\\\/\\\/hidalgo.nl\\\/example\\\/#listItem\",\"name\":\"example\"}},{\"@type\":\"ListItem\",\"@id\":\"https:\\\/\\\/hidalgo.nl\\\/example\\\/#listItem\",\"position\":2,\"name\":\"example\",\"item\":\"https:\\\/\\\/hidalgo.nl\\\/example\\\/\",\"nextItem\":{\"@type\":\"ListItem\",\"@id\":\"https:\\\/\\\/hidalgo.nl\\\/en\\\/product-supplier\\\/a508\\\/#listItem\",\"name\":\"A508\"},\"previousItem\":{\"@type\":\"ListItem\",\"@id\":\"https:\\\/\\\/hidalgo.nl\\\/de\\\/#listItem\",\"name\":\"Home\"}},{\"@type\":\"ListItem\",\"@id\":\"https:\\\/\\\/hidalgo.nl\\\/en\\\/product-supplier\\\/a508\\\/#listItem\",\"position\":3,\"name\":\"A508\",\"item\":\"https:\\\/\\\/hidalgo.nl\\\/en\\\/product-supplier\\\/a508\\\/\",\"nextItem\":{\"@type\":\"ListItem\",\"@id\":\"https:\\\/\\\/hidalgo.nl\\\/de\\\/product\\\/green-balls-mini-ecosysteem\\\/#listItem\",\"name\":\"Green Balls mini-ecosysteem\"},\"previousItem\":{\"@type\":\"ListItem\",\"@id\":\"https:\\\/\\\/hidalgo.nl\\\/example\\\/#listItem\",\"name\":\"example\"}},{\"@type\":\"ListItem\",\"@id\":\"https:\\\/\\\/hidalgo.nl\\\/de\\\/product\\\/green-balls-mini-ecosysteem\\\/#listItem\",\"position\":4,\"name\":\"Green Balls mini-ecosysteem\",\"previousItem\":{\"@type\":\"ListItem\",\"@id\":\"https:\\\/\\\/hidalgo.nl\\\/en\\\/product-supplier\\\/a508\\\/#listItem\",\"name\":\"A508\"}}]},{\"@type\":\"Organization\",\"@id\":\"https:\\\/\\\/hidalgo.nl\\\/de\\\/#organization\",\"name\":\"Hidalgo\",\"url\":\"https:\\\/\\\/hidalgo.nl\\\/de\\\/\",\"logo\":{\"@type\":\"ImageObject\",\"url\":\"https:\\\/\\\/shop.hidalgo.nl\\\/wp-content\\\/uploads\\\/2025\\\/11\\\/cropped-Hidalgo-est1993.png\",\"@id\":\"https:\\\/\\\/hidalgo.nl\\\/de\\\/product\\\/green-balls-mini-ecosysteem\\\/#organizationLogo\",\"width\":585,\"height\":195},\"image\":{\"@id\":\"https:\\\/\\\/hidalgo.nl\\\/de\\\/product\\\/green-balls-mini-ecosysteem\\\/#organizationLogo\"}},{\"@type\":\"ProductGroup\",\"@id\":\"https:\\\/\\\/hidalgo.nl\\\/de\\\/product\\\/green-balls-mini-ecosysteem\\\/#wooCommerceProduct\",\"name\":\"Green Balls mini-ecosysteem\",\"url\":\"https:\\\/\\\/hidalgo.nl\\\/de\\\/product\\\/green-balls-mini-ecosysteem\\\/\",\"sku\":\"A508-W077\",\"image\":{\"@type\":\"ImageObject\",\"url\":\"https:\\\/\\\/shop.hidalgo.nl\\\/wp-content\\\/uploads\\\/2025\\\/04\\\/4e6953ed1c0caf0779936f017f53d14e9f89d257ffc623a90f0f4caeeac601bd.jpg\",\"@id\":\"https:\\\/\\\/hidalgo.nl\\\/de\\\/product\\\/green-balls-mini-ecosysteem\\\/#productImage\"},\"productGroupID\":130679,\"hasVariant\":[{\"@type\":\"Product\",\"@id\":\"https:\\\/\\\/hidalgo.nl\\\/de\\\/product\\\/green-balls-mini-ecosysteem\\\/#wooCommerceProduct\",\"name\":\"Green Balls mini-ecosysteem - bruin\",\"url\":\"https:\\\/\\\/hidalgo.nl\\\/de\\\/product\\\/green-balls-mini-ecosysteem\\\/\",\"sku\":\"A508-W07740\",\"image\":{\"@type\":\"ImageObject\",\"url\":\"https:\\\/\\\/shop.hidalgo.nl\\\/wp-content\\\/uploads\\\/2025\\\/05\\\/4e6953ed1c0caf0779936f017f53d14e9f89d257ffc623a90f0f4caeeac601bd.jpg\",\"@id\":\"https:\\\/\\\/hidalgo.nl\\\/de\\\/product\\\/green-balls-mini-ecosysteem\\\/#productImage\",\"width\":1000,\"height\":1000},\"offers\":{\"@type\":\"Offer\",\"url\":\"https:\\\/\\\/hidalgo.nl\\\/de\\\/product\\\/green-balls-mini-ecosysteem\\\/#wooCommerceOffer\",\"price\":\"2.925\",\"priceCurrency\":\"EUR\",\"category\":\"Promotionele Artikelen\",\"availability\":\"https:\\\/\\\/schema.org\\\/InStock\",\"priceSpecification\":{\"@type\":\"PriceSpecification\",\"price\":2.925,\"priceCurrency\":\"EUR\",\"valueAddedTaxIncluded\":\"true\"}}}]},{\"@type\":\"WebPage\",\"@id\":\"https:\\\/\\\/hidalgo.nl\\\/de\\\/product\\\/green-balls-mini-ecosysteem\\\/#webpage\",\"url\":\"https:\\\/\\\/hidalgo.nl\\\/de\\\/product\\\/green-balls-mini-ecosysteem\\\/\",\"name\":\"Green Balls mini-ecosysteem\",\"description\":\"Mit den Green Balls bringst du ein mini-\\u00f6kosystem in Garten & Blumenk\\u00e4sten: Kugeln mit Samen f\\u00fcr heimische Wildblumen f\\u00f6rdern Biodiversit\\u00e4t und locken Bienen an.Perfekt f\\u00fcr Events als nachhaltiges Give-away; Hidalgo druckt dein Logo auf die recycelte Verpackung.\",\"inLanguage\":\"de-DE\",\"isPartOf\":{\"@id\":\"https:\\\/\\\/hidalgo.nl\\\/de\\\/#website\"},\"breadcrumb\":{\"@id\":\"https:\\\/\\\/hidalgo.nl\\\/de\\\/product\\\/green-balls-mini-ecosysteem\\\/#breadcrumblist\"},\"image\":{\"@type\":\"ImageObject\",\"url\":\"https:\\\/\\\/shop.hidalgo.nl\\\/wp-content\\\/uploads\\\/2025\\\/04\\\/4e6953ed1c0caf0779936f017f53d14e9f89d257ffc623a90f0f4caeeac601bd.jpg\",\"@id\":\"https:\\\/\\\/hidalgo.nl\\\/de\\\/product\\\/green-balls-mini-ecosysteem\\\/#mainImage\"},\"primaryImageOfPage\":{\"@id\":\"https:\\\/\\\/hidalgo.nl\\\/de\\\/product\\\/green-balls-mini-ecosysteem\\\/#mainImage\"},\"datePublished\":\"2025-07-07T20:38:29+00:00\",\"dateModified\":\"2026-02-26T07:38:20+00:00\"},{\"@type\":\"WebSite\",\"@id\":\"https:\\\/\\\/hidalgo.nl\\\/de\\\/#website\",\"url\":\"https:\\\/\\\/hidalgo.nl\\\/de\\\/\",\"name\":\"Hidalgo\",\"inLanguage\":\"de-DE\",\"publisher\":{\"@id\":\"https:\\\/\\\/hidalgo.nl\\\/de\\\/#organization\"}}]}\n\t\t<\/script>\n\t\t<!-- All in One SEO Pro -->\r\n\t\t<title>Green Balls mini-ecosysteem<\/title>\n\n","aioseo_head_json":{"title":"Green Balls mini-ecosysteem","description":"Mit den Green Balls bringst du ein mini-\u00f6kosystem in Garten & Blumenk\u00e4sten: Kugeln mit Samen f\u00fcr heimische Wildblumen f\u00f6rdern Biodiversit\u00e4t und locken Bienen an.Perfekt f\u00fcr Events als nachhaltiges Give-away; Hidalgo druckt dein Logo auf die recycelte Verpackung.","canonical_url":"https:\/\/hidalgo.nl\/de\/wp-json\/wp\/v2\/product\/130679","robots":"max-image-preview:large","keywords":"","webmasterTools":{"miscellaneous":""},"schema":{"@context":"https:\/\/schema.org","@graph":[{"@type":"BreadcrumbList","@id":"https:\/\/hidalgo.nl\/de\/product\/green-balls-mini-ecosysteem\/#breadcrumblist","itemListElement":[{"@type":"ListItem","@id":"https:\/\/hidalgo.nl\/de\/#listItem","position":1,"name":"Home","item":"https:\/\/hidalgo.nl\/de\/","nextItem":{"@type":"ListItem","@id":"https:\/\/hidalgo.nl\/example\/#listItem","name":"example"}},{"@type":"ListItem","@id":"https:\/\/hidalgo.nl\/example\/#listItem","position":2,"name":"example","item":"https:\/\/hidalgo.nl\/example\/","nextItem":{"@type":"ListItem","@id":"https:\/\/hidalgo.nl\/en\/product-supplier\/a508\/#listItem","name":"A508"},"previousItem":{"@type":"ListItem","@id":"https:\/\/hidalgo.nl\/de\/#listItem","name":"Home"}},{"@type":"ListItem","@id":"https:\/\/hidalgo.nl\/en\/product-supplier\/a508\/#listItem","position":3,"name":"A508","item":"https:\/\/hidalgo.nl\/en\/product-supplier\/a508\/","nextItem":{"@type":"ListItem","@id":"https:\/\/hidalgo.nl\/de\/product\/green-balls-mini-ecosysteem\/#listItem","name":"Green Balls mini-ecosysteem"},"previousItem":{"@type":"ListItem","@id":"https:\/\/hidalgo.nl\/example\/#listItem","name":"example"}},{"@type":"ListItem","@id":"https:\/\/hidalgo.nl\/de\/product\/green-balls-mini-ecosysteem\/#listItem","position":4,"name":"Green Balls mini-ecosysteem","previousItem":{"@type":"ListItem","@id":"https:\/\/hidalgo.nl\/en\/product-supplier\/a508\/#listItem","name":"A508"}}]},{"@type":"Organization","@id":"https:\/\/hidalgo.nl\/de\/#organization","name":"Hidalgo","url":"https:\/\/hidalgo.nl\/de\/","logo":{"@type":"ImageObject","url":"https:\/\/shop.hidalgo.nl\/wp-content\/uploads\/2025\/11\/cropped-Hidalgo-est1993.png","@id":"https:\/\/hidalgo.nl\/de\/product\/green-balls-mini-ecosysteem\/#organizationLogo","width":585,"height":195},"image":{"@id":"https:\/\/hidalgo.nl\/de\/product\/green-balls-mini-ecosysteem\/#organizationLogo"}},{"@type":"ProductGroup","@id":"https:\/\/hidalgo.nl\/de\/product\/green-balls-mini-ecosysteem\/#wooCommerceProduct","name":"Green Balls mini-ecosysteem","url":"https:\/\/hidalgo.nl\/de\/product\/green-balls-mini-ecosysteem\/","sku":"A508-W077","image":{"@type":"ImageObject","url":"https:\/\/shop.hidalgo.nl\/wp-content\/uploads\/2025\/04\/4e6953ed1c0caf0779936f017f53d14e9f89d257ffc623a90f0f4caeeac601bd.jpg","@id":"https:\/\/hidalgo.nl\/de\/product\/green-balls-mini-ecosysteem\/#productImage"},"productGroupID":130679,"hasVariant":[{"@type":"Product","@id":"https:\/\/hidalgo.nl\/de\/product\/green-balls-mini-ecosysteem\/#wooCommerceProduct","name":"Green Balls mini-ecosysteem - bruin","url":"https:\/\/hidalgo.nl\/de\/product\/green-balls-mini-ecosysteem\/","sku":"A508-W07740","image":{"@type":"ImageObject","url":"https:\/\/shop.hidalgo.nl\/wp-content\/uploads\/2025\/05\/4e6953ed1c0caf0779936f017f53d14e9f89d257ffc623a90f0f4caeeac601bd.jpg","@id":"https:\/\/hidalgo.nl\/de\/product\/green-balls-mini-ecosysteem\/#productImage","width":1000,"height":1000},"offers":{"@type":"Offer","url":"https:\/\/hidalgo.nl\/de\/product\/green-balls-mini-ecosysteem\/#wooCommerceOffer","price":"2.925","priceCurrency":"EUR","category":"Promotionele Artikelen","availability":"https:\/\/schema.org\/InStock","priceSpecification":{"@type":"PriceSpecification","price":2.925,"priceCurrency":"EUR","valueAddedTaxIncluded":"true"}}}]},{"@type":"WebPage","@id":"https:\/\/hidalgo.nl\/de\/product\/green-balls-mini-ecosysteem\/#webpage","url":"https:\/\/hidalgo.nl\/de\/product\/green-balls-mini-ecosysteem\/","name":"Green Balls mini-ecosysteem","description":"Mit den Green Balls bringst du ein mini-\u00f6kosystem in Garten & Blumenk\u00e4sten: Kugeln mit Samen f\u00fcr heimische Wildblumen f\u00f6rdern Biodiversit\u00e4t und locken Bienen an.Perfekt f\u00fcr Events als nachhaltiges Give-away; Hidalgo druckt dein Logo auf die recycelte Verpackung.","inLanguage":"de-DE","isPartOf":{"@id":"https:\/\/hidalgo.nl\/de\/#website"},"breadcrumb":{"@id":"https:\/\/hidalgo.nl\/de\/product\/green-balls-mini-ecosysteem\/#breadcrumblist"},"image":{"@type":"ImageObject","url":"https:\/\/shop.hidalgo.nl\/wp-content\/uploads\/2025\/04\/4e6953ed1c0caf0779936f017f53d14e9f89d257ffc623a90f0f4caeeac601bd.jpg","@id":"https:\/\/hidalgo.nl\/de\/product\/green-balls-mini-ecosysteem\/#mainImage"},"primaryImageOfPage":{"@id":"https:\/\/hidalgo.nl\/de\/product\/green-balls-mini-ecosysteem\/#mainImage"},"datePublished":"2025-07-07T20:38:29+00:00","dateModified":"2026-02-26T07:38:20+00:00"},{"@type":"WebSite","@id":"https:\/\/hidalgo.nl\/de\/#website","url":"https:\/\/hidalgo.nl\/de\/","name":"Hidalgo","inLanguage":"de-DE","publisher":{"@id":"https:\/\/hidalgo.nl\/de\/#organization"}}]},"og:locale":"de_DE","og:site_name":"Hidalgo -","og:type":"article","og:title":"Green Balls mini-ecosysteem","og:description":"Mit den Green Balls bringst du ein mini-\u00f6kosystem in Garten &amp; Blumenk\u00e4sten: Kugeln mit Samen f\u00fcr heimische Wildblumen f\u00f6rdern Biodiversit\u00e4t und locken Bienen an.Perfekt f\u00fcr Events als nachhaltiges Give-away; Hidalgo druckt dein Logo auf die recycelte Verpackung.","og:url":"https:\/\/hidalgo.nl\/de\/wp-json\/wp\/v2\/product\/130679","og:image":"https:\/\/shop.hidalgo.nl\/wp-content\/uploads\/2025\/11\/cropped-Hidalgo-est1993.png","og:image:secure_url":"https:\/\/shop.hidalgo.nl\/wp-content\/uploads\/2025\/11\/cropped-Hidalgo-est1993.png","article:published_time":"2025-07-07T20:38:29+00:00","article:modified_time":"2026-02-26T07:38:20+00:00","twitter:card":"summary_large_image","twitter:title":"Green Balls mini-ecosysteem","twitter:description":"Mit den Green Balls bringst du ein mini-\u00f6kosystem in Garten &amp; Blumenk\u00e4sten: Kugeln mit Samen f\u00fcr heimische Wildblumen f\u00f6rdern Biodiversit\u00e4t und locken Bienen an.Perfekt f\u00fcr Events als nachhaltiges Give-away; Hidalgo druckt dein Logo auf die recycelte Verpackung.","twitter:image":"https:\/\/shop.hidalgo.nl\/wp-content\/uploads\/2025\/11\/cropped-Hidalgo-est1993.png"},"aioseo_meta_data":{"post_id":"130679","title":null,"description":null,"keywords":null,"keyphrases":null,"primary_term":null,"canonical_url":null,"og_title":null,"og_description":null,"og_object_type":"default","og_image_type":"default","og_image_url":null,"og_image_width":null,"og_image_height":null,"og_image_custom_url":null,"og_image_custom_fields":null,"og_video":null,"og_custom_url":null,"og_article_section":null,"og_article_tags":null,"twitter_use_og":false,"twitter_card":"default","twitter_image_type":"default","twitter_image_url":null,"twitter_image_custom_url":null,"twitter_image_custom_fields":null,"twitter_title":null,"twitter_description":null,"schema":{"blockGraphs":[],"customGraphs":[],"default":{"data":{"Article":[],"Course":[],"Dataset":[],"FAQPage":[],"Movie":[],"Person":[],"Product":[],"ProductReview":[],"Car":[],"Recipe":[],"Service":[],"SoftwareApplication":[],"WebPage":[]},"graphName":"","isEnabled":true},"graphs":[]},"schema_type":"default","schema_type_options":null,"pillar_content":false,"robots_default":true,"robots_noindex":false,"robots_noarchive":false,"robots_nosnippet":false,"robots_nofollow":false,"robots_noimageindex":false,"robots_noodp":false,"robots_notranslate":false,"robots_max_snippet":null,"robots_max_videopreview":null,"robots_max_imagepreview":"large","priority":null,"frequency":null,"local_seo":null,"seo_analyzer_scan_date":"2026-01-22 10:27:11","breadcrumb_settings":null,"limit_modified_date":false,"reviewed_by":null,"open_ai":null,"ai":null,"created":"2026-01-14 06:25:38","updated":"2026-04-23 07:14:12"},"aioseo_breadcrumb":"<div class=\"aioseo-breadcrumbs\"><span class=\"aioseo-breadcrumb\">\n\t<a href=\"https:\/\/hidalgo.nl\/de\/\" title=\"Home\">Home<\/a>\n<\/span><span class=\"aioseo-breadcrumb-separator\">\u00bb<\/span><span class=\"aioseo-breadcrumb\">\n\t<a href=\"https:\/\/hidalgo.nl\/example\/\" title=\"example\">example<\/a>\n<\/span><span class=\"aioseo-breadcrumb-separator\">\u00bb<\/span><span class=\"aioseo-breadcrumb\">\n\t<a href=\"https:\/\/hidalgo.nl\/en\/product-supplier\/a508\/\" title=\"A508\">A508<\/a>\n<\/span><span class=\"aioseo-breadcrumb-separator\">\u00bb<\/span><span class=\"aioseo-breadcrumb\">\n\tGreen Balls mini-ecosysteem\n<\/span><\/div>","aioseo_breadcrumb_json":[{"label":"Home","link":"https:\/\/hidalgo.nl\/de\/"},{"label":"example","link":"https:\/\/hidalgo.nl\/example\/"},{"label":"A508","link":"https:\/\/hidalgo.nl\/en\/product-supplier\/a508\/"},{"label":"Green Balls mini-ecosysteem","link":"https:\/\/hidalgo.nl\/de\/product\/green-balls-mini-ecosysteem\/"}],"_links":{"self":[{"href":"https:\/\/hidalgo.nl\/de\/wp-json\/wp\/v2\/product\/130679","targetHints":{"allow":["GET"]}}],"collection":[{"href":"https:\/\/hidalgo.nl\/de\/wp-json\/wp\/v2\/product"}],"about":[{"href":"https:\/\/hidalgo.nl\/de\/wp-json\/wp\/v2\/types\/product"}],"wp:featuredmedia":[{"embeddable":true,"href":"https:\/\/hidalgo.nl\/de\/wp-json\/wp\/v2\/media\/582003"}],"wp:attachment":[{"href":"https:\/\/hidalgo.nl\/de\/wp-json\/wp\/v2\/media?parent=130679"}],"wp:term":[{"taxonomy":"product_brand","embeddable":true,"href":"https:\/\/hidalgo.nl\/de\/wp-json\/wp\/v2\/product_brand?post=130679"},{"taxonomy":"product_cat","embeddable":true,"href":"https:\/\/hidalgo.nl\/de\/wp-json\/wp\/v2\/product_cat?post=130679"},{"taxonomy":"product_tag","embeddable":true,"href":"https:\/\/hidalgo.nl\/de\/wp-json\/wp\/v2\/product_tag?post=130679"}],"curies":[{"name":"wp","href":"https:\/\/api.w.org\/{rel}","templated":true}]}}