{"id":130535,"date":"2025-07-07T20:34:22","date_gmt":"2025-07-07T20:34:22","guid":{"rendered":"http:\/\/bidonsenshakers.pim.hidalgo.nl\/product\/natural-bottle-500-ml-drinkfles\/"},"modified":"2026-02-26T07:38:28","modified_gmt":"2026-02-26T07:38:28","slug":"natural-bottle-500-ml-drinkfles","status":"publish","type":"product","link":"https:\/\/hidalgo.nl\/de\/product\/natural-bottle-500-ml-drinkfles\/","title":{"rendered":"Natural Bottle 500 ml drinkfles"},"content":{"rendered":"<p>Herbruikbare waterfles gemaakt van suikerriet afval. De fles heeft een bamboe schroefdop. Lekvrij. Niet vaatwasserbestendig. Beide planten, zowel de suikerrietplant als bamboe plant, halen C02 uit de lucht tijdens hun groei. De fles is een goed alternatief voor de plastic fles. Inhoud 500 ml. Made in Europe. Per stuk in kraft doos.<\/p>\n","protected":false},"excerpt":{"rendered":"<p>Herbruikbare waterfles gemaakt van suikerriet afval. De fles heeft een bamboe schroefdop. Lekvrij. Niet vaatwasserbestendig. Beide planten, zowel de suikerrietplant als bamboe plant, halen C02 uit de lucht tijdens hun groei. De fles is een goed alternatief voor de plastic fles. Inhoud 500 ml. Made in Europe. Per stuk in kraft doos.<\/p>\n","protected":false},"featured_media":584477,"template":"","meta":{"_acf_changed":false,"om_disable_all_campaigns":false,"_monsterinsights_skip_tracking":false,"_monsterinsights_sitenote_active":false,"_monsterinsights_sitenote_note":"","_monsterinsights_sitenote_category":0},"product_brand":[],"product_cat":[4732,4733,5075,4844],"product_tag":[],"class_list":{"0":"post-130535","1":"product","2":"type-product","3":"status-publish","4":"has-post-thumbnail","6":"product_supplier-a508","7":"product_material-biobased-hdpebamboe","8":"product_cat-bidons-drinkflessen","9":"product_cat-bidons-drinkflessen-drinkflessen","10":"product_cat-eco-flessen","11":"product_cat-bidons-drinkflessen-drinkflessen-waterflessen","12":"entry","14":"first","15":"instock","16":"taxable","17":"shipping-taxable","18":"purchasable","19":"product-type-variable"},"acf":{"imprint_cost":[{"imprint_cost_key":"3fb093961eb02ea369f4113ecd605ecf0baac160","product_quantity_price_range":[{"imprint_cost_recommended_selling_price":"4.185","imprint_cost_recommended_selling_quantity":"1"},{"imprint_cost_recommended_selling_price":"3.78","imprint_cost_recommended_selling_quantity":"25"},{"imprint_cost_recommended_selling_price":"3.06","imprint_cost_recommended_selling_quantity":"50"},{"imprint_cost_recommended_selling_price":"2.76","imprint_cost_recommended_selling_quantity":"100"},{"imprint_cost_recommended_selling_price":"2.46","imprint_cost_recommended_selling_quantity":"250"},{"imprint_cost_recommended_selling_price":"2.31","imprint_cost_recommended_selling_quantity":"500"},{"imprint_cost_recommended_selling_price":"2.235","imprint_cost_recommended_selling_quantity":"1000"},{"imprint_cost_recommended_selling_price":"2.16","imprint_cost_recommended_selling_quantity":"2500"},{"imprint_cost_recommended_selling_price":"1.98","imprint_cost_recommended_selling_quantity":"5000"}],"product_quantity_price_range_buying":[{"imprint_cost_general_buying_price":"2.79","imprint_cost_general_buying_quantity":"1"},{"imprint_cost_general_buying_price":"2.52","imprint_cost_general_buying_quantity":"25"},{"imprint_cost_general_buying_price":"2.04","imprint_cost_general_buying_quantity":"50"},{"imprint_cost_general_buying_price":"1.84","imprint_cost_general_buying_quantity":"100"},{"imprint_cost_general_buying_price":"1.64","imprint_cost_general_buying_quantity":"250"},{"imprint_cost_general_buying_price":"1.54","imprint_cost_general_buying_quantity":"500"},{"imprint_cost_general_buying_price":"1.49","imprint_cost_general_buying_quantity":"1000"},{"imprint_cost_general_buying_price":"1.44","imprint_cost_general_buying_quantity":"2500"},{"imprint_cost_general_buying_price":"1.32","imprint_cost_general_buying_quantity":"5000"}],"imprint_cost_setup_costs":"45","imprint_cost_handling_costs":"0.24"},{"imprint_cost_key":"c6d8da8b5884360716ca4fe3910afa6e7ebe5c3b","product_quantity_price_range":[{"imprint_cost_recommended_selling_price":"1.935","imprint_cost_recommended_selling_quantity":"1"},{"imprint_cost_recommended_selling_price":"1.275","imprint_cost_recommended_selling_quantity":"25"},{"imprint_cost_recommended_selling_price":"0.825","imprint_cost_recommended_selling_quantity":"50"},{"imprint_cost_recommended_selling_price":"0.48","imprint_cost_recommended_selling_quantity":"100"},{"imprint_cost_recommended_selling_price":"0.36","imprint_cost_recommended_selling_quantity":"250"},{"imprint_cost_recommended_selling_price":"0.3","imprint_cost_recommended_selling_quantity":"500"},{"imprint_cost_recommended_selling_price":"0.285","imprint_cost_recommended_selling_quantity":"1000"},{"imprint_cost_recommended_selling_price":"0.24","imprint_cost_recommended_selling_quantity":"2500"},{"imprint_cost_recommended_selling_price":"0.225","imprint_cost_recommended_selling_quantity":"5000"}],"product_quantity_price_range_buying":[{"imprint_cost_general_buying_price":"1.29","imprint_cost_general_buying_quantity":"1"},{"imprint_cost_general_buying_price":"0.85","imprint_cost_general_buying_quantity":"25"},{"imprint_cost_general_buying_price":"0.55","imprint_cost_general_buying_quantity":"50"},{"imprint_cost_general_buying_price":"0.32","imprint_cost_general_buying_quantity":"100"},{"imprint_cost_general_buying_price":"0.24","imprint_cost_general_buying_quantity":"250"},{"imprint_cost_general_buying_price":"0.2","imprint_cost_general_buying_quantity":"500"},{"imprint_cost_general_buying_price":"0.19","imprint_cost_general_buying_quantity":"1000"},{"imprint_cost_general_buying_price":"0.16","imprint_cost_general_buying_quantity":"2500"},{"imprint_cost_general_buying_price":"0.15","imprint_cost_general_buying_quantity":"5000"}],"imprint_cost_setup_costs":"45","imprint_cost_handling_costs":"0.15"}]},"aioseo_notices":[],"aioseo_head":"\n\t\t<!-- All in One SEO Pro 4.9.6.2 - aioseo.com -->\n\t<meta name=\"description\" content=\"Praktisch im Alltag: Diese Zuckerrohrflasche mit 500 ml ist leicht, aus Europa und dank Bambusdeckel auslaufsicher - perfekt f\u00fcr unterwegs. Bei Hidalgo l\u00e4sst du dein Logo aufdrucken - ideal f\u00fcr Events und als t\u00e4glicher Begleiter f\u00fcr die Zielgruppe 20-40.\" \/>\n\t<meta name=\"robots\" content=\"max-image-preview:large\" \/>\n\t<link rel=\"canonical\" href=\"https:\/\/hidalgo.nl\/de\/wp-json\/wp\/v2\/product\/130535\" \/>\n\t<meta name=\"generator\" content=\"All in One SEO Pro (AIOSEO) 4.9.6.2\" \/>\n\t\t<meta property=\"og:locale\" content=\"de_DE\" \/>\n\t\t<meta property=\"og:site_name\" content=\"Hidalgo -\" \/>\n\t\t<meta property=\"og:type\" content=\"article\" \/>\n\t\t<meta property=\"og:title\" content=\"Natural Bottle 500 ml drinkfles\" \/>\n\t\t<meta property=\"og:description\" content=\"Praktisch im Alltag: Diese Zuckerrohrflasche mit 500 ml ist leicht, aus Europa und dank Bambusdeckel auslaufsicher - perfekt f\u00fcr unterwegs. Bei Hidalgo l\u00e4sst du dein Logo aufdrucken - ideal f\u00fcr Events und als t\u00e4glicher Begleiter f\u00fcr die Zielgruppe 20-40.\" \/>\n\t\t<meta property=\"og:url\" content=\"https:\/\/hidalgo.nl\/de\/wp-json\/wp\/v2\/product\/130535\" \/>\n\t\t<meta property=\"og:image\" content=\"https:\/\/shop.hidalgo.nl\/wp-content\/uploads\/2025\/11\/cropped-Hidalgo-est1993.png\" \/>\n\t\t<meta property=\"og:image:secure_url\" content=\"https:\/\/shop.hidalgo.nl\/wp-content\/uploads\/2025\/11\/cropped-Hidalgo-est1993.png\" \/>\n\t\t<meta property=\"article:published_time\" content=\"2025-07-07T20:34:22+00:00\" \/>\n\t\t<meta property=\"article:modified_time\" content=\"2026-02-26T07:38:28+00:00\" \/>\n\t\t<meta name=\"twitter:card\" content=\"summary_large_image\" \/>\n\t\t<meta name=\"twitter:title\" content=\"Natural Bottle 500 ml drinkfles\" \/>\n\t\t<meta name=\"twitter:description\" content=\"Praktisch im Alltag: Diese Zuckerrohrflasche mit 500 ml ist leicht, aus Europa und dank Bambusdeckel auslaufsicher - perfekt f\u00fcr unterwegs. Bei Hidalgo l\u00e4sst du dein Logo aufdrucken - ideal f\u00fcr Events und als t\u00e4glicher Begleiter f\u00fcr die Zielgruppe 20-40.\" \/>\n\t\t<meta name=\"twitter:image\" content=\"https:\/\/shop.hidalgo.nl\/wp-content\/uploads\/2025\/11\/cropped-Hidalgo-est1993.png\" \/>\n\t\t<script type=\"application\/ld+json\" class=\"aioseo-schema\">\n\t\t\t{\"@context\":\"https:\\\/\\\/schema.org\",\"@graph\":[{\"@type\":\"BreadcrumbList\",\"@id\":\"https:\\\/\\\/hidalgo.nl\\\/de\\\/product\\\/natural-bottle-500-ml-drinkfles\\\/#breadcrumblist\",\"itemListElement\":[{\"@type\":\"ListItem\",\"@id\":\"https:\\\/\\\/hidalgo.nl\\\/de\\\/#listItem\",\"position\":1,\"name\":\"Home\",\"item\":\"https:\\\/\\\/hidalgo.nl\\\/de\\\/\",\"nextItem\":{\"@type\":\"ListItem\",\"@id\":\"https:\\\/\\\/hidalgo.nl\\\/example\\\/#listItem\",\"name\":\"example\"}},{\"@type\":\"ListItem\",\"@id\":\"https:\\\/\\\/hidalgo.nl\\\/example\\\/#listItem\",\"position\":2,\"name\":\"example\",\"item\":\"https:\\\/\\\/hidalgo.nl\\\/example\\\/\",\"nextItem\":{\"@type\":\"ListItem\",\"@id\":\"https:\\\/\\\/hidalgo.nl\\\/en\\\/product-supplier\\\/a508\\\/#listItem\",\"name\":\"A508\"},\"previousItem\":{\"@type\":\"ListItem\",\"@id\":\"https:\\\/\\\/hidalgo.nl\\\/de\\\/#listItem\",\"name\":\"Home\"}},{\"@type\":\"ListItem\",\"@id\":\"https:\\\/\\\/hidalgo.nl\\\/en\\\/product-supplier\\\/a508\\\/#listItem\",\"position\":3,\"name\":\"A508\",\"item\":\"https:\\\/\\\/hidalgo.nl\\\/en\\\/product-supplier\\\/a508\\\/\",\"nextItem\":{\"@type\":\"ListItem\",\"@id\":\"https:\\\/\\\/hidalgo.nl\\\/de\\\/product\\\/natural-bottle-500-ml-drinkfles\\\/#listItem\",\"name\":\"Natural Bottle 500 ml drinkfles\"},\"previousItem\":{\"@type\":\"ListItem\",\"@id\":\"https:\\\/\\\/hidalgo.nl\\\/example\\\/#listItem\",\"name\":\"example\"}},{\"@type\":\"ListItem\",\"@id\":\"https:\\\/\\\/hidalgo.nl\\\/de\\\/product\\\/natural-bottle-500-ml-drinkfles\\\/#listItem\",\"position\":4,\"name\":\"Natural Bottle 500 ml drinkfles\",\"previousItem\":{\"@type\":\"ListItem\",\"@id\":\"https:\\\/\\\/hidalgo.nl\\\/en\\\/product-supplier\\\/a508\\\/#listItem\",\"name\":\"A508\"}}]},{\"@type\":\"Organization\",\"@id\":\"https:\\\/\\\/hidalgo.nl\\\/de\\\/#organization\",\"name\":\"Hidalgo\",\"url\":\"https:\\\/\\\/hidalgo.nl\\\/de\\\/\",\"logo\":{\"@type\":\"ImageObject\",\"url\":\"https:\\\/\\\/shop.hidalgo.nl\\\/wp-content\\\/uploads\\\/2025\\\/11\\\/cropped-Hidalgo-est1993.png\",\"@id\":\"https:\\\/\\\/hidalgo.nl\\\/de\\\/product\\\/natural-bottle-500-ml-drinkfles\\\/#organizationLogo\",\"width\":585,\"height\":195},\"image\":{\"@id\":\"https:\\\/\\\/hidalgo.nl\\\/de\\\/product\\\/natural-bottle-500-ml-drinkfles\\\/#organizationLogo\"}},{\"@type\":\"ProductGroup\",\"@id\":\"https:\\\/\\\/hidalgo.nl\\\/de\\\/product\\\/natural-bottle-500-ml-drinkfles\\\/#wooCommerceProduct\",\"name\":\"Natural Bottle 500 ml drinkfles\",\"url\":\"https:\\\/\\\/hidalgo.nl\\\/de\\\/product\\\/natural-bottle-500-ml-drinkfles\\\/\",\"sku\":\"A508-W051\",\"image\":{\"@type\":\"ImageObject\",\"url\":\"https:\\\/\\\/shop.hidalgo.nl\\\/wp-content\\\/uploads\\\/2025\\\/04\\\/4ceb8063d15adff9a85e6b801a2a4808dd37385de142cd6e47a0791af92f698a.jpg\",\"@id\":\"https:\\\/\\\/hidalgo.nl\\\/de\\\/product\\\/natural-bottle-500-ml-drinkfles\\\/#productImage\"},\"productGroupID\":130535,\"hasVariant\":[{\"@type\":\"Product\",\"@id\":\"https:\\\/\\\/hidalgo.nl\\\/de\\\/product\\\/natural-bottle-500-ml-drinkfles\\\/#wooCommerceProduct\",\"name\":\"Natural Bottle 500 ml drinkfles - frosted-white\",\"url\":\"https:\\\/\\\/hidalgo.nl\\\/de\\\/product\\\/natural-bottle-500-ml-drinkfles\\\/\",\"sku\":\"A508-W05110\",\"image\":{\"@type\":\"ImageObject\",\"url\":\"https:\\\/\\\/shop.hidalgo.nl\\\/wp-content\\\/uploads\\\/2025\\\/05\\\/4ceb8063d15adff9a85e6b801a2a4808dd37385de142cd6e47a0791af92f698a.jpg\",\"@id\":\"https:\\\/\\\/hidalgo.nl\\\/de\\\/product\\\/natural-bottle-500-ml-drinkfles\\\/#productImage\",\"width\":1000,\"height\":1000},\"offers\":{\"@type\":\"Offer\",\"url\":\"https:\\\/\\\/hidalgo.nl\\\/de\\\/product\\\/natural-bottle-500-ml-drinkfles\\\/#wooCommerceOffer\",\"price\":\"4.425\",\"priceCurrency\":\"EUR\",\"category\":\"Eco Flessen\",\"availability\":\"https:\\\/\\\/schema.org\\\/InStock\",\"priceSpecification\":{\"@type\":\"PriceSpecification\",\"price\":4.425,\"priceCurrency\":\"EUR\",\"valueAddedTaxIncluded\":\"true\"}}}]},{\"@type\":\"WebPage\",\"@id\":\"https:\\\/\\\/hidalgo.nl\\\/de\\\/product\\\/natural-bottle-500-ml-drinkfles\\\/#webpage\",\"url\":\"https:\\\/\\\/hidalgo.nl\\\/de\\\/product\\\/natural-bottle-500-ml-drinkfles\\\/\",\"name\":\"Natural Bottle 500 ml drinkfles\",\"description\":\"Praktisch im Alltag: Diese Zuckerrohrflasche mit 500 ml ist leicht, aus Europa und dank Bambusdeckel auslaufsicher - perfekt f\\u00fcr unterwegs. Bei Hidalgo l\\u00e4sst du dein Logo aufdrucken - ideal f\\u00fcr Events und als t\\u00e4glicher Begleiter f\\u00fcr die Zielgruppe 20-40.\",\"inLanguage\":\"de-DE\",\"isPartOf\":{\"@id\":\"https:\\\/\\\/hidalgo.nl\\\/de\\\/#website\"},\"breadcrumb\":{\"@id\":\"https:\\\/\\\/hidalgo.nl\\\/de\\\/product\\\/natural-bottle-500-ml-drinkfles\\\/#breadcrumblist\"},\"image\":{\"@type\":\"ImageObject\",\"url\":\"https:\\\/\\\/shop.hidalgo.nl\\\/wp-content\\\/uploads\\\/2025\\\/04\\\/4ceb8063d15adff9a85e6b801a2a4808dd37385de142cd6e47a0791af92f698a.jpg\",\"@id\":\"https:\\\/\\\/hidalgo.nl\\\/de\\\/product\\\/natural-bottle-500-ml-drinkfles\\\/#mainImage\"},\"primaryImageOfPage\":{\"@id\":\"https:\\\/\\\/hidalgo.nl\\\/de\\\/product\\\/natural-bottle-500-ml-drinkfles\\\/#mainImage\"},\"datePublished\":\"2025-07-07T20:34:22+00:00\",\"dateModified\":\"2026-02-26T07:38:28+00:00\"},{\"@type\":\"WebSite\",\"@id\":\"https:\\\/\\\/hidalgo.nl\\\/de\\\/#website\",\"url\":\"https:\\\/\\\/hidalgo.nl\\\/de\\\/\",\"name\":\"Hidalgo\",\"inLanguage\":\"de-DE\",\"publisher\":{\"@id\":\"https:\\\/\\\/hidalgo.nl\\\/de\\\/#organization\"}}]}\n\t\t<\/script>\n\t\t<!-- All in One SEO Pro -->\r\n\t\t<title>Natural Bottle 500 ml drinkfles<\/title>\n\n","aioseo_head_json":{"title":"Natural Bottle 500 ml drinkfles","description":"Praktisch im Alltag: Diese Zuckerrohrflasche mit 500 ml ist leicht, aus Europa und dank Bambusdeckel auslaufsicher - perfekt f\u00fcr unterwegs. Bei Hidalgo l\u00e4sst du dein Logo aufdrucken - ideal f\u00fcr Events und als t\u00e4glicher Begleiter f\u00fcr die Zielgruppe 20-40.","canonical_url":"https:\/\/hidalgo.nl\/de\/wp-json\/wp\/v2\/product\/130535","robots":"max-image-preview:large","keywords":"","webmasterTools":{"miscellaneous":""},"schema":{"@context":"https:\/\/schema.org","@graph":[{"@type":"BreadcrumbList","@id":"https:\/\/hidalgo.nl\/de\/product\/natural-bottle-500-ml-drinkfles\/#breadcrumblist","itemListElement":[{"@type":"ListItem","@id":"https:\/\/hidalgo.nl\/de\/#listItem","position":1,"name":"Home","item":"https:\/\/hidalgo.nl\/de\/","nextItem":{"@type":"ListItem","@id":"https:\/\/hidalgo.nl\/example\/#listItem","name":"example"}},{"@type":"ListItem","@id":"https:\/\/hidalgo.nl\/example\/#listItem","position":2,"name":"example","item":"https:\/\/hidalgo.nl\/example\/","nextItem":{"@type":"ListItem","@id":"https:\/\/hidalgo.nl\/en\/product-supplier\/a508\/#listItem","name":"A508"},"previousItem":{"@type":"ListItem","@id":"https:\/\/hidalgo.nl\/de\/#listItem","name":"Home"}},{"@type":"ListItem","@id":"https:\/\/hidalgo.nl\/en\/product-supplier\/a508\/#listItem","position":3,"name":"A508","item":"https:\/\/hidalgo.nl\/en\/product-supplier\/a508\/","nextItem":{"@type":"ListItem","@id":"https:\/\/hidalgo.nl\/de\/product\/natural-bottle-500-ml-drinkfles\/#listItem","name":"Natural Bottle 500 ml drinkfles"},"previousItem":{"@type":"ListItem","@id":"https:\/\/hidalgo.nl\/example\/#listItem","name":"example"}},{"@type":"ListItem","@id":"https:\/\/hidalgo.nl\/de\/product\/natural-bottle-500-ml-drinkfles\/#listItem","position":4,"name":"Natural Bottle 500 ml drinkfles","previousItem":{"@type":"ListItem","@id":"https:\/\/hidalgo.nl\/en\/product-supplier\/a508\/#listItem","name":"A508"}}]},{"@type":"Organization","@id":"https:\/\/hidalgo.nl\/de\/#organization","name":"Hidalgo","url":"https:\/\/hidalgo.nl\/de\/","logo":{"@type":"ImageObject","url":"https:\/\/shop.hidalgo.nl\/wp-content\/uploads\/2025\/11\/cropped-Hidalgo-est1993.png","@id":"https:\/\/hidalgo.nl\/de\/product\/natural-bottle-500-ml-drinkfles\/#organizationLogo","width":585,"height":195},"image":{"@id":"https:\/\/hidalgo.nl\/de\/product\/natural-bottle-500-ml-drinkfles\/#organizationLogo"}},{"@type":"ProductGroup","@id":"https:\/\/hidalgo.nl\/de\/product\/natural-bottle-500-ml-drinkfles\/#wooCommerceProduct","name":"Natural Bottle 500 ml drinkfles","url":"https:\/\/hidalgo.nl\/de\/product\/natural-bottle-500-ml-drinkfles\/","sku":"A508-W051","image":{"@type":"ImageObject","url":"https:\/\/shop.hidalgo.nl\/wp-content\/uploads\/2025\/04\/4ceb8063d15adff9a85e6b801a2a4808dd37385de142cd6e47a0791af92f698a.jpg","@id":"https:\/\/hidalgo.nl\/de\/product\/natural-bottle-500-ml-drinkfles\/#productImage"},"productGroupID":130535,"hasVariant":[{"@type":"Product","@id":"https:\/\/hidalgo.nl\/de\/product\/natural-bottle-500-ml-drinkfles\/#wooCommerceProduct","name":"Natural Bottle 500 ml drinkfles - frosted-white","url":"https:\/\/hidalgo.nl\/de\/product\/natural-bottle-500-ml-drinkfles\/","sku":"A508-W05110","image":{"@type":"ImageObject","url":"https:\/\/shop.hidalgo.nl\/wp-content\/uploads\/2025\/05\/4ceb8063d15adff9a85e6b801a2a4808dd37385de142cd6e47a0791af92f698a.jpg","@id":"https:\/\/hidalgo.nl\/de\/product\/natural-bottle-500-ml-drinkfles\/#productImage","width":1000,"height":1000},"offers":{"@type":"Offer","url":"https:\/\/hidalgo.nl\/de\/product\/natural-bottle-500-ml-drinkfles\/#wooCommerceOffer","price":"4.425","priceCurrency":"EUR","category":"Eco Flessen","availability":"https:\/\/schema.org\/InStock","priceSpecification":{"@type":"PriceSpecification","price":4.425,"priceCurrency":"EUR","valueAddedTaxIncluded":"true"}}}]},{"@type":"WebPage","@id":"https:\/\/hidalgo.nl\/de\/product\/natural-bottle-500-ml-drinkfles\/#webpage","url":"https:\/\/hidalgo.nl\/de\/product\/natural-bottle-500-ml-drinkfles\/","name":"Natural Bottle 500 ml drinkfles","description":"Praktisch im Alltag: Diese Zuckerrohrflasche mit 500 ml ist leicht, aus Europa und dank Bambusdeckel auslaufsicher - perfekt f\u00fcr unterwegs. Bei Hidalgo l\u00e4sst du dein Logo aufdrucken - ideal f\u00fcr Events und als t\u00e4glicher Begleiter f\u00fcr die Zielgruppe 20-40.","inLanguage":"de-DE","isPartOf":{"@id":"https:\/\/hidalgo.nl\/de\/#website"},"breadcrumb":{"@id":"https:\/\/hidalgo.nl\/de\/product\/natural-bottle-500-ml-drinkfles\/#breadcrumblist"},"image":{"@type":"ImageObject","url":"https:\/\/shop.hidalgo.nl\/wp-content\/uploads\/2025\/04\/4ceb8063d15adff9a85e6b801a2a4808dd37385de142cd6e47a0791af92f698a.jpg","@id":"https:\/\/hidalgo.nl\/de\/product\/natural-bottle-500-ml-drinkfles\/#mainImage"},"primaryImageOfPage":{"@id":"https:\/\/hidalgo.nl\/de\/product\/natural-bottle-500-ml-drinkfles\/#mainImage"},"datePublished":"2025-07-07T20:34:22+00:00","dateModified":"2026-02-26T07:38:28+00:00"},{"@type":"WebSite","@id":"https:\/\/hidalgo.nl\/de\/#website","url":"https:\/\/hidalgo.nl\/de\/","name":"Hidalgo","inLanguage":"de-DE","publisher":{"@id":"https:\/\/hidalgo.nl\/de\/#organization"}}]},"og:locale":"de_DE","og:site_name":"Hidalgo -","og:type":"article","og:title":"Natural Bottle 500 ml drinkfles","og:description":"Praktisch im Alltag: Diese Zuckerrohrflasche mit 500 ml ist leicht, aus Europa und dank Bambusdeckel auslaufsicher - perfekt f\u00fcr unterwegs. Bei Hidalgo l\u00e4sst du dein Logo aufdrucken - ideal f\u00fcr Events und als t\u00e4glicher Begleiter f\u00fcr die Zielgruppe 20-40.","og:url":"https:\/\/hidalgo.nl\/de\/wp-json\/wp\/v2\/product\/130535","og:image":"https:\/\/shop.hidalgo.nl\/wp-content\/uploads\/2025\/11\/cropped-Hidalgo-est1993.png","og:image:secure_url":"https:\/\/shop.hidalgo.nl\/wp-content\/uploads\/2025\/11\/cropped-Hidalgo-est1993.png","article:published_time":"2025-07-07T20:34:22+00:00","article:modified_time":"2026-02-26T07:38:28+00:00","twitter:card":"summary_large_image","twitter:title":"Natural Bottle 500 ml drinkfles","twitter:description":"Praktisch im Alltag: Diese Zuckerrohrflasche mit 500 ml ist leicht, aus Europa und dank Bambusdeckel auslaufsicher - perfekt f\u00fcr unterwegs. Bei Hidalgo l\u00e4sst du dein Logo aufdrucken - ideal f\u00fcr Events und als t\u00e4glicher Begleiter f\u00fcr die Zielgruppe 20-40.","twitter:image":"https:\/\/shop.hidalgo.nl\/wp-content\/uploads\/2025\/11\/cropped-Hidalgo-est1993.png"},"aioseo_meta_data":{"post_id":"130535","title":null,"description":null,"keywords":null,"keyphrases":null,"primary_term":null,"canonical_url":null,"og_title":null,"og_description":null,"og_object_type":"default","og_image_type":"default","og_image_url":null,"og_image_width":null,"og_image_height":null,"og_image_custom_url":null,"og_image_custom_fields":null,"og_video":null,"og_custom_url":null,"og_article_section":null,"og_article_tags":null,"twitter_use_og":false,"twitter_card":"default","twitter_image_type":"default","twitter_image_url":null,"twitter_image_custom_url":null,"twitter_image_custom_fields":null,"twitter_title":null,"twitter_description":null,"schema":{"blockGraphs":[],"customGraphs":[],"default":{"data":{"Article":[],"Course":[],"Dataset":[],"FAQPage":[],"Movie":[],"Person":[],"Product":[],"ProductReview":[],"Car":[],"Recipe":[],"Service":[],"SoftwareApplication":[],"WebPage":[]},"graphName":"","isEnabled":true},"graphs":[]},"schema_type":"default","schema_type_options":null,"pillar_content":false,"robots_default":true,"robots_noindex":false,"robots_noarchive":false,"robots_nosnippet":false,"robots_nofollow":false,"robots_noimageindex":false,"robots_noodp":false,"robots_notranslate":false,"robots_max_snippet":null,"robots_max_videopreview":null,"robots_max_imagepreview":"large","priority":null,"frequency":null,"local_seo":null,"seo_analyzer_scan_date":"2026-02-05 15:34:24","breadcrumb_settings":null,"limit_modified_date":false,"reviewed_by":null,"open_ai":null,"ai":null,"created":"2026-01-14 06:25:38","updated":"2026-04-23 07:14:12"},"aioseo_breadcrumb":"<div class=\"aioseo-breadcrumbs\"><span class=\"aioseo-breadcrumb\">\n\t<a href=\"https:\/\/hidalgo.nl\/de\/\" title=\"Home\">Home<\/a>\n<\/span><span class=\"aioseo-breadcrumb-separator\">\u00bb<\/span><span class=\"aioseo-breadcrumb\">\n\t<a href=\"https:\/\/hidalgo.nl\/example\/\" title=\"example\">example<\/a>\n<\/span><span class=\"aioseo-breadcrumb-separator\">\u00bb<\/span><span class=\"aioseo-breadcrumb\">\n\t<a href=\"https:\/\/hidalgo.nl\/en\/product-supplier\/a508\/\" title=\"A508\">A508<\/a>\n<\/span><span class=\"aioseo-breadcrumb-separator\">\u00bb<\/span><span class=\"aioseo-breadcrumb\">\n\tNatural Bottle 500 ml drinkfles\n<\/span><\/div>","aioseo_breadcrumb_json":[{"label":"Home","link":"https:\/\/hidalgo.nl\/de\/"},{"label":"example","link":"https:\/\/hidalgo.nl\/example\/"},{"label":"A508","link":"https:\/\/hidalgo.nl\/en\/product-supplier\/a508\/"},{"label":"Natural Bottle 500 ml drinkfles","link":"https:\/\/hidalgo.nl\/de\/product\/natural-bottle-500-ml-drinkfles\/"}],"_links":{"self":[{"href":"https:\/\/hidalgo.nl\/de\/wp-json\/wp\/v2\/product\/130535","targetHints":{"allow":["GET"]}}],"collection":[{"href":"https:\/\/hidalgo.nl\/de\/wp-json\/wp\/v2\/product"}],"about":[{"href":"https:\/\/hidalgo.nl\/de\/wp-json\/wp\/v2\/types\/product"}],"wp:featuredmedia":[{"embeddable":true,"href":"https:\/\/hidalgo.nl\/de\/wp-json\/wp\/v2\/media\/584477"}],"wp:attachment":[{"href":"https:\/\/hidalgo.nl\/de\/wp-json\/wp\/v2\/media?parent=130535"}],"wp:term":[{"taxonomy":"product_brand","embeddable":true,"href":"https:\/\/hidalgo.nl\/de\/wp-json\/wp\/v2\/product_brand?post=130535"},{"taxonomy":"product_cat","embeddable":true,"href":"https:\/\/hidalgo.nl\/de\/wp-json\/wp\/v2\/product_cat?post=130535"},{"taxonomy":"product_tag","embeddable":true,"href":"https:\/\/hidalgo.nl\/de\/wp-json\/wp\/v2\/product_tag?post=130535"}],"curies":[{"name":"wp","href":"https:\/\/api.w.org\/{rel}","templated":true}]}}