{"id":130093,"date":"2025-07-07T20:24:43","date_gmt":"2025-07-07T20:24:43","guid":{"rendered":"http:\/\/bidonsenshakers.pim.hidalgo.nl\/product\/diamant-sabatier-riyouri-koksmes\/"},"modified":"2026-02-26T07:38:38","modified_gmt":"2026-02-26T07:38:38","slug":"diamant-sabatier-riyouri-koksmes","status":"publish","type":"product","link":"https:\/\/hidalgo.nl\/de\/product\/diamant-sabatier-riyouri-koksmes\/","title":{"rendered":"Diamant Sabatier Riyouri Koksmes"},"content":{"rendered":"<p>Koksmes uit de Diamant Sabatier Riyouri serie. Met extra breed lemmet van 20 cm. Voor het trancheren van vlees en vis en fijnsnijden of hakken van groenten en kruiden. Gemaakt van hoogwaardig, roestvrij edelstaal. Het robuuste heft heeft een speciale antislipstructuur. Het lemmet is vlijmscherp en sluit naadloos aan op het heft waardoor extra hygi\u00ebne gewaarborgd is. Per stuk in doos.<\/p>\n","protected":false},"excerpt":{"rendered":"<p>Koksmes uit de Diamant Sabatier Riyouri serie. Met extra breed lemmet van 20 cm. Voor het trancheren van vlees en vis en fijnsnijden of hakken van groenten en kruiden. Gemaakt van hoogwaardig, roestvrij edelstaal. Het robuuste heft heeft een speciale antislipstructuur. Het lemmet is vlijmscherp en sluit naadloos aan op het heft waardoor extra hygi\u00ebne&hellip; <a class=\"more-link\" href=\"https:\/\/hidalgo.nl\/de\/product\/diamant-sabatier-riyouri-koksmes\/\"><span class=\"screen-reader-text\">Diamant Sabatier Riyouri Koksmes<\/span> weiterlesen<\/a><\/p>\n","protected":false},"featured_media":586012,"template":"","meta":{"_acf_changed":false,"om_disable_all_campaigns":false,"_monsterinsights_skip_tracking":false,"_monsterinsights_sitenote_active":false,"_monsterinsights_sitenote_note":"","_monsterinsights_sitenote_category":0},"product_brand":[1912],"product_cat":[5023,4735,4719,4728],"product_tag":[],"class_list":{"0":"post-130093","1":"product","2":"type-product","3":"status-publish","4":"has-post-thumbnail","6":"product_supplier-a508","7":"product_material-rvs","8":"product_brand-sabatier","9":"product_cat-keuken-bestek-rietjes","10":"product_cat-keuken","11":"product_cat-promotionele-artikelen","12":"product_cat-promotionele-artikelen-thuis-keuken-en-tuin","13":"entry","15":"first","16":"instock","17":"taxable","18":"shipping-taxable","19":"purchasable","20":"product-type-variable"},"acf":{"imprint_cost":[{"imprint_cost_key":"0a662066e9937b8fd3ec739da9d11c2d1ceab180","product_quantity_price_range":[{"imprint_cost_recommended_selling_price":"2.535","imprint_cost_recommended_selling_quantity":"1"},{"imprint_cost_recommended_selling_price":"1.785","imprint_cost_recommended_selling_quantity":"25"},{"imprint_cost_recommended_selling_price":"1.035","imprint_cost_recommended_selling_quantity":"50"},{"imprint_cost_recommended_selling_price":"0.84","imprint_cost_recommended_selling_quantity":"100"},{"imprint_cost_recommended_selling_price":"0.69","imprint_cost_recommended_selling_quantity":"250"},{"imprint_cost_recommended_selling_price":"0.63","imprint_cost_recommended_selling_quantity":"500"},{"imprint_cost_recommended_selling_price":"0.585","imprint_cost_recommended_selling_quantity":"1000"},{"imprint_cost_recommended_selling_price":"0.525","imprint_cost_recommended_selling_quantity":"2500"},{"imprint_cost_recommended_selling_price":"0.51","imprint_cost_recommended_selling_quantity":"5000"}],"product_quantity_price_range_buying":[{"imprint_cost_general_buying_price":"1.69","imprint_cost_general_buying_quantity":"1"},{"imprint_cost_general_buying_price":"1.19","imprint_cost_general_buying_quantity":"25"},{"imprint_cost_general_buying_price":"0.69","imprint_cost_general_buying_quantity":"50"},{"imprint_cost_general_buying_price":"0.56","imprint_cost_general_buying_quantity":"100"},{"imprint_cost_general_buying_price":"0.46","imprint_cost_general_buying_quantity":"250"},{"imprint_cost_general_buying_price":"0.42","imprint_cost_general_buying_quantity":"500"},{"imprint_cost_general_buying_price":"0.39","imprint_cost_general_buying_quantity":"1000"},{"imprint_cost_general_buying_price":"0.35","imprint_cost_general_buying_quantity":"2500"},{"imprint_cost_general_buying_price":"0.34","imprint_cost_general_buying_quantity":"5000"}],"imprint_cost_setup_costs":"26.25","imprint_cost_handling_costs":"0.24"},{"imprint_cost_key":"c542d519b491f5a100776e9d609f4d3e828f9647","product_quantity_price_range":[{"imprint_cost_recommended_selling_price":"2.835","imprint_cost_recommended_selling_quantity":"1"},{"imprint_cost_recommended_selling_price":"2.085","imprint_cost_recommended_selling_quantity":"25"},{"imprint_cost_recommended_selling_price":"1.335","imprint_cost_recommended_selling_quantity":"50"},{"imprint_cost_recommended_selling_price":"1.14","imprint_cost_recommended_selling_quantity":"100"},{"imprint_cost_recommended_selling_price":"0.99","imprint_cost_recommended_selling_quantity":"250"},{"imprint_cost_recommended_selling_price":"0.93","imprint_cost_recommended_selling_quantity":"500"},{"imprint_cost_recommended_selling_price":"0.885","imprint_cost_recommended_selling_quantity":"1000"},{"imprint_cost_recommended_selling_price":"0.825","imprint_cost_recommended_selling_quantity":"2500"},{"imprint_cost_recommended_selling_price":"0.81","imprint_cost_recommended_selling_quantity":"5000"}],"product_quantity_price_range_buying":[{"imprint_cost_general_buying_price":"1.89","imprint_cost_general_buying_quantity":"1"},{"imprint_cost_general_buying_price":"1.39","imprint_cost_general_buying_quantity":"25"},{"imprint_cost_general_buying_price":"0.89","imprint_cost_general_buying_quantity":"50"},{"imprint_cost_general_buying_price":"0.76","imprint_cost_general_buying_quantity":"100"},{"imprint_cost_general_buying_price":"0.66","imprint_cost_general_buying_quantity":"250"},{"imprint_cost_general_buying_price":"0.62","imprint_cost_general_buying_quantity":"500"},{"imprint_cost_general_buying_price":"0.59","imprint_cost_general_buying_quantity":"1000"},{"imprint_cost_general_buying_price":"0.55","imprint_cost_general_buying_quantity":"2500"},{"imprint_cost_general_buying_price":"0.54","imprint_cost_general_buying_quantity":"5000"}],"imprint_cost_setup_costs":"26.25","imprint_cost_handling_costs":"0.24"}]},"aioseo_notices":[],"aioseo_head":"\n\t\t<!-- All in One SEO Pro 4.9.6.1 - aioseo.com -->\n\t<meta name=\"description\" content=\"Pr\u00e4zise Schnitte beim Zubereiten: Edelstahl-K\u00fcchenmesser mit 20 cm langer, scharfer Klinge und extra breitem Blatt f\u00fcr Fleisch, Fisch und Gem\u00fcse. Hidalgo graviert dein Logo dauerhaft - ideal als Geschenk f\u00fcr 20-40-J\u00e4hrige bei Events und im Business.\" \/>\n\t<meta name=\"robots\" content=\"max-image-preview:large\" \/>\n\t<link rel=\"canonical\" href=\"https:\/\/hidalgo.nl\/de\/wp-json\/wp\/v2\/product\/130093\" \/>\n\t<meta name=\"generator\" content=\"All in One SEO Pro (AIOSEO) 4.9.6.1\" \/>\n\t\t<meta property=\"og:locale\" content=\"de_DE\" \/>\n\t\t<meta property=\"og:site_name\" content=\"Hidalgo -\" \/>\n\t\t<meta property=\"og:type\" content=\"article\" \/>\n\t\t<meta property=\"og:title\" content=\"Diamant Sabatier Riyouri Koksmes\" \/>\n\t\t<meta property=\"og:description\" content=\"Pr\u00e4zise Schnitte beim Zubereiten: Edelstahl-K\u00fcchenmesser mit 20 cm langer, scharfer Klinge und extra breitem Blatt f\u00fcr Fleisch, Fisch und Gem\u00fcse. Hidalgo graviert dein Logo dauerhaft - ideal als Geschenk f\u00fcr 20-40-J\u00e4hrige bei Events und im Business.\" \/>\n\t\t<meta property=\"og:url\" content=\"https:\/\/hidalgo.nl\/de\/wp-json\/wp\/v2\/product\/130093\" \/>\n\t\t<meta property=\"og:image\" content=\"https:\/\/shop.hidalgo.nl\/wp-content\/uploads\/2025\/11\/cropped-Hidalgo-est1993.png\" \/>\n\t\t<meta property=\"og:image:secure_url\" content=\"https:\/\/shop.hidalgo.nl\/wp-content\/uploads\/2025\/11\/cropped-Hidalgo-est1993.png\" \/>\n\t\t<meta property=\"article:published_time\" content=\"2025-07-07T20:24:43+00:00\" \/>\n\t\t<meta property=\"article:modified_time\" content=\"2026-02-26T07:38:38+00:00\" \/>\n\t\t<meta name=\"twitter:card\" content=\"summary_large_image\" \/>\n\t\t<meta name=\"twitter:title\" content=\"Diamant Sabatier Riyouri Koksmes\" \/>\n\t\t<meta name=\"twitter:description\" content=\"Pr\u00e4zise Schnitte beim Zubereiten: Edelstahl-K\u00fcchenmesser mit 20 cm langer, scharfer Klinge und extra breitem Blatt f\u00fcr Fleisch, Fisch und Gem\u00fcse. Hidalgo graviert dein Logo dauerhaft - ideal als Geschenk f\u00fcr 20-40-J\u00e4hrige bei Events und im Business.\" \/>\n\t\t<meta name=\"twitter:image\" content=\"https:\/\/shop.hidalgo.nl\/wp-content\/uploads\/2025\/11\/cropped-Hidalgo-est1993.png\" \/>\n\t\t<script type=\"application\/ld+json\" class=\"aioseo-schema\">\n\t\t\t{\"@context\":\"https:\\\/\\\/schema.org\",\"@graph\":[{\"@type\":\"BreadcrumbList\",\"@id\":\"https:\\\/\\\/hidalgo.nl\\\/de\\\/product\\\/diamant-sabatier-riyouri-koksmes\\\/#breadcrumblist\",\"itemListElement\":[{\"@type\":\"ListItem\",\"@id\":\"https:\\\/\\\/hidalgo.nl\\\/de\\\/#listItem\",\"position\":1,\"name\":\"Home\",\"item\":\"https:\\\/\\\/hidalgo.nl\\\/de\\\/\",\"nextItem\":{\"@type\":\"ListItem\",\"@id\":\"https:\\\/\\\/hidalgo.nl\\\/example\\\/#listItem\",\"name\":\"example\"}},{\"@type\":\"ListItem\",\"@id\":\"https:\\\/\\\/hidalgo.nl\\\/example\\\/#listItem\",\"position\":2,\"name\":\"example\",\"item\":\"https:\\\/\\\/hidalgo.nl\\\/example\\\/\",\"nextItem\":{\"@type\":\"ListItem\",\"@id\":\"https:\\\/\\\/hidalgo.nl\\\/en\\\/product-supplier\\\/a508\\\/#listItem\",\"name\":\"A508\"},\"previousItem\":{\"@type\":\"ListItem\",\"@id\":\"https:\\\/\\\/hidalgo.nl\\\/de\\\/#listItem\",\"name\":\"Home\"}},{\"@type\":\"ListItem\",\"@id\":\"https:\\\/\\\/hidalgo.nl\\\/en\\\/product-supplier\\\/a508\\\/#listItem\",\"position\":3,\"name\":\"A508\",\"item\":\"https:\\\/\\\/hidalgo.nl\\\/en\\\/product-supplier\\\/a508\\\/\",\"nextItem\":{\"@type\":\"ListItem\",\"@id\":\"https:\\\/\\\/hidalgo.nl\\\/de\\\/product\\\/diamant-sabatier-riyouri-koksmes\\\/#listItem\",\"name\":\"Diamant Sabatier Riyouri Koksmes\"},\"previousItem\":{\"@type\":\"ListItem\",\"@id\":\"https:\\\/\\\/hidalgo.nl\\\/example\\\/#listItem\",\"name\":\"example\"}},{\"@type\":\"ListItem\",\"@id\":\"https:\\\/\\\/hidalgo.nl\\\/de\\\/product\\\/diamant-sabatier-riyouri-koksmes\\\/#listItem\",\"position\":4,\"name\":\"Diamant Sabatier Riyouri Koksmes\",\"previousItem\":{\"@type\":\"ListItem\",\"@id\":\"https:\\\/\\\/hidalgo.nl\\\/en\\\/product-supplier\\\/a508\\\/#listItem\",\"name\":\"A508\"}}]},{\"@type\":\"ItemPage\",\"@id\":\"https:\\\/\\\/hidalgo.nl\\\/de\\\/product\\\/diamant-sabatier-riyouri-koksmes\\\/#itempage\",\"url\":\"https:\\\/\\\/hidalgo.nl\\\/de\\\/product\\\/diamant-sabatier-riyouri-koksmes\\\/\",\"name\":\"Diamant Sabatier Riyouri Koksmes\",\"description\":\"Pr\\u00e4zise Schnitte beim Zubereiten: Edelstahl-K\\u00fcchenmesser mit 20 cm langer, scharfer Klinge und extra breitem Blatt f\\u00fcr Fleisch, Fisch und Gem\\u00fcse. Hidalgo graviert dein Logo dauerhaft - ideal als Geschenk f\\u00fcr 20-40-J\\u00e4hrige bei Events und im Business.\",\"inLanguage\":\"de-DE\",\"isPartOf\":{\"@id\":\"https:\\\/\\\/hidalgo.nl\\\/de\\\/#website\"},\"breadcrumb\":{\"@id\":\"https:\\\/\\\/hidalgo.nl\\\/de\\\/product\\\/diamant-sabatier-riyouri-koksmes\\\/#breadcrumblist\"},\"image\":{\"@type\":\"ImageObject\",\"url\":\"https:\\\/\\\/shop.hidalgo.nl\\\/wp-content\\\/uploads\\\/2025\\\/04\\\/8714443ca980e17bbd796867fd08d6b362df092b4a99e52da0d4a726eb97c607.jpg\",\"@id\":\"https:\\\/\\\/hidalgo.nl\\\/de\\\/product\\\/diamant-sabatier-riyouri-koksmes\\\/#mainImage\"},\"primaryImageOfPage\":{\"@id\":\"https:\\\/\\\/hidalgo.nl\\\/de\\\/product\\\/diamant-sabatier-riyouri-koksmes\\\/#mainImage\"},\"datePublished\":\"2025-07-07T20:24:43+00:00\",\"dateModified\":\"2026-02-26T07:38:38+00:00\"},{\"@type\":\"Organization\",\"@id\":\"https:\\\/\\\/hidalgo.nl\\\/de\\\/#organization\",\"name\":\"Hidalgo\",\"url\":\"https:\\\/\\\/hidalgo.nl\\\/de\\\/\",\"logo\":{\"@type\":\"ImageObject\",\"url\":\"https:\\\/\\\/shop.hidalgo.nl\\\/wp-content\\\/uploads\\\/2025\\\/11\\\/cropped-Hidalgo-est1993.png\",\"@id\":\"https:\\\/\\\/hidalgo.nl\\\/de\\\/product\\\/diamant-sabatier-riyouri-koksmes\\\/#organizationLogo\",\"width\":585,\"height\":195},\"image\":{\"@id\":\"https:\\\/\\\/hidalgo.nl\\\/de\\\/product\\\/diamant-sabatier-riyouri-koksmes\\\/#organizationLogo\"}},{\"@type\":\"WebPage\",\"@id\":\"https:\\\/\\\/hidalgo.nl\\\/de\\\/product\\\/diamant-sabatier-riyouri-koksmes\\\/#webpage\",\"url\":\"https:\\\/\\\/hidalgo.nl\\\/de\\\/product\\\/diamant-sabatier-riyouri-koksmes\\\/\",\"name\":\"Diamant Sabatier Riyouri Koksmes\",\"description\":\"Pr\\u00e4zise Schnitte beim Zubereiten: Edelstahl-K\\u00fcchenmesser mit 20 cm langer, scharfer Klinge und extra breitem Blatt f\\u00fcr Fleisch, Fisch und Gem\\u00fcse. Hidalgo graviert dein Logo dauerhaft - ideal als Geschenk f\\u00fcr 20-40-J\\u00e4hrige bei Events und im Business.\",\"inLanguage\":\"de-DE\",\"isPartOf\":{\"@id\":\"https:\\\/\\\/hidalgo.nl\\\/de\\\/#website\"},\"breadcrumb\":{\"@id\":\"https:\\\/\\\/hidalgo.nl\\\/de\\\/product\\\/diamant-sabatier-riyouri-koksmes\\\/#breadcrumblist\"},\"image\":{\"@type\":\"ImageObject\",\"url\":\"https:\\\/\\\/shop.hidalgo.nl\\\/wp-content\\\/uploads\\\/2025\\\/04\\\/8714443ca980e17bbd796867fd08d6b362df092b4a99e52da0d4a726eb97c607.jpg\",\"@id\":\"https:\\\/\\\/hidalgo.nl\\\/de\\\/product\\\/diamant-sabatier-riyouri-koksmes\\\/#mainImage\"},\"primaryImageOfPage\":{\"@id\":\"https:\\\/\\\/hidalgo.nl\\\/de\\\/product\\\/diamant-sabatier-riyouri-koksmes\\\/#mainImage\"},\"datePublished\":\"2025-07-07T20:24:43+00:00\",\"dateModified\":\"2026-02-26T07:38:38+00:00\"},{\"@type\":\"WebSite\",\"@id\":\"https:\\\/\\\/hidalgo.nl\\\/de\\\/#website\",\"url\":\"https:\\\/\\\/hidalgo.nl\\\/de\\\/\",\"name\":\"Hidalgo\",\"inLanguage\":\"de-DE\",\"publisher\":{\"@id\":\"https:\\\/\\\/hidalgo.nl\\\/de\\\/#organization\"}}]}\n\t\t<\/script>\n\t\t<!-- All in One SEO Pro -->\r\n\t\t<title>Diamant Sabatier Riyouri Koksmes<\/title>\n\n","aioseo_head_json":{"title":"Diamant Sabatier Riyouri Koksmes","description":"Pr\u00e4zise Schnitte beim Zubereiten: Edelstahl-K\u00fcchenmesser mit 20 cm langer, scharfer Klinge und extra breitem Blatt f\u00fcr Fleisch, Fisch und Gem\u00fcse. Hidalgo graviert dein Logo dauerhaft - ideal als Geschenk f\u00fcr 20-40-J\u00e4hrige bei Events und im Business.","canonical_url":"https:\/\/hidalgo.nl\/de\/wp-json\/wp\/v2\/product\/130093","robots":"max-image-preview:large","keywords":"","webmasterTools":{"miscellaneous":""},"schema":{"@context":"https:\/\/schema.org","@graph":[{"@type":"BreadcrumbList","@id":"https:\/\/hidalgo.nl\/de\/product\/diamant-sabatier-riyouri-koksmes\/#breadcrumblist","itemListElement":[{"@type":"ListItem","@id":"https:\/\/hidalgo.nl\/de\/#listItem","position":1,"name":"Home","item":"https:\/\/hidalgo.nl\/de\/","nextItem":{"@type":"ListItem","@id":"https:\/\/hidalgo.nl\/example\/#listItem","name":"example"}},{"@type":"ListItem","@id":"https:\/\/hidalgo.nl\/example\/#listItem","position":2,"name":"example","item":"https:\/\/hidalgo.nl\/example\/","nextItem":{"@type":"ListItem","@id":"https:\/\/hidalgo.nl\/en\/product-supplier\/a508\/#listItem","name":"A508"},"previousItem":{"@type":"ListItem","@id":"https:\/\/hidalgo.nl\/de\/#listItem","name":"Home"}},{"@type":"ListItem","@id":"https:\/\/hidalgo.nl\/en\/product-supplier\/a508\/#listItem","position":3,"name":"A508","item":"https:\/\/hidalgo.nl\/en\/product-supplier\/a508\/","nextItem":{"@type":"ListItem","@id":"https:\/\/hidalgo.nl\/de\/product\/diamant-sabatier-riyouri-koksmes\/#listItem","name":"Diamant Sabatier Riyouri Koksmes"},"previousItem":{"@type":"ListItem","@id":"https:\/\/hidalgo.nl\/example\/#listItem","name":"example"}},{"@type":"ListItem","@id":"https:\/\/hidalgo.nl\/de\/product\/diamant-sabatier-riyouri-koksmes\/#listItem","position":4,"name":"Diamant Sabatier Riyouri Koksmes","previousItem":{"@type":"ListItem","@id":"https:\/\/hidalgo.nl\/en\/product-supplier\/a508\/#listItem","name":"A508"}}]},{"@type":"ItemPage","@id":"https:\/\/hidalgo.nl\/de\/product\/diamant-sabatier-riyouri-koksmes\/#itempage","url":"https:\/\/hidalgo.nl\/de\/product\/diamant-sabatier-riyouri-koksmes\/","name":"Diamant Sabatier Riyouri Koksmes","description":"Pr\u00e4zise Schnitte beim Zubereiten: Edelstahl-K\u00fcchenmesser mit 20 cm langer, scharfer Klinge und extra breitem Blatt f\u00fcr Fleisch, Fisch und Gem\u00fcse. Hidalgo graviert dein Logo dauerhaft - ideal als Geschenk f\u00fcr 20-40-J\u00e4hrige bei Events und im Business.","inLanguage":"de-DE","isPartOf":{"@id":"https:\/\/hidalgo.nl\/de\/#website"},"breadcrumb":{"@id":"https:\/\/hidalgo.nl\/de\/product\/diamant-sabatier-riyouri-koksmes\/#breadcrumblist"},"image":{"@type":"ImageObject","url":"https:\/\/shop.hidalgo.nl\/wp-content\/uploads\/2025\/04\/8714443ca980e17bbd796867fd08d6b362df092b4a99e52da0d4a726eb97c607.jpg","@id":"https:\/\/hidalgo.nl\/de\/product\/diamant-sabatier-riyouri-koksmes\/#mainImage"},"primaryImageOfPage":{"@id":"https:\/\/hidalgo.nl\/de\/product\/diamant-sabatier-riyouri-koksmes\/#mainImage"},"datePublished":"2025-07-07T20:24:43+00:00","dateModified":"2026-02-26T07:38:38+00:00"},{"@type":"Organization","@id":"https:\/\/hidalgo.nl\/de\/#organization","name":"Hidalgo","url":"https:\/\/hidalgo.nl\/de\/","logo":{"@type":"ImageObject","url":"https:\/\/shop.hidalgo.nl\/wp-content\/uploads\/2025\/11\/cropped-Hidalgo-est1993.png","@id":"https:\/\/hidalgo.nl\/de\/product\/diamant-sabatier-riyouri-koksmes\/#organizationLogo","width":585,"height":195},"image":{"@id":"https:\/\/hidalgo.nl\/de\/product\/diamant-sabatier-riyouri-koksmes\/#organizationLogo"}},{"@type":"WebPage","@id":"https:\/\/hidalgo.nl\/de\/product\/diamant-sabatier-riyouri-koksmes\/#webpage","url":"https:\/\/hidalgo.nl\/de\/product\/diamant-sabatier-riyouri-koksmes\/","name":"Diamant Sabatier Riyouri Koksmes","description":"Pr\u00e4zise Schnitte beim Zubereiten: Edelstahl-K\u00fcchenmesser mit 20 cm langer, scharfer Klinge und extra breitem Blatt f\u00fcr Fleisch, Fisch und Gem\u00fcse. Hidalgo graviert dein Logo dauerhaft - ideal als Geschenk f\u00fcr 20-40-J\u00e4hrige bei Events und im Business.","inLanguage":"de-DE","isPartOf":{"@id":"https:\/\/hidalgo.nl\/de\/#website"},"breadcrumb":{"@id":"https:\/\/hidalgo.nl\/de\/product\/diamant-sabatier-riyouri-koksmes\/#breadcrumblist"},"image":{"@type":"ImageObject","url":"https:\/\/shop.hidalgo.nl\/wp-content\/uploads\/2025\/04\/8714443ca980e17bbd796867fd08d6b362df092b4a99e52da0d4a726eb97c607.jpg","@id":"https:\/\/hidalgo.nl\/de\/product\/diamant-sabatier-riyouri-koksmes\/#mainImage"},"primaryImageOfPage":{"@id":"https:\/\/hidalgo.nl\/de\/product\/diamant-sabatier-riyouri-koksmes\/#mainImage"},"datePublished":"2025-07-07T20:24:43+00:00","dateModified":"2026-02-26T07:38:38+00:00"},{"@type":"WebSite","@id":"https:\/\/hidalgo.nl\/de\/#website","url":"https:\/\/hidalgo.nl\/de\/","name":"Hidalgo","inLanguage":"de-DE","publisher":{"@id":"https:\/\/hidalgo.nl\/de\/#organization"}}]},"og:locale":"de_DE","og:site_name":"Hidalgo -","og:type":"article","og:title":"Diamant Sabatier Riyouri Koksmes","og:description":"Pr\u00e4zise Schnitte beim Zubereiten: Edelstahl-K\u00fcchenmesser mit 20 cm langer, scharfer Klinge und extra breitem Blatt f\u00fcr Fleisch, Fisch und Gem\u00fcse. Hidalgo graviert dein Logo dauerhaft - ideal als Geschenk f\u00fcr 20-40-J\u00e4hrige bei Events und im Business.","og:url":"https:\/\/hidalgo.nl\/de\/wp-json\/wp\/v2\/product\/130093","og:image":"https:\/\/shop.hidalgo.nl\/wp-content\/uploads\/2025\/11\/cropped-Hidalgo-est1993.png","og:image:secure_url":"https:\/\/shop.hidalgo.nl\/wp-content\/uploads\/2025\/11\/cropped-Hidalgo-est1993.png","article:published_time":"2025-07-07T20:24:43+00:00","article:modified_time":"2026-02-26T07:38:38+00:00","twitter:card":"summary_large_image","twitter:title":"Diamant Sabatier Riyouri Koksmes","twitter:description":"Pr\u00e4zise Schnitte beim Zubereiten: Edelstahl-K\u00fcchenmesser mit 20 cm langer, scharfer Klinge und extra breitem Blatt f\u00fcr Fleisch, Fisch und Gem\u00fcse. Hidalgo graviert dein Logo dauerhaft - ideal als Geschenk f\u00fcr 20-40-J\u00e4hrige bei Events und im Business.","twitter:image":"https:\/\/shop.hidalgo.nl\/wp-content\/uploads\/2025\/11\/cropped-Hidalgo-est1993.png"},"aioseo_meta_data":{"post_id":"130093","title":null,"description":null,"keywords":null,"keyphrases":null,"primary_term":null,"canonical_url":null,"og_title":null,"og_description":null,"og_object_type":"default","og_image_type":"default","og_image_url":null,"og_image_width":null,"og_image_height":null,"og_image_custom_url":null,"og_image_custom_fields":null,"og_video":null,"og_custom_url":null,"og_article_section":null,"og_article_tags":null,"twitter_use_og":false,"twitter_card":"default","twitter_image_type":"default","twitter_image_url":null,"twitter_image_custom_url":null,"twitter_image_custom_fields":null,"twitter_title":null,"twitter_description":null,"schema":{"blockGraphs":[],"customGraphs":[],"default":{"data":{"Article":[],"Course":[],"Dataset":[],"FAQPage":[],"Movie":[],"Person":[],"Product":[],"ProductReview":[],"Car":[],"Recipe":[],"Service":[],"SoftwareApplication":[],"WebPage":[]},"graphName":"","isEnabled":true},"graphs":[]},"schema_type":"default","schema_type_options":null,"pillar_content":false,"robots_default":true,"robots_noindex":false,"robots_noarchive":false,"robots_nosnippet":false,"robots_nofollow":false,"robots_noimageindex":false,"robots_noodp":false,"robots_notranslate":false,"robots_max_snippet":null,"robots_max_videopreview":null,"robots_max_imagepreview":"large","priority":null,"frequency":null,"local_seo":null,"seo_analyzer_scan_date":"2026-01-22 10:24:06","breadcrumb_settings":null,"limit_modified_date":false,"reviewed_by":null,"open_ai":null,"ai":null,"created":"2026-01-14 06:25:38","updated":"2026-02-26 09:55:27"},"aioseo_breadcrumb":"<div class=\"aioseo-breadcrumbs\"><span class=\"aioseo-breadcrumb\">\n\t<a href=\"https:\/\/hidalgo.nl\/de\/\" title=\"Home\">Home<\/a>\n<\/span><span class=\"aioseo-breadcrumb-separator\">\u00bb<\/span><span class=\"aioseo-breadcrumb\">\n\t<a href=\"https:\/\/hidalgo.nl\/example\/\" title=\"example\">example<\/a>\n<\/span><span class=\"aioseo-breadcrumb-separator\">\u00bb<\/span><span class=\"aioseo-breadcrumb\">\n\t<a href=\"https:\/\/hidalgo.nl\/en\/product-supplier\/a508\/\" title=\"A508\">A508<\/a>\n<\/span><span class=\"aioseo-breadcrumb-separator\">\u00bb<\/span><span class=\"aioseo-breadcrumb\">\n\tDiamant Sabatier Riyouri Koksmes\n<\/span><\/div>","aioseo_breadcrumb_json":[{"label":"Home","link":"https:\/\/hidalgo.nl\/de\/"},{"label":"example","link":"https:\/\/hidalgo.nl\/example\/"},{"label":"A508","link":"https:\/\/hidalgo.nl\/en\/product-supplier\/a508\/"},{"label":"Diamant Sabatier Riyouri Koksmes","link":"https:\/\/hidalgo.nl\/de\/product\/diamant-sabatier-riyouri-koksmes\/"}],"_links":{"self":[{"href":"https:\/\/hidalgo.nl\/de\/wp-json\/wp\/v2\/product\/130093","targetHints":{"allow":["GET"]}}],"collection":[{"href":"https:\/\/hidalgo.nl\/de\/wp-json\/wp\/v2\/product"}],"about":[{"href":"https:\/\/hidalgo.nl\/de\/wp-json\/wp\/v2\/types\/product"}],"wp:featuredmedia":[{"embeddable":true,"href":"https:\/\/hidalgo.nl\/de\/wp-json\/wp\/v2\/media\/586012"}],"wp:attachment":[{"href":"https:\/\/hidalgo.nl\/de\/wp-json\/wp\/v2\/media?parent=130093"}],"wp:term":[{"taxonomy":"product_brand","embeddable":true,"href":"https:\/\/hidalgo.nl\/de\/wp-json\/wp\/v2\/product_brand?post=130093"},{"taxonomy":"product_cat","embeddable":true,"href":"https:\/\/hidalgo.nl\/de\/wp-json\/wp\/v2\/product_cat?post=130093"},{"taxonomy":"product_tag","embeddable":true,"href":"https:\/\/hidalgo.nl\/de\/wp-json\/wp\/v2\/product_tag?post=130093"}],"curies":[{"name":"wp","href":"https:\/\/api.w.org\/{rel}","templated":true}]}}