{"id":129584,"date":"2025-07-07T20:12:21","date_gmt":"2025-07-07T20:12:21","guid":{"rendered":"http:\/\/bidonsenshakers.pim.hidalgo.nl\/product\/cassette-one-piece-pencassette\/"},"modified":"2026-02-26T07:39:08","modified_gmt":"2026-02-26T07:39:08","slug":"cassette-one-piece-pencassette","status":"publish","type":"product","link":"https:\/\/hidalgo.nl\/de\/product\/cassette-one-piece-pencassette\/","title":{"rendered":"Cassette one-piece pencassette"},"content":{"rendered":"<p>Stevige kunststof geschenkcassette als stijlvolle verpakking en bescherming voor balpennen, touchscreen-pennen en vulpotloden. Geschikt voor 1 schrijfinstrument.<\/p>\n","protected":false},"excerpt":{"rendered":"<p>Stevige kunststof geschenkcassette als stijlvolle verpakking en bescherming voor balpennen, touchscreen-pennen en vulpotloden. Geschikt voor 1 schrijfinstrument.<\/p>\n","protected":false},"featured_media":577285,"template":"","meta":{"_acf_changed":false,"om_disable_all_campaigns":false,"_monsterinsights_skip_tracking":false,"_monsterinsights_sitenote_active":false,"_monsterinsights_sitenote_note":"","_monsterinsights_sitenote_category":0},"product_brand":[],"product_cat":[4878,4762],"product_tag":[],"class_list":{"0":"post-129584","1":"product","2":"type-product","3":"status-publish","4":"has-post-thumbnail","6":"product_supplier-a508","7":"product_material-kunststof","8":"product_cat-geschenk-pakketten-dozen","9":"product_cat-geschenk-pakketten","10":"entry","12":"first","13":"instock","14":"taxable","15":"shipping-taxable","16":"purchasable","17":"product-type-variable"},"acf":{"imprint_cost":false},"aioseo_notices":[],"aioseo_head":"\n\t\t<!-- All in One SEO Pro 4.9.6.2 - aioseo.com -->\n\t<meta name=\"description\" content=\"Elegante Geschenk-Box und Dose f\u00fcr Kugelschreiber, die deinen Stift sicher pr\u00e4sentiert und sch\u00fctzt. Ideal f\u00fcr Events, Messen und junge Teams. Hidalgo bedruckt die Kassette mit deinem Logo, damit dein Branding aufmerksamkeitsstark ankommt.\" \/>\n\t<meta name=\"robots\" content=\"max-image-preview:large\" \/>\n\t<link rel=\"canonical\" href=\"https:\/\/hidalgo.nl\/de\/wp-json\/wp\/v2\/product\/129584\" \/>\n\t<meta name=\"generator\" content=\"All in One SEO Pro (AIOSEO) 4.9.6.2\" \/>\n\t\t<meta property=\"og:locale\" content=\"de_DE\" \/>\n\t\t<meta property=\"og:site_name\" content=\"Hidalgo -\" \/>\n\t\t<meta property=\"og:type\" content=\"article\" \/>\n\t\t<meta property=\"og:title\" content=\"Cassette one-piece pencassette\" \/>\n\t\t<meta property=\"og:description\" content=\"Elegante Geschenk-Box und Dose f\u00fcr Kugelschreiber, die deinen Stift sicher pr\u00e4sentiert und sch\u00fctzt. Ideal f\u00fcr Events, Messen und junge Teams. Hidalgo bedruckt die Kassette mit deinem Logo, damit dein Branding aufmerksamkeitsstark ankommt.\" \/>\n\t\t<meta property=\"og:url\" content=\"https:\/\/hidalgo.nl\/de\/wp-json\/wp\/v2\/product\/129584\" \/>\n\t\t<meta property=\"og:image\" content=\"https:\/\/shop.hidalgo.nl\/wp-content\/uploads\/2025\/11\/cropped-Hidalgo-est1993.png\" \/>\n\t\t<meta property=\"og:image:secure_url\" content=\"https:\/\/shop.hidalgo.nl\/wp-content\/uploads\/2025\/11\/cropped-Hidalgo-est1993.png\" \/>\n\t\t<meta property=\"article:published_time\" content=\"2025-07-07T20:12:21+00:00\" \/>\n\t\t<meta property=\"article:modified_time\" content=\"2026-02-26T07:39:08+00:00\" \/>\n\t\t<meta name=\"twitter:card\" content=\"summary_large_image\" \/>\n\t\t<meta name=\"twitter:title\" content=\"Cassette one-piece pencassette\" \/>\n\t\t<meta name=\"twitter:description\" content=\"Elegante Geschenk-Box und Dose f\u00fcr Kugelschreiber, die deinen Stift sicher pr\u00e4sentiert und sch\u00fctzt. Ideal f\u00fcr Events, Messen und junge Teams. Hidalgo bedruckt die Kassette mit deinem Logo, damit dein Branding aufmerksamkeitsstark ankommt.\" \/>\n\t\t<meta name=\"twitter:image\" content=\"https:\/\/shop.hidalgo.nl\/wp-content\/uploads\/2025\/11\/cropped-Hidalgo-est1993.png\" \/>\n\t\t<script type=\"application\/ld+json\" class=\"aioseo-schema\">\n\t\t\t{\"@context\":\"https:\\\/\\\/schema.org\",\"@graph\":[{\"@type\":\"BreadcrumbList\",\"@id\":\"https:\\\/\\\/hidalgo.nl\\\/de\\\/product\\\/cassette-one-piece-pencassette\\\/#breadcrumblist\",\"itemListElement\":[{\"@type\":\"ListItem\",\"@id\":\"https:\\\/\\\/hidalgo.nl\\\/de\\\/#listItem\",\"position\":1,\"name\":\"Home\",\"item\":\"https:\\\/\\\/hidalgo.nl\\\/de\\\/\",\"nextItem\":{\"@type\":\"ListItem\",\"@id\":\"https:\\\/\\\/hidalgo.nl\\\/example\\\/#listItem\",\"name\":\"example\"}},{\"@type\":\"ListItem\",\"@id\":\"https:\\\/\\\/hidalgo.nl\\\/example\\\/#listItem\",\"position\":2,\"name\":\"example\",\"item\":\"https:\\\/\\\/hidalgo.nl\\\/example\\\/\",\"nextItem\":{\"@type\":\"ListItem\",\"@id\":\"https:\\\/\\\/hidalgo.nl\\\/en\\\/product-supplier\\\/a508\\\/#listItem\",\"name\":\"A508\"},\"previousItem\":{\"@type\":\"ListItem\",\"@id\":\"https:\\\/\\\/hidalgo.nl\\\/de\\\/#listItem\",\"name\":\"Home\"}},{\"@type\":\"ListItem\",\"@id\":\"https:\\\/\\\/hidalgo.nl\\\/en\\\/product-supplier\\\/a508\\\/#listItem\",\"position\":3,\"name\":\"A508\",\"item\":\"https:\\\/\\\/hidalgo.nl\\\/en\\\/product-supplier\\\/a508\\\/\",\"nextItem\":{\"@type\":\"ListItem\",\"@id\":\"https:\\\/\\\/hidalgo.nl\\\/de\\\/product\\\/cassette-one-piece-pencassette\\\/#listItem\",\"name\":\"Cassette one-piece pencassette\"},\"previousItem\":{\"@type\":\"ListItem\",\"@id\":\"https:\\\/\\\/hidalgo.nl\\\/example\\\/#listItem\",\"name\":\"example\"}},{\"@type\":\"ListItem\",\"@id\":\"https:\\\/\\\/hidalgo.nl\\\/de\\\/product\\\/cassette-one-piece-pencassette\\\/#listItem\",\"position\":4,\"name\":\"Cassette one-piece pencassette\",\"previousItem\":{\"@type\":\"ListItem\",\"@id\":\"https:\\\/\\\/hidalgo.nl\\\/en\\\/product-supplier\\\/a508\\\/#listItem\",\"name\":\"A508\"}}]},{\"@type\":\"Organization\",\"@id\":\"https:\\\/\\\/hidalgo.nl\\\/de\\\/#organization\",\"name\":\"Hidalgo\",\"url\":\"https:\\\/\\\/hidalgo.nl\\\/de\\\/\",\"logo\":{\"@type\":\"ImageObject\",\"url\":\"https:\\\/\\\/shop.hidalgo.nl\\\/wp-content\\\/uploads\\\/2025\\\/11\\\/cropped-Hidalgo-est1993.png\",\"@id\":\"https:\\\/\\\/hidalgo.nl\\\/de\\\/product\\\/cassette-one-piece-pencassette\\\/#organizationLogo\",\"width\":585,\"height\":195},\"image\":{\"@id\":\"https:\\\/\\\/hidalgo.nl\\\/de\\\/product\\\/cassette-one-piece-pencassette\\\/#organizationLogo\"}},{\"@type\":\"ProductGroup\",\"@id\":\"https:\\\/\\\/hidalgo.nl\\\/de\\\/product\\\/cassette-one-piece-pencassette\\\/#wooCommerceProduct\",\"name\":\"Cassette one-piece pencassette\",\"url\":\"https:\\\/\\\/hidalgo.nl\\\/de\\\/product\\\/cassette-one-piece-pencassette\\\/\",\"sku\":\"A508-3854\",\"image\":{\"@type\":\"ImageObject\",\"url\":\"https:\\\/\\\/shop.hidalgo.nl\\\/wp-content\\\/uploads\\\/2025\\\/04\\\/6cb935be2d55c3fa6da2f80ee04658a89936523b9178e4100f3d34433d3b579e.jpg\",\"@id\":\"https:\\\/\\\/hidalgo.nl\\\/de\\\/product\\\/cassette-one-piece-pencassette\\\/#productImage\"},\"productGroupID\":129584,\"hasVariant\":[{\"@type\":\"Product\",\"@id\":\"https:\\\/\\\/hidalgo.nl\\\/de\\\/product\\\/cassette-one-piece-pencassette\\\/#wooCommerceProduct\",\"name\":\"Cassette one-piece pencassette - zwart\",\"url\":\"https:\\\/\\\/hidalgo.nl\\\/de\\\/product\\\/cassette-one-piece-pencassette\\\/\",\"sku\":\"A508-385498\",\"image\":{\"@type\":\"ImageObject\",\"url\":\"https:\\\/\\\/shop.hidalgo.nl\\\/wp-content\\\/uploads\\\/2025\\\/05\\\/6cb935be2d55c3fa6da2f80ee04658a89936523b9178e4100f3d34433d3b579e.jpg\",\"@id\":\"https:\\\/\\\/hidalgo.nl\\\/de\\\/product\\\/cassette-one-piece-pencassette\\\/#productImage\",\"width\":1000,\"height\":1000},\"offers\":{\"@type\":\"Offer\",\"url\":\"https:\\\/\\\/hidalgo.nl\\\/de\\\/product\\\/cassette-one-piece-pencassette\\\/#wooCommerceOffer\",\"price\":\"0.51\",\"priceCurrency\":\"EUR\",\"category\":\"Geschenk pakketten\",\"availability\":\"https:\\\/\\\/schema.org\\\/InStock\",\"priceSpecification\":{\"@type\":\"PriceSpecification\",\"price\":0.51,\"priceCurrency\":\"EUR\",\"valueAddedTaxIncluded\":\"true\"}}}]},{\"@type\":\"WebPage\",\"@id\":\"https:\\\/\\\/hidalgo.nl\\\/de\\\/product\\\/cassette-one-piece-pencassette\\\/#webpage\",\"url\":\"https:\\\/\\\/hidalgo.nl\\\/de\\\/product\\\/cassette-one-piece-pencassette\\\/\",\"name\":\"Cassette one-piece pencassette\",\"description\":\"Elegante Geschenk-Box und Dose f\\u00fcr Kugelschreiber, die deinen Stift sicher pr\\u00e4sentiert und sch\\u00fctzt. Ideal f\\u00fcr Events, Messen und junge Teams. Hidalgo bedruckt die Kassette mit deinem Logo, damit dein Branding aufmerksamkeitsstark ankommt.\",\"inLanguage\":\"de-DE\",\"isPartOf\":{\"@id\":\"https:\\\/\\\/hidalgo.nl\\\/de\\\/#website\"},\"breadcrumb\":{\"@id\":\"https:\\\/\\\/hidalgo.nl\\\/de\\\/product\\\/cassette-one-piece-pencassette\\\/#breadcrumblist\"},\"image\":{\"@type\":\"ImageObject\",\"url\":\"https:\\\/\\\/shop.hidalgo.nl\\\/wp-content\\\/uploads\\\/2025\\\/04\\\/6cb935be2d55c3fa6da2f80ee04658a89936523b9178e4100f3d34433d3b579e.jpg\",\"@id\":\"https:\\\/\\\/hidalgo.nl\\\/de\\\/product\\\/cassette-one-piece-pencassette\\\/#mainImage\"},\"primaryImageOfPage\":{\"@id\":\"https:\\\/\\\/hidalgo.nl\\\/de\\\/product\\\/cassette-one-piece-pencassette\\\/#mainImage\"},\"datePublished\":\"2025-07-07T20:12:21+00:00\",\"dateModified\":\"2026-02-26T07:39:08+00:00\"},{\"@type\":\"WebSite\",\"@id\":\"https:\\\/\\\/hidalgo.nl\\\/de\\\/#website\",\"url\":\"https:\\\/\\\/hidalgo.nl\\\/de\\\/\",\"name\":\"Hidalgo\",\"inLanguage\":\"de-DE\",\"publisher\":{\"@id\":\"https:\\\/\\\/hidalgo.nl\\\/de\\\/#organization\"}}]}\n\t\t<\/script>\n\t\t<!-- All in One SEO Pro -->\r\n\t\t<title>Cassette one-piece pencassette<\/title>\n\n","aioseo_head_json":{"title":"Cassette one-piece pencassette","description":"Elegante Geschenk-Box und Dose f\u00fcr Kugelschreiber, die deinen Stift sicher pr\u00e4sentiert und sch\u00fctzt. Ideal f\u00fcr Events, Messen und junge Teams. Hidalgo bedruckt die Kassette mit deinem Logo, damit dein Branding aufmerksamkeitsstark ankommt.","canonical_url":"https:\/\/hidalgo.nl\/de\/wp-json\/wp\/v2\/product\/129584","robots":"max-image-preview:large","keywords":"","webmasterTools":{"miscellaneous":""},"schema":{"@context":"https:\/\/schema.org","@graph":[{"@type":"BreadcrumbList","@id":"https:\/\/hidalgo.nl\/de\/product\/cassette-one-piece-pencassette\/#breadcrumblist","itemListElement":[{"@type":"ListItem","@id":"https:\/\/hidalgo.nl\/de\/#listItem","position":1,"name":"Home","item":"https:\/\/hidalgo.nl\/de\/","nextItem":{"@type":"ListItem","@id":"https:\/\/hidalgo.nl\/example\/#listItem","name":"example"}},{"@type":"ListItem","@id":"https:\/\/hidalgo.nl\/example\/#listItem","position":2,"name":"example","item":"https:\/\/hidalgo.nl\/example\/","nextItem":{"@type":"ListItem","@id":"https:\/\/hidalgo.nl\/en\/product-supplier\/a508\/#listItem","name":"A508"},"previousItem":{"@type":"ListItem","@id":"https:\/\/hidalgo.nl\/de\/#listItem","name":"Home"}},{"@type":"ListItem","@id":"https:\/\/hidalgo.nl\/en\/product-supplier\/a508\/#listItem","position":3,"name":"A508","item":"https:\/\/hidalgo.nl\/en\/product-supplier\/a508\/","nextItem":{"@type":"ListItem","@id":"https:\/\/hidalgo.nl\/de\/product\/cassette-one-piece-pencassette\/#listItem","name":"Cassette one-piece pencassette"},"previousItem":{"@type":"ListItem","@id":"https:\/\/hidalgo.nl\/example\/#listItem","name":"example"}},{"@type":"ListItem","@id":"https:\/\/hidalgo.nl\/de\/product\/cassette-one-piece-pencassette\/#listItem","position":4,"name":"Cassette one-piece pencassette","previousItem":{"@type":"ListItem","@id":"https:\/\/hidalgo.nl\/en\/product-supplier\/a508\/#listItem","name":"A508"}}]},{"@type":"Organization","@id":"https:\/\/hidalgo.nl\/de\/#organization","name":"Hidalgo","url":"https:\/\/hidalgo.nl\/de\/","logo":{"@type":"ImageObject","url":"https:\/\/shop.hidalgo.nl\/wp-content\/uploads\/2025\/11\/cropped-Hidalgo-est1993.png","@id":"https:\/\/hidalgo.nl\/de\/product\/cassette-one-piece-pencassette\/#organizationLogo","width":585,"height":195},"image":{"@id":"https:\/\/hidalgo.nl\/de\/product\/cassette-one-piece-pencassette\/#organizationLogo"}},{"@type":"ProductGroup","@id":"https:\/\/hidalgo.nl\/de\/product\/cassette-one-piece-pencassette\/#wooCommerceProduct","name":"Cassette one-piece pencassette","url":"https:\/\/hidalgo.nl\/de\/product\/cassette-one-piece-pencassette\/","sku":"A508-3854","image":{"@type":"ImageObject","url":"https:\/\/shop.hidalgo.nl\/wp-content\/uploads\/2025\/04\/6cb935be2d55c3fa6da2f80ee04658a89936523b9178e4100f3d34433d3b579e.jpg","@id":"https:\/\/hidalgo.nl\/de\/product\/cassette-one-piece-pencassette\/#productImage"},"productGroupID":129584,"hasVariant":[{"@type":"Product","@id":"https:\/\/hidalgo.nl\/de\/product\/cassette-one-piece-pencassette\/#wooCommerceProduct","name":"Cassette one-piece pencassette - zwart","url":"https:\/\/hidalgo.nl\/de\/product\/cassette-one-piece-pencassette\/","sku":"A508-385498","image":{"@type":"ImageObject","url":"https:\/\/shop.hidalgo.nl\/wp-content\/uploads\/2025\/05\/6cb935be2d55c3fa6da2f80ee04658a89936523b9178e4100f3d34433d3b579e.jpg","@id":"https:\/\/hidalgo.nl\/de\/product\/cassette-one-piece-pencassette\/#productImage","width":1000,"height":1000},"offers":{"@type":"Offer","url":"https:\/\/hidalgo.nl\/de\/product\/cassette-one-piece-pencassette\/#wooCommerceOffer","price":"0.51","priceCurrency":"EUR","category":"Geschenk pakketten","availability":"https:\/\/schema.org\/InStock","priceSpecification":{"@type":"PriceSpecification","price":0.51,"priceCurrency":"EUR","valueAddedTaxIncluded":"true"}}}]},{"@type":"WebPage","@id":"https:\/\/hidalgo.nl\/de\/product\/cassette-one-piece-pencassette\/#webpage","url":"https:\/\/hidalgo.nl\/de\/product\/cassette-one-piece-pencassette\/","name":"Cassette one-piece pencassette","description":"Elegante Geschenk-Box und Dose f\u00fcr Kugelschreiber, die deinen Stift sicher pr\u00e4sentiert und sch\u00fctzt. Ideal f\u00fcr Events, Messen und junge Teams. Hidalgo bedruckt die Kassette mit deinem Logo, damit dein Branding aufmerksamkeitsstark ankommt.","inLanguage":"de-DE","isPartOf":{"@id":"https:\/\/hidalgo.nl\/de\/#website"},"breadcrumb":{"@id":"https:\/\/hidalgo.nl\/de\/product\/cassette-one-piece-pencassette\/#breadcrumblist"},"image":{"@type":"ImageObject","url":"https:\/\/shop.hidalgo.nl\/wp-content\/uploads\/2025\/04\/6cb935be2d55c3fa6da2f80ee04658a89936523b9178e4100f3d34433d3b579e.jpg","@id":"https:\/\/hidalgo.nl\/de\/product\/cassette-one-piece-pencassette\/#mainImage"},"primaryImageOfPage":{"@id":"https:\/\/hidalgo.nl\/de\/product\/cassette-one-piece-pencassette\/#mainImage"},"datePublished":"2025-07-07T20:12:21+00:00","dateModified":"2026-02-26T07:39:08+00:00"},{"@type":"WebSite","@id":"https:\/\/hidalgo.nl\/de\/#website","url":"https:\/\/hidalgo.nl\/de\/","name":"Hidalgo","inLanguage":"de-DE","publisher":{"@id":"https:\/\/hidalgo.nl\/de\/#organization"}}]},"og:locale":"de_DE","og:site_name":"Hidalgo -","og:type":"article","og:title":"Cassette one-piece pencassette","og:description":"Elegante Geschenk-Box und Dose f\u00fcr Kugelschreiber, die deinen Stift sicher pr\u00e4sentiert und sch\u00fctzt. Ideal f\u00fcr Events, Messen und junge Teams. Hidalgo bedruckt die Kassette mit deinem Logo, damit dein Branding aufmerksamkeitsstark ankommt.","og:url":"https:\/\/hidalgo.nl\/de\/wp-json\/wp\/v2\/product\/129584","og:image":"https:\/\/shop.hidalgo.nl\/wp-content\/uploads\/2025\/11\/cropped-Hidalgo-est1993.png","og:image:secure_url":"https:\/\/shop.hidalgo.nl\/wp-content\/uploads\/2025\/11\/cropped-Hidalgo-est1993.png","article:published_time":"2025-07-07T20:12:21+00:00","article:modified_time":"2026-02-26T07:39:08+00:00","twitter:card":"summary_large_image","twitter:title":"Cassette one-piece pencassette","twitter:description":"Elegante Geschenk-Box und Dose f\u00fcr Kugelschreiber, die deinen Stift sicher pr\u00e4sentiert und sch\u00fctzt. Ideal f\u00fcr Events, Messen und junge Teams. Hidalgo bedruckt die Kassette mit deinem Logo, damit dein Branding aufmerksamkeitsstark ankommt.","twitter:image":"https:\/\/shop.hidalgo.nl\/wp-content\/uploads\/2025\/11\/cropped-Hidalgo-est1993.png"},"aioseo_meta_data":{"post_id":"129584","title":null,"description":null,"keywords":null,"keyphrases":null,"primary_term":null,"canonical_url":null,"og_title":null,"og_description":null,"og_object_type":"default","og_image_type":"default","og_image_url":null,"og_image_width":null,"og_image_height":null,"og_image_custom_url":null,"og_image_custom_fields":null,"og_video":null,"og_custom_url":null,"og_article_section":null,"og_article_tags":null,"twitter_use_og":false,"twitter_card":"default","twitter_image_type":"default","twitter_image_url":null,"twitter_image_custom_url":null,"twitter_image_custom_fields":null,"twitter_title":null,"twitter_description":null,"schema":{"blockGraphs":[],"customGraphs":[],"default":{"data":{"Article":[],"Course":[],"Dataset":[],"FAQPage":[],"Movie":[],"Person":[],"Product":[],"ProductReview":[],"Car":[],"Recipe":[],"Service":[],"SoftwareApplication":[],"WebPage":[]},"graphName":"","isEnabled":true},"graphs":[]},"schema_type":"default","schema_type_options":null,"pillar_content":false,"robots_default":true,"robots_noindex":false,"robots_noarchive":false,"robots_nosnippet":false,"robots_nofollow":false,"robots_noimageindex":false,"robots_noodp":false,"robots_notranslate":false,"robots_max_snippet":null,"robots_max_videopreview":null,"robots_max_imagepreview":"large","priority":null,"frequency":null,"local_seo":null,"seo_analyzer_scan_date":"2026-01-22 10:21:50","breadcrumb_settings":null,"limit_modified_date":false,"reviewed_by":null,"open_ai":null,"ai":null,"created":"2026-01-14 06:25:38","updated":"2026-04-22 23:38:47"},"aioseo_breadcrumb":"<div class=\"aioseo-breadcrumbs\"><span class=\"aioseo-breadcrumb\">\n\t<a href=\"https:\/\/hidalgo.nl\/de\/\" title=\"Home\">Home<\/a>\n<\/span><span class=\"aioseo-breadcrumb-separator\">\u00bb<\/span><span class=\"aioseo-breadcrumb\">\n\t<a href=\"https:\/\/hidalgo.nl\/example\/\" title=\"example\">example<\/a>\n<\/span><span class=\"aioseo-breadcrumb-separator\">\u00bb<\/span><span class=\"aioseo-breadcrumb\">\n\t<a href=\"https:\/\/hidalgo.nl\/en\/product-supplier\/a508\/\" title=\"A508\">A508<\/a>\n<\/span><span class=\"aioseo-breadcrumb-separator\">\u00bb<\/span><span class=\"aioseo-breadcrumb\">\n\tCassette one-piece pencassette\n<\/span><\/div>","aioseo_breadcrumb_json":[{"label":"Home","link":"https:\/\/hidalgo.nl\/de\/"},{"label":"example","link":"https:\/\/hidalgo.nl\/example\/"},{"label":"A508","link":"https:\/\/hidalgo.nl\/en\/product-supplier\/a508\/"},{"label":"Cassette one-piece pencassette","link":"https:\/\/hidalgo.nl\/de\/product\/cassette-one-piece-pencassette\/"}],"_links":{"self":[{"href":"https:\/\/hidalgo.nl\/de\/wp-json\/wp\/v2\/product\/129584","targetHints":{"allow":["GET"]}}],"collection":[{"href":"https:\/\/hidalgo.nl\/de\/wp-json\/wp\/v2\/product"}],"about":[{"href":"https:\/\/hidalgo.nl\/de\/wp-json\/wp\/v2\/types\/product"}],"wp:featuredmedia":[{"embeddable":true,"href":"https:\/\/hidalgo.nl\/de\/wp-json\/wp\/v2\/media\/577285"}],"wp:attachment":[{"href":"https:\/\/hidalgo.nl\/de\/wp-json\/wp\/v2\/media?parent=129584"}],"wp:term":[{"taxonomy":"product_brand","embeddable":true,"href":"https:\/\/hidalgo.nl\/de\/wp-json\/wp\/v2\/product_brand?post=129584"},{"taxonomy":"product_cat","embeddable":true,"href":"https:\/\/hidalgo.nl\/de\/wp-json\/wp\/v2\/product_cat?post=129584"},{"taxonomy":"product_tag","embeddable":true,"href":"https:\/\/hidalgo.nl\/de\/wp-json\/wp\/v2\/product_tag?post=129584"}],"curies":[{"name":"wp","href":"https:\/\/api.w.org\/{rel}","templated":true}]}}