{"id":129025,"date":"2025-07-07T19:57:24","date_gmt":"2025-07-07T19:57:24","guid":{"rendered":"http:\/\/bidonsenshakers.pim.hidalgo.nl\/product\/tucano-player-laptopbag-156-inch\/"},"modified":"2026-02-26T07:39:55","modified_gmt":"2026-02-26T07:39:55","slug":"tucano-player-laptopbag-156-inch","status":"publish","type":"product","link":"https:\/\/hidalgo.nl\/de\/product\/tucano-player-laptopbag-156-inch\/","title":{"rendered":"Tucano Player Laptopbag 15,6 inch rugzak"},"content":{"rendered":"<p>Moderne designer documententas van het Italiaanse merk Tucano. Gemaakt van materialen geproduceerd uit gerecycled kunststof, waaronder 19 gerecyclede PET-flessen. De tas heeft twee ruime, gewatteerde compartimenten waarvan er \u00e9\u00e9n beschikt over een stootbestendig laptopvak voor een laptop tot 15,6 inch of MacBook Pro 16 inch. Het ritsvak aan de voorzijde heeft een organiser voor het opbergen van diverse accessoires. Aan de achterzijde bevindt zicht een extra ritsvak. Met gewatteerde, verstelbare en afneembare schouderriem en dubbele gewatteerde handgreep. Compleet gevoerd. Inhoud ca. 13 liter.<\/p>\n","protected":false},"excerpt":{"rendered":"<p>Moderne designer documententas van het Italiaanse merk Tucano. Gemaakt van materialen geproduceerd uit gerecycled kunststof, waaronder 19 gerecyclede PET-flessen. De tas heeft twee ruime, gewatteerde compartimenten waarvan er \u00e9\u00e9n beschikt over een stootbestendig laptopvak voor een laptop tot 15,6 inch of MacBook Pro 16 inch. Het ritsvak aan de voorzijde heeft een organiser voor het&hellip; <a class=\"more-link\" href=\"https:\/\/hidalgo.nl\/de\/product\/tucano-player-laptopbag-156-inch\/\"><span class=\"screen-reader-text\">Tucano Player Laptopbag 15,6 inch rugzak<\/span> weiterlesen<\/a><\/p>\n","protected":false},"featured_media":577348,"template":"","meta":{"_acf_changed":false,"om_disable_all_campaigns":false,"_monsterinsights_skip_tracking":false,"_monsterinsights_sitenote_active":false,"_monsterinsights_sitenote_note":"","_monsterinsights_sitenote_category":0},"product_brand":[1903],"product_cat":[4760,4873,4713],"product_tag":[],"class_list":{"0":"post-129025","1":"product","2":"type-product","3":"status-publish","4":"has-post-thumbnail","6":"product_supplier-a508","7":"product_material-gerecycled-plastic","8":"product_brand-tucano","9":"product_cat-document-tassen","10":"product_cat-laptop-tassen","11":"product_cat-tassen","12":"entry","14":"first","15":"instock","16":"taxable","17":"shipping-taxable","18":"purchasable","19":"product-type-variable"},"acf":{"imprint_cost":[{"imprint_cost_key":"79b1bfa4f8196530a256e2bc7bb40ad5551d14e4","product_quantity_price_range":[{"imprint_cost_recommended_selling_price":"2.34","imprint_cost_recommended_selling_quantity":"1"},{"imprint_cost_recommended_selling_price":"2.07","imprint_cost_recommended_selling_quantity":"25"},{"imprint_cost_recommended_selling_price":"1.44","imprint_cost_recommended_selling_quantity":"50"},{"imprint_cost_recommended_selling_price":"0.96","imprint_cost_recommended_selling_quantity":"100"},{"imprint_cost_recommended_selling_price":"0.75","imprint_cost_recommended_selling_quantity":"250"},{"imprint_cost_recommended_selling_price":"0.63","imprint_cost_recommended_selling_quantity":"500"},{"imprint_cost_recommended_selling_price":"0.57","imprint_cost_recommended_selling_quantity":"1000"},{"imprint_cost_recommended_selling_price":"0.465","imprint_cost_recommended_selling_quantity":"2500"},{"imprint_cost_recommended_selling_price":"0.435","imprint_cost_recommended_selling_quantity":"5000"}],"product_quantity_price_range_buying":[{"imprint_cost_general_buying_price":"1.56","imprint_cost_general_buying_quantity":"1"},{"imprint_cost_general_buying_price":"1.38","imprint_cost_general_buying_quantity":"25"},{"imprint_cost_general_buying_price":"0.96","imprint_cost_general_buying_quantity":"50"},{"imprint_cost_general_buying_price":"0.64","imprint_cost_general_buying_quantity":"100"},{"imprint_cost_general_buying_price":"0.5","imprint_cost_general_buying_quantity":"250"},{"imprint_cost_general_buying_price":"0.42","imprint_cost_general_buying_quantity":"500"},{"imprint_cost_general_buying_price":"0.38","imprint_cost_general_buying_quantity":"1000"},{"imprint_cost_general_buying_price":"0.31","imprint_cost_general_buying_quantity":"2500"},{"imprint_cost_general_buying_price":"0.29","imprint_cost_general_buying_quantity":"5000"}],"imprint_cost_setup_costs":"45","imprint_cost_handling_costs":"0.12"},{"imprint_cost_key":"119d38dfb9d8dc37f29f1ea6b165ed805a147488","product_quantity_price_range":[{"imprint_cost_recommended_selling_price":"2.34","imprint_cost_recommended_selling_quantity":"1"},{"imprint_cost_recommended_selling_price":"2.07","imprint_cost_recommended_selling_quantity":"25"},{"imprint_cost_recommended_selling_price":"1.44","imprint_cost_recommended_selling_quantity":"50"},{"imprint_cost_recommended_selling_price":"0.96","imprint_cost_recommended_selling_quantity":"100"},{"imprint_cost_recommended_selling_price":"0.75","imprint_cost_recommended_selling_quantity":"250"},{"imprint_cost_recommended_selling_price":"0.63","imprint_cost_recommended_selling_quantity":"500"},{"imprint_cost_recommended_selling_price":"0.57","imprint_cost_recommended_selling_quantity":"1000"},{"imprint_cost_recommended_selling_price":"0.465","imprint_cost_recommended_selling_quantity":"2500"},{"imprint_cost_recommended_selling_price":"0.435","imprint_cost_recommended_selling_quantity":"5000"}],"product_quantity_price_range_buying":[{"imprint_cost_general_buying_price":"1.56","imprint_cost_general_buying_quantity":"1"},{"imprint_cost_general_buying_price":"1.38","imprint_cost_general_buying_quantity":"25"},{"imprint_cost_general_buying_price":"0.96","imprint_cost_general_buying_quantity":"50"},{"imprint_cost_general_buying_price":"0.64","imprint_cost_general_buying_quantity":"100"},{"imprint_cost_general_buying_price":"0.5","imprint_cost_general_buying_quantity":"250"},{"imprint_cost_general_buying_price":"0.42","imprint_cost_general_buying_quantity":"500"},{"imprint_cost_general_buying_price":"0.38","imprint_cost_general_buying_quantity":"1000"},{"imprint_cost_general_buying_price":"0.31","imprint_cost_general_buying_quantity":"2500"},{"imprint_cost_general_buying_price":"0.29","imprint_cost_general_buying_quantity":"5000"}],"imprint_cost_setup_costs":"45","imprint_cost_handling_costs":"0.12"}]},"aioseo_notices":[],"aioseo_head":"\n\t\t<!-- All in One SEO Pro 4.9.6.2 - aioseo.com -->\n\t<meta name=\"description\" content=\"Diese praktische Tasche f\u00fcr Laptop sch\u00fctzt dein Ger\u00e4t bis 15,6 Zoll und deine Unterlagen mit zwei gepolsterten F\u00e4chern, gefertigt aus 19 recycelten PET-Flaschen. Du l\u00e4sst sie bei Hidalgo mit deinem Logo bedrucken - ideal f\u00fcr Job, Studium &amp; Events.\" \/>\n\t<meta name=\"robots\" content=\"max-image-preview:large\" \/>\n\t<link rel=\"canonical\" href=\"https:\/\/hidalgo.nl\/de\/wp-json\/wp\/v2\/product\/129025\" \/>\n\t<meta name=\"generator\" content=\"All in One SEO Pro (AIOSEO) 4.9.6.2\" \/>\n\t\t<meta property=\"og:locale\" content=\"de_DE\" \/>\n\t\t<meta property=\"og:site_name\" content=\"Hidalgo -\" \/>\n\t\t<meta property=\"og:type\" content=\"article\" \/>\n\t\t<meta property=\"og:title\" content=\"Tucano Player Laptopbag 15,6 inch rugzak\" \/>\n\t\t<meta property=\"og:description\" content=\"Diese praktische Tasche f\u00fcr Laptop sch\u00fctzt dein Ger\u00e4t bis 15,6 Zoll und deine Unterlagen mit zwei gepolsterten F\u00e4chern, gefertigt aus 19 recycelten PET-Flaschen. Du l\u00e4sst sie bei Hidalgo mit deinem Logo bedrucken - ideal f\u00fcr Job, Studium &amp; Events.\" \/>\n\t\t<meta property=\"og:url\" content=\"https:\/\/hidalgo.nl\/de\/wp-json\/wp\/v2\/product\/129025\" \/>\n\t\t<meta property=\"og:image\" content=\"https:\/\/shop.hidalgo.nl\/wp-content\/uploads\/2025\/11\/cropped-Hidalgo-est1993.png\" \/>\n\t\t<meta property=\"og:image:secure_url\" content=\"https:\/\/shop.hidalgo.nl\/wp-content\/uploads\/2025\/11\/cropped-Hidalgo-est1993.png\" \/>\n\t\t<meta property=\"article:published_time\" content=\"2025-07-07T19:57:24+00:00\" \/>\n\t\t<meta property=\"article:modified_time\" content=\"2026-02-26T07:39:55+00:00\" \/>\n\t\t<meta name=\"twitter:card\" content=\"summary_large_image\" \/>\n\t\t<meta name=\"twitter:title\" content=\"Tucano Player Laptopbag 15,6 inch rugzak\" \/>\n\t\t<meta name=\"twitter:description\" content=\"Diese praktische Tasche f\u00fcr Laptop sch\u00fctzt dein Ger\u00e4t bis 15,6 Zoll und deine Unterlagen mit zwei gepolsterten F\u00e4chern, gefertigt aus 19 recycelten PET-Flaschen. Du l\u00e4sst sie bei Hidalgo mit deinem Logo bedrucken - ideal f\u00fcr Job, Studium &amp; Events.\" \/>\n\t\t<meta name=\"twitter:image\" content=\"https:\/\/shop.hidalgo.nl\/wp-content\/uploads\/2025\/11\/cropped-Hidalgo-est1993.png\" \/>\n\t\t<script type=\"application\/ld+json\" class=\"aioseo-schema\">\n\t\t\t{\"@context\":\"https:\\\/\\\/schema.org\",\"@graph\":[{\"@type\":\"BreadcrumbList\",\"@id\":\"https:\\\/\\\/hidalgo.nl\\\/de\\\/product\\\/tucano-player-laptopbag-156-inch\\\/#breadcrumblist\",\"itemListElement\":[{\"@type\":\"ListItem\",\"@id\":\"https:\\\/\\\/hidalgo.nl\\\/de\\\/#listItem\",\"position\":1,\"name\":\"Home\",\"item\":\"https:\\\/\\\/hidalgo.nl\\\/de\\\/\",\"nextItem\":{\"@type\":\"ListItem\",\"@id\":\"https:\\\/\\\/hidalgo.nl\\\/example\\\/#listItem\",\"name\":\"example\"}},{\"@type\":\"ListItem\",\"@id\":\"https:\\\/\\\/hidalgo.nl\\\/example\\\/#listItem\",\"position\":2,\"name\":\"example\",\"item\":\"https:\\\/\\\/hidalgo.nl\\\/example\\\/\",\"nextItem\":{\"@type\":\"ListItem\",\"@id\":\"https:\\\/\\\/hidalgo.nl\\\/en\\\/product-supplier\\\/a508\\\/#listItem\",\"name\":\"A508\"},\"previousItem\":{\"@type\":\"ListItem\",\"@id\":\"https:\\\/\\\/hidalgo.nl\\\/de\\\/#listItem\",\"name\":\"Home\"}},{\"@type\":\"ListItem\",\"@id\":\"https:\\\/\\\/hidalgo.nl\\\/en\\\/product-supplier\\\/a508\\\/#listItem\",\"position\":3,\"name\":\"A508\",\"item\":\"https:\\\/\\\/hidalgo.nl\\\/en\\\/product-supplier\\\/a508\\\/\",\"nextItem\":{\"@type\":\"ListItem\",\"@id\":\"https:\\\/\\\/hidalgo.nl\\\/de\\\/product\\\/tucano-player-laptopbag-156-inch\\\/#listItem\",\"name\":\"Tucano Player Laptopbag 15,6 inch rugzak\"},\"previousItem\":{\"@type\":\"ListItem\",\"@id\":\"https:\\\/\\\/hidalgo.nl\\\/example\\\/#listItem\",\"name\":\"example\"}},{\"@type\":\"ListItem\",\"@id\":\"https:\\\/\\\/hidalgo.nl\\\/de\\\/product\\\/tucano-player-laptopbag-156-inch\\\/#listItem\",\"position\":4,\"name\":\"Tucano Player Laptopbag 15,6 inch rugzak\",\"previousItem\":{\"@type\":\"ListItem\",\"@id\":\"https:\\\/\\\/hidalgo.nl\\\/en\\\/product-supplier\\\/a508\\\/#listItem\",\"name\":\"A508\"}}]},{\"@type\":\"Organization\",\"@id\":\"https:\\\/\\\/hidalgo.nl\\\/de\\\/#organization\",\"name\":\"Hidalgo\",\"url\":\"https:\\\/\\\/hidalgo.nl\\\/de\\\/\",\"logo\":{\"@type\":\"ImageObject\",\"url\":\"https:\\\/\\\/shop.hidalgo.nl\\\/wp-content\\\/uploads\\\/2025\\\/11\\\/cropped-Hidalgo-est1993.png\",\"@id\":\"https:\\\/\\\/hidalgo.nl\\\/de\\\/product\\\/tucano-player-laptopbag-156-inch\\\/#organizationLogo\",\"width\":585,\"height\":195},\"image\":{\"@id\":\"https:\\\/\\\/hidalgo.nl\\\/de\\\/product\\\/tucano-player-laptopbag-156-inch\\\/#organizationLogo\"}},{\"@type\":\"ProductGroup\",\"@id\":\"https:\\\/\\\/hidalgo.nl\\\/de\\\/product\\\/tucano-player-laptopbag-156-inch\\\/#wooCommerceProduct\",\"name\":\"Tucano Player Laptopbag 15,6 inch rugzak\",\"url\":\"https:\\\/\\\/hidalgo.nl\\\/de\\\/product\\\/tucano-player-laptopbag-156-inch\\\/\",\"brand\":{\"@type\":\"Brand\",\"name\":\"TUCANO\"},\"sku\":\"A508-2940\",\"image\":{\"@type\":\"ImageObject\",\"url\":\"https:\\\/\\\/shop.hidalgo.nl\\\/wp-content\\\/uploads\\\/2025\\\/05\\\/14021a0223c30486446fb71b21084e1e2e1673915d07297ead1768f8f800ac05.jpg\",\"@id\":\"https:\\\/\\\/hidalgo.nl\\\/de\\\/product\\\/tucano-player-laptopbag-156-inch\\\/#productImage\"},\"productGroupID\":129025,\"hasVariant\":[{\"@type\":\"Product\",\"@id\":\"https:\\\/\\\/hidalgo.nl\\\/de\\\/product\\\/tucano-player-laptopbag-156-inch\\\/#wooCommerceProduct\",\"name\":\"Tucano Player Laptopbag 15,6 inch rugzak - zwart\",\"url\":\"https:\\\/\\\/hidalgo.nl\\\/de\\\/product\\\/tucano-player-laptopbag-156-inch\\\/\",\"sku\":\"A508-294098\",\"image\":{\"@type\":\"ImageObject\",\"url\":\"https:\\\/\\\/shop.hidalgo.nl\\\/wp-content\\\/uploads\\\/2025\\\/07\\\/14021a0223c30486446fb71b21084e1e2e1673915d07297ead1768f8f800ac05.jpg\",\"@id\":\"https:\\\/\\\/hidalgo.nl\\\/de\\\/product\\\/tucano-player-laptopbag-156-inch\\\/#productImage\",\"width\":1000,\"height\":1000},\"offers\":{\"@type\":\"Offer\",\"url\":\"https:\\\/\\\/hidalgo.nl\\\/de\\\/product\\\/tucano-player-laptopbag-156-inch\\\/#wooCommerceOffer\",\"price\":\"52.425\",\"priceCurrency\":\"EUR\",\"category\":\"Tassen\",\"availability\":\"https:\\\/\\\/schema.org\\\/InStock\",\"priceSpecification\":{\"@type\":\"PriceSpecification\",\"price\":52.425,\"priceCurrency\":\"EUR\",\"valueAddedTaxIncluded\":\"true\"}}}]},{\"@type\":\"WebPage\",\"@id\":\"https:\\\/\\\/hidalgo.nl\\\/de\\\/product\\\/tucano-player-laptopbag-156-inch\\\/#webpage\",\"url\":\"https:\\\/\\\/hidalgo.nl\\\/de\\\/product\\\/tucano-player-laptopbag-156-inch\\\/\",\"name\":\"Tucano Player Laptopbag 15,6 inch rugzak\",\"description\":\"Diese praktische Tasche f\\u00fcr Laptop sch\\u00fctzt dein Ger\\u00e4t bis 15,6 Zoll und deine Unterlagen mit zwei gepolsterten F\\u00e4chern, gefertigt aus 19 recycelten PET-Flaschen. Du l\\u00e4sst sie bei Hidalgo mit deinem Logo bedrucken - ideal f\\u00fcr Job, Studium & Events.\",\"inLanguage\":\"de-DE\",\"isPartOf\":{\"@id\":\"https:\\\/\\\/hidalgo.nl\\\/de\\\/#website\"},\"breadcrumb\":{\"@id\":\"https:\\\/\\\/hidalgo.nl\\\/de\\\/product\\\/tucano-player-laptopbag-156-inch\\\/#breadcrumblist\"},\"image\":{\"@type\":\"ImageObject\",\"url\":\"https:\\\/\\\/shop.hidalgo.nl\\\/wp-content\\\/uploads\\\/2025\\\/05\\\/14021a0223c30486446fb71b21084e1e2e1673915d07297ead1768f8f800ac05.jpg\",\"@id\":\"https:\\\/\\\/hidalgo.nl\\\/de\\\/product\\\/tucano-player-laptopbag-156-inch\\\/#mainImage\"},\"primaryImageOfPage\":{\"@id\":\"https:\\\/\\\/hidalgo.nl\\\/de\\\/product\\\/tucano-player-laptopbag-156-inch\\\/#mainImage\"},\"datePublished\":\"2025-07-07T19:57:24+00:00\",\"dateModified\":\"2026-02-26T07:39:55+00:00\"},{\"@type\":\"WebSite\",\"@id\":\"https:\\\/\\\/hidalgo.nl\\\/de\\\/#website\",\"url\":\"https:\\\/\\\/hidalgo.nl\\\/de\\\/\",\"name\":\"Hidalgo\",\"inLanguage\":\"de-DE\",\"publisher\":{\"@id\":\"https:\\\/\\\/hidalgo.nl\\\/de\\\/#organization\"}}]}\n\t\t<\/script>\n\t\t<!-- All in One SEO Pro -->\r\n\t\t<title>Tucano Player Laptopbag 15,6 inch rugzak<\/title>\n\n","aioseo_head_json":{"title":"Tucano Player Laptopbag 15,6 inch rugzak","description":"Diese praktische Tasche f\u00fcr Laptop sch\u00fctzt dein Ger\u00e4t bis 15,6 Zoll und deine Unterlagen mit zwei gepolsterten F\u00e4chern, gefertigt aus 19 recycelten PET-Flaschen. Du l\u00e4sst sie bei Hidalgo mit deinem Logo bedrucken - ideal f\u00fcr Job, Studium & Events.","canonical_url":"https:\/\/hidalgo.nl\/de\/wp-json\/wp\/v2\/product\/129025","robots":"max-image-preview:large","keywords":"","webmasterTools":{"miscellaneous":""},"schema":{"@context":"https:\/\/schema.org","@graph":[{"@type":"BreadcrumbList","@id":"https:\/\/hidalgo.nl\/de\/product\/tucano-player-laptopbag-156-inch\/#breadcrumblist","itemListElement":[{"@type":"ListItem","@id":"https:\/\/hidalgo.nl\/de\/#listItem","position":1,"name":"Home","item":"https:\/\/hidalgo.nl\/de\/","nextItem":{"@type":"ListItem","@id":"https:\/\/hidalgo.nl\/example\/#listItem","name":"example"}},{"@type":"ListItem","@id":"https:\/\/hidalgo.nl\/example\/#listItem","position":2,"name":"example","item":"https:\/\/hidalgo.nl\/example\/","nextItem":{"@type":"ListItem","@id":"https:\/\/hidalgo.nl\/en\/product-supplier\/a508\/#listItem","name":"A508"},"previousItem":{"@type":"ListItem","@id":"https:\/\/hidalgo.nl\/de\/#listItem","name":"Home"}},{"@type":"ListItem","@id":"https:\/\/hidalgo.nl\/en\/product-supplier\/a508\/#listItem","position":3,"name":"A508","item":"https:\/\/hidalgo.nl\/en\/product-supplier\/a508\/","nextItem":{"@type":"ListItem","@id":"https:\/\/hidalgo.nl\/de\/product\/tucano-player-laptopbag-156-inch\/#listItem","name":"Tucano Player Laptopbag 15,6 inch rugzak"},"previousItem":{"@type":"ListItem","@id":"https:\/\/hidalgo.nl\/example\/#listItem","name":"example"}},{"@type":"ListItem","@id":"https:\/\/hidalgo.nl\/de\/product\/tucano-player-laptopbag-156-inch\/#listItem","position":4,"name":"Tucano Player Laptopbag 15,6 inch rugzak","previousItem":{"@type":"ListItem","@id":"https:\/\/hidalgo.nl\/en\/product-supplier\/a508\/#listItem","name":"A508"}}]},{"@type":"Organization","@id":"https:\/\/hidalgo.nl\/de\/#organization","name":"Hidalgo","url":"https:\/\/hidalgo.nl\/de\/","logo":{"@type":"ImageObject","url":"https:\/\/shop.hidalgo.nl\/wp-content\/uploads\/2025\/11\/cropped-Hidalgo-est1993.png","@id":"https:\/\/hidalgo.nl\/de\/product\/tucano-player-laptopbag-156-inch\/#organizationLogo","width":585,"height":195},"image":{"@id":"https:\/\/hidalgo.nl\/de\/product\/tucano-player-laptopbag-156-inch\/#organizationLogo"}},{"@type":"ProductGroup","@id":"https:\/\/hidalgo.nl\/de\/product\/tucano-player-laptopbag-156-inch\/#wooCommerceProduct","name":"Tucano Player Laptopbag 15,6 inch rugzak","url":"https:\/\/hidalgo.nl\/de\/product\/tucano-player-laptopbag-156-inch\/","brand":{"@type":"Brand","name":"TUCANO"},"sku":"A508-2940","image":{"@type":"ImageObject","url":"https:\/\/shop.hidalgo.nl\/wp-content\/uploads\/2025\/05\/14021a0223c30486446fb71b21084e1e2e1673915d07297ead1768f8f800ac05.jpg","@id":"https:\/\/hidalgo.nl\/de\/product\/tucano-player-laptopbag-156-inch\/#productImage"},"productGroupID":129025,"hasVariant":[{"@type":"Product","@id":"https:\/\/hidalgo.nl\/de\/product\/tucano-player-laptopbag-156-inch\/#wooCommerceProduct","name":"Tucano Player Laptopbag 15,6 inch rugzak - zwart","url":"https:\/\/hidalgo.nl\/de\/product\/tucano-player-laptopbag-156-inch\/","sku":"A508-294098","image":{"@type":"ImageObject","url":"https:\/\/shop.hidalgo.nl\/wp-content\/uploads\/2025\/07\/14021a0223c30486446fb71b21084e1e2e1673915d07297ead1768f8f800ac05.jpg","@id":"https:\/\/hidalgo.nl\/de\/product\/tucano-player-laptopbag-156-inch\/#productImage","width":1000,"height":1000},"offers":{"@type":"Offer","url":"https:\/\/hidalgo.nl\/de\/product\/tucano-player-laptopbag-156-inch\/#wooCommerceOffer","price":"52.425","priceCurrency":"EUR","category":"Tassen","availability":"https:\/\/schema.org\/InStock","priceSpecification":{"@type":"PriceSpecification","price":52.425,"priceCurrency":"EUR","valueAddedTaxIncluded":"true"}}}]},{"@type":"WebPage","@id":"https:\/\/hidalgo.nl\/de\/product\/tucano-player-laptopbag-156-inch\/#webpage","url":"https:\/\/hidalgo.nl\/de\/product\/tucano-player-laptopbag-156-inch\/","name":"Tucano Player Laptopbag 15,6 inch rugzak","description":"Diese praktische Tasche f\u00fcr Laptop sch\u00fctzt dein Ger\u00e4t bis 15,6 Zoll und deine Unterlagen mit zwei gepolsterten F\u00e4chern, gefertigt aus 19 recycelten PET-Flaschen. Du l\u00e4sst sie bei Hidalgo mit deinem Logo bedrucken - ideal f\u00fcr Job, Studium & Events.","inLanguage":"de-DE","isPartOf":{"@id":"https:\/\/hidalgo.nl\/de\/#website"},"breadcrumb":{"@id":"https:\/\/hidalgo.nl\/de\/product\/tucano-player-laptopbag-156-inch\/#breadcrumblist"},"image":{"@type":"ImageObject","url":"https:\/\/shop.hidalgo.nl\/wp-content\/uploads\/2025\/05\/14021a0223c30486446fb71b21084e1e2e1673915d07297ead1768f8f800ac05.jpg","@id":"https:\/\/hidalgo.nl\/de\/product\/tucano-player-laptopbag-156-inch\/#mainImage"},"primaryImageOfPage":{"@id":"https:\/\/hidalgo.nl\/de\/product\/tucano-player-laptopbag-156-inch\/#mainImage"},"datePublished":"2025-07-07T19:57:24+00:00","dateModified":"2026-02-26T07:39:55+00:00"},{"@type":"WebSite","@id":"https:\/\/hidalgo.nl\/de\/#website","url":"https:\/\/hidalgo.nl\/de\/","name":"Hidalgo","inLanguage":"de-DE","publisher":{"@id":"https:\/\/hidalgo.nl\/de\/#organization"}}]},"og:locale":"de_DE","og:site_name":"Hidalgo -","og:type":"article","og:title":"Tucano Player Laptopbag 15,6 inch rugzak","og:description":"Diese praktische Tasche f\u00fcr Laptop sch\u00fctzt dein Ger\u00e4t bis 15,6 Zoll und deine Unterlagen mit zwei gepolsterten F\u00e4chern, gefertigt aus 19 recycelten PET-Flaschen. Du l\u00e4sst sie bei Hidalgo mit deinem Logo bedrucken - ideal f\u00fcr Job, Studium &amp; Events.","og:url":"https:\/\/hidalgo.nl\/de\/wp-json\/wp\/v2\/product\/129025","og:image":"https:\/\/shop.hidalgo.nl\/wp-content\/uploads\/2025\/11\/cropped-Hidalgo-est1993.png","og:image:secure_url":"https:\/\/shop.hidalgo.nl\/wp-content\/uploads\/2025\/11\/cropped-Hidalgo-est1993.png","article:published_time":"2025-07-07T19:57:24+00:00","article:modified_time":"2026-02-26T07:39:55+00:00","twitter:card":"summary_large_image","twitter:title":"Tucano Player Laptopbag 15,6 inch rugzak","twitter:description":"Diese praktische Tasche f\u00fcr Laptop sch\u00fctzt dein Ger\u00e4t bis 15,6 Zoll und deine Unterlagen mit zwei gepolsterten F\u00e4chern, gefertigt aus 19 recycelten PET-Flaschen. Du l\u00e4sst sie bei Hidalgo mit deinem Logo bedrucken - ideal f\u00fcr Job, Studium &amp; Events.","twitter:image":"https:\/\/shop.hidalgo.nl\/wp-content\/uploads\/2025\/11\/cropped-Hidalgo-est1993.png"},"aioseo_meta_data":{"post_id":"129025","title":null,"description":null,"keywords":null,"keyphrases":null,"primary_term":null,"canonical_url":null,"og_title":null,"og_description":null,"og_object_type":"default","og_image_type":"default","og_image_url":null,"og_image_width":null,"og_image_height":null,"og_image_custom_url":null,"og_image_custom_fields":null,"og_video":null,"og_custom_url":null,"og_article_section":null,"og_article_tags":null,"twitter_use_og":false,"twitter_card":"default","twitter_image_type":"default","twitter_image_url":null,"twitter_image_custom_url":null,"twitter_image_custom_fields":null,"twitter_title":null,"twitter_description":null,"schema":{"blockGraphs":[],"customGraphs":[],"default":{"data":{"Article":[],"Course":[],"Dataset":[],"FAQPage":[],"Movie":[],"Person":[],"Product":[],"ProductReview":[],"Car":[],"Recipe":[],"Service":[],"SoftwareApplication":[],"WebPage":[]},"graphName":"","isEnabled":true},"graphs":[]},"schema_type":"default","schema_type_options":null,"pillar_content":false,"robots_default":true,"robots_noindex":false,"robots_noarchive":false,"robots_nosnippet":false,"robots_nofollow":false,"robots_noimageindex":false,"robots_noodp":false,"robots_notranslate":false,"robots_max_snippet":null,"robots_max_videopreview":null,"robots_max_imagepreview":"large","priority":null,"frequency":null,"local_seo":null,"seo_analyzer_scan_date":"2026-01-22 10:13:32","breadcrumb_settings":null,"limit_modified_date":false,"reviewed_by":null,"open_ai":null,"ai":null,"created":"2026-01-14 06:25:38","updated":"2026-04-22 23:35:00"},"aioseo_breadcrumb":"<div class=\"aioseo-breadcrumbs\"><span class=\"aioseo-breadcrumb\">\n\t<a href=\"https:\/\/hidalgo.nl\/de\/\" title=\"Home\">Home<\/a>\n<\/span><span class=\"aioseo-breadcrumb-separator\">\u00bb<\/span><span class=\"aioseo-breadcrumb\">\n\t<a href=\"https:\/\/hidalgo.nl\/example\/\" title=\"example\">example<\/a>\n<\/span><span class=\"aioseo-breadcrumb-separator\">\u00bb<\/span><span class=\"aioseo-breadcrumb\">\n\t<a href=\"https:\/\/hidalgo.nl\/en\/product-supplier\/a508\/\" title=\"A508\">A508<\/a>\n<\/span><span class=\"aioseo-breadcrumb-separator\">\u00bb<\/span><span class=\"aioseo-breadcrumb\">\n\tTucano Player Laptopbag 15,6 inch rugzak\n<\/span><\/div>","aioseo_breadcrumb_json":[{"label":"Home","link":"https:\/\/hidalgo.nl\/de\/"},{"label":"example","link":"https:\/\/hidalgo.nl\/example\/"},{"label":"A508","link":"https:\/\/hidalgo.nl\/en\/product-supplier\/a508\/"},{"label":"Tucano Player Laptopbag 15,6 inch rugzak","link":"https:\/\/hidalgo.nl\/de\/product\/tucano-player-laptopbag-156-inch\/"}],"_links":{"self":[{"href":"https:\/\/hidalgo.nl\/de\/wp-json\/wp\/v2\/product\/129025","targetHints":{"allow":["GET"]}}],"collection":[{"href":"https:\/\/hidalgo.nl\/de\/wp-json\/wp\/v2\/product"}],"about":[{"href":"https:\/\/hidalgo.nl\/de\/wp-json\/wp\/v2\/types\/product"}],"wp:featuredmedia":[{"embeddable":true,"href":"https:\/\/hidalgo.nl\/de\/wp-json\/wp\/v2\/media\/577348"}],"wp:attachment":[{"href":"https:\/\/hidalgo.nl\/de\/wp-json\/wp\/v2\/media?parent=129025"}],"wp:term":[{"taxonomy":"product_brand","embeddable":true,"href":"https:\/\/hidalgo.nl\/de\/wp-json\/wp\/v2\/product_brand?post=129025"},{"taxonomy":"product_cat","embeddable":true,"href":"https:\/\/hidalgo.nl\/de\/wp-json\/wp\/v2\/product_cat?post=129025"},{"taxonomy":"product_tag","embeddable":true,"href":"https:\/\/hidalgo.nl\/de\/wp-json\/wp\/v2\/product_tag?post=129025"}],"curies":[{"name":"wp","href":"https:\/\/api.w.org\/{rel}","templated":true}]}}