{"id":128675,"date":"2025-07-07T19:48:53","date_gmt":"2025-07-07T19:48:53","guid":{"rendered":"http:\/\/bidonsenshakers.pim.hidalgo.nl\/product\/janzen-direct-mail-giftset-skin-90-3-items\/"},"modified":"2026-02-26T07:40:29","modified_gmt":"2026-02-26T07:40:29","slug":"janzen-direct-mail-giftset-skin-90-3-items","status":"publish","type":"product","link":"https:\/\/hidalgo.nl\/de\/product\/janzen-direct-mail-giftset-skin-90-3-items\/","title":{"rendered":"JANZEN Direct Mail Giftset Skin 90 &#8211; 3 items"},"content":{"rendered":"<p>Brievenbuspakket met 3 verzorgingsproducten in de geur Skin 90 van het merk JANZEN. Inhoud: \u2022 Shower Gel &#8211; 50 ml \u2022 Hand &amp; Body Lotion &#8211; 50 ml \u2022 Shampoo &#8211; 50 ml.    Opgewekt en vrolijk, dat is Skin 90. De kersenbloesem heeft in Japan een haast heilige status. Met haar lichtroze blaadjes en aangename geur is de boom een waar feest voor de zintuigen. Het subtiele van de kersenbloesem wordt in dit parfum afgewisseld met het frisse van de lelie en krachtige van de tonkaboon.    Deze giftset zit in een stijlvolle verpakking die qua formaat perfect door de brievenbus past. Ideaal als direct mailing en een persoonlijke attentie voor de ontvanger.<\/p>\n","protected":false},"excerpt":{"rendered":"<p>Brievenbuspakket met 3 verzorgingsproducten in de geur Skin 90 van het merk JANZEN. Inhoud: \u2022 Shower Gel &#8211; 50 ml \u2022 Hand &amp; Body Lotion &#8211; 50 ml \u2022 Shampoo &#8211; 50 ml. Opgewekt en vrolijk, dat is Skin 90. De kersenbloesem heeft in Japan een haast heilige status. Met haar lichtroze blaadjes en aangename&hellip; <a class=\"more-link\" href=\"https:\/\/hidalgo.nl\/de\/product\/janzen-direct-mail-giftset-skin-90-3-items\/\"><span class=\"screen-reader-text\">JANZEN Direct Mail Giftset Skin 90 &#8211; 3 items<\/span> weiterlesen<\/a><\/p>\n","protected":false},"featured_media":577610,"template":"","meta":{"_acf_changed":false,"om_disable_all_campaigns":false,"_monsterinsights_skip_tracking":false,"_monsterinsights_sitenote_active":false,"_monsterinsights_sitenote_note":"","_monsterinsights_sitenote_category":0},"product_brand":[1895],"product_cat":[4762,4763],"product_tag":[],"class_list":{"0":"post-128675","1":"product","2":"type-product","3":"status-publish","4":"has-post-thumbnail","6":"product_supplier-a508","7":"product_material-plastic","8":"product_brand-janzen","9":"product_cat-geschenk-pakketten","10":"product_cat-geschenk-pakketten-persoonlijke-verzorgings-set","11":"entry","13":"first","14":"instock","15":"taxable","16":"shipping-taxable","17":"purchasable","18":"product-type-variable"},"acf":{"imprint_cost":[{"imprint_cost_key":"52959c13dd7a5beb7dfdd661eb5704516d85280c","product_quantity_price_range":[{"imprint_cost_recommended_selling_price":"3.285","imprint_cost_recommended_selling_quantity":"1"},{"imprint_cost_recommended_selling_price":"1.875","imprint_cost_recommended_selling_quantity":"25"},{"imprint_cost_recommended_selling_price":"1.125","imprint_cost_recommended_selling_quantity":"50"},{"imprint_cost_recommended_selling_price":"0.75","imprint_cost_recommended_selling_quantity":"100"},{"imprint_cost_recommended_selling_price":"0.585","imprint_cost_recommended_selling_quantity":"250"},{"imprint_cost_recommended_selling_price":"0.495","imprint_cost_recommended_selling_quantity":"500"},{"imprint_cost_recommended_selling_price":"0.435","imprint_cost_recommended_selling_quantity":"1000"},{"imprint_cost_recommended_selling_price":"0.375","imprint_cost_recommended_selling_quantity":"2500"},{"imprint_cost_recommended_selling_price":"0.33","imprint_cost_recommended_selling_quantity":"5000"}],"product_quantity_price_range_buying":[{"imprint_cost_general_buying_price":"2.19","imprint_cost_general_buying_quantity":"1"},{"imprint_cost_general_buying_price":"1.25","imprint_cost_general_buying_quantity":"25"},{"imprint_cost_general_buying_price":"0.75","imprint_cost_general_buying_quantity":"50"},{"imprint_cost_general_buying_price":"0.5","imprint_cost_general_buying_quantity":"100"},{"imprint_cost_general_buying_price":"0.39","imprint_cost_general_buying_quantity":"250"},{"imprint_cost_general_buying_price":"0.33","imprint_cost_general_buying_quantity":"500"},{"imprint_cost_general_buying_price":"0.29","imprint_cost_general_buying_quantity":"1000"},{"imprint_cost_general_buying_price":"0.25","imprint_cost_general_buying_quantity":"2500"},{"imprint_cost_general_buying_price":"0.22","imprint_cost_general_buying_quantity":"5000"}],"imprint_cost_setup_costs":"60","imprint_cost_handling_costs":"0.24"}]},"aioseo_notices":[],"aioseo_head":"\n\t\t<!-- All in One SEO Pro 4.9.6.2 - aioseo.com -->\n\t<meta name=\"description\" content=\"Pflege-Set im Briefkastenformat: Duschgel, Hand &amp; Body Lotion, Shampoo je 50 ml, Duft Skin 90 mit Kirschbl\u00fcte, Lilie &amp; Tonkabohne. Perfekt f\u00fcr Direct Mailings an 20-40-J\u00e4hrige; Hidalgo bedruckt die Verpackung mit deinem Logo - ideal als personalisiertes Werbegeschenk.\" \/>\n\t<meta name=\"robots\" content=\"max-image-preview:large\" \/>\n\t<link rel=\"canonical\" href=\"https:\/\/hidalgo.nl\/de\/wp-json\/wp\/v2\/product\/128675\" \/>\n\t<meta name=\"generator\" content=\"All in One SEO Pro (AIOSEO) 4.9.6.2\" \/>\n\t\t<meta property=\"og:locale\" content=\"de_DE\" \/>\n\t\t<meta property=\"og:site_name\" content=\"Hidalgo -\" \/>\n\t\t<meta property=\"og:type\" content=\"article\" \/>\n\t\t<meta property=\"og:title\" content=\"JANZEN Direct Mail Giftset Skin 90 \u2013 3 items\" \/>\n\t\t<meta property=\"og:description\" content=\"Pflege-Set im Briefkastenformat: Duschgel, Hand &amp; Body Lotion, Shampoo je 50 ml, Duft Skin 90 mit Kirschbl\u00fcte, Lilie &amp; Tonkabohne. Perfekt f\u00fcr Direct Mailings an 20-40-J\u00e4hrige; Hidalgo bedruckt die Verpackung mit deinem Logo - ideal als personalisiertes Werbegeschenk.\" \/>\n\t\t<meta property=\"og:url\" content=\"https:\/\/hidalgo.nl\/de\/wp-json\/wp\/v2\/product\/128675\" \/>\n\t\t<meta property=\"og:image\" content=\"https:\/\/shop.hidalgo.nl\/wp-content\/uploads\/2025\/11\/cropped-Hidalgo-est1993.png\" \/>\n\t\t<meta property=\"og:image:secure_url\" content=\"https:\/\/shop.hidalgo.nl\/wp-content\/uploads\/2025\/11\/cropped-Hidalgo-est1993.png\" \/>\n\t\t<meta property=\"article:published_time\" content=\"2025-07-07T19:48:53+00:00\" \/>\n\t\t<meta property=\"article:modified_time\" content=\"2026-02-26T07:40:29+00:00\" \/>\n\t\t<meta name=\"twitter:card\" content=\"summary_large_image\" \/>\n\t\t<meta name=\"twitter:title\" content=\"JANZEN Direct Mail Giftset Skin 90 \u2013 3 items\" \/>\n\t\t<meta name=\"twitter:description\" content=\"Pflege-Set im Briefkastenformat: Duschgel, Hand &amp; Body Lotion, Shampoo je 50 ml, Duft Skin 90 mit Kirschbl\u00fcte, Lilie &amp; Tonkabohne. Perfekt f\u00fcr Direct Mailings an 20-40-J\u00e4hrige; Hidalgo bedruckt die Verpackung mit deinem Logo - ideal als personalisiertes Werbegeschenk.\" \/>\n\t\t<meta name=\"twitter:image\" content=\"https:\/\/shop.hidalgo.nl\/wp-content\/uploads\/2025\/11\/cropped-Hidalgo-est1993.png\" \/>\n\t\t<script type=\"application\/ld+json\" class=\"aioseo-schema\">\n\t\t\t{\"@context\":\"https:\\\/\\\/schema.org\",\"@graph\":[{\"@type\":\"BreadcrumbList\",\"@id\":\"https:\\\/\\\/hidalgo.nl\\\/de\\\/product\\\/janzen-direct-mail-giftset-skin-90-3-items\\\/#breadcrumblist\",\"itemListElement\":[{\"@type\":\"ListItem\",\"@id\":\"https:\\\/\\\/hidalgo.nl\\\/de\\\/#listItem\",\"position\":1,\"name\":\"Home\",\"item\":\"https:\\\/\\\/hidalgo.nl\\\/de\\\/\",\"nextItem\":{\"@type\":\"ListItem\",\"@id\":\"https:\\\/\\\/hidalgo.nl\\\/example\\\/#listItem\",\"name\":\"example\"}},{\"@type\":\"ListItem\",\"@id\":\"https:\\\/\\\/hidalgo.nl\\\/example\\\/#listItem\",\"position\":2,\"name\":\"example\",\"item\":\"https:\\\/\\\/hidalgo.nl\\\/example\\\/\",\"nextItem\":{\"@type\":\"ListItem\",\"@id\":\"https:\\\/\\\/hidalgo.nl\\\/en\\\/product-supplier\\\/a508\\\/#listItem\",\"name\":\"A508\"},\"previousItem\":{\"@type\":\"ListItem\",\"@id\":\"https:\\\/\\\/hidalgo.nl\\\/de\\\/#listItem\",\"name\":\"Home\"}},{\"@type\":\"ListItem\",\"@id\":\"https:\\\/\\\/hidalgo.nl\\\/en\\\/product-supplier\\\/a508\\\/#listItem\",\"position\":3,\"name\":\"A508\",\"item\":\"https:\\\/\\\/hidalgo.nl\\\/en\\\/product-supplier\\\/a508\\\/\",\"nextItem\":{\"@type\":\"ListItem\",\"@id\":\"https:\\\/\\\/hidalgo.nl\\\/de\\\/product\\\/janzen-direct-mail-giftset-skin-90-3-items\\\/#listItem\",\"name\":\"JANZEN Direct Mail Giftset Skin 90 &#8211; 3 items\"},\"previousItem\":{\"@type\":\"ListItem\",\"@id\":\"https:\\\/\\\/hidalgo.nl\\\/example\\\/#listItem\",\"name\":\"example\"}},{\"@type\":\"ListItem\",\"@id\":\"https:\\\/\\\/hidalgo.nl\\\/de\\\/product\\\/janzen-direct-mail-giftset-skin-90-3-items\\\/#listItem\",\"position\":4,\"name\":\"JANZEN Direct Mail Giftset Skin 90 &#8211; 3 items\",\"previousItem\":{\"@type\":\"ListItem\",\"@id\":\"https:\\\/\\\/hidalgo.nl\\\/en\\\/product-supplier\\\/a508\\\/#listItem\",\"name\":\"A508\"}}]},{\"@type\":\"Organization\",\"@id\":\"https:\\\/\\\/hidalgo.nl\\\/de\\\/#organization\",\"name\":\"Hidalgo\",\"url\":\"https:\\\/\\\/hidalgo.nl\\\/de\\\/\",\"logo\":{\"@type\":\"ImageObject\",\"url\":\"https:\\\/\\\/shop.hidalgo.nl\\\/wp-content\\\/uploads\\\/2025\\\/11\\\/cropped-Hidalgo-est1993.png\",\"@id\":\"https:\\\/\\\/hidalgo.nl\\\/de\\\/product\\\/janzen-direct-mail-giftset-skin-90-3-items\\\/#organizationLogo\",\"width\":585,\"height\":195},\"image\":{\"@id\":\"https:\\\/\\\/hidalgo.nl\\\/de\\\/product\\\/janzen-direct-mail-giftset-skin-90-3-items\\\/#organizationLogo\"}},{\"@type\":\"ProductGroup\",\"@id\":\"https:\\\/\\\/hidalgo.nl\\\/de\\\/product\\\/janzen-direct-mail-giftset-skin-90-3-items\\\/#wooCommerceProduct\",\"name\":\"JANZEN Direct Mail Giftset Skin 90 &#8211; 3 items\",\"url\":\"https:\\\/\\\/hidalgo.nl\\\/de\\\/product\\\/janzen-direct-mail-giftset-skin-90-3-items\\\/\",\"brand\":{\"@type\":\"Brand\",\"name\":\"Janzen\"},\"sku\":\"A508-2766\",\"image\":{\"@type\":\"ImageObject\",\"url\":\"https:\\\/\\\/shop.hidalgo.nl\\\/wp-content\\\/uploads\\\/2025\\\/04\\\/dc9b5170d81aa8c020291c64dfdd2f1bfc8f86f811e31fab32982d4a82b1eb8d.jpg\",\"@id\":\"https:\\\/\\\/hidalgo.nl\\\/de\\\/product\\\/janzen-direct-mail-giftset-skin-90-3-items\\\/#productImage\"},\"productGroupID\":128675,\"hasVariant\":[{\"@type\":\"Product\",\"@id\":\"https:\\\/\\\/hidalgo.nl\\\/de\\\/product\\\/janzen-direct-mail-giftset-skin-90-3-items\\\/#wooCommerceProduct\",\"name\":\"JANZEN Direct Mail Giftset Skin 90 - 3 items - zwart\",\"url\":\"https:\\\/\\\/hidalgo.nl\\\/de\\\/product\\\/janzen-direct-mail-giftset-skin-90-3-items\\\/\",\"sku\":\"A508-276698\",\"image\":{\"@type\":\"ImageObject\",\"url\":\"https:\\\/\\\/shop.hidalgo.nl\\\/wp-content\\\/uploads\\\/2025\\\/05\\\/dc9b5170d81aa8c020291c64dfdd2f1bfc8f86f811e31fab32982d4a82b1eb8d.jpg\",\"@id\":\"https:\\\/\\\/hidalgo.nl\\\/de\\\/product\\\/janzen-direct-mail-giftset-skin-90-3-items\\\/#productImage\",\"width\":1000,\"height\":1000},\"offers\":{\"@type\":\"Offer\",\"url\":\"https:\\\/\\\/hidalgo.nl\\\/de\\\/product\\\/janzen-direct-mail-giftset-skin-90-3-items\\\/#wooCommerceOffer\",\"price\":\"17.925\",\"priceCurrency\":\"EUR\",\"category\":\"Geschenk pakketten\",\"availability\":\"https:\\\/\\\/schema.org\\\/InStock\",\"priceSpecification\":{\"@type\":\"PriceSpecification\",\"price\":17.925,\"priceCurrency\":\"EUR\",\"valueAddedTaxIncluded\":\"true\"}}}]},{\"@type\":\"WebPage\",\"@id\":\"https:\\\/\\\/hidalgo.nl\\\/de\\\/product\\\/janzen-direct-mail-giftset-skin-90-3-items\\\/#webpage\",\"url\":\"https:\\\/\\\/hidalgo.nl\\\/de\\\/product\\\/janzen-direct-mail-giftset-skin-90-3-items\\\/\",\"name\":\"JANZEN Direct Mail Giftset Skin 90 \\u2013 3 items\",\"description\":\"Pflege-Set im Briefkastenformat: Duschgel, Hand & Body Lotion, Shampoo je 50 ml, Duft Skin 90 mit Kirschbl\\u00fcte, Lilie & Tonkabohne. Perfekt f\\u00fcr Direct Mailings an 20-40-J\\u00e4hrige; Hidalgo bedruckt die Verpackung mit deinem Logo - ideal als personalisiertes Werbegeschenk.\",\"inLanguage\":\"de-DE\",\"isPartOf\":{\"@id\":\"https:\\\/\\\/hidalgo.nl\\\/de\\\/#website\"},\"breadcrumb\":{\"@id\":\"https:\\\/\\\/hidalgo.nl\\\/de\\\/product\\\/janzen-direct-mail-giftset-skin-90-3-items\\\/#breadcrumblist\"},\"image\":{\"@type\":\"ImageObject\",\"url\":\"https:\\\/\\\/shop.hidalgo.nl\\\/wp-content\\\/uploads\\\/2025\\\/04\\\/dc9b5170d81aa8c020291c64dfdd2f1bfc8f86f811e31fab32982d4a82b1eb8d.jpg\",\"@id\":\"https:\\\/\\\/hidalgo.nl\\\/de\\\/product\\\/janzen-direct-mail-giftset-skin-90-3-items\\\/#mainImage\"},\"primaryImageOfPage\":{\"@id\":\"https:\\\/\\\/hidalgo.nl\\\/de\\\/product\\\/janzen-direct-mail-giftset-skin-90-3-items\\\/#mainImage\"},\"datePublished\":\"2025-07-07T19:48:53+00:00\",\"dateModified\":\"2026-02-26T07:40:29+00:00\"},{\"@type\":\"WebSite\",\"@id\":\"https:\\\/\\\/hidalgo.nl\\\/de\\\/#website\",\"url\":\"https:\\\/\\\/hidalgo.nl\\\/de\\\/\",\"name\":\"Hidalgo\",\"inLanguage\":\"de-DE\",\"publisher\":{\"@id\":\"https:\\\/\\\/hidalgo.nl\\\/de\\\/#organization\"}}]}\n\t\t<\/script>\n\t\t<!-- All in One SEO Pro -->\r\n\t\t<title>JANZEN Direct Mail Giftset Skin 90 \u2013 3 items<\/title>\n\n","aioseo_head_json":{"title":"JANZEN Direct Mail Giftset Skin 90 \u2013 3 items","description":"Pflege-Set im Briefkastenformat: Duschgel, Hand & Body Lotion, Shampoo je 50 ml, Duft Skin 90 mit Kirschbl\u00fcte, Lilie & Tonkabohne. Perfekt f\u00fcr Direct Mailings an 20-40-J\u00e4hrige; Hidalgo bedruckt die Verpackung mit deinem Logo - ideal als personalisiertes Werbegeschenk.","canonical_url":"https:\/\/hidalgo.nl\/de\/wp-json\/wp\/v2\/product\/128675","robots":"max-image-preview:large","keywords":"","webmasterTools":{"miscellaneous":""},"schema":{"@context":"https:\/\/schema.org","@graph":[{"@type":"BreadcrumbList","@id":"https:\/\/hidalgo.nl\/de\/product\/janzen-direct-mail-giftset-skin-90-3-items\/#breadcrumblist","itemListElement":[{"@type":"ListItem","@id":"https:\/\/hidalgo.nl\/de\/#listItem","position":1,"name":"Home","item":"https:\/\/hidalgo.nl\/de\/","nextItem":{"@type":"ListItem","@id":"https:\/\/hidalgo.nl\/example\/#listItem","name":"example"}},{"@type":"ListItem","@id":"https:\/\/hidalgo.nl\/example\/#listItem","position":2,"name":"example","item":"https:\/\/hidalgo.nl\/example\/","nextItem":{"@type":"ListItem","@id":"https:\/\/hidalgo.nl\/en\/product-supplier\/a508\/#listItem","name":"A508"},"previousItem":{"@type":"ListItem","@id":"https:\/\/hidalgo.nl\/de\/#listItem","name":"Home"}},{"@type":"ListItem","@id":"https:\/\/hidalgo.nl\/en\/product-supplier\/a508\/#listItem","position":3,"name":"A508","item":"https:\/\/hidalgo.nl\/en\/product-supplier\/a508\/","nextItem":{"@type":"ListItem","@id":"https:\/\/hidalgo.nl\/de\/product\/janzen-direct-mail-giftset-skin-90-3-items\/#listItem","name":"JANZEN Direct Mail Giftset Skin 90 &#8211; 3 items"},"previousItem":{"@type":"ListItem","@id":"https:\/\/hidalgo.nl\/example\/#listItem","name":"example"}},{"@type":"ListItem","@id":"https:\/\/hidalgo.nl\/de\/product\/janzen-direct-mail-giftset-skin-90-3-items\/#listItem","position":4,"name":"JANZEN Direct Mail Giftset Skin 90 &#8211; 3 items","previousItem":{"@type":"ListItem","@id":"https:\/\/hidalgo.nl\/en\/product-supplier\/a508\/#listItem","name":"A508"}}]},{"@type":"Organization","@id":"https:\/\/hidalgo.nl\/de\/#organization","name":"Hidalgo","url":"https:\/\/hidalgo.nl\/de\/","logo":{"@type":"ImageObject","url":"https:\/\/shop.hidalgo.nl\/wp-content\/uploads\/2025\/11\/cropped-Hidalgo-est1993.png","@id":"https:\/\/hidalgo.nl\/de\/product\/janzen-direct-mail-giftset-skin-90-3-items\/#organizationLogo","width":585,"height":195},"image":{"@id":"https:\/\/hidalgo.nl\/de\/product\/janzen-direct-mail-giftset-skin-90-3-items\/#organizationLogo"}},{"@type":"ProductGroup","@id":"https:\/\/hidalgo.nl\/de\/product\/janzen-direct-mail-giftset-skin-90-3-items\/#wooCommerceProduct","name":"JANZEN Direct Mail Giftset Skin 90 &#8211; 3 items","url":"https:\/\/hidalgo.nl\/de\/product\/janzen-direct-mail-giftset-skin-90-3-items\/","brand":{"@type":"Brand","name":"Janzen"},"sku":"A508-2766","image":{"@type":"ImageObject","url":"https:\/\/shop.hidalgo.nl\/wp-content\/uploads\/2025\/04\/dc9b5170d81aa8c020291c64dfdd2f1bfc8f86f811e31fab32982d4a82b1eb8d.jpg","@id":"https:\/\/hidalgo.nl\/de\/product\/janzen-direct-mail-giftset-skin-90-3-items\/#productImage"},"productGroupID":128675,"hasVariant":[{"@type":"Product","@id":"https:\/\/hidalgo.nl\/de\/product\/janzen-direct-mail-giftset-skin-90-3-items\/#wooCommerceProduct","name":"JANZEN Direct Mail Giftset Skin 90 - 3 items - zwart","url":"https:\/\/hidalgo.nl\/de\/product\/janzen-direct-mail-giftset-skin-90-3-items\/","sku":"A508-276698","image":{"@type":"ImageObject","url":"https:\/\/shop.hidalgo.nl\/wp-content\/uploads\/2025\/05\/dc9b5170d81aa8c020291c64dfdd2f1bfc8f86f811e31fab32982d4a82b1eb8d.jpg","@id":"https:\/\/hidalgo.nl\/de\/product\/janzen-direct-mail-giftset-skin-90-3-items\/#productImage","width":1000,"height":1000},"offers":{"@type":"Offer","url":"https:\/\/hidalgo.nl\/de\/product\/janzen-direct-mail-giftset-skin-90-3-items\/#wooCommerceOffer","price":"17.925","priceCurrency":"EUR","category":"Geschenk pakketten","availability":"https:\/\/schema.org\/InStock","priceSpecification":{"@type":"PriceSpecification","price":17.925,"priceCurrency":"EUR","valueAddedTaxIncluded":"true"}}}]},{"@type":"WebPage","@id":"https:\/\/hidalgo.nl\/de\/product\/janzen-direct-mail-giftset-skin-90-3-items\/#webpage","url":"https:\/\/hidalgo.nl\/de\/product\/janzen-direct-mail-giftset-skin-90-3-items\/","name":"JANZEN Direct Mail Giftset Skin 90 \u2013 3 items","description":"Pflege-Set im Briefkastenformat: Duschgel, Hand & Body Lotion, Shampoo je 50 ml, Duft Skin 90 mit Kirschbl\u00fcte, Lilie & Tonkabohne. Perfekt f\u00fcr Direct Mailings an 20-40-J\u00e4hrige; Hidalgo bedruckt die Verpackung mit deinem Logo - ideal als personalisiertes Werbegeschenk.","inLanguage":"de-DE","isPartOf":{"@id":"https:\/\/hidalgo.nl\/de\/#website"},"breadcrumb":{"@id":"https:\/\/hidalgo.nl\/de\/product\/janzen-direct-mail-giftset-skin-90-3-items\/#breadcrumblist"},"image":{"@type":"ImageObject","url":"https:\/\/shop.hidalgo.nl\/wp-content\/uploads\/2025\/04\/dc9b5170d81aa8c020291c64dfdd2f1bfc8f86f811e31fab32982d4a82b1eb8d.jpg","@id":"https:\/\/hidalgo.nl\/de\/product\/janzen-direct-mail-giftset-skin-90-3-items\/#mainImage"},"primaryImageOfPage":{"@id":"https:\/\/hidalgo.nl\/de\/product\/janzen-direct-mail-giftset-skin-90-3-items\/#mainImage"},"datePublished":"2025-07-07T19:48:53+00:00","dateModified":"2026-02-26T07:40:29+00:00"},{"@type":"WebSite","@id":"https:\/\/hidalgo.nl\/de\/#website","url":"https:\/\/hidalgo.nl\/de\/","name":"Hidalgo","inLanguage":"de-DE","publisher":{"@id":"https:\/\/hidalgo.nl\/de\/#organization"}}]},"og:locale":"de_DE","og:site_name":"Hidalgo -","og:type":"article","og:title":"JANZEN Direct Mail Giftset Skin 90 \u2013 3 items","og:description":"Pflege-Set im Briefkastenformat: Duschgel, Hand &amp; Body Lotion, Shampoo je 50 ml, Duft Skin 90 mit Kirschbl\u00fcte, Lilie &amp; Tonkabohne. Perfekt f\u00fcr Direct Mailings an 20-40-J\u00e4hrige; Hidalgo bedruckt die Verpackung mit deinem Logo - ideal als personalisiertes Werbegeschenk.","og:url":"https:\/\/hidalgo.nl\/de\/wp-json\/wp\/v2\/product\/128675","og:image":"https:\/\/shop.hidalgo.nl\/wp-content\/uploads\/2025\/11\/cropped-Hidalgo-est1993.png","og:image:secure_url":"https:\/\/shop.hidalgo.nl\/wp-content\/uploads\/2025\/11\/cropped-Hidalgo-est1993.png","article:published_time":"2025-07-07T19:48:53+00:00","article:modified_time":"2026-02-26T07:40:29+00:00","twitter:card":"summary_large_image","twitter:title":"JANZEN Direct Mail Giftset Skin 90 \u2013 3 items","twitter:description":"Pflege-Set im Briefkastenformat: Duschgel, Hand &amp; Body Lotion, Shampoo je 50 ml, Duft Skin 90 mit Kirschbl\u00fcte, Lilie &amp; Tonkabohne. Perfekt f\u00fcr Direct Mailings an 20-40-J\u00e4hrige; Hidalgo bedruckt die Verpackung mit deinem Logo - ideal als personalisiertes Werbegeschenk.","twitter:image":"https:\/\/shop.hidalgo.nl\/wp-content\/uploads\/2025\/11\/cropped-Hidalgo-est1993.png"},"aioseo_meta_data":{"post_id":"128675","title":null,"description":null,"keywords":null,"keyphrases":null,"primary_term":null,"canonical_url":null,"og_title":null,"og_description":null,"og_object_type":"default","og_image_type":"default","og_image_url":null,"og_image_width":null,"og_image_height":null,"og_image_custom_url":null,"og_image_custom_fields":null,"og_video":null,"og_custom_url":null,"og_article_section":null,"og_article_tags":null,"twitter_use_og":false,"twitter_card":"default","twitter_image_type":"default","twitter_image_url":null,"twitter_image_custom_url":null,"twitter_image_custom_fields":null,"twitter_title":null,"twitter_description":null,"schema":{"blockGraphs":[],"customGraphs":[],"default":{"data":{"Article":[],"Course":[],"Dataset":[],"FAQPage":[],"Movie":[],"Person":[],"Product":[],"ProductReview":[],"Car":[],"Recipe":[],"Service":[],"SoftwareApplication":[],"WebPage":[]},"graphName":"","isEnabled":true},"graphs":[]},"schema_type":"default","schema_type_options":null,"pillar_content":false,"robots_default":true,"robots_noindex":false,"robots_noarchive":false,"robots_nosnippet":false,"robots_nofollow":false,"robots_noimageindex":false,"robots_noodp":false,"robots_notranslate":false,"robots_max_snippet":null,"robots_max_videopreview":null,"robots_max_imagepreview":"large","priority":null,"frequency":null,"local_seo":null,"seo_analyzer_scan_date":"2026-01-22 10:10:03","breadcrumb_settings":null,"limit_modified_date":false,"reviewed_by":null,"open_ai":null,"ai":null,"created":"2026-01-14 06:25:38","updated":"2026-04-22 23:30:59"},"aioseo_breadcrumb":"<div class=\"aioseo-breadcrumbs\"><span class=\"aioseo-breadcrumb\">\n\t<a href=\"https:\/\/hidalgo.nl\/de\/\" title=\"Home\">Home<\/a>\n<\/span><span class=\"aioseo-breadcrumb-separator\">\u00bb<\/span><span class=\"aioseo-breadcrumb\">\n\t<a href=\"https:\/\/hidalgo.nl\/example\/\" title=\"example\">example<\/a>\n<\/span><span class=\"aioseo-breadcrumb-separator\">\u00bb<\/span><span class=\"aioseo-breadcrumb\">\n\t<a href=\"https:\/\/hidalgo.nl\/en\/product-supplier\/a508\/\" title=\"A508\">A508<\/a>\n<\/span><span class=\"aioseo-breadcrumb-separator\">\u00bb<\/span><span class=\"aioseo-breadcrumb\">\n\tJANZEN Direct Mail Giftset Skin 90 \u2013 3 items\n<\/span><\/div>","aioseo_breadcrumb_json":[{"label":"Home","link":"https:\/\/hidalgo.nl\/de\/"},{"label":"example","link":"https:\/\/hidalgo.nl\/example\/"},{"label":"A508","link":"https:\/\/hidalgo.nl\/en\/product-supplier\/a508\/"},{"label":"JANZEN Direct Mail Giftset Skin 90 &#8211; 3 items","link":"https:\/\/hidalgo.nl\/de\/product\/janzen-direct-mail-giftset-skin-90-3-items\/"}],"_links":{"self":[{"href":"https:\/\/hidalgo.nl\/de\/wp-json\/wp\/v2\/product\/128675","targetHints":{"allow":["GET"]}}],"collection":[{"href":"https:\/\/hidalgo.nl\/de\/wp-json\/wp\/v2\/product"}],"about":[{"href":"https:\/\/hidalgo.nl\/de\/wp-json\/wp\/v2\/types\/product"}],"wp:featuredmedia":[{"embeddable":true,"href":"https:\/\/hidalgo.nl\/de\/wp-json\/wp\/v2\/media\/577610"}],"wp:attachment":[{"href":"https:\/\/hidalgo.nl\/de\/wp-json\/wp\/v2\/media?parent=128675"}],"wp:term":[{"taxonomy":"product_brand","embeddable":true,"href":"https:\/\/hidalgo.nl\/de\/wp-json\/wp\/v2\/product_brand?post=128675"},{"taxonomy":"product_cat","embeddable":true,"href":"https:\/\/hidalgo.nl\/de\/wp-json\/wp\/v2\/product_cat?post=128675"},{"taxonomy":"product_tag","embeddable":true,"href":"https:\/\/hidalgo.nl\/de\/wp-json\/wp\/v2\/product_tag?post=128675"}],"curies":[{"name":"wp","href":"https:\/\/api.w.org\/{rel}","templated":true}]}}